{"id":5917,"date":"2022-02-22T08:19:52","date_gmt":"2022-02-22T08:19:52","guid":{"rendered":"https:\/\/medicinasinc.com\/es\/?post_type=product&#038;p=5917"},"modified":"2022-03-22T00:08:43","modified_gmt":"2022-03-22T00:08:43","slug":"comprar-nm-2201","status":"publish","type":"product","link":"https:\/\/medicinasinc.com\/es\/product\/comprar-nm-2201\/","title":{"rendered":"Comprar NM-2201"},"content":{"rendered":"<p>Es un cannabinoide sint\u00e9tico a base de indol llamado CBL-2201. Probablemente tenga las mismas propiedades que 5F-PB-22 y NNE1, que son agonistas completos y se unen a los receptores CB1 y CB2 con baja afinidad nanomolar.<\/p>\n<p>Comprar NM-2201 en l\u00ednea es un buen lugar para comprar productos qu\u00edmicos de investigaci\u00f3n. Puede comprar NM-2201 en l\u00ednea de un proveedor confiable a un precio de descuento. Globalhomemed.com es el lugar para comprarlo. Es seguro enviar NM-2201 desde Europa a los Estados Unidos y otros lugares.<\/p>\n<p>Este es un cannabinoide sint\u00e9tico llamado NM-2201. Tiene muchas de las mismas propiedades que sus parientes cercanos, 5F-PB-22 y NNE1, que son agonistas completos y se unen a los receptores CB1 y CB2 con baja afinidad nanomolar.<\/p>\n<p>Solo para investigaci\u00f3n. No se puede usar para nada m\u00e1s, como diagn\u00f3sticos in vivo, alimentos, medicamentos, dispositivos m\u00e9dicos y cosm\u00e9ticos para humanos o animales, y no se puede usar en humanos ni animales.<\/p>\n<p>5F -PB-22 y NNE1 son cannabinoides sint\u00e9ticos a base de indol. Ambos son agonistas completos y se unen a los receptores CB1 y CB2 con baja afinidad nanomolar.<\/p>\n<p>1. \u00c1cido 1-(5-fluoro-pentil)-1H, 3-carbox\u00edlico N-naftaleno-1-il \u00e9ster N-naftaleno-1-il \u00e9ster N-naftaleno-1-il \u00e9ster N-naftaleno-1-1-il \u00e9ster NM-2201 tiene la f\u00f3rmula qu\u00edmica C24H22FNO2 y pesa 375,16 gramos. Todav\u00eda es muy temprano en el proceso de estudio de NM-2201. Todav\u00eda no hay suficientes datos para mostrar lo que puede hacer. Sin embargo, es lo mismo que AM-2201. Esto significa que las caracter\u00edsticas son las mismas.<\/p>\n<p>Este es un cannabinoide sint\u00e9tico llamado NM-2201. Tiene muchas de las mismas propiedades que sus parientes cercanos, 5F-PB-22 y NNE1, que son agonistas completos y se unen a los receptores CB1 y CB2 con baja afinidad nanomolar.<\/p>\n<p>Solo para investigaci\u00f3n. No se puede usar para nada m\u00e1s, como diagn\u00f3sticos in vivo, alimentos, medicamentos, dispositivos m\u00e9dicos y cosm\u00e9ticos para humanos o animales, y no se puede usar en humanos ni animales.<\/p>\n<p>5F -PB-22 y NNE1 son cannabinoides sint\u00e9ticos a base de indol. Ambos son agonistas completos y se unen a los receptores CB1 y CB2 con baja afinidad nanomolar.<\/p>\n<p>1. \u00c1cido 1-(5-fluoro-pentil)-1H, 3-carbox\u00edlico N-naftaleno-1-il \u00e9ster N-naftaleno-1-il \u00e9ster N-naftaleno-1-il \u00e9ster N-naftaleno-1-1-il \u00e9ster NM-2201 tiene la f\u00f3rmula qu\u00edmica C24H22FNO2 y pesa 375,16 gramos. Todav\u00eda es muy temprano en el proceso de estudio de NM-2201. Todav\u00eda no hay suficientes datos para mostrar lo que puede hacer. Sin embargo, es lo mismo que AM-2201. Esto significa que las caracter\u00edsticas son las mismas.<\/p>\n","protected":false},"excerpt":{"rendered":"<p><b>Comprar NM-2201 <\/b>a la venta en Europa, Reino Unido (tambi\u00e9n conocido como\u00a0<b>CBL-2201<\/b>) es un\u00a0<a class=\"mw-redirect\" title=\"basado\" href=\"https:\/\/en.wikipedia.org\/wiki\/Synthetic_cannabinoid\">cannabinoide sint\u00e9tico<\/a>\u00a0que presumiblemente tiene propiedades similares a los estrechamente relacionados\u00a05F-PB-22\u00a0y\u00a0NNE1, que son\u00a0ambos\u00a0agonistas completos y se unen de forma no selectiva a los receptores CB<sub>1<\/sub>\u00a0y\u00a0CB<sub>2<\/sub> con baja afinidad nanomolar, disponible al por mayor<\/p>\n","protected":false},"featured_media":5938,"comment_status":"open","ping_status":"closed","template":"","meta":[],"product_brand":[],"product_cat":[2596],"product_tag":[4090,4093,4095,4094,4091,4092],"class_list":{"0":"post-5917","1":"product","2":"type-product","3":"status-publish","4":"has-post-thumbnail","6":"product_cat-venta-de-cannabinoides","7":"product_tag-buy-nm2201-online","8":"product_tag-compra-nm2201-online","9":"product_tag-dnde-comprar-nm2201-online","10":"product_tag-el-mejor-lugar-para-comprar-nm2201-online","11":"product_tag-nm2201-for-sale","12":"product_tag-order-nm2201-online","14":"first","15":"instock","16":"featured","17":"shipping-taxable","18":"purchasable","19":"product-type-variable"},"yoast_head":"<!-- This site is optimized with the Yoast SEO plugin v27.3 - https:\/\/yoast.com\/product\/yoast-seo-wordpress\/ -->\n<title>Comprar NM-2201 - CBL-2201 - Best Best Global Meds<\/title>\n<meta name=\"description\" content=\"Compre NM-2201 a la venta Europa, Reino Unido (tambi\u00e9n conocido como\u00a0CBL-2201) es un\u00a0cannabinoide\u00a0sint\u00e9tico\u00a0a base de indol\u00a0que presumiblemente tiene propiedades similares a las\u00a0estrechamente relacionadas\u00a05F-PB-22\u00a0y\u00a0NNE1, que son\u00a0agonistas completos\u00a0y\u00a0se unen de forma no selectiva a Receptores CB1\u00a0y\u00a0CB2 con baja afinidad nanomolar, disponible al por mayor\" \/>\n<meta name=\"robots\" content=\"index, follow, max-snippet:-1, max-image-preview:large, max-video-preview:-1\" \/>\n<link rel=\"canonical\" href=\"https:\/\/medicinasinc.com\/es\/product\/comprar-nm-2201\/\" \/>\n<meta property=\"og:locale\" content=\"es_ES\" \/>\n<meta property=\"og:type\" content=\"article\" \/>\n<meta property=\"og:title\" content=\"Comprar NM-2201 - CBL-2201 - Best Best Global Meds\" \/>\n<meta property=\"og:description\" content=\"Compre NM-2201 a la venta Europa, Reino Unido (tambi\u00e9n conocido como\u00a0CBL-2201) es un\u00a0cannabinoide\u00a0sint\u00e9tico\u00a0a base de indol\u00a0que presumiblemente tiene propiedades similares a las\u00a0estrechamente relacionadas\u00a05F-PB-22\u00a0y\u00a0NNE1, que son\u00a0agonistas completos\u00a0y\u00a0se unen de forma no selectiva a Receptores CB1\u00a0y\u00a0CB2 con baja afinidad nanomolar, disponible al por mayor\" \/>\n<meta property=\"og:url\" content=\"https:\/\/medicinasinc.com\/es\/product\/comprar-nm-2201\/\" \/>\n<meta property=\"og:site_name\" content=\"Medicinas Inc\" \/>\n<meta property=\"article:modified_time\" content=\"2022-03-22T00:08:43+00:00\" \/>\n<meta property=\"og:image\" content=\"https:\/\/medicinasinc.com\/es\/wp-content\/uploads\/sites\/15\/2022\/02\/Buy-NM-2201.jpg\" \/>\n\t<meta property=\"og:image:width\" content=\"458\" \/>\n\t<meta property=\"og:image:height\" content=\"458\" \/>\n\t<meta property=\"og:image:type\" content=\"image\/jpeg\" \/>\n<meta name=\"twitter:card\" content=\"summary_large_image\" \/>\n<meta name=\"twitter:label1\" content=\"Tiempo de lectura\" \/>\n\t<meta name=\"twitter:data1\" content=\"2 minutos\" \/>\n<script type=\"application\/ld+json\" class=\"yoast-schema-graph\">{\"@context\":\"https:\\\/\\\/schema.org\",\"@graph\":[{\"@type\":\"WebPage\",\"@id\":\"https:\\\/\\\/medicinasinc.com\\\/es\\\/product\\\/comprar-nm-2201\\\/\",\"url\":\"https:\\\/\\\/medicinasinc.com\\\/es\\\/product\\\/comprar-nm-2201\\\/\",\"name\":\"Comprar NM-2201 - CBL-2201 - Best Best Global Meds\",\"isPartOf\":{\"@id\":\"https:\\\/\\\/medicinasinc.com\\\/es\\\/#website\"},\"primaryImageOfPage\":{\"@id\":\"https:\\\/\\\/medicinasinc.com\\\/es\\\/product\\\/comprar-nm-2201\\\/#primaryimage\"},\"image\":{\"@id\":\"https:\\\/\\\/medicinasinc.com\\\/es\\\/product\\\/comprar-nm-2201\\\/#primaryimage\"},\"thumbnailUrl\":\"https:\\\/\\\/medicinasinc.com\\\/es\\\/wp-content\\\/uploads\\\/sites\\\/15\\\/2022\\\/02\\\/Buy-NM-2201.jpg\",\"datePublished\":\"2022-02-22T08:19:52+00:00\",\"dateModified\":\"2022-03-22T00:08:43+00:00\",\"description\":\"Compre NM-2201 a la venta Europa, Reino Unido (tambi\u00e9n conocido como\u00a0CBL-2201) es un\u00a0cannabinoide\u00a0sint\u00e9tico\u00a0a base de indol\u00a0que presumiblemente tiene propiedades similares a las\u00a0estrechamente relacionadas\u00a05F-PB-22\u00a0y\u00a0NNE1, que son\u00a0agonistas completos\u00a0y\u00a0se unen de forma no selectiva a Receptores CB1\u00a0y\u00a0CB2 con baja afinidad nanomolar, disponible al por mayor\",\"breadcrumb\":{\"@id\":\"https:\\\/\\\/medicinasinc.com\\\/es\\\/product\\\/comprar-nm-2201\\\/#breadcrumb\"},\"inLanguage\":\"es\",\"potentialAction\":[{\"@type\":\"ReadAction\",\"target\":[\"https:\\\/\\\/medicinasinc.com\\\/es\\\/product\\\/comprar-nm-2201\\\/\"]}]},{\"@type\":\"ImageObject\",\"inLanguage\":\"es\",\"@id\":\"https:\\\/\\\/medicinasinc.com\\\/es\\\/product\\\/comprar-nm-2201\\\/#primaryimage\",\"url\":\"https:\\\/\\\/medicinasinc.com\\\/es\\\/wp-content\\\/uploads\\\/sites\\\/15\\\/2022\\\/02\\\/Buy-NM-2201.jpg\",\"contentUrl\":\"https:\\\/\\\/medicinasinc.com\\\/es\\\/wp-content\\\/uploads\\\/sites\\\/15\\\/2022\\\/02\\\/Buy-NM-2201.jpg\",\"width\":458,\"height\":458},{\"@type\":\"BreadcrumbList\",\"@id\":\"https:\\\/\\\/medicinasinc.com\\\/es\\\/product\\\/comprar-nm-2201\\\/#breadcrumb\",\"itemListElement\":[{\"@type\":\"ListItem\",\"position\":1,\"name\":\"Tienda\",\"item\":\"https:\\\/\\\/medicinasinc.com\\\/es\\\/tienda\\\/\"},{\"@type\":\"ListItem\",\"position\":2,\"name\":\"Comprar NM-2201\"}]},{\"@type\":\"WebSite\",\"@id\":\"https:\\\/\\\/medicinasinc.com\\\/es\\\/#website\",\"url\":\"https:\\\/\\\/medicinasinc.com\\\/es\\\/\",\"name\":\"Medicinas Inc\",\"description\":\"Cl\u00ednica M\u00e9dica de Salud\",\"potentialAction\":[{\"@type\":\"SearchAction\",\"target\":{\"@type\":\"EntryPoint\",\"urlTemplate\":\"https:\\\/\\\/medicinasinc.com\\\/es\\\/?s={search_term_string}\"},\"query-input\":{\"@type\":\"PropertyValueSpecification\",\"valueRequired\":true,\"valueName\":\"search_term_string\"}}],\"inLanguage\":\"es\"}]}<\/script>\n<!-- \/ Yoast SEO plugin. -->","yoast_head_json":{"title":"Comprar NM-2201 - CBL-2201 - Best Best Global Meds","description":"Compre NM-2201 a la venta Europa, Reino Unido (tambi\u00e9n conocido como\u00a0CBL-2201) es un\u00a0cannabinoide\u00a0sint\u00e9tico\u00a0a base de indol\u00a0que presumiblemente tiene propiedades similares a las\u00a0estrechamente relacionadas\u00a05F-PB-22\u00a0y\u00a0NNE1, que son\u00a0agonistas completos\u00a0y\u00a0se unen de forma no selectiva a Receptores CB1\u00a0y\u00a0CB2 con baja afinidad nanomolar, disponible al por mayor","robots":{"index":"index","follow":"follow","max-snippet":"max-snippet:-1","max-image-preview":"max-image-preview:large","max-video-preview":"max-video-preview:-1"},"canonical":"https:\/\/medicinasinc.com\/es\/product\/comprar-nm-2201\/","og_locale":"es_ES","og_type":"article","og_title":"Comprar NM-2201 - CBL-2201 - Best Best Global Meds","og_description":"Compre NM-2201 a la venta Europa, Reino Unido (tambi\u00e9n conocido como\u00a0CBL-2201) es un\u00a0cannabinoide\u00a0sint\u00e9tico\u00a0a base de indol\u00a0que presumiblemente tiene propiedades similares a las\u00a0estrechamente relacionadas\u00a05F-PB-22\u00a0y\u00a0NNE1, que son\u00a0agonistas completos\u00a0y\u00a0se unen de forma no selectiva a Receptores CB1\u00a0y\u00a0CB2 con baja afinidad nanomolar, disponible al por mayor","og_url":"https:\/\/medicinasinc.com\/es\/product\/comprar-nm-2201\/","og_site_name":"Medicinas Inc","article_modified_time":"2022-03-22T00:08:43+00:00","og_image":[{"width":458,"height":458,"url":"https:\/\/medicinasinc.com\/es\/wp-content\/uploads\/sites\/15\/2022\/02\/Buy-NM-2201.jpg","type":"image\/jpeg"}],"twitter_card":"summary_large_image","twitter_misc":{"Tiempo de lectura":"2 minutos"},"schema":{"@context":"https:\/\/schema.org","@graph":[{"@type":"WebPage","@id":"https:\/\/medicinasinc.com\/es\/product\/comprar-nm-2201\/","url":"https:\/\/medicinasinc.com\/es\/product\/comprar-nm-2201\/","name":"Comprar NM-2201 - CBL-2201 - Best Best Global Meds","isPartOf":{"@id":"https:\/\/medicinasinc.com\/es\/#website"},"primaryImageOfPage":{"@id":"https:\/\/medicinasinc.com\/es\/product\/comprar-nm-2201\/#primaryimage"},"image":{"@id":"https:\/\/medicinasinc.com\/es\/product\/comprar-nm-2201\/#primaryimage"},"thumbnailUrl":"https:\/\/medicinasinc.com\/es\/wp-content\/uploads\/sites\/15\/2022\/02\/Buy-NM-2201.jpg","datePublished":"2022-02-22T08:19:52+00:00","dateModified":"2022-03-22T00:08:43+00:00","description":"Compre NM-2201 a la venta Europa, Reino Unido (tambi\u00e9n conocido como\u00a0CBL-2201) es un\u00a0cannabinoide\u00a0sint\u00e9tico\u00a0a base de indol\u00a0que presumiblemente tiene propiedades similares a las\u00a0estrechamente relacionadas\u00a05F-PB-22\u00a0y\u00a0NNE1, que son\u00a0agonistas completos\u00a0y\u00a0se unen de forma no selectiva a Receptores CB1\u00a0y\u00a0CB2 con baja afinidad nanomolar, disponible al por mayor","breadcrumb":{"@id":"https:\/\/medicinasinc.com\/es\/product\/comprar-nm-2201\/#breadcrumb"},"inLanguage":"es","potentialAction":[{"@type":"ReadAction","target":["https:\/\/medicinasinc.com\/es\/product\/comprar-nm-2201\/"]}]},{"@type":"ImageObject","inLanguage":"es","@id":"https:\/\/medicinasinc.com\/es\/product\/comprar-nm-2201\/#primaryimage","url":"https:\/\/medicinasinc.com\/es\/wp-content\/uploads\/sites\/15\/2022\/02\/Buy-NM-2201.jpg","contentUrl":"https:\/\/medicinasinc.com\/es\/wp-content\/uploads\/sites\/15\/2022\/02\/Buy-NM-2201.jpg","width":458,"height":458},{"@type":"BreadcrumbList","@id":"https:\/\/medicinasinc.com\/es\/product\/comprar-nm-2201\/#breadcrumb","itemListElement":[{"@type":"ListItem","position":1,"name":"Tienda","item":"https:\/\/medicinasinc.com\/es\/tienda\/"},{"@type":"ListItem","position":2,"name":"Comprar NM-2201"}]},{"@type":"WebSite","@id":"https:\/\/medicinasinc.com\/es\/#website","url":"https:\/\/medicinasinc.com\/es\/","name":"Medicinas Inc","description":"Cl\u00ednica M\u00e9dica de Salud","potentialAction":[{"@type":"SearchAction","target":{"@type":"EntryPoint","urlTemplate":"https:\/\/medicinasinc.com\/es\/?s={search_term_string}"},"query-input":{"@type":"PropertyValueSpecification","valueRequired":true,"valueName":"search_term_string"}}],"inLanguage":"es"}]}},"_links":{"self":[{"href":"https:\/\/medicinasinc.com\/es\/wp-json\/wp\/v2\/product\/5917","targetHints":{"allow":["GET"]}}],"collection":[{"href":"https:\/\/medicinasinc.com\/es\/wp-json\/wp\/v2\/product"}],"about":[{"href":"https:\/\/medicinasinc.com\/es\/wp-json\/wp\/v2\/types\/product"}],"replies":[{"embeddable":true,"href":"https:\/\/medicinasinc.com\/es\/wp-json\/wp\/v2\/comments?post=5917"}],"wp:featuredmedia":[{"embeddable":true,"href":"https:\/\/medicinasinc.com\/es\/wp-json\/wp\/v2\/media\/5938"}],"wp:attachment":[{"href":"https:\/\/medicinasinc.com\/es\/wp-json\/wp\/v2\/media?parent=5917"}],"wp:term":[{"taxonomy":"product_brand","embeddable":true,"href":"https:\/\/medicinasinc.com\/es\/wp-json\/wp\/v2\/product_brand?post=5917"},{"taxonomy":"product_cat","embeddable":true,"href":"https:\/\/medicinasinc.com\/es\/wp-json\/wp\/v2\/product_cat?post=5917"},{"taxonomy":"product_tag","embeddable":true,"href":"https:\/\/medicinasinc.com\/es\/wp-json\/wp\/v2\/product_tag?post=5917"}],"curies":[{"name":"wp","href":"https:\/\/api.w.org\/{rel}","templated":true}]}}