{"id":5912,"date":"2022-02-22T08:15:30","date_gmt":"2022-02-22T08:15:30","guid":{"rendered":"https:\/\/medicinasinc.com\/es\/?post_type=product&#038;p=5912"},"modified":"2022-03-22T00:08:52","modified_gmt":"2022-03-22T00:08:52","slug":"comprar-mdmb-chmica","status":"publish","type":"product","link":"https:\/\/medicinasinc.com\/es\/product\/comprar-mdmb-chmica\/","title":{"rendered":"Comprar MDMB-CHMICA"},"content":{"rendered":"<p>MDMB-CHMICA (o MMB-CHMINACA) es un cannabis sint\u00e9tico a base de indol que se ha ofrecido en l\u00ednea como droga de dise\u00f1o. Si bien MDMB-CHMICA se comercializ\u00f3 inicialmente como \u00abMMB-CHMINACA\u00bb, el an\u00e1logo isoprop\u00edlico de MDMB-CHMINACA (AMB-CHMINACA) se descubri\u00f3 en el mercado de drogas de dise\u00f1o en 2015.<\/p>\n<p>MMB-CHMINACA<\/p>\n<p>MDMB-CHMINACA<\/p>\n<p>MMB-CHMINACA (MDMB-CHMINACA) es un cannabis sint\u00e9tico a base de indol que se ha ofrecido en l\u00ednea como droga de dise\u00f1o.<\/p>\n<p>MMB-CHMINACA<\/p>\n<p>MDMB-CHMINACA<\/p>\n<p>Nombre IUPAC: (2S)<\/p>\n<p>2,3-dimetilbutanoato<br \/> CAS: N\/A<br \/> N\/A ChemSpider <br \/> C23H32N2O3<br \/> 384,5 g\/mol MMB<br \/> MDMB-CHMINACA<\/p>\n<p>(2S)-metil<\/p>\n<p>1 H-indol-3-ilcarbonilamino-2 ,3-dimetilbutanoato<\/p>\n<p>MMB-CHMINACA (MDMB-CHMINACA) es un cannabinoide a base de indol con un grupo dimetilbutanoato. Esta sustancia qu\u00edmica parece tener una mayor afinidad de uni\u00f3n in vitro que muchos cannabinoides actuales, y los investigadores deben tener esto en cuenta al dise\u00f1ar estudios y desplegar material en sustratos celulares.<\/p>\n<p>Los cannabinoides sint\u00e9ticos son una gran colecci\u00f3n de compuestos que est\u00e1n constantemente evolucionando y siendo presentado al p\u00fablico. Sin embargo, la introducci\u00f3n de MMB-CHMINACA atrajo un notable inter\u00e9s debido a sus propiedades \u00fanicas. Su influencia hipot\u00e9tica sobre los receptores CB1 y CB2 es considerablemente mayor por unidad que AB-CHMINACA, lo que requiere menos cantidad de material activo para satisfacer el objetivo del experimento.<\/p>\n<p>MMB-CHMINACA es un polvo blanco que se puede almacenar de forma segura y manipulado en un laboratorio. Este cannabinoide sint\u00e9tico tiene la complicada f\u00f3rmula qu\u00edmica (2S)-metil-2-(1-(ciclohexilmetil)-1H-indol-3-ilcarbonilamino)-3,3-dimetilbutanoato. Su masa molecular es de 384,5 g\/mol y su f\u00f3rmula es C23H32N2O3.<\/p>\n<p>MMB-CHMINACA es una sustancia qu\u00edmica novedosa que debe manipularse con la m\u00e1xima atenci\u00f3n y medirse con precisi\u00f3n debido a su excepcional pureza. Instamos a todos a examinar el estado de las restricciones locales antes de obtener cannabis sint\u00e9tico y otras sustancias de nuestra tienda en l\u00ednea.<\/p>\n","protected":false},"excerpt":{"rendered":"<p>Comprar MDMB-CHMICA, MMB2101\u00a0a la venta en Europa, Reino Unido (tambi\u00e9n conocido incorrectamente como MMB-CHMINACA) es un\u00a0cannabinoide\u00a0sint\u00e9tico\u00a0a base de indol\u00a0que es un\u00a0potente\u00a0agonista\u00a0del\u00a0receptor\u00a0CB1\u00a0y se ha vendido en l\u00ednea como\u00a0droga de dise\u00f1o, al por mayor Pedido disponible<\/p>\n","protected":false},"featured_media":5937,"comment_status":"open","ping_status":"closed","template":"","meta":[],"product_brand":[],"product_cat":[2596],"product_tag":[4084,4083,4089,4088,4085,4086,4087],"class_list":{"0":"post-5912","1":"product","2":"type-product","3":"status-publish","4":"has-post-thumbnail","6":"product_cat-venta-de-cannabinoides","7":"product_tag-como-comprar-mmb-chminaca-online","8":"product_tag-comprar-mmb-chminaca-online","9":"product_tag-donde-comprar-mmb-chminaca-online","10":"product_tag-el-mejor-lugar-para-comprar-mmb-chminaca-online","11":"product_tag-mmb-chminaca","12":"product_tag-mmb-chminaca-en-venta","13":"product_tag-pedir-mmb-chminaca-online","15":"first","16":"instock","17":"shipping-taxable","18":"purchasable","19":"product-type-variable"},"yoast_head":"<!-- This site is optimized with the Yoast SEO plugin v27.3 - https:\/\/yoast.com\/product\/yoast-seo-wordpress\/ -->\n<title>Comprar MMB-Chminaca - MMB-CHMINACA - Best Global Meds<\/title>\n<meta name=\"description\" content=\"Comprar MDMB-CHMICA, MMB2101 a la venta en Europa, Reino Unido (tambi\u00e9n conocido incorrectamente como MMB-CHMINACA) es un cannabinoide sint\u00e9tico a base de indol que es un potente agonista del receptor CB1 y se ha vendido en l\u00ednea como una droga de dise\u00f1o, pedido al por mayor disponible\" \/>\n<meta name=\"robots\" content=\"index, follow, max-snippet:-1, max-image-preview:large, max-video-preview:-1\" \/>\n<link rel=\"canonical\" href=\"https:\/\/medicinasinc.com\/es\/product\/comprar-mdmb-chmica\/\" \/>\n<meta property=\"og:locale\" content=\"es_ES\" \/>\n<meta property=\"og:type\" content=\"article\" \/>\n<meta property=\"og:title\" content=\"Comprar MMB-Chminaca - MMB-CHMINACA - Best Global Meds\" \/>\n<meta property=\"og:description\" content=\"Comprar MDMB-CHMICA, MMB2101 a la venta en Europa, Reino Unido (tambi\u00e9n conocido incorrectamente como MMB-CHMINACA) es un cannabinoide sint\u00e9tico a base de indol que es un potente agonista del receptor CB1 y se ha vendido en l\u00ednea como una droga de dise\u00f1o, pedido al por mayor disponible\" \/>\n<meta property=\"og:url\" content=\"https:\/\/medicinasinc.com\/es\/product\/comprar-mdmb-chmica\/\" \/>\n<meta property=\"og:site_name\" content=\"Medicinas Inc\" \/>\n<meta property=\"article:modified_time\" content=\"2022-03-22T00:08:52+00:00\" \/>\n<meta property=\"og:image\" content=\"https:\/\/medicinasinc.com\/es\/wp-content\/uploads\/sites\/15\/2022\/02\/Buy-MDMB-CHMICA.jpg\" \/>\n\t<meta property=\"og:image:width\" content=\"459\" \/>\n\t<meta property=\"og:image:height\" content=\"443\" \/>\n\t<meta property=\"og:image:type\" content=\"image\/jpeg\" \/>\n<meta name=\"twitter:card\" content=\"summary_large_image\" \/>\n<meta name=\"twitter:label1\" content=\"Tiempo de lectura\" \/>\n\t<meta name=\"twitter:data1\" content=\"2 minutos\" \/>\n<script type=\"application\/ld+json\" class=\"yoast-schema-graph\">{\"@context\":\"https:\\\/\\\/schema.org\",\"@graph\":[{\"@type\":\"WebPage\",\"@id\":\"https:\\\/\\\/medicinasinc.com\\\/es\\\/product\\\/comprar-mdmb-chmica\\\/\",\"url\":\"https:\\\/\\\/medicinasinc.com\\\/es\\\/product\\\/comprar-mdmb-chmica\\\/\",\"name\":\"Comprar MMB-Chminaca - MMB-CHMINACA - Best Global Meds\",\"isPartOf\":{\"@id\":\"https:\\\/\\\/medicinasinc.com\\\/es\\\/#website\"},\"primaryImageOfPage\":{\"@id\":\"https:\\\/\\\/medicinasinc.com\\\/es\\\/product\\\/comprar-mdmb-chmica\\\/#primaryimage\"},\"image\":{\"@id\":\"https:\\\/\\\/medicinasinc.com\\\/es\\\/product\\\/comprar-mdmb-chmica\\\/#primaryimage\"},\"thumbnailUrl\":\"https:\\\/\\\/medicinasinc.com\\\/es\\\/wp-content\\\/uploads\\\/sites\\\/15\\\/2022\\\/02\\\/Buy-MDMB-CHMICA.jpg\",\"datePublished\":\"2022-02-22T08:15:30+00:00\",\"dateModified\":\"2022-03-22T00:08:52+00:00\",\"description\":\"Comprar MDMB-CHMICA, MMB2101 a la venta en Europa, Reino Unido (tambi\u00e9n conocido incorrectamente como MMB-CHMINACA) es un cannabinoide sint\u00e9tico a base de indol que es un potente agonista del receptor CB1 y se ha vendido en l\u00ednea como una droga de dise\u00f1o, pedido al por mayor disponible\",\"breadcrumb\":{\"@id\":\"https:\\\/\\\/medicinasinc.com\\\/es\\\/product\\\/comprar-mdmb-chmica\\\/#breadcrumb\"},\"inLanguage\":\"es\",\"potentialAction\":[{\"@type\":\"ReadAction\",\"target\":[\"https:\\\/\\\/medicinasinc.com\\\/es\\\/product\\\/comprar-mdmb-chmica\\\/\"]}]},{\"@type\":\"ImageObject\",\"inLanguage\":\"es\",\"@id\":\"https:\\\/\\\/medicinasinc.com\\\/es\\\/product\\\/comprar-mdmb-chmica\\\/#primaryimage\",\"url\":\"https:\\\/\\\/medicinasinc.com\\\/es\\\/wp-content\\\/uploads\\\/sites\\\/15\\\/2022\\\/02\\\/Buy-MDMB-CHMICA.jpg\",\"contentUrl\":\"https:\\\/\\\/medicinasinc.com\\\/es\\\/wp-content\\\/uploads\\\/sites\\\/15\\\/2022\\\/02\\\/Buy-MDMB-CHMICA.jpg\",\"width\":459,\"height\":443},{\"@type\":\"BreadcrumbList\",\"@id\":\"https:\\\/\\\/medicinasinc.com\\\/es\\\/product\\\/comprar-mdmb-chmica\\\/#breadcrumb\",\"itemListElement\":[{\"@type\":\"ListItem\",\"position\":1,\"name\":\"Tienda\",\"item\":\"https:\\\/\\\/medicinasinc.com\\\/es\\\/tienda\\\/\"},{\"@type\":\"ListItem\",\"position\":2,\"name\":\"Comprar MDMB-CHMICA\"}]},{\"@type\":\"WebSite\",\"@id\":\"https:\\\/\\\/medicinasinc.com\\\/es\\\/#website\",\"url\":\"https:\\\/\\\/medicinasinc.com\\\/es\\\/\",\"name\":\"Medicinas Inc\",\"description\":\"Cl\u00ednica M\u00e9dica de Salud\",\"potentialAction\":[{\"@type\":\"SearchAction\",\"target\":{\"@type\":\"EntryPoint\",\"urlTemplate\":\"https:\\\/\\\/medicinasinc.com\\\/es\\\/?s={search_term_string}\"},\"query-input\":{\"@type\":\"PropertyValueSpecification\",\"valueRequired\":true,\"valueName\":\"search_term_string\"}}],\"inLanguage\":\"es\"}]}<\/script>\n<!-- \/ Yoast SEO plugin. -->","yoast_head_json":{"title":"Comprar MMB-Chminaca - MMB-CHMINACA - Best Global Meds","description":"Comprar MDMB-CHMICA, MMB2101 a la venta en Europa, Reino Unido (tambi\u00e9n conocido incorrectamente como MMB-CHMINACA) es un cannabinoide sint\u00e9tico a base de indol que es un potente agonista del receptor CB1 y se ha vendido en l\u00ednea como una droga de dise\u00f1o, pedido al por mayor disponible","robots":{"index":"index","follow":"follow","max-snippet":"max-snippet:-1","max-image-preview":"max-image-preview:large","max-video-preview":"max-video-preview:-1"},"canonical":"https:\/\/medicinasinc.com\/es\/product\/comprar-mdmb-chmica\/","og_locale":"es_ES","og_type":"article","og_title":"Comprar MMB-Chminaca - MMB-CHMINACA - Best Global Meds","og_description":"Comprar MDMB-CHMICA, MMB2101 a la venta en Europa, Reino Unido (tambi\u00e9n conocido incorrectamente como MMB-CHMINACA) es un cannabinoide sint\u00e9tico a base de indol que es un potente agonista del receptor CB1 y se ha vendido en l\u00ednea como una droga de dise\u00f1o, pedido al por mayor disponible","og_url":"https:\/\/medicinasinc.com\/es\/product\/comprar-mdmb-chmica\/","og_site_name":"Medicinas Inc","article_modified_time":"2022-03-22T00:08:52+00:00","og_image":[{"width":459,"height":443,"url":"https:\/\/medicinasinc.com\/es\/wp-content\/uploads\/sites\/15\/2022\/02\/Buy-MDMB-CHMICA.jpg","type":"image\/jpeg"}],"twitter_card":"summary_large_image","twitter_misc":{"Tiempo de lectura":"2 minutos"},"schema":{"@context":"https:\/\/schema.org","@graph":[{"@type":"WebPage","@id":"https:\/\/medicinasinc.com\/es\/product\/comprar-mdmb-chmica\/","url":"https:\/\/medicinasinc.com\/es\/product\/comprar-mdmb-chmica\/","name":"Comprar MMB-Chminaca - MMB-CHMINACA - Best Global Meds","isPartOf":{"@id":"https:\/\/medicinasinc.com\/es\/#website"},"primaryImageOfPage":{"@id":"https:\/\/medicinasinc.com\/es\/product\/comprar-mdmb-chmica\/#primaryimage"},"image":{"@id":"https:\/\/medicinasinc.com\/es\/product\/comprar-mdmb-chmica\/#primaryimage"},"thumbnailUrl":"https:\/\/medicinasinc.com\/es\/wp-content\/uploads\/sites\/15\/2022\/02\/Buy-MDMB-CHMICA.jpg","datePublished":"2022-02-22T08:15:30+00:00","dateModified":"2022-03-22T00:08:52+00:00","description":"Comprar MDMB-CHMICA, MMB2101 a la venta en Europa, Reino Unido (tambi\u00e9n conocido incorrectamente como MMB-CHMINACA) es un cannabinoide sint\u00e9tico a base de indol que es un potente agonista del receptor CB1 y se ha vendido en l\u00ednea como una droga de dise\u00f1o, pedido al por mayor disponible","breadcrumb":{"@id":"https:\/\/medicinasinc.com\/es\/product\/comprar-mdmb-chmica\/#breadcrumb"},"inLanguage":"es","potentialAction":[{"@type":"ReadAction","target":["https:\/\/medicinasinc.com\/es\/product\/comprar-mdmb-chmica\/"]}]},{"@type":"ImageObject","inLanguage":"es","@id":"https:\/\/medicinasinc.com\/es\/product\/comprar-mdmb-chmica\/#primaryimage","url":"https:\/\/medicinasinc.com\/es\/wp-content\/uploads\/sites\/15\/2022\/02\/Buy-MDMB-CHMICA.jpg","contentUrl":"https:\/\/medicinasinc.com\/es\/wp-content\/uploads\/sites\/15\/2022\/02\/Buy-MDMB-CHMICA.jpg","width":459,"height":443},{"@type":"BreadcrumbList","@id":"https:\/\/medicinasinc.com\/es\/product\/comprar-mdmb-chmica\/#breadcrumb","itemListElement":[{"@type":"ListItem","position":1,"name":"Tienda","item":"https:\/\/medicinasinc.com\/es\/tienda\/"},{"@type":"ListItem","position":2,"name":"Comprar MDMB-CHMICA"}]},{"@type":"WebSite","@id":"https:\/\/medicinasinc.com\/es\/#website","url":"https:\/\/medicinasinc.com\/es\/","name":"Medicinas Inc","description":"Cl\u00ednica M\u00e9dica de Salud","potentialAction":[{"@type":"SearchAction","target":{"@type":"EntryPoint","urlTemplate":"https:\/\/medicinasinc.com\/es\/?s={search_term_string}"},"query-input":{"@type":"PropertyValueSpecification","valueRequired":true,"valueName":"search_term_string"}}],"inLanguage":"es"}]}},"_links":{"self":[{"href":"https:\/\/medicinasinc.com\/es\/wp-json\/wp\/v2\/product\/5912","targetHints":{"allow":["GET"]}}],"collection":[{"href":"https:\/\/medicinasinc.com\/es\/wp-json\/wp\/v2\/product"}],"about":[{"href":"https:\/\/medicinasinc.com\/es\/wp-json\/wp\/v2\/types\/product"}],"replies":[{"embeddable":true,"href":"https:\/\/medicinasinc.com\/es\/wp-json\/wp\/v2\/comments?post=5912"}],"wp:featuredmedia":[{"embeddable":true,"href":"https:\/\/medicinasinc.com\/es\/wp-json\/wp\/v2\/media\/5937"}],"wp:attachment":[{"href":"https:\/\/medicinasinc.com\/es\/wp-json\/wp\/v2\/media?parent=5912"}],"wp:term":[{"taxonomy":"product_brand","embeddable":true,"href":"https:\/\/medicinasinc.com\/es\/wp-json\/wp\/v2\/product_brand?post=5912"},{"taxonomy":"product_cat","embeddable":true,"href":"https:\/\/medicinasinc.com\/es\/wp-json\/wp\/v2\/product_cat?post=5912"},{"taxonomy":"product_tag","embeddable":true,"href":"https:\/\/medicinasinc.com\/es\/wp-json\/wp\/v2\/product_tag?post=5912"}],"curies":[{"name":"wp","href":"https:\/\/api.w.org\/{rel}","templated":true}]}}