{"id":5906,"date":"2022-02-22T08:12:00","date_gmt":"2022-02-22T08:12:00","guid":{"rendered":"https:\/\/medicinasinc.com\/es\/?post_type=product&#038;p=5906"},"modified":"2022-03-22T00:09:04","modified_gmt":"2022-03-22T00:09:04","slug":"buy-con-fubinaca","status":"publish","type":"product","link":"https:\/\/medicinasinc.com\/es\/product\/buy-con-fubinaca\/","title":{"rendered":"Buy CON-FUBINACA"},"content":{"rendered":"<p>El cannabinoide sint\u00e9tico a base de indazol AMB-FUBINACA, tambi\u00e9n conocido como FUB-AMB y MMB-FUBINACA, es un potente agonista de cannabinoides. Tiene valores Ki de 10,04 nM en CB1 y 0,786 nM en CB2 y valores EC50 de 0,5433 nM en CB1 y 0,1278 nM en CB2. Se ha vendido en l\u00ednea como una droga de dise\u00f1o. Primero fue fabricado por Pfizer, que present\u00f3 una patente para el compuesto en 2009. El compuesto nunca se prob\u00f3 en humanos. Hubo muchas incautaciones de drogas por parte de la DEA en 2017 y la primera mitad de 2018. El cannabinoide sint\u00e9tico m\u00e1s com\u00fan fue AMB-FUBINACA.<\/p>\n<p>Es un cannabinoide sint\u00e9tico a base de indazol llamado AMB-FUBINACA, y es un potente agonista de los receptores cannabinoides. Tiene valores Ki de 10,04 nM en CB1 y 0,786 nM en CB2, y valores EC50 de 0,5433 nM en CB1 y 0,1278 nM en CB2. Se ha vendido en l\u00ednea como droga de dise\u00f1o.<\/p>\n","protected":false},"excerpt":{"rendered":"<p><b>Comprar AMB-FUBINACA<\/b> por Reino Unido, Europa (tambi\u00e9n conocido como <b>FUB-AMB<\/b>\u00a0y\u00a0<b>MMB-FUBINACA<\/b>) es un\u00a0a base de indazol <a class=\"mw-redirect\" title=\"Cannabinoide sint\u00e9tico\" href=\"https:\/\/en.wikipedia.org\/wiki\/Synthetic_cannabinoid\">cannabinoide sint\u00e9tico<\/a>\u00a0que es un potente\u00a0<a title=\"Agonista\" href=\"https:\/\/en.wikipedia.org\/wiki\/Agonist\">agonista<\/a>\u00a0para los\u00a0receptores de cannabinoides, con\u00a0valores de\u00a0<i>K<\/i><sub>i<\/sub>\u00a0de 10,04\u00a0nM a CB<sub>1<\/sub>\u00a0y 0,786\u00a0nM en\u00a0CB<sub>2<\/sub>\u00a0y\u00a0EC<sub>50<\/sub>\u00a0valores de 0,5433\u00a0nM en CB<sub>1<\/sub>\u00a0y 0,1278\u00a0nM en CB<sub>2<\/sub>, <sup id=\"cite_ref-1\" class=\"reference\"><\/sup>y se ha vendido en l\u00ednea como una\u00a0droga de dise\u00f1o<\/p>\n","protected":false},"featured_media":5936,"comment_status":"open","ping_status":"closed","template":"","meta":[],"product_brand":[],"product_cat":[2596],"product_tag":[4077,4079,4082,4078,4080,4081],"class_list":{"0":"post-5906","1":"product","2":"type-product","3":"status-publish","4":"has-post-thumbnail","6":"product_cat-venta-de-cannabinoides","7":"product_tag-buy-fub-con-online","8":"product_tag-como-comprar-fub-amb-online","9":"product_tag-donde-comprar-fub-amb-online","10":"product_tag-fub-con-for-sale","11":"product_tag-order-fub-con-online","12":"product_tag-purchase-fub-con-online","14":"first","15":"instock","16":"shipping-taxable","17":"purchasable","18":"product-type-variable"},"yoast_head":"<!-- This site is optimized with the Yoast SEO plugin v27.3 - https:\/\/yoast.com\/product\/yoast-seo-wordpress\/ -->\n<title>Buy CON-FUBINACA - FUB-CON - MMB-FUBINACA - Best Global Meds<\/title>\n<meta name=\"description\" content=\"Compre AMB-FUBINACA para Reino Unido, Europa (tambi\u00e9n conocido como FUB-AMB\u00a0y\u00a0MMB-FUBINACA) es un cannabinoide sint\u00e9tico a base de indazol que es un potente agonista de los receptores de cannabinoides, con valores de Ki de 10,04 nM en CB1 y 0,786 nM en Valores de CB2\u00a0y\u00a0EC50\u00a0de 0,5433\u00a0nM en CB1\u00a0y 0,1278\u00a0nM en CB2, y se ha vendido en l\u00ednea como un f\u00e1rmaco de dise\u00f1o\" \/>\n<meta name=\"robots\" content=\"index, follow, max-snippet:-1, max-image-preview:large, max-video-preview:-1\" \/>\n<link rel=\"canonical\" href=\"https:\/\/medicinasinc.com\/es\/product\/buy-con-fubinaca\/\" \/>\n<meta property=\"og:locale\" content=\"es_ES\" \/>\n<meta property=\"og:type\" content=\"article\" \/>\n<meta property=\"og:title\" content=\"Buy CON-FUBINACA - FUB-CON - MMB-FUBINACA - Best Global Meds\" \/>\n<meta property=\"og:description\" content=\"Compre AMB-FUBINACA para Reino Unido, Europa (tambi\u00e9n conocido como FUB-AMB\u00a0y\u00a0MMB-FUBINACA) es un cannabinoide sint\u00e9tico a base de indazol que es un potente agonista de los receptores de cannabinoides, con valores de Ki de 10,04 nM en CB1 y 0,786 nM en Valores de CB2\u00a0y\u00a0EC50\u00a0de 0,5433\u00a0nM en CB1\u00a0y 0,1278\u00a0nM en CB2, y se ha vendido en l\u00ednea como un f\u00e1rmaco de dise\u00f1o\" \/>\n<meta property=\"og:url\" content=\"https:\/\/medicinasinc.com\/es\/product\/buy-con-fubinaca\/\" \/>\n<meta property=\"og:site_name\" content=\"Medicinas Inc\" \/>\n<meta property=\"article:modified_time\" content=\"2022-03-22T00:09:04+00:00\" \/>\n<meta property=\"og:image\" content=\"https:\/\/medicinasinc.com\/es\/wp-content\/uploads\/sites\/15\/2022\/02\/Buy-AMB-FUBINACA.jpg\" \/>\n\t<meta property=\"og:image:width\" content=\"400\" \/>\n\t<meta property=\"og:image:height\" content=\"400\" \/>\n\t<meta property=\"og:image:type\" content=\"image\/jpeg\" \/>\n<meta name=\"twitter:card\" content=\"summary_large_image\" \/>\n<meta name=\"twitter:label1\" content=\"Tiempo de lectura\" \/>\n\t<meta name=\"twitter:data1\" content=\"1 minuto\" \/>\n<script type=\"application\/ld+json\" class=\"yoast-schema-graph\">{\"@context\":\"https:\\\/\\\/schema.org\",\"@graph\":[{\"@type\":\"WebPage\",\"@id\":\"https:\\\/\\\/medicinasinc.com\\\/es\\\/product\\\/buy-con-fubinaca\\\/\",\"url\":\"https:\\\/\\\/medicinasinc.com\\\/es\\\/product\\\/buy-con-fubinaca\\\/\",\"name\":\"Buy CON-FUBINACA - FUB-CON - MMB-FUBINACA - Best Global Meds\",\"isPartOf\":{\"@id\":\"https:\\\/\\\/medicinasinc.com\\\/es\\\/#website\"},\"primaryImageOfPage\":{\"@id\":\"https:\\\/\\\/medicinasinc.com\\\/es\\\/product\\\/buy-con-fubinaca\\\/#primaryimage\"},\"image\":{\"@id\":\"https:\\\/\\\/medicinasinc.com\\\/es\\\/product\\\/buy-con-fubinaca\\\/#primaryimage\"},\"thumbnailUrl\":\"https:\\\/\\\/medicinasinc.com\\\/es\\\/wp-content\\\/uploads\\\/sites\\\/15\\\/2022\\\/02\\\/Buy-AMB-FUBINACA.jpg\",\"datePublished\":\"2022-02-22T08:12:00+00:00\",\"dateModified\":\"2022-03-22T00:09:04+00:00\",\"description\":\"Compre AMB-FUBINACA para Reino Unido, Europa (tambi\u00e9n conocido como FUB-AMB\u00a0y\u00a0MMB-FUBINACA) es un cannabinoide sint\u00e9tico a base de indazol que es un potente agonista de los receptores de cannabinoides, con valores de Ki de 10,04 nM en CB1 y 0,786 nM en Valores de CB2\u00a0y\u00a0EC50\u00a0de 0,5433\u00a0nM en CB1\u00a0y 0,1278\u00a0nM en CB2, y se ha vendido en l\u00ednea como un f\u00e1rmaco de dise\u00f1o\",\"breadcrumb\":{\"@id\":\"https:\\\/\\\/medicinasinc.com\\\/es\\\/product\\\/buy-con-fubinaca\\\/#breadcrumb\"},\"inLanguage\":\"es\",\"potentialAction\":[{\"@type\":\"ReadAction\",\"target\":[\"https:\\\/\\\/medicinasinc.com\\\/es\\\/product\\\/buy-con-fubinaca\\\/\"]}]},{\"@type\":\"ImageObject\",\"inLanguage\":\"es\",\"@id\":\"https:\\\/\\\/medicinasinc.com\\\/es\\\/product\\\/buy-con-fubinaca\\\/#primaryimage\",\"url\":\"https:\\\/\\\/medicinasinc.com\\\/es\\\/wp-content\\\/uploads\\\/sites\\\/15\\\/2022\\\/02\\\/Buy-AMB-FUBINACA.jpg\",\"contentUrl\":\"https:\\\/\\\/medicinasinc.com\\\/es\\\/wp-content\\\/uploads\\\/sites\\\/15\\\/2022\\\/02\\\/Buy-AMB-FUBINACA.jpg\",\"width\":400,\"height\":400},{\"@type\":\"BreadcrumbList\",\"@id\":\"https:\\\/\\\/medicinasinc.com\\\/es\\\/product\\\/buy-con-fubinaca\\\/#breadcrumb\",\"itemListElement\":[{\"@type\":\"ListItem\",\"position\":1,\"name\":\"Tienda\",\"item\":\"https:\\\/\\\/medicinasinc.com\\\/es\\\/tienda\\\/\"},{\"@type\":\"ListItem\",\"position\":2,\"name\":\"Buy CON-FUBINACA\"}]},{\"@type\":\"WebSite\",\"@id\":\"https:\\\/\\\/medicinasinc.com\\\/es\\\/#website\",\"url\":\"https:\\\/\\\/medicinasinc.com\\\/es\\\/\",\"name\":\"Medicinas Inc\",\"description\":\"Cl\u00ednica M\u00e9dica de Salud\",\"potentialAction\":[{\"@type\":\"SearchAction\",\"target\":{\"@type\":\"EntryPoint\",\"urlTemplate\":\"https:\\\/\\\/medicinasinc.com\\\/es\\\/?s={search_term_string}\"},\"query-input\":{\"@type\":\"PropertyValueSpecification\",\"valueRequired\":true,\"valueName\":\"search_term_string\"}}],\"inLanguage\":\"es\"}]}<\/script>\n<!-- \/ Yoast SEO plugin. -->","yoast_head_json":{"title":"Buy CON-FUBINACA - FUB-CON - MMB-FUBINACA - Best Global Meds","description":"Compre AMB-FUBINACA para Reino Unido, Europa (tambi\u00e9n conocido como FUB-AMB\u00a0y\u00a0MMB-FUBINACA) es un cannabinoide sint\u00e9tico a base de indazol que es un potente agonista de los receptores de cannabinoides, con valores de Ki de 10,04 nM en CB1 y 0,786 nM en Valores de CB2\u00a0y\u00a0EC50\u00a0de 0,5433\u00a0nM en CB1\u00a0y 0,1278\u00a0nM en CB2, y se ha vendido en l\u00ednea como un f\u00e1rmaco de dise\u00f1o","robots":{"index":"index","follow":"follow","max-snippet":"max-snippet:-1","max-image-preview":"max-image-preview:large","max-video-preview":"max-video-preview:-1"},"canonical":"https:\/\/medicinasinc.com\/es\/product\/buy-con-fubinaca\/","og_locale":"es_ES","og_type":"article","og_title":"Buy CON-FUBINACA - FUB-CON - MMB-FUBINACA - Best Global Meds","og_description":"Compre AMB-FUBINACA para Reino Unido, Europa (tambi\u00e9n conocido como FUB-AMB\u00a0y\u00a0MMB-FUBINACA) es un cannabinoide sint\u00e9tico a base de indazol que es un potente agonista de los receptores de cannabinoides, con valores de Ki de 10,04 nM en CB1 y 0,786 nM en Valores de CB2\u00a0y\u00a0EC50\u00a0de 0,5433\u00a0nM en CB1\u00a0y 0,1278\u00a0nM en CB2, y se ha vendido en l\u00ednea como un f\u00e1rmaco de dise\u00f1o","og_url":"https:\/\/medicinasinc.com\/es\/product\/buy-con-fubinaca\/","og_site_name":"Medicinas Inc","article_modified_time":"2022-03-22T00:09:04+00:00","og_image":[{"width":400,"height":400,"url":"https:\/\/medicinasinc.com\/es\/wp-content\/uploads\/sites\/15\/2022\/02\/Buy-AMB-FUBINACA.jpg","type":"image\/jpeg"}],"twitter_card":"summary_large_image","twitter_misc":{"Tiempo de lectura":"1 minuto"},"schema":{"@context":"https:\/\/schema.org","@graph":[{"@type":"WebPage","@id":"https:\/\/medicinasinc.com\/es\/product\/buy-con-fubinaca\/","url":"https:\/\/medicinasinc.com\/es\/product\/buy-con-fubinaca\/","name":"Buy CON-FUBINACA - FUB-CON - MMB-FUBINACA - Best Global Meds","isPartOf":{"@id":"https:\/\/medicinasinc.com\/es\/#website"},"primaryImageOfPage":{"@id":"https:\/\/medicinasinc.com\/es\/product\/buy-con-fubinaca\/#primaryimage"},"image":{"@id":"https:\/\/medicinasinc.com\/es\/product\/buy-con-fubinaca\/#primaryimage"},"thumbnailUrl":"https:\/\/medicinasinc.com\/es\/wp-content\/uploads\/sites\/15\/2022\/02\/Buy-AMB-FUBINACA.jpg","datePublished":"2022-02-22T08:12:00+00:00","dateModified":"2022-03-22T00:09:04+00:00","description":"Compre AMB-FUBINACA para Reino Unido, Europa (tambi\u00e9n conocido como FUB-AMB\u00a0y\u00a0MMB-FUBINACA) es un cannabinoide sint\u00e9tico a base de indazol que es un potente agonista de los receptores de cannabinoides, con valores de Ki de 10,04 nM en CB1 y 0,786 nM en Valores de CB2\u00a0y\u00a0EC50\u00a0de 0,5433\u00a0nM en CB1\u00a0y 0,1278\u00a0nM en CB2, y se ha vendido en l\u00ednea como un f\u00e1rmaco de dise\u00f1o","breadcrumb":{"@id":"https:\/\/medicinasinc.com\/es\/product\/buy-con-fubinaca\/#breadcrumb"},"inLanguage":"es","potentialAction":[{"@type":"ReadAction","target":["https:\/\/medicinasinc.com\/es\/product\/buy-con-fubinaca\/"]}]},{"@type":"ImageObject","inLanguage":"es","@id":"https:\/\/medicinasinc.com\/es\/product\/buy-con-fubinaca\/#primaryimage","url":"https:\/\/medicinasinc.com\/es\/wp-content\/uploads\/sites\/15\/2022\/02\/Buy-AMB-FUBINACA.jpg","contentUrl":"https:\/\/medicinasinc.com\/es\/wp-content\/uploads\/sites\/15\/2022\/02\/Buy-AMB-FUBINACA.jpg","width":400,"height":400},{"@type":"BreadcrumbList","@id":"https:\/\/medicinasinc.com\/es\/product\/buy-con-fubinaca\/#breadcrumb","itemListElement":[{"@type":"ListItem","position":1,"name":"Tienda","item":"https:\/\/medicinasinc.com\/es\/tienda\/"},{"@type":"ListItem","position":2,"name":"Buy CON-FUBINACA"}]},{"@type":"WebSite","@id":"https:\/\/medicinasinc.com\/es\/#website","url":"https:\/\/medicinasinc.com\/es\/","name":"Medicinas Inc","description":"Cl\u00ednica M\u00e9dica de Salud","potentialAction":[{"@type":"SearchAction","target":{"@type":"EntryPoint","urlTemplate":"https:\/\/medicinasinc.com\/es\/?s={search_term_string}"},"query-input":{"@type":"PropertyValueSpecification","valueRequired":true,"valueName":"search_term_string"}}],"inLanguage":"es"}]}},"_links":{"self":[{"href":"https:\/\/medicinasinc.com\/es\/wp-json\/wp\/v2\/product\/5906","targetHints":{"allow":["GET"]}}],"collection":[{"href":"https:\/\/medicinasinc.com\/es\/wp-json\/wp\/v2\/product"}],"about":[{"href":"https:\/\/medicinasinc.com\/es\/wp-json\/wp\/v2\/types\/product"}],"replies":[{"embeddable":true,"href":"https:\/\/medicinasinc.com\/es\/wp-json\/wp\/v2\/comments?post=5906"}],"wp:featuredmedia":[{"embeddable":true,"href":"https:\/\/medicinasinc.com\/es\/wp-json\/wp\/v2\/media\/5936"}],"wp:attachment":[{"href":"https:\/\/medicinasinc.com\/es\/wp-json\/wp\/v2\/media?parent=5906"}],"wp:term":[{"taxonomy":"product_brand","embeddable":true,"href":"https:\/\/medicinasinc.com\/es\/wp-json\/wp\/v2\/product_brand?post=5906"},{"taxonomy":"product_cat","embeddable":true,"href":"https:\/\/medicinasinc.com\/es\/wp-json\/wp\/v2\/product_cat?post=5906"},{"taxonomy":"product_tag","embeddable":true,"href":"https:\/\/medicinasinc.com\/es\/wp-json\/wp\/v2\/product_tag?post=5906"}],"curies":[{"name":"wp","href":"https:\/\/api.w.org\/{rel}","templated":true}]}}