{"id":5902,"date":"2022-02-22T08:09:55","date_gmt":"2022-02-22T08:09:55","guid":{"rendered":"https:\/\/medicinasinc.com\/es\/?post_type=product&#038;p=5902"},"modified":"2022-03-22T00:09:15","modified_gmt":"2022-03-22T00:09:15","slug":"comprar-5f-adb","status":"publish","type":"product","link":"https:\/\/medicinasinc.com\/es\/product\/comprar-5f-adb\/","title":{"rendered":"Comprar 5F-ADB"},"content":{"rendered":"<p>5F-ADB (tambi\u00e9n llamado 5F-MDMB-PINACA) es un cannabinoide sint\u00e9tico derivado del indazol que se ha utilizado como ingrediente activo en productos de cannabis sint\u00e9tico y se vende en l\u00ednea como droga de dise\u00f1o.<\/p>\n<p>5F -ADB es un fuerte agonista del receptor CB1, aunque se desconoce su selectividad por este receptor. El 5F-ADB se encontr\u00f3 por primera vez en noviembre de 2014 usando muestras post-mortem obtenidas de una persona que muri\u00f3 despu\u00e9s de tomar un producto que conten\u00eda este f\u00e1rmaco. Las pruebas posteriores revelaron que se detect\u00f3 5F-ADB en un total de diez personas que murieron en Jap\u00f3n entre septiembre y diciembre de 2014 por sobredosis de drogas inexplicables. Con base en los niveles relativamente bajos descubiertos en las pruebas de tejido, se cree que el 5F-ADB es extraordinariamente fuerte y parece ser mucho m\u00e1s peligroso que los medicamentos de cannabis sint\u00e9tico vendidos anteriormente.<\/p>\n<p>N-[[1-(5- fluoropentil)-1H-indazol-3-il]carbonil]<\/p>\n<p>-3-metil-D-valina metil \u00e9ster (5F-ADB) es un cannabis sint\u00e9tico muy fuerte que causa s\u00edntomas psic\u00f3ticos graves en humanos, ocasionalmente fatalmente.<\/p>\n<p>Para dilucidar los mecanismos neuronales detr\u00e1s de la toxicidad de 5F, ADB estudi\u00f3 sus efectos en los circuitos dopamin\u00e9rgicos y serotonin\u00e9rgicos del cerebro medio, que regulan una variedad de funciones cerebrales fundamentales, incluidas las asociadas con el comportamiento relacionado con la recompensa. Se usaron t\u00e9cnicas electrofisiol\u00f3gicas ex vivo para registrar alteraciones en la actividad de activaci\u00f3n espont\u00e1nea de las neuronas dopamin\u00e9rgicas y serotonin\u00e9rgicas producidas por 5F-ADB.<\/p>\n<p>5F-ADB (1 M) elev\u00f3 dr\u00e1sticamente la tasa de activaci\u00f3n espont\u00e1nea de las neuronas dopamin\u00e9rgicas, pero no pudo activarlos en presencia del antagonista CB1 AM251 (1 M). La misma concentraci\u00f3n de 5F-ADB, por otro lado, no tuvo efecto sobre la actividad de las neuronas serotonin\u00e9rgicas. Estos hallazgos muestran que el 5F-ADB activa los receptores CB1 locales y mejora los sistemas dopamin\u00e9rgicos en el mesenc\u00e9falo sin tener ning\u00fan efecto sobre los sistemas serotonin\u00e9rgicos en el mesenc\u00e9falo.<\/p>\n","protected":false},"excerpt":{"rendered":"<p>Comprar 5F-ADB a la venta en Reino Unido, Europa y China (tambi\u00e9n conocido como 5F-MDMB-PINACA) es un cannabinoide sint\u00e9tico a base de indazol de la familia indazol-3-carboxamida, pedido al por mayor disponible<\/p>\n","protected":false},"featured_media":5933,"comment_status":"open","ping_status":"closed","template":"","meta":[],"product_brand":[],"product_cat":[2596],"product_tag":[4066,4067,4068,4069,4070,4071,4072,4076,4074,4073,4075],"class_list":{"0":"post-5902","1":"product","2":"type-product","3":"status-publish","4":"has-post-thumbnail","6":"product_cat-venta-de-cannabinoides","7":"product_tag-5f-adb","8":"product_tag-5f-adb-en-venta","9":"product_tag-5f-adb-powder","10":"product_tag-5f-mdmb-pinaca","11":"product_tag-buy-5f-adb-online","12":"product_tag-c20h28fn3o3","13":"product_tag-cmo-comprar-5f-adb-online","14":"product_tag-donde-comprar-5f-adb-online","15":"product_tag-el-mejor-lugar-para-comprar-5f-adb-online","16":"product_tag-order-5f-adb-online","17":"product_tag-v1715016-75-3","19":"first","20":"instock","21":"featured","22":"shipping-taxable","23":"purchasable","24":"product-type-variable"},"yoast_head":"<!-- This site is optimized with the Yoast SEO plugin v27.3 - https:\/\/yoast.com\/product\/yoast-seo-wordpress\/ -->\n<title>Comprar 5F-ADB - 5F-MDMB-PINACA - Best Best Global Meds<\/title>\n<meta name=\"description\" content=\"Compre 5F-ADB a la venta en Reino Unido, Europa (tambi\u00e9n conocido como 5F-MDMB-PINACA) es un cannabinoide sint\u00e9tico a base de indazol de la familia indazol-3-carboxamida, pedido al por mayor disponible\" \/>\n<meta name=\"robots\" content=\"index, follow, max-snippet:-1, max-image-preview:large, max-video-preview:-1\" \/>\n<link rel=\"canonical\" href=\"https:\/\/medicinasinc.com\/es\/product\/comprar-5f-adb\/\" \/>\n<meta property=\"og:locale\" content=\"es_ES\" \/>\n<meta property=\"og:type\" content=\"article\" \/>\n<meta property=\"og:title\" content=\"Comprar 5F-ADB - 5F-MDMB-PINACA - Best Best Global Meds\" \/>\n<meta property=\"og:description\" content=\"Compre 5F-ADB a la venta en Reino Unido, Europa (tambi\u00e9n conocido como 5F-MDMB-PINACA) es un cannabinoide sint\u00e9tico a base de indazol de la familia indazol-3-carboxamida, pedido al por mayor disponible\" \/>\n<meta property=\"og:url\" content=\"https:\/\/medicinasinc.com\/es\/product\/comprar-5f-adb\/\" \/>\n<meta property=\"og:site_name\" content=\"Medicinas Inc\" \/>\n<meta property=\"article:modified_time\" content=\"2022-03-22T00:09:15+00:00\" \/>\n<meta property=\"og:image\" content=\"https:\/\/medicinasinc.com\/es\/wp-content\/uploads\/sites\/15\/2022\/02\/Buy-5F-ADB.jpeg\" \/>\n\t<meta property=\"og:image:width\" content=\"800\" \/>\n\t<meta property=\"og:image:height\" content=\"450\" \/>\n\t<meta property=\"og:image:type\" content=\"image\/jpeg\" \/>\n<meta name=\"twitter:card\" content=\"summary_large_image\" \/>\n<meta name=\"twitter:label1\" content=\"Tiempo de lectura\" \/>\n\t<meta name=\"twitter:data1\" content=\"2 minutos\" \/>\n<script type=\"application\/ld+json\" class=\"yoast-schema-graph\">{\"@context\":\"https:\\\/\\\/schema.org\",\"@graph\":[{\"@type\":\"WebPage\",\"@id\":\"https:\\\/\\\/medicinasinc.com\\\/es\\\/product\\\/comprar-5f-adb\\\/\",\"url\":\"https:\\\/\\\/medicinasinc.com\\\/es\\\/product\\\/comprar-5f-adb\\\/\",\"name\":\"Comprar 5F-ADB - 5F-MDMB-PINACA - Best Best Global Meds\",\"isPartOf\":{\"@id\":\"https:\\\/\\\/medicinasinc.com\\\/es\\\/#website\"},\"primaryImageOfPage\":{\"@id\":\"https:\\\/\\\/medicinasinc.com\\\/es\\\/product\\\/comprar-5f-adb\\\/#primaryimage\"},\"image\":{\"@id\":\"https:\\\/\\\/medicinasinc.com\\\/es\\\/product\\\/comprar-5f-adb\\\/#primaryimage\"},\"thumbnailUrl\":\"https:\\\/\\\/medicinasinc.com\\\/es\\\/wp-content\\\/uploads\\\/sites\\\/15\\\/2022\\\/02\\\/Buy-5F-ADB.jpeg\",\"datePublished\":\"2022-02-22T08:09:55+00:00\",\"dateModified\":\"2022-03-22T00:09:15+00:00\",\"description\":\"Compre 5F-ADB a la venta en Reino Unido, Europa (tambi\u00e9n conocido como 5F-MDMB-PINACA) es un cannabinoide sint\u00e9tico a base de indazol de la familia indazol-3-carboxamida, pedido al por mayor disponible\",\"breadcrumb\":{\"@id\":\"https:\\\/\\\/medicinasinc.com\\\/es\\\/product\\\/comprar-5f-adb\\\/#breadcrumb\"},\"inLanguage\":\"es\",\"potentialAction\":[{\"@type\":\"ReadAction\",\"target\":[\"https:\\\/\\\/medicinasinc.com\\\/es\\\/product\\\/comprar-5f-adb\\\/\"]}]},{\"@type\":\"ImageObject\",\"inLanguage\":\"es\",\"@id\":\"https:\\\/\\\/medicinasinc.com\\\/es\\\/product\\\/comprar-5f-adb\\\/#primaryimage\",\"url\":\"https:\\\/\\\/medicinasinc.com\\\/es\\\/wp-content\\\/uploads\\\/sites\\\/15\\\/2022\\\/02\\\/Buy-5F-ADB.jpeg\",\"contentUrl\":\"https:\\\/\\\/medicinasinc.com\\\/es\\\/wp-content\\\/uploads\\\/sites\\\/15\\\/2022\\\/02\\\/Buy-5F-ADB.jpeg\",\"width\":800,\"height\":450},{\"@type\":\"BreadcrumbList\",\"@id\":\"https:\\\/\\\/medicinasinc.com\\\/es\\\/product\\\/comprar-5f-adb\\\/#breadcrumb\",\"itemListElement\":[{\"@type\":\"ListItem\",\"position\":1,\"name\":\"Tienda\",\"item\":\"https:\\\/\\\/medicinasinc.com\\\/es\\\/tienda\\\/\"},{\"@type\":\"ListItem\",\"position\":2,\"name\":\"Comprar 5F-ADB\"}]},{\"@type\":\"WebSite\",\"@id\":\"https:\\\/\\\/medicinasinc.com\\\/es\\\/#website\",\"url\":\"https:\\\/\\\/medicinasinc.com\\\/es\\\/\",\"name\":\"Medicinas Inc\",\"description\":\"Cl\u00ednica M\u00e9dica de Salud\",\"potentialAction\":[{\"@type\":\"SearchAction\",\"target\":{\"@type\":\"EntryPoint\",\"urlTemplate\":\"https:\\\/\\\/medicinasinc.com\\\/es\\\/?s={search_term_string}\"},\"query-input\":{\"@type\":\"PropertyValueSpecification\",\"valueRequired\":true,\"valueName\":\"search_term_string\"}}],\"inLanguage\":\"es\"}]}<\/script>\n<!-- \/ Yoast SEO plugin. -->","yoast_head_json":{"title":"Comprar 5F-ADB - 5F-MDMB-PINACA - Best Best Global Meds","description":"Compre 5F-ADB a la venta en Reino Unido, Europa (tambi\u00e9n conocido como 5F-MDMB-PINACA) es un cannabinoide sint\u00e9tico a base de indazol de la familia indazol-3-carboxamida, pedido al por mayor disponible","robots":{"index":"index","follow":"follow","max-snippet":"max-snippet:-1","max-image-preview":"max-image-preview:large","max-video-preview":"max-video-preview:-1"},"canonical":"https:\/\/medicinasinc.com\/es\/product\/comprar-5f-adb\/","og_locale":"es_ES","og_type":"article","og_title":"Comprar 5F-ADB - 5F-MDMB-PINACA - Best Best Global Meds","og_description":"Compre 5F-ADB a la venta en Reino Unido, Europa (tambi\u00e9n conocido como 5F-MDMB-PINACA) es un cannabinoide sint\u00e9tico a base de indazol de la familia indazol-3-carboxamida, pedido al por mayor disponible","og_url":"https:\/\/medicinasinc.com\/es\/product\/comprar-5f-adb\/","og_site_name":"Medicinas Inc","article_modified_time":"2022-03-22T00:09:15+00:00","og_image":[{"width":800,"height":450,"url":"https:\/\/medicinasinc.com\/es\/wp-content\/uploads\/sites\/15\/2022\/02\/Buy-5F-ADB.jpeg","type":"image\/jpeg"}],"twitter_card":"summary_large_image","twitter_misc":{"Tiempo de lectura":"2 minutos"},"schema":{"@context":"https:\/\/schema.org","@graph":[{"@type":"WebPage","@id":"https:\/\/medicinasinc.com\/es\/product\/comprar-5f-adb\/","url":"https:\/\/medicinasinc.com\/es\/product\/comprar-5f-adb\/","name":"Comprar 5F-ADB - 5F-MDMB-PINACA - Best Best Global Meds","isPartOf":{"@id":"https:\/\/medicinasinc.com\/es\/#website"},"primaryImageOfPage":{"@id":"https:\/\/medicinasinc.com\/es\/product\/comprar-5f-adb\/#primaryimage"},"image":{"@id":"https:\/\/medicinasinc.com\/es\/product\/comprar-5f-adb\/#primaryimage"},"thumbnailUrl":"https:\/\/medicinasinc.com\/es\/wp-content\/uploads\/sites\/15\/2022\/02\/Buy-5F-ADB.jpeg","datePublished":"2022-02-22T08:09:55+00:00","dateModified":"2022-03-22T00:09:15+00:00","description":"Compre 5F-ADB a la venta en Reino Unido, Europa (tambi\u00e9n conocido como 5F-MDMB-PINACA) es un cannabinoide sint\u00e9tico a base de indazol de la familia indazol-3-carboxamida, pedido al por mayor disponible","breadcrumb":{"@id":"https:\/\/medicinasinc.com\/es\/product\/comprar-5f-adb\/#breadcrumb"},"inLanguage":"es","potentialAction":[{"@type":"ReadAction","target":["https:\/\/medicinasinc.com\/es\/product\/comprar-5f-adb\/"]}]},{"@type":"ImageObject","inLanguage":"es","@id":"https:\/\/medicinasinc.com\/es\/product\/comprar-5f-adb\/#primaryimage","url":"https:\/\/medicinasinc.com\/es\/wp-content\/uploads\/sites\/15\/2022\/02\/Buy-5F-ADB.jpeg","contentUrl":"https:\/\/medicinasinc.com\/es\/wp-content\/uploads\/sites\/15\/2022\/02\/Buy-5F-ADB.jpeg","width":800,"height":450},{"@type":"BreadcrumbList","@id":"https:\/\/medicinasinc.com\/es\/product\/comprar-5f-adb\/#breadcrumb","itemListElement":[{"@type":"ListItem","position":1,"name":"Tienda","item":"https:\/\/medicinasinc.com\/es\/tienda\/"},{"@type":"ListItem","position":2,"name":"Comprar 5F-ADB"}]},{"@type":"WebSite","@id":"https:\/\/medicinasinc.com\/es\/#website","url":"https:\/\/medicinasinc.com\/es\/","name":"Medicinas Inc","description":"Cl\u00ednica M\u00e9dica de Salud","potentialAction":[{"@type":"SearchAction","target":{"@type":"EntryPoint","urlTemplate":"https:\/\/medicinasinc.com\/es\/?s={search_term_string}"},"query-input":{"@type":"PropertyValueSpecification","valueRequired":true,"valueName":"search_term_string"}}],"inLanguage":"es"}]}},"_links":{"self":[{"href":"https:\/\/medicinasinc.com\/es\/wp-json\/wp\/v2\/product\/5902","targetHints":{"allow":["GET"]}}],"collection":[{"href":"https:\/\/medicinasinc.com\/es\/wp-json\/wp\/v2\/product"}],"about":[{"href":"https:\/\/medicinasinc.com\/es\/wp-json\/wp\/v2\/types\/product"}],"replies":[{"embeddable":true,"href":"https:\/\/medicinasinc.com\/es\/wp-json\/wp\/v2\/comments?post=5902"}],"wp:featuredmedia":[{"embeddable":true,"href":"https:\/\/medicinasinc.com\/es\/wp-json\/wp\/v2\/media\/5933"}],"wp:attachment":[{"href":"https:\/\/medicinasinc.com\/es\/wp-json\/wp\/v2\/media?parent=5902"}],"wp:term":[{"taxonomy":"product_brand","embeddable":true,"href":"https:\/\/medicinasinc.com\/es\/wp-json\/wp\/v2\/product_brand?post=5902"},{"taxonomy":"product_cat","embeddable":true,"href":"https:\/\/medicinasinc.com\/es\/wp-json\/wp\/v2\/product_cat?post=5902"},{"taxonomy":"product_tag","embeddable":true,"href":"https:\/\/medicinasinc.com\/es\/wp-json\/wp\/v2\/product_tag?post=5902"}],"curies":[{"name":"wp","href":"https:\/\/api.w.org\/{rel}","templated":true}]}}