{"id":5897,"date":"2022-02-22T08:07:13","date_gmt":"2022-02-22T08:07:13","guid":{"rendered":"https:\/\/medicinasinc.com\/es\/?post_type=product&#038;p=5897"},"modified":"2022-03-22T00:09:24","modified_gmt":"2022-03-22T00:09:24","slug":"comprar-5c-akb48","status":"publish","type":"product","link":"https:\/\/medicinasinc.com\/es\/product\/comprar-5c-akb48\/","title":{"rendered":"Comprar 5C-AKB48"},"content":{"rendered":"<p>\u00bfCu\u00e1l es el c\u00f3digo 5C-AKB48?<\/p>\n<p>5C-AKB48 es un cannabinoide sint\u00e9tico que pertenece a la clase de indazol carboxamida. Es el an\u00e1logo 5-cloro de 5F-AKB48 (a menudo denominado AKB48, 5F-APINACA o 5F-AKB48), el cannabinoide sint\u00e9tico m\u00e1s conocido descubierto en Corea del Sur.<\/p>\n<p>El minorista m\u00e1s grande de Europa de polvo 5C-AKB48.<\/p>\n<p>5C-AKB48 se puede comprar en l\u00ednea usando Bitcoin. 5C-AKB48 es una versi\u00f3n m\u00e1s potente de AKB-48 que act\u00faa sobre los receptores de cannabinoides.<\/p>\n<p>Se afirma que 5C-AKB48 tiene efectos similares, pero m\u00e1s potentes, que 5F-AKB48 y, como todos los cannabinoides sint\u00e9ticos, tiene una alta afinidad por los receptores CB1 y CB2.<\/p>\n<p>5C-AKB48 caracter\u00edsticas qu\u00edmicas<\/p>\n<p>C23H30CIN3O<\/p>\n<p>N- (adamantan-1-yl)<\/p>\n<p>-1-(5-cloropentil)-1H-indazol<\/p>\n<p>-3-carboxamida<\/p>\n<p>Peso molecular: 400,00 g\/mol<\/p>\n<p>Pureza : superior al 98 %<\/p>\n<p>5C-AKB48 es un cannabinoide sint\u00e9tico que pertenece a la familia de las indazol-3-carboxamidas. Comparte caracter\u00edsticas moleculares similares con 5F-ABD. Como ocurre con muchos cannabinoides, tiene una gran afinidad por los receptores CB1 y CB2, lo que contribuye a sus caracter\u00edsticas euf\u00f3ricas. Como ocurre con la mayor\u00eda de los cannabinoides, es insoluble en agua y estable a temperatura ambiente. Como es el caso con la mayor\u00eda de los cannabinoides, 5C-AKB48 tiene un potencial significativo para su uso como analg\u00e9sico y estimulante del apetito. Aunque no se han realizado ensayos en humanos, es razonable suponer que el 5C-AKB48 tiene los mismos efectos de cannabinoides sint\u00e9ticos que otros productos qu\u00edmicos de la misma clase. Cabe mencionar que el perfil de seguridad de este medicamento no se ha evaluado a fondo y que no est\u00e1 destinado al consumo humano.<\/p>\n<p>\u00bfCu\u00e1les son los efectos secundarios probables y las precauciones asociadas con 5C-AKB48?<\/p>\n<p>Los efectos del 5C-psicoactivo AKB48 son comparables a los de otros cannabinoides naturales y sint\u00e9ticos, m\u00e1s notablemente 5F-ABD.<\/p>\n<p>Sedaci\u00f3n: quiz\u00e1s el efecto m\u00e1s conocido de los cannabinoides, los consumidores reportan una profunda sensaci\u00f3n de calma y disminuci\u00f3n de los niveles de energ\u00eda despu\u00e9s del consumo de 5C-AKB48.<\/p>\n<p>Reducir la inflamaci\u00f3n: durante milenios, los cannabinoides naturales se han utilizado por sus cualidades antiinflamatorias. El CBD (un cannabinoide no psicoactivo) ha ganado popularidad recientemente como analg\u00e9sico e inflamatorio. Si bien no se han realizado estudios oficiales, es razonable suponer que 5C-AKB48 posee las propiedades antiinflamatorias asociadas con los cannabinoides.<\/p>\n<p>Caracter\u00edsticas antin\u00e1useas y em\u00e9ticas: los cannabinoides tienen propiedades antin\u00e1useas y em\u00e9ticas que se han visto cl\u00ednicamente durante muchos a\u00f1os [1], con medicamentos recetados de forma rutinaria como Marinol, syndros y nabilona que contienen cannabinoides sint\u00e9ticos.<\/p>\n<p>Los cannabinoides han sido reconocidos durante mucho tiempo por su capacidad para disminuir significativamente la gravedad de la migra\u00f1a y dolores de cabeza cr\u00f3nicos en humanos [2]. Desafortunadamente, no se han realizado estudios controlados sobre la utilidad de 5C-AKB48 en el tratamiento de los dolores de cabeza y solo existen algunos informes anecd\u00f3ticos.<\/p>\n<p>Como se indic\u00f3 anteriormente, no se ha realizado ninguna investigaci\u00f3n formal sobre 5C-AKB48 , y por lo tanto, su perfil de seguridad no est\u00e1 claro en este momento. A pesar de la ausencia de pruebas, podemos esperar que muestre los efectos adversos t\u00edpicos del cannabis. Como resultado, es fundamental recordar que el 5C-AKB48 est\u00e1 destinado \u00fanicamente para investigaci\u00f3n y no para el consumo humano. No debe manipularse sin el uso de equipo de laboratorio adecuado, incluidos protecci\u00f3n para los ojos y guantes.<\/p>\n<p>\u00bfD\u00f3nde puedo comprarlo?<\/p>\n<p>Chemical Planet se enorgullece de ofrecer el 5C- de la m\u00e1s alta calidad. AKB48 en el mercado. Chemical Planet tambi\u00e9n es un proveedor confiable n.\u00ba 1, que ofrece env\u00edos r\u00e1pidos y discretos a varios lugares del mundo.<\/p>\n<p>Para comprar 5C-AKB48, debe tener al menos 18 a\u00f1os y todas las principales tarjetas de cr\u00e9dito as\u00ed como bitcoin son aceptados. Todos los productos, incluido el 5C-AKB48, est\u00e1n destinados \u00fanicamente para uso en investigaci\u00f3n y no para el consumo humano.<\/p>\n","protected":false},"excerpt":{"rendered":"<p>Compre 5c-akb48 para la venta, 5c-akb48 al por mayor en el Reino Unido, solicite 5cakb48 al proveedor de Europa. 5c-akb48 es un cannabinoide sint\u00e9tico a base de indazol que se ha vendido en l\u00ednea como droga de dise\u00f1o.<\/p>\n","protected":false},"featured_media":5928,"comment_status":"open","ping_status":"closed","template":"","meta":[],"product_brand":[],"product_cat":[2596],"product_tag":[4052,4053,4054,4055,4056,2600,4057,4059,2615,2616,4060,4061,4062,4063,4065,4058,4064],"class_list":{"0":"post-5897","1":"product","2":"type-product","3":"status-publish","4":"has-post-thumbnail","6":"product_cat-venta-de-cannabinoides","7":"product_tag-5c-akb48","8":"product_tag-5c-akb48-en-venta","9":"product_tag-5cakb48","10":"product_tag-5f-mdmb-2201-5f-mdmb-2201-cannabinoid","11":"product_tag-5f-mdmb-2201-psiconauta","12":"product_tag-5f-mdmb-2201","13":"product_tag-5f-mdmb-2201-cayman","14":"product_tag-5f-mdmb-2201-revisiones","15":"product_tag-5f-mdmb-2201-reddit","16":"product_tag-5f-mdmb-2201-revisin","17":"product_tag-5f-mdmb-2201-wiki","18":"product_tag-5fmdmb2201-5f-mdmb-2201-kannabinoide","19":"product_tag-buy-5c-akb48-online","20":"product_tag-compra-5c-akb48-online","21":"product_tag-donde-comprar-5c-akb48-online","22":"product_tag-5f-mdmb-2201-dosis","23":"product_tag-el-mejor-lugar-para-comprar-5c-akb48-online","25":"first","26":"instock","27":"shipping-taxable","28":"purchasable","29":"product-type-variable"},"yoast_head":"<!-- This site is optimized with the Yoast SEO plugin v27.3 - https:\/\/yoast.com\/product\/yoast-seo-wordpress\/ -->\n<title>Compre 5c-akb48 de un proveedor confiable - Cannabinoides - Best Global Meds<\/title>\n<meta name=\"description\" content=\"Compre 5c-akb48 a la venta, 5c-akb48 al por mayor en el Reino Unido, solicite 5cakb48 al proveedor de Europa. 5c-akb48 es un cannabinoide sint\u00e9tico a base de indazol que se ha vendido en l\u00ednea como droga de dise\u00f1o.\" \/>\n<meta name=\"robots\" content=\"index, follow, max-snippet:-1, max-image-preview:large, max-video-preview:-1\" \/>\n<link rel=\"canonical\" href=\"https:\/\/medicinasinc.com\/es\/product\/comprar-5c-akb48\/\" \/>\n<meta property=\"og:locale\" content=\"es_ES\" \/>\n<meta property=\"og:type\" content=\"article\" \/>\n<meta property=\"og:title\" content=\"Compre 5c-akb48 de un proveedor confiable - Cannabinoides - Best Global Meds\" \/>\n<meta property=\"og:description\" content=\"Compre 5c-akb48 a la venta, 5c-akb48 al por mayor en el Reino Unido, solicite 5cakb48 al proveedor de Europa. 5c-akb48 es un cannabinoide sint\u00e9tico a base de indazol que se ha vendido en l\u00ednea como droga de dise\u00f1o.\" \/>\n<meta property=\"og:url\" content=\"https:\/\/medicinasinc.com\/es\/product\/comprar-5c-akb48\/\" \/>\n<meta property=\"og:site_name\" content=\"Medicinas Inc\" \/>\n<meta property=\"article:modified_time\" content=\"2022-03-22T00:09:24+00:00\" \/>\n<meta property=\"og:image\" content=\"https:\/\/medicinasinc.com\/es\/wp-content\/uploads\/sites\/15\/2022\/02\/Buy-5C-AKB48.png\" \/>\n\t<meta property=\"og:image:width\" content=\"500\" \/>\n\t<meta property=\"og:image:height\" content=\"500\" \/>\n\t<meta property=\"og:image:type\" content=\"image\/png\" \/>\n<meta name=\"twitter:card\" content=\"summary_large_image\" \/>\n<meta name=\"twitter:label1\" content=\"Tiempo de lectura\" \/>\n\t<meta name=\"twitter:data1\" content=\"3 minutos\" \/>\n<script type=\"application\/ld+json\" class=\"yoast-schema-graph\">{\"@context\":\"https:\\\/\\\/schema.org\",\"@graph\":[{\"@type\":\"WebPage\",\"@id\":\"https:\\\/\\\/medicinasinc.com\\\/es\\\/product\\\/comprar-5c-akb48\\\/\",\"url\":\"https:\\\/\\\/medicinasinc.com\\\/es\\\/product\\\/comprar-5c-akb48\\\/\",\"name\":\"Compre 5c-akb48 de un proveedor confiable - Cannabinoides - Best Global Meds\",\"isPartOf\":{\"@id\":\"https:\\\/\\\/medicinasinc.com\\\/es\\\/#website\"},\"primaryImageOfPage\":{\"@id\":\"https:\\\/\\\/medicinasinc.com\\\/es\\\/product\\\/comprar-5c-akb48\\\/#primaryimage\"},\"image\":{\"@id\":\"https:\\\/\\\/medicinasinc.com\\\/es\\\/product\\\/comprar-5c-akb48\\\/#primaryimage\"},\"thumbnailUrl\":\"https:\\\/\\\/medicinasinc.com\\\/es\\\/wp-content\\\/uploads\\\/sites\\\/15\\\/2022\\\/02\\\/Buy-5C-AKB48.png\",\"datePublished\":\"2022-02-22T08:07:13+00:00\",\"dateModified\":\"2022-03-22T00:09:24+00:00\",\"description\":\"Compre 5c-akb48 a la venta, 5c-akb48 al por mayor en el Reino Unido, solicite 5cakb48 al proveedor de Europa. 5c-akb48 es un cannabinoide sint\u00e9tico a base de indazol que se ha vendido en l\u00ednea como droga de dise\u00f1o.\",\"breadcrumb\":{\"@id\":\"https:\\\/\\\/medicinasinc.com\\\/es\\\/product\\\/comprar-5c-akb48\\\/#breadcrumb\"},\"inLanguage\":\"es\",\"potentialAction\":[{\"@type\":\"ReadAction\",\"target\":[\"https:\\\/\\\/medicinasinc.com\\\/es\\\/product\\\/comprar-5c-akb48\\\/\"]}]},{\"@type\":\"ImageObject\",\"inLanguage\":\"es\",\"@id\":\"https:\\\/\\\/medicinasinc.com\\\/es\\\/product\\\/comprar-5c-akb48\\\/#primaryimage\",\"url\":\"https:\\\/\\\/medicinasinc.com\\\/es\\\/wp-content\\\/uploads\\\/sites\\\/15\\\/2022\\\/02\\\/Buy-5C-AKB48.png\",\"contentUrl\":\"https:\\\/\\\/medicinasinc.com\\\/es\\\/wp-content\\\/uploads\\\/sites\\\/15\\\/2022\\\/02\\\/Buy-5C-AKB48.png\",\"width\":500,\"height\":500},{\"@type\":\"BreadcrumbList\",\"@id\":\"https:\\\/\\\/medicinasinc.com\\\/es\\\/product\\\/comprar-5c-akb48\\\/#breadcrumb\",\"itemListElement\":[{\"@type\":\"ListItem\",\"position\":1,\"name\":\"Tienda\",\"item\":\"https:\\\/\\\/medicinasinc.com\\\/es\\\/tienda\\\/\"},{\"@type\":\"ListItem\",\"position\":2,\"name\":\"Comprar 5C-AKB48\"}]},{\"@type\":\"WebSite\",\"@id\":\"https:\\\/\\\/medicinasinc.com\\\/es\\\/#website\",\"url\":\"https:\\\/\\\/medicinasinc.com\\\/es\\\/\",\"name\":\"Medicinas Inc\",\"description\":\"Cl\u00ednica M\u00e9dica de Salud\",\"potentialAction\":[{\"@type\":\"SearchAction\",\"target\":{\"@type\":\"EntryPoint\",\"urlTemplate\":\"https:\\\/\\\/medicinasinc.com\\\/es\\\/?s={search_term_string}\"},\"query-input\":{\"@type\":\"PropertyValueSpecification\",\"valueRequired\":true,\"valueName\":\"search_term_string\"}}],\"inLanguage\":\"es\"}]}<\/script>\n<!-- \/ Yoast SEO plugin. -->","yoast_head_json":{"title":"Compre 5c-akb48 de un proveedor confiable - Cannabinoides - Best Global Meds","description":"Compre 5c-akb48 a la venta, 5c-akb48 al por mayor en el Reino Unido, solicite 5cakb48 al proveedor de Europa. 5c-akb48 es un cannabinoide sint\u00e9tico a base de indazol que se ha vendido en l\u00ednea como droga de dise\u00f1o.","robots":{"index":"index","follow":"follow","max-snippet":"max-snippet:-1","max-image-preview":"max-image-preview:large","max-video-preview":"max-video-preview:-1"},"canonical":"https:\/\/medicinasinc.com\/es\/product\/comprar-5c-akb48\/","og_locale":"es_ES","og_type":"article","og_title":"Compre 5c-akb48 de un proveedor confiable - Cannabinoides - Best Global Meds","og_description":"Compre 5c-akb48 a la venta, 5c-akb48 al por mayor en el Reino Unido, solicite 5cakb48 al proveedor de Europa. 5c-akb48 es un cannabinoide sint\u00e9tico a base de indazol que se ha vendido en l\u00ednea como droga de dise\u00f1o.","og_url":"https:\/\/medicinasinc.com\/es\/product\/comprar-5c-akb48\/","og_site_name":"Medicinas Inc","article_modified_time":"2022-03-22T00:09:24+00:00","og_image":[{"width":500,"height":500,"url":"https:\/\/medicinasinc.com\/es\/wp-content\/uploads\/sites\/15\/2022\/02\/Buy-5C-AKB48.png","type":"image\/png"}],"twitter_card":"summary_large_image","twitter_misc":{"Tiempo de lectura":"3 minutos"},"schema":{"@context":"https:\/\/schema.org","@graph":[{"@type":"WebPage","@id":"https:\/\/medicinasinc.com\/es\/product\/comprar-5c-akb48\/","url":"https:\/\/medicinasinc.com\/es\/product\/comprar-5c-akb48\/","name":"Compre 5c-akb48 de un proveedor confiable - Cannabinoides - Best Global Meds","isPartOf":{"@id":"https:\/\/medicinasinc.com\/es\/#website"},"primaryImageOfPage":{"@id":"https:\/\/medicinasinc.com\/es\/product\/comprar-5c-akb48\/#primaryimage"},"image":{"@id":"https:\/\/medicinasinc.com\/es\/product\/comprar-5c-akb48\/#primaryimage"},"thumbnailUrl":"https:\/\/medicinasinc.com\/es\/wp-content\/uploads\/sites\/15\/2022\/02\/Buy-5C-AKB48.png","datePublished":"2022-02-22T08:07:13+00:00","dateModified":"2022-03-22T00:09:24+00:00","description":"Compre 5c-akb48 a la venta, 5c-akb48 al por mayor en el Reino Unido, solicite 5cakb48 al proveedor de Europa. 5c-akb48 es un cannabinoide sint\u00e9tico a base de indazol que se ha vendido en l\u00ednea como droga de dise\u00f1o.","breadcrumb":{"@id":"https:\/\/medicinasinc.com\/es\/product\/comprar-5c-akb48\/#breadcrumb"},"inLanguage":"es","potentialAction":[{"@type":"ReadAction","target":["https:\/\/medicinasinc.com\/es\/product\/comprar-5c-akb48\/"]}]},{"@type":"ImageObject","inLanguage":"es","@id":"https:\/\/medicinasinc.com\/es\/product\/comprar-5c-akb48\/#primaryimage","url":"https:\/\/medicinasinc.com\/es\/wp-content\/uploads\/sites\/15\/2022\/02\/Buy-5C-AKB48.png","contentUrl":"https:\/\/medicinasinc.com\/es\/wp-content\/uploads\/sites\/15\/2022\/02\/Buy-5C-AKB48.png","width":500,"height":500},{"@type":"BreadcrumbList","@id":"https:\/\/medicinasinc.com\/es\/product\/comprar-5c-akb48\/#breadcrumb","itemListElement":[{"@type":"ListItem","position":1,"name":"Tienda","item":"https:\/\/medicinasinc.com\/es\/tienda\/"},{"@type":"ListItem","position":2,"name":"Comprar 5C-AKB48"}]},{"@type":"WebSite","@id":"https:\/\/medicinasinc.com\/es\/#website","url":"https:\/\/medicinasinc.com\/es\/","name":"Medicinas Inc","description":"Cl\u00ednica M\u00e9dica de Salud","potentialAction":[{"@type":"SearchAction","target":{"@type":"EntryPoint","urlTemplate":"https:\/\/medicinasinc.com\/es\/?s={search_term_string}"},"query-input":{"@type":"PropertyValueSpecification","valueRequired":true,"valueName":"search_term_string"}}],"inLanguage":"es"}]}},"_links":{"self":[{"href":"https:\/\/medicinasinc.com\/es\/wp-json\/wp\/v2\/product\/5897","targetHints":{"allow":["GET"]}}],"collection":[{"href":"https:\/\/medicinasinc.com\/es\/wp-json\/wp\/v2\/product"}],"about":[{"href":"https:\/\/medicinasinc.com\/es\/wp-json\/wp\/v2\/types\/product"}],"replies":[{"embeddable":true,"href":"https:\/\/medicinasinc.com\/es\/wp-json\/wp\/v2\/comments?post=5897"}],"wp:featuredmedia":[{"embeddable":true,"href":"https:\/\/medicinasinc.com\/es\/wp-json\/wp\/v2\/media\/5928"}],"wp:attachment":[{"href":"https:\/\/medicinasinc.com\/es\/wp-json\/wp\/v2\/media?parent=5897"}],"wp:term":[{"taxonomy":"product_brand","embeddable":true,"href":"https:\/\/medicinasinc.com\/es\/wp-json\/wp\/v2\/product_brand?post=5897"},{"taxonomy":"product_cat","embeddable":true,"href":"https:\/\/medicinasinc.com\/es\/wp-json\/wp\/v2\/product_cat?post=5897"},{"taxonomy":"product_tag","embeddable":true,"href":"https:\/\/medicinasinc.com\/es\/wp-json\/wp\/v2\/product_tag?post=5897"}],"curies":[{"name":"wp","href":"https:\/\/api.w.org\/{rel}","templated":true}]}}