{"id":5893,"date":"2022-02-22T08:05:19","date_gmt":"2022-02-22T08:05:19","guid":{"rendered":"https:\/\/medicinasinc.com\/es\/?post_type=product&#038;p=5893"},"modified":"2022-03-22T00:09:35","modified_gmt":"2022-03-22T00:09:35","slug":"comprar-bencil-metil-cetona-bmk-polvo-online","status":"publish","type":"product","link":"https:\/\/medicinasinc.com\/es\/product\/comprar-bencil-metil-cetona-bmk-polvo-online\/","title":{"rendered":"Compre polvo de bencilmetilcetona (BMK) en l\u00ednea"},"content":{"rendered":"<p>Compra online de polvo BMK<\/p>\n<p>El polvo BMK se puede comprar online. La f\u00f3rmula qu\u00edmica de la fenilacetona es C6H5CH2COCH3. Es un aceite incoloro y soluble en disolventes org\u00e1nicos. Este qu\u00edmico generalmente se conoce como P2P, ya que se utiliza en la fabricaci\u00f3n de metanfetamina y anfetamina. La fenilacetona se produce en humanos como un metabolito de la anfetamina y la metanfetamina a trav\u00e9s de la desaminaci\u00f3n oxidativa mediada por FMO3.<\/p>\n<p>La fenilacetona, tambi\u00e9n conocida como bencilmetilcetona (BMK) o P2P, fue el precursor de la producci\u00f3n de anfetamina. Est\u00e1 regulado por la Uni\u00f3n Europea (UE) bajo el Reglamento (CE) 273\/2004 sobre precursores de drogas y el Reglamento del Consejo (CE) 111\/2005 sobre el intercambio de precursores de drogas. En consecuencia, los administradores deben obtener autorizaci\u00f3n de especialistas calificados para poseerlo, importarlo o transportarlo. Recientemente, no ha habido capturas de BMK a gran escala dentro de la UE. Tenemos un muy buen \u00edndice de satisfacci\u00f3n del cliente y estamos preparados para ser los principales proveedores en l\u00ednea de aceite de fenilacetona.<\/p>\n<p>La fenilacetona tambi\u00e9n se puede sintetizar a partir de precursores como APAAN (alfa-fenilacetoacetonitrilo). Recientemente, las importaciones de APAAN han estado en su punto m\u00e1s alto y, como resultado, se equilibr\u00f3 en la UE a fines de 2013. En marzo de 2014, la Comisi\u00f3n de Estupefacientes de las Naciones Unidas vot\u00f3 un\u00e1nimemente para regularlo a nivel mundial. <\/p>\n<p>Nuestros m\u00e9todos de env\u00edo y entrega son completamente seguros y simples para comprar aceite de fenilacetona en l\u00ednea. Estamos preparados para vender cantidades peque\u00f1as y grandes de nuestro aceite de fenilacetona en l\u00ednea. La calidad de nuestro aceite de fenilacetona en l\u00ednea es inigualable, y vendemos en peque\u00f1as\/grandes cantidades con la garant\u00eda de una entrega discreta en el momento oportuno despu\u00e9s de comprar el aceite de fenilacetona en l\u00ednea. Env\u00edos a trav\u00e9s de DHL, TNT o FedEx, entre otros. Adem\u00e1s, depende del modo de transporte del cliente al realizar un pedido de aceite de fenilacetona en l\u00ednea. No dude en comunicarse con nosotros cuando est\u00e9 listo para comprar fenilacetona, ya que ofrecemos el precio m\u00e1s econ\u00f3mico.<\/p>\n<p>Nuestro objetivo es simplificar la compra de una amplia variedad de nuestros productos. Una vez que realice un pedido de aceite de fenilacetona en l\u00ednea con nosotros, le asesoraremos sobre su compra. Nos aseguramos de que nuestros clientes reciban su paquete y aceite de fenilacetona de alta calidad, as\u00ed como que alcancen sus objetivos al garantizar que nuestros art\u00edculos reciban el tratamiento adecuado.<\/p>\n","protected":false},"excerpt":{"rendered":"<p>Compre polvo de bencilmetilcetona (BMK) en l\u00ednea. Nuestro polvo BMK est\u00e1 100% probado en laboratorio. Enviamos nuestro Polvo BMK como env\u00edo discreto y urgente<\/p>\n","protected":false},"featured_media":5922,"comment_status":"open","ping_status":"closed","template":"","meta":[],"product_brand":[],"product_cat":[2014],"product_tag":[],"class_list":{"0":"post-5893","1":"product","2":"type-product","3":"status-publish","4":"has-post-thumbnail","6":"product_cat-comprar-investigacion-quimicos","8":"first","9":"instock","10":"shipping-taxable","11":"purchasable","12":"product-type-variable"},"yoast_head":"<!-- This site is optimized with the Yoast SEO plugin v27.3 - https:\/\/yoast.com\/product\/yoast-seo-wordpress\/ -->\n<title>Comprar polvo de bencilmetilcetona (BMK) en l\u00ednea - Best Global Meds<\/title>\n<meta name=\"description\" content=\"Compre polvo de bencilmetilcetona (BMK) en l\u00ednea. Nuestro polvo BMK est\u00e1 100% probado en laboratorio. Enviamos nuestro polvo BMK como env\u00edo discreto y urgente\" \/>\n<meta name=\"robots\" content=\"index, follow, max-snippet:-1, max-image-preview:large, max-video-preview:-1\" \/>\n<link rel=\"canonical\" href=\"https:\/\/medicinasinc.com\/es\/product\/comprar-bencil-metil-cetona-bmk-polvo-online\/\" \/>\n<meta property=\"og:locale\" content=\"es_ES\" \/>\n<meta property=\"og:type\" content=\"article\" \/>\n<meta property=\"og:title\" content=\"Comprar polvo de bencilmetilcetona (BMK) en l\u00ednea - Best Global Meds\" \/>\n<meta property=\"og:description\" content=\"Compre polvo de bencilmetilcetona (BMK) en l\u00ednea. Nuestro polvo BMK est\u00e1 100% probado en laboratorio. Enviamos nuestro polvo BMK como env\u00edo discreto y urgente\" \/>\n<meta property=\"og:url\" content=\"https:\/\/medicinasinc.com\/es\/product\/comprar-bencil-metil-cetona-bmk-polvo-online\/\" \/>\n<meta property=\"og:site_name\" content=\"Medicinas Inc\" \/>\n<meta property=\"article:modified_time\" content=\"2022-03-22T00:09:35+00:00\" \/>\n<meta property=\"og:image\" content=\"https:\/\/medicinasinc.com\/es\/wp-content\/uploads\/sites\/15\/2022\/02\/buy-bmk-powder.jpg\" \/>\n\t<meta property=\"og:image:width\" content=\"447\" \/>\n\t<meta property=\"og:image:height\" content=\"389\" \/>\n\t<meta property=\"og:image:type\" content=\"image\/jpeg\" \/>\n<meta name=\"twitter:card\" content=\"summary_large_image\" \/>\n<meta name=\"twitter:label1\" content=\"Tiempo de lectura\" \/>\n\t<meta name=\"twitter:data1\" content=\"2 minutos\" \/>\n<script type=\"application\/ld+json\" class=\"yoast-schema-graph\">{\"@context\":\"https:\\\/\\\/schema.org\",\"@graph\":[{\"@type\":\"WebPage\",\"@id\":\"https:\\\/\\\/medicinasinc.com\\\/es\\\/product\\\/comprar-bencil-metil-cetona-bmk-polvo-online\\\/\",\"url\":\"https:\\\/\\\/medicinasinc.com\\\/es\\\/product\\\/comprar-bencil-metil-cetona-bmk-polvo-online\\\/\",\"name\":\"Comprar polvo de bencilmetilcetona (BMK) en l\u00ednea - Best Global Meds\",\"isPartOf\":{\"@id\":\"https:\\\/\\\/medicinasinc.com\\\/es\\\/#website\"},\"primaryImageOfPage\":{\"@id\":\"https:\\\/\\\/medicinasinc.com\\\/es\\\/product\\\/comprar-bencil-metil-cetona-bmk-polvo-online\\\/#primaryimage\"},\"image\":{\"@id\":\"https:\\\/\\\/medicinasinc.com\\\/es\\\/product\\\/comprar-bencil-metil-cetona-bmk-polvo-online\\\/#primaryimage\"},\"thumbnailUrl\":\"https:\\\/\\\/medicinasinc.com\\\/es\\\/wp-content\\\/uploads\\\/sites\\\/15\\\/2022\\\/02\\\/buy-bmk-powder.jpg\",\"datePublished\":\"2022-02-22T08:05:19+00:00\",\"dateModified\":\"2022-03-22T00:09:35+00:00\",\"description\":\"Compre polvo de bencilmetilcetona (BMK) en l\u00ednea. Nuestro polvo BMK est\u00e1 100% probado en laboratorio. Enviamos nuestro polvo BMK como env\u00edo discreto y urgente\",\"breadcrumb\":{\"@id\":\"https:\\\/\\\/medicinasinc.com\\\/es\\\/product\\\/comprar-bencil-metil-cetona-bmk-polvo-online\\\/#breadcrumb\"},\"inLanguage\":\"es\",\"potentialAction\":[{\"@type\":\"ReadAction\",\"target\":[\"https:\\\/\\\/medicinasinc.com\\\/es\\\/product\\\/comprar-bencil-metil-cetona-bmk-polvo-online\\\/\"]}]},{\"@type\":\"ImageObject\",\"inLanguage\":\"es\",\"@id\":\"https:\\\/\\\/medicinasinc.com\\\/es\\\/product\\\/comprar-bencil-metil-cetona-bmk-polvo-online\\\/#primaryimage\",\"url\":\"https:\\\/\\\/medicinasinc.com\\\/es\\\/wp-content\\\/uploads\\\/sites\\\/15\\\/2022\\\/02\\\/buy-bmk-powder.jpg\",\"contentUrl\":\"https:\\\/\\\/medicinasinc.com\\\/es\\\/wp-content\\\/uploads\\\/sites\\\/15\\\/2022\\\/02\\\/buy-bmk-powder.jpg\",\"width\":447,\"height\":389},{\"@type\":\"BreadcrumbList\",\"@id\":\"https:\\\/\\\/medicinasinc.com\\\/es\\\/product\\\/comprar-bencil-metil-cetona-bmk-polvo-online\\\/#breadcrumb\",\"itemListElement\":[{\"@type\":\"ListItem\",\"position\":1,\"name\":\"Tienda\",\"item\":\"https:\\\/\\\/medicinasinc.com\\\/es\\\/tienda\\\/\"},{\"@type\":\"ListItem\",\"position\":2,\"name\":\"Compre polvo de bencilmetilcetona (BMK) en l\u00ednea\"}]},{\"@type\":\"WebSite\",\"@id\":\"https:\\\/\\\/medicinasinc.com\\\/es\\\/#website\",\"url\":\"https:\\\/\\\/medicinasinc.com\\\/es\\\/\",\"name\":\"Medicinas Inc\",\"description\":\"Cl\u00ednica M\u00e9dica de Salud\",\"potentialAction\":[{\"@type\":\"SearchAction\",\"target\":{\"@type\":\"EntryPoint\",\"urlTemplate\":\"https:\\\/\\\/medicinasinc.com\\\/es\\\/?s={search_term_string}\"},\"query-input\":{\"@type\":\"PropertyValueSpecification\",\"valueRequired\":true,\"valueName\":\"search_term_string\"}}],\"inLanguage\":\"es\"}]}<\/script>\n<!-- \/ Yoast SEO plugin. -->","yoast_head_json":{"title":"Comprar polvo de bencilmetilcetona (BMK) en l\u00ednea - Best Global Meds","description":"Compre polvo de bencilmetilcetona (BMK) en l\u00ednea. Nuestro polvo BMK est\u00e1 100% probado en laboratorio. Enviamos nuestro polvo BMK como env\u00edo discreto y urgente","robots":{"index":"index","follow":"follow","max-snippet":"max-snippet:-1","max-image-preview":"max-image-preview:large","max-video-preview":"max-video-preview:-1"},"canonical":"https:\/\/medicinasinc.com\/es\/product\/comprar-bencil-metil-cetona-bmk-polvo-online\/","og_locale":"es_ES","og_type":"article","og_title":"Comprar polvo de bencilmetilcetona (BMK) en l\u00ednea - Best Global Meds","og_description":"Compre polvo de bencilmetilcetona (BMK) en l\u00ednea. Nuestro polvo BMK est\u00e1 100% probado en laboratorio. Enviamos nuestro polvo BMK como env\u00edo discreto y urgente","og_url":"https:\/\/medicinasinc.com\/es\/product\/comprar-bencil-metil-cetona-bmk-polvo-online\/","og_site_name":"Medicinas Inc","article_modified_time":"2022-03-22T00:09:35+00:00","og_image":[{"width":447,"height":389,"url":"https:\/\/medicinasinc.com\/es\/wp-content\/uploads\/sites\/15\/2022\/02\/buy-bmk-powder.jpg","type":"image\/jpeg"}],"twitter_card":"summary_large_image","twitter_misc":{"Tiempo de lectura":"2 minutos"},"schema":{"@context":"https:\/\/schema.org","@graph":[{"@type":"WebPage","@id":"https:\/\/medicinasinc.com\/es\/product\/comprar-bencil-metil-cetona-bmk-polvo-online\/","url":"https:\/\/medicinasinc.com\/es\/product\/comprar-bencil-metil-cetona-bmk-polvo-online\/","name":"Comprar polvo de bencilmetilcetona (BMK) en l\u00ednea - Best Global Meds","isPartOf":{"@id":"https:\/\/medicinasinc.com\/es\/#website"},"primaryImageOfPage":{"@id":"https:\/\/medicinasinc.com\/es\/product\/comprar-bencil-metil-cetona-bmk-polvo-online\/#primaryimage"},"image":{"@id":"https:\/\/medicinasinc.com\/es\/product\/comprar-bencil-metil-cetona-bmk-polvo-online\/#primaryimage"},"thumbnailUrl":"https:\/\/medicinasinc.com\/es\/wp-content\/uploads\/sites\/15\/2022\/02\/buy-bmk-powder.jpg","datePublished":"2022-02-22T08:05:19+00:00","dateModified":"2022-03-22T00:09:35+00:00","description":"Compre polvo de bencilmetilcetona (BMK) en l\u00ednea. Nuestro polvo BMK est\u00e1 100% probado en laboratorio. Enviamos nuestro polvo BMK como env\u00edo discreto y urgente","breadcrumb":{"@id":"https:\/\/medicinasinc.com\/es\/product\/comprar-bencil-metil-cetona-bmk-polvo-online\/#breadcrumb"},"inLanguage":"es","potentialAction":[{"@type":"ReadAction","target":["https:\/\/medicinasinc.com\/es\/product\/comprar-bencil-metil-cetona-bmk-polvo-online\/"]}]},{"@type":"ImageObject","inLanguage":"es","@id":"https:\/\/medicinasinc.com\/es\/product\/comprar-bencil-metil-cetona-bmk-polvo-online\/#primaryimage","url":"https:\/\/medicinasinc.com\/es\/wp-content\/uploads\/sites\/15\/2022\/02\/buy-bmk-powder.jpg","contentUrl":"https:\/\/medicinasinc.com\/es\/wp-content\/uploads\/sites\/15\/2022\/02\/buy-bmk-powder.jpg","width":447,"height":389},{"@type":"BreadcrumbList","@id":"https:\/\/medicinasinc.com\/es\/product\/comprar-bencil-metil-cetona-bmk-polvo-online\/#breadcrumb","itemListElement":[{"@type":"ListItem","position":1,"name":"Tienda","item":"https:\/\/medicinasinc.com\/es\/tienda\/"},{"@type":"ListItem","position":2,"name":"Compre polvo de bencilmetilcetona (BMK) en l\u00ednea"}]},{"@type":"WebSite","@id":"https:\/\/medicinasinc.com\/es\/#website","url":"https:\/\/medicinasinc.com\/es\/","name":"Medicinas Inc","description":"Cl\u00ednica M\u00e9dica de Salud","potentialAction":[{"@type":"SearchAction","target":{"@type":"EntryPoint","urlTemplate":"https:\/\/medicinasinc.com\/es\/?s={search_term_string}"},"query-input":{"@type":"PropertyValueSpecification","valueRequired":true,"valueName":"search_term_string"}}],"inLanguage":"es"}]}},"_links":{"self":[{"href":"https:\/\/medicinasinc.com\/es\/wp-json\/wp\/v2\/product\/5893","targetHints":{"allow":["GET"]}}],"collection":[{"href":"https:\/\/medicinasinc.com\/es\/wp-json\/wp\/v2\/product"}],"about":[{"href":"https:\/\/medicinasinc.com\/es\/wp-json\/wp\/v2\/types\/product"}],"replies":[{"embeddable":true,"href":"https:\/\/medicinasinc.com\/es\/wp-json\/wp\/v2\/comments?post=5893"}],"wp:featuredmedia":[{"embeddable":true,"href":"https:\/\/medicinasinc.com\/es\/wp-json\/wp\/v2\/media\/5922"}],"wp:attachment":[{"href":"https:\/\/medicinasinc.com\/es\/wp-json\/wp\/v2\/media?parent=5893"}],"wp:term":[{"taxonomy":"product_brand","embeddable":true,"href":"https:\/\/medicinasinc.com\/es\/wp-json\/wp\/v2\/product_brand?post=5893"},{"taxonomy":"product_cat","embeddable":true,"href":"https:\/\/medicinasinc.com\/es\/wp-json\/wp\/v2\/product_cat?post=5893"},{"taxonomy":"product_tag","embeddable":true,"href":"https:\/\/medicinasinc.com\/es\/wp-json\/wp\/v2\/product_tag?post=5893"}],"curies":[{"name":"wp","href":"https:\/\/api.w.org\/{rel}","templated":true}]}}