{"id":5890,"date":"2022-02-22T08:03:24","date_gmt":"2022-02-22T08:03:24","guid":{"rendered":"https:\/\/medicinasinc.com\/es\/?post_type=product&#038;p=5890"},"modified":"2022-03-22T00:09:50","modified_gmt":"2022-03-22T00:09:50","slug":"comprar-apaan-online-alfa-fenilacetoacetonitrilo","status":"publish","type":"product","link":"https:\/\/medicinasinc.com\/es\/product\/comprar-apaan-online-alfa-fenilacetoacetonitrilo\/","title":{"rendered":"Compre APAAN en l\u00ednea (alfa-fenilacetoacetonitrilo)"},"content":{"rendered":"<p>Compre APAAN en una farmacia en l\u00ednea acreditada.<\/p>\n<p>APAAN, n\u00famero de registro CAS 4468-48-8, es un polvo cristalino que var\u00eda en color de blanco a amarillo claro que se sintetiza a partir de cianuro de bencilo.<\/p>\n<p>\u00bfQu\u00e9 es APAAN (alfa-fenilacetoacetonitrilo)?<\/p>\n<p>El alfa-fenilacetoacetonitrilo es una sustancia qu\u00edmica con el n\u00famero CAS 4468-48-8 que la Ley de Sustancias Controladas clasifica como sustancia de la lista I (CSA). Se descubre que se est\u00e1 utilizando en laboratorios qu\u00edmicos clandestinos para fabricar il\u00edcitamente una sustancia restringida de la lista II conocida como fenil-2-propanona o P2P), metanfetamina y anfetamina. Como resultado, la DEA ha solicitado que se clasifique como sustancia controlada.<\/p>\n<p>Cualquier mezcla qu\u00edmica que contenga alfa-fenilacetoacetonitrilo est\u00e1 regulada por la CSA, excepto en circunstancias limitadas.<\/p>\n<p>\u00bfQu\u00e9 Cu\u00e1les son algunos sin\u00f3nimos de alfa fenilacetoacetonitrilo?<\/p>\n<p>Adem\u00e1s, se hace referencia al alfa fenilacetoacetonitrilo con los siguientes nombres:<\/p>\n<p>NSC 11777 NSC 25183 NSC 55206 APAAN 2-fenilacetoacetonitrilo<br \/> \u00bfCu\u00e1les son los muchos tipos de alfa fenilacetoacetonitrilo disponibles?<\/p>\n<p>Este producto qu\u00edmico est\u00e1 disponible en forma de polvo, amarillo, marr\u00f3n o blanco, as\u00ed como en formas cristalinas con un ligero tinte amarillo pajizo.<\/p>\n<p>\u00bfC\u00f3mo puedo comprar Alpha Phenylacetoacetonitrile?<\/p>\n<p>Alpha Phenylacetoacetonitrile est\u00e1 disponible para su compra a trav\u00e9s de nuestra tienda en l\u00ednea. Nuestro qu\u00edmico es extremadamente puro. No solo eso, sino que tambi\u00e9n lo recibir\u00e1 de nosotros a un precio significativamente m\u00e1s bajo que la mayor\u00eda de los otros proveedores en el mercado. Otro incentivo convincente para comprar en nuestra tienda en l\u00ednea es que lo distribuimos de forma discreta y segura a nuestros clientes en muchos lugares del mundo a trav\u00e9s de nuestros socios de mensajer\u00eda de confianza.<\/p>\n<p>\u00bfQu\u00e9 cualidades tiene Alpha Phenylacetoacetonitrile?<br \/> Las siguientes son las caracter\u00edsticas espec\u00edficas de este producto qu\u00edmico:<\/p>\n<p>Utilice una tabla para esta parte (punto de fusi\u00f3n, punto de ebullici\u00f3n, densidad, n\u00famero CAS, pureza y peso molecular, por ejemplo).<\/p>\n<p>\u00bfQu\u00e9 aplicaciones tiene el alfa fenilacetoacetonitrilo?<\/p>\n<p>El alfa fenilacetoacetonitrilo no tiene otro uso autorizado que no sea para fines de investigaci\u00f3n y desarrollo, as\u00ed como para fines anal\u00edticos en laboratorios.<\/p>\n<p>Varios proveedores conocidos de este qu\u00edmico incluyen lo siguiente:<br \/> La siguiente es una lista de proveedores de alfa fenilacetoacetonitrilo:<br \/> Aurum Pharmatech LLC Activate Scientific<br \/> Qu\u00edmicos de investigaci\u00f3n de heteroc\u00edclicos y bloques de construcci\u00f3n MolPort<br \/> Investigaci\u00f3n y desarrollo qu\u00edmico por Lobos<br \/> AK Scienti fic, Inc. (AKSCI) Alfa Chemistry Oakwood Products<br \/> APIChem Technology Vitas-M Laboratory LabNetwork, a WuXi AppTec Company Chemieliva Pharmaceutical Co., Ltd Hangzhou APIChem Technology Vitas-M Laboratory<br \/> \u00bfC\u00f3mo se sintetiza o se preparado?<\/p>\n<p>60 g de sodio puro con una masa de 2,6 \u00e1tomos gramo se combinan con 700 cc de alcohol absoluto. Se prepara una soluci\u00f3n de et\u00f3xido de sodio usando este m\u00e9todo en un matraz de fondo redondo de 2-1 equipado con un condensador de reflujo. A esta soluci\u00f3n calentada, se a\u00f1aden 234 go 2 moles de cianuro de bencilo puro y 264 go 3 moles de acetato de etilo seco y se agita adecuadamente. El condensador est\u00e1 sellado con un tubo de cloruro de calcio. La soluci\u00f3n se cuece en un ba\u00f1o de vapor durante dos horas y luego se deja durante la noche. A la ma\u00f1ana siguiente, notar\u00e1s que se han formado grumos en la mezcla. Como resultado, se usa una varilla de madera para revolver el l\u00edquido, lo que hace que los grumos se rompan. A continuaci\u00f3n, se utiliza una mezcla de congelaci\u00f3n para enfriarlo a una temperatura de 10\u00b0. A continuaci\u00f3n, la temperatura se mantiene a este nivel durante dos horas. Una de 6 pulgadas. Se utiliza un embudo B\u00fcchner para recoger la sal de sodio, que se enjuaga cuatro veces en el embudo con 250 cc. partes de \u00e9ter. Descubrir\u00e1 una torta de filtraci\u00f3n incolora equivalente a 250\u2013275 g. de sal de sodio seca, o 69\u201376% de la cantidad prevista. Combinar los filtrados y a\u00f1adirlos a la mezcla de congelaci\u00f3n.<\/p>\n<p>A temperatura ambiente, disolver la sal de sodio todav\u00eda h\u00fameda con \u00e9ter en 1,3 l de agua destilada agua y luego enfriar la soluci\u00f3n a 0\u00b0. Precipitar el nitrilo agregando suavemente 90 cc de \u00e1cido ac\u00e9tico glacial y agitando vigorosamente. Separar el precipitado mediante filtraci\u00f3n por succi\u00f3n y lavarlo cuatro veces en 250 cc de agua utilizando un embudo. Ahora deber\u00eda tener una torta h\u00fameda de -fenilacetoacetonitrilo con un peso de 300 g (188-206 g). Est\u00e1 seco en un 59 a 64 por ciento y tiene un punto de fusi\u00f3n de 87 a 89 \u00b0, lo cual es adecuado para la mayor\u00eda de las aplicaciones.<\/p>\n<p>Si se desea la recristalizaci\u00f3n del producto qu\u00edmico crudo, disuelva la torta h\u00fameda en 100 cc de alcohol met\u00edlico hirviendo. Filtrar la soluci\u00f3n y enfriarla a una temperatura de 10\u00b0 agitando. Filtre con succi\u00f3n los cristales y l\u00e1velos una vez con 40 cc de alcohol met\u00edlico enfriado a 10\u00b0. El producto pesa 173\u2013191 g (54%\u201360%) cuando est\u00e1 seco y tiene un punto de fusi\u00f3n de 88,5\u201389,5\u00b0. En un 5-1. matraz, combine los filtrados y lavados de la separaci\u00f3n de sal de sodio. Puede diluirlo con agua helada hasta el punto en que el matraz est\u00e9 completamente lleno. Sifonando, eliminar totalmente la capa inferior. Una porci\u00f3n significativa del \u00e9ter se puede eliminar por decantaci\u00f3n y el resto se separa con un embudo de decantaci\u00f3n.<\/p>\n<p>Extraiga la capa acuosa dos veces m\u00e1s con 500 cc partes de \u00e9ter y luego deseche los extractos et\u00e9reos.<\/p>\n<p>A presi\u00f3n reducida, puede eliminar cualquier resto de \u00e9ter en la capa acuosa aspirando aire a trav\u00e9s de la soluci\u00f3n durante una hora con una bomba de succi\u00f3n. A\u00f1adiendo 60 cc de \u00e1cido ac\u00e9tico glacial, precipitar el -fenilacetoacetonitrilo.<\/p>\n<p>Si se desecha el aceite, sumergir el matraz en un ba\u00f1o de hielo hasta que cristalice el precipitado. Separe los cristales mediante filtraci\u00f3n por succi\u00f3n y l\u00e1velos cuatro veces en un embudo lleno con 50 cc de agua. El material de color tostado pesa entre 50 y 55 gy tiene un punto de fusi\u00f3n de 83 a 86\u00b0 cuando se seca. Luego disolverlo en las aguas madres de alcohol met\u00edlico sobrantes de la cristalizaci\u00f3n del lote anterior. A continuaci\u00f3n, la soluci\u00f3n resultante se calienta en presencia de trazas de Norite. Se filtra y se enfr\u00eda a una temperatura de 10\u00b0. Recoja los cristales creados con un filtro y l\u00e1velos con 10 cc de alcohol met\u00edlico fr\u00edo, seguido de secado. Luego se obtiene una sustancia de 43 a 48 gramos con un color pajizo p\u00e1lido y un punto de fusi\u00f3n de 87 a 89\u00b0. Se recristaliza a partir de una soluci\u00f3n de 25 cc de alcohol met\u00edlico puro y 10 cc de alcohol met\u00edlico fr\u00edo. Se produce un material de 37 a 41 g con un punto de fusi\u00f3n de 88,5 a 89,5 \u00b0. Esto da como resultado un material total de esta pureza que pesa entre 210 y 232 g, o del 66 al 73 por ciento de la cantidad te\u00f3rica.<\/p>\n<p>\u00bfQu\u00e9 cualidades tiene el alfa fenilacetoacetonitrilo?<\/p>\n<p>Las siguientes son las caracter\u00edsticas espec\u00edficas de este producto qu\u00edmico:<\/p>\n<p>Peso molecular: 159,188 g\/mol Masa exacta: 159,068 g\/mol CAS: 4468-48-8<br \/> 99,8 % de pureza<br \/> \u00bfCu\u00e1nto contiene Alpha \u00bfCosto del fenilacetoacetonitrilo?<\/p>\n<p>El costo de este producto qu\u00edmico var\u00eda seg\u00fan el proveedor. El precio real est\u00e1 determinado por el descuento otorgado por un minorista en l\u00ednea y la cantidad de producto qu\u00edmico comprado. Te aseguramos que en nuestra tienda lo encontrar\u00e1s al mejor precio del mercado. Adem\u00e1s, garantizamos la calidad del producto y la entrega r\u00e1pida a su hogar.<\/p>\n<p>\u00bfC\u00f3mo se clasifica legalmente el alfa fenilacetoacetonitrilo?<\/p>\n<p>Debido al hecho de que el alfa fenilacetoacetonitrilo es una sustancia qu\u00edmica de la Lista I, todas las transacciones que lo involucran, independientemente de su cantidad, est\u00e1n controlados.<\/p>\n<p>Los fabricantes de mezclas que contengan este qu\u00edmico que no califiquen para la exenci\u00f3n autom\u00e1tica deben presentar una solicitud de exenci\u00f3n, ya que todas las mezclas qu\u00edmicas que lo incluyen en cualquier concentraci\u00f3n est\u00e1n reguladas. <\/p>\n<p>\u00bfCu\u00e1les son las advertencias asociadas con este qu\u00edmico que debe cumplir?<\/p>\n<p>Se debe tener cierto cuidado para proteger su seguridad al manipular esta sustancia. Las siguientes son las advertencias y precauciones:<\/p>\n<p>Si se ingiere por v\u00eda oral, este producto qu\u00edmico es extremadamente peligroso. Por lo tanto, ev\u00edtelo a toda costa.<br \/> Debido a que es peligroso si entra en contacto con su carne, debe manipularlos con extrema precauci\u00f3n y usar guantes para proteger su piel.<br \/> experimenta irritaci\u00f3n de la piel e incluso puede corroerse, as\u00ed que evite el contacto cercano.<br \/> Debido a que se sabe que el qu\u00edmico causa irritaci\u00f3n severa y da\u00f1o a los ojos, es fundamental usar gafas protectoras que cubran completamente los ojos, evitando as\u00ed el contacto involuntario. con los ojos.<br \/> Se encontr\u00f3 que era extremadamente peligroso cuando se inhala. Por lo tanto, se debe cubrir la cara para evitar la inhalaci\u00f3n involuntaria de la sustancia qu\u00edmica mientras se realizan investigaciones, desarrollos o an\u00e1lisis.<br \/> El medicamento es lo suficientemente potente como para producir molestias respiratorias. Incluso una sola exposici\u00f3n puede producir toxicidad en el \u00f3rgano objetivo. Es posible que se produzca una inflamaci\u00f3n grave, especialmente en las v\u00edas respiratorias.<\/p>\n<p>Comprar APAAN en l\u00ednea | Compra APAAN En Venta | Compra APAAN en l\u00ednea | Compre APAAN en l\u00ednea (EE. UU., CHINA, REINO UNIDO, EN TODO EL MUNDO)<\/p>\n","protected":false},"excerpt":{"rendered":"<p>Compre APAAN (alfa-fenilacetoacetonitrilo) para la venta en Europa, Reino Unido en l\u00ednea sin receta. Ordene APAAN (alfa-fenilacetoacetonitrilo) en l\u00ednea.<\/p>\n<p>APAAN (alfa-fenilacetoacetonitrilo) es un est\u00e1ndar anal\u00edtico de referencia con una estructura similar a la anfetamina.<\/p>\n<p>-acetilbencenoacetonitrilo<\/p>\n<p> 4468-48-8 CAS No.<\/p>\n<p>Sin\u00f3nimos: APAAN, 2-fenilacetoacetonitrilo<\/p>\n<p>F\u00f3rmula molecular: C10H9NO<\/p>\n<p>Peso de la f\u00f3rmula: 159,2<\/p>\n<p>Pureza :\u226598%<\/p>\n<p>Formulaci\u00f3n :Un s\u00f3lido cristalino<\/p>\n<p>\u03bbmax :264 nm<\/p>\n<p>Almacenamiento :-20\u00b0C<\/p>\n<p>Estabilidad :\u2265 2 a\u00f1os<\/p>\n","protected":false},"featured_media":5916,"comment_status":"open","ping_status":"closed","template":"","meta":[],"product_brand":[],"product_cat":[703],"product_tag":[],"class_list":{"0":"post-5890","1":"product","2":"type-product","3":"status-publish","4":"has-post-thumbnail","6":"product_cat-comprar-drogas-psicodelicas","8":"first","9":"instock","10":"shipping-taxable","11":"purchasable","12":"product-type-variable"},"yoast_head":"<!-- This site is optimized with the Yoast SEO plugin v27.3 - https:\/\/yoast.com\/product\/yoast-seo-wordpress\/ -->\n<title>Compre APAAN en l\u00ednea (alfa-fenilacetoacetonitrilo) - Best Global Meds<\/title>\n<meta name=\"description\" content=\"Compre APAAN (alfa-fenilacetoacetonitrilo) a la venta en Europa, Reino Unido en l\u00ednea sin receta. Ordene APAAN (alfa-fenilacetoacetonitrilo) en l\u00ednea.\" \/>\n<meta name=\"robots\" content=\"index, follow, max-snippet:-1, max-image-preview:large, max-video-preview:-1\" \/>\n<link rel=\"canonical\" href=\"https:\/\/medicinasinc.com\/es\/product\/comprar-apaan-online-alfa-fenilacetoacetonitrilo\/\" \/>\n<meta property=\"og:locale\" content=\"es_ES\" \/>\n<meta property=\"og:type\" content=\"article\" \/>\n<meta property=\"og:title\" content=\"Compre APAAN en l\u00ednea (alfa-fenilacetoacetonitrilo) - Best Global Meds\" \/>\n<meta property=\"og:description\" content=\"Compre APAAN (alfa-fenilacetoacetonitrilo) a la venta en Europa, Reino Unido en l\u00ednea sin receta. Ordene APAAN (alfa-fenilacetoacetonitrilo) en l\u00ednea.\" \/>\n<meta property=\"og:url\" content=\"https:\/\/medicinasinc.com\/es\/product\/comprar-apaan-online-alfa-fenilacetoacetonitrilo\/\" \/>\n<meta property=\"og:site_name\" content=\"Medicinas Inc\" \/>\n<meta property=\"article:modified_time\" content=\"2022-03-22T00:09:50+00:00\" \/>\n<meta property=\"og:image\" content=\"https:\/\/medicinasinc.com\/es\/wp-content\/uploads\/sites\/15\/2022\/02\/buy-apaan-alpha-phenylacetoacetonitrile.jpg\" \/>\n\t<meta property=\"og:image:width\" content=\"600\" \/>\n\t<meta property=\"og:image:height\" content=\"600\" \/>\n\t<meta property=\"og:image:type\" content=\"image\/jpeg\" \/>\n<meta name=\"twitter:card\" content=\"summary_large_image\" \/>\n<meta name=\"twitter:label1\" content=\"Tiempo de lectura\" \/>\n\t<meta name=\"twitter:data1\" content=\"6 minutos\" \/>\n<script type=\"application\/ld+json\" class=\"yoast-schema-graph\">{\"@context\":\"https:\\\/\\\/schema.org\",\"@graph\":[{\"@type\":\"WebPage\",\"@id\":\"https:\\\/\\\/medicinasinc.com\\\/es\\\/product\\\/comprar-apaan-online-alfa-fenilacetoacetonitrilo\\\/\",\"url\":\"https:\\\/\\\/medicinasinc.com\\\/es\\\/product\\\/comprar-apaan-online-alfa-fenilacetoacetonitrilo\\\/\",\"name\":\"Compre APAAN en l\u00ednea (alfa-fenilacetoacetonitrilo) - Best Global Meds\",\"isPartOf\":{\"@id\":\"https:\\\/\\\/medicinasinc.com\\\/es\\\/#website\"},\"primaryImageOfPage\":{\"@id\":\"https:\\\/\\\/medicinasinc.com\\\/es\\\/product\\\/comprar-apaan-online-alfa-fenilacetoacetonitrilo\\\/#primaryimage\"},\"image\":{\"@id\":\"https:\\\/\\\/medicinasinc.com\\\/es\\\/product\\\/comprar-apaan-online-alfa-fenilacetoacetonitrilo\\\/#primaryimage\"},\"thumbnailUrl\":\"https:\\\/\\\/medicinasinc.com\\\/es\\\/wp-content\\\/uploads\\\/sites\\\/15\\\/2022\\\/02\\\/buy-apaan-alpha-phenylacetoacetonitrile.jpg\",\"datePublished\":\"2022-02-22T08:03:24+00:00\",\"dateModified\":\"2022-03-22T00:09:50+00:00\",\"description\":\"Compre APAAN (alfa-fenilacetoacetonitrilo) a la venta en Europa, Reino Unido en l\u00ednea sin receta. Ordene APAAN (alfa-fenilacetoacetonitrilo) en l\u00ednea.\",\"breadcrumb\":{\"@id\":\"https:\\\/\\\/medicinasinc.com\\\/es\\\/product\\\/comprar-apaan-online-alfa-fenilacetoacetonitrilo\\\/#breadcrumb\"},\"inLanguage\":\"es\",\"potentialAction\":[{\"@type\":\"ReadAction\",\"target\":[\"https:\\\/\\\/medicinasinc.com\\\/es\\\/product\\\/comprar-apaan-online-alfa-fenilacetoacetonitrilo\\\/\"]}]},{\"@type\":\"ImageObject\",\"inLanguage\":\"es\",\"@id\":\"https:\\\/\\\/medicinasinc.com\\\/es\\\/product\\\/comprar-apaan-online-alfa-fenilacetoacetonitrilo\\\/#primaryimage\",\"url\":\"https:\\\/\\\/medicinasinc.com\\\/es\\\/wp-content\\\/uploads\\\/sites\\\/15\\\/2022\\\/02\\\/buy-apaan-alpha-phenylacetoacetonitrile.jpg\",\"contentUrl\":\"https:\\\/\\\/medicinasinc.com\\\/es\\\/wp-content\\\/uploads\\\/sites\\\/15\\\/2022\\\/02\\\/buy-apaan-alpha-phenylacetoacetonitrile.jpg\",\"width\":600,\"height\":600},{\"@type\":\"BreadcrumbList\",\"@id\":\"https:\\\/\\\/medicinasinc.com\\\/es\\\/product\\\/comprar-apaan-online-alfa-fenilacetoacetonitrilo\\\/#breadcrumb\",\"itemListElement\":[{\"@type\":\"ListItem\",\"position\":1,\"name\":\"Tienda\",\"item\":\"https:\\\/\\\/medicinasinc.com\\\/es\\\/tienda\\\/\"},{\"@type\":\"ListItem\",\"position\":2,\"name\":\"Compre APAAN en l\u00ednea (alfa-fenilacetoacetonitrilo)\"}]},{\"@type\":\"WebSite\",\"@id\":\"https:\\\/\\\/medicinasinc.com\\\/es\\\/#website\",\"url\":\"https:\\\/\\\/medicinasinc.com\\\/es\\\/\",\"name\":\"Medicinas Inc\",\"description\":\"Cl\u00ednica M\u00e9dica de Salud\",\"potentialAction\":[{\"@type\":\"SearchAction\",\"target\":{\"@type\":\"EntryPoint\",\"urlTemplate\":\"https:\\\/\\\/medicinasinc.com\\\/es\\\/?s={search_term_string}\"},\"query-input\":{\"@type\":\"PropertyValueSpecification\",\"valueRequired\":true,\"valueName\":\"search_term_string\"}}],\"inLanguage\":\"es\"}]}<\/script>\n<!-- \/ Yoast SEO plugin. -->","yoast_head_json":{"title":"Compre APAAN en l\u00ednea (alfa-fenilacetoacetonitrilo) - Best Global Meds","description":"Compre APAAN (alfa-fenilacetoacetonitrilo) a la venta en Europa, Reino Unido en l\u00ednea sin receta. Ordene APAAN (alfa-fenilacetoacetonitrilo) en l\u00ednea.","robots":{"index":"index","follow":"follow","max-snippet":"max-snippet:-1","max-image-preview":"max-image-preview:large","max-video-preview":"max-video-preview:-1"},"canonical":"https:\/\/medicinasinc.com\/es\/product\/comprar-apaan-online-alfa-fenilacetoacetonitrilo\/","og_locale":"es_ES","og_type":"article","og_title":"Compre APAAN en l\u00ednea (alfa-fenilacetoacetonitrilo) - Best Global Meds","og_description":"Compre APAAN (alfa-fenilacetoacetonitrilo) a la venta en Europa, Reino Unido en l\u00ednea sin receta. Ordene APAAN (alfa-fenilacetoacetonitrilo) en l\u00ednea.","og_url":"https:\/\/medicinasinc.com\/es\/product\/comprar-apaan-online-alfa-fenilacetoacetonitrilo\/","og_site_name":"Medicinas Inc","article_modified_time":"2022-03-22T00:09:50+00:00","og_image":[{"width":600,"height":600,"url":"https:\/\/medicinasinc.com\/es\/wp-content\/uploads\/sites\/15\/2022\/02\/buy-apaan-alpha-phenylacetoacetonitrile.jpg","type":"image\/jpeg"}],"twitter_card":"summary_large_image","twitter_misc":{"Tiempo de lectura":"6 minutos"},"schema":{"@context":"https:\/\/schema.org","@graph":[{"@type":"WebPage","@id":"https:\/\/medicinasinc.com\/es\/product\/comprar-apaan-online-alfa-fenilacetoacetonitrilo\/","url":"https:\/\/medicinasinc.com\/es\/product\/comprar-apaan-online-alfa-fenilacetoacetonitrilo\/","name":"Compre APAAN en l\u00ednea (alfa-fenilacetoacetonitrilo) - Best Global Meds","isPartOf":{"@id":"https:\/\/medicinasinc.com\/es\/#website"},"primaryImageOfPage":{"@id":"https:\/\/medicinasinc.com\/es\/product\/comprar-apaan-online-alfa-fenilacetoacetonitrilo\/#primaryimage"},"image":{"@id":"https:\/\/medicinasinc.com\/es\/product\/comprar-apaan-online-alfa-fenilacetoacetonitrilo\/#primaryimage"},"thumbnailUrl":"https:\/\/medicinasinc.com\/es\/wp-content\/uploads\/sites\/15\/2022\/02\/buy-apaan-alpha-phenylacetoacetonitrile.jpg","datePublished":"2022-02-22T08:03:24+00:00","dateModified":"2022-03-22T00:09:50+00:00","description":"Compre APAAN (alfa-fenilacetoacetonitrilo) a la venta en Europa, Reino Unido en l\u00ednea sin receta. Ordene APAAN (alfa-fenilacetoacetonitrilo) en l\u00ednea.","breadcrumb":{"@id":"https:\/\/medicinasinc.com\/es\/product\/comprar-apaan-online-alfa-fenilacetoacetonitrilo\/#breadcrumb"},"inLanguage":"es","potentialAction":[{"@type":"ReadAction","target":["https:\/\/medicinasinc.com\/es\/product\/comprar-apaan-online-alfa-fenilacetoacetonitrilo\/"]}]},{"@type":"ImageObject","inLanguage":"es","@id":"https:\/\/medicinasinc.com\/es\/product\/comprar-apaan-online-alfa-fenilacetoacetonitrilo\/#primaryimage","url":"https:\/\/medicinasinc.com\/es\/wp-content\/uploads\/sites\/15\/2022\/02\/buy-apaan-alpha-phenylacetoacetonitrile.jpg","contentUrl":"https:\/\/medicinasinc.com\/es\/wp-content\/uploads\/sites\/15\/2022\/02\/buy-apaan-alpha-phenylacetoacetonitrile.jpg","width":600,"height":600},{"@type":"BreadcrumbList","@id":"https:\/\/medicinasinc.com\/es\/product\/comprar-apaan-online-alfa-fenilacetoacetonitrilo\/#breadcrumb","itemListElement":[{"@type":"ListItem","position":1,"name":"Tienda","item":"https:\/\/medicinasinc.com\/es\/tienda\/"},{"@type":"ListItem","position":2,"name":"Compre APAAN en l\u00ednea (alfa-fenilacetoacetonitrilo)"}]},{"@type":"WebSite","@id":"https:\/\/medicinasinc.com\/es\/#website","url":"https:\/\/medicinasinc.com\/es\/","name":"Medicinas Inc","description":"Cl\u00ednica M\u00e9dica de Salud","potentialAction":[{"@type":"SearchAction","target":{"@type":"EntryPoint","urlTemplate":"https:\/\/medicinasinc.com\/es\/?s={search_term_string}"},"query-input":{"@type":"PropertyValueSpecification","valueRequired":true,"valueName":"search_term_string"}}],"inLanguage":"es"}]}},"_links":{"self":[{"href":"https:\/\/medicinasinc.com\/es\/wp-json\/wp\/v2\/product\/5890","targetHints":{"allow":["GET"]}}],"collection":[{"href":"https:\/\/medicinasinc.com\/es\/wp-json\/wp\/v2\/product"}],"about":[{"href":"https:\/\/medicinasinc.com\/es\/wp-json\/wp\/v2\/types\/product"}],"replies":[{"embeddable":true,"href":"https:\/\/medicinasinc.com\/es\/wp-json\/wp\/v2\/comments?post=5890"}],"wp:featuredmedia":[{"embeddable":true,"href":"https:\/\/medicinasinc.com\/es\/wp-json\/wp\/v2\/media\/5916"}],"wp:attachment":[{"href":"https:\/\/medicinasinc.com\/es\/wp-json\/wp\/v2\/media?parent=5890"}],"wp:term":[{"taxonomy":"product_brand","embeddable":true,"href":"https:\/\/medicinasinc.com\/es\/wp-json\/wp\/v2\/product_brand?post=5890"},{"taxonomy":"product_cat","embeddable":true,"href":"https:\/\/medicinasinc.com\/es\/wp-json\/wp\/v2\/product_cat?post=5890"},{"taxonomy":"product_tag","embeddable":true,"href":"https:\/\/medicinasinc.com\/es\/wp-json\/wp\/v2\/product_tag?post=5890"}],"curies":[{"name":"wp","href":"https:\/\/api.w.org\/{rel}","templated":true}]}}