{"id":5886,"date":"2022-02-22T07:58:50","date_gmt":"2022-02-22T07:58:50","guid":{"rendered":"https:\/\/medicinasinc.com\/es\/?post_type=product&#038;p=5886"},"modified":"2022-03-22T00:10:00","modified_gmt":"2022-03-22T00:10:00","slug":"comprar-dilaudid-4-mg","status":"publish","type":"product","link":"https:\/\/medicinasinc.com\/es\/product\/comprar-dilaudid-4-mg\/","title":{"rendered":"Comprar Dilaudid 4 mg"},"content":{"rendered":"<p>\u00a1Compre dilaudid 4 mg en el Reino Unido y Europa en nuestra farmacia en l\u00ednea Global med con entrega internacional r\u00e1pida! \u00a1Obtendr\u00e1 el mejor Dilaudid 4 mg para comprar aqu\u00ed!<\/p>\n<p>Dilaudid 4 mg, hidromorfona es un analg\u00e9sico narc\u00f3tico. Ocasionalmente se hace referencia a un opioide como narc\u00f3tico.<\/p>\n<p>Dilaudid 4 mg es un medicamento recetado que se usa para tratar el dolor moderado a intenso.<\/p>\n<p>Si adquiere Dilaudid en l\u00ednea, tambi\u00e9n puede obtener dosis informaci\u00f3n. Debe tomar de 2 mg a 4 mg seg\u00fan lo recetado para el tratamiento inicial.<\/p>\n<p>Este medicamento est\u00e1 disponible en una formulaci\u00f3n de liberaci\u00f3n prolongada para el tratamiento del dolor moderado a intenso las 24 horas del d\u00eda. Esta forma de dosificaci\u00f3n de Dilaudid 4 mg no est\u00e1 dise\u00f1ada para usarse seg\u00fan sea necesario para el dolor.<\/p>\n<p>La hidromorfona Dilaudid 4 mg tambi\u00e9n se puede usar para otros usos no incluidos en esta gu\u00eda de medicamentos.<\/p>\n<p>Qu\u00e9 \u00bfCu\u00e1l es la informaci\u00f3n m\u00e1s cr\u00edtica que debo tener en cuenta con respecto a la hidromorfona?<\/p>\n<p>Si tiene problemas respiratorios graves o una obstrucci\u00f3n en el est\u00f3mago o los intestinos, no debe usar hidromorfona.<\/p>\n<p>4 mg La hidromorfona dilaudid puede causar el cese r\u00e1pido o completo de la respiraci\u00f3n y puede convertirse en un h\u00e1bito. Para evitar una dosis potencialmente letal, tome solo la dosis recetada y trague una p\u00edldora de liberaci\u00f3n prolongada entera. Nunca le d\u00e9 Dilaudid 4 mg a otra persona.<\/p>\n<p>&nbsp;<\/p>\n<p>EL USO INADECUADO DE MEDICAMENTOS NARC\u00d3TICOS PUEDE RESULTAR EN ADICCI\u00d3N, SOBREDOSIS O LA MUERTE, particularmente en ni\u00f1os u otras personas que obtengan el medicamento sin una receta m\u00e9dica.<\/p>\n<p>Si la madre tom\u00f3 Dilaudid 4 mg durante el embarazo, el reci\u00e9n nacido puede experimentar s\u00edntomas de abstinencia potencialmente mortales.<\/p>\n<p>No consuma bebidas alcoh\u00f3licas.<\/p>\n<p>Hay existe la posibilidad de efectos adversos peligrosos, incluida la muerte.<\/p>\n<p>\u00bfQu\u00e9 debo discutir con mi m\u00e9dico antes de iniciar el tratamiento con hidromorfona?<\/p>\n<p>No debe tomar este medicamento si alguna vez ha tenido una respuesta adversa a la hidromorfona o cualquier otro medicamento narc\u00f3tico, o si tiene alguna de las siguientes condiciones:<\/p>\n<p>asma severa o dificultad para respirar; una obstrucci\u00f3n en su est\u00f3mago o intestinos; o \u00edleo paral\u00edtico, una obstrucci\u00f3n intestinal.<\/p>\n<p>Si ha usado un inhibidor de la MAO en los \u00faltimos 14 d\u00edas, no tome Dilaudid 4 mg de hidromorfona. Puede ocurrir una interacci\u00f3n de medicamentos potencialmente da\u00f1ina. La isocarboxazida, la linezolida, la inyecci\u00f3n de azul de metileno, la fenelzina, la rasagilina, la selegilina y la tranilcipromina son todos inhibidores de la MAO.<\/p>\n<p>Ciertos medicamentos pueden interactuar con la hidromorfona y provocar una enfermedad potencialmente mortal llamada s\u00edndrome serotonin\u00e9rgico. Aseg\u00farese de que su m\u00e9dico est\u00e9 al tanto de cualquier medicamento que est\u00e9 tomando para la depresi\u00f3n, la enfermedad mental, la enfermedad de Parkinson, las migra\u00f1as, las infecciones graves o la prevenci\u00f3n de las n\u00e1useas y los v\u00f3mitos. Consulte a su m\u00e9dico antes de realizar cualquier cambio en la forma o la frecuencia con la que toma sus medicamentos.<\/p>\n<p>Es posible que no pueda tomar Dilaudid 4 mg de hidromorfona si actualmente no est\u00e1 usando un analg\u00e9sico opioide (narc\u00f3tico) y son tolerantes con ella. Consulte a su m\u00e9dico si no est\u00e1 seguro de si es tolerante a los opioides.<\/p>\n<p>Para asegurarse de que la hidromorfona sea segura para usted, informe a su m\u00e9dico si tiene alguno de los siguientes:<\/p>\n<p>cualquier tipo de dificultad para respirar o enfermedad pulmonar; antecedentes de conmoci\u00f3n cerebral, tumor cerebral o convulsiones; antecedentes de abuso de sustancias, alcoholismo o enfermedad mental; problemas para orinar; enfermedad hep\u00e1tica o renal; alergia al sulfito; enfermedad de Addison u otros trastornos de las gl\u00e1ndulas suprarrenales; problemas con su ves\u00edcula biliar, p\u00e1ncreas o tiroides; o si est\u00e1 tomando un sedante como Valium (diazepam, alprazolam, lorazepam, Ativan, Klonopin, Restoril, Tranxene, Versed, Xanax y otros).<\/p>\n","protected":false},"excerpt":{"rendered":"<p>\u00a1Compre dilaudid 4 mg a la venta en el Reino Unido, Europa en nuestra tienda en l\u00ednea Best Global meds con entrega r\u00e1pida en todo el mundo! \u00a1El mejor Dilaudid 4 mg para ordenar lo encontrar\u00e1 aqu\u00ed!<\/p>\n<p>Dilaudid 4 mg, hidromorfona puede causar respiraci\u00f3n lenta o detenida y puede convertirse en un h\u00e1bito. Para evitar una dosis potencialmente letal, tome solo la dosis recetada y trague una p\u00edldora de liberaci\u00f3n prolongada entera. Nunca le d\u00e9 a otra persona Dilaudid 4 mg.<\/p>\n","protected":false},"featured_media":5911,"comment_status":"open","ping_status":"closed","template":"","meta":[],"product_brand":[],"product_cat":[1117],"product_tag":[4045,4047,4049,4046,4051,4050,4048],"class_list":{"0":"post-5886","1":"product","2":"type-product","3":"status-publish","4":"has-post-thumbnail","6":"product_cat-compre-pastillas-para-el-dolor-el-sueno-y-el-sexo","7":"product_tag-buy-dilaudid-4-mg-online","8":"product_tag-como-comprar-dilaudid-4-mg-online","9":"product_tag-compra-dilaudid-4-mg-online","10":"product_tag-dilaudid-4-mg-para-la-venta","11":"product_tag-donde-comprar-dilaudid-4-mg-online","12":"product_tag-el-mejor-lugar-para-comprar-dilaudid-4-mg-online","13":"product_tag-ordenar-dilaudid-4-mg-online","15":"first","16":"instock","17":"featured","18":"shipping-taxable","19":"purchasable","20":"product-type-variable","21":"has-default-attributes"},"yoast_head":"<!-- This site is optimized with the Yoast SEO plugin v27.3 - https:\/\/yoast.com\/product\/yoast-seo-wordpress\/ -->\n<title>Comprar Dilaudid 4 mg - Best Best Global Meds<\/title>\n<meta name=\"description\" content=\"\u00a1Compre dilaudid 4 mg a la venta en el Reino Unido, Europa en nuestra tienda en l\u00ednea Best Global meds con entrega r\u00e1pida en todo el mundo! \u00a1El mejor Dilaudid 4 mg para ordenar lo encontrar\u00e1 aqu\u00ed!\" \/>\n<meta name=\"robots\" content=\"index, follow, max-snippet:-1, max-image-preview:large, max-video-preview:-1\" \/>\n<link rel=\"canonical\" href=\"https:\/\/medicinasinc.com\/es\/product\/comprar-dilaudid-4-mg\/\" \/>\n<meta property=\"og:locale\" content=\"es_ES\" \/>\n<meta property=\"og:type\" content=\"article\" \/>\n<meta property=\"og:title\" content=\"Comprar Dilaudid 4 mg - Best Best Global Meds\" \/>\n<meta property=\"og:description\" content=\"\u00a1Compre dilaudid 4 mg a la venta en el Reino Unido, Europa en nuestra tienda en l\u00ednea Best Global meds con entrega r\u00e1pida en todo el mundo! \u00a1El mejor Dilaudid 4 mg para ordenar lo encontrar\u00e1 aqu\u00ed!\" \/>\n<meta property=\"og:url\" content=\"https:\/\/medicinasinc.com\/es\/product\/comprar-dilaudid-4-mg\/\" \/>\n<meta property=\"og:site_name\" content=\"Medicinas Inc\" \/>\n<meta property=\"article:modified_time\" content=\"2022-03-22T00:10:00+00:00\" \/>\n<meta property=\"og:image\" content=\"https:\/\/medicinasinc.com\/es\/wp-content\/uploads\/sites\/15\/2022\/02\/Buy-Dilaudid-4-mg.jpg\" \/>\n\t<meta property=\"og:image:width\" content=\"720\" \/>\n\t<meta property=\"og:image:height\" content=\"445\" \/>\n\t<meta property=\"og:image:type\" content=\"image\/jpeg\" \/>\n<meta name=\"twitter:card\" content=\"summary_large_image\" \/>\n<meta name=\"twitter:label1\" content=\"Tiempo de lectura\" \/>\n\t<meta name=\"twitter:data1\" content=\"3 minutos\" \/>\n<script type=\"application\/ld+json\" class=\"yoast-schema-graph\">{\"@context\":\"https:\\\/\\\/schema.org\",\"@graph\":[{\"@type\":\"WebPage\",\"@id\":\"https:\\\/\\\/medicinasinc.com\\\/es\\\/product\\\/comprar-dilaudid-4-mg\\\/\",\"url\":\"https:\\\/\\\/medicinasinc.com\\\/es\\\/product\\\/comprar-dilaudid-4-mg\\\/\",\"name\":\"Comprar Dilaudid 4 mg - Best Best Global Meds\",\"isPartOf\":{\"@id\":\"https:\\\/\\\/medicinasinc.com\\\/es\\\/#website\"},\"primaryImageOfPage\":{\"@id\":\"https:\\\/\\\/medicinasinc.com\\\/es\\\/product\\\/comprar-dilaudid-4-mg\\\/#primaryimage\"},\"image\":{\"@id\":\"https:\\\/\\\/medicinasinc.com\\\/es\\\/product\\\/comprar-dilaudid-4-mg\\\/#primaryimage\"},\"thumbnailUrl\":\"https:\\\/\\\/medicinasinc.com\\\/es\\\/wp-content\\\/uploads\\\/sites\\\/15\\\/2022\\\/02\\\/Buy-Dilaudid-4-mg.jpg\",\"datePublished\":\"2022-02-22T07:58:50+00:00\",\"dateModified\":\"2022-03-22T00:10:00+00:00\",\"description\":\"\u00a1Compre dilaudid 4 mg a la venta en el Reino Unido, Europa en nuestra tienda en l\u00ednea Best Global meds con entrega r\u00e1pida en todo el mundo! \u00a1El mejor Dilaudid 4 mg para ordenar lo encontrar\u00e1 aqu\u00ed!\",\"breadcrumb\":{\"@id\":\"https:\\\/\\\/medicinasinc.com\\\/es\\\/product\\\/comprar-dilaudid-4-mg\\\/#breadcrumb\"},\"inLanguage\":\"es\",\"potentialAction\":[{\"@type\":\"ReadAction\",\"target\":[\"https:\\\/\\\/medicinasinc.com\\\/es\\\/product\\\/comprar-dilaudid-4-mg\\\/\"]}]},{\"@type\":\"ImageObject\",\"inLanguage\":\"es\",\"@id\":\"https:\\\/\\\/medicinasinc.com\\\/es\\\/product\\\/comprar-dilaudid-4-mg\\\/#primaryimage\",\"url\":\"https:\\\/\\\/medicinasinc.com\\\/es\\\/wp-content\\\/uploads\\\/sites\\\/15\\\/2022\\\/02\\\/Buy-Dilaudid-4-mg.jpg\",\"contentUrl\":\"https:\\\/\\\/medicinasinc.com\\\/es\\\/wp-content\\\/uploads\\\/sites\\\/15\\\/2022\\\/02\\\/Buy-Dilaudid-4-mg.jpg\",\"width\":720,\"height\":445},{\"@type\":\"BreadcrumbList\",\"@id\":\"https:\\\/\\\/medicinasinc.com\\\/es\\\/product\\\/comprar-dilaudid-4-mg\\\/#breadcrumb\",\"itemListElement\":[{\"@type\":\"ListItem\",\"position\":1,\"name\":\"Tienda\",\"item\":\"https:\\\/\\\/medicinasinc.com\\\/es\\\/tienda\\\/\"},{\"@type\":\"ListItem\",\"position\":2,\"name\":\"Comprar Dilaudid 4 mg\"}]},{\"@type\":\"WebSite\",\"@id\":\"https:\\\/\\\/medicinasinc.com\\\/es\\\/#website\",\"url\":\"https:\\\/\\\/medicinasinc.com\\\/es\\\/\",\"name\":\"Medicinas Inc\",\"description\":\"Cl\u00ednica M\u00e9dica de Salud\",\"potentialAction\":[{\"@type\":\"SearchAction\",\"target\":{\"@type\":\"EntryPoint\",\"urlTemplate\":\"https:\\\/\\\/medicinasinc.com\\\/es\\\/?s={search_term_string}\"},\"query-input\":{\"@type\":\"PropertyValueSpecification\",\"valueRequired\":true,\"valueName\":\"search_term_string\"}}],\"inLanguage\":\"es\"}]}<\/script>\n<!-- \/ Yoast SEO plugin. -->","yoast_head_json":{"title":"Comprar Dilaudid 4 mg - Best Best Global Meds","description":"\u00a1Compre dilaudid 4 mg a la venta en el Reino Unido, Europa en nuestra tienda en l\u00ednea Best Global meds con entrega r\u00e1pida en todo el mundo! \u00a1El mejor Dilaudid 4 mg para ordenar lo encontrar\u00e1 aqu\u00ed!","robots":{"index":"index","follow":"follow","max-snippet":"max-snippet:-1","max-image-preview":"max-image-preview:large","max-video-preview":"max-video-preview:-1"},"canonical":"https:\/\/medicinasinc.com\/es\/product\/comprar-dilaudid-4-mg\/","og_locale":"es_ES","og_type":"article","og_title":"Comprar Dilaudid 4 mg - Best Best Global Meds","og_description":"\u00a1Compre dilaudid 4 mg a la venta en el Reino Unido, Europa en nuestra tienda en l\u00ednea Best Global meds con entrega r\u00e1pida en todo el mundo! \u00a1El mejor Dilaudid 4 mg para ordenar lo encontrar\u00e1 aqu\u00ed!","og_url":"https:\/\/medicinasinc.com\/es\/product\/comprar-dilaudid-4-mg\/","og_site_name":"Medicinas Inc","article_modified_time":"2022-03-22T00:10:00+00:00","og_image":[{"width":720,"height":445,"url":"https:\/\/medicinasinc.com\/es\/wp-content\/uploads\/sites\/15\/2022\/02\/Buy-Dilaudid-4-mg.jpg","type":"image\/jpeg"}],"twitter_card":"summary_large_image","twitter_misc":{"Tiempo de lectura":"3 minutos"},"schema":{"@context":"https:\/\/schema.org","@graph":[{"@type":"WebPage","@id":"https:\/\/medicinasinc.com\/es\/product\/comprar-dilaudid-4-mg\/","url":"https:\/\/medicinasinc.com\/es\/product\/comprar-dilaudid-4-mg\/","name":"Comprar Dilaudid 4 mg - Best Best Global Meds","isPartOf":{"@id":"https:\/\/medicinasinc.com\/es\/#website"},"primaryImageOfPage":{"@id":"https:\/\/medicinasinc.com\/es\/product\/comprar-dilaudid-4-mg\/#primaryimage"},"image":{"@id":"https:\/\/medicinasinc.com\/es\/product\/comprar-dilaudid-4-mg\/#primaryimage"},"thumbnailUrl":"https:\/\/medicinasinc.com\/es\/wp-content\/uploads\/sites\/15\/2022\/02\/Buy-Dilaudid-4-mg.jpg","datePublished":"2022-02-22T07:58:50+00:00","dateModified":"2022-03-22T00:10:00+00:00","description":"\u00a1Compre dilaudid 4 mg a la venta en el Reino Unido, Europa en nuestra tienda en l\u00ednea Best Global meds con entrega r\u00e1pida en todo el mundo! \u00a1El mejor Dilaudid 4 mg para ordenar lo encontrar\u00e1 aqu\u00ed!","breadcrumb":{"@id":"https:\/\/medicinasinc.com\/es\/product\/comprar-dilaudid-4-mg\/#breadcrumb"},"inLanguage":"es","potentialAction":[{"@type":"ReadAction","target":["https:\/\/medicinasinc.com\/es\/product\/comprar-dilaudid-4-mg\/"]}]},{"@type":"ImageObject","inLanguage":"es","@id":"https:\/\/medicinasinc.com\/es\/product\/comprar-dilaudid-4-mg\/#primaryimage","url":"https:\/\/medicinasinc.com\/es\/wp-content\/uploads\/sites\/15\/2022\/02\/Buy-Dilaudid-4-mg.jpg","contentUrl":"https:\/\/medicinasinc.com\/es\/wp-content\/uploads\/sites\/15\/2022\/02\/Buy-Dilaudid-4-mg.jpg","width":720,"height":445},{"@type":"BreadcrumbList","@id":"https:\/\/medicinasinc.com\/es\/product\/comprar-dilaudid-4-mg\/#breadcrumb","itemListElement":[{"@type":"ListItem","position":1,"name":"Tienda","item":"https:\/\/medicinasinc.com\/es\/tienda\/"},{"@type":"ListItem","position":2,"name":"Comprar Dilaudid 4 mg"}]},{"@type":"WebSite","@id":"https:\/\/medicinasinc.com\/es\/#website","url":"https:\/\/medicinasinc.com\/es\/","name":"Medicinas Inc","description":"Cl\u00ednica M\u00e9dica de Salud","potentialAction":[{"@type":"SearchAction","target":{"@type":"EntryPoint","urlTemplate":"https:\/\/medicinasinc.com\/es\/?s={search_term_string}"},"query-input":{"@type":"PropertyValueSpecification","valueRequired":true,"valueName":"search_term_string"}}],"inLanguage":"es"}]}},"_links":{"self":[{"href":"https:\/\/medicinasinc.com\/es\/wp-json\/wp\/v2\/product\/5886","targetHints":{"allow":["GET"]}}],"collection":[{"href":"https:\/\/medicinasinc.com\/es\/wp-json\/wp\/v2\/product"}],"about":[{"href":"https:\/\/medicinasinc.com\/es\/wp-json\/wp\/v2\/types\/product"}],"replies":[{"embeddable":true,"href":"https:\/\/medicinasinc.com\/es\/wp-json\/wp\/v2\/comments?post=5886"}],"wp:featuredmedia":[{"embeddable":true,"href":"https:\/\/medicinasinc.com\/es\/wp-json\/wp\/v2\/media\/5911"}],"wp:attachment":[{"href":"https:\/\/medicinasinc.com\/es\/wp-json\/wp\/v2\/media?parent=5886"}],"wp:term":[{"taxonomy":"product_brand","embeddable":true,"href":"https:\/\/medicinasinc.com\/es\/wp-json\/wp\/v2\/product_brand?post=5886"},{"taxonomy":"product_cat","embeddable":true,"href":"https:\/\/medicinasinc.com\/es\/wp-json\/wp\/v2\/product_cat?post=5886"},{"taxonomy":"product_tag","embeddable":true,"href":"https:\/\/medicinasinc.com\/es\/wp-json\/wp\/v2\/product_tag?post=5886"}],"curies":[{"name":"wp","href":"https:\/\/api.w.org\/{rel}","templated":true}]}}