{"id":5875,"date":"2022-02-22T07:46:55","date_gmt":"2022-02-22T07:46:55","guid":{"rendered":"https:\/\/medicinasinc.com\/es\/?post_type=product&#038;p=5875"},"modified":"2022-03-22T00:10:18","modified_gmt":"2022-03-22T00:10:18","slug":"comprar-gamma-butirolactona","status":"publish","type":"product","link":"https:\/\/medicinasinc.com\/es\/product\/comprar-gamma-butirolactona\/","title":{"rendered":"Comprar gamma-butirolactona"},"content":{"rendered":"<p>La gamma-butirolactona (-butirolactona o GBL) es un l\u00edquido higrosc\u00f3pico blanco con un leve olor distintivo que es soluble en agua. GBL es un solvente y reactivo ampliamente utilizado en qu\u00edmica, as\u00ed como un agente aromatizante, un solvente de limpieza, un removedor de superpegamento y un solvente en algunos capacitores electrol\u00edticos de aluminio h\u00famedo.<\/p>\n<p>Adquiera gamma-butirolactona (GBL) 1,0 mg\/ml en patrones de referencia de acetonitrilo derivados de GHB y compuestos similares. Adquirible en l\u00ednea<\/p>\n<p>Gama butirolactona a la venta en l\u00ednea, gbl (gamma-butirolactona) a la venta, gamma butirolactona a la venta en el Reino Unido, limpiador de gamma butirolactona a la venta<\/p>\n<p>Funciona como un precursor de GHB en humanos y se usa como intoxicante recreativo con efectos comparables al alcohol.<\/p>\n<p>Se ha detectado GBL en extractos de muestras de vino puro. Esta investigaci\u00f3n implica que GBL ocurre naturalmente en algunos vinos y puede estar presente en productos comparables. La concentraci\u00f3n descubierta fue de alrededor de 5 g\/mL, que se determin\u00f3 simplemente usando un enfoque de extracci\u00f3n simple seguido de an\u00e1lisis GC\/MS.<\/p>\n<p>GBL se puede detectar en saborizantes de queso, sin embargo, el producto alimenticio final normalmente tiene menos de 0,0002 por ciento de GBL.<\/p>\n<p>GBL se clasifica como una lactona. Se hidroliza en gamma-hidroxibutirato de sodio, la sal de sodio del \u00e1cido gamma-hidroxibut\u00edrico, en condiciones b\u00e1sicas, por ejemplo en una soluci\u00f3n de hidr\u00f3xido de sodio. Genera una combinaci\u00f3n de equilibrio de ambos qu\u00edmicos en circunstancias \u00e1cidas. Despu\u00e9s de eso, estos qu\u00edmicos pueden combinarse para crear un pol\u00edmero. Cuando se usa una base no nucle\u00f3fila, como la diisopropilamida de litio,<\/p>\n<p>GBL tiene el potencial de actuar como un nucle\u00f3filo de carbono alfa. La caprolactona, una sustancia qu\u00edmica similar, se puede utilizar de esta manera para crear un poli\u00e9ster.<\/p>\n<p>GBL no es una sustancia activa en s\u00ed misma; su mecanismo de acci\u00f3n se deriva de su condici\u00f3n de prof\u00e1rmaco de GHB. El efecto hipn\u00f3tico de GHB se amplifica cuando se combina con alcohol. En un estudio con ratas de 2003, se descubri\u00f3 que GBL ten\u00eda un efecto hipn\u00f3tico potenciado cuando se combinaba con etanol, ya que la medida del tiempo de sue\u00f1o era m\u00e1s prolongada que la suma de los dos componentes independientes.<\/p>\n","protected":false},"excerpt":{"rendered":"<p>Puede comprar gamma-butirolactona de proveedores en los que confiamos, y trabajamos con estos proveedores para acceder a comprar gamma-butirolactona a la venta en el Reino Unido, Europa<\/p>\n<p>Todas las pirrolidonas se sintetizan utilizando GBL como intermediario qu\u00edmico. . Se puede utilizar para fabricar insecticidas, herbicidas y reguladores del crecimiento de las plantas.<\/p>\n","protected":false},"featured_media":5885,"comment_status":"open","ping_status":"closed","template":"","meta":[],"product_brand":[],"product_cat":[2014],"product_tag":[4031,4033,4035,4037,4036,4034,4032],"class_list":{"0":"post-5875","1":"product","2":"type-product","3":"status-publish","4":"has-post-thumbnail","6":"product_cat-comprar-investigacion-quimicos","7":"product_tag-buy-gamma-butyrolactone-online","8":"product_tag-como-comprar-gamma-butirolactona-online","9":"product_tag-compra-gamma-butirolactona-online","10":"product_tag-donde-comprar-gamma-butirolactona-online","11":"product_tag-el-mejor-lugar-para-comprar-gamma-butirolactona-online","12":"product_tag-ordenar-gamma-butirolactona-online","13":"product_tag-gamma-butirolactona-para-la-venta","15":"first","16":"instock","17":"featured","18":"shipping-taxable","19":"purchasable","20":"product-type-variable"},"yoast_head":"<!-- This site is optimized with the Yoast SEO plugin v27.3 - https:\/\/yoast.com\/product\/yoast-seo-wordpress\/ -->\n<title>Comprar gamma-butirolactona - Best Best Global Meds<\/title>\n<meta name=\"description\" content=\"Puede comprar gamma-butirolactona de proveedores en los que confiamos, y trabajamos con estos proveedores para acceder a la compra de gamma-butirolactona a la venta en el Reino Unido, Europa\" \/>\n<meta name=\"robots\" content=\"index, follow, max-snippet:-1, max-image-preview:large, max-video-preview:-1\" \/>\n<link rel=\"canonical\" href=\"https:\/\/medicinasinc.com\/es\/product\/comprar-gamma-butirolactona\/\" \/>\n<meta property=\"og:locale\" content=\"es_ES\" \/>\n<meta property=\"og:type\" content=\"article\" \/>\n<meta property=\"og:title\" content=\"Comprar gamma-butirolactona - Best Best Global Meds\" \/>\n<meta property=\"og:description\" content=\"Puede comprar gamma-butirolactona de proveedores en los que confiamos, y trabajamos con estos proveedores para acceder a la compra de gamma-butirolactona a la venta en el Reino Unido, Europa\" \/>\n<meta property=\"og:url\" content=\"https:\/\/medicinasinc.com\/es\/product\/comprar-gamma-butirolactona\/\" \/>\n<meta property=\"og:site_name\" content=\"Medicinas Inc\" \/>\n<meta property=\"article:modified_time\" content=\"2022-03-22T00:10:18+00:00\" \/>\n<meta property=\"og:image\" content=\"https:\/\/medicinasinc.com\/es\/wp-content\/uploads\/sites\/15\/2022\/02\/Buy-Gamma-Butyrolactone.jpg\" \/>\n\t<meta property=\"og:image:width\" content=\"500\" \/>\n\t<meta property=\"og:image:height\" content=\"500\" \/>\n\t<meta property=\"og:image:type\" content=\"image\/jpeg\" \/>\n<meta name=\"twitter:card\" content=\"summary_large_image\" \/>\n<meta name=\"twitter:label1\" content=\"Tiempo de lectura\" \/>\n\t<meta name=\"twitter:data1\" content=\"2 minutos\" \/>\n<script type=\"application\/ld+json\" class=\"yoast-schema-graph\">{\"@context\":\"https:\\\/\\\/schema.org\",\"@graph\":[{\"@type\":\"WebPage\",\"@id\":\"https:\\\/\\\/medicinasinc.com\\\/es\\\/product\\\/comprar-gamma-butirolactona\\\/\",\"url\":\"https:\\\/\\\/medicinasinc.com\\\/es\\\/product\\\/comprar-gamma-butirolactona\\\/\",\"name\":\"Comprar gamma-butirolactona - Best Best Global Meds\",\"isPartOf\":{\"@id\":\"https:\\\/\\\/medicinasinc.com\\\/es\\\/#website\"},\"primaryImageOfPage\":{\"@id\":\"https:\\\/\\\/medicinasinc.com\\\/es\\\/product\\\/comprar-gamma-butirolactona\\\/#primaryimage\"},\"image\":{\"@id\":\"https:\\\/\\\/medicinasinc.com\\\/es\\\/product\\\/comprar-gamma-butirolactona\\\/#primaryimage\"},\"thumbnailUrl\":\"https:\\\/\\\/medicinasinc.com\\\/es\\\/wp-content\\\/uploads\\\/sites\\\/15\\\/2022\\\/02\\\/Buy-Gamma-Butyrolactone.jpg\",\"datePublished\":\"2022-02-22T07:46:55+00:00\",\"dateModified\":\"2022-03-22T00:10:18+00:00\",\"description\":\"Puede comprar gamma-butirolactona de proveedores en los que confiamos, y trabajamos con estos proveedores para acceder a la compra de gamma-butirolactona a la venta en el Reino Unido, Europa\",\"breadcrumb\":{\"@id\":\"https:\\\/\\\/medicinasinc.com\\\/es\\\/product\\\/comprar-gamma-butirolactona\\\/#breadcrumb\"},\"inLanguage\":\"es\",\"potentialAction\":[{\"@type\":\"ReadAction\",\"target\":[\"https:\\\/\\\/medicinasinc.com\\\/es\\\/product\\\/comprar-gamma-butirolactona\\\/\"]}]},{\"@type\":\"ImageObject\",\"inLanguage\":\"es\",\"@id\":\"https:\\\/\\\/medicinasinc.com\\\/es\\\/product\\\/comprar-gamma-butirolactona\\\/#primaryimage\",\"url\":\"https:\\\/\\\/medicinasinc.com\\\/es\\\/wp-content\\\/uploads\\\/sites\\\/15\\\/2022\\\/02\\\/Buy-Gamma-Butyrolactone.jpg\",\"contentUrl\":\"https:\\\/\\\/medicinasinc.com\\\/es\\\/wp-content\\\/uploads\\\/sites\\\/15\\\/2022\\\/02\\\/Buy-Gamma-Butyrolactone.jpg\",\"width\":500,\"height\":500},{\"@type\":\"BreadcrumbList\",\"@id\":\"https:\\\/\\\/medicinasinc.com\\\/es\\\/product\\\/comprar-gamma-butirolactona\\\/#breadcrumb\",\"itemListElement\":[{\"@type\":\"ListItem\",\"position\":1,\"name\":\"Tienda\",\"item\":\"https:\\\/\\\/medicinasinc.com\\\/es\\\/tienda\\\/\"},{\"@type\":\"ListItem\",\"position\":2,\"name\":\"Comprar gamma-butirolactona\"}]},{\"@type\":\"WebSite\",\"@id\":\"https:\\\/\\\/medicinasinc.com\\\/es\\\/#website\",\"url\":\"https:\\\/\\\/medicinasinc.com\\\/es\\\/\",\"name\":\"Medicinas Inc\",\"description\":\"Cl\u00ednica M\u00e9dica de Salud\",\"potentialAction\":[{\"@type\":\"SearchAction\",\"target\":{\"@type\":\"EntryPoint\",\"urlTemplate\":\"https:\\\/\\\/medicinasinc.com\\\/es\\\/?s={search_term_string}\"},\"query-input\":{\"@type\":\"PropertyValueSpecification\",\"valueRequired\":true,\"valueName\":\"search_term_string\"}}],\"inLanguage\":\"es\"}]}<\/script>\n<!-- \/ Yoast SEO plugin. -->","yoast_head_json":{"title":"Comprar gamma-butirolactona - Best Best Global Meds","description":"Puede comprar gamma-butirolactona de proveedores en los que confiamos, y trabajamos con estos proveedores para acceder a la compra de gamma-butirolactona a la venta en el Reino Unido, Europa","robots":{"index":"index","follow":"follow","max-snippet":"max-snippet:-1","max-image-preview":"max-image-preview:large","max-video-preview":"max-video-preview:-1"},"canonical":"https:\/\/medicinasinc.com\/es\/product\/comprar-gamma-butirolactona\/","og_locale":"es_ES","og_type":"article","og_title":"Comprar gamma-butirolactona - Best Best Global Meds","og_description":"Puede comprar gamma-butirolactona de proveedores en los que confiamos, y trabajamos con estos proveedores para acceder a la compra de gamma-butirolactona a la venta en el Reino Unido, Europa","og_url":"https:\/\/medicinasinc.com\/es\/product\/comprar-gamma-butirolactona\/","og_site_name":"Medicinas Inc","article_modified_time":"2022-03-22T00:10:18+00:00","og_image":[{"width":500,"height":500,"url":"https:\/\/medicinasinc.com\/es\/wp-content\/uploads\/sites\/15\/2022\/02\/Buy-Gamma-Butyrolactone.jpg","type":"image\/jpeg"}],"twitter_card":"summary_large_image","twitter_misc":{"Tiempo de lectura":"2 minutos"},"schema":{"@context":"https:\/\/schema.org","@graph":[{"@type":"WebPage","@id":"https:\/\/medicinasinc.com\/es\/product\/comprar-gamma-butirolactona\/","url":"https:\/\/medicinasinc.com\/es\/product\/comprar-gamma-butirolactona\/","name":"Comprar gamma-butirolactona - Best Best Global Meds","isPartOf":{"@id":"https:\/\/medicinasinc.com\/es\/#website"},"primaryImageOfPage":{"@id":"https:\/\/medicinasinc.com\/es\/product\/comprar-gamma-butirolactona\/#primaryimage"},"image":{"@id":"https:\/\/medicinasinc.com\/es\/product\/comprar-gamma-butirolactona\/#primaryimage"},"thumbnailUrl":"https:\/\/medicinasinc.com\/es\/wp-content\/uploads\/sites\/15\/2022\/02\/Buy-Gamma-Butyrolactone.jpg","datePublished":"2022-02-22T07:46:55+00:00","dateModified":"2022-03-22T00:10:18+00:00","description":"Puede comprar gamma-butirolactona de proveedores en los que confiamos, y trabajamos con estos proveedores para acceder a la compra de gamma-butirolactona a la venta en el Reino Unido, Europa","breadcrumb":{"@id":"https:\/\/medicinasinc.com\/es\/product\/comprar-gamma-butirolactona\/#breadcrumb"},"inLanguage":"es","potentialAction":[{"@type":"ReadAction","target":["https:\/\/medicinasinc.com\/es\/product\/comprar-gamma-butirolactona\/"]}]},{"@type":"ImageObject","inLanguage":"es","@id":"https:\/\/medicinasinc.com\/es\/product\/comprar-gamma-butirolactona\/#primaryimage","url":"https:\/\/medicinasinc.com\/es\/wp-content\/uploads\/sites\/15\/2022\/02\/Buy-Gamma-Butyrolactone.jpg","contentUrl":"https:\/\/medicinasinc.com\/es\/wp-content\/uploads\/sites\/15\/2022\/02\/Buy-Gamma-Butyrolactone.jpg","width":500,"height":500},{"@type":"BreadcrumbList","@id":"https:\/\/medicinasinc.com\/es\/product\/comprar-gamma-butirolactona\/#breadcrumb","itemListElement":[{"@type":"ListItem","position":1,"name":"Tienda","item":"https:\/\/medicinasinc.com\/es\/tienda\/"},{"@type":"ListItem","position":2,"name":"Comprar gamma-butirolactona"}]},{"@type":"WebSite","@id":"https:\/\/medicinasinc.com\/es\/#website","url":"https:\/\/medicinasinc.com\/es\/","name":"Medicinas Inc","description":"Cl\u00ednica M\u00e9dica de Salud","potentialAction":[{"@type":"SearchAction","target":{"@type":"EntryPoint","urlTemplate":"https:\/\/medicinasinc.com\/es\/?s={search_term_string}"},"query-input":{"@type":"PropertyValueSpecification","valueRequired":true,"valueName":"search_term_string"}}],"inLanguage":"es"}]}},"_links":{"self":[{"href":"https:\/\/medicinasinc.com\/es\/wp-json\/wp\/v2\/product\/5875","targetHints":{"allow":["GET"]}}],"collection":[{"href":"https:\/\/medicinasinc.com\/es\/wp-json\/wp\/v2\/product"}],"about":[{"href":"https:\/\/medicinasinc.com\/es\/wp-json\/wp\/v2\/types\/product"}],"replies":[{"embeddable":true,"href":"https:\/\/medicinasinc.com\/es\/wp-json\/wp\/v2\/comments?post=5875"}],"wp:featuredmedia":[{"embeddable":true,"href":"https:\/\/medicinasinc.com\/es\/wp-json\/wp\/v2\/media\/5885"}],"wp:attachment":[{"href":"https:\/\/medicinasinc.com\/es\/wp-json\/wp\/v2\/media?parent=5875"}],"wp:term":[{"taxonomy":"product_brand","embeddable":true,"href":"https:\/\/medicinasinc.com\/es\/wp-json\/wp\/v2\/product_brand?post=5875"},{"taxonomy":"product_cat","embeddable":true,"href":"https:\/\/medicinasinc.com\/es\/wp-json\/wp\/v2\/product_cat?post=5875"},{"taxonomy":"product_tag","embeddable":true,"href":"https:\/\/medicinasinc.com\/es\/wp-json\/wp\/v2\/product_tag?post=5875"}],"curies":[{"name":"wp","href":"https:\/\/api.w.org\/{rel}","templated":true}]}}