{"id":5870,"date":"2022-02-22T07:42:43","date_gmt":"2022-02-22T07:42:43","guid":{"rendered":"https:\/\/medicinasinc.com\/es\/?post_type=product&#038;p=5870"},"modified":"2022-08-09T02:11:04","modified_gmt":"2022-08-09T02:11:04","slug":"comprar-3-cmc-cristal","status":"publish","type":"product","link":"https:\/\/medicinasinc.com\/es\/product\/comprar-3-cmc-cristal\/","title":{"rendered":"Comprar cristal de 3 cmc"},"content":{"rendered":"<p>Compra 3-CMC CRYSTAL, Compra 3 CMC CRYSTAL, Compra 3 CMC CRYSTAL, Compra 3-CMC CRYSTAL<\/p>\n<p>CRISTAL DE 3-CMC, Ahora hay tantas catinonas disponibles, como lo demuestra un hilo en el que los usuarios revisan sus experiencias con todo lo que han probado. Sin profundizar en cada uno de ellos, esta es mi clasificaci\u00f3n:<br \/> bk-MDMA (Metilona) &gt; bk-MBDB (butilona) &gt; 4-MEC &gt; MABP (bufedrona)<\/p>\n<p>Los \u00fanicos que considerar\u00eda volver a poseer son la infame mefedrona y la metilona, \u200b\u200blas cuales han sido m\u00e1s o menos prohibidas a nivel mundial en los \u00faltimos a\u00f1os.<\/p>\n<p>Obtuve esta clasificaci\u00f3n de alguien que conoce bien esta clase de RC, que me pareci\u00f3 intrigante:<\/p>\n<p>FORMA DE CRISTAL DE 3-CMC, 4-MMC &gt; bk-MDMA &gt; 4-CMC &gt; 3-CMC &gt; 3-MMC &gt; 5-metil-etilona &gt; Butilona &gt; Ethylone<br \/> Este \u00abClephedrone\u00bb (4-CMC) que no ha tenido un gran impacto en el mercado RC parece ser algo bueno. Y, AFAIK, no est\u00e1 espec\u00edficamente programado en la mayor\u00eda de los lugares. Sin embargo, el perfil de seguridad es mayormente desconocido, y muchos temen, ya que se sabe que el an\u00e1logo de la anfetamina, 4-CA, es extremadamente neurot\u00f3xico.<\/p>\n<p>Los \u00fanicos que considerar\u00eda volver a poseer son el las infames mefedrona y metilona, \u200b\u200blas cuales han sido m\u00e1s o menos prohibidas a nivel mundial en los \u00faltimos a\u00f1os.<br \/> Obtuve esta clasificaci\u00f3n de alguien que conoce bien esta clase de RC, lo que me pareci\u00f3 intrigante:<\/p>\n<p>FORMA CRISTALINA DE 3-CMC, 4-MMC &gt; bk-MDMA &gt; 4-CMC &gt; 3-CMC &gt; 3-MMC &gt; 5-metil-etilona &gt; Butilona &gt; Ethylone<br \/> Este \u00abClephedrone\u00bb (4-CMC) que no ha tenido un gran impacto en el mercado RC parece ser algo bueno. Y, AFAIK, no est\u00e1 espec\u00edficamente programado en la mayor\u00eda de los lugares. Sin embargo, el perfil de seguridad es mayormente desconocido y muchos temen, ya que se sabe que el an\u00e1logo de la anfetamina, 4-CA, es extremadamente neurot\u00f3xico.<\/p>\n","protected":false},"excerpt":{"rendered":"<p>\u00a1Compre 3-CMC CRYSTAL Powder para la venta en el Reino Unido, Europa en nuestra tienda en l\u00ednea bestglobalmeds.com con entrega r\u00e1pida en todo el mundo! \u00a1El mejor CRISTAL DE 3 CMC para ordenar lo encontrar\u00e1s aqu\u00ed!<\/p>\n<p>bk-MDMA &gt; 4-CMC &gt; 3-CMC &gt; 3-MMC &gt; 5-metil-etilona &gt; Butilona &gt; Etilona<br \/> Seg\u00fan los informes, esta &#8220;clefedrona&#8221; (4-CMC) que no ha tenido una gran presencia en el mercado RC es bastante bueno. Y, AFAIK, no est\u00e1 espec\u00edficamente programado en la mayor\u00eda de los lugares. Aunque el perfil de seguridad es principalmente desconocido,<\/p>\n","protected":false},"featured_media":5880,"comment_status":"open","ping_status":"closed","template":"","meta":[],"product_brand":[],"product_cat":[2014],"product_tag":[4024,4026,4025,4030,4029,4027,4028],"class_list":{"0":"post-5870","1":"product","2":"type-product","3":"status-publish","4":"has-post-thumbnail","6":"product_cat-comprar-investigacion-quimicos","7":"product_tag-3-cmc-cristal-en-venta","8":"product_tag-como-comprar-3-cmc-crystal-online","9":"product_tag-comprar-3-cmc-crystal-online","10":"product_tag-donde-comprar-3-cmc-crystal-online","11":"product_tag-el-mejor-lugar-para-comprar-3-cmc-crystal-online","12":"product_tag-pedir-3-cmc-crystal-online","13":"product_tag-purchase-3-cmc-crystal-online","15":"first","16":"instock","17":"featured","18":"shipping-taxable","19":"purchasable","20":"product-type-variable"},"yoast_head":"<!-- This site is optimized with the Yoast SEO plugin v27.3 - https:\/\/yoast.com\/product\/yoast-seo-wordpress\/ -->\n<title>Comprar cristal de 3 cmc - Beat Best Global Meds<\/title>\n<meta name=\"description\" content=\"\u00a1Compre 3-CMC CRYSTAL Powder a la venta en el Reino Unido, Europa en nuestra tienda en l\u00ednea bestglobalmeds.com con entrega r\u00e1pida en todo el mundo! \u00a1El mejor CRISTAL 3-CMC para ordenar lo encontrar\u00e1s aqu\u00ed!\" \/>\n<meta name=\"robots\" content=\"index, follow, max-snippet:-1, max-image-preview:large, max-video-preview:-1\" \/>\n<link rel=\"canonical\" href=\"https:\/\/medicinasinc.com\/es\/product\/comprar-3-cmc-cristal\/\" \/>\n<meta property=\"og:locale\" content=\"es_ES\" \/>\n<meta property=\"og:type\" content=\"article\" \/>\n<meta property=\"og:title\" content=\"Comprar cristal de 3 cmc - Beat Best Global Meds\" \/>\n<meta property=\"og:description\" content=\"\u00a1Compre 3-CMC CRYSTAL Powder a la venta en el Reino Unido, Europa en nuestra tienda en l\u00ednea bestglobalmeds.com con entrega r\u00e1pida en todo el mundo! \u00a1El mejor CRISTAL 3-CMC para ordenar lo encontrar\u00e1s aqu\u00ed!\" \/>\n<meta property=\"og:url\" content=\"https:\/\/medicinasinc.com\/es\/product\/comprar-3-cmc-cristal\/\" \/>\n<meta property=\"og:site_name\" content=\"Medicinas Inc\" \/>\n<meta property=\"article:modified_time\" content=\"2022-08-09T02:11:04+00:00\" \/>\n<meta property=\"og:image\" content=\"https:\/\/medicinasinc.com\/es\/wp-content\/uploads\/sites\/15\/2022\/02\/Buy-3-CMC-CRYSTAL.jpg\" \/>\n\t<meta property=\"og:image:width\" content=\"720\" \/>\n\t<meta property=\"og:image:height\" content=\"600\" \/>\n\t<meta property=\"og:image:type\" content=\"image\/jpeg\" \/>\n<meta name=\"twitter:card\" content=\"summary_large_image\" \/>\n<meta name=\"twitter:label1\" content=\"Tiempo de lectura\" \/>\n\t<meta name=\"twitter:data1\" content=\"2 minutos\" \/>\n<script type=\"application\/ld+json\" class=\"yoast-schema-graph\">{\"@context\":\"https:\\\/\\\/schema.org\",\"@graph\":[{\"@type\":\"WebPage\",\"@id\":\"https:\\\/\\\/medicinasinc.com\\\/es\\\/product\\\/comprar-3-cmc-cristal\\\/\",\"url\":\"https:\\\/\\\/medicinasinc.com\\\/es\\\/product\\\/comprar-3-cmc-cristal\\\/\",\"name\":\"Comprar cristal de 3 cmc - Beat Best Global Meds\",\"isPartOf\":{\"@id\":\"https:\\\/\\\/medicinasinc.com\\\/es\\\/#website\"},\"primaryImageOfPage\":{\"@id\":\"https:\\\/\\\/medicinasinc.com\\\/es\\\/product\\\/comprar-3-cmc-cristal\\\/#primaryimage\"},\"image\":{\"@id\":\"https:\\\/\\\/medicinasinc.com\\\/es\\\/product\\\/comprar-3-cmc-cristal\\\/#primaryimage\"},\"thumbnailUrl\":\"https:\\\/\\\/medicinasinc.com\\\/es\\\/wp-content\\\/uploads\\\/sites\\\/15\\\/2022\\\/02\\\/Buy-3-CMC-CRYSTAL.jpg\",\"datePublished\":\"2022-02-22T07:42:43+00:00\",\"dateModified\":\"2022-08-09T02:11:04+00:00\",\"description\":\"\u00a1Compre 3-CMC CRYSTAL Powder a la venta en el Reino Unido, Europa en nuestra tienda en l\u00ednea bestglobalmeds.com con entrega r\u00e1pida en todo el mundo! \u00a1El mejor CRISTAL 3-CMC para ordenar lo encontrar\u00e1s aqu\u00ed!\",\"breadcrumb\":{\"@id\":\"https:\\\/\\\/medicinasinc.com\\\/es\\\/product\\\/comprar-3-cmc-cristal\\\/#breadcrumb\"},\"inLanguage\":\"es\",\"potentialAction\":[{\"@type\":\"ReadAction\",\"target\":[\"https:\\\/\\\/medicinasinc.com\\\/es\\\/product\\\/comprar-3-cmc-cristal\\\/\"]}]},{\"@type\":\"ImageObject\",\"inLanguage\":\"es\",\"@id\":\"https:\\\/\\\/medicinasinc.com\\\/es\\\/product\\\/comprar-3-cmc-cristal\\\/#primaryimage\",\"url\":\"https:\\\/\\\/medicinasinc.com\\\/es\\\/wp-content\\\/uploads\\\/sites\\\/15\\\/2022\\\/02\\\/Buy-3-CMC-CRYSTAL.jpg\",\"contentUrl\":\"https:\\\/\\\/medicinasinc.com\\\/es\\\/wp-content\\\/uploads\\\/sites\\\/15\\\/2022\\\/02\\\/Buy-3-CMC-CRYSTAL.jpg\",\"width\":720,\"height\":600},{\"@type\":\"BreadcrumbList\",\"@id\":\"https:\\\/\\\/medicinasinc.com\\\/es\\\/product\\\/comprar-3-cmc-cristal\\\/#breadcrumb\",\"itemListElement\":[{\"@type\":\"ListItem\",\"position\":1,\"name\":\"Tienda\",\"item\":\"https:\\\/\\\/medicinasinc.com\\\/es\\\/tienda\\\/\"},{\"@type\":\"ListItem\",\"position\":2,\"name\":\"Comprar cristal de 3 cmc\"}]},{\"@type\":\"WebSite\",\"@id\":\"https:\\\/\\\/medicinasinc.com\\\/es\\\/#website\",\"url\":\"https:\\\/\\\/medicinasinc.com\\\/es\\\/\",\"name\":\"Medicinas Inc\",\"description\":\"Cl\u00ednica M\u00e9dica de Salud\",\"potentialAction\":[{\"@type\":\"SearchAction\",\"target\":{\"@type\":\"EntryPoint\",\"urlTemplate\":\"https:\\\/\\\/medicinasinc.com\\\/es\\\/?s={search_term_string}\"},\"query-input\":{\"@type\":\"PropertyValueSpecification\",\"valueRequired\":true,\"valueName\":\"search_term_string\"}}],\"inLanguage\":\"es\"}]}<\/script>\n<!-- \/ Yoast SEO plugin. -->","yoast_head_json":{"title":"Comprar cristal de 3 cmc - Beat Best Global Meds","description":"\u00a1Compre 3-CMC CRYSTAL Powder a la venta en el Reino Unido, Europa en nuestra tienda en l\u00ednea bestglobalmeds.com con entrega r\u00e1pida en todo el mundo! \u00a1El mejor CRISTAL 3-CMC para ordenar lo encontrar\u00e1s aqu\u00ed!","robots":{"index":"index","follow":"follow","max-snippet":"max-snippet:-1","max-image-preview":"max-image-preview:large","max-video-preview":"max-video-preview:-1"},"canonical":"https:\/\/medicinasinc.com\/es\/product\/comprar-3-cmc-cristal\/","og_locale":"es_ES","og_type":"article","og_title":"Comprar cristal de 3 cmc - Beat Best Global Meds","og_description":"\u00a1Compre 3-CMC CRYSTAL Powder a la venta en el Reino Unido, Europa en nuestra tienda en l\u00ednea bestglobalmeds.com con entrega r\u00e1pida en todo el mundo! \u00a1El mejor CRISTAL 3-CMC para ordenar lo encontrar\u00e1s aqu\u00ed!","og_url":"https:\/\/medicinasinc.com\/es\/product\/comprar-3-cmc-cristal\/","og_site_name":"Medicinas Inc","article_modified_time":"2022-08-09T02:11:04+00:00","og_image":[{"width":720,"height":600,"url":"https:\/\/medicinasinc.com\/es\/wp-content\/uploads\/sites\/15\/2022\/02\/Buy-3-CMC-CRYSTAL.jpg","type":"image\/jpeg"}],"twitter_card":"summary_large_image","twitter_misc":{"Tiempo de lectura":"2 minutos"},"schema":{"@context":"https:\/\/schema.org","@graph":[{"@type":"WebPage","@id":"https:\/\/medicinasinc.com\/es\/product\/comprar-3-cmc-cristal\/","url":"https:\/\/medicinasinc.com\/es\/product\/comprar-3-cmc-cristal\/","name":"Comprar cristal de 3 cmc - Beat Best Global Meds","isPartOf":{"@id":"https:\/\/medicinasinc.com\/es\/#website"},"primaryImageOfPage":{"@id":"https:\/\/medicinasinc.com\/es\/product\/comprar-3-cmc-cristal\/#primaryimage"},"image":{"@id":"https:\/\/medicinasinc.com\/es\/product\/comprar-3-cmc-cristal\/#primaryimage"},"thumbnailUrl":"https:\/\/medicinasinc.com\/es\/wp-content\/uploads\/sites\/15\/2022\/02\/Buy-3-CMC-CRYSTAL.jpg","datePublished":"2022-02-22T07:42:43+00:00","dateModified":"2022-08-09T02:11:04+00:00","description":"\u00a1Compre 3-CMC CRYSTAL Powder a la venta en el Reino Unido, Europa en nuestra tienda en l\u00ednea bestglobalmeds.com con entrega r\u00e1pida en todo el mundo! \u00a1El mejor CRISTAL 3-CMC para ordenar lo encontrar\u00e1s aqu\u00ed!","breadcrumb":{"@id":"https:\/\/medicinasinc.com\/es\/product\/comprar-3-cmc-cristal\/#breadcrumb"},"inLanguage":"es","potentialAction":[{"@type":"ReadAction","target":["https:\/\/medicinasinc.com\/es\/product\/comprar-3-cmc-cristal\/"]}]},{"@type":"ImageObject","inLanguage":"es","@id":"https:\/\/medicinasinc.com\/es\/product\/comprar-3-cmc-cristal\/#primaryimage","url":"https:\/\/medicinasinc.com\/es\/wp-content\/uploads\/sites\/15\/2022\/02\/Buy-3-CMC-CRYSTAL.jpg","contentUrl":"https:\/\/medicinasinc.com\/es\/wp-content\/uploads\/sites\/15\/2022\/02\/Buy-3-CMC-CRYSTAL.jpg","width":720,"height":600},{"@type":"BreadcrumbList","@id":"https:\/\/medicinasinc.com\/es\/product\/comprar-3-cmc-cristal\/#breadcrumb","itemListElement":[{"@type":"ListItem","position":1,"name":"Tienda","item":"https:\/\/medicinasinc.com\/es\/tienda\/"},{"@type":"ListItem","position":2,"name":"Comprar cristal de 3 cmc"}]},{"@type":"WebSite","@id":"https:\/\/medicinasinc.com\/es\/#website","url":"https:\/\/medicinasinc.com\/es\/","name":"Medicinas Inc","description":"Cl\u00ednica M\u00e9dica de Salud","potentialAction":[{"@type":"SearchAction","target":{"@type":"EntryPoint","urlTemplate":"https:\/\/medicinasinc.com\/es\/?s={search_term_string}"},"query-input":{"@type":"PropertyValueSpecification","valueRequired":true,"valueName":"search_term_string"}}],"inLanguage":"es"}]}},"_links":{"self":[{"href":"https:\/\/medicinasinc.com\/es\/wp-json\/wp\/v2\/product\/5870","targetHints":{"allow":["GET"]}}],"collection":[{"href":"https:\/\/medicinasinc.com\/es\/wp-json\/wp\/v2\/product"}],"about":[{"href":"https:\/\/medicinasinc.com\/es\/wp-json\/wp\/v2\/types\/product"}],"replies":[{"embeddable":true,"href":"https:\/\/medicinasinc.com\/es\/wp-json\/wp\/v2\/comments?post=5870"}],"wp:featuredmedia":[{"embeddable":true,"href":"https:\/\/medicinasinc.com\/es\/wp-json\/wp\/v2\/media\/5880"}],"wp:attachment":[{"href":"https:\/\/medicinasinc.com\/es\/wp-json\/wp\/v2\/media?parent=5870"}],"wp:term":[{"taxonomy":"product_brand","embeddable":true,"href":"https:\/\/medicinasinc.com\/es\/wp-json\/wp\/v2\/product_brand?post=5870"},{"taxonomy":"product_cat","embeddable":true,"href":"https:\/\/medicinasinc.com\/es\/wp-json\/wp\/v2\/product_cat?post=5870"},{"taxonomy":"product_tag","embeddable":true,"href":"https:\/\/medicinasinc.com\/es\/wp-json\/wp\/v2\/product_tag?post=5870"}],"curies":[{"name":"wp","href":"https:\/\/api.w.org\/{rel}","templated":true}]}}