{"id":5863,"date":"2022-02-22T07:36:01","date_gmt":"2022-02-22T07:36:01","guid":{"rendered":"https:\/\/medicinasinc.com\/es\/?post_type=product&#038;p=5863"},"modified":"2022-03-22T00:10:39","modified_gmt":"2022-03-22T00:10:39","slug":"comprar-gamma-hidroxibutirato-ghb-polvo","status":"publish","type":"product","link":"https:\/\/medicinasinc.com\/es\/product\/comprar-gamma-hidroxibutirato-ghb-polvo\/","title":{"rendered":"Comprar polvo de gamma hidroxibutirato (GHB)"},"content":{"rendered":"<p>Compra en l\u00ednea de polvo de GHB<\/p>\n<p>Compre polvo de GHB en l\u00ednea. GHB es un anest\u00e9sico sint\u00e9tico. Est\u00e1 disponible en forma de l\u00edquido transparente o polvo y tiene un sabor ligeramente salado. Debido a que la potencia var\u00eda, no existe tal cosa como una &#8216;dosis segura&#8217;. GBL (gamma-butirolactona) y 1,4-butanodiol est\u00e1n disponibles comercialmente como alternativas de GHB. Estos est\u00e1n disponibles legalmente como solventes de limpieza y, cuando se ingieren, se transforman naturalmente en GHB.<\/p>\n<p>La gamma butirolactona se usa para mejorar el rendimiento deportivo, la calidad del sue\u00f1o y el rendimiento y disfrute sexual. Adem\u00e1s, lo usan para tratar la depresi\u00f3n y el estr\u00e9s, alargar la vida, promover el pensamiento claro, inducir la relajaci\u00f3n y liberar la hormona del crecimiento. Adem\u00e1s, GBL se utiliza para reducir la grasa corporal y como constructor de cuerpo o m\u00fasculo. Ciertas personas lo usan recreativamente.<\/p>\n<p>GHB o GBL Chemicals for Research<\/p>\n<p>(nombres alternativos: gammahidroxibutirato, \u00e9xtasis l\u00edquido, l\u00edquido X, gammahidroxibutirato)<\/p>\n<p>Por lo general, GHB se ofrece en peque\u00f1os viales como un l\u00edquido transparente con una consistencia algo m\u00e1s espesa que el agua.<br \/> Las dosis se administran en peque\u00f1as cantidades, denominadas \u00abtapas\u00bb o \u00abtapas de G\u00bb.<br \/> Aunque se puede consumir entero, por lo general se diluye en agua o jugo y se bebe a sorbos.<br \/> GHB no tiene olor ni sabor perceptible.<br \/> GBL tiene un sabor y olor qu\u00edmico salado suave que se enmascara f\u00e1cilmente cuando se mezcla con otros l\u00edquidos . GBL es una versi\u00f3n m\u00e1s potente del medicamento.<br \/> Lim\u00edtese a dosis extremadamente bajas de GHB. Es bastante potente y la potencia puede variar significativamente entre lotes, incluso entre usuarios experimentados. Se aconseja esperar entre dosis. Ciertas fuentes recomiendan esperar hasta dos horas entre dosis para evitar Ging Out.<\/p>\n<p>Efectos de GHB<\/p>\n<p>Los efectos comienzan aproximadamente veinte minutos despu\u00e9s del consumo y pueden durar hasta cuatro horas.<br \/> Cantidades m\u00e1s peque\u00f1as y suaves inducen a la relajaci\u00f3n y la calma.<br \/> Si toma cantidades m\u00e1s altas, puede tener somnolencia, mareos y confusi\u00f3n. Adem\u00e1s, puede experimentar n\u00e1useas, v\u00f3mitos y espasmos musculares.<br \/> Puede provocar convulsiones, p\u00e9rdida del conocimiento, coma y dificultad para respirar<br \/> Posibilidad de aumentar el crecimiento muscular en culturistas<\/p>\n<p>Sexo con GHB<\/p>\n<p>Al igual que el alcohol, reduce las inhibiciones mientras aumenta la confianza y la sociabilidad.<br \/> Mayor sensibilidad t\u00e1ctil y sensibilidad a los est\u00edmulos<br \/> Ciertos hombres tienen erecciones m\u00e1s fuertes.<br \/> Orgasmos que son bastante intenso, aunque esto depende de la dosis<br \/> El GHB en exceso puede causar cansancio y desmayo durante las relaciones sexuales.<br \/> El GHB se conoce como un medicamento de \u00abviolaci\u00f3n en una cita\u00bb porque aumenta su disposici\u00f3n a participar en relaciones sexuales. actividades y perjudica su capacidad para establecer y afirmar l\u00edmites sexuales. Es especialmente cr\u00edtico confirmar el consentimiento con las parejas que est\u00e1n en G. Mantener el contacto durante una sesi\u00f3n sexual. El contacto sexual con alguien que est\u00e1 inconsciente puede interpretarse como agresi\u00f3n sexual.<\/p>\n","protected":false},"excerpt":{"rendered":"<p>Compre polvo de GHB gamma-hidroxibut\u00edrico a la venta en el Reino Unido, Europa, Jap\u00f3n, Emiratos \u00c1rabes Unidos, China y Asia del mejor proveedor mayorista de GHB. Garantizamos una entrega discreta en todo el mundo<\/p>\n","protected":false},"featured_media":5873,"comment_status":"open","ping_status":"closed","template":"","meta":[],"product_brand":[],"product_cat":[2014],"product_tag":[4018,4019,4015,4014,4016,4023,4017,4020,4022,4021],"class_list":{"0":"post-5863","1":"product","2":"type-product","3":"status-publish","4":"has-post-thumbnail","6":"product_cat-comprar-investigacion-quimicos","7":"product_tag-cido-gamma-hidroxibutrico-y-hormona-de-crecimiento","8":"product_tag-cido-gamma-hidroxibutrico-antidepresivo","9":"product_tag-buy-ghb","10":"product_tag-comprar-gamma-hidroxibutirato-online","11":"product_tag-comprar-ghb-online","12":"product_tag-comprar-ghb-polvo","13":"product_tag-drug","14":"product_tag-gamma-hydroxybutyric-acid-bodybuilding","15":"product_tag-ghb-for-sale","16":"product_tag-cido-gamma-hidroxibutrico-precio","18":"first","19":"instock","20":"shipping-taxable","21":"purchasable","22":"product-type-variable"},"yoast_head":"<!-- This site is optimized with the Yoast SEO plugin v27.3 - https:\/\/yoast.com\/product\/yoast-seo-wordpress\/ -->\n<title>Comprar gamma hidroxibutirato (GHB) en polvo - Best Best Global Meds<\/title>\n<meta name=\"description\" content=\"Compre polvo de GHB gamma-hidroxibut\u00edrico para la venta en el Reino Unido, Europa, Jap\u00f3n, Emiratos \u00c1rabes Unidos, China, Asia del mejor proveedor mayorista de GHB. Garantizamos una entrega discreta en todo el mundo.\" \/>\n<meta name=\"robots\" content=\"index, follow, max-snippet:-1, max-image-preview:large, max-video-preview:-1\" \/>\n<link rel=\"canonical\" href=\"https:\/\/medicinasinc.com\/es\/product\/comprar-gamma-hidroxibutirato-ghb-polvo\/\" \/>\n<meta property=\"og:locale\" content=\"es_ES\" \/>\n<meta property=\"og:type\" content=\"article\" \/>\n<meta property=\"og:title\" content=\"Comprar gamma hidroxibutirato (GHB) en polvo - Best Best Global Meds\" \/>\n<meta property=\"og:description\" content=\"Compre polvo de GHB gamma-hidroxibut\u00edrico para la venta en el Reino Unido, Europa, Jap\u00f3n, Emiratos \u00c1rabes Unidos, China, Asia del mejor proveedor mayorista de GHB. Garantizamos una entrega discreta en todo el mundo.\" \/>\n<meta property=\"og:url\" content=\"https:\/\/medicinasinc.com\/es\/product\/comprar-gamma-hidroxibutirato-ghb-polvo\/\" \/>\n<meta property=\"og:site_name\" content=\"Medicinas Inc\" \/>\n<meta property=\"article:modified_time\" content=\"2022-03-22T00:10:39+00:00\" \/>\n<meta property=\"og:image\" content=\"https:\/\/medicinasinc.com\/es\/wp-content\/uploads\/sites\/15\/2022\/02\/buy-GHB-powder-1.jpg\" \/>\n\t<meta property=\"og:image:width\" content=\"612\" \/>\n\t<meta property=\"og:image:height\" content=\"408\" \/>\n\t<meta property=\"og:image:type\" content=\"image\/jpeg\" \/>\n<meta name=\"twitter:card\" content=\"summary_large_image\" \/>\n<meta name=\"twitter:label1\" content=\"Tiempo de lectura\" \/>\n\t<meta name=\"twitter:data1\" content=\"2 minutos\" \/>\n<script type=\"application\/ld+json\" class=\"yoast-schema-graph\">{\"@context\":\"https:\\\/\\\/schema.org\",\"@graph\":[{\"@type\":\"WebPage\",\"@id\":\"https:\\\/\\\/medicinasinc.com\\\/es\\\/product\\\/comprar-gamma-hidroxibutirato-ghb-polvo\\\/\",\"url\":\"https:\\\/\\\/medicinasinc.com\\\/es\\\/product\\\/comprar-gamma-hidroxibutirato-ghb-polvo\\\/\",\"name\":\"Comprar gamma hidroxibutirato (GHB) en polvo - Best Best Global Meds\",\"isPartOf\":{\"@id\":\"https:\\\/\\\/medicinasinc.com\\\/es\\\/#website\"},\"primaryImageOfPage\":{\"@id\":\"https:\\\/\\\/medicinasinc.com\\\/es\\\/product\\\/comprar-gamma-hidroxibutirato-ghb-polvo\\\/#primaryimage\"},\"image\":{\"@id\":\"https:\\\/\\\/medicinasinc.com\\\/es\\\/product\\\/comprar-gamma-hidroxibutirato-ghb-polvo\\\/#primaryimage\"},\"thumbnailUrl\":\"https:\\\/\\\/medicinasinc.com\\\/es\\\/wp-content\\\/uploads\\\/sites\\\/15\\\/2022\\\/02\\\/buy-GHB-powder-1.jpg\",\"datePublished\":\"2022-02-22T07:36:01+00:00\",\"dateModified\":\"2022-03-22T00:10:39+00:00\",\"description\":\"Compre polvo de GHB gamma-hidroxibut\u00edrico para la venta en el Reino Unido, Europa, Jap\u00f3n, Emiratos \u00c1rabes Unidos, China, Asia del mejor proveedor mayorista de GHB. Garantizamos una entrega discreta en todo el mundo.\",\"breadcrumb\":{\"@id\":\"https:\\\/\\\/medicinasinc.com\\\/es\\\/product\\\/comprar-gamma-hidroxibutirato-ghb-polvo\\\/#breadcrumb\"},\"inLanguage\":\"es\",\"potentialAction\":[{\"@type\":\"ReadAction\",\"target\":[\"https:\\\/\\\/medicinasinc.com\\\/es\\\/product\\\/comprar-gamma-hidroxibutirato-ghb-polvo\\\/\"]}]},{\"@type\":\"ImageObject\",\"inLanguage\":\"es\",\"@id\":\"https:\\\/\\\/medicinasinc.com\\\/es\\\/product\\\/comprar-gamma-hidroxibutirato-ghb-polvo\\\/#primaryimage\",\"url\":\"https:\\\/\\\/medicinasinc.com\\\/es\\\/wp-content\\\/uploads\\\/sites\\\/15\\\/2022\\\/02\\\/buy-GHB-powder-1.jpg\",\"contentUrl\":\"https:\\\/\\\/medicinasinc.com\\\/es\\\/wp-content\\\/uploads\\\/sites\\\/15\\\/2022\\\/02\\\/buy-GHB-powder-1.jpg\",\"width\":612,\"height\":408},{\"@type\":\"BreadcrumbList\",\"@id\":\"https:\\\/\\\/medicinasinc.com\\\/es\\\/product\\\/comprar-gamma-hidroxibutirato-ghb-polvo\\\/#breadcrumb\",\"itemListElement\":[{\"@type\":\"ListItem\",\"position\":1,\"name\":\"Tienda\",\"item\":\"https:\\\/\\\/medicinasinc.com\\\/es\\\/tienda\\\/\"},{\"@type\":\"ListItem\",\"position\":2,\"name\":\"Comprar polvo de gamma hidroxibutirato (GHB)\"}]},{\"@type\":\"WebSite\",\"@id\":\"https:\\\/\\\/medicinasinc.com\\\/es\\\/#website\",\"url\":\"https:\\\/\\\/medicinasinc.com\\\/es\\\/\",\"name\":\"Medicinas Inc\",\"description\":\"Cl\u00ednica M\u00e9dica de Salud\",\"potentialAction\":[{\"@type\":\"SearchAction\",\"target\":{\"@type\":\"EntryPoint\",\"urlTemplate\":\"https:\\\/\\\/medicinasinc.com\\\/es\\\/?s={search_term_string}\"},\"query-input\":{\"@type\":\"PropertyValueSpecification\",\"valueRequired\":true,\"valueName\":\"search_term_string\"}}],\"inLanguage\":\"es\"}]}<\/script>\n<!-- \/ Yoast SEO plugin. -->","yoast_head_json":{"title":"Comprar gamma hidroxibutirato (GHB) en polvo - Best Best Global Meds","description":"Compre polvo de GHB gamma-hidroxibut\u00edrico para la venta en el Reino Unido, Europa, Jap\u00f3n, Emiratos \u00c1rabes Unidos, China, Asia del mejor proveedor mayorista de GHB. Garantizamos una entrega discreta en todo el mundo.","robots":{"index":"index","follow":"follow","max-snippet":"max-snippet:-1","max-image-preview":"max-image-preview:large","max-video-preview":"max-video-preview:-1"},"canonical":"https:\/\/medicinasinc.com\/es\/product\/comprar-gamma-hidroxibutirato-ghb-polvo\/","og_locale":"es_ES","og_type":"article","og_title":"Comprar gamma hidroxibutirato (GHB) en polvo - Best Best Global Meds","og_description":"Compre polvo de GHB gamma-hidroxibut\u00edrico para la venta en el Reino Unido, Europa, Jap\u00f3n, Emiratos \u00c1rabes Unidos, China, Asia del mejor proveedor mayorista de GHB. Garantizamos una entrega discreta en todo el mundo.","og_url":"https:\/\/medicinasinc.com\/es\/product\/comprar-gamma-hidroxibutirato-ghb-polvo\/","og_site_name":"Medicinas Inc","article_modified_time":"2022-03-22T00:10:39+00:00","og_image":[{"width":612,"height":408,"url":"https:\/\/medicinasinc.com\/es\/wp-content\/uploads\/sites\/15\/2022\/02\/buy-GHB-powder-1.jpg","type":"image\/jpeg"}],"twitter_card":"summary_large_image","twitter_misc":{"Tiempo de lectura":"2 minutos"},"schema":{"@context":"https:\/\/schema.org","@graph":[{"@type":"WebPage","@id":"https:\/\/medicinasinc.com\/es\/product\/comprar-gamma-hidroxibutirato-ghb-polvo\/","url":"https:\/\/medicinasinc.com\/es\/product\/comprar-gamma-hidroxibutirato-ghb-polvo\/","name":"Comprar gamma hidroxibutirato (GHB) en polvo - Best Best Global Meds","isPartOf":{"@id":"https:\/\/medicinasinc.com\/es\/#website"},"primaryImageOfPage":{"@id":"https:\/\/medicinasinc.com\/es\/product\/comprar-gamma-hidroxibutirato-ghb-polvo\/#primaryimage"},"image":{"@id":"https:\/\/medicinasinc.com\/es\/product\/comprar-gamma-hidroxibutirato-ghb-polvo\/#primaryimage"},"thumbnailUrl":"https:\/\/medicinasinc.com\/es\/wp-content\/uploads\/sites\/15\/2022\/02\/buy-GHB-powder-1.jpg","datePublished":"2022-02-22T07:36:01+00:00","dateModified":"2022-03-22T00:10:39+00:00","description":"Compre polvo de GHB gamma-hidroxibut\u00edrico para la venta en el Reino Unido, Europa, Jap\u00f3n, Emiratos \u00c1rabes Unidos, China, Asia del mejor proveedor mayorista de GHB. Garantizamos una entrega discreta en todo el mundo.","breadcrumb":{"@id":"https:\/\/medicinasinc.com\/es\/product\/comprar-gamma-hidroxibutirato-ghb-polvo\/#breadcrumb"},"inLanguage":"es","potentialAction":[{"@type":"ReadAction","target":["https:\/\/medicinasinc.com\/es\/product\/comprar-gamma-hidroxibutirato-ghb-polvo\/"]}]},{"@type":"ImageObject","inLanguage":"es","@id":"https:\/\/medicinasinc.com\/es\/product\/comprar-gamma-hidroxibutirato-ghb-polvo\/#primaryimage","url":"https:\/\/medicinasinc.com\/es\/wp-content\/uploads\/sites\/15\/2022\/02\/buy-GHB-powder-1.jpg","contentUrl":"https:\/\/medicinasinc.com\/es\/wp-content\/uploads\/sites\/15\/2022\/02\/buy-GHB-powder-1.jpg","width":612,"height":408},{"@type":"BreadcrumbList","@id":"https:\/\/medicinasinc.com\/es\/product\/comprar-gamma-hidroxibutirato-ghb-polvo\/#breadcrumb","itemListElement":[{"@type":"ListItem","position":1,"name":"Tienda","item":"https:\/\/medicinasinc.com\/es\/tienda\/"},{"@type":"ListItem","position":2,"name":"Comprar polvo de gamma hidroxibutirato (GHB)"}]},{"@type":"WebSite","@id":"https:\/\/medicinasinc.com\/es\/#website","url":"https:\/\/medicinasinc.com\/es\/","name":"Medicinas Inc","description":"Cl\u00ednica M\u00e9dica de Salud","potentialAction":[{"@type":"SearchAction","target":{"@type":"EntryPoint","urlTemplate":"https:\/\/medicinasinc.com\/es\/?s={search_term_string}"},"query-input":{"@type":"PropertyValueSpecification","valueRequired":true,"valueName":"search_term_string"}}],"inLanguage":"es"}]}},"_links":{"self":[{"href":"https:\/\/medicinasinc.com\/es\/wp-json\/wp\/v2\/product\/5863","targetHints":{"allow":["GET"]}}],"collection":[{"href":"https:\/\/medicinasinc.com\/es\/wp-json\/wp\/v2\/product"}],"about":[{"href":"https:\/\/medicinasinc.com\/es\/wp-json\/wp\/v2\/types\/product"}],"replies":[{"embeddable":true,"href":"https:\/\/medicinasinc.com\/es\/wp-json\/wp\/v2\/comments?post=5863"}],"wp:featuredmedia":[{"embeddable":true,"href":"https:\/\/medicinasinc.com\/es\/wp-json\/wp\/v2\/media\/5873"}],"wp:attachment":[{"href":"https:\/\/medicinasinc.com\/es\/wp-json\/wp\/v2\/media?parent=5863"}],"wp:term":[{"taxonomy":"product_brand","embeddable":true,"href":"https:\/\/medicinasinc.com\/es\/wp-json\/wp\/v2\/product_brand?post=5863"},{"taxonomy":"product_cat","embeddable":true,"href":"https:\/\/medicinasinc.com\/es\/wp-json\/wp\/v2\/product_cat?post=5863"},{"taxonomy":"product_tag","embeddable":true,"href":"https:\/\/medicinasinc.com\/es\/wp-json\/wp\/v2\/product_tag?post=5863"}],"curies":[{"name":"wp","href":"https:\/\/api.w.org\/{rel}","templated":true}]}}