{"id":5858,"date":"2022-02-22T07:31:17","date_gmt":"2022-02-22T07:31:17","guid":{"rendered":"https:\/\/medicinasinc.com\/es\/?post_type=product&#038;p=5858"},"modified":"2022-03-22T00:10:50","modified_gmt":"2022-03-22T00:10:50","slug":"comprar-gamma-hidroxibutirato-ghb-liquid","status":"publish","type":"product","link":"https:\/\/medicinasinc.com\/es\/product\/comprar-gamma-hidroxibutirato-ghb-liquid\/","title":{"rendered":"Comprar gamma hidroxibutirato (GHB) L\u00edquido"},"content":{"rendered":"<p>GHB gamma-hidroxibut\u00edrico a la venta en el Reino Unido, Europa, Jap\u00f3n, los Emiratos \u00c1rabes Unidos, China y Asia de la principal fuente mayorista de GHB. Prometemos env\u00edos internacionales discretos.<\/p>\n<p>-El \u00e1cido hidroxibut\u00edrico (GHB), tambi\u00e9n conocido como \u00e1cido 4-hidroxibutanoico, es un neurotransmisor natural y una sustancia alucin\u00f3gena. En lugares espec\u00edficos del cerebro, act\u00faa como precursor de GABA, glutamato y glicina. Es un agonista modesto del receptor GABAB y act\u00faa sobre el receptor GHB. El GHB se ha utilizado como anest\u00e9sico general y como tratamiento para la cataplej\u00eda, la narcolepsia y el alcoholismo en el \u00e1mbito m\u00e9dico. Adem\u00e1s, se usa ilegalmente como intoxicante, potenciador del rendimiento, droga para violaciones en citas y sustancia recreativa.<\/p>\n<p>Con frecuencia se utiliza como sal en forma de hidroxibutirato de sodio (NaGHB, sodio oxibato de potasio o Xyrem) o hidroxibutirato de potasio (KGHB, oxibato de potasio). El GHB tambi\u00e9n se crea durante la fermentaci\u00f3n y se encuentra en cantidades m\u00ednimas en una variedad de cervezas y vinos, as\u00ed como en la carne de res y en frutas c\u00edtricas diminutas.<\/p>\n<p>El GHB se usa m\u00e9dicamente para tratar la narcolepsia y, con menos frecuencia, el alcoholismo. aunque su eficacia en comparaci\u00f3n con otras farmacoterapias para el alcoholismo a\u00fan se desconoce.<\/p>\n<p>Ocasionalmente se usa fuera de etiqueta para tratar la fibromialgia.<\/p>\n<p>El oxibato de sodio es un medicamento recetado que contiene el componente activo GHB (Xirem). La Administraci\u00f3n de Drogas y Alimentos de EE. UU. ha aprobado el oxibato de sodio para el tratamiento de la cataplexia asociada con la narcolepsia y la somnolencia diurna excesiva (EDS) asociada con la narcolepsia.<\/p>\n<p>En pruebas modificadas de latencia del sue\u00f1o m\u00faltiple, se descubri\u00f3 que el GHB aumenta de manera confiable el sue\u00f1o de ondas lentas y disminuir la inclinaci\u00f3n hacia el sue\u00f1o REM.<\/p>\n<p>La etiqueta aprobada por la FDA para el oxibato de sodio indica que no hay evidencia de que el GHB sea cancer\u00edgeno, teratog\u00e9nico o hepatot\u00f3xico. Su perfil de seguridad superior al del etanol puede explicar por qu\u00e9 todav\u00eda se est\u00e1 explorando el GHB] como un posible sustituto del alcohol.<\/p>\n","protected":false},"excerpt":{"rendered":"<p>Compre gamma-hidroxibut\u00edrico GHB l\u00edquido para la venta en el Reino Unido, Europa, Jap\u00f3n, Emiratos \u00c1rabes Unidos, China, Asia del mejor proveedor mayorista de GHB. Garantizamos una entrega discreta en todo el mundo<\/p>\n<p>Cantidad m\u00ednima 200 ml<\/p>\n","protected":false},"featured_media":5868,"comment_status":"open","ping_status":"closed","template":"","meta":[],"product_brand":[],"product_cat":[2014],"product_tag":[4018,4019,4015,4014,4016,4017,4020,4022,4021],"class_list":{"0":"post-5858","1":"product","2":"type-product","3":"status-publish","4":"has-post-thumbnail","6":"product_cat-comprar-investigacion-quimicos","7":"product_tag-cido-gamma-hidroxibutrico-y-hormona-de-crecimiento","8":"product_tag-cido-gamma-hidroxibutrico-antidepresivo","9":"product_tag-buy-ghb","10":"product_tag-comprar-gamma-hidroxibutirato-online","11":"product_tag-comprar-ghb-online","12":"product_tag-drug","13":"product_tag-gamma-hydroxybutyric-acid-bodybuilding","14":"product_tag-ghb-for-sale","15":"product_tag-cido-gamma-hidroxibutrico-precio","17":"first","18":"instock","19":"shipping-taxable","20":"purchasable","21":"product-type-variable"},"yoast_head":"<!-- This site is optimized with the Yoast SEO plugin v27.3 - https:\/\/yoast.com\/product\/yoast-seo-wordpress\/ -->\n<title>Comprar gamma hidroxibutirato (GHB) - Best Best Global Meds<\/title>\n<meta name=\"description\" content=\"Compre GHB l\u00edquido gamma-hidroxibut\u00edrico para la venta en el Reino Unido, Europa, Jap\u00f3n, Emiratos \u00c1rabes Unidos, China, Asia del mejor proveedor mayorista de GHB. Garantizamos una entrega discreta en todo el mundo.\" \/>\n<meta name=\"robots\" content=\"index, follow, max-snippet:-1, max-image-preview:large, max-video-preview:-1\" \/>\n<link rel=\"canonical\" href=\"https:\/\/medicinasinc.com\/es\/product\/comprar-gamma-hidroxibutirato-ghb-liquid\/\" \/>\n<meta property=\"og:locale\" content=\"es_ES\" \/>\n<meta property=\"og:type\" content=\"article\" \/>\n<meta property=\"og:title\" content=\"Comprar gamma hidroxibutirato (GHB) - Best Best Global Meds\" \/>\n<meta property=\"og:description\" content=\"Compre GHB l\u00edquido gamma-hidroxibut\u00edrico para la venta en el Reino Unido, Europa, Jap\u00f3n, Emiratos \u00c1rabes Unidos, China, Asia del mejor proveedor mayorista de GHB. Garantizamos una entrega discreta en todo el mundo.\" \/>\n<meta property=\"og:url\" content=\"https:\/\/medicinasinc.com\/es\/product\/comprar-gamma-hidroxibutirato-ghb-liquid\/\" \/>\n<meta property=\"og:site_name\" content=\"Medicinas Inc\" \/>\n<meta property=\"article:modified_time\" content=\"2022-03-22T00:10:50+00:00\" \/>\n<meta property=\"og:image\" content=\"https:\/\/medicinasinc.com\/es\/wp-content\/uploads\/sites\/15\/2022\/02\/Buy-gamma-hydroxybutyrate.jpg\" \/>\n\t<meta property=\"og:image:width\" content=\"600\" \/>\n\t<meta property=\"og:image:height\" content=\"450\" \/>\n\t<meta property=\"og:image:type\" content=\"image\/jpeg\" \/>\n<meta name=\"twitter:card\" content=\"summary_large_image\" \/>\n<meta name=\"twitter:label1\" content=\"Tiempo de lectura\" \/>\n\t<meta name=\"twitter:data1\" content=\"2 minutos\" \/>\n<script type=\"application\/ld+json\" class=\"yoast-schema-graph\">{\"@context\":\"https:\\\/\\\/schema.org\",\"@graph\":[{\"@type\":\"WebPage\",\"@id\":\"https:\\\/\\\/medicinasinc.com\\\/es\\\/product\\\/comprar-gamma-hidroxibutirato-ghb-liquid\\\/\",\"url\":\"https:\\\/\\\/medicinasinc.com\\\/es\\\/product\\\/comprar-gamma-hidroxibutirato-ghb-liquid\\\/\",\"name\":\"Comprar gamma hidroxibutirato (GHB) - Best Best Global Meds\",\"isPartOf\":{\"@id\":\"https:\\\/\\\/medicinasinc.com\\\/es\\\/#website\"},\"primaryImageOfPage\":{\"@id\":\"https:\\\/\\\/medicinasinc.com\\\/es\\\/product\\\/comprar-gamma-hidroxibutirato-ghb-liquid\\\/#primaryimage\"},\"image\":{\"@id\":\"https:\\\/\\\/medicinasinc.com\\\/es\\\/product\\\/comprar-gamma-hidroxibutirato-ghb-liquid\\\/#primaryimage\"},\"thumbnailUrl\":\"https:\\\/\\\/medicinasinc.com\\\/es\\\/wp-content\\\/uploads\\\/sites\\\/15\\\/2022\\\/02\\\/Buy-gamma-hydroxybutyrate.jpg\",\"datePublished\":\"2022-02-22T07:31:17+00:00\",\"dateModified\":\"2022-03-22T00:10:50+00:00\",\"description\":\"Compre GHB l\u00edquido gamma-hidroxibut\u00edrico para la venta en el Reino Unido, Europa, Jap\u00f3n, Emiratos \u00c1rabes Unidos, China, Asia del mejor proveedor mayorista de GHB. Garantizamos una entrega discreta en todo el mundo.\",\"breadcrumb\":{\"@id\":\"https:\\\/\\\/medicinasinc.com\\\/es\\\/product\\\/comprar-gamma-hidroxibutirato-ghb-liquid\\\/#breadcrumb\"},\"inLanguage\":\"es\",\"potentialAction\":[{\"@type\":\"ReadAction\",\"target\":[\"https:\\\/\\\/medicinasinc.com\\\/es\\\/product\\\/comprar-gamma-hidroxibutirato-ghb-liquid\\\/\"]}]},{\"@type\":\"ImageObject\",\"inLanguage\":\"es\",\"@id\":\"https:\\\/\\\/medicinasinc.com\\\/es\\\/product\\\/comprar-gamma-hidroxibutirato-ghb-liquid\\\/#primaryimage\",\"url\":\"https:\\\/\\\/medicinasinc.com\\\/es\\\/wp-content\\\/uploads\\\/sites\\\/15\\\/2022\\\/02\\\/Buy-gamma-hydroxybutyrate.jpg\",\"contentUrl\":\"https:\\\/\\\/medicinasinc.com\\\/es\\\/wp-content\\\/uploads\\\/sites\\\/15\\\/2022\\\/02\\\/Buy-gamma-hydroxybutyrate.jpg\",\"width\":600,\"height\":450},{\"@type\":\"BreadcrumbList\",\"@id\":\"https:\\\/\\\/medicinasinc.com\\\/es\\\/product\\\/comprar-gamma-hidroxibutirato-ghb-liquid\\\/#breadcrumb\",\"itemListElement\":[{\"@type\":\"ListItem\",\"position\":1,\"name\":\"Tienda\",\"item\":\"https:\\\/\\\/medicinasinc.com\\\/es\\\/tienda\\\/\"},{\"@type\":\"ListItem\",\"position\":2,\"name\":\"Comprar gamma hidroxibutirato (GHB) L\u00edquido\"}]},{\"@type\":\"WebSite\",\"@id\":\"https:\\\/\\\/medicinasinc.com\\\/es\\\/#website\",\"url\":\"https:\\\/\\\/medicinasinc.com\\\/es\\\/\",\"name\":\"Medicinas Inc\",\"description\":\"Cl\u00ednica M\u00e9dica de Salud\",\"potentialAction\":[{\"@type\":\"SearchAction\",\"target\":{\"@type\":\"EntryPoint\",\"urlTemplate\":\"https:\\\/\\\/medicinasinc.com\\\/es\\\/?s={search_term_string}\"},\"query-input\":{\"@type\":\"PropertyValueSpecification\",\"valueRequired\":true,\"valueName\":\"search_term_string\"}}],\"inLanguage\":\"es\"}]}<\/script>\n<!-- \/ Yoast SEO plugin. -->","yoast_head_json":{"title":"Comprar gamma hidroxibutirato (GHB) - Best Best Global Meds","description":"Compre GHB l\u00edquido gamma-hidroxibut\u00edrico para la venta en el Reino Unido, Europa, Jap\u00f3n, Emiratos \u00c1rabes Unidos, China, Asia del mejor proveedor mayorista de GHB. Garantizamos una entrega discreta en todo el mundo.","robots":{"index":"index","follow":"follow","max-snippet":"max-snippet:-1","max-image-preview":"max-image-preview:large","max-video-preview":"max-video-preview:-1"},"canonical":"https:\/\/medicinasinc.com\/es\/product\/comprar-gamma-hidroxibutirato-ghb-liquid\/","og_locale":"es_ES","og_type":"article","og_title":"Comprar gamma hidroxibutirato (GHB) - Best Best Global Meds","og_description":"Compre GHB l\u00edquido gamma-hidroxibut\u00edrico para la venta en el Reino Unido, Europa, Jap\u00f3n, Emiratos \u00c1rabes Unidos, China, Asia del mejor proveedor mayorista de GHB. Garantizamos una entrega discreta en todo el mundo.","og_url":"https:\/\/medicinasinc.com\/es\/product\/comprar-gamma-hidroxibutirato-ghb-liquid\/","og_site_name":"Medicinas Inc","article_modified_time":"2022-03-22T00:10:50+00:00","og_image":[{"width":600,"height":450,"url":"https:\/\/medicinasinc.com\/es\/wp-content\/uploads\/sites\/15\/2022\/02\/Buy-gamma-hydroxybutyrate.jpg","type":"image\/jpeg"}],"twitter_card":"summary_large_image","twitter_misc":{"Tiempo de lectura":"2 minutos"},"schema":{"@context":"https:\/\/schema.org","@graph":[{"@type":"WebPage","@id":"https:\/\/medicinasinc.com\/es\/product\/comprar-gamma-hidroxibutirato-ghb-liquid\/","url":"https:\/\/medicinasinc.com\/es\/product\/comprar-gamma-hidroxibutirato-ghb-liquid\/","name":"Comprar gamma hidroxibutirato (GHB) - Best Best Global Meds","isPartOf":{"@id":"https:\/\/medicinasinc.com\/es\/#website"},"primaryImageOfPage":{"@id":"https:\/\/medicinasinc.com\/es\/product\/comprar-gamma-hidroxibutirato-ghb-liquid\/#primaryimage"},"image":{"@id":"https:\/\/medicinasinc.com\/es\/product\/comprar-gamma-hidroxibutirato-ghb-liquid\/#primaryimage"},"thumbnailUrl":"https:\/\/medicinasinc.com\/es\/wp-content\/uploads\/sites\/15\/2022\/02\/Buy-gamma-hydroxybutyrate.jpg","datePublished":"2022-02-22T07:31:17+00:00","dateModified":"2022-03-22T00:10:50+00:00","description":"Compre GHB l\u00edquido gamma-hidroxibut\u00edrico para la venta en el Reino Unido, Europa, Jap\u00f3n, Emiratos \u00c1rabes Unidos, China, Asia del mejor proveedor mayorista de GHB. Garantizamos una entrega discreta en todo el mundo.","breadcrumb":{"@id":"https:\/\/medicinasinc.com\/es\/product\/comprar-gamma-hidroxibutirato-ghb-liquid\/#breadcrumb"},"inLanguage":"es","potentialAction":[{"@type":"ReadAction","target":["https:\/\/medicinasinc.com\/es\/product\/comprar-gamma-hidroxibutirato-ghb-liquid\/"]}]},{"@type":"ImageObject","inLanguage":"es","@id":"https:\/\/medicinasinc.com\/es\/product\/comprar-gamma-hidroxibutirato-ghb-liquid\/#primaryimage","url":"https:\/\/medicinasinc.com\/es\/wp-content\/uploads\/sites\/15\/2022\/02\/Buy-gamma-hydroxybutyrate.jpg","contentUrl":"https:\/\/medicinasinc.com\/es\/wp-content\/uploads\/sites\/15\/2022\/02\/Buy-gamma-hydroxybutyrate.jpg","width":600,"height":450},{"@type":"BreadcrumbList","@id":"https:\/\/medicinasinc.com\/es\/product\/comprar-gamma-hidroxibutirato-ghb-liquid\/#breadcrumb","itemListElement":[{"@type":"ListItem","position":1,"name":"Tienda","item":"https:\/\/medicinasinc.com\/es\/tienda\/"},{"@type":"ListItem","position":2,"name":"Comprar gamma hidroxibutirato (GHB) L\u00edquido"}]},{"@type":"WebSite","@id":"https:\/\/medicinasinc.com\/es\/#website","url":"https:\/\/medicinasinc.com\/es\/","name":"Medicinas Inc","description":"Cl\u00ednica M\u00e9dica de Salud","potentialAction":[{"@type":"SearchAction","target":{"@type":"EntryPoint","urlTemplate":"https:\/\/medicinasinc.com\/es\/?s={search_term_string}"},"query-input":{"@type":"PropertyValueSpecification","valueRequired":true,"valueName":"search_term_string"}}],"inLanguage":"es"}]}},"_links":{"self":[{"href":"https:\/\/medicinasinc.com\/es\/wp-json\/wp\/v2\/product\/5858","targetHints":{"allow":["GET"]}}],"collection":[{"href":"https:\/\/medicinasinc.com\/es\/wp-json\/wp\/v2\/product"}],"about":[{"href":"https:\/\/medicinasinc.com\/es\/wp-json\/wp\/v2\/types\/product"}],"replies":[{"embeddable":true,"href":"https:\/\/medicinasinc.com\/es\/wp-json\/wp\/v2\/comments?post=5858"}],"wp:featuredmedia":[{"embeddable":true,"href":"https:\/\/medicinasinc.com\/es\/wp-json\/wp\/v2\/media\/5868"}],"wp:attachment":[{"href":"https:\/\/medicinasinc.com\/es\/wp-json\/wp\/v2\/media?parent=5858"}],"wp:term":[{"taxonomy":"product_brand","embeddable":true,"href":"https:\/\/medicinasinc.com\/es\/wp-json\/wp\/v2\/product_brand?post=5858"},{"taxonomy":"product_cat","embeddable":true,"href":"https:\/\/medicinasinc.com\/es\/wp-json\/wp\/v2\/product_cat?post=5858"},{"taxonomy":"product_tag","embeddable":true,"href":"https:\/\/medicinasinc.com\/es\/wp-json\/wp\/v2\/product_tag?post=5858"}],"curies":[{"name":"wp","href":"https:\/\/api.w.org\/{rel}","templated":true}]}}