{"id":5852,"date":"2022-02-22T07:25:44","date_gmt":"2022-02-22T07:25:44","guid":{"rendered":"https:\/\/medicinasinc.com\/es\/?post_type=product&#038;p=5852"},"modified":"2022-03-22T00:11:00","modified_gmt":"2022-03-22T00:11:00","slug":"comprar-anfetamina-en-polvo","status":"publish","type":"product","link":"https:\/\/medicinasinc.com\/es\/product\/comprar-anfetamina-en-polvo\/","title":{"rendered":"Comprar polvo de anfetamina"},"content":{"rendered":"<p>El polvo de anfetamina se puede comprar en l\u00ednea.<\/p>\n<p>El polvo de anfetamina en l\u00ednea en el Reino Unido, Europa y la Uni\u00f3n Europea, pedido por correo de polvo de anfetamina, las anfetaminas son medicamentos estimulantes, lo que significa que aceleran la transmisi\u00f3n de mensajes entre el cerebro y el cuerpo.<\/p>\n<p>Las anfetaminas son medicamentos estimulantes que aceleran la transmisi\u00f3n de informaci\u00f3n entre el cerebro y el cuerpo.<\/p>\n<p>Tambi\u00e9n te puede interesar aprender m\u00e1s sobre los efectos y riesgos para la salud asociados con el polvo de anfetamina. Puede manifestarse de la misma manera que muchos otros medicamentos.<\/p>\n<p>Los m\u00e9dicos recomiendan leg\u00edtimamente ciertas clases de anfetaminas para el tratamiento de enfermedades como el trastorno por d\u00e9ficit de atenci\u00f3n con hiperactividad (TDAH) y la narcolepsia (donde una persona tiene una necesidad incontrolable de dormir). Otros tipos de anfetaminas, como el speed, se fabrican y venden de forma il\u00edcita. Una hoja informativa separada est\u00e1 dedicada a la forma m\u00e1s potente de metanfetamina, la metanfetamina cristalina (hielo).<\/p>\n<p>Las anfetaminas existen en una variedad de formas. Estos medicamentos est\u00e1n disponibles en forma de polvo, tabletas, cristales y c\u00e1psulas. Cuando se venden ilegalmente, pueden envasarse en &#8216;l\u00e1minas&#8217; (papel de aluminio), bolsas de pl\u00e1stico o globos en miniatura.<\/p>\n<p>El polvo de anfetamina var\u00eda en color de blanco a marr\u00f3n y, en ocasiones, contiene rastros de gris o rosa. Tiene un aroma penetrante y un sabor amargo. Las c\u00e1psulas y tabletas que contienen anfetaminas var\u00edan significativamente en tama\u00f1o y color.<\/p>\n<p>Anfetamina: las anfetaminas fabricadas ilegalmente pueden contener una combinaci\u00f3n de drogas, aglutinantes, cafe\u00edna y az\u00facar. Adem\u00e1s, es posible que se agreguen nuevas drogas psicoactivas.<\/p>\n<p>T\u00e9rminos de la jerga<\/p>\n<p>Velocidad, r\u00e1pido, ascendente, estimulantes, louee, goey y whiz.<\/p>\n<p>\u00bfPara qu\u00e9 \u00bfPara qu\u00e9 sirven?<\/p>\n<p>Generalmente, las anfetaminas se ingieren, se inyectan o se fuman. Adem\u00e1s, se inhalan.<\/p>\n<p>Efectos de las anfetaminas<\/p>\n<p>Las anfetaminas tienen un efecto variable en cada individuo, dependiendo de:<\/p>\n<p>\u00cdndice de masa corporal, peso y salud <br \/> Si la persona est\u00e1 acostumbrada a tomarlo<br \/> Si se toman otros medicamentos al mismo tiempo<br \/> La suma retirada<br \/> La potencia del medicamento (var\u00eda de un lote a otro con medicamentos producidos ilegalmente)<\/p>\n<p>Las anfetaminas ejercen sus efectos instant\u00e1neamente (ya sea que se inyecten o se fumen) o dentro de los 30 minutos (si se inhalan o tragan).<\/p>\n<p>Pueden ocurrir los siguientes impactos:<\/p>\n<p>La felicidad y la autoestima -aseguramiento<br \/> Hablar m\u00e1s y sentirse con m\u00e1s energ\u00eda<br \/> Repetici\u00f3n de acciones simples como picaz\u00f3n y rascado<br \/> Pupilas grandes y boca seca<br \/> Ritmo card\u00edaco y respiraci\u00f3n acelerados<br \/> Rechinar de dientes <br \/> Supresi\u00f3n del apetito<br \/> Sudoraci\u00f3n excesiva<br \/> Aumento de la excitaci\u00f3n sexual<br \/> Sobredosis<\/p>\n<p>Si se consume una cantidad significativa o un lote particularmente potente, puede tambi\u00e9n resultar en una sobredosis. Si se presenta cualquiera de los siguientes s\u00edntomas, se debe solicitar una ambulancia de inmediato marcando el triple cero (000). Los oficiales de ambulancia no est\u00e1n obligados a consultar con la polic\u00eda.<\/p>\n<p>Latidos card\u00edacos acelerados<br \/> Accidente cerebrovascular, ataque card\u00edaco y muerte<\/p>\n<p>Las anfetaminas inhaladas pueden irritar las fosas nasales y provocar hemorragias nasales.<\/p>\n<p>Inyectarse anfetaminas y compartir agujas puede aumentar su riesgo de contraer lo siguiente:<\/p>\n<p>Virus Hepatitis B<br \/> VIH\/SIDA Hepatitis C<br \/> T\u00e9tanos<br \/> Descendente<\/p>\n<p>Despu\u00e9s del uso de anfetaminas, pueden ocurrir los siguientes efectos:<\/p>\n<p>Insomnio y agotamiento<br \/> Dolores de cabeza<br \/> Desorientaci\u00f3n y visi\u00f3n borrosa<br \/> Confusi\u00f3n, paranoia, y alucinaciones<br \/> La irritabilidad, los cambios de humor y la depresi\u00f3n son s\u00edntomas de depresi\u00f3n.<\/p>\n<p>Usar un depresor como el alcohol, las benzodiazepinas o el cannabis para ayudar en el proceso de &#8216;bajar&#8217; puede culminar en un ciclo de dependencia de ambos tipos de sustancias.<\/p>\n<p>Consecuencias a largo plazo<\/p>\n<p>El uso regular de anfetaminas puede eventualmente resultar en lo siguiente:<\/p>\n<p>Supresi\u00f3n del apetito y p\u00e9rdida de peso r\u00e1pida<br \/> Sue\u00f1o insomne<br \/> Problemas dentales y boca seca<br \/> Los resfriados y la gripe son comunes.<br \/> Dificultades de concentraci\u00f3n<br \/> Dificultades para respirar<br \/> Rigidez muscular<br \/> Ataques de p\u00e1nico y paranoia<br \/> Depresi\u00f3n<br \/> Problemas cardiovasculares y renales<br \/> Aumenta el riesgo de accidente cerebrovascular<br \/> Tener que usar m\u00e1s para lograr el efecto deseado<br \/> Adicci\u00f3n a las anfetaminas<br \/> Dificultades financieras, laborales y sociales<br \/> Psicosis causada por las anfetaminas<\/p>\n<p>Adem\u00e1s, las dosis altas y el uso intensivo repetido pueden provocar una &#8216;psicosis anfetam\u00ednica&#8217;, que se caracteriza por delirios paranoides, alucinaciones y comportamiento agresivo o violento fuera de lo normal. Estos s\u00edntomas a menudo desaparecen a los pocos d\u00edas de que el individuo deja de consumir anfetaminas.<\/p>\n<p>Anfetaminas en combinaci\u00f3n con otros medicamentos<\/p>\n<p>Las interacciones entre las anfetaminas y otras sustancias, como los medicamentos de venta libre. Los productos farmac\u00e9uticos de venta libre o recetados pueden ser impredecibles y mortales, y pueden provocar lo siguiente:<\/p>\n<p>Las anfetaminas y ciertos antidepresivos causan hipertensi\u00f3n, lo que puede provocar pulso irregular, insuficiencia card\u00edaca y accidente cerebrovascular.<\/p>\n<p>4<\/p>\n<p>Las anfetaminas usadas con alcohol, cannabis o benzodiazepinas someten al cuerpo a un estr\u00e9s extremo mientras trata de hacer frente a los efectos contradictorios de las dos drogas, lo que puede resultar en una sobredosis.<\/p>\n<p>Abstinencia<\/p>\n<p>Dejar las anfetaminas despu\u00e9s de un per\u00edodo prolongado de uso es dif\u00edcil ya que el cuerpo debe adaptarse a funcionar sin ellas. Los s\u00edntomas de abstinencia deben desaparecer en una semana y desaparecer por completo despu\u00e9s de un mes. Los s\u00edntomas incluyen los siguientes:<\/p>\n<p>Deseos de anfetaminas<br \/> Estimulaci\u00f3n del apetito<br \/> Perplejidad e irritaci\u00f3n<br \/> Moretones y dolores<br \/> Agotamiento<br \/> Insomnio y pesadillas<br \/> Trastornos afectivos como ansiedad, depresi\u00f3n y paranoia<\/p>\n","protected":false},"excerpt":{"rendered":"<p>Compre polvo de anfetamina a la venta en el Reino Unido, Europa, pastillas gen\u00e9ricas y de marca baratas en Sapporo. Puede comprar polvo de anfetamina a la venta en l\u00ednea usando Bitcoin (BTC)<\/p>\n<p>El polvo de anfetamina es un fuerte estimulante del sistema nervioso central (neuronas del cerebro y de la m\u00e9dula espinal) y se ha usado medicinalmente para tratar una variedad de condiciones. Adem\u00e1s, es extremadamente adictivo y tiene un historial de abuso.<\/p>\n<p>El polvo de anfetamina es un medicamento recetado que se usa para tratar el trastorno por d\u00e9ficit de atenci\u00f3n con hiperactividad (TDAH).<\/p>\n","protected":false},"featured_media":5862,"comment_status":"open","ping_status":"closed","template":"","meta":[],"product_brand":[],"product_cat":[703,2014],"product_tag":[4009,4011,4013,4012,4010,4007,4008],"class_list":{"0":"post-5852","1":"product","2":"type-product","3":"status-publish","4":"has-post-thumbnail","6":"product_cat-comprar-drogas-psicodelicas","7":"product_cat-comprar-investigacion-quimicos","8":"product_tag-buy-amphetamine-powder-online","9":"product_tag-comprar-anfetamina-en-polvo-online","10":"product_tag-donde-comprar-anfetamina-en-polvo-online","11":"product_tag-el-mejor-lugar-para-comprar-anfetamina-en-polvo-online","12":"product_tag-order-amphetamine-powder-online","13":"product_tag-polvo-de-anfetamina","14":"product_tag-anfetamina-en-polvo-para-la-venta","16":"first","17":"instock","18":"shipping-taxable","19":"purchasable","20":"product-type-variable"},"yoast_head":"<!-- This site is optimized with the Yoast SEO plugin v27.3 - https:\/\/yoast.com\/product\/yoast-seo-wordpress\/ -->\n<title>Comprar anfetamina en polvo - Best Best Global Meds<\/title>\n<meta name=\"description\" content=\"Compre polvo de anfetamina a la venta en el Reino Unido, Europa, pastillas gen\u00e9ricas y de marca baratas en Sapporo. Puede pedir polvo de anfetamina a la venta en l\u00ednea usando Bitcoin (BTC)\" \/>\n<meta name=\"robots\" content=\"index, follow, max-snippet:-1, max-image-preview:large, max-video-preview:-1\" \/>\n<link rel=\"canonical\" href=\"https:\/\/medicinasinc.com\/es\/product\/comprar-anfetamina-en-polvo\/\" \/>\n<meta property=\"og:locale\" content=\"es_ES\" \/>\n<meta property=\"og:type\" content=\"article\" \/>\n<meta property=\"og:title\" content=\"Comprar anfetamina en polvo - Best Best Global Meds\" \/>\n<meta property=\"og:description\" content=\"Compre polvo de anfetamina a la venta en el Reino Unido, Europa, pastillas gen\u00e9ricas y de marca baratas en Sapporo. Puede pedir polvo de anfetamina a la venta en l\u00ednea usando Bitcoin (BTC)\" \/>\n<meta property=\"og:url\" content=\"https:\/\/medicinasinc.com\/es\/product\/comprar-anfetamina-en-polvo\/\" \/>\n<meta property=\"og:site_name\" content=\"Medicinas Inc\" \/>\n<meta property=\"article:modified_time\" content=\"2022-03-22T00:11:00+00:00\" \/>\n<meta property=\"og:image\" content=\"https:\/\/medicinasinc.com\/es\/wp-content\/uploads\/sites\/15\/2022\/02\/Buy-Amphetamine-Powder.png\" \/>\n\t<meta property=\"og:image:width\" content=\"412\" \/>\n\t<meta property=\"og:image:height\" content=\"550\" \/>\n\t<meta property=\"og:image:type\" content=\"image\/png\" \/>\n<meta name=\"twitter:card\" content=\"summary_large_image\" \/>\n<meta name=\"twitter:label1\" content=\"Tiempo de lectura\" \/>\n\t<meta name=\"twitter:data1\" content=\"4 minutos\" \/>\n<script type=\"application\/ld+json\" class=\"yoast-schema-graph\">{\"@context\":\"https:\\\/\\\/schema.org\",\"@graph\":[{\"@type\":\"WebPage\",\"@id\":\"https:\\\/\\\/medicinasinc.com\\\/es\\\/product\\\/comprar-anfetamina-en-polvo\\\/\",\"url\":\"https:\\\/\\\/medicinasinc.com\\\/es\\\/product\\\/comprar-anfetamina-en-polvo\\\/\",\"name\":\"Comprar anfetamina en polvo - Best Best Global Meds\",\"isPartOf\":{\"@id\":\"https:\\\/\\\/medicinasinc.com\\\/es\\\/#website\"},\"primaryImageOfPage\":{\"@id\":\"https:\\\/\\\/medicinasinc.com\\\/es\\\/product\\\/comprar-anfetamina-en-polvo\\\/#primaryimage\"},\"image\":{\"@id\":\"https:\\\/\\\/medicinasinc.com\\\/es\\\/product\\\/comprar-anfetamina-en-polvo\\\/#primaryimage\"},\"thumbnailUrl\":\"https:\\\/\\\/medicinasinc.com\\\/es\\\/wp-content\\\/uploads\\\/sites\\\/15\\\/2022\\\/02\\\/Buy-Amphetamine-Powder.png\",\"datePublished\":\"2022-02-22T07:25:44+00:00\",\"dateModified\":\"2022-03-22T00:11:00+00:00\",\"description\":\"Compre polvo de anfetamina a la venta en el Reino Unido, Europa, pastillas gen\u00e9ricas y de marca baratas en Sapporo. Puede pedir polvo de anfetamina a la venta en l\u00ednea usando Bitcoin (BTC)\",\"breadcrumb\":{\"@id\":\"https:\\\/\\\/medicinasinc.com\\\/es\\\/product\\\/comprar-anfetamina-en-polvo\\\/#breadcrumb\"},\"inLanguage\":\"es\",\"potentialAction\":[{\"@type\":\"ReadAction\",\"target\":[\"https:\\\/\\\/medicinasinc.com\\\/es\\\/product\\\/comprar-anfetamina-en-polvo\\\/\"]}]},{\"@type\":\"ImageObject\",\"inLanguage\":\"es\",\"@id\":\"https:\\\/\\\/medicinasinc.com\\\/es\\\/product\\\/comprar-anfetamina-en-polvo\\\/#primaryimage\",\"url\":\"https:\\\/\\\/medicinasinc.com\\\/es\\\/wp-content\\\/uploads\\\/sites\\\/15\\\/2022\\\/02\\\/Buy-Amphetamine-Powder.png\",\"contentUrl\":\"https:\\\/\\\/medicinasinc.com\\\/es\\\/wp-content\\\/uploads\\\/sites\\\/15\\\/2022\\\/02\\\/Buy-Amphetamine-Powder.png\",\"width\":412,\"height\":550},{\"@type\":\"BreadcrumbList\",\"@id\":\"https:\\\/\\\/medicinasinc.com\\\/es\\\/product\\\/comprar-anfetamina-en-polvo\\\/#breadcrumb\",\"itemListElement\":[{\"@type\":\"ListItem\",\"position\":1,\"name\":\"Tienda\",\"item\":\"https:\\\/\\\/medicinasinc.com\\\/es\\\/tienda\\\/\"},{\"@type\":\"ListItem\",\"position\":2,\"name\":\"Comprar polvo de anfetamina\"}]},{\"@type\":\"WebSite\",\"@id\":\"https:\\\/\\\/medicinasinc.com\\\/es\\\/#website\",\"url\":\"https:\\\/\\\/medicinasinc.com\\\/es\\\/\",\"name\":\"Medicinas Inc\",\"description\":\"Cl\u00ednica M\u00e9dica de Salud\",\"potentialAction\":[{\"@type\":\"SearchAction\",\"target\":{\"@type\":\"EntryPoint\",\"urlTemplate\":\"https:\\\/\\\/medicinasinc.com\\\/es\\\/?s={search_term_string}\"},\"query-input\":{\"@type\":\"PropertyValueSpecification\",\"valueRequired\":true,\"valueName\":\"search_term_string\"}}],\"inLanguage\":\"es\"}]}<\/script>\n<!-- \/ Yoast SEO plugin. -->","yoast_head_json":{"title":"Comprar anfetamina en polvo - Best Best Global Meds","description":"Compre polvo de anfetamina a la venta en el Reino Unido, Europa, pastillas gen\u00e9ricas y de marca baratas en Sapporo. Puede pedir polvo de anfetamina a la venta en l\u00ednea usando Bitcoin (BTC)","robots":{"index":"index","follow":"follow","max-snippet":"max-snippet:-1","max-image-preview":"max-image-preview:large","max-video-preview":"max-video-preview:-1"},"canonical":"https:\/\/medicinasinc.com\/es\/product\/comprar-anfetamina-en-polvo\/","og_locale":"es_ES","og_type":"article","og_title":"Comprar anfetamina en polvo - Best Best Global Meds","og_description":"Compre polvo de anfetamina a la venta en el Reino Unido, Europa, pastillas gen\u00e9ricas y de marca baratas en Sapporo. Puede pedir polvo de anfetamina a la venta en l\u00ednea usando Bitcoin (BTC)","og_url":"https:\/\/medicinasinc.com\/es\/product\/comprar-anfetamina-en-polvo\/","og_site_name":"Medicinas Inc","article_modified_time":"2022-03-22T00:11:00+00:00","og_image":[{"width":412,"height":550,"url":"https:\/\/medicinasinc.com\/es\/wp-content\/uploads\/sites\/15\/2022\/02\/Buy-Amphetamine-Powder.png","type":"image\/png"}],"twitter_card":"summary_large_image","twitter_misc":{"Tiempo de lectura":"4 minutos"},"schema":{"@context":"https:\/\/schema.org","@graph":[{"@type":"WebPage","@id":"https:\/\/medicinasinc.com\/es\/product\/comprar-anfetamina-en-polvo\/","url":"https:\/\/medicinasinc.com\/es\/product\/comprar-anfetamina-en-polvo\/","name":"Comprar anfetamina en polvo - Best Best Global Meds","isPartOf":{"@id":"https:\/\/medicinasinc.com\/es\/#website"},"primaryImageOfPage":{"@id":"https:\/\/medicinasinc.com\/es\/product\/comprar-anfetamina-en-polvo\/#primaryimage"},"image":{"@id":"https:\/\/medicinasinc.com\/es\/product\/comprar-anfetamina-en-polvo\/#primaryimage"},"thumbnailUrl":"https:\/\/medicinasinc.com\/es\/wp-content\/uploads\/sites\/15\/2022\/02\/Buy-Amphetamine-Powder.png","datePublished":"2022-02-22T07:25:44+00:00","dateModified":"2022-03-22T00:11:00+00:00","description":"Compre polvo de anfetamina a la venta en el Reino Unido, Europa, pastillas gen\u00e9ricas y de marca baratas en Sapporo. Puede pedir polvo de anfetamina a la venta en l\u00ednea usando Bitcoin (BTC)","breadcrumb":{"@id":"https:\/\/medicinasinc.com\/es\/product\/comprar-anfetamina-en-polvo\/#breadcrumb"},"inLanguage":"es","potentialAction":[{"@type":"ReadAction","target":["https:\/\/medicinasinc.com\/es\/product\/comprar-anfetamina-en-polvo\/"]}]},{"@type":"ImageObject","inLanguage":"es","@id":"https:\/\/medicinasinc.com\/es\/product\/comprar-anfetamina-en-polvo\/#primaryimage","url":"https:\/\/medicinasinc.com\/es\/wp-content\/uploads\/sites\/15\/2022\/02\/Buy-Amphetamine-Powder.png","contentUrl":"https:\/\/medicinasinc.com\/es\/wp-content\/uploads\/sites\/15\/2022\/02\/Buy-Amphetamine-Powder.png","width":412,"height":550},{"@type":"BreadcrumbList","@id":"https:\/\/medicinasinc.com\/es\/product\/comprar-anfetamina-en-polvo\/#breadcrumb","itemListElement":[{"@type":"ListItem","position":1,"name":"Tienda","item":"https:\/\/medicinasinc.com\/es\/tienda\/"},{"@type":"ListItem","position":2,"name":"Comprar polvo de anfetamina"}]},{"@type":"WebSite","@id":"https:\/\/medicinasinc.com\/es\/#website","url":"https:\/\/medicinasinc.com\/es\/","name":"Medicinas Inc","description":"Cl\u00ednica M\u00e9dica de Salud","potentialAction":[{"@type":"SearchAction","target":{"@type":"EntryPoint","urlTemplate":"https:\/\/medicinasinc.com\/es\/?s={search_term_string}"},"query-input":{"@type":"PropertyValueSpecification","valueRequired":true,"valueName":"search_term_string"}}],"inLanguage":"es"}]}},"_links":{"self":[{"href":"https:\/\/medicinasinc.com\/es\/wp-json\/wp\/v2\/product\/5852","targetHints":{"allow":["GET"]}}],"collection":[{"href":"https:\/\/medicinasinc.com\/es\/wp-json\/wp\/v2\/product"}],"about":[{"href":"https:\/\/medicinasinc.com\/es\/wp-json\/wp\/v2\/types\/product"}],"replies":[{"embeddable":true,"href":"https:\/\/medicinasinc.com\/es\/wp-json\/wp\/v2\/comments?post=5852"}],"wp:featuredmedia":[{"embeddable":true,"href":"https:\/\/medicinasinc.com\/es\/wp-json\/wp\/v2\/media\/5862"}],"wp:attachment":[{"href":"https:\/\/medicinasinc.com\/es\/wp-json\/wp\/v2\/media?parent=5852"}],"wp:term":[{"taxonomy":"product_brand","embeddable":true,"href":"https:\/\/medicinasinc.com\/es\/wp-json\/wp\/v2\/product_brand?post=5852"},{"taxonomy":"product_cat","embeddable":true,"href":"https:\/\/medicinasinc.com\/es\/wp-json\/wp\/v2\/product_cat?post=5852"},{"taxonomy":"product_tag","embeddable":true,"href":"https:\/\/medicinasinc.com\/es\/wp-json\/wp\/v2\/product_tag?post=5852"}],"curies":[{"name":"wp","href":"https:\/\/api.w.org\/{rel}","templated":true}]}}