{"id":5846,"date":"2022-02-22T07:19:31","date_gmt":"2022-02-22T07:19:31","guid":{"rendered":"https:\/\/medicinasinc.com\/es\/?post_type=product&#038;p=5846"},"modified":"2022-03-22T00:11:11","modified_gmt":"2022-03-22T00:11:11","slug":"aprobarbitone","status":"publish","type":"product","link":"https:\/\/medicinasinc.com\/es\/product\/aprobarbitone\/","title":{"rendered":"Aprobarbitone"},"content":{"rendered":"<p>La aprobarbitona se puede comprar en l\u00ednea en una farmacia de Nembutal en l\u00ednea de primer nivel<\/p>\n<p>La farmacia en l\u00ednea de Nembutal ha estado en el negocio durante mucho tiempo. Ahora tenemos un conocimiento profundo de los puntos de vista y las expectativas de los clientes en todo el mundo. Estamos aqu\u00ed para cumplir con todos sus requisitos de Aprobarbitone. Si desea comprar Aprobarbitone en l\u00ednea, nuestra farmacia es el mejor lugar para hacerlo. Ofrecemos este medicamento terap\u00e9utico a un precio razonable. Puede compr\u00e1rnoslo f\u00e1cilmente y se lo entregaremos dentro del plazo especificado.<\/p>\n<p>\u00bfCu\u00e1l es el papel de Aprobarbitone en su salud?<\/p>\n<p>Aprobarbitone puede ayudarlo a dormir bien por la noche . En pocas palabras, es una cura ideal para los insomnes. Es bien conocido por sus extraordinarias cualidades sedantes, hipn\u00f3ticas y anticonvulsivas.<\/p>\n<p>\u00bfPor qu\u00e9 deber\u00eda comprarnos Aprobarbitone Online?<\/p>\n<p>Somos un grupo altamente especializado de personas con amplia experiencia. en el campo de los medicamentos y las drogas. Adem\u00e1s, estamos ampliando el acceso a Aprobarbitone y otros medicamentos en todo el mundo. Ahora puede obtener Aprobarbitone en l\u00ednea al precio m\u00e1s barato desde la comodidad de su hogar. Estamos a s\u00f3lo un clic de rat\u00f3n de distancia. Env\u00ede su pedido para comprar Aprobarbitone en l\u00ednea hoy y ser\u00e1 entregado a la direcci\u00f3n especificada en breve.<\/p>\n","protected":false},"excerpt":{"rendered":"<p>\u00bfC\u00f3mo comprar Aprobarbitone en l\u00ednea en una farmacia de Nembutal?<\/p>\n<p>La farmacia en l\u00ednea de Nembutal es el lugar ideal para satisfacer todas sus necesidades y requisitos de Aprobarbitone. Simplemente agregue su medicamento al carrito, contin\u00fae con el proceso de pago y haga su pedido en nuestro sitio web. Ahora es el momento de ponerse en contacto con nuestra farmacia y recibir la mejor atenci\u00f3n posible para su salud. \u00a1Compra Aprobarbital ahora!<\/p>\n","protected":false},"featured_media":5856,"comment_status":"open","ping_status":"closed","template":"","meta":[],"product_brand":[],"product_cat":[3818],"product_tag":[],"class_list":{"0":"post-5846","1":"product","2":"type-product","3":"status-publish","4":"has-post-thumbnail","6":"product_cat-pentobarbital-para-la-venta","8":"first","9":"instock","10":"featured","11":"shipping-taxable","12":"purchasable","13":"product-type-variable"},"yoast_head":"<!-- This site is optimized with the Yoast SEO plugin v27.3 - https:\/\/yoast.com\/product\/yoast-seo-wordpress\/ -->\n<title>Comprar Aprobarbitone - Best Best Global Meds<\/title>\n<meta name=\"robots\" content=\"index, follow, max-snippet:-1, max-image-preview:large, max-video-preview:-1\" \/>\n<link rel=\"canonical\" href=\"https:\/\/medicinasinc.com\/es\/product\/aprobarbitone\/\" \/>\n<meta property=\"og:locale\" content=\"es_ES\" \/>\n<meta property=\"og:type\" content=\"article\" \/>\n<meta property=\"og:title\" content=\"Comprar Aprobarbitone - Best Best Global Meds\" \/>\n<meta property=\"og:description\" content=\"\u00bfC\u00f3mo comprar Aprobarbitone en l\u00ednea en una farmacia de Nembutal? La farmacia en l\u00ednea de Nembutal es el lugar ideal para satisfacer todas sus necesidades y requisitos de Aprobarbitone. Simplemente agregue su medicamento al carrito, contin\u00fae con el proceso de pago y haga su pedido en nuestro sitio web. Ahora es el momento de ponerse en contacto con nuestra farmacia y recibir la mejor atenci\u00f3n posible para su salud. \u00a1Compra Aprobarbital ahora!\" \/>\n<meta property=\"og:url\" content=\"https:\/\/medicinasinc.com\/es\/product\/aprobarbitone\/\" \/>\n<meta property=\"og:site_name\" content=\"Medicinas Inc\" \/>\n<meta property=\"article:modified_time\" content=\"2022-03-22T00:11:11+00:00\" \/>\n<meta property=\"og:image\" content=\"https:\/\/medicinasinc.com\/es\/wp-content\/uploads\/sites\/15\/2022\/02\/Aprobarbitone.jpg\" \/>\n\t<meta property=\"og:image:width\" content=\"600\" \/>\n\t<meta property=\"og:image:height\" content=\"600\" \/>\n\t<meta property=\"og:image:type\" content=\"image\/jpeg\" \/>\n<meta name=\"twitter:card\" content=\"summary_large_image\" \/>\n<meta name=\"twitter:label1\" content=\"Tiempo de lectura\" \/>\n\t<meta name=\"twitter:data1\" content=\"1 minuto\" \/>\n<script type=\"application\/ld+json\" class=\"yoast-schema-graph\">{\"@context\":\"https:\\\/\\\/schema.org\",\"@graph\":[{\"@type\":\"WebPage\",\"@id\":\"https:\\\/\\\/medicinasinc.com\\\/es\\\/product\\\/aprobarbitone\\\/\",\"url\":\"https:\\\/\\\/medicinasinc.com\\\/es\\\/product\\\/aprobarbitone\\\/\",\"name\":\"Comprar Aprobarbitone - Best Best Global Meds\",\"isPartOf\":{\"@id\":\"https:\\\/\\\/medicinasinc.com\\\/es\\\/#website\"},\"primaryImageOfPage\":{\"@id\":\"https:\\\/\\\/medicinasinc.com\\\/es\\\/product\\\/aprobarbitone\\\/#primaryimage\"},\"image\":{\"@id\":\"https:\\\/\\\/medicinasinc.com\\\/es\\\/product\\\/aprobarbitone\\\/#primaryimage\"},\"thumbnailUrl\":\"https:\\\/\\\/medicinasinc.com\\\/es\\\/wp-content\\\/uploads\\\/sites\\\/15\\\/2022\\\/02\\\/Aprobarbitone.jpg\",\"datePublished\":\"2022-02-22T07:19:31+00:00\",\"dateModified\":\"2022-03-22T00:11:11+00:00\",\"breadcrumb\":{\"@id\":\"https:\\\/\\\/medicinasinc.com\\\/es\\\/product\\\/aprobarbitone\\\/#breadcrumb\"},\"inLanguage\":\"es\",\"potentialAction\":[{\"@type\":\"ReadAction\",\"target\":[\"https:\\\/\\\/medicinasinc.com\\\/es\\\/product\\\/aprobarbitone\\\/\"]}]},{\"@type\":\"ImageObject\",\"inLanguage\":\"es\",\"@id\":\"https:\\\/\\\/medicinasinc.com\\\/es\\\/product\\\/aprobarbitone\\\/#primaryimage\",\"url\":\"https:\\\/\\\/medicinasinc.com\\\/es\\\/wp-content\\\/uploads\\\/sites\\\/15\\\/2022\\\/02\\\/Aprobarbitone.jpg\",\"contentUrl\":\"https:\\\/\\\/medicinasinc.com\\\/es\\\/wp-content\\\/uploads\\\/sites\\\/15\\\/2022\\\/02\\\/Aprobarbitone.jpg\",\"width\":600,\"height\":600},{\"@type\":\"BreadcrumbList\",\"@id\":\"https:\\\/\\\/medicinasinc.com\\\/es\\\/product\\\/aprobarbitone\\\/#breadcrumb\",\"itemListElement\":[{\"@type\":\"ListItem\",\"position\":1,\"name\":\"Tienda\",\"item\":\"https:\\\/\\\/medicinasinc.com\\\/es\\\/tienda\\\/\"},{\"@type\":\"ListItem\",\"position\":2,\"name\":\"Aprobarbitone\"}]},{\"@type\":\"WebSite\",\"@id\":\"https:\\\/\\\/medicinasinc.com\\\/es\\\/#website\",\"url\":\"https:\\\/\\\/medicinasinc.com\\\/es\\\/\",\"name\":\"Medicinas Inc\",\"description\":\"Cl\u00ednica M\u00e9dica de Salud\",\"potentialAction\":[{\"@type\":\"SearchAction\",\"target\":{\"@type\":\"EntryPoint\",\"urlTemplate\":\"https:\\\/\\\/medicinasinc.com\\\/es\\\/?s={search_term_string}\"},\"query-input\":{\"@type\":\"PropertyValueSpecification\",\"valueRequired\":true,\"valueName\":\"search_term_string\"}}],\"inLanguage\":\"es\"}]}<\/script>\n<!-- \/ Yoast SEO plugin. -->","yoast_head_json":{"title":"Comprar Aprobarbitone - Best Best Global Meds","robots":{"index":"index","follow":"follow","max-snippet":"max-snippet:-1","max-image-preview":"max-image-preview:large","max-video-preview":"max-video-preview:-1"},"canonical":"https:\/\/medicinasinc.com\/es\/product\/aprobarbitone\/","og_locale":"es_ES","og_type":"article","og_title":"Comprar Aprobarbitone - Best Best Global Meds","og_description":"\u00bfC\u00f3mo comprar Aprobarbitone en l\u00ednea en una farmacia de Nembutal? La farmacia en l\u00ednea de Nembutal es el lugar ideal para satisfacer todas sus necesidades y requisitos de Aprobarbitone. Simplemente agregue su medicamento al carrito, contin\u00fae con el proceso de pago y haga su pedido en nuestro sitio web. Ahora es el momento de ponerse en contacto con nuestra farmacia y recibir la mejor atenci\u00f3n posible para su salud. \u00a1Compra Aprobarbital ahora!","og_url":"https:\/\/medicinasinc.com\/es\/product\/aprobarbitone\/","og_site_name":"Medicinas Inc","article_modified_time":"2022-03-22T00:11:11+00:00","og_image":[{"width":600,"height":600,"url":"https:\/\/medicinasinc.com\/es\/wp-content\/uploads\/sites\/15\/2022\/02\/Aprobarbitone.jpg","type":"image\/jpeg"}],"twitter_card":"summary_large_image","twitter_misc":{"Tiempo de lectura":"1 minuto"},"schema":{"@context":"https:\/\/schema.org","@graph":[{"@type":"WebPage","@id":"https:\/\/medicinasinc.com\/es\/product\/aprobarbitone\/","url":"https:\/\/medicinasinc.com\/es\/product\/aprobarbitone\/","name":"Comprar Aprobarbitone - Best Best Global Meds","isPartOf":{"@id":"https:\/\/medicinasinc.com\/es\/#website"},"primaryImageOfPage":{"@id":"https:\/\/medicinasinc.com\/es\/product\/aprobarbitone\/#primaryimage"},"image":{"@id":"https:\/\/medicinasinc.com\/es\/product\/aprobarbitone\/#primaryimage"},"thumbnailUrl":"https:\/\/medicinasinc.com\/es\/wp-content\/uploads\/sites\/15\/2022\/02\/Aprobarbitone.jpg","datePublished":"2022-02-22T07:19:31+00:00","dateModified":"2022-03-22T00:11:11+00:00","breadcrumb":{"@id":"https:\/\/medicinasinc.com\/es\/product\/aprobarbitone\/#breadcrumb"},"inLanguage":"es","potentialAction":[{"@type":"ReadAction","target":["https:\/\/medicinasinc.com\/es\/product\/aprobarbitone\/"]}]},{"@type":"ImageObject","inLanguage":"es","@id":"https:\/\/medicinasinc.com\/es\/product\/aprobarbitone\/#primaryimage","url":"https:\/\/medicinasinc.com\/es\/wp-content\/uploads\/sites\/15\/2022\/02\/Aprobarbitone.jpg","contentUrl":"https:\/\/medicinasinc.com\/es\/wp-content\/uploads\/sites\/15\/2022\/02\/Aprobarbitone.jpg","width":600,"height":600},{"@type":"BreadcrumbList","@id":"https:\/\/medicinasinc.com\/es\/product\/aprobarbitone\/#breadcrumb","itemListElement":[{"@type":"ListItem","position":1,"name":"Tienda","item":"https:\/\/medicinasinc.com\/es\/tienda\/"},{"@type":"ListItem","position":2,"name":"Aprobarbitone"}]},{"@type":"WebSite","@id":"https:\/\/medicinasinc.com\/es\/#website","url":"https:\/\/medicinasinc.com\/es\/","name":"Medicinas Inc","description":"Cl\u00ednica M\u00e9dica de Salud","potentialAction":[{"@type":"SearchAction","target":{"@type":"EntryPoint","urlTemplate":"https:\/\/medicinasinc.com\/es\/?s={search_term_string}"},"query-input":{"@type":"PropertyValueSpecification","valueRequired":true,"valueName":"search_term_string"}}],"inLanguage":"es"}]}},"_links":{"self":[{"href":"https:\/\/medicinasinc.com\/es\/wp-json\/wp\/v2\/product\/5846","targetHints":{"allow":["GET"]}}],"collection":[{"href":"https:\/\/medicinasinc.com\/es\/wp-json\/wp\/v2\/product"}],"about":[{"href":"https:\/\/medicinasinc.com\/es\/wp-json\/wp\/v2\/types\/product"}],"replies":[{"embeddable":true,"href":"https:\/\/medicinasinc.com\/es\/wp-json\/wp\/v2\/comments?post=5846"}],"wp:featuredmedia":[{"embeddable":true,"href":"https:\/\/medicinasinc.com\/es\/wp-json\/wp\/v2\/media\/5856"}],"wp:attachment":[{"href":"https:\/\/medicinasinc.com\/es\/wp-json\/wp\/v2\/media?parent=5846"}],"wp:term":[{"taxonomy":"product_brand","embeddable":true,"href":"https:\/\/medicinasinc.com\/es\/wp-json\/wp\/v2\/product_brand?post=5846"},{"taxonomy":"product_cat","embeddable":true,"href":"https:\/\/medicinasinc.com\/es\/wp-json\/wp\/v2\/product_cat?post=5846"},{"taxonomy":"product_tag","embeddable":true,"href":"https:\/\/medicinasinc.com\/es\/wp-json\/wp\/v2\/product_tag?post=5846"}],"curies":[{"name":"wp","href":"https:\/\/api.w.org\/{rel}","templated":true}]}}