{"id":5840,"date":"2022-02-22T07:12:38","date_gmt":"2022-02-22T07:12:38","guid":{"rendered":"https:\/\/medicinasinc.com\/es\/?post_type=product&#038;p=5840"},"modified":"2022-03-22T00:11:20","modified_gmt":"2022-03-22T00:11:20","slug":"brallobarbital-vesparax","status":"publish","type":"product","link":"https:\/\/medicinasinc.com\/es\/product\/brallobarbital-vesparax\/","title":{"rendered":"Brallobarbital (Vesparax)"},"content":{"rendered":"<p>Compra en l\u00ednea de brallobarbital (Vesparax) en una farmacia acreditada<\/p>\n<p>La farmacia de Internet Nembutal trata con brallobarbital (Vesparax) en la plataforma en l\u00ednea y lo entrega a los consumidores que han realizado un pedido dentro del plazo especificado. Somos una farmacia en l\u00ednea acreditada desde donde puede obtener Vesparax al precio m\u00e1s bajo posible. Nuestros precios son inigualables y accesibles para todos. Adem\u00e1s, contamos con un equipo que cumplir\u00e1 con sus demandas y especificaciones de Nembutal Brallobarbital de manera oportuna. Ahora puede ordenar f\u00e1cilmente Nembutal Brallobarbital de nuestra farmacia y recibirlo en su hogar dentro de unos d\u00edas.<\/p>\n<p>\u00bfC\u00f3mo se usa Brallobarbital (Vesparax)?<\/p>\n<p>Vesparax se conoce con frecuencia como un antipsic\u00f3tico at\u00edpico. Funciona modificando la actividad de los neurotransmisores del cerebro. Se ha determinado que este medicamento es adecuado solo para adultos y no debe administrarse a menores de 18 a\u00f1os.<\/p>\n<p>Vesparax tiene una variedad de aplicaciones, incluidas las siguientes:<\/p>\n<p>Contribuye al tratamiento de adultos y ni\u00f1os con esquizofrenia<br \/> Indicado para el tratamiento del trastorno bipolar en adultos y ni\u00f1os, as\u00ed como para el tratamiento del trastorno depresivo mayor en adultos cuando se combina con antidepresivos.<\/p>\n","protected":false},"excerpt":{"rendered":"<p>Comun\u00edquese con una farmacia de Nembutal en l\u00ednea<\/p>\n<p>\u00a1La farmacia de Nembutal en l\u00ednea ahora est\u00e1 disponible con solo unos pocos clics! Puede comunicarse con nosotros por tel\u00e9fono, mensaje de texto o correo electr\u00f3nico para obtener respuestas a sus preguntas. Le garantizamos que completaremos su solicitud dentro del plazo especificado. \u00a1Haga su pedido para comprar Vesparax en l\u00ednea ahora mismo!<\/p>\n","protected":false},"featured_media":5850,"comment_status":"open","ping_status":"closed","template":"","meta":[],"product_brand":[],"product_cat":[3818],"product_tag":[],"class_list":{"0":"post-5840","1":"product","2":"type-product","3":"status-publish","4":"has-post-thumbnail","6":"product_cat-pentobarbital-para-la-venta","8":"first","9":"instock","10":"shipping-taxable","11":"purchasable","12":"product-type-variable"},"yoast_head":"<!-- This site is optimized with the Yoast SEO plugin v27.2 - https:\/\/yoast.com\/product\/yoast-seo-wordpress\/ -->\n<title>Brallobarbital (Vesparax) - Mejores medicamentos globales<\/title>\n<meta name=\"robots\" content=\"index, follow, max-snippet:-1, max-image-preview:large, max-video-preview:-1\" \/>\n<link rel=\"canonical\" href=\"https:\/\/medicinasinc.com\/es\/product\/brallobarbital-vesparax\/\" \/>\n<meta property=\"og:locale\" content=\"es_ES\" \/>\n<meta property=\"og:type\" content=\"article\" \/>\n<meta property=\"og:title\" content=\"Brallobarbital (Vesparax) - Mejores medicamentos globales\" \/>\n<meta property=\"og:description\" content=\"Comun\u00edquese con una farmacia de Nembutal en l\u00ednea \u00a1La farmacia de Nembutal en l\u00ednea ahora est\u00e1 disponible con solo unos pocos clics! Puede comunicarse con nosotros por tel\u00e9fono, mensaje de texto o correo electr\u00f3nico para obtener respuestas a sus preguntas. Le garantizamos que completaremos su solicitud dentro del plazo especificado. \u00a1Haga su pedido para comprar Vesparax en l\u00ednea ahora mismo!\" \/>\n<meta property=\"og:url\" content=\"https:\/\/medicinasinc.com\/es\/product\/brallobarbital-vesparax\/\" \/>\n<meta property=\"og:site_name\" content=\"Medicinas Inc\" \/>\n<meta property=\"article:modified_time\" content=\"2022-03-22T00:11:20+00:00\" \/>\n<meta property=\"og:image\" content=\"https:\/\/medicinasinc.com\/es\/wp-content\/uploads\/sites\/15\/2022\/02\/Brallobarbital-Vesparax.jpg\" \/>\n\t<meta property=\"og:image:width\" content=\"600\" \/>\n\t<meta property=\"og:image:height\" content=\"600\" \/>\n\t<meta property=\"og:image:type\" content=\"image\/jpeg\" \/>\n<meta name=\"twitter:card\" content=\"summary_large_image\" \/>\n<meta name=\"twitter:label1\" content=\"Tiempo de lectura\" \/>\n\t<meta name=\"twitter:data1\" content=\"1 minuto\" \/>\n<script type=\"application\/ld+json\" class=\"yoast-schema-graph\">{\"@context\":\"https:\/\/schema.org\",\"@graph\":[{\"@type\":\"WebPage\",\"@id\":\"https:\/\/medicinasinc.com\/es\/product\/brallobarbital-vesparax\/\",\"url\":\"https:\/\/medicinasinc.com\/es\/product\/brallobarbital-vesparax\/\",\"name\":\"Brallobarbital (Vesparax) - Mejores medicamentos globales\",\"isPartOf\":{\"@id\":\"https:\/\/medicinasinc.com\/es\/#website\"},\"primaryImageOfPage\":{\"@id\":\"https:\/\/medicinasinc.com\/es\/product\/brallobarbital-vesparax\/#primaryimage\"},\"image\":{\"@id\":\"https:\/\/medicinasinc.com\/es\/product\/brallobarbital-vesparax\/#primaryimage\"},\"thumbnailUrl\":\"https:\/\/medicinasinc.com\/es\/wp-content\/uploads\/sites\/15\/2022\/02\/Brallobarbital-Vesparax.jpg\",\"datePublished\":\"2022-02-22T07:12:38+00:00\",\"dateModified\":\"2022-03-22T00:11:20+00:00\",\"breadcrumb\":{\"@id\":\"https:\/\/medicinasinc.com\/es\/product\/brallobarbital-vesparax\/#breadcrumb\"},\"inLanguage\":\"es\",\"potentialAction\":[{\"@type\":\"ReadAction\",\"target\":[\"https:\/\/medicinasinc.com\/es\/product\/brallobarbital-vesparax\/\"]}]},{\"@type\":\"ImageObject\",\"inLanguage\":\"es\",\"@id\":\"https:\/\/medicinasinc.com\/es\/product\/brallobarbital-vesparax\/#primaryimage\",\"url\":\"https:\/\/medicinasinc.com\/es\/wp-content\/uploads\/sites\/15\/2022\/02\/Brallobarbital-Vesparax.jpg\",\"contentUrl\":\"https:\/\/medicinasinc.com\/es\/wp-content\/uploads\/sites\/15\/2022\/02\/Brallobarbital-Vesparax.jpg\",\"width\":600,\"height\":600},{\"@type\":\"BreadcrumbList\",\"@id\":\"https:\/\/medicinasinc.com\/es\/product\/brallobarbital-vesparax\/#breadcrumb\",\"itemListElement\":[{\"@type\":\"ListItem\",\"position\":1,\"name\":\"Tienda\",\"item\":\"https:\/\/medicinasinc.com\/es\/tienda\/\"},{\"@type\":\"ListItem\",\"position\":2,\"name\":\"Brallobarbital (Vesparax)\"}]},{\"@type\":\"WebSite\",\"@id\":\"https:\/\/medicinasinc.com\/es\/#website\",\"url\":\"https:\/\/medicinasinc.com\/es\/\",\"name\":\"Medicinas Inc\",\"description\":\"Cl\u00ednica M\u00e9dica de Salud\",\"potentialAction\":[{\"@type\":\"SearchAction\",\"target\":{\"@type\":\"EntryPoint\",\"urlTemplate\":\"https:\/\/medicinasinc.com\/es\/?s={search_term_string}\"},\"query-input\":{\"@type\":\"PropertyValueSpecification\",\"valueRequired\":true,\"valueName\":\"search_term_string\"}}],\"inLanguage\":\"es\"}]}<\/script>\n<!-- \/ Yoast SEO plugin. -->","yoast_head_json":{"title":"Brallobarbital (Vesparax) - Mejores medicamentos globales","robots":{"index":"index","follow":"follow","max-snippet":"max-snippet:-1","max-image-preview":"max-image-preview:large","max-video-preview":"max-video-preview:-1"},"canonical":"https:\/\/medicinasinc.com\/es\/product\/brallobarbital-vesparax\/","og_locale":"es_ES","og_type":"article","og_title":"Brallobarbital (Vesparax) - Mejores medicamentos globales","og_description":"Comun\u00edquese con una farmacia de Nembutal en l\u00ednea \u00a1La farmacia de Nembutal en l\u00ednea ahora est\u00e1 disponible con solo unos pocos clics! Puede comunicarse con nosotros por tel\u00e9fono, mensaje de texto o correo electr\u00f3nico para obtener respuestas a sus preguntas. Le garantizamos que completaremos su solicitud dentro del plazo especificado. \u00a1Haga su pedido para comprar Vesparax en l\u00ednea ahora mismo!","og_url":"https:\/\/medicinasinc.com\/es\/product\/brallobarbital-vesparax\/","og_site_name":"Medicinas Inc","article_modified_time":"2022-03-22T00:11:20+00:00","og_image":[{"width":600,"height":600,"url":"https:\/\/medicinasinc.com\/es\/wp-content\/uploads\/sites\/15\/2022\/02\/Brallobarbital-Vesparax.jpg","type":"image\/jpeg"}],"twitter_card":"summary_large_image","twitter_misc":{"Tiempo de lectura":"1 minuto"},"schema":{"@context":"https:\/\/schema.org","@graph":[{"@type":"WebPage","@id":"https:\/\/medicinasinc.com\/es\/product\/brallobarbital-vesparax\/","url":"https:\/\/medicinasinc.com\/es\/product\/brallobarbital-vesparax\/","name":"Brallobarbital (Vesparax) - Mejores medicamentos globales","isPartOf":{"@id":"https:\/\/medicinasinc.com\/es\/#website"},"primaryImageOfPage":{"@id":"https:\/\/medicinasinc.com\/es\/product\/brallobarbital-vesparax\/#primaryimage"},"image":{"@id":"https:\/\/medicinasinc.com\/es\/product\/brallobarbital-vesparax\/#primaryimage"},"thumbnailUrl":"https:\/\/medicinasinc.com\/es\/wp-content\/uploads\/sites\/15\/2022\/02\/Brallobarbital-Vesparax.jpg","datePublished":"2022-02-22T07:12:38+00:00","dateModified":"2022-03-22T00:11:20+00:00","breadcrumb":{"@id":"https:\/\/medicinasinc.com\/es\/product\/brallobarbital-vesparax\/#breadcrumb"},"inLanguage":"es","potentialAction":[{"@type":"ReadAction","target":["https:\/\/medicinasinc.com\/es\/product\/brallobarbital-vesparax\/"]}]},{"@type":"ImageObject","inLanguage":"es","@id":"https:\/\/medicinasinc.com\/es\/product\/brallobarbital-vesparax\/#primaryimage","url":"https:\/\/medicinasinc.com\/es\/wp-content\/uploads\/sites\/15\/2022\/02\/Brallobarbital-Vesparax.jpg","contentUrl":"https:\/\/medicinasinc.com\/es\/wp-content\/uploads\/sites\/15\/2022\/02\/Brallobarbital-Vesparax.jpg","width":600,"height":600},{"@type":"BreadcrumbList","@id":"https:\/\/medicinasinc.com\/es\/product\/brallobarbital-vesparax\/#breadcrumb","itemListElement":[{"@type":"ListItem","position":1,"name":"Tienda","item":"https:\/\/medicinasinc.com\/es\/tienda\/"},{"@type":"ListItem","position":2,"name":"Brallobarbital (Vesparax)"}]},{"@type":"WebSite","@id":"https:\/\/medicinasinc.com\/es\/#website","url":"https:\/\/medicinasinc.com\/es\/","name":"Medicinas Inc","description":"Cl\u00ednica M\u00e9dica de Salud","potentialAction":[{"@type":"SearchAction","target":{"@type":"EntryPoint","urlTemplate":"https:\/\/medicinasinc.com\/es\/?s={search_term_string}"},"query-input":{"@type":"PropertyValueSpecification","valueRequired":true,"valueName":"search_term_string"}}],"inLanguage":"es"}]}},"_links":{"self":[{"href":"https:\/\/medicinasinc.com\/es\/wp-json\/wp\/v2\/product\/5840","targetHints":{"allow":["GET"]}}],"collection":[{"href":"https:\/\/medicinasinc.com\/es\/wp-json\/wp\/v2\/product"}],"about":[{"href":"https:\/\/medicinasinc.com\/es\/wp-json\/wp\/v2\/types\/product"}],"replies":[{"embeddable":true,"href":"https:\/\/medicinasinc.com\/es\/wp-json\/wp\/v2\/comments?post=5840"}],"wp:featuredmedia":[{"embeddable":true,"href":"https:\/\/medicinasinc.com\/es\/wp-json\/wp\/v2\/media\/5850"}],"wp:attachment":[{"href":"https:\/\/medicinasinc.com\/es\/wp-json\/wp\/v2\/media?parent=5840"}],"wp:term":[{"taxonomy":"product_brand","embeddable":true,"href":"https:\/\/medicinasinc.com\/es\/wp-json\/wp\/v2\/product_brand?post=5840"},{"taxonomy":"product_cat","embeddable":true,"href":"https:\/\/medicinasinc.com\/es\/wp-json\/wp\/v2\/product_cat?post=5840"},{"taxonomy":"product_tag","embeddable":true,"href":"https:\/\/medicinasinc.com\/es\/wp-json\/wp\/v2\/product_tag?post=5840"}],"curies":[{"name":"wp","href":"https:\/\/api.w.org\/{rel}","templated":true}]}}