{"id":5834,"date":"2022-02-22T07:05:31","date_gmt":"2022-02-22T07:05:31","guid":{"rendered":"https:\/\/medicinasinc.com\/es\/?post_type=product&#038;p=5834"},"modified":"2022-03-22T00:11:28","modified_gmt":"2022-03-22T00:11:28","slug":"comprar-butabarbital-online","status":"publish","type":"product","link":"https:\/\/medicinasinc.com\/es\/product\/comprar-butabarbital-online\/","title":{"rendered":"Comprar butabarbital en l\u00ednea"},"content":{"rendered":"<p>Compre tabletas de 50 mg de butabarbital s\u00f3dico en The Best Pharmacy Online.<\/p>\n<p>Nembutal Online Pharmacy es el mejor lugar para comprar tabletas de 50 mg de butabarbital s\u00f3dico al costo m\u00e1s bajo. Llevamos mucho tiempo en la industria farmac\u00e9utica. Puede contar con nosotros para brindarle la mejor atenci\u00f3n posible a su salud. Los miembros de nuestro equipo calificado har\u00e1n todo lo posible para superar sus expectativas. \u00a1Compre de inmediato!<\/p>\n<p>\u00bfC\u00f3mo debe usar el butabarbital s\u00f3dico despu\u00e9s de comprarlo con nosotros?<\/p>\n<p>El butabarbital s\u00f3dico es un excelente medicamento para tratar el insomnio en humanos. Por lo general, es un medicamento a corto plazo. Esta sustancia puede ser utilizada en la industria m\u00e9dica como sedante previo a cualquier cirug\u00eda.<\/p>\n<p>Para asegurar la correcta administraci\u00f3n del Butabarbital S\u00f3dico, ponemos a disposici\u00f3n de nuestros clientes una gu\u00eda manual. Esta gu\u00eda manual contiene todas las instrucciones del medicamento. Puede leerlos f\u00e1cilmente uno por uno y usarlos para los fines para los que fueron creados. Puede tener total confianza en nuestra farmacia en l\u00ednea de buena reputaci\u00f3n. Siempre consideramos los mejores intereses de nuestros valiosos consumidores. Nos preocupamos constantemente por la salud de nuestros clientes e inspeccionamos todos los productos antes de la entrega.<\/p>\n<p>Puede contactarnos para obtener el mejor precio en Butabarbital S\u00f3dico. Nuestros expertos traducir\u00e1n su pedido y lo organizar\u00e1n para su entrega inmediata. Sus medicamentos le ser\u00e1n enviados dentro del plazo especificado por nuestra farmacia en l\u00ednea. \u00a1Nembutal est\u00e1 disponible a un precio de descuento ahora mismo!<\/p>\n","protected":false},"excerpt":{"rendered":"<p>\u00bfC\u00f3mo puedo obtener butabarbital s\u00f3dico de una farmacia en l\u00ednea de Nembutal?<\/p>\n<p>La farmacia en l\u00ednea de Nembutal ya est\u00e1 disponible. Env\u00ede los detalles de su pedido y el pago de las tabletas de 50 mg de butabarbital s\u00f3dico en nuestro sitio web oficial. Una vez que se ha realizado un pedido, se procesar\u00e1 dentro del plazo especificado. \u00a1Haz tu pedido hoy!<\/p>\n","protected":false},"featured_media":5844,"comment_status":"open","ping_status":"closed","template":"","meta":[],"product_brand":[],"product_cat":[3818],"product_tag":[],"class_list":{"0":"post-5834","1":"product","2":"type-product","3":"status-publish","4":"has-post-thumbnail","6":"product_cat-pentobarbital-para-la-venta","8":"first","9":"instock","10":"shipping-taxable","11":"purchasable","12":"product-type-variable"},"yoast_head":"<!-- This site is optimized with the Yoast SEO plugin v27.2 - https:\/\/yoast.com\/product\/yoast-seo-wordpress\/ -->\n<title>Comprar butabarbital en l\u00ednea - Best Best Global Meds<\/title>\n<meta name=\"robots\" content=\"index, follow, max-snippet:-1, max-image-preview:large, max-video-preview:-1\" \/>\n<link rel=\"canonical\" href=\"https:\/\/medicinasinc.com\/es\/product\/comprar-butabarbital-online\/\" \/>\n<meta property=\"og:locale\" content=\"es_ES\" \/>\n<meta property=\"og:type\" content=\"article\" \/>\n<meta property=\"og:title\" content=\"Comprar butabarbital en l\u00ednea - Best Best Global Meds\" \/>\n<meta property=\"og:description\" content=\"\u00bfC\u00f3mo puedo obtener butabarbital s\u00f3dico de una farmacia en l\u00ednea de Nembutal? La farmacia en l\u00ednea de Nembutal ya est\u00e1 disponible. Env\u00ede los detalles de su pedido y el pago de las tabletas de 50 mg de butabarbital s\u00f3dico en nuestro sitio web oficial. Una vez que se ha realizado un pedido, se procesar\u00e1 dentro del plazo especificado. \u00a1Haz tu pedido hoy!\" \/>\n<meta property=\"og:url\" content=\"https:\/\/medicinasinc.com\/es\/product\/comprar-butabarbital-online\/\" \/>\n<meta property=\"og:site_name\" content=\"Medicinas Inc\" \/>\n<meta property=\"article:modified_time\" content=\"2022-03-22T00:11:28+00:00\" \/>\n<meta property=\"og:image\" content=\"https:\/\/medicinasinc.com\/es\/wp-content\/uploads\/sites\/15\/2022\/02\/Buy-Butabarbital.jpg\" \/>\n\t<meta property=\"og:image:width\" content=\"600\" \/>\n\t<meta property=\"og:image:height\" content=\"600\" \/>\n\t<meta property=\"og:image:type\" content=\"image\/jpeg\" \/>\n<meta name=\"twitter:card\" content=\"summary_large_image\" \/>\n<meta name=\"twitter:label1\" content=\"Tiempo de lectura\" \/>\n\t<meta name=\"twitter:data1\" content=\"2 minutos\" \/>\n<script type=\"application\/ld+json\" class=\"yoast-schema-graph\">{\"@context\":\"https:\/\/schema.org\",\"@graph\":[{\"@type\":\"WebPage\",\"@id\":\"https:\/\/medicinasinc.com\/es\/product\/comprar-butabarbital-online\/\",\"url\":\"https:\/\/medicinasinc.com\/es\/product\/comprar-butabarbital-online\/\",\"name\":\"Comprar butabarbital en l\u00ednea - Best Best Global Meds\",\"isPartOf\":{\"@id\":\"https:\/\/medicinasinc.com\/es\/#website\"},\"primaryImageOfPage\":{\"@id\":\"https:\/\/medicinasinc.com\/es\/product\/comprar-butabarbital-online\/#primaryimage\"},\"image\":{\"@id\":\"https:\/\/medicinasinc.com\/es\/product\/comprar-butabarbital-online\/#primaryimage\"},\"thumbnailUrl\":\"https:\/\/medicinasinc.com\/es\/wp-content\/uploads\/sites\/15\/2022\/02\/Buy-Butabarbital.jpg\",\"datePublished\":\"2022-02-22T07:05:31+00:00\",\"dateModified\":\"2022-03-22T00:11:28+00:00\",\"breadcrumb\":{\"@id\":\"https:\/\/medicinasinc.com\/es\/product\/comprar-butabarbital-online\/#breadcrumb\"},\"inLanguage\":\"es\",\"potentialAction\":[{\"@type\":\"ReadAction\",\"target\":[\"https:\/\/medicinasinc.com\/es\/product\/comprar-butabarbital-online\/\"]}]},{\"@type\":\"ImageObject\",\"inLanguage\":\"es\",\"@id\":\"https:\/\/medicinasinc.com\/es\/product\/comprar-butabarbital-online\/#primaryimage\",\"url\":\"https:\/\/medicinasinc.com\/es\/wp-content\/uploads\/sites\/15\/2022\/02\/Buy-Butabarbital.jpg\",\"contentUrl\":\"https:\/\/medicinasinc.com\/es\/wp-content\/uploads\/sites\/15\/2022\/02\/Buy-Butabarbital.jpg\",\"width\":600,\"height\":600},{\"@type\":\"BreadcrumbList\",\"@id\":\"https:\/\/medicinasinc.com\/es\/product\/comprar-butabarbital-online\/#breadcrumb\",\"itemListElement\":[{\"@type\":\"ListItem\",\"position\":1,\"name\":\"Tienda\",\"item\":\"https:\/\/medicinasinc.com\/es\/tienda\/\"},{\"@type\":\"ListItem\",\"position\":2,\"name\":\"Comprar butabarbital en l\u00ednea\"}]},{\"@type\":\"WebSite\",\"@id\":\"https:\/\/medicinasinc.com\/es\/#website\",\"url\":\"https:\/\/medicinasinc.com\/es\/\",\"name\":\"Medicinas Inc\",\"description\":\"Cl\u00ednica M\u00e9dica de Salud\",\"potentialAction\":[{\"@type\":\"SearchAction\",\"target\":{\"@type\":\"EntryPoint\",\"urlTemplate\":\"https:\/\/medicinasinc.com\/es\/?s={search_term_string}\"},\"query-input\":{\"@type\":\"PropertyValueSpecification\",\"valueRequired\":true,\"valueName\":\"search_term_string\"}}],\"inLanguage\":\"es\"}]}<\/script>\n<!-- \/ Yoast SEO plugin. -->","yoast_head_json":{"title":"Comprar butabarbital en l\u00ednea - Best Best Global Meds","robots":{"index":"index","follow":"follow","max-snippet":"max-snippet:-1","max-image-preview":"max-image-preview:large","max-video-preview":"max-video-preview:-1"},"canonical":"https:\/\/medicinasinc.com\/es\/product\/comprar-butabarbital-online\/","og_locale":"es_ES","og_type":"article","og_title":"Comprar butabarbital en l\u00ednea - Best Best Global Meds","og_description":"\u00bfC\u00f3mo puedo obtener butabarbital s\u00f3dico de una farmacia en l\u00ednea de Nembutal? La farmacia en l\u00ednea de Nembutal ya est\u00e1 disponible. Env\u00ede los detalles de su pedido y el pago de las tabletas de 50 mg de butabarbital s\u00f3dico en nuestro sitio web oficial. Una vez que se ha realizado un pedido, se procesar\u00e1 dentro del plazo especificado. \u00a1Haz tu pedido hoy!","og_url":"https:\/\/medicinasinc.com\/es\/product\/comprar-butabarbital-online\/","og_site_name":"Medicinas Inc","article_modified_time":"2022-03-22T00:11:28+00:00","og_image":[{"width":600,"height":600,"url":"https:\/\/medicinasinc.com\/es\/wp-content\/uploads\/sites\/15\/2022\/02\/Buy-Butabarbital.jpg","type":"image\/jpeg"}],"twitter_card":"summary_large_image","twitter_misc":{"Tiempo de lectura":"2 minutos"},"schema":{"@context":"https:\/\/schema.org","@graph":[{"@type":"WebPage","@id":"https:\/\/medicinasinc.com\/es\/product\/comprar-butabarbital-online\/","url":"https:\/\/medicinasinc.com\/es\/product\/comprar-butabarbital-online\/","name":"Comprar butabarbital en l\u00ednea - Best Best Global Meds","isPartOf":{"@id":"https:\/\/medicinasinc.com\/es\/#website"},"primaryImageOfPage":{"@id":"https:\/\/medicinasinc.com\/es\/product\/comprar-butabarbital-online\/#primaryimage"},"image":{"@id":"https:\/\/medicinasinc.com\/es\/product\/comprar-butabarbital-online\/#primaryimage"},"thumbnailUrl":"https:\/\/medicinasinc.com\/es\/wp-content\/uploads\/sites\/15\/2022\/02\/Buy-Butabarbital.jpg","datePublished":"2022-02-22T07:05:31+00:00","dateModified":"2022-03-22T00:11:28+00:00","breadcrumb":{"@id":"https:\/\/medicinasinc.com\/es\/product\/comprar-butabarbital-online\/#breadcrumb"},"inLanguage":"es","potentialAction":[{"@type":"ReadAction","target":["https:\/\/medicinasinc.com\/es\/product\/comprar-butabarbital-online\/"]}]},{"@type":"ImageObject","inLanguage":"es","@id":"https:\/\/medicinasinc.com\/es\/product\/comprar-butabarbital-online\/#primaryimage","url":"https:\/\/medicinasinc.com\/es\/wp-content\/uploads\/sites\/15\/2022\/02\/Buy-Butabarbital.jpg","contentUrl":"https:\/\/medicinasinc.com\/es\/wp-content\/uploads\/sites\/15\/2022\/02\/Buy-Butabarbital.jpg","width":600,"height":600},{"@type":"BreadcrumbList","@id":"https:\/\/medicinasinc.com\/es\/product\/comprar-butabarbital-online\/#breadcrumb","itemListElement":[{"@type":"ListItem","position":1,"name":"Tienda","item":"https:\/\/medicinasinc.com\/es\/tienda\/"},{"@type":"ListItem","position":2,"name":"Comprar butabarbital en l\u00ednea"}]},{"@type":"WebSite","@id":"https:\/\/medicinasinc.com\/es\/#website","url":"https:\/\/medicinasinc.com\/es\/","name":"Medicinas Inc","description":"Cl\u00ednica M\u00e9dica de Salud","potentialAction":[{"@type":"SearchAction","target":{"@type":"EntryPoint","urlTemplate":"https:\/\/medicinasinc.com\/es\/?s={search_term_string}"},"query-input":{"@type":"PropertyValueSpecification","valueRequired":true,"valueName":"search_term_string"}}],"inLanguage":"es"}]}},"_links":{"self":[{"href":"https:\/\/medicinasinc.com\/es\/wp-json\/wp\/v2\/product\/5834","targetHints":{"allow":["GET"]}}],"collection":[{"href":"https:\/\/medicinasinc.com\/es\/wp-json\/wp\/v2\/product"}],"about":[{"href":"https:\/\/medicinasinc.com\/es\/wp-json\/wp\/v2\/types\/product"}],"replies":[{"embeddable":true,"href":"https:\/\/medicinasinc.com\/es\/wp-json\/wp\/v2\/comments?post=5834"}],"wp:featuredmedia":[{"embeddable":true,"href":"https:\/\/medicinasinc.com\/es\/wp-json\/wp\/v2\/media\/5844"}],"wp:attachment":[{"href":"https:\/\/medicinasinc.com\/es\/wp-json\/wp\/v2\/media?parent=5834"}],"wp:term":[{"taxonomy":"product_brand","embeddable":true,"href":"https:\/\/medicinasinc.com\/es\/wp-json\/wp\/v2\/product_brand?post=5834"},{"taxonomy":"product_cat","embeddable":true,"href":"https:\/\/medicinasinc.com\/es\/wp-json\/wp\/v2\/product_cat?post=5834"},{"taxonomy":"product_tag","embeddable":true,"href":"https:\/\/medicinasinc.com\/es\/wp-json\/wp\/v2\/product_tag?post=5834"}],"curies":[{"name":"wp","href":"https:\/\/api.w.org\/{rel}","templated":true}]}}