{"id":5828,"date":"2022-02-22T06:59:00","date_gmt":"2022-02-22T06:59:00","guid":{"rendered":"https:\/\/medicinasinc.com\/es\/?post_type=product&#038;p=5828"},"modified":"2022-03-22T00:11:38","modified_gmt":"2022-03-22T00:11:38","slug":"comprar-butalbital-online","status":"publish","type":"product","link":"https:\/\/medicinasinc.com\/es\/product\/comprar-butalbital-online\/","title":{"rendered":"Comprar butalbital en l\u00ednea"},"content":{"rendered":"<div class=\"mkdf-single-product-content\">\n<div class=\"mkdf-single-product-summary\">\n<div class=\"summary entry-summary\">\n<div class=\"woocommerce-tabs wc-tabs -wrapper\">\n<div id=\"tab-description\" class=\"woocommerce-Tabs-panel woocommerce-Tabs-panel--description panel entry-content wc-tab\" role=\"tabpanel\" aria-labelledby=\"tab-title -description\">\n<div id=\"ftwp-postcontent\">\n<p>Sin receta, compre Nembutal Butalbital en la mejor farmacia en l\u00ednea<\/p>\n<p>La farmacia en l\u00ednea Nembutal es una farmacia en l\u00ednea de buena reputaci\u00f3n conocida por su profesionalismo y medicamentos de alta calidad. Puede obtener f\u00e1cilmente Nembutal Butalbital en l\u00ednea sin receta de este sitio. Estamos comprometidos a proporcionar un producto de alta calidad a los clientes de todo el mundo. Atendemos la necesidad y necesidad de cada cliente y siempre las atendemos en horario.<\/p>\n<p>Puede contactarnos r\u00e1pidamente a trav\u00e9s de la plataforma de internet y adquirir los medicamentos deseados en un corto per\u00edodo de tiempo. \u00a1Hoy puede ordenar Butalbital en l\u00ednea!<\/p>\n<p>\u00bfCu\u00e1les son los beneficios de Nembutal Butalbital?<\/p>\n<p>Butalbital es un medicamento recetado que se usa por un breve per\u00edodo de tiempo. Este medicamento se puede usar junto con otros medicamentos como el paracetamol (acetaminof\u00e9n) o la aspirina para aliviar el dolor y los dolores de cabeza. Adem\u00e1s, ha sido aprobado para tratar los dolores de cabeza tensionales.<\/p>\n<p>Para comprar Butalbital online al mejor precio, empieza por a\u00f1adirlo a tu carrito. Una vez que haya completado la adici\u00f3n, puede continuar con la finalizaci\u00f3n del pago. Hemos incluido una variedad de pasarelas de pago. Podr\u00e1s seleccionar el m\u00e1s adecuado y completar el proceso de pago de tu pedido.<\/p>\n<p>\u00bfD\u00f3nde Puedo Comprar Nembutal Butalbital Online al Mejor Precio?<\/p>\n<p>Si te han recetado Butalbital, es es hora de comprar Butalbital en l\u00ednea en nuestra Farmacia Nembutal.<\/p>\n<p>Conectarse con nuestra farmacia en l\u00ednea nunca ha sido tan f\u00e1cil. Nuestro sitio web es extremadamente b\u00e1sico y f\u00e1cil de usar, lo que ayuda a nuestros consumidores a sentirse c\u00f3modos mientras ordenan sus productos.<\/p>\n<\/p><\/div><\/div><\/div><\/div><\/div><\/div>\n","protected":false},"excerpt":{"rendered":"<p>Nuestra farmacia en l\u00ednea recibir\u00e1 su pedido inmediatamente despu\u00e9s de realizarlo. Lo priorizaremos y lo completaremos lo m\u00e1s r\u00e1pido posible. Por lo general, tardamos 5 d\u00edas en entregar la mercanc\u00eda, lo que cubre solo d\u00edas h\u00e1biles. En una semana, recibir\u00e1 Nembutal Butalbital en las mejores condiciones posibles. \u00a1Haz tu compra de inmediato!<\/p>\n","protected":false},"featured_media":5838,"comment_status":"open","ping_status":"closed","template":"","meta":[],"product_brand":[],"product_cat":[3818],"product_tag":[3972,3975,3928,3976,3985,3840,3981,3982,3983,1051,3974,3977,3979,3980,3987,4006,4005,3988,3998,3973,3997,3978,3986,3845,3847,3984,3934,3991,3989,3990,3993,3865,3996,3992,3999,4001,4002,3994,3936,3995,4004,4003,4000],"class_list":{"0":"post-5828","1":"product","2":"type-product","3":"status-publish","4":"has-post-thumbnail","6":"product_cat-pentobarbital-para-la-venta","7":"product_tag-and-amytal","8":"product_tag-buy-nembutal-mexico","9":"product_tag-buy-nembutal-online","10":"product_tag-buying-nembutal","11":"product_tag-nembutal-china","12":"product_tag-como-adquirir-nembutal","13":"product_tag-cmo-conseguir-nembutal","14":"product_tag-como-hacer-nembutal","15":"product_tag-como-tomar-nembutal-para-morir","16":"product_tag-comprar-nembutal","17":"product_tag-comprar-nembutal-canada","18":"product_tag-comprar-nembutal-online","19":"product_tag-cuanto-cuesta-nembutal","20":"product_tag-cuanto-nembutal-es-fatal","21":"product_tag-nembutal-definicion","22":"product_tag-donde-comprar-nembutal-en-mexico","23":"product_tag-donde-puedo-comprar-nembutal","24":"product_tag-nembutal-dosis-letal","25":"product_tag-efectos-secundarios-del-nembutal","26":"product_tag-estn","27":"product_tag-horario-nembutal","28":"product_tag-medicamentos-recetados-para-reducir-el-insomnio","29":"product_tag-nembutal-muerte","30":"product_tag-nembutal","31":"product_tag-nembutal-en-venta","32":"product_tag-nembutal-capsules","33":"product_tag-nembutal-comprar-online","34":"product_tag-nembutal-online","35":"product_tag-nembutal-mexico","36":"product_tag-nembutal-mexico-2018","37":"product_tag-nembutal-pentobarbital","38":"product_tag-nembutal-pills-for-sale","39":"product_tag-nembutal-reddit","40":"product_tag-nembutal-sin-receta","41":"product_tag-nembutal-sodio","42":"product_tag-obtener-nembutal","43":"product_tag-order-nembutal-online","44":"product_tag-pastilla-de-nembutal","45":"product_tag-polvo-de-nembutal","46":"product_tag-precio-nembutal","47":"product_tag-que-es-nembutal","48":"product_tag-segundo","49":"product_tag-supositorio-de-nembutal","51":"first","52":"instock","53":"shipping-taxable","54":"purchasable","55":"product-type-variable"},"yoast_head":"<!-- This site is optimized with the Yoast SEO plugin v27.2 - https:\/\/yoast.com\/product\/yoast-seo-wordpress\/ -->\n<title>Compre Butalbital en l\u00ednea - Best Best Global Meds<\/title>\n<meta name=\"robots\" content=\"index, follow, max-snippet:-1, max-image-preview:large, max-video-preview:-1\" \/>\n<link rel=\"canonical\" href=\"https:\/\/medicinasinc.com\/es\/product\/comprar-butalbital-online\/\" \/>\n<meta property=\"og:locale\" content=\"es_ES\" \/>\n<meta property=\"og:type\" content=\"article\" \/>\n<meta property=\"og:title\" content=\"Compre Butalbital en l\u00ednea - Best Best Global Meds\" \/>\n<meta property=\"og:description\" content=\"Nuestra farmacia en l\u00ednea recibir\u00e1 su pedido inmediatamente despu\u00e9s de realizarlo. Lo priorizaremos y lo completaremos lo m\u00e1s r\u00e1pido posible. Por lo general, tardamos 5 d\u00edas en entregar la mercanc\u00eda, lo que cubre solo d\u00edas h\u00e1biles. En una semana, recibir\u00e1 Nembutal Butalbital en las mejores condiciones posibles. \u00a1Haz tu compra de inmediato!\" \/>\n<meta property=\"og:url\" content=\"https:\/\/medicinasinc.com\/es\/product\/comprar-butalbital-online\/\" \/>\n<meta property=\"og:site_name\" content=\"Medicinas Inc\" \/>\n<meta property=\"article:modified_time\" content=\"2022-03-22T00:11:38+00:00\" \/>\n<meta property=\"og:image\" content=\"https:\/\/medicinasinc.com\/es\/wp-content\/uploads\/sites\/15\/2022\/02\/Buy-Butalbital-Online.jpg\" \/>\n\t<meta property=\"og:image:width\" content=\"600\" \/>\n\t<meta property=\"og:image:height\" content=\"600\" \/>\n\t<meta property=\"og:image:type\" content=\"image\/jpeg\" \/>\n<meta name=\"twitter:card\" content=\"summary_large_image\" \/>\n<meta name=\"twitter:label1\" content=\"Tiempo de lectura\" \/>\n\t<meta name=\"twitter:data1\" content=\"2 minutos\" \/>\n<script type=\"application\/ld+json\" class=\"yoast-schema-graph\">{\"@context\":\"https:\/\/schema.org\",\"@graph\":[{\"@type\":\"WebPage\",\"@id\":\"https:\/\/medicinasinc.com\/es\/product\/comprar-butalbital-online\/\",\"url\":\"https:\/\/medicinasinc.com\/es\/product\/comprar-butalbital-online\/\",\"name\":\"Compre Butalbital en l\u00ednea - Best Best Global Meds\",\"isPartOf\":{\"@id\":\"https:\/\/medicinasinc.com\/es\/#website\"},\"primaryImageOfPage\":{\"@id\":\"https:\/\/medicinasinc.com\/es\/product\/comprar-butalbital-online\/#primaryimage\"},\"image\":{\"@id\":\"https:\/\/medicinasinc.com\/es\/product\/comprar-butalbital-online\/#primaryimage\"},\"thumbnailUrl\":\"https:\/\/medicinasinc.com\/es\/wp-content\/uploads\/sites\/15\/2022\/02\/Buy-Butalbital-Online.jpg\",\"datePublished\":\"2022-02-22T06:59:00+00:00\",\"dateModified\":\"2022-03-22T00:11:38+00:00\",\"breadcrumb\":{\"@id\":\"https:\/\/medicinasinc.com\/es\/product\/comprar-butalbital-online\/#breadcrumb\"},\"inLanguage\":\"es\",\"potentialAction\":[{\"@type\":\"ReadAction\",\"target\":[\"https:\/\/medicinasinc.com\/es\/product\/comprar-butalbital-online\/\"]}]},{\"@type\":\"ImageObject\",\"inLanguage\":\"es\",\"@id\":\"https:\/\/medicinasinc.com\/es\/product\/comprar-butalbital-online\/#primaryimage\",\"url\":\"https:\/\/medicinasinc.com\/es\/wp-content\/uploads\/sites\/15\/2022\/02\/Buy-Butalbital-Online.jpg\",\"contentUrl\":\"https:\/\/medicinasinc.com\/es\/wp-content\/uploads\/sites\/15\/2022\/02\/Buy-Butalbital-Online.jpg\",\"width\":600,\"height\":600},{\"@type\":\"BreadcrumbList\",\"@id\":\"https:\/\/medicinasinc.com\/es\/product\/comprar-butalbital-online\/#breadcrumb\",\"itemListElement\":[{\"@type\":\"ListItem\",\"position\":1,\"name\":\"Tienda\",\"item\":\"https:\/\/medicinasinc.com\/es\/tienda\/\"},{\"@type\":\"ListItem\",\"position\":2,\"name\":\"Comprar butalbital en l\u00ednea\"}]},{\"@type\":\"WebSite\",\"@id\":\"https:\/\/medicinasinc.com\/es\/#website\",\"url\":\"https:\/\/medicinasinc.com\/es\/\",\"name\":\"Medicinas Inc\",\"description\":\"Cl\u00ednica M\u00e9dica de Salud\",\"potentialAction\":[{\"@type\":\"SearchAction\",\"target\":{\"@type\":\"EntryPoint\",\"urlTemplate\":\"https:\/\/medicinasinc.com\/es\/?s={search_term_string}\"},\"query-input\":{\"@type\":\"PropertyValueSpecification\",\"valueRequired\":true,\"valueName\":\"search_term_string\"}}],\"inLanguage\":\"es\"}]}<\/script>\n<!-- \/ Yoast SEO plugin. -->","yoast_head_json":{"title":"Compre Butalbital en l\u00ednea - Best Best Global Meds","robots":{"index":"index","follow":"follow","max-snippet":"max-snippet:-1","max-image-preview":"max-image-preview:large","max-video-preview":"max-video-preview:-1"},"canonical":"https:\/\/medicinasinc.com\/es\/product\/comprar-butalbital-online\/","og_locale":"es_ES","og_type":"article","og_title":"Compre Butalbital en l\u00ednea - Best Best Global Meds","og_description":"Nuestra farmacia en l\u00ednea recibir\u00e1 su pedido inmediatamente despu\u00e9s de realizarlo. Lo priorizaremos y lo completaremos lo m\u00e1s r\u00e1pido posible. Por lo general, tardamos 5 d\u00edas en entregar la mercanc\u00eda, lo que cubre solo d\u00edas h\u00e1biles. En una semana, recibir\u00e1 Nembutal Butalbital en las mejores condiciones posibles. \u00a1Haz tu compra de inmediato!","og_url":"https:\/\/medicinasinc.com\/es\/product\/comprar-butalbital-online\/","og_site_name":"Medicinas Inc","article_modified_time":"2022-03-22T00:11:38+00:00","og_image":[{"width":600,"height":600,"url":"https:\/\/medicinasinc.com\/es\/wp-content\/uploads\/sites\/15\/2022\/02\/Buy-Butalbital-Online.jpg","type":"image\/jpeg"}],"twitter_card":"summary_large_image","twitter_misc":{"Tiempo de lectura":"2 minutos"},"schema":{"@context":"https:\/\/schema.org","@graph":[{"@type":"WebPage","@id":"https:\/\/medicinasinc.com\/es\/product\/comprar-butalbital-online\/","url":"https:\/\/medicinasinc.com\/es\/product\/comprar-butalbital-online\/","name":"Compre Butalbital en l\u00ednea - Best Best Global Meds","isPartOf":{"@id":"https:\/\/medicinasinc.com\/es\/#website"},"primaryImageOfPage":{"@id":"https:\/\/medicinasinc.com\/es\/product\/comprar-butalbital-online\/#primaryimage"},"image":{"@id":"https:\/\/medicinasinc.com\/es\/product\/comprar-butalbital-online\/#primaryimage"},"thumbnailUrl":"https:\/\/medicinasinc.com\/es\/wp-content\/uploads\/sites\/15\/2022\/02\/Buy-Butalbital-Online.jpg","datePublished":"2022-02-22T06:59:00+00:00","dateModified":"2022-03-22T00:11:38+00:00","breadcrumb":{"@id":"https:\/\/medicinasinc.com\/es\/product\/comprar-butalbital-online\/#breadcrumb"},"inLanguage":"es","potentialAction":[{"@type":"ReadAction","target":["https:\/\/medicinasinc.com\/es\/product\/comprar-butalbital-online\/"]}]},{"@type":"ImageObject","inLanguage":"es","@id":"https:\/\/medicinasinc.com\/es\/product\/comprar-butalbital-online\/#primaryimage","url":"https:\/\/medicinasinc.com\/es\/wp-content\/uploads\/sites\/15\/2022\/02\/Buy-Butalbital-Online.jpg","contentUrl":"https:\/\/medicinasinc.com\/es\/wp-content\/uploads\/sites\/15\/2022\/02\/Buy-Butalbital-Online.jpg","width":600,"height":600},{"@type":"BreadcrumbList","@id":"https:\/\/medicinasinc.com\/es\/product\/comprar-butalbital-online\/#breadcrumb","itemListElement":[{"@type":"ListItem","position":1,"name":"Tienda","item":"https:\/\/medicinasinc.com\/es\/tienda\/"},{"@type":"ListItem","position":2,"name":"Comprar butalbital en l\u00ednea"}]},{"@type":"WebSite","@id":"https:\/\/medicinasinc.com\/es\/#website","url":"https:\/\/medicinasinc.com\/es\/","name":"Medicinas Inc","description":"Cl\u00ednica M\u00e9dica de Salud","potentialAction":[{"@type":"SearchAction","target":{"@type":"EntryPoint","urlTemplate":"https:\/\/medicinasinc.com\/es\/?s={search_term_string}"},"query-input":{"@type":"PropertyValueSpecification","valueRequired":true,"valueName":"search_term_string"}}],"inLanguage":"es"}]}},"_links":{"self":[{"href":"https:\/\/medicinasinc.com\/es\/wp-json\/wp\/v2\/product\/5828","targetHints":{"allow":["GET"]}}],"collection":[{"href":"https:\/\/medicinasinc.com\/es\/wp-json\/wp\/v2\/product"}],"about":[{"href":"https:\/\/medicinasinc.com\/es\/wp-json\/wp\/v2\/types\/product"}],"replies":[{"embeddable":true,"href":"https:\/\/medicinasinc.com\/es\/wp-json\/wp\/v2\/comments?post=5828"}],"wp:featuredmedia":[{"embeddable":true,"href":"https:\/\/medicinasinc.com\/es\/wp-json\/wp\/v2\/media\/5838"}],"wp:attachment":[{"href":"https:\/\/medicinasinc.com\/es\/wp-json\/wp\/v2\/media?parent=5828"}],"wp:term":[{"taxonomy":"product_brand","embeddable":true,"href":"https:\/\/medicinasinc.com\/es\/wp-json\/wp\/v2\/product_brand?post=5828"},{"taxonomy":"product_cat","embeddable":true,"href":"https:\/\/medicinasinc.com\/es\/wp-json\/wp\/v2\/product_cat?post=5828"},{"taxonomy":"product_tag","embeddable":true,"href":"https:\/\/medicinasinc.com\/es\/wp-json\/wp\/v2\/product_tag?post=5828"}],"curies":[{"name":"wp","href":"https:\/\/api.w.org\/{rel}","templated":true}]}}