{"id":5822,"date":"2022-02-22T06:52:56","date_gmt":"2022-02-22T06:52:56","guid":{"rendered":"https:\/\/medicinasinc.com\/es\/?post_type=product&#038;p=5822"},"modified":"2022-03-22T00:11:50","modified_gmt":"2022-03-22T00:11:50","slug":"comprar-nembutal-pentobarbital","status":"publish","type":"product","link":"https:\/\/medicinasinc.com\/es\/product\/comprar-nembutal-pentobarbital\/","title":{"rendered":"Comprar Nembutal Pentobarbital"},"content":{"rendered":"<p>Compra en l\u00ednea de Nembutal Pentobarbital de The Best Global Meds<\/p>\n<p>La Farmacia en l\u00ednea de Nembutal es la \u00fanica fuente confiable para comprar Nembutal Pentobarbital en l\u00ednea al costo m\u00e1s bajo posible.<\/p>\n<p>Tan pronto como reciba los datos de su pedido, comenzaremos el proceso de preparaci\u00f3n, seguido de la entrega. Los miembros de nuestro equipo empaquetar\u00e1n sus medicamentos de manera segura y se los entregar\u00e1n r\u00e1pidamente. No puede esperar menos que lo mejor de nosotros en t\u00e9rminos de calidad y puntualidad del Nembutal Pentobarbital.<\/p>\n<p>\u00bfQu\u00e9 debe comprar al comprar Nembutal Pentobarbital? \u00bfCu\u00e1l es el lugar adecuado para comprarlo?<\/p>\n<p>Nembutal El pentobarbital es un medicamento eficaz para las convulsiones que generalmente se usa junto con otros medicamentos recetados. Si tiene un trastorno convulsivo, este medicamento es perfecto para usted. Puede continuar con su d\u00eda con plena vitalidad, sin preocuparse por el episodio de convulsiones. Tiene un efecto en numerosas \u00e1reas del cerebro, dando como resultado un estado de serenidad en el cuerpo.<\/p>\n<p>Nembutal Pentobarbital Online Pharmacy es el mejor sitio para comprar Nembutal Pentobarbital en l\u00ednea al precio m\u00e1s bajo. Este medicamento se vende aqu\u00ed en las mejores condiciones posibles y con el m\u00e1ximo cuidado. Todos nuestros medicamentos son probados en laboratorio y sujetos a una bater\u00eda de pruebas. Nos hemos asociado con los principales fabricantes farmac\u00e9uticos del mundo. Si obtiene medicamentos de nosotros, no hay necesidad de preocuparse por nada. \u00a1Sin duda recibir\u00e1s el mayor cuidado posible para tu salud!<\/p>\n","protected":false},"excerpt":{"rendered":"<p>\u00bfQu\u00e9 formas de dosificaci\u00f3n de fenobarbital Nembutal necesita?<\/p>\n<p>Cualquier persona en el mundo puede comprar Nembutal en l\u00ednea en una farmacia en l\u00ednea. En cualquier momento, desde cualquier lugar, ponte en contacto con nosotros. Cualquier pregunta o inquietud que tengan nuestros clientes ser\u00e1 atendida de inmediato por uno de nuestros representantes de servicio al cliente. La calidad de sus medicamentos o el estado de su entrega nunca son una preocupaci\u00f3n cuando trabaja con nosotros. El fenobarbital nembutal a la venta se puede comprar por tel\u00e9fono, correo electr\u00f3nico o mensaje de texto. \u00a1Ahora es el momento de conectarse!<\/p>\n","protected":false},"featured_media":5832,"comment_status":"open","ping_status":"closed","template":"","meta":[],"product_brand":[],"product_cat":[3818],"product_tag":[],"class_list":{"0":"post-5822","1":"product","2":"type-product","3":"status-publish","4":"has-post-thumbnail","6":"product_cat-pentobarbital-para-la-venta","8":"first","9":"instock","10":"shipping-taxable","11":"purchasable","12":"product-type-variable"},"yoast_head":"<!-- This site is optimized with the Yoast SEO plugin v27.2 - https:\/\/yoast.com\/product\/yoast-seo-wordpress\/ -->\n<title>Compre Nembutal Pentobarbital - Best Global Meds<\/title>\n<meta name=\"robots\" content=\"index, follow, max-snippet:-1, max-image-preview:large, max-video-preview:-1\" \/>\n<link rel=\"canonical\" href=\"https:\/\/medicinasinc.com\/es\/product\/comprar-nembutal-pentobarbital\/\" \/>\n<meta property=\"og:locale\" content=\"es_ES\" \/>\n<meta property=\"og:type\" content=\"article\" \/>\n<meta property=\"og:title\" content=\"Compre Nembutal Pentobarbital - Best Global Meds\" \/>\n<meta property=\"og:description\" content=\"\u00bfQu\u00e9 formas de dosificaci\u00f3n de fenobarbital Nembutal necesita? Cualquier persona en el mundo puede comprar Nembutal en l\u00ednea en una farmacia en l\u00ednea. En cualquier momento, desde cualquier lugar, ponte en contacto con nosotros. Cualquier pregunta o inquietud que tengan nuestros clientes ser\u00e1 atendida de inmediato por uno de nuestros representantes de servicio al cliente. La calidad de sus medicamentos o el estado de su entrega nunca son una preocupaci\u00f3n cuando trabaja con nosotros. El fenobarbital nembutal a la venta se puede comprar por tel\u00e9fono, correo electr\u00f3nico o mensaje de texto. \u00a1Ahora es el momento de conectarse!\" \/>\n<meta property=\"og:url\" content=\"https:\/\/medicinasinc.com\/es\/product\/comprar-nembutal-pentobarbital\/\" \/>\n<meta property=\"og:site_name\" content=\"Medicinas Inc\" \/>\n<meta property=\"article:modified_time\" content=\"2022-03-22T00:11:50+00:00\" \/>\n<meta property=\"og:image\" content=\"https:\/\/medicinasinc.com\/es\/wp-content\/uploads\/sites\/15\/2022\/02\/buy-Nembutal-Pentobarbital-1.jpg\" \/>\n\t<meta property=\"og:image:width\" content=\"600\" \/>\n\t<meta property=\"og:image:height\" content=\"600\" \/>\n\t<meta property=\"og:image:type\" content=\"image\/jpeg\" \/>\n<meta name=\"twitter:card\" content=\"summary_large_image\" \/>\n<meta name=\"twitter:label1\" content=\"Tiempo de lectura\" \/>\n\t<meta name=\"twitter:data1\" content=\"2 minutos\" \/>\n<script type=\"application\/ld+json\" class=\"yoast-schema-graph\">{\"@context\":\"https:\/\/schema.org\",\"@graph\":[{\"@type\":\"WebPage\",\"@id\":\"https:\/\/medicinasinc.com\/es\/product\/comprar-nembutal-pentobarbital\/\",\"url\":\"https:\/\/medicinasinc.com\/es\/product\/comprar-nembutal-pentobarbital\/\",\"name\":\"Compre Nembutal Pentobarbital - Best Global Meds\",\"isPartOf\":{\"@id\":\"https:\/\/medicinasinc.com\/es\/#website\"},\"primaryImageOfPage\":{\"@id\":\"https:\/\/medicinasinc.com\/es\/product\/comprar-nembutal-pentobarbital\/#primaryimage\"},\"image\":{\"@id\":\"https:\/\/medicinasinc.com\/es\/product\/comprar-nembutal-pentobarbital\/#primaryimage\"},\"thumbnailUrl\":\"https:\/\/medicinasinc.com\/es\/wp-content\/uploads\/sites\/15\/2022\/02\/buy-Nembutal-Pentobarbital-1.jpg\",\"datePublished\":\"2022-02-22T06:52:56+00:00\",\"dateModified\":\"2022-03-22T00:11:50+00:00\",\"breadcrumb\":{\"@id\":\"https:\/\/medicinasinc.com\/es\/product\/comprar-nembutal-pentobarbital\/#breadcrumb\"},\"inLanguage\":\"es\",\"potentialAction\":[{\"@type\":\"ReadAction\",\"target\":[\"https:\/\/medicinasinc.com\/es\/product\/comprar-nembutal-pentobarbital\/\"]}]},{\"@type\":\"ImageObject\",\"inLanguage\":\"es\",\"@id\":\"https:\/\/medicinasinc.com\/es\/product\/comprar-nembutal-pentobarbital\/#primaryimage\",\"url\":\"https:\/\/medicinasinc.com\/es\/wp-content\/uploads\/sites\/15\/2022\/02\/buy-Nembutal-Pentobarbital-1.jpg\",\"contentUrl\":\"https:\/\/medicinasinc.com\/es\/wp-content\/uploads\/sites\/15\/2022\/02\/buy-Nembutal-Pentobarbital-1.jpg\",\"width\":600,\"height\":600},{\"@type\":\"BreadcrumbList\",\"@id\":\"https:\/\/medicinasinc.com\/es\/product\/comprar-nembutal-pentobarbital\/#breadcrumb\",\"itemListElement\":[{\"@type\":\"ListItem\",\"position\":1,\"name\":\"Tienda\",\"item\":\"https:\/\/medicinasinc.com\/es\/tienda\/\"},{\"@type\":\"ListItem\",\"position\":2,\"name\":\"Comprar Nembutal Pentobarbital\"}]},{\"@type\":\"WebSite\",\"@id\":\"https:\/\/medicinasinc.com\/es\/#website\",\"url\":\"https:\/\/medicinasinc.com\/es\/\",\"name\":\"Medicinas Inc\",\"description\":\"Cl\u00ednica M\u00e9dica de Salud\",\"potentialAction\":[{\"@type\":\"SearchAction\",\"target\":{\"@type\":\"EntryPoint\",\"urlTemplate\":\"https:\/\/medicinasinc.com\/es\/?s={search_term_string}\"},\"query-input\":{\"@type\":\"PropertyValueSpecification\",\"valueRequired\":true,\"valueName\":\"search_term_string\"}}],\"inLanguage\":\"es\"}]}<\/script>\n<!-- \/ Yoast SEO plugin. -->","yoast_head_json":{"title":"Compre Nembutal Pentobarbital - Best Global Meds","robots":{"index":"index","follow":"follow","max-snippet":"max-snippet:-1","max-image-preview":"max-image-preview:large","max-video-preview":"max-video-preview:-1"},"canonical":"https:\/\/medicinasinc.com\/es\/product\/comprar-nembutal-pentobarbital\/","og_locale":"es_ES","og_type":"article","og_title":"Compre Nembutal Pentobarbital - Best Global Meds","og_description":"\u00bfQu\u00e9 formas de dosificaci\u00f3n de fenobarbital Nembutal necesita? Cualquier persona en el mundo puede comprar Nembutal en l\u00ednea en una farmacia en l\u00ednea. En cualquier momento, desde cualquier lugar, ponte en contacto con nosotros. Cualquier pregunta o inquietud que tengan nuestros clientes ser\u00e1 atendida de inmediato por uno de nuestros representantes de servicio al cliente. La calidad de sus medicamentos o el estado de su entrega nunca son una preocupaci\u00f3n cuando trabaja con nosotros. El fenobarbital nembutal a la venta se puede comprar por tel\u00e9fono, correo electr\u00f3nico o mensaje de texto. \u00a1Ahora es el momento de conectarse!","og_url":"https:\/\/medicinasinc.com\/es\/product\/comprar-nembutal-pentobarbital\/","og_site_name":"Medicinas Inc","article_modified_time":"2022-03-22T00:11:50+00:00","og_image":[{"width":600,"height":600,"url":"https:\/\/medicinasinc.com\/es\/wp-content\/uploads\/sites\/15\/2022\/02\/buy-Nembutal-Pentobarbital-1.jpg","type":"image\/jpeg"}],"twitter_card":"summary_large_image","twitter_misc":{"Tiempo de lectura":"2 minutos"},"schema":{"@context":"https:\/\/schema.org","@graph":[{"@type":"WebPage","@id":"https:\/\/medicinasinc.com\/es\/product\/comprar-nembutal-pentobarbital\/","url":"https:\/\/medicinasinc.com\/es\/product\/comprar-nembutal-pentobarbital\/","name":"Compre Nembutal Pentobarbital - Best Global Meds","isPartOf":{"@id":"https:\/\/medicinasinc.com\/es\/#website"},"primaryImageOfPage":{"@id":"https:\/\/medicinasinc.com\/es\/product\/comprar-nembutal-pentobarbital\/#primaryimage"},"image":{"@id":"https:\/\/medicinasinc.com\/es\/product\/comprar-nembutal-pentobarbital\/#primaryimage"},"thumbnailUrl":"https:\/\/medicinasinc.com\/es\/wp-content\/uploads\/sites\/15\/2022\/02\/buy-Nembutal-Pentobarbital-1.jpg","datePublished":"2022-02-22T06:52:56+00:00","dateModified":"2022-03-22T00:11:50+00:00","breadcrumb":{"@id":"https:\/\/medicinasinc.com\/es\/product\/comprar-nembutal-pentobarbital\/#breadcrumb"},"inLanguage":"es","potentialAction":[{"@type":"ReadAction","target":["https:\/\/medicinasinc.com\/es\/product\/comprar-nembutal-pentobarbital\/"]}]},{"@type":"ImageObject","inLanguage":"es","@id":"https:\/\/medicinasinc.com\/es\/product\/comprar-nembutal-pentobarbital\/#primaryimage","url":"https:\/\/medicinasinc.com\/es\/wp-content\/uploads\/sites\/15\/2022\/02\/buy-Nembutal-Pentobarbital-1.jpg","contentUrl":"https:\/\/medicinasinc.com\/es\/wp-content\/uploads\/sites\/15\/2022\/02\/buy-Nembutal-Pentobarbital-1.jpg","width":600,"height":600},{"@type":"BreadcrumbList","@id":"https:\/\/medicinasinc.com\/es\/product\/comprar-nembutal-pentobarbital\/#breadcrumb","itemListElement":[{"@type":"ListItem","position":1,"name":"Tienda","item":"https:\/\/medicinasinc.com\/es\/tienda\/"},{"@type":"ListItem","position":2,"name":"Comprar Nembutal Pentobarbital"}]},{"@type":"WebSite","@id":"https:\/\/medicinasinc.com\/es\/#website","url":"https:\/\/medicinasinc.com\/es\/","name":"Medicinas Inc","description":"Cl\u00ednica M\u00e9dica de Salud","potentialAction":[{"@type":"SearchAction","target":{"@type":"EntryPoint","urlTemplate":"https:\/\/medicinasinc.com\/es\/?s={search_term_string}"},"query-input":{"@type":"PropertyValueSpecification","valueRequired":true,"valueName":"search_term_string"}}],"inLanguage":"es"}]}},"_links":{"self":[{"href":"https:\/\/medicinasinc.com\/es\/wp-json\/wp\/v2\/product\/5822","targetHints":{"allow":["GET"]}}],"collection":[{"href":"https:\/\/medicinasinc.com\/es\/wp-json\/wp\/v2\/product"}],"about":[{"href":"https:\/\/medicinasinc.com\/es\/wp-json\/wp\/v2\/types\/product"}],"replies":[{"embeddable":true,"href":"https:\/\/medicinasinc.com\/es\/wp-json\/wp\/v2\/comments?post=5822"}],"wp:featuredmedia":[{"embeddable":true,"href":"https:\/\/medicinasinc.com\/es\/wp-json\/wp\/v2\/media\/5832"}],"wp:attachment":[{"href":"https:\/\/medicinasinc.com\/es\/wp-json\/wp\/v2\/media?parent=5822"}],"wp:term":[{"taxonomy":"product_brand","embeddable":true,"href":"https:\/\/medicinasinc.com\/es\/wp-json\/wp\/v2\/product_brand?post=5822"},{"taxonomy":"product_cat","embeddable":true,"href":"https:\/\/medicinasinc.com\/es\/wp-json\/wp\/v2\/product_cat?post=5822"},{"taxonomy":"product_tag","embeddable":true,"href":"https:\/\/medicinasinc.com\/es\/wp-json\/wp\/v2\/product_tag?post=5822"}],"curies":[{"name":"wp","href":"https:\/\/api.w.org\/{rel}","templated":true}]}}