{"id":5816,"date":"2022-02-22T06:47:51","date_gmt":"2022-02-22T06:47:51","guid":{"rendered":"https:\/\/medicinasinc.com\/es\/?post_type=product&#038;p=5816"},"modified":"2022-03-22T00:12:00","modified_gmt":"2022-03-22T00:12:00","slug":"comprar-pastillas-de-nembutal","status":"publish","type":"product","link":"https:\/\/medicinasinc.com\/es\/product\/comprar-pastillas-de-nembutal\/","title":{"rendered":"Comprar pastillas de Nembutal"},"content":{"rendered":"<p>P\u00edldoras de Nembutal a la venta en la mejor farmacia en l\u00ednea a precios bajos<\/p>\n<p>Ahora puede comprar tabletas de Nembutal en Best Global Meds y utilizarlas en todo su potencial para su salud. Tomaremos en cuenta su pedido y nos aseguraremos de que llegue a donde se supone que debe ir. Si desea adquirir tabletas de Nembutal para la venta, comun\u00edquese con nosotros hoy mismo.<\/p>\n<p>Podemos proporcionar tabletas de Nembutal de una manera precisa debido a nuestra reputaci\u00f3n estelar en el negocio. Para garantizar que nuestros clientes reciban sus pedidos lo antes posible, empleamos un proceso de env\u00edo simple y conveniente. Hacemos todo lo posible para asegurarnos de que nuestros clientes no tengan que esperar por sus productos.<\/p>\n<p>Como farmacia en l\u00ednea profesional, no perdemos el ritmo cuando se trata de asegurarnos de que su pedido llegue a tiempo. . Para asegurarse de que nada se pase por alto, un miembro de nuestro equipo supervisa todo las 24 horas del d\u00eda. Queremos que nuestros consumidores tengan el mayor cuidado posible por su bienestar.<\/p>\n<p>\u00bfCu\u00e1l es el prop\u00f3sito de las pastillas de Nembutal?<\/p>\n<p>Comprar pastillas de Nembutal en un dispensario o farmacia local no obtendr\u00e1 simplemente cualquier droga vieja. En el tratamiento de la privaci\u00f3n del sue\u00f1o, es un narc\u00f3tico que se utiliza en altas dosis. Los m\u00e9dicos y cirujanos ponen a dormir a los pacientes en hospitales y cl\u00ednicas m\u00e9dicas con pastillas de Nembutal para continuar con el proceso. Para aquellos que requieren pastillas de Nembutal, pueden comunicarse con Online Nembutal Pharmacy, una farmacia de Internet de primer nivel. Aqu\u00ed encontrar\u00e1s lo mejor de lo mejor. \u00a1Ponte en contacto con nosotros ahora mismo!<\/p>\n","protected":false},"excerpt":{"rendered":"<p>\u00bfC\u00f3mo encontrar la mejor farmacia en l\u00ednea para comprar pastillas de Nembutal?<\/p>\n<p>Compre Nembutal [Pastillas de nuestra selecci\u00f3n de pastillas e inyecciones de pentobarbital s\u00f3dico, medicamentos con barbit\u00faricos y Nembutal a la venta cerca de m\u00ed con transporte seguro.<\/p>\n<p>Si no est\u00e1 seguro de c\u00f3mo conectarse con la mejor farmacia en l\u00ednea para comprar tabletas de Nembutal en l\u00ednea, Pentobarbital Global Meds siempre est\u00e1 disponible para ayudarlo. Estamos aqu\u00ed para ayudarlo a comprar pastillas de Nembutal en l\u00ednea al precio m\u00e1s bajo posible. Puede realizar su pedido aqu\u00ed y esperar a que se complete en tiempo y forma. No retrasaremos la entrega de ninguna manera que sea innecesaria. \u00a1Cont\u00e1ctenos inmediatamente!<\/p>\n","protected":false},"featured_media":5826,"comment_status":"open","ping_status":"closed","template":"","meta":[],"product_brand":[],"product_cat":[3818],"product_tag":[3837,3915,3832,3825,3839,3858,3864,3859,3860,3865,3867,3857,3863,3862,3861,3871,3868],"class_list":{"0":"post-5816","1":"product","2":"type-product","3":"status-publish","4":"has-post-thumbnail","6":"product_cat-pentobarbital-para-la-venta","7":"product_tag-como-puedo-pedir-pastillas-de-nembutal","8":"product_tag-donde-puedo-comprar-pastillas-de-nembutal","9":"product_tag-puedo-pedir-nembutal-online","10":"product_tag-buy-nembutal-pills-online","11":"product_tag-como-puedo-tomar-nembutal","12":"product_tag-pastillas-nembutal-comprar","13":"product_tag-nembutal-pastillas-dosis","14":"product_tag-nembutal-pills-buy-australia","15":"product_tag-nembutal-pills-buy-austria","16":"product_tag-nembutal-pills-for-sale","17":"product_tag-nembutal-pills-overdose","18":"product_tag-pastillas-de-nembutal","19":"product_tag-pastillas-de-nembutal-comprar-es","20":"product_tag-nembutal-pastillas-comprar-online","21":"product_tag-nembutal-pastillas-comprar-europa","22":"product_tag-orden-nembutal-pastillas","23":"product_tag-proveedor-de-pastillas-de-nembutal","25":"first","26":"instock","27":"shipping-taxable","28":"purchasable","29":"product-type-variable"},"yoast_head":"<!-- This site is optimized with the Yoast SEO plugin v27.2 - https:\/\/yoast.com\/product\/yoast-seo-wordpress\/ -->\n<title>Comprar pastillas Nembutal - Best Best Global Meds<\/title>\n<meta name=\"description\" content=\"Compre Nembutal [pastillas de nuestras pastillas de pentobarbital s\u00f3dico &amp; inyecciones, medicamentos barbit\u00faricos y Nembutal a la venta cerca de m\u00ed con env\u00edo seguro.\" \/>\n<meta name=\"robots\" content=\"index, follow, max-snippet:-1, max-image-preview:large, max-video-preview:-1\" \/>\n<link rel=\"canonical\" href=\"https:\/\/medicinasinc.com\/es\/product\/comprar-pastillas-de-nembutal\/\" \/>\n<meta property=\"og:locale\" content=\"es_ES\" \/>\n<meta property=\"og:type\" content=\"article\" \/>\n<meta property=\"og:title\" content=\"Comprar pastillas Nembutal - Best Best Global Meds\" \/>\n<meta property=\"og:description\" content=\"Compre Nembutal [pastillas de nuestras pastillas de pentobarbital s\u00f3dico &amp; inyecciones, medicamentos barbit\u00faricos y Nembutal a la venta cerca de m\u00ed con env\u00edo seguro.\" \/>\n<meta property=\"og:url\" content=\"https:\/\/medicinasinc.com\/es\/product\/comprar-pastillas-de-nembutal\/\" \/>\n<meta property=\"og:site_name\" content=\"Medicinas Inc\" \/>\n<meta property=\"article:modified_time\" content=\"2022-03-22T00:12:00+00:00\" \/>\n<meta property=\"og:image\" content=\"https:\/\/medicinasinc.com\/es\/wp-content\/uploads\/sites\/15\/2022\/02\/Buy-Nembutal-Pills.jpg\" \/>\n\t<meta property=\"og:image:width\" content=\"600\" \/>\n\t<meta property=\"og:image:height\" content=\"600\" \/>\n\t<meta property=\"og:image:type\" content=\"image\/jpeg\" \/>\n<meta name=\"twitter:card\" content=\"summary_large_image\" \/>\n<meta name=\"twitter:label1\" content=\"Tiempo de lectura\" \/>\n\t<meta name=\"twitter:data1\" content=\"2 minutos\" \/>\n<script type=\"application\/ld+json\" class=\"yoast-schema-graph\">{\"@context\":\"https:\/\/schema.org\",\"@graph\":[{\"@type\":\"WebPage\",\"@id\":\"https:\/\/medicinasinc.com\/es\/product\/comprar-pastillas-de-nembutal\/\",\"url\":\"https:\/\/medicinasinc.com\/es\/product\/comprar-pastillas-de-nembutal\/\",\"name\":\"Comprar pastillas Nembutal - Best Best Global Meds\",\"isPartOf\":{\"@id\":\"https:\/\/medicinasinc.com\/es\/#website\"},\"primaryImageOfPage\":{\"@id\":\"https:\/\/medicinasinc.com\/es\/product\/comprar-pastillas-de-nembutal\/#primaryimage\"},\"image\":{\"@id\":\"https:\/\/medicinasinc.com\/es\/product\/comprar-pastillas-de-nembutal\/#primaryimage\"},\"thumbnailUrl\":\"https:\/\/medicinasinc.com\/es\/wp-content\/uploads\/sites\/15\/2022\/02\/Buy-Nembutal-Pills.jpg\",\"datePublished\":\"2022-02-22T06:47:51+00:00\",\"dateModified\":\"2022-03-22T00:12:00+00:00\",\"description\":\"Compre Nembutal [pastillas de nuestras pastillas de pentobarbital s\u00f3dico &amp; inyecciones, medicamentos barbit\u00faricos y Nembutal a la venta cerca de m\u00ed con env\u00edo seguro.\",\"breadcrumb\":{\"@id\":\"https:\/\/medicinasinc.com\/es\/product\/comprar-pastillas-de-nembutal\/#breadcrumb\"},\"inLanguage\":\"es\",\"potentialAction\":[{\"@type\":\"ReadAction\",\"target\":[\"https:\/\/medicinasinc.com\/es\/product\/comprar-pastillas-de-nembutal\/\"]}]},{\"@type\":\"ImageObject\",\"inLanguage\":\"es\",\"@id\":\"https:\/\/medicinasinc.com\/es\/product\/comprar-pastillas-de-nembutal\/#primaryimage\",\"url\":\"https:\/\/medicinasinc.com\/es\/wp-content\/uploads\/sites\/15\/2022\/02\/Buy-Nembutal-Pills.jpg\",\"contentUrl\":\"https:\/\/medicinasinc.com\/es\/wp-content\/uploads\/sites\/15\/2022\/02\/Buy-Nembutal-Pills.jpg\",\"width\":600,\"height\":600},{\"@type\":\"BreadcrumbList\",\"@id\":\"https:\/\/medicinasinc.com\/es\/product\/comprar-pastillas-de-nembutal\/#breadcrumb\",\"itemListElement\":[{\"@type\":\"ListItem\",\"position\":1,\"name\":\"Tienda\",\"item\":\"https:\/\/medicinasinc.com\/es\/tienda\/\"},{\"@type\":\"ListItem\",\"position\":2,\"name\":\"Comprar pastillas de Nembutal\"}]},{\"@type\":\"WebSite\",\"@id\":\"https:\/\/medicinasinc.com\/es\/#website\",\"url\":\"https:\/\/medicinasinc.com\/es\/\",\"name\":\"Medicinas Inc\",\"description\":\"Cl\u00ednica M\u00e9dica de Salud\",\"potentialAction\":[{\"@type\":\"SearchAction\",\"target\":{\"@type\":\"EntryPoint\",\"urlTemplate\":\"https:\/\/medicinasinc.com\/es\/?s={search_term_string}\"},\"query-input\":{\"@type\":\"PropertyValueSpecification\",\"valueRequired\":true,\"valueName\":\"search_term_string\"}}],\"inLanguage\":\"es\"}]}<\/script>\n<!-- \/ Yoast SEO plugin. -->","yoast_head_json":{"title":"Comprar pastillas Nembutal - Best Best Global Meds","description":"Compre Nembutal [pastillas de nuestras pastillas de pentobarbital s\u00f3dico &amp; inyecciones, medicamentos barbit\u00faricos y Nembutal a la venta cerca de m\u00ed con env\u00edo seguro.","robots":{"index":"index","follow":"follow","max-snippet":"max-snippet:-1","max-image-preview":"max-image-preview:large","max-video-preview":"max-video-preview:-1"},"canonical":"https:\/\/medicinasinc.com\/es\/product\/comprar-pastillas-de-nembutal\/","og_locale":"es_ES","og_type":"article","og_title":"Comprar pastillas Nembutal - Best Best Global Meds","og_description":"Compre Nembutal [pastillas de nuestras pastillas de pentobarbital s\u00f3dico &amp; inyecciones, medicamentos barbit\u00faricos y Nembutal a la venta cerca de m\u00ed con env\u00edo seguro.","og_url":"https:\/\/medicinasinc.com\/es\/product\/comprar-pastillas-de-nembutal\/","og_site_name":"Medicinas Inc","article_modified_time":"2022-03-22T00:12:00+00:00","og_image":[{"width":600,"height":600,"url":"https:\/\/medicinasinc.com\/es\/wp-content\/uploads\/sites\/15\/2022\/02\/Buy-Nembutal-Pills.jpg","type":"image\/jpeg"}],"twitter_card":"summary_large_image","twitter_misc":{"Tiempo de lectura":"2 minutos"},"schema":{"@context":"https:\/\/schema.org","@graph":[{"@type":"WebPage","@id":"https:\/\/medicinasinc.com\/es\/product\/comprar-pastillas-de-nembutal\/","url":"https:\/\/medicinasinc.com\/es\/product\/comprar-pastillas-de-nembutal\/","name":"Comprar pastillas Nembutal - Best Best Global Meds","isPartOf":{"@id":"https:\/\/medicinasinc.com\/es\/#website"},"primaryImageOfPage":{"@id":"https:\/\/medicinasinc.com\/es\/product\/comprar-pastillas-de-nembutal\/#primaryimage"},"image":{"@id":"https:\/\/medicinasinc.com\/es\/product\/comprar-pastillas-de-nembutal\/#primaryimage"},"thumbnailUrl":"https:\/\/medicinasinc.com\/es\/wp-content\/uploads\/sites\/15\/2022\/02\/Buy-Nembutal-Pills.jpg","datePublished":"2022-02-22T06:47:51+00:00","dateModified":"2022-03-22T00:12:00+00:00","description":"Compre Nembutal [pastillas de nuestras pastillas de pentobarbital s\u00f3dico &amp; inyecciones, medicamentos barbit\u00faricos y Nembutal a la venta cerca de m\u00ed con env\u00edo seguro.","breadcrumb":{"@id":"https:\/\/medicinasinc.com\/es\/product\/comprar-pastillas-de-nembutal\/#breadcrumb"},"inLanguage":"es","potentialAction":[{"@type":"ReadAction","target":["https:\/\/medicinasinc.com\/es\/product\/comprar-pastillas-de-nembutal\/"]}]},{"@type":"ImageObject","inLanguage":"es","@id":"https:\/\/medicinasinc.com\/es\/product\/comprar-pastillas-de-nembutal\/#primaryimage","url":"https:\/\/medicinasinc.com\/es\/wp-content\/uploads\/sites\/15\/2022\/02\/Buy-Nembutal-Pills.jpg","contentUrl":"https:\/\/medicinasinc.com\/es\/wp-content\/uploads\/sites\/15\/2022\/02\/Buy-Nembutal-Pills.jpg","width":600,"height":600},{"@type":"BreadcrumbList","@id":"https:\/\/medicinasinc.com\/es\/product\/comprar-pastillas-de-nembutal\/#breadcrumb","itemListElement":[{"@type":"ListItem","position":1,"name":"Tienda","item":"https:\/\/medicinasinc.com\/es\/tienda\/"},{"@type":"ListItem","position":2,"name":"Comprar pastillas de Nembutal"}]},{"@type":"WebSite","@id":"https:\/\/medicinasinc.com\/es\/#website","url":"https:\/\/medicinasinc.com\/es\/","name":"Medicinas Inc","description":"Cl\u00ednica M\u00e9dica de Salud","potentialAction":[{"@type":"SearchAction","target":{"@type":"EntryPoint","urlTemplate":"https:\/\/medicinasinc.com\/es\/?s={search_term_string}"},"query-input":{"@type":"PropertyValueSpecification","valueRequired":true,"valueName":"search_term_string"}}],"inLanguage":"es"}]}},"_links":{"self":[{"href":"https:\/\/medicinasinc.com\/es\/wp-json\/wp\/v2\/product\/5816","targetHints":{"allow":["GET"]}}],"collection":[{"href":"https:\/\/medicinasinc.com\/es\/wp-json\/wp\/v2\/product"}],"about":[{"href":"https:\/\/medicinasinc.com\/es\/wp-json\/wp\/v2\/types\/product"}],"replies":[{"embeddable":true,"href":"https:\/\/medicinasinc.com\/es\/wp-json\/wp\/v2\/comments?post=5816"}],"wp:featuredmedia":[{"embeddable":true,"href":"https:\/\/medicinasinc.com\/es\/wp-json\/wp\/v2\/media\/5826"}],"wp:attachment":[{"href":"https:\/\/medicinasinc.com\/es\/wp-json\/wp\/v2\/media?parent=5816"}],"wp:term":[{"taxonomy":"product_brand","embeddable":true,"href":"https:\/\/medicinasinc.com\/es\/wp-json\/wp\/v2\/product_brand?post=5816"},{"taxonomy":"product_cat","embeddable":true,"href":"https:\/\/medicinasinc.com\/es\/wp-json\/wp\/v2\/product_cat?post=5816"},{"taxonomy":"product_tag","embeddable":true,"href":"https:\/\/medicinasinc.com\/es\/wp-json\/wp\/v2\/product_tag?post=5816"}],"curies":[{"name":"wp","href":"https:\/\/api.w.org\/{rel}","templated":true}]}}