{"id":5810,"date":"2022-02-22T06:41:43","date_gmt":"2022-02-22T06:41:43","guid":{"rendered":"https:\/\/medicinasinc.com\/es\/?post_type=product&#038;p=5810"},"modified":"2022-03-22T00:12:10","modified_gmt":"2022-03-22T00:12:10","slug":"comprar-nembutal-tabletas","status":"publish","type":"product","link":"https:\/\/medicinasinc.com\/es\/product\/comprar-nembutal-tabletas\/","title":{"rendered":"Comprar tabletas Nembutal"},"content":{"rendered":"<p>Tabletas de Nembutal a la venta en l\u00ednea a los precios m\u00e1s bajos de nuestra farmacia en l\u00ednea acreditada<\/p>\n<p>La plataforma en l\u00ednea ha hecho que sea simple y sencillo para todos adquirir tabletas de Nembutal. Si tambi\u00e9n est\u00e1 interesado en comprar tabletas de Nembutal en l\u00ednea, con\u00e9ctese con Online Nembutal Pharmacy. Nuestra farmacia es un lugar comprometido, confiable y econ\u00f3mico para que usted cumpla con sus requisitos de Nembutal.<\/p>\n<p>Creemos en la importancia de los art\u00edculos de alta calidad y nos esforzamos por brindarlos a nuestros clientes. Completaremos de inmediato su solicitud para comprar tabletas de Nembutal en l\u00ednea al mejor precio. No te haremos esperar indefinidamente. Nuestra farmacia en l\u00ednea le enviar\u00e1 sus productos a la brevedad. Nuestro sistema de distribuci\u00f3n es discreto y seguro. No dejamos lugar al error. Todos los pedidos se completan de manera experta aqu\u00ed. \u00a1Compre de inmediato!<\/p>\n<p>Tabletas de Nembutal: inf\u00f3rmese sobre sus usos seguros con la ayuda de nuestro equipo profesional<\/p>\n<p>Las tabletas de Nembutal se prescriben ampliamente para el tratamiento del insomnio, la sedaci\u00f3n y los trastornos convulsivos. Durante un largo per\u00edodo de tiempo, hemos estado suministrando tabletas de Nembutal en todo el mundo. En ciertos casos, los cirujanos utilizan este medicamento para sedar a los pacientes antes de realizarles una cirug\u00eda. Realizamos pruebas peri\u00f3dicas en estas tabletas para asegurar su efectividad.<\/p>\n<p>Incluimos una gu\u00eda de medicaci\u00f3n con Nembutal Tablets. Esto ayuda a nuestros clientes a administrar el medicamento correctamente y comprender la dosis adecuada seg\u00fan su peso, edad y condici\u00f3n m\u00e9dica. Adem\u00e1s, creemos que las tabletas de Nembutal son el medicamento m\u00e1s f\u00e1cil y efectivo para las personas que tienen dificultad para dormir.<\/p>\n<p>Nuestros profesionales est\u00e1n las 24 horas del d\u00eda para ayudarlo a comprender todo lo relacionado con las tabletas de Nembutal. Nuestras tabletas de Nembutal tienen un precio razonable. Sin embargo, no necesita preocuparse por el costo de este producto. \u00a1Ordena tus requerimientos de inmediato!<\/p>\n","protected":false},"excerpt":{"rendered":"<p>\u00bfC\u00f3mo podemos ayudarlo a comprar Nembutal Tablets Phenobarbital para la venta en el Reino Unido, Europa en l\u00ednea? Online Nembutal Pharmacy est\u00e1 disponible para todas las personas en todo el mundo. Puede comunicarse con nosotros en cualquier momento y en cualquier lugar.<\/p>\n<p>En la Farmacia en l\u00ednea de Nembutal, puede comprar tabletas de Nembutal y recibirlas en su direcci\u00f3n especificada dentro de unos d\u00edas. Las tabletas de Nembutal deben agregarse a su carrito de compras en l\u00ednea para completar la transacci\u00f3n. Ve a la secci\u00f3n de pago y p\u00e1galo una vez que lo hayas a\u00f1adido. Podr\u00e1 realizar su pedido tan pronto como haya realizado su pago. Le enviaremos su pedido tan pronto como lo reciba nuestra farmacia en l\u00ednea. \u00a1Haz tu pedido en este momento!<\/p>\n","protected":false},"featured_media":5820,"comment_status":"open","ping_status":"closed","template":"","meta":[],"product_brand":[],"product_cat":[3818],"product_tag":[],"class_list":{"0":"post-5810","1":"product","2":"type-product","3":"status-publish","4":"has-post-thumbnail","6":"product_cat-pentobarbital-para-la-venta","8":"first","9":"instock","10":"shipping-taxable","11":"purchasable","12":"product-type-variable"},"yoast_head":"<!-- This site is optimized with the Yoast SEO plugin v27.2 - https:\/\/yoast.com\/product\/yoast-seo-wordpress\/ -->\n<title>Compre tabletas Nembutal - Best Global Meds<\/title>\n<meta name=\"description\" content=\"\u00bfC\u00f3mo podemos ayudarlo a comprar Nembutal Tablets Phenobarbital para la venta en el Reino Unido, Europa en l\u00ednea? Online Nembutal Pharmacy est\u00e1 disponible para todas las personas en todo el mundo. Puede comunicarse con nosotros en cualquier momento y en cualquier lugar.\" \/>\n<meta name=\"robots\" content=\"index, follow, max-snippet:-1, max-image-preview:large, max-video-preview:-1\" \/>\n<link rel=\"canonical\" href=\"https:\/\/medicinasinc.com\/es\/product\/comprar-nembutal-tabletas\/\" \/>\n<meta property=\"og:locale\" content=\"es_ES\" \/>\n<meta property=\"og:type\" content=\"article\" \/>\n<meta property=\"og:title\" content=\"Compre tabletas Nembutal - Best Global Meds\" \/>\n<meta property=\"og:description\" content=\"\u00bfC\u00f3mo podemos ayudarlo a comprar Nembutal Tablets Phenobarbital para la venta en el Reino Unido, Europa en l\u00ednea? Online Nembutal Pharmacy est\u00e1 disponible para todas las personas en todo el mundo. Puede comunicarse con nosotros en cualquier momento y en cualquier lugar.\" \/>\n<meta property=\"og:url\" content=\"https:\/\/medicinasinc.com\/es\/product\/comprar-nembutal-tabletas\/\" \/>\n<meta property=\"og:site_name\" content=\"Medicinas Inc\" \/>\n<meta property=\"article:modified_time\" content=\"2022-03-22T00:12:10+00:00\" \/>\n<meta property=\"og:image\" content=\"https:\/\/medicinasinc.com\/es\/wp-content\/uploads\/sites\/15\/2022\/02\/Buy-Nembutal-Tablets.jpg\" \/>\n\t<meta property=\"og:image:width\" content=\"600\" \/>\n\t<meta property=\"og:image:height\" content=\"600\" \/>\n\t<meta property=\"og:image:type\" content=\"image\/jpeg\" \/>\n<meta name=\"twitter:card\" content=\"summary_large_image\" \/>\n<meta name=\"twitter:label1\" content=\"Tiempo de lectura\" \/>\n\t<meta name=\"twitter:data1\" content=\"2 minutos\" \/>\n<script type=\"application\/ld+json\" class=\"yoast-schema-graph\">{\"@context\":\"https:\/\/schema.org\",\"@graph\":[{\"@type\":\"WebPage\",\"@id\":\"https:\/\/medicinasinc.com\/es\/product\/comprar-nembutal-tabletas\/\",\"url\":\"https:\/\/medicinasinc.com\/es\/product\/comprar-nembutal-tabletas\/\",\"name\":\"Compre tabletas Nembutal - Best Global Meds\",\"isPartOf\":{\"@id\":\"https:\/\/medicinasinc.com\/es\/#website\"},\"primaryImageOfPage\":{\"@id\":\"https:\/\/medicinasinc.com\/es\/product\/comprar-nembutal-tabletas\/#primaryimage\"},\"image\":{\"@id\":\"https:\/\/medicinasinc.com\/es\/product\/comprar-nembutal-tabletas\/#primaryimage\"},\"thumbnailUrl\":\"https:\/\/medicinasinc.com\/es\/wp-content\/uploads\/sites\/15\/2022\/02\/Buy-Nembutal-Tablets.jpg\",\"datePublished\":\"2022-02-22T06:41:43+00:00\",\"dateModified\":\"2022-03-22T00:12:10+00:00\",\"description\":\"\u00bfC\u00f3mo podemos ayudarlo a comprar Nembutal Tablets Phenobarbital para la venta en el Reino Unido, Europa en l\u00ednea? Online Nembutal Pharmacy est\u00e1 disponible para todas las personas en todo el mundo. Puede comunicarse con nosotros en cualquier momento y en cualquier lugar.\",\"breadcrumb\":{\"@id\":\"https:\/\/medicinasinc.com\/es\/product\/comprar-nembutal-tabletas\/#breadcrumb\"},\"inLanguage\":\"es\",\"potentialAction\":[{\"@type\":\"ReadAction\",\"target\":[\"https:\/\/medicinasinc.com\/es\/product\/comprar-nembutal-tabletas\/\"]}]},{\"@type\":\"ImageObject\",\"inLanguage\":\"es\",\"@id\":\"https:\/\/medicinasinc.com\/es\/product\/comprar-nembutal-tabletas\/#primaryimage\",\"url\":\"https:\/\/medicinasinc.com\/es\/wp-content\/uploads\/sites\/15\/2022\/02\/Buy-Nembutal-Tablets.jpg\",\"contentUrl\":\"https:\/\/medicinasinc.com\/es\/wp-content\/uploads\/sites\/15\/2022\/02\/Buy-Nembutal-Tablets.jpg\",\"width\":600,\"height\":600},{\"@type\":\"BreadcrumbList\",\"@id\":\"https:\/\/medicinasinc.com\/es\/product\/comprar-nembutal-tabletas\/#breadcrumb\",\"itemListElement\":[{\"@type\":\"ListItem\",\"position\":1,\"name\":\"Tienda\",\"item\":\"https:\/\/medicinasinc.com\/es\/tienda\/\"},{\"@type\":\"ListItem\",\"position\":2,\"name\":\"Comprar tabletas Nembutal\"}]},{\"@type\":\"WebSite\",\"@id\":\"https:\/\/medicinasinc.com\/es\/#website\",\"url\":\"https:\/\/medicinasinc.com\/es\/\",\"name\":\"Medicinas Inc\",\"description\":\"Cl\u00ednica M\u00e9dica de Salud\",\"potentialAction\":[{\"@type\":\"SearchAction\",\"target\":{\"@type\":\"EntryPoint\",\"urlTemplate\":\"https:\/\/medicinasinc.com\/es\/?s={search_term_string}\"},\"query-input\":{\"@type\":\"PropertyValueSpecification\",\"valueRequired\":true,\"valueName\":\"search_term_string\"}}],\"inLanguage\":\"es\"}]}<\/script>\n<!-- \/ Yoast SEO plugin. -->","yoast_head_json":{"title":"Compre tabletas Nembutal - Best Global Meds","description":"\u00bfC\u00f3mo podemos ayudarlo a comprar Nembutal Tablets Phenobarbital para la venta en el Reino Unido, Europa en l\u00ednea? Online Nembutal Pharmacy est\u00e1 disponible para todas las personas en todo el mundo. Puede comunicarse con nosotros en cualquier momento y en cualquier lugar.","robots":{"index":"index","follow":"follow","max-snippet":"max-snippet:-1","max-image-preview":"max-image-preview:large","max-video-preview":"max-video-preview:-1"},"canonical":"https:\/\/medicinasinc.com\/es\/product\/comprar-nembutal-tabletas\/","og_locale":"es_ES","og_type":"article","og_title":"Compre tabletas Nembutal - Best Global Meds","og_description":"\u00bfC\u00f3mo podemos ayudarlo a comprar Nembutal Tablets Phenobarbital para la venta en el Reino Unido, Europa en l\u00ednea? Online Nembutal Pharmacy est\u00e1 disponible para todas las personas en todo el mundo. Puede comunicarse con nosotros en cualquier momento y en cualquier lugar.","og_url":"https:\/\/medicinasinc.com\/es\/product\/comprar-nembutal-tabletas\/","og_site_name":"Medicinas Inc","article_modified_time":"2022-03-22T00:12:10+00:00","og_image":[{"width":600,"height":600,"url":"https:\/\/medicinasinc.com\/es\/wp-content\/uploads\/sites\/15\/2022\/02\/Buy-Nembutal-Tablets.jpg","type":"image\/jpeg"}],"twitter_card":"summary_large_image","twitter_misc":{"Tiempo de lectura":"2 minutos"},"schema":{"@context":"https:\/\/schema.org","@graph":[{"@type":"WebPage","@id":"https:\/\/medicinasinc.com\/es\/product\/comprar-nembutal-tabletas\/","url":"https:\/\/medicinasinc.com\/es\/product\/comprar-nembutal-tabletas\/","name":"Compre tabletas Nembutal - Best Global Meds","isPartOf":{"@id":"https:\/\/medicinasinc.com\/es\/#website"},"primaryImageOfPage":{"@id":"https:\/\/medicinasinc.com\/es\/product\/comprar-nembutal-tabletas\/#primaryimage"},"image":{"@id":"https:\/\/medicinasinc.com\/es\/product\/comprar-nembutal-tabletas\/#primaryimage"},"thumbnailUrl":"https:\/\/medicinasinc.com\/es\/wp-content\/uploads\/sites\/15\/2022\/02\/Buy-Nembutal-Tablets.jpg","datePublished":"2022-02-22T06:41:43+00:00","dateModified":"2022-03-22T00:12:10+00:00","description":"\u00bfC\u00f3mo podemos ayudarlo a comprar Nembutal Tablets Phenobarbital para la venta en el Reino Unido, Europa en l\u00ednea? Online Nembutal Pharmacy est\u00e1 disponible para todas las personas en todo el mundo. Puede comunicarse con nosotros en cualquier momento y en cualquier lugar.","breadcrumb":{"@id":"https:\/\/medicinasinc.com\/es\/product\/comprar-nembutal-tabletas\/#breadcrumb"},"inLanguage":"es","potentialAction":[{"@type":"ReadAction","target":["https:\/\/medicinasinc.com\/es\/product\/comprar-nembutal-tabletas\/"]}]},{"@type":"ImageObject","inLanguage":"es","@id":"https:\/\/medicinasinc.com\/es\/product\/comprar-nembutal-tabletas\/#primaryimage","url":"https:\/\/medicinasinc.com\/es\/wp-content\/uploads\/sites\/15\/2022\/02\/Buy-Nembutal-Tablets.jpg","contentUrl":"https:\/\/medicinasinc.com\/es\/wp-content\/uploads\/sites\/15\/2022\/02\/Buy-Nembutal-Tablets.jpg","width":600,"height":600},{"@type":"BreadcrumbList","@id":"https:\/\/medicinasinc.com\/es\/product\/comprar-nembutal-tabletas\/#breadcrumb","itemListElement":[{"@type":"ListItem","position":1,"name":"Tienda","item":"https:\/\/medicinasinc.com\/es\/tienda\/"},{"@type":"ListItem","position":2,"name":"Comprar tabletas Nembutal"}]},{"@type":"WebSite","@id":"https:\/\/medicinasinc.com\/es\/#website","url":"https:\/\/medicinasinc.com\/es\/","name":"Medicinas Inc","description":"Cl\u00ednica M\u00e9dica de Salud","potentialAction":[{"@type":"SearchAction","target":{"@type":"EntryPoint","urlTemplate":"https:\/\/medicinasinc.com\/es\/?s={search_term_string}"},"query-input":{"@type":"PropertyValueSpecification","valueRequired":true,"valueName":"search_term_string"}}],"inLanguage":"es"}]}},"_links":{"self":[{"href":"https:\/\/medicinasinc.com\/es\/wp-json\/wp\/v2\/product\/5810","targetHints":{"allow":["GET"]}}],"collection":[{"href":"https:\/\/medicinasinc.com\/es\/wp-json\/wp\/v2\/product"}],"about":[{"href":"https:\/\/medicinasinc.com\/es\/wp-json\/wp\/v2\/types\/product"}],"replies":[{"embeddable":true,"href":"https:\/\/medicinasinc.com\/es\/wp-json\/wp\/v2\/comments?post=5810"}],"wp:featuredmedia":[{"embeddable":true,"href":"https:\/\/medicinasinc.com\/es\/wp-json\/wp\/v2\/media\/5820"}],"wp:attachment":[{"href":"https:\/\/medicinasinc.com\/es\/wp-json\/wp\/v2\/media?parent=5810"}],"wp:term":[{"taxonomy":"product_brand","embeddable":true,"href":"https:\/\/medicinasinc.com\/es\/wp-json\/wp\/v2\/product_brand?post=5810"},{"taxonomy":"product_cat","embeddable":true,"href":"https:\/\/medicinasinc.com\/es\/wp-json\/wp\/v2\/product_cat?post=5810"},{"taxonomy":"product_tag","embeddable":true,"href":"https:\/\/medicinasinc.com\/es\/wp-json\/wp\/v2\/product_tag?post=5810"}],"curies":[{"name":"wp","href":"https:\/\/api.w.org\/{rel}","templated":true}]}}