{"id":5804,"date":"2022-02-22T06:35:00","date_gmt":"2022-02-22T06:35:00","guid":{"rendered":"https:\/\/medicinasinc.com\/es\/?post_type=product&#038;p=5804"},"modified":"2022-03-22T00:12:19","modified_gmt":"2022-03-22T00:12:19","slug":"comprar-pentobarbital-sodio-online","status":"publish","type":"product","link":"https:\/\/medicinasinc.com\/es\/product\/comprar-pentobarbital-sodio-online\/","title":{"rendered":"Comprar pentobarbital s\u00f3dico en l\u00ednea"},"content":{"rendered":"<p>Compre pentobarbital s\u00f3dico en l\u00ednea.<\/p>\n<p>Una inyecci\u00f3n intravenosa o intramuscular de soluci\u00f3n s\u00f3dica NEMBUTAL (inyecci\u00f3n de pentobarbital s\u00f3dico) es segura y f\u00e1cil usando esta soluci\u00f3n est\u00e9ril. Para inyecci\u00f3n, cada mililitro contiene 50 miligramos de pentobarbital s\u00f3dico disueltos en propilenglicol al 40 por ciento, etanol al 10 por ciento y agua. Con \u00e1cido clorh\u00eddrico o hidr\u00f3xido de sodio, el pH se puede llevar hasta 9,5. Se puede inyectar en el m\u00fasculo o la vena del paciente. Compra en l\u00ednea de pentobarbital de sodio para la eutanasia de animales, pentobarbital de sodio para la eutanasia de animales, grupo de pentobarbital de sodio, l\u00edquido de pentobarbital de sodio.<\/p>\n<p>En Best Global Meds, ahora puede comprar pentobarbital de sodio en l\u00ednea. Solicite la inyecci\u00f3n de pentobarbital s\u00f3dico en l\u00ednea y rec\u00edbala en su puerta en el plazo indicado. \u00a1P\u00f3ngase en contacto con nosotros de inmediato! Pentobarbital s\u00f3dico para la eutanasia animal, pentobarbital s\u00f3dico l\u00edquido<\/p>\n<p>Pentobarbital: \u00bfqu\u00e9 es y c\u00f3mo se usa?<\/p>\n<p>El uso a corto plazo de pentobarbital, un barbit\u00farico, se usa para tratar el insomnio. Para poner a los pacientes a dormir para la cirug\u00eda, el pentobarbital tambi\u00e9n se puede usar como terapia de emergencia. Compra en l\u00ednea de pentobarbital s\u00f3dico, pentobarbital s\u00f3dico para la eutanasia animal y pentobarbital s\u00f3dico<\/p>\n<p>El pentobarbital puede causar un paro respiratorio en dosis altas y provocar la muerte. Algunos estados y el gobierno federal de los Estados Unidos lo emplean para la ejecuci\u00f3n de criminales, as\u00ed como para la eutanasia de animales. Compre pentobarbital s\u00f3dico en l\u00ednea.<\/p>\n<p>Cuando se administra en cantidades letales, el pentobarbital es letal. La eutanasia animal y humana se puede realizar con este medicamento. En las inyecciones comerciales de eutanasia animal, se puede utilizar solo o junto con otros f\u00e1rmacos, como la fenito\u00edna.<\/p>\n<p>Eutanasia con pentobarbital<\/p>\n<p>Uno de los barbit\u00faricos m\u00e1s utilizados para la anestesia y la eutanasia. en el campo veterinario es el pentobarbital (Nembutal). Si buscas morir en paz, esta es una excelente opci\u00f3n para la eutanasia o el suicidio asistido. Compre pentobarbital s\u00f3dico en l\u00ednea.<\/p>\n<p>\u00bfDe qu\u00e9 manera se administra el pentobarbital s\u00f3dico?<br \/> El pentobarbital es un sedante que se puede administrar por v\u00eda intravenosa o intraperitoneal. El pentobarbital se puede administrar en bolo (Borkowski et al., 1990) o CRI cuando se usa como anest\u00e9sico general. La incomodidad de la inyecci\u00f3n y la tromboflebitis son posibles efectos secundarios del propilenglicol, un ingrediente frecuente en los tratamientos comerciales. Comprar pentobarbital s\u00f3dico online.<\/p>\n<p>&nbsp;<\/p>\n<p>Comprar pentobarbital s\u00f3dico en Reino Unido, obtener pentobarbital s\u00f3dico para perros, obtener pastillas para dormir que contengan pentobarbital s\u00f3dico, obtener pentobarbital s\u00f3dico nembutal y obtener pentobarbital s\u00f3dico sin receta son todas las opciones posibles. Comprar pentobarbital s\u00f3dico en el Reino Unido tambi\u00e9n es una opci\u00f3n. El uso de la droga pentobarbital, tambi\u00e9n conocida como sal de pentobarbital, es un sedante que se usa para tratar las convulsiones en perros. Pentobarbital s\u00f3dico en l\u00ednea, Comprar pentobarbital s\u00f3dico, Pentobarbital s\u00f3dico China, Muerte de pentobarbital s\u00f3dico, Dosis de pentobarbital s\u00f3dico, Inyecci\u00f3n de pentobarbital s\u00f3dico para perros, Inyecci\u00f3n de pentobarbital s\u00f3dico para humanos, Grupo de pentobarbital s\u00f3dico, Inyecci\u00f3n de pentobarbital s\u00f3dico para perros, Inyecci\u00f3n de pentobarbital s\u00f3dico para humanos, Pentobarb<\/p>\n","protected":false},"excerpt":{"rendered":"<p>Nembutal Pentobarbital a la venta en el Reino Unido, Europa en l\u00ednea a los mejores precios solo se puede encontrar en Online Nembutal Pharmacy.<\/p>\n<p>Para uso intravenoso o intramuscular, la inyecci\u00f3n de pentobarbital s\u00f3dico es est\u00e9ril. Para inyecci\u00f3n, cada mililitro contiene 50 miligramos de pentobarbital s\u00f3dico disueltos en propilenglicol al 40 por ciento, etanol al 10 por ciento y agua. Con \u00e1cido clorh\u00eddrico o hidr\u00f3xido de sodio, el pH se puede llevar hasta 9,5.<\/p>\n","protected":false},"featured_media":5814,"comment_status":"open","ping_status":"closed","template":"","meta":[],"product_brand":[],"product_cat":[3818],"product_tag":[],"class_list":{"0":"post-5804","1":"product","2":"type-product","3":"status-publish","4":"has-post-thumbnail","6":"product_cat-pentobarbital-para-la-venta","8":"first","9":"instock","10":"shipping-taxable","11":"purchasable","12":"product-type-variable"},"yoast_head":"<!-- This site is optimized with the Yoast SEO plugin v27.2 - https:\/\/yoast.com\/product\/yoast-seo-wordpress\/ -->\n<title>Comprar pentobarbital s\u00f3dico en l\u00ednea - Best Global Meds<\/title>\n<meta name=\"description\" content=\"Online Nembutal Pharmacy es el \u00fanico destino confiable desde donde puede comprar Nembutal Pentobarbital a la venta en el Reino Unido, Europa en l\u00ednea a los mejores precios disponibles.\" \/>\n<meta name=\"robots\" content=\"index, follow, max-snippet:-1, max-image-preview:large, max-video-preview:-1\" \/>\n<link rel=\"canonical\" href=\"https:\/\/medicinasinc.com\/es\/product\/comprar-pentobarbital-sodio-online\/\" \/>\n<meta property=\"og:locale\" content=\"es_ES\" \/>\n<meta property=\"og:type\" content=\"article\" \/>\n<meta property=\"og:title\" content=\"Comprar pentobarbital s\u00f3dico en l\u00ednea - Best Global Meds\" \/>\n<meta property=\"og:description\" content=\"Online Nembutal Pharmacy es el \u00fanico destino confiable desde donde puede comprar Nembutal Pentobarbital a la venta en el Reino Unido, Europa en l\u00ednea a los mejores precios disponibles.\" \/>\n<meta property=\"og:url\" content=\"https:\/\/medicinasinc.com\/es\/product\/comprar-pentobarbital-sodio-online\/\" \/>\n<meta property=\"og:site_name\" content=\"Medicinas Inc\" \/>\n<meta property=\"article:modified_time\" content=\"2022-03-22T00:12:19+00:00\" \/>\n<meta property=\"og:image\" content=\"https:\/\/medicinasinc.com\/es\/wp-content\/uploads\/sites\/15\/2022\/02\/buy-Nembutal-Pentobarbital.jpg\" \/>\n\t<meta property=\"og:image:width\" content=\"600\" \/>\n\t<meta property=\"og:image:height\" content=\"600\" \/>\n\t<meta property=\"og:image:type\" content=\"image\/jpeg\" \/>\n<meta name=\"twitter:card\" content=\"summary_large_image\" \/>\n<meta name=\"twitter:label1\" content=\"Tiempo de lectura\" \/>\n\t<meta name=\"twitter:data1\" content=\"3 minutos\" \/>\n<script type=\"application\/ld+json\" class=\"yoast-schema-graph\">{\"@context\":\"https:\/\/schema.org\",\"@graph\":[{\"@type\":\"WebPage\",\"@id\":\"https:\/\/medicinasinc.com\/es\/product\/comprar-pentobarbital-sodio-online\/\",\"url\":\"https:\/\/medicinasinc.com\/es\/product\/comprar-pentobarbital-sodio-online\/\",\"name\":\"Comprar pentobarbital s\u00f3dico en l\u00ednea - Best Global Meds\",\"isPartOf\":{\"@id\":\"https:\/\/medicinasinc.com\/es\/#website\"},\"primaryImageOfPage\":{\"@id\":\"https:\/\/medicinasinc.com\/es\/product\/comprar-pentobarbital-sodio-online\/#primaryimage\"},\"image\":{\"@id\":\"https:\/\/medicinasinc.com\/es\/product\/comprar-pentobarbital-sodio-online\/#primaryimage\"},\"thumbnailUrl\":\"https:\/\/medicinasinc.com\/es\/wp-content\/uploads\/sites\/15\/2022\/02\/buy-Nembutal-Pentobarbital.jpg\",\"datePublished\":\"2022-02-22T06:35:00+00:00\",\"dateModified\":\"2022-03-22T00:12:19+00:00\",\"description\":\"Online Nembutal Pharmacy es el \u00fanico destino confiable desde donde puede comprar Nembutal Pentobarbital a la venta en el Reino Unido, Europa en l\u00ednea a los mejores precios disponibles.\",\"breadcrumb\":{\"@id\":\"https:\/\/medicinasinc.com\/es\/product\/comprar-pentobarbital-sodio-online\/#breadcrumb\"},\"inLanguage\":\"es\",\"potentialAction\":[{\"@type\":\"ReadAction\",\"target\":[\"https:\/\/medicinasinc.com\/es\/product\/comprar-pentobarbital-sodio-online\/\"]}]},{\"@type\":\"ImageObject\",\"inLanguage\":\"es\",\"@id\":\"https:\/\/medicinasinc.com\/es\/product\/comprar-pentobarbital-sodio-online\/#primaryimage\",\"url\":\"https:\/\/medicinasinc.com\/es\/wp-content\/uploads\/sites\/15\/2022\/02\/buy-Nembutal-Pentobarbital.jpg\",\"contentUrl\":\"https:\/\/medicinasinc.com\/es\/wp-content\/uploads\/sites\/15\/2022\/02\/buy-Nembutal-Pentobarbital.jpg\",\"width\":600,\"height\":600,\"caption\":\"Buy Nembutal Online\"},{\"@type\":\"BreadcrumbList\",\"@id\":\"https:\/\/medicinasinc.com\/es\/product\/comprar-pentobarbital-sodio-online\/#breadcrumb\",\"itemListElement\":[{\"@type\":\"ListItem\",\"position\":1,\"name\":\"Tienda\",\"item\":\"https:\/\/medicinasinc.com\/es\/tienda\/\"},{\"@type\":\"ListItem\",\"position\":2,\"name\":\"Comprar pentobarbital s\u00f3dico en l\u00ednea\"}]},{\"@type\":\"WebSite\",\"@id\":\"https:\/\/medicinasinc.com\/es\/#website\",\"url\":\"https:\/\/medicinasinc.com\/es\/\",\"name\":\"Medicinas Inc\",\"description\":\"Cl\u00ednica M\u00e9dica de Salud\",\"potentialAction\":[{\"@type\":\"SearchAction\",\"target\":{\"@type\":\"EntryPoint\",\"urlTemplate\":\"https:\/\/medicinasinc.com\/es\/?s={search_term_string}\"},\"query-input\":{\"@type\":\"PropertyValueSpecification\",\"valueRequired\":true,\"valueName\":\"search_term_string\"}}],\"inLanguage\":\"es\"}]}<\/script>\n<!-- \/ Yoast SEO plugin. -->","yoast_head_json":{"title":"Comprar pentobarbital s\u00f3dico en l\u00ednea - Best Global Meds","description":"Online Nembutal Pharmacy es el \u00fanico destino confiable desde donde puede comprar Nembutal Pentobarbital a la venta en el Reino Unido, Europa en l\u00ednea a los mejores precios disponibles.","robots":{"index":"index","follow":"follow","max-snippet":"max-snippet:-1","max-image-preview":"max-image-preview:large","max-video-preview":"max-video-preview:-1"},"canonical":"https:\/\/medicinasinc.com\/es\/product\/comprar-pentobarbital-sodio-online\/","og_locale":"es_ES","og_type":"article","og_title":"Comprar pentobarbital s\u00f3dico en l\u00ednea - Best Global Meds","og_description":"Online Nembutal Pharmacy es el \u00fanico destino confiable desde donde puede comprar Nembutal Pentobarbital a la venta en el Reino Unido, Europa en l\u00ednea a los mejores precios disponibles.","og_url":"https:\/\/medicinasinc.com\/es\/product\/comprar-pentobarbital-sodio-online\/","og_site_name":"Medicinas Inc","article_modified_time":"2022-03-22T00:12:19+00:00","og_image":[{"width":600,"height":600,"url":"https:\/\/medicinasinc.com\/es\/wp-content\/uploads\/sites\/15\/2022\/02\/buy-Nembutal-Pentobarbital.jpg","type":"image\/jpeg"}],"twitter_card":"summary_large_image","twitter_misc":{"Tiempo de lectura":"3 minutos"},"schema":{"@context":"https:\/\/schema.org","@graph":[{"@type":"WebPage","@id":"https:\/\/medicinasinc.com\/es\/product\/comprar-pentobarbital-sodio-online\/","url":"https:\/\/medicinasinc.com\/es\/product\/comprar-pentobarbital-sodio-online\/","name":"Comprar pentobarbital s\u00f3dico en l\u00ednea - Best Global Meds","isPartOf":{"@id":"https:\/\/medicinasinc.com\/es\/#website"},"primaryImageOfPage":{"@id":"https:\/\/medicinasinc.com\/es\/product\/comprar-pentobarbital-sodio-online\/#primaryimage"},"image":{"@id":"https:\/\/medicinasinc.com\/es\/product\/comprar-pentobarbital-sodio-online\/#primaryimage"},"thumbnailUrl":"https:\/\/medicinasinc.com\/es\/wp-content\/uploads\/sites\/15\/2022\/02\/buy-Nembutal-Pentobarbital.jpg","datePublished":"2022-02-22T06:35:00+00:00","dateModified":"2022-03-22T00:12:19+00:00","description":"Online Nembutal Pharmacy es el \u00fanico destino confiable desde donde puede comprar Nembutal Pentobarbital a la venta en el Reino Unido, Europa en l\u00ednea a los mejores precios disponibles.","breadcrumb":{"@id":"https:\/\/medicinasinc.com\/es\/product\/comprar-pentobarbital-sodio-online\/#breadcrumb"},"inLanguage":"es","potentialAction":[{"@type":"ReadAction","target":["https:\/\/medicinasinc.com\/es\/product\/comprar-pentobarbital-sodio-online\/"]}]},{"@type":"ImageObject","inLanguage":"es","@id":"https:\/\/medicinasinc.com\/es\/product\/comprar-pentobarbital-sodio-online\/#primaryimage","url":"https:\/\/medicinasinc.com\/es\/wp-content\/uploads\/sites\/15\/2022\/02\/buy-Nembutal-Pentobarbital.jpg","contentUrl":"https:\/\/medicinasinc.com\/es\/wp-content\/uploads\/sites\/15\/2022\/02\/buy-Nembutal-Pentobarbital.jpg","width":600,"height":600,"caption":"Buy Nembutal Online"},{"@type":"BreadcrumbList","@id":"https:\/\/medicinasinc.com\/es\/product\/comprar-pentobarbital-sodio-online\/#breadcrumb","itemListElement":[{"@type":"ListItem","position":1,"name":"Tienda","item":"https:\/\/medicinasinc.com\/es\/tienda\/"},{"@type":"ListItem","position":2,"name":"Comprar pentobarbital s\u00f3dico en l\u00ednea"}]},{"@type":"WebSite","@id":"https:\/\/medicinasinc.com\/es\/#website","url":"https:\/\/medicinasinc.com\/es\/","name":"Medicinas Inc","description":"Cl\u00ednica M\u00e9dica de Salud","potentialAction":[{"@type":"SearchAction","target":{"@type":"EntryPoint","urlTemplate":"https:\/\/medicinasinc.com\/es\/?s={search_term_string}"},"query-input":{"@type":"PropertyValueSpecification","valueRequired":true,"valueName":"search_term_string"}}],"inLanguage":"es"}]}},"_links":{"self":[{"href":"https:\/\/medicinasinc.com\/es\/wp-json\/wp\/v2\/product\/5804","targetHints":{"allow":["GET"]}}],"collection":[{"href":"https:\/\/medicinasinc.com\/es\/wp-json\/wp\/v2\/product"}],"about":[{"href":"https:\/\/medicinasinc.com\/es\/wp-json\/wp\/v2\/types\/product"}],"replies":[{"embeddable":true,"href":"https:\/\/medicinasinc.com\/es\/wp-json\/wp\/v2\/comments?post=5804"}],"wp:featuredmedia":[{"embeddable":true,"href":"https:\/\/medicinasinc.com\/es\/wp-json\/wp\/v2\/media\/5814"}],"wp:attachment":[{"href":"https:\/\/medicinasinc.com\/es\/wp-json\/wp\/v2\/media?parent=5804"}],"wp:term":[{"taxonomy":"product_brand","embeddable":true,"href":"https:\/\/medicinasinc.com\/es\/wp-json\/wp\/v2\/product_brand?post=5804"},{"taxonomy":"product_cat","embeddable":true,"href":"https:\/\/medicinasinc.com\/es\/wp-json\/wp\/v2\/product_cat?post=5804"},{"taxonomy":"product_tag","embeddable":true,"href":"https:\/\/medicinasinc.com\/es\/wp-json\/wp\/v2\/product_tag?post=5804"}],"curies":[{"name":"wp","href":"https:\/\/api.w.org\/{rel}","templated":true}]}}