{"id":5798,"date":"2022-02-22T06:27:38","date_gmt":"2022-02-22T06:27:38","guid":{"rendered":"https:\/\/medicinasinc.com\/es\/?post_type=product&#038;p=5798"},"modified":"2022-03-22T00:12:30","modified_gmt":"2022-03-22T00:12:30","slug":"comprar-fenobarbital-fenobarbital-luminal","status":"publish","type":"product","link":"https:\/\/medicinasinc.com\/es\/product\/comprar-fenobarbital-fenobarbital-luminal\/","title":{"rendered":"Comprar Fenobarbital (Fenobarbital) \/ Luminal"},"content":{"rendered":"<p>Compre Phenobarbital Luminal Phenobarbital Luminal barato en l\u00ednea de una farmacia acreditada al mejor precio<\/p>\n<p>Usar una farmacia en l\u00ednea como Nembutal Pharmacy es una forma conveniente para que los consumidores obtengan sus recetas y medicamentos. Phenobarbital Luminal en l\u00ednea se puede comprar desde nuestro sitio web en cualquier momento, as\u00ed que no se lo pierda. Aqu\u00ed, puede comprar este medicamento a un precio razonable.<\/p>\n<p>Con nuestra farmacia en l\u00ednea, puede estar seguro de que siempre obtendr\u00e1 medicamentos de alta calidad. Los clientes pueden esperar que sus recetas lleguen a tiempo a esta farmacia. No toleramos ning\u00fan tipo de lentitud en nuestro trabajo y completamos cada tarea r\u00e1pidamente. \u00a1Con\u00e9ctese con nosotros de inmediato para ordenar Fenobarbital Luminal en l\u00ednea al mejor precio y rec\u00edbalo r\u00e1pidamente si est\u00e1 buscando una farmacia en l\u00ednea como la nuestra!<\/p>\n<p>Luminal Fenobarbital: \u00bfQu\u00e9 podemos hacer para asegurarnos de que lo use? \u00bfSeguro?<\/p>\n<p>Fenobarbital Luminal es un medicamento bien establecido para el tratamiento de ataques epil\u00e9pticos. Tambi\u00e9n puede tomar este medicamento para tratar la ansiedad, el insomnio y otras afecciones. Antes de tomar este medicamento, debe consultar con su m\u00e9dico. Fenobarbital Luminal debe iniciarse solo despu\u00e9s de una discusi\u00f3n exhaustiva con su m\u00e9dico.<\/p>\n<p>Con cada pedido, nuestra farmacia en l\u00ednea proporciona una gu\u00eda detallada de medicamentos. Debido a esto, puede seguir con seguridad las instrucciones del medicamento y utilizarlo. Estamos aqu\u00ed para que sea lo m\u00e1s simple posible para que ordene Fenobarbital Luminal en l\u00ednea. Aproveche los beneficios de este medicamento comunic\u00e1ndose con nosotros de inmediato. Estamos aqu\u00ed para ayudarte en todo momento.<\/p>\n","protected":false},"excerpt":{"rendered":"<p>\u00bfQu\u00e9 farmacia en l\u00ednea ofrece fenobarbital Luminal m\u00e1s barato?<\/p>\n<p>Nuestra farmacia en l\u00ednea actualmente vende p\u00edldoras de fenobarbital Luminal. Los pedidos de fenobarbital Luminal para la venta se procesan lo m\u00e1s r\u00e1pido posible. Simplemente comun\u00edquese con nosotros hoy y le enviaremos su medicamento lo antes posible. \u00a1Ahora es el momento de conectarse!<\/p>\n","protected":false},"featured_media":5808,"comment_status":"open","ping_status":"closed","template":"","meta":[],"product_brand":[],"product_cat":[3818],"product_tag":[3956,3960,3962,3955,3966,3967,3963,3958,3964,3969,3959,3961,3968,3970,3971,3965,3957],"class_list":{"0":"post-5798","1":"product","2":"type-product","3":"status-publish","4":"has-post-thumbnail","6":"product_cat-pentobarbital-para-la-venta","7":"product_tag-costo-de-fenobarbital-para-perros","8":"product_tag-dosis-de-fenobarbital","9":"product_tag-dosis-de-fenobarbital-para-perros","10":"product_tag-efecto-secundario-de-los-barbitricos","11":"product_tag-fenobarbital-efectos-secundarios","12":"product_tag-fenobarbital-efectos-secundarios-perros","13":"product_tag-fenobarbital-para-perros-efectos-secundarios","14":"product_tag-marca-fenobarbital","15":"product_tag-nivel-de-fenobarbital","16":"product_tag-para-que-sirve-el-fenobarbo","17":"product_tag-phenobarbital-controlled-substance","18":"product_tag-phenobarbital-doses","19":"product_tag-phenobarbitone-level","20":"product_tag-que-es-fenobarbital","21":"product_tag-qu-es-po-en-trminos-mdicos","22":"product_tag-sobredosis-de-fenobarbital","23":"product_tag-sobredosis-de-fenobarbo","25":"first","26":"instock","27":"shipping-taxable","28":"purchasable","29":"product-type-variable"},"yoast_head":"<!-- This site is optimized with the Yoast SEO plugin v27.2 - https:\/\/yoast.com\/product\/yoast-seo-wordpress\/ -->\n<title>Comprar fenobarbital (fenobarbital) \/ Luminal - Best Global Meds<\/title>\n<meta name=\"description\" content=\"Ya puedes realizar la compra de tabletas de Fenobarbital Luminal en Farmacia Online Nembutal. Su pedido a Phenobarbital Luminal para la venta se completar\u00e1 en el menor tiempo posible. Todo lo que necesita hacer es llamarnos, enviarnos un mensaje de texto o enviarnos un correo electr\u00f3nico hoy y recibir sus medicamentos pronto. \u00a1Conecte ahora!\" \/>\n<meta name=\"robots\" content=\"index, follow, max-snippet:-1, max-image-preview:large, max-video-preview:-1\" \/>\n<link rel=\"canonical\" href=\"https:\/\/medicinasinc.com\/es\/product\/comprar-fenobarbital-fenobarbital-luminal\/\" \/>\n<meta property=\"og:locale\" content=\"es_ES\" \/>\n<meta property=\"og:type\" content=\"article\" \/>\n<meta property=\"og:title\" content=\"Comprar fenobarbital (fenobarbital) \/ Luminal - Best Global Meds\" \/>\n<meta property=\"og:description\" content=\"Ya puedes realizar la compra de tabletas de Fenobarbital Luminal en Farmacia Online Nembutal. Su pedido a Phenobarbital Luminal para la venta se completar\u00e1 en el menor tiempo posible. Todo lo que necesita hacer es llamarnos, enviarnos un mensaje de texto o enviarnos un correo electr\u00f3nico hoy y recibir sus medicamentos pronto. \u00a1Conecte ahora!\" \/>\n<meta property=\"og:url\" content=\"https:\/\/medicinasinc.com\/es\/product\/comprar-fenobarbital-fenobarbital-luminal\/\" \/>\n<meta property=\"og:site_name\" content=\"Medicinas Inc\" \/>\n<meta property=\"article:modified_time\" content=\"2022-03-22T00:12:30+00:00\" \/>\n<meta property=\"og:image\" content=\"https:\/\/medicinasinc.com\/es\/wp-content\/uploads\/sites\/15\/2022\/02\/Buy-Phenobarbital-Tablets.jpg\" \/>\n\t<meta property=\"og:image:width\" content=\"600\" \/>\n\t<meta property=\"og:image:height\" content=\"600\" \/>\n\t<meta property=\"og:image:type\" content=\"image\/jpeg\" \/>\n<meta name=\"twitter:card\" content=\"summary_large_image\" \/>\n<meta name=\"twitter:label1\" content=\"Tiempo de lectura\" \/>\n\t<meta name=\"twitter:data1\" content=\"2 minutos\" \/>\n<script type=\"application\/ld+json\" class=\"yoast-schema-graph\">{\"@context\":\"https:\/\/schema.org\",\"@graph\":[{\"@type\":\"WebPage\",\"@id\":\"https:\/\/medicinasinc.com\/es\/product\/comprar-fenobarbital-fenobarbital-luminal\/\",\"url\":\"https:\/\/medicinasinc.com\/es\/product\/comprar-fenobarbital-fenobarbital-luminal\/\",\"name\":\"Comprar fenobarbital (fenobarbital) \/ Luminal - Best Global Meds\",\"isPartOf\":{\"@id\":\"https:\/\/medicinasinc.com\/es\/#website\"},\"primaryImageOfPage\":{\"@id\":\"https:\/\/medicinasinc.com\/es\/product\/comprar-fenobarbital-fenobarbital-luminal\/#primaryimage\"},\"image\":{\"@id\":\"https:\/\/medicinasinc.com\/es\/product\/comprar-fenobarbital-fenobarbital-luminal\/#primaryimage\"},\"thumbnailUrl\":\"https:\/\/medicinasinc.com\/es\/wp-content\/uploads\/sites\/15\/2022\/02\/Buy-Phenobarbital-Tablets.jpg\",\"datePublished\":\"2022-02-22T06:27:38+00:00\",\"dateModified\":\"2022-03-22T00:12:30+00:00\",\"description\":\"Ya puedes realizar la compra de tabletas de Fenobarbital Luminal en Farmacia Online Nembutal. Su pedido a Phenobarbital Luminal para la venta se completar\u00e1 en el menor tiempo posible. Todo lo que necesita hacer es llamarnos, enviarnos un mensaje de texto o enviarnos un correo electr\u00f3nico hoy y recibir sus medicamentos pronto. \u00a1Conecte ahora!\",\"breadcrumb\":{\"@id\":\"https:\/\/medicinasinc.com\/es\/product\/comprar-fenobarbital-fenobarbital-luminal\/#breadcrumb\"},\"inLanguage\":\"es\",\"potentialAction\":[{\"@type\":\"ReadAction\",\"target\":[\"https:\/\/medicinasinc.com\/es\/product\/comprar-fenobarbital-fenobarbital-luminal\/\"]}]},{\"@type\":\"ImageObject\",\"inLanguage\":\"es\",\"@id\":\"https:\/\/medicinasinc.com\/es\/product\/comprar-fenobarbital-fenobarbital-luminal\/#primaryimage\",\"url\":\"https:\/\/medicinasinc.com\/es\/wp-content\/uploads\/sites\/15\/2022\/02\/Buy-Phenobarbital-Tablets.jpg\",\"contentUrl\":\"https:\/\/medicinasinc.com\/es\/wp-content\/uploads\/sites\/15\/2022\/02\/Buy-Phenobarbital-Tablets.jpg\",\"width\":600,\"height\":600},{\"@type\":\"BreadcrumbList\",\"@id\":\"https:\/\/medicinasinc.com\/es\/product\/comprar-fenobarbital-fenobarbital-luminal\/#breadcrumb\",\"itemListElement\":[{\"@type\":\"ListItem\",\"position\":1,\"name\":\"Tienda\",\"item\":\"https:\/\/medicinasinc.com\/es\/tienda\/\"},{\"@type\":\"ListItem\",\"position\":2,\"name\":\"Comprar Fenobarbital (Fenobarbital) \/ Luminal\"}]},{\"@type\":\"WebSite\",\"@id\":\"https:\/\/medicinasinc.com\/es\/#website\",\"url\":\"https:\/\/medicinasinc.com\/es\/\",\"name\":\"Medicinas Inc\",\"description\":\"Cl\u00ednica M\u00e9dica de Salud\",\"potentialAction\":[{\"@type\":\"SearchAction\",\"target\":{\"@type\":\"EntryPoint\",\"urlTemplate\":\"https:\/\/medicinasinc.com\/es\/?s={search_term_string}\"},\"query-input\":{\"@type\":\"PropertyValueSpecification\",\"valueRequired\":true,\"valueName\":\"search_term_string\"}}],\"inLanguage\":\"es\"}]}<\/script>\n<!-- \/ Yoast SEO plugin. -->","yoast_head_json":{"title":"Comprar fenobarbital (fenobarbital) \/ Luminal - Best Global Meds","description":"Ya puedes realizar la compra de tabletas de Fenobarbital Luminal en Farmacia Online Nembutal. Su pedido a Phenobarbital Luminal para la venta se completar\u00e1 en el menor tiempo posible. Todo lo que necesita hacer es llamarnos, enviarnos un mensaje de texto o enviarnos un correo electr\u00f3nico hoy y recibir sus medicamentos pronto. \u00a1Conecte ahora!","robots":{"index":"index","follow":"follow","max-snippet":"max-snippet:-1","max-image-preview":"max-image-preview:large","max-video-preview":"max-video-preview:-1"},"canonical":"https:\/\/medicinasinc.com\/es\/product\/comprar-fenobarbital-fenobarbital-luminal\/","og_locale":"es_ES","og_type":"article","og_title":"Comprar fenobarbital (fenobarbital) \/ Luminal - Best Global Meds","og_description":"Ya puedes realizar la compra de tabletas de Fenobarbital Luminal en Farmacia Online Nembutal. Su pedido a Phenobarbital Luminal para la venta se completar\u00e1 en el menor tiempo posible. Todo lo que necesita hacer es llamarnos, enviarnos un mensaje de texto o enviarnos un correo electr\u00f3nico hoy y recibir sus medicamentos pronto. \u00a1Conecte ahora!","og_url":"https:\/\/medicinasinc.com\/es\/product\/comprar-fenobarbital-fenobarbital-luminal\/","og_site_name":"Medicinas Inc","article_modified_time":"2022-03-22T00:12:30+00:00","og_image":[{"width":600,"height":600,"url":"https:\/\/medicinasinc.com\/es\/wp-content\/uploads\/sites\/15\/2022\/02\/Buy-Phenobarbital-Tablets.jpg","type":"image\/jpeg"}],"twitter_card":"summary_large_image","twitter_misc":{"Tiempo de lectura":"2 minutos"},"schema":{"@context":"https:\/\/schema.org","@graph":[{"@type":"WebPage","@id":"https:\/\/medicinasinc.com\/es\/product\/comprar-fenobarbital-fenobarbital-luminal\/","url":"https:\/\/medicinasinc.com\/es\/product\/comprar-fenobarbital-fenobarbital-luminal\/","name":"Comprar fenobarbital (fenobarbital) \/ Luminal - Best Global Meds","isPartOf":{"@id":"https:\/\/medicinasinc.com\/es\/#website"},"primaryImageOfPage":{"@id":"https:\/\/medicinasinc.com\/es\/product\/comprar-fenobarbital-fenobarbital-luminal\/#primaryimage"},"image":{"@id":"https:\/\/medicinasinc.com\/es\/product\/comprar-fenobarbital-fenobarbital-luminal\/#primaryimage"},"thumbnailUrl":"https:\/\/medicinasinc.com\/es\/wp-content\/uploads\/sites\/15\/2022\/02\/Buy-Phenobarbital-Tablets.jpg","datePublished":"2022-02-22T06:27:38+00:00","dateModified":"2022-03-22T00:12:30+00:00","description":"Ya puedes realizar la compra de tabletas de Fenobarbital Luminal en Farmacia Online Nembutal. Su pedido a Phenobarbital Luminal para la venta se completar\u00e1 en el menor tiempo posible. Todo lo que necesita hacer es llamarnos, enviarnos un mensaje de texto o enviarnos un correo electr\u00f3nico hoy y recibir sus medicamentos pronto. \u00a1Conecte ahora!","breadcrumb":{"@id":"https:\/\/medicinasinc.com\/es\/product\/comprar-fenobarbital-fenobarbital-luminal\/#breadcrumb"},"inLanguage":"es","potentialAction":[{"@type":"ReadAction","target":["https:\/\/medicinasinc.com\/es\/product\/comprar-fenobarbital-fenobarbital-luminal\/"]}]},{"@type":"ImageObject","inLanguage":"es","@id":"https:\/\/medicinasinc.com\/es\/product\/comprar-fenobarbital-fenobarbital-luminal\/#primaryimage","url":"https:\/\/medicinasinc.com\/es\/wp-content\/uploads\/sites\/15\/2022\/02\/Buy-Phenobarbital-Tablets.jpg","contentUrl":"https:\/\/medicinasinc.com\/es\/wp-content\/uploads\/sites\/15\/2022\/02\/Buy-Phenobarbital-Tablets.jpg","width":600,"height":600},{"@type":"BreadcrumbList","@id":"https:\/\/medicinasinc.com\/es\/product\/comprar-fenobarbital-fenobarbital-luminal\/#breadcrumb","itemListElement":[{"@type":"ListItem","position":1,"name":"Tienda","item":"https:\/\/medicinasinc.com\/es\/tienda\/"},{"@type":"ListItem","position":2,"name":"Comprar Fenobarbital (Fenobarbital) \/ Luminal"}]},{"@type":"WebSite","@id":"https:\/\/medicinasinc.com\/es\/#website","url":"https:\/\/medicinasinc.com\/es\/","name":"Medicinas Inc","description":"Cl\u00ednica M\u00e9dica de Salud","potentialAction":[{"@type":"SearchAction","target":{"@type":"EntryPoint","urlTemplate":"https:\/\/medicinasinc.com\/es\/?s={search_term_string}"},"query-input":{"@type":"PropertyValueSpecification","valueRequired":true,"valueName":"search_term_string"}}],"inLanguage":"es"}]}},"_links":{"self":[{"href":"https:\/\/medicinasinc.com\/es\/wp-json\/wp\/v2\/product\/5798","targetHints":{"allow":["GET"]}}],"collection":[{"href":"https:\/\/medicinasinc.com\/es\/wp-json\/wp\/v2\/product"}],"about":[{"href":"https:\/\/medicinasinc.com\/es\/wp-json\/wp\/v2\/types\/product"}],"replies":[{"embeddable":true,"href":"https:\/\/medicinasinc.com\/es\/wp-json\/wp\/v2\/comments?post=5798"}],"wp:featuredmedia":[{"embeddable":true,"href":"https:\/\/medicinasinc.com\/es\/wp-json\/wp\/v2\/media\/5808"}],"wp:attachment":[{"href":"https:\/\/medicinasinc.com\/es\/wp-json\/wp\/v2\/media?parent=5798"}],"wp:term":[{"taxonomy":"product_brand","embeddable":true,"href":"https:\/\/medicinasinc.com\/es\/wp-json\/wp\/v2\/product_brand?post=5798"},{"taxonomy":"product_cat","embeddable":true,"href":"https:\/\/medicinasinc.com\/es\/wp-json\/wp\/v2\/product_cat?post=5798"},{"taxonomy":"product_tag","embeddable":true,"href":"https:\/\/medicinasinc.com\/es\/wp-json\/wp\/v2\/product_tag?post=5798"}],"curies":[{"name":"wp","href":"https:\/\/api.w.org\/{rel}","templated":true}]}}