{"id":5792,"date":"2022-02-22T06:20:38","date_gmt":"2022-02-22T06:20:38","guid":{"rendered":"https:\/\/medicinasinc.com\/es\/?post_type=product&#038;p=5792"},"modified":"2022-03-22T00:12:41","modified_gmt":"2022-03-22T00:12:41","slug":"comprar-seconal-sodio","status":"publish","type":"product","link":"https:\/\/medicinasinc.com\/es\/product\/comprar-seconal-sodio\/","title":{"rendered":"Comprar sodio Seconal"},"content":{"rendered":"<p>Ordene Seconal Sodium en l\u00ednea de la mejor farmacia. \u2013<\/p>\n<p>Ahora es posible comprar Nembutal en l\u00ednea con Seconal Sodium al costo m\u00e1s bajo. En nuestra farmacia en l\u00ednea, puede pedir Seconal Sodium y recibirlo en la puerta de su casa en cuesti\u00f3n de d\u00edas. Para recibir una entrega r\u00e1pida de su Seconal Sodium, simplemente haga un pedido con nosotros y uno de los miembros de nuestro equipo lo preparar\u00e1 y empacar\u00e1 para usted. Dado que hemos estado en este negocio durante tanto tiempo, hemos construido una s\u00f3lida reputaci\u00f3n como una farmacia confiable. En t\u00e9rminos de adquirir los medicamentos de mejor calidad, puede confiar en que los entregaremos a tiempo.<\/p>\n<p>\u00bfCu\u00e1les son los beneficios de Seconal Sodium? \u00bfPor qu\u00e9 deber\u00eda comprarlo con nosotros?<\/p>\n<p>Antes de la operaci\u00f3n, Seconal Sodium se usa para ayudarlo a relajarse. Pertenece a la clase de medicamentos conocidos como hipn\u00f3ticos barbit\u00faricos, que incluyen Seconal. Te calma al influir en secciones espec\u00edficas de tu cerebro. Las personas mayores deben analizar los beneficios y los riesgos de este medicamento, as\u00ed como los de medicamentos m\u00e1s potentes pero posiblemente m\u00e1s seguros, con su m\u00e9dico o especialista en medicamentos. Antes de comenzar a tomar Seconal S\u00f3dico y cada vez que renueve su receta, lea la Gu\u00eda del medicamento proporcionada por nuestra farmacia en l\u00ednea. Consulte a su m\u00e9dico o a un especialista en medicamentos si tiene alguna pregunta. Antes de la cirug\u00eda, siga las instrucciones de su m\u00e9dico y tome esta receta por v\u00eda oral con un vaso de agua con el est\u00f3mago vac\u00edo.<\/p>\n<p>Una dolencia para la que se usa Seconal S\u00f3dico exclusivamente es la que se detalla a continuaci\u00f3n:<\/p>\n<p>inyecciones anest\u00e9sicas adicionales<br \/> agente inductor de anestesia adicional<\/p>\n<p>Nuestra farmacia en l\u00ednea de Nembutal vende y entrega Seconal Sodium Secobarbital a su ubicaci\u00f3n deseada tan pronto como sea posible. La mejor manera en que podemos servirle es permiti\u00e9ndonos hacerlo. Es seguro confiar en nuestra farmacia Nembutal en l\u00ednea. Estamos constantemente aqu\u00ed para ayudar a nuestros importantes clientes a alcanzar sus objetivos y cumplir con sus criterios. \u00a1Por favor, p\u00f3ngase en contacto con nosotros lo antes posible!<\/p>\n","protected":false},"excerpt":{"rendered":"<p>P\u00f3ngase en contacto con una farmacia de nembutal en l\u00ednea para obtener ayuda<\/p>\n<p>Compre Seconal Sodium a la venta en el Reino Unido, Europa y el resto del mundo al mejor precio posible haciendo un pedido en l\u00ednea. Nuestra farmacia en l\u00ednea Seconal Sodium ofrece una amplia variedad de vitaminas y productos farmac\u00e9uticos de alta calidad. Para realizar un pedido, vaya al sitio web.<\/p>\n<p>Cualquier persona en el mundo puede comprar Nembutal en l\u00ednea en una farmacia en l\u00ednea. En cualquier momento, desde cualquier lugar, ponte en contacto con nosotros. Cualquier pregunta o inquietud que tengan nuestros clientes ser\u00e1 atendida de inmediato por uno de nuestros representantes de servicio al cliente. Comenzamos a empaquetar su producto tan pronto como recibamos los datos de su pedido. Nos aseguramos de que todos nuestros clientes&#8217; los medicamentos lleguen en envases seguros y adecuados, y que ninguno de ellos haya sido manipulado. La calidad de sus medicamentos o el estado de su entrega nunca son una preocupaci\u00f3n cuando trabaja con nosotros. Estamos aqu\u00ed para asumir toda la responsabilidad de todo. Desde aqu\u00ed, solo puede esperar lo mejor para su bienestar. Puede ponerse en contacto con nosotros por tel\u00e9fono, correo electr\u00f3nico o mensaje de texto. Compre Seconal Sodium Secobarbital 100 mg de Online Nembutal Pharmacy hoy y rec\u00edbalo en un corto per\u00edodo de tiempo.<\/p>\n","protected":false},"featured_media":5802,"comment_status":"open","ping_status":"closed","template":"","meta":[],"product_brand":[],"product_cat":[59,3818],"product_tag":[3919,3916,3918,3922,3834,3878,3820,3824,3835,3840,3841,3948,3842,3822,3823,3952,3821,3904,3826,3830,3829,3827,3828,3901,3907,3954,3923,3925,3926,3927,3920,3882,3869,3910,3885,3887,3886,3844,3843,3949,3819,3845,3866,3950,3894,3874,3875,3909,3908,3876,3906,3880,3890,3891,3892,3884,3883,3893,3879,3902,3881,3889,3898,3899,3900,3951,3895,3897,3896,3831,3913,3953,3888,3903,3911,3921],"class_list":{"0":"post-5792","1":"product","2":"type-product","3":"status-publish","4":"has-post-thumbnail","6":"product_cat-sin-categorizar","7":"product_cat-pentobarbital-para-la-venta","8":"product_tag-donde-puedo-comprar-pentobarbital-sodio-pastillas-para-dormir","9":"product_tag-donde-puedo-comprar-nembutal-pentobarbital-sdico","10":"product_tag-donde-puedo-comprar-pentobarbital-sodio","11":"product_tag-donde-se-puede-comprar-pentobarbital-sodio","12":"product_tag-se-puede-comprar-pentobarbital-sodio-sin-recetario","13":"product_tag-pentobarbital-sodio-anestesia","14":"product_tag-buy-cheap-nembutal-liquid-online","15":"product_tag-buy-nembutal-pentobarbital-sodium","16":"product_tag-can-you-buy-sodium-pentobarbital","17":"product_tag-como-adquirir-nembutal","18":"product_tag-cmo-comprar-nembutal-online","19":"product_tag-cmo-comprar-nembutal-lquido-online","20":"product_tag-cmo-pedir-nembutal-por-correo","21":"product_tag-comprar-nembutal-aqui","22":"product_tag-comprar-nembutal-liquido-online","23":"product_tag-compra-nembutal-liquido-online","24":"product_tag-comprar-nembutal-barato-online","25":"product_tag-compra-nembutal-online","26":"product_tag-comprar-nembutal-sodio-online","27":"product_tag-comprar-pentobarbital-sodio-es","28":"product_tag-comprar-pentobarbital-sodio-pentobarbital-sodio-sal","29":"product_tag-comprar-pentobarbital-sodio","30":"product_tag-comprar-pentobarbital-sodio-2021","31":"product_tag-pentobarbital-sodio-tabletas","32":"product_tag-sodio-pentobarbital-costo","33":"product_tag-donde-comprar-nembutal-liquido-online","34":"product_tag-donde-comprar-nembutal-barato-en-linea","35":"product_tag-donde-comprar-pentobarbital-sodio","36":"product_tag-donde-comprar-pentobarbital-sodio-para-perros","37":"product_tag-donde-conseguir-pentobarbital-sodio","38":"product_tag-donde-puedo-comprar-pentobarbital-sodico","39":"product_tag-dosificacin-de-pentobarbital-sdico","40":"product_tag-nembutal-suicida-dosis","41":"product_tag-fabricantes-de-pentobarbital-sdico","42":"product_tag-pentobarbital-sodium-group","43":"product_tag-inyeccin-de-pentobarbital-sdico-para-humanos","44":"product_tag-pentobarbital-sodio-inyeccion-para-perros","45":"product_tag-inyeccion-letal-comprar-online","46":"product_tag-it-is-easy-to-buy-nembutal-online","47":"product_tag-nembutal-lquido-para-la-venta","48":"product_tag-mejor-medicamento-para-sobredosis-de-suicidio","49":"product_tag-nembutal","50":"product_tag-nembutal-pills-online","51":"product_tag-ordenar-nembutal-liquido-online","52":"product_tag-pentobarbital-sodio-pastillas","53":"product_tag-pentobarbital","54":"product_tag-pentobarbital-de-sodio-dosis-letal","55":"product_tag-pentobarbital-sdico-para-la-eutanasia","56":"product_tag-pentobarbital-sdico-para-eutanasia-animal","57":"product_tag-pentobarbital-para-la-eutanasia","58":"product_tag-sodio-pentobarbital-nembutal","59":"product_tag-pentobarbital-sodio-china","60":"product_tag-pentobarbital-sodio-liquido","61":"product_tag-pentobarbital-sodium-nz","62":"product_tag-pentobarbital-sodio-oral","63":"product_tag-pentobarbital-sodio-para-humanos","64":"product_tag-pentobarbital-sodio-para-perros","65":"product_tag-pentobarbital-sodio-over-the-counter","66":"product_tag-pentobarbital-sodio-comprar","67":"product_tag-pentobarbital-sodio-donde-comprar","68":"product_tag-pentobarbital-sodio-muerte","69":"product_tag-pentobarbital-sodium-injection-usp","70":"product_tag-pentobarbital-sodium-salt","71":"product_tag-pentobarbital-sodium-sleeping-pills","72":"product_tag-pentobarbital-sodium-sleeping-pills-over-the-counter","73":"product_tag-phenobarbital-sodium-intravenous","74":"product_tag-pentobarbital-sodio-polvo","75":"product_tag-pentobarbital-sodio-precio","76":"product_tag-recetan-de-pentobarbital-sdico","77":"product_tag-puedo-comprar-pentobarbital","78":"product_tag-quiero-comprar-nembutal","79":"product_tag-sodio","80":"product_tag-solucin-inyectable-de-pentobarbital-sdico","81":"product_tag-uso-de-pentobarbital","82":"product_tag-sodio-pentobarbital-vida-til","83":"product_tag-where-can-i-purchase-nembutal","85":"first","86":"instock","87":"shipping-taxable","88":"purchasable","89":"product-type-variable"},"yoast_head":"<!-- This site is optimized with the Yoast SEO plugin v27.2 - https:\/\/yoast.com\/product\/yoast-seo-wordpress\/ -->\n<title>Compre Seconal Sodium - Best Best Global Meds<\/title>\n<meta name=\"description\" content=\"Compre Seconal Sodium a la venta en el Reino Unido, Europa 100 mg en l\u00ednea al mejor precio. Gran selecci\u00f3n de suplementos y medicamentos de alta calidad en nuestra farmacia Seconal Sodium en l\u00ednea. Comprar online.\" \/>\n<meta name=\"robots\" content=\"index, follow, max-snippet:-1, max-image-preview:large, max-video-preview:-1\" \/>\n<link rel=\"canonical\" href=\"https:\/\/medicinasinc.com\/es\/product\/comprar-seconal-sodio\/\" \/>\n<meta property=\"og:locale\" content=\"es_ES\" \/>\n<meta property=\"og:type\" content=\"article\" \/>\n<meta property=\"og:title\" content=\"Compre Seconal Sodium - Best Best Global Meds\" \/>\n<meta property=\"og:description\" content=\"Compre Seconal Sodium a la venta en el Reino Unido, Europa 100 mg en l\u00ednea al mejor precio. Gran selecci\u00f3n de suplementos y medicamentos de alta calidad en nuestra farmacia Seconal Sodium en l\u00ednea. Comprar online.\" \/>\n<meta property=\"og:url\" content=\"https:\/\/medicinasinc.com\/es\/product\/comprar-seconal-sodio\/\" \/>\n<meta property=\"og:site_name\" content=\"Medicinas Inc\" \/>\n<meta property=\"article:modified_time\" content=\"2022-03-22T00:12:41+00:00\" \/>\n<meta property=\"og:image\" content=\"https:\/\/medicinasinc.com\/es\/wp-content\/uploads\/sites\/15\/2022\/02\/Buy-Seconal-Sodium.jpg\" \/>\n\t<meta property=\"og:image:width\" content=\"600\" \/>\n\t<meta property=\"og:image:height\" content=\"600\" \/>\n\t<meta property=\"og:image:type\" content=\"image\/jpeg\" \/>\n<meta name=\"twitter:card\" content=\"summary_large_image\" \/>\n<meta name=\"twitter:label1\" content=\"Tiempo de lectura\" \/>\n\t<meta name=\"twitter:data1\" content=\"2 minutos\" \/>\n<script type=\"application\/ld+json\" class=\"yoast-schema-graph\">{\"@context\":\"https:\/\/schema.org\",\"@graph\":[{\"@type\":\"WebPage\",\"@id\":\"https:\/\/medicinasinc.com\/es\/product\/comprar-seconal-sodio\/\",\"url\":\"https:\/\/medicinasinc.com\/es\/product\/comprar-seconal-sodio\/\",\"name\":\"Compre Seconal Sodium - Best Best Global Meds\",\"isPartOf\":{\"@id\":\"https:\/\/medicinasinc.com\/es\/#website\"},\"primaryImageOfPage\":{\"@id\":\"https:\/\/medicinasinc.com\/es\/product\/comprar-seconal-sodio\/#primaryimage\"},\"image\":{\"@id\":\"https:\/\/medicinasinc.com\/es\/product\/comprar-seconal-sodio\/#primaryimage\"},\"thumbnailUrl\":\"https:\/\/medicinasinc.com\/es\/wp-content\/uploads\/sites\/15\/2022\/02\/Buy-Seconal-Sodium.jpg\",\"datePublished\":\"2022-02-22T06:20:38+00:00\",\"dateModified\":\"2022-03-22T00:12:41+00:00\",\"description\":\"Compre Seconal Sodium a la venta en el Reino Unido, Europa 100 mg en l\u00ednea al mejor precio. Gran selecci\u00f3n de suplementos y medicamentos de alta calidad en nuestra farmacia Seconal Sodium en l\u00ednea. Comprar online.\",\"breadcrumb\":{\"@id\":\"https:\/\/medicinasinc.com\/es\/product\/comprar-seconal-sodio\/#breadcrumb\"},\"inLanguage\":\"es\",\"potentialAction\":[{\"@type\":\"ReadAction\",\"target\":[\"https:\/\/medicinasinc.com\/es\/product\/comprar-seconal-sodio\/\"]}]},{\"@type\":\"ImageObject\",\"inLanguage\":\"es\",\"@id\":\"https:\/\/medicinasinc.com\/es\/product\/comprar-seconal-sodio\/#primaryimage\",\"url\":\"https:\/\/medicinasinc.com\/es\/wp-content\/uploads\/sites\/15\/2022\/02\/Buy-Seconal-Sodium.jpg\",\"contentUrl\":\"https:\/\/medicinasinc.com\/es\/wp-content\/uploads\/sites\/15\/2022\/02\/Buy-Seconal-Sodium.jpg\",\"width\":600,\"height\":600},{\"@type\":\"BreadcrumbList\",\"@id\":\"https:\/\/medicinasinc.com\/es\/product\/comprar-seconal-sodio\/#breadcrumb\",\"itemListElement\":[{\"@type\":\"ListItem\",\"position\":1,\"name\":\"Tienda\",\"item\":\"https:\/\/medicinasinc.com\/es\/tienda\/\"},{\"@type\":\"ListItem\",\"position\":2,\"name\":\"Comprar sodio Seconal\"}]},{\"@type\":\"WebSite\",\"@id\":\"https:\/\/medicinasinc.com\/es\/#website\",\"url\":\"https:\/\/medicinasinc.com\/es\/\",\"name\":\"Medicinas Inc\",\"description\":\"Cl\u00ednica M\u00e9dica de Salud\",\"potentialAction\":[{\"@type\":\"SearchAction\",\"target\":{\"@type\":\"EntryPoint\",\"urlTemplate\":\"https:\/\/medicinasinc.com\/es\/?s={search_term_string}\"},\"query-input\":{\"@type\":\"PropertyValueSpecification\",\"valueRequired\":true,\"valueName\":\"search_term_string\"}}],\"inLanguage\":\"es\"}]}<\/script>\n<!-- \/ Yoast SEO plugin. -->","yoast_head_json":{"title":"Compre Seconal Sodium - Best Best Global Meds","description":"Compre Seconal Sodium a la venta en el Reino Unido, Europa 100 mg en l\u00ednea al mejor precio. Gran selecci\u00f3n de suplementos y medicamentos de alta calidad en nuestra farmacia Seconal Sodium en l\u00ednea. Comprar online.","robots":{"index":"index","follow":"follow","max-snippet":"max-snippet:-1","max-image-preview":"max-image-preview:large","max-video-preview":"max-video-preview:-1"},"canonical":"https:\/\/medicinasinc.com\/es\/product\/comprar-seconal-sodio\/","og_locale":"es_ES","og_type":"article","og_title":"Compre Seconal Sodium - Best Best Global Meds","og_description":"Compre Seconal Sodium a la venta en el Reino Unido, Europa 100 mg en l\u00ednea al mejor precio. Gran selecci\u00f3n de suplementos y medicamentos de alta calidad en nuestra farmacia Seconal Sodium en l\u00ednea. Comprar online.","og_url":"https:\/\/medicinasinc.com\/es\/product\/comprar-seconal-sodio\/","og_site_name":"Medicinas Inc","article_modified_time":"2022-03-22T00:12:41+00:00","og_image":[{"width":600,"height":600,"url":"https:\/\/medicinasinc.com\/es\/wp-content\/uploads\/sites\/15\/2022\/02\/Buy-Seconal-Sodium.jpg","type":"image\/jpeg"}],"twitter_card":"summary_large_image","twitter_misc":{"Tiempo de lectura":"2 minutos"},"schema":{"@context":"https:\/\/schema.org","@graph":[{"@type":"WebPage","@id":"https:\/\/medicinasinc.com\/es\/product\/comprar-seconal-sodio\/","url":"https:\/\/medicinasinc.com\/es\/product\/comprar-seconal-sodio\/","name":"Compre Seconal Sodium - Best Best Global Meds","isPartOf":{"@id":"https:\/\/medicinasinc.com\/es\/#website"},"primaryImageOfPage":{"@id":"https:\/\/medicinasinc.com\/es\/product\/comprar-seconal-sodio\/#primaryimage"},"image":{"@id":"https:\/\/medicinasinc.com\/es\/product\/comprar-seconal-sodio\/#primaryimage"},"thumbnailUrl":"https:\/\/medicinasinc.com\/es\/wp-content\/uploads\/sites\/15\/2022\/02\/Buy-Seconal-Sodium.jpg","datePublished":"2022-02-22T06:20:38+00:00","dateModified":"2022-03-22T00:12:41+00:00","description":"Compre Seconal Sodium a la venta en el Reino Unido, Europa 100 mg en l\u00ednea al mejor precio. Gran selecci\u00f3n de suplementos y medicamentos de alta calidad en nuestra farmacia Seconal Sodium en l\u00ednea. Comprar online.","breadcrumb":{"@id":"https:\/\/medicinasinc.com\/es\/product\/comprar-seconal-sodio\/#breadcrumb"},"inLanguage":"es","potentialAction":[{"@type":"ReadAction","target":["https:\/\/medicinasinc.com\/es\/product\/comprar-seconal-sodio\/"]}]},{"@type":"ImageObject","inLanguage":"es","@id":"https:\/\/medicinasinc.com\/es\/product\/comprar-seconal-sodio\/#primaryimage","url":"https:\/\/medicinasinc.com\/es\/wp-content\/uploads\/sites\/15\/2022\/02\/Buy-Seconal-Sodium.jpg","contentUrl":"https:\/\/medicinasinc.com\/es\/wp-content\/uploads\/sites\/15\/2022\/02\/Buy-Seconal-Sodium.jpg","width":600,"height":600},{"@type":"BreadcrumbList","@id":"https:\/\/medicinasinc.com\/es\/product\/comprar-seconal-sodio\/#breadcrumb","itemListElement":[{"@type":"ListItem","position":1,"name":"Tienda","item":"https:\/\/medicinasinc.com\/es\/tienda\/"},{"@type":"ListItem","position":2,"name":"Comprar sodio Seconal"}]},{"@type":"WebSite","@id":"https:\/\/medicinasinc.com\/es\/#website","url":"https:\/\/medicinasinc.com\/es\/","name":"Medicinas Inc","description":"Cl\u00ednica M\u00e9dica de Salud","potentialAction":[{"@type":"SearchAction","target":{"@type":"EntryPoint","urlTemplate":"https:\/\/medicinasinc.com\/es\/?s={search_term_string}"},"query-input":{"@type":"PropertyValueSpecification","valueRequired":true,"valueName":"search_term_string"}}],"inLanguage":"es"}]}},"_links":{"self":[{"href":"https:\/\/medicinasinc.com\/es\/wp-json\/wp\/v2\/product\/5792","targetHints":{"allow":["GET"]}}],"collection":[{"href":"https:\/\/medicinasinc.com\/es\/wp-json\/wp\/v2\/product"}],"about":[{"href":"https:\/\/medicinasinc.com\/es\/wp-json\/wp\/v2\/types\/product"}],"replies":[{"embeddable":true,"href":"https:\/\/medicinasinc.com\/es\/wp-json\/wp\/v2\/comments?post=5792"}],"wp:featuredmedia":[{"embeddable":true,"href":"https:\/\/medicinasinc.com\/es\/wp-json\/wp\/v2\/media\/5802"}],"wp:attachment":[{"href":"https:\/\/medicinasinc.com\/es\/wp-json\/wp\/v2\/media?parent=5792"}],"wp:term":[{"taxonomy":"product_brand","embeddable":true,"href":"https:\/\/medicinasinc.com\/es\/wp-json\/wp\/v2\/product_brand?post=5792"},{"taxonomy":"product_cat","embeddable":true,"href":"https:\/\/medicinasinc.com\/es\/wp-json\/wp\/v2\/product_cat?post=5792"},{"taxonomy":"product_tag","embeddable":true,"href":"https:\/\/medicinasinc.com\/es\/wp-json\/wp\/v2\/product_tag?post=5792"}],"curies":[{"name":"wp","href":"https:\/\/api.w.org\/{rel}","templated":true}]}}