{"id":5785,"date":"2022-02-22T06:12:06","date_gmt":"2022-02-22T06:12:06","guid":{"rendered":"https:\/\/medicinasinc.com\/es\/?post_type=product&#038;p=5785"},"modified":"2022-03-22T00:12:51","modified_gmt":"2022-03-22T00:12:51","slug":"comprar-nembutal-pentobarbital-sodio","status":"publish","type":"product","link":"https:\/\/medicinasinc.com\/es\/product\/comprar-nembutal-pentobarbital-sodio\/","title":{"rendered":"Comprar pentobarbital s\u00f3dico Nembutal"},"content":{"rendered":"<p>Best Global Med ofrece el mejor precio y calidad en Nembutal Pentobarbital Sodium a la venta. Haga una solicitud en l\u00ednea en nuestro sitio web.<\/p>\n<p>Hay varias razones por las que las personas eligen Nembutal Pentobarbital para uso oral, pero una de las m\u00e1s comunes es la forma l\u00edquida.<\/p>\n<p>Una forma l\u00edquida de Nembutal El fenobarbital (tambi\u00e9n conocido como Nembutal) es un medicamento barbit\u00farico. Si bien se us\u00f3 ampliamente como ayuda para dormir en las d\u00e9cadas de 1940 y 1950, hipnotizar tambi\u00e9n se us\u00f3 como una forma de medicamento contra la ansiedad (por ejemplo, narc\u00f3tico). La sobredosis de Nembutal es mucho m\u00e1s letal que con los somn\u00edferos actuales. Es uno de los mejores f\u00e1rmacos para el suicidio asistido porque es s\u00f3lido y silencioso. El nembutal es utilizado por organizaciones de exterminio deliberado en los Estados Unidos (Ley de Muerte con Dignidad de Oreg\u00f3n), Suiza (Dignitas) y los Pa\u00edses Bajos.<\/p>\n<p>El nembutal se retir\u00f3 del mercado porque era muy f\u00e1cil sufrir una sobredosis. (ya sea accidental o planeado), por lo que fue reemplazado por medicamentos para dormir m\u00e1s seguros. Para el a\u00f1o 1998, Nembutal fue eliminado de la lista de medicamentos recomendados por el gobierno australiano. Nembutal, por otro lado, todav\u00eda est\u00e1 siendo utilizado por veterinarios para acabar con la vida de animales m\u00e1s grandes. Muchas personas pudieron obtener Nembutal veterinario para terminar con sus vidas. Marilyn Monroe, la legendaria actriz y cantante estadounidense, aparentemente se suicid\u00f3 con una dosis letal de Nembutal.<\/p>\n<p>Cuando el Dr. John S. Lundy comenz\u00f3 a usar la ecuaci\u00f3n de la sal de sodio: Na (sodio) + etilo + metilo + butilo + al: en 1930, se le dio el nombre de marca \u00abNembutal\u00bb (postfijo normal para barbit\u00faricos). En Dinamarca, Lundbeck posee la marca registrada y fabrica Nembutal.<\/p>\n<p>Los barbit\u00faricos de acci\u00f3n corta incluyen fenobarbital (ingl\u00e9s estadounidense) y pentobarbital (ingl\u00e9s brit\u00e1nico). Cuando se trata de fenobarbital, se presenta en una variedad de formas que incluyen corrosivos libres y sales de varios constituyentes, como sodio y calcio. En agua y etanol, el corrosivo libre es ligeramente soluble. Nembutal es uno de los nombres comerciales del medicamento.<\/p>\n<p>La f\u00f3rmula qu\u00edmica de C11H18N2O3 es la siguiente:<\/p>\n<p>El h\u00edgado participa en los procesos metab\u00f3licos.<\/p>\n<p>Vida media de compuestos org\u00e1nicos: 15\u201348 horas. L\u00edquido en Polvo, Pastillas<\/p>\n","protected":false},"excerpt":{"rendered":"<p>\u00a1Compre Nembutal Pentobarbital Sodium en l\u00ednea en nuestra tienda Bestglobalmeds.com y rec\u00edbalo en su puerta de inmediato! \u00a1Encontrar\u00e1 el mejor lugar para comprar Nembutal en l\u00ednea aqu\u00ed mismo!<\/p>\n<p>Puede comprar Nembutal en l\u00ednea de Best Global Meds, que lo entrega en su puerta. Nembutal sin receta est\u00e1 disponible aqu\u00ed al costo m\u00e1s bajo.<\/p>\n<p>Dado que las sobredosis de Nembutal eran tan comunes, el medicamento se retir\u00f3 del mercado y se reemplaz\u00f3 con ayudas para dormir m\u00e1s seguras. A los australianos ya no se les permiti\u00f3 recomendar Nembutal como opci\u00f3n de tratamiento en 1998. En cualquier caso, los veteranos contin\u00faan tomando Nembutal.<\/p>\n","protected":false},"featured_media":5796,"comment_status":"open","ping_status":"closed","template":"","meta":[],"product_brand":[],"product_cat":[3818],"product_tag":[3919,3916,3918,3922,3834,3878,3820,3824,3835,3840,3841,3948,3842,3822,3823,3952,3821,3904,3826,3830,3829,3827,3828,3901,3907,3954,3923,3925,3926,3927,3920,3882,3869,3910,3885,3887,3886,3844,3843,3949,3819,3845,3866,3950,3894,3874,3875,3909,3908,3876,3906,3880,3890,3891,3892,3884,3883,3893,3879,3902,3881,3889,3898,3899,3900,3951,3895,3897,3896,3831,3913,3953,3888,3903,3911,3921],"class_list":{"0":"post-5785","1":"product","2":"type-product","3":"status-publish","4":"has-post-thumbnail","6":"product_cat-pentobarbital-para-la-venta","7":"product_tag-donde-puedo-comprar-pentobarbital-sodio-pastillas-para-dormir","8":"product_tag-donde-puedo-comprar-nembutal-pentobarbital-sdico","9":"product_tag-donde-puedo-comprar-pentobarbital-sodio","10":"product_tag-donde-se-puede-comprar-pentobarbital-sodio","11":"product_tag-se-puede-comprar-pentobarbital-sodio-sin-recetario","12":"product_tag-pentobarbital-sodio-anestesia","13":"product_tag-buy-cheap-nembutal-liquid-online","14":"product_tag-buy-nembutal-pentobarbital-sodium","15":"product_tag-can-you-buy-sodium-pentobarbital","16":"product_tag-como-adquirir-nembutal","17":"product_tag-cmo-comprar-nembutal-online","18":"product_tag-cmo-comprar-nembutal-lquido-online","19":"product_tag-cmo-pedir-nembutal-por-correo","20":"product_tag-comprar-nembutal-aqui","21":"product_tag-comprar-nembutal-liquido-online","22":"product_tag-compra-nembutal-liquido-online","23":"product_tag-comprar-nembutal-barato-online","24":"product_tag-compra-nembutal-online","25":"product_tag-comprar-nembutal-sodio-online","26":"product_tag-comprar-pentobarbital-sodio-es","27":"product_tag-comprar-pentobarbital-sodio-pentobarbital-sodio-sal","28":"product_tag-comprar-pentobarbital-sodio","29":"product_tag-comprar-pentobarbital-sodio-2021","30":"product_tag-pentobarbital-sodio-tabletas","31":"product_tag-sodio-pentobarbital-costo","32":"product_tag-donde-comprar-nembutal-liquido-online","33":"product_tag-donde-comprar-nembutal-barato-en-linea","34":"product_tag-donde-comprar-pentobarbital-sodio","35":"product_tag-donde-comprar-pentobarbital-sodio-para-perros","36":"product_tag-donde-conseguir-pentobarbital-sodio","37":"product_tag-donde-puedo-comprar-pentobarbital-sodico","38":"product_tag-dosificacin-de-pentobarbital-sdico","39":"product_tag-nembutal-suicida-dosis","40":"product_tag-fabricantes-de-pentobarbital-sdico","41":"product_tag-pentobarbital-sodium-group","42":"product_tag-inyeccin-de-pentobarbital-sdico-para-humanos","43":"product_tag-pentobarbital-sodio-inyeccion-para-perros","44":"product_tag-inyeccion-letal-comprar-online","45":"product_tag-it-is-easy-to-buy-nembutal-online","46":"product_tag-nembutal-lquido-para-la-venta","47":"product_tag-mejor-medicamento-para-sobredosis-de-suicidio","48":"product_tag-nembutal","49":"product_tag-nembutal-pills-online","50":"product_tag-ordenar-nembutal-liquido-online","51":"product_tag-pentobarbital-sodio-pastillas","52":"product_tag-pentobarbital","53":"product_tag-pentobarbital-de-sodio-dosis-letal","54":"product_tag-pentobarbital-sdico-para-la-eutanasia","55":"product_tag-pentobarbital-sdico-para-eutanasia-animal","56":"product_tag-pentobarbital-para-la-eutanasia","57":"product_tag-sodio-pentobarbital-nembutal","58":"product_tag-pentobarbital-sodio-china","59":"product_tag-pentobarbital-sodio-liquido","60":"product_tag-pentobarbital-sodium-nz","61":"product_tag-pentobarbital-sodio-oral","62":"product_tag-pentobarbital-sodio-para-humanos","63":"product_tag-pentobarbital-sodio-para-perros","64":"product_tag-pentobarbital-sodio-over-the-counter","65":"product_tag-pentobarbital-sodio-comprar","66":"product_tag-pentobarbital-sodio-donde-comprar","67":"product_tag-pentobarbital-sodio-muerte","68":"product_tag-pentobarbital-sodium-injection-usp","69":"product_tag-pentobarbital-sodium-salt","70":"product_tag-pentobarbital-sodium-sleeping-pills","71":"product_tag-pentobarbital-sodium-sleeping-pills-over-the-counter","72":"product_tag-phenobarbital-sodium-intravenous","73":"product_tag-pentobarbital-sodio-polvo","74":"product_tag-pentobarbital-sodio-precio","75":"product_tag-recetan-de-pentobarbital-sdico","76":"product_tag-puedo-comprar-pentobarbital","77":"product_tag-quiero-comprar-nembutal","78":"product_tag-sodio","79":"product_tag-solucin-inyectable-de-pentobarbital-sdico","80":"product_tag-uso-de-pentobarbital","81":"product_tag-sodio-pentobarbital-vida-til","82":"product_tag-where-can-i-purchase-nembutal","84":"first","85":"instock","86":"shipping-taxable","87":"purchasable","88":"product-type-variable"},"yoast_head":"<!-- This site is optimized with the Yoast SEO plugin v27.2 - https:\/\/yoast.com\/product\/yoast-seo-wordpress\/ -->\n<title>Compre Nembutal Pentobarbital S\u00f3dico - Best Global Meds<\/title>\n<meta name=\"description\" content=\"\u00a1Compre Nembutal Pentobarbital Sodium Reino Unido, Europa, Asia, China en nuestra tienda en l\u00ednea Bestglobalmeds.com con entrega r\u00e1pida en todo el mundo! \u00a1El mejor Nembutal para ordenar lo encontrar\u00e1s aqu\u00ed!\" \/>\n<meta name=\"robots\" content=\"index, follow, max-snippet:-1, max-image-preview:large, max-video-preview:-1\" \/>\n<link rel=\"canonical\" href=\"https:\/\/medicinasinc.com\/es\/product\/comprar-nembutal-pentobarbital-sodio\/\" \/>\n<meta property=\"og:locale\" content=\"es_ES\" \/>\n<meta property=\"og:type\" content=\"article\" \/>\n<meta property=\"og:title\" content=\"Compre Nembutal Pentobarbital S\u00f3dico - Best Global Meds\" \/>\n<meta property=\"og:description\" content=\"\u00a1Compre Nembutal Pentobarbital Sodium Reino Unido, Europa, Asia, China en nuestra tienda en l\u00ednea Bestglobalmeds.com con entrega r\u00e1pida en todo el mundo! \u00a1El mejor Nembutal para ordenar lo encontrar\u00e1s aqu\u00ed!\" \/>\n<meta property=\"og:url\" content=\"https:\/\/medicinasinc.com\/es\/product\/comprar-nembutal-pentobarbital-sodio\/\" \/>\n<meta property=\"og:site_name\" content=\"Medicinas Inc\" \/>\n<meta property=\"article:modified_time\" content=\"2022-03-22T00:12:51+00:00\" \/>\n<meta property=\"og:image\" content=\"https:\/\/medicinasinc.com\/es\/wp-content\/uploads\/sites\/15\/2022\/02\/Buy-Pentobarbital-Sodium-1.jpg\" \/>\n\t<meta property=\"og:image:width\" content=\"356\" \/>\n\t<meta property=\"og:image:height\" content=\"540\" \/>\n\t<meta property=\"og:image:type\" content=\"image\/jpeg\" \/>\n<meta name=\"twitter:card\" content=\"summary_large_image\" \/>\n<meta name=\"twitter:label1\" content=\"Tiempo de lectura\" \/>\n\t<meta name=\"twitter:data1\" content=\"2 minutos\" \/>\n<script type=\"application\/ld+json\" class=\"yoast-schema-graph\">{\"@context\":\"https:\/\/schema.org\",\"@graph\":[{\"@type\":\"WebPage\",\"@id\":\"https:\/\/medicinasinc.com\/es\/product\/comprar-nembutal-pentobarbital-sodio\/\",\"url\":\"https:\/\/medicinasinc.com\/es\/product\/comprar-nembutal-pentobarbital-sodio\/\",\"name\":\"Compre Nembutal Pentobarbital S\u00f3dico - Best Global Meds\",\"isPartOf\":{\"@id\":\"https:\/\/medicinasinc.com\/es\/#website\"},\"primaryImageOfPage\":{\"@id\":\"https:\/\/medicinasinc.com\/es\/product\/comprar-nembutal-pentobarbital-sodio\/#primaryimage\"},\"image\":{\"@id\":\"https:\/\/medicinasinc.com\/es\/product\/comprar-nembutal-pentobarbital-sodio\/#primaryimage\"},\"thumbnailUrl\":\"https:\/\/medicinasinc.com\/es\/wp-content\/uploads\/sites\/15\/2022\/02\/Buy-Pentobarbital-Sodium-1.jpg\",\"datePublished\":\"2022-02-22T06:12:06+00:00\",\"dateModified\":\"2022-03-22T00:12:51+00:00\",\"description\":\"\u00a1Compre Nembutal Pentobarbital Sodium Reino Unido, Europa, Asia, China en nuestra tienda en l\u00ednea Bestglobalmeds.com con entrega r\u00e1pida en todo el mundo! \u00a1El mejor Nembutal para ordenar lo encontrar\u00e1s aqu\u00ed!\",\"breadcrumb\":{\"@id\":\"https:\/\/medicinasinc.com\/es\/product\/comprar-nembutal-pentobarbital-sodio\/#breadcrumb\"},\"inLanguage\":\"es\",\"potentialAction\":[{\"@type\":\"ReadAction\",\"target\":[\"https:\/\/medicinasinc.com\/es\/product\/comprar-nembutal-pentobarbital-sodio\/\"]}]},{\"@type\":\"ImageObject\",\"inLanguage\":\"es\",\"@id\":\"https:\/\/medicinasinc.com\/es\/product\/comprar-nembutal-pentobarbital-sodio\/#primaryimage\",\"url\":\"https:\/\/medicinasinc.com\/es\/wp-content\/uploads\/sites\/15\/2022\/02\/Buy-Pentobarbital-Sodium-1.jpg\",\"contentUrl\":\"https:\/\/medicinasinc.com\/es\/wp-content\/uploads\/sites\/15\/2022\/02\/Buy-Pentobarbital-Sodium-1.jpg\",\"width\":356,\"height\":540},{\"@type\":\"BreadcrumbList\",\"@id\":\"https:\/\/medicinasinc.com\/es\/product\/comprar-nembutal-pentobarbital-sodio\/#breadcrumb\",\"itemListElement\":[{\"@type\":\"ListItem\",\"position\":1,\"name\":\"Tienda\",\"item\":\"https:\/\/medicinasinc.com\/es\/tienda\/\"},{\"@type\":\"ListItem\",\"position\":2,\"name\":\"Comprar pentobarbital s\u00f3dico Nembutal\"}]},{\"@type\":\"WebSite\",\"@id\":\"https:\/\/medicinasinc.com\/es\/#website\",\"url\":\"https:\/\/medicinasinc.com\/es\/\",\"name\":\"Medicinas Inc\",\"description\":\"Cl\u00ednica M\u00e9dica de Salud\",\"potentialAction\":[{\"@type\":\"SearchAction\",\"target\":{\"@type\":\"EntryPoint\",\"urlTemplate\":\"https:\/\/medicinasinc.com\/es\/?s={search_term_string}\"},\"query-input\":{\"@type\":\"PropertyValueSpecification\",\"valueRequired\":true,\"valueName\":\"search_term_string\"}}],\"inLanguage\":\"es\"}]}<\/script>\n<!-- \/ Yoast SEO plugin. -->","yoast_head_json":{"title":"Compre Nembutal Pentobarbital S\u00f3dico - Best Global Meds","description":"\u00a1Compre Nembutal Pentobarbital Sodium Reino Unido, Europa, Asia, China en nuestra tienda en l\u00ednea Bestglobalmeds.com con entrega r\u00e1pida en todo el mundo! \u00a1El mejor Nembutal para ordenar lo encontrar\u00e1s aqu\u00ed!","robots":{"index":"index","follow":"follow","max-snippet":"max-snippet:-1","max-image-preview":"max-image-preview:large","max-video-preview":"max-video-preview:-1"},"canonical":"https:\/\/medicinasinc.com\/es\/product\/comprar-nembutal-pentobarbital-sodio\/","og_locale":"es_ES","og_type":"article","og_title":"Compre Nembutal Pentobarbital S\u00f3dico - Best Global Meds","og_description":"\u00a1Compre Nembutal Pentobarbital Sodium Reino Unido, Europa, Asia, China en nuestra tienda en l\u00ednea Bestglobalmeds.com con entrega r\u00e1pida en todo el mundo! \u00a1El mejor Nembutal para ordenar lo encontrar\u00e1s aqu\u00ed!","og_url":"https:\/\/medicinasinc.com\/es\/product\/comprar-nembutal-pentobarbital-sodio\/","og_site_name":"Medicinas Inc","article_modified_time":"2022-03-22T00:12:51+00:00","og_image":[{"width":356,"height":540,"url":"https:\/\/medicinasinc.com\/es\/wp-content\/uploads\/sites\/15\/2022\/02\/Buy-Pentobarbital-Sodium-1.jpg","type":"image\/jpeg"}],"twitter_card":"summary_large_image","twitter_misc":{"Tiempo de lectura":"2 minutos"},"schema":{"@context":"https:\/\/schema.org","@graph":[{"@type":"WebPage","@id":"https:\/\/medicinasinc.com\/es\/product\/comprar-nembutal-pentobarbital-sodio\/","url":"https:\/\/medicinasinc.com\/es\/product\/comprar-nembutal-pentobarbital-sodio\/","name":"Compre Nembutal Pentobarbital S\u00f3dico - Best Global Meds","isPartOf":{"@id":"https:\/\/medicinasinc.com\/es\/#website"},"primaryImageOfPage":{"@id":"https:\/\/medicinasinc.com\/es\/product\/comprar-nembutal-pentobarbital-sodio\/#primaryimage"},"image":{"@id":"https:\/\/medicinasinc.com\/es\/product\/comprar-nembutal-pentobarbital-sodio\/#primaryimage"},"thumbnailUrl":"https:\/\/medicinasinc.com\/es\/wp-content\/uploads\/sites\/15\/2022\/02\/Buy-Pentobarbital-Sodium-1.jpg","datePublished":"2022-02-22T06:12:06+00:00","dateModified":"2022-03-22T00:12:51+00:00","description":"\u00a1Compre Nembutal Pentobarbital Sodium Reino Unido, Europa, Asia, China en nuestra tienda en l\u00ednea Bestglobalmeds.com con entrega r\u00e1pida en todo el mundo! \u00a1El mejor Nembutal para ordenar lo encontrar\u00e1s aqu\u00ed!","breadcrumb":{"@id":"https:\/\/medicinasinc.com\/es\/product\/comprar-nembutal-pentobarbital-sodio\/#breadcrumb"},"inLanguage":"es","potentialAction":[{"@type":"ReadAction","target":["https:\/\/medicinasinc.com\/es\/product\/comprar-nembutal-pentobarbital-sodio\/"]}]},{"@type":"ImageObject","inLanguage":"es","@id":"https:\/\/medicinasinc.com\/es\/product\/comprar-nembutal-pentobarbital-sodio\/#primaryimage","url":"https:\/\/medicinasinc.com\/es\/wp-content\/uploads\/sites\/15\/2022\/02\/Buy-Pentobarbital-Sodium-1.jpg","contentUrl":"https:\/\/medicinasinc.com\/es\/wp-content\/uploads\/sites\/15\/2022\/02\/Buy-Pentobarbital-Sodium-1.jpg","width":356,"height":540},{"@type":"BreadcrumbList","@id":"https:\/\/medicinasinc.com\/es\/product\/comprar-nembutal-pentobarbital-sodio\/#breadcrumb","itemListElement":[{"@type":"ListItem","position":1,"name":"Tienda","item":"https:\/\/medicinasinc.com\/es\/tienda\/"},{"@type":"ListItem","position":2,"name":"Comprar pentobarbital s\u00f3dico Nembutal"}]},{"@type":"WebSite","@id":"https:\/\/medicinasinc.com\/es\/#website","url":"https:\/\/medicinasinc.com\/es\/","name":"Medicinas Inc","description":"Cl\u00ednica M\u00e9dica de Salud","potentialAction":[{"@type":"SearchAction","target":{"@type":"EntryPoint","urlTemplate":"https:\/\/medicinasinc.com\/es\/?s={search_term_string}"},"query-input":{"@type":"PropertyValueSpecification","valueRequired":true,"valueName":"search_term_string"}}],"inLanguage":"es"}]}},"_links":{"self":[{"href":"https:\/\/medicinasinc.com\/es\/wp-json\/wp\/v2\/product\/5785","targetHints":{"allow":["GET"]}}],"collection":[{"href":"https:\/\/medicinasinc.com\/es\/wp-json\/wp\/v2\/product"}],"about":[{"href":"https:\/\/medicinasinc.com\/es\/wp-json\/wp\/v2\/types\/product"}],"replies":[{"embeddable":true,"href":"https:\/\/medicinasinc.com\/es\/wp-json\/wp\/v2\/comments?post=5785"}],"wp:featuredmedia":[{"embeddable":true,"href":"https:\/\/medicinasinc.com\/es\/wp-json\/wp\/v2\/media\/5796"}],"wp:attachment":[{"href":"https:\/\/medicinasinc.com\/es\/wp-json\/wp\/v2\/media?parent=5785"}],"wp:term":[{"taxonomy":"product_brand","embeddable":true,"href":"https:\/\/medicinasinc.com\/es\/wp-json\/wp\/v2\/product_brand?post=5785"},{"taxonomy":"product_cat","embeddable":true,"href":"https:\/\/medicinasinc.com\/es\/wp-json\/wp\/v2\/product_cat?post=5785"},{"taxonomy":"product_tag","embeddable":true,"href":"https:\/\/medicinasinc.com\/es\/wp-json\/wp\/v2\/product_tag?post=5785"}],"curies":[{"name":"wp","href":"https:\/\/api.w.org\/{rel}","templated":true}]}}