{"id":5781,"date":"2022-02-22T06:07:08","date_gmt":"2022-02-22T06:07:08","guid":{"rendered":"https:\/\/medicinasinc.com\/es\/?post_type=product&#038;p=5781"},"modified":"2022-03-22T00:12:59","modified_gmt":"2022-03-22T00:12:59","slug":"comprar-nembutal-polvo","status":"publish","type":"product","link":"https:\/\/medicinasinc.com\/es\/product\/comprar-nembutal-polvo\/","title":{"rendered":"Comprar polvo de Nembutal"},"content":{"rendered":"<p>Polvo de Nembutal de los mejores proveedores a los precios m\u00e1s bajos<\/p>\n<p>En el mercado en l\u00ednea, puede encontrar medicamentos y f\u00e1rmacos de alta calidad en Online Nembutal Pharmacy. Para obtener Nembutal Powder de los mejores proveedores de Nembutal Powder, debe acudir a nuestra farmacia. P\u00f3ngase en contacto con nosotros hoy y haremos su trabajo de inmediato. Su medicamento ser\u00e1 entregado a la direcci\u00f3n que especifique. Para obtener la mejor oferta en polvo de Nembutal, \u00a1haga su pedido de inmediato!<\/p>\n<p>Con el polvo de Nembutal, \u00bfqu\u00e9 puede esperar obtener?<\/p>\n<p>El polvo de Nembutal es conocido por ayudar a los insomnes y a aquellos que encuentran es dif\u00edcil conciliar el sue\u00f1o. En muchas circunstancias, se utiliza como medicamento contra la ansiedad. Nuestra farmacia en l\u00ednea es el mejor lugar para adquirir Nembutal en polvo si tiene los mismos objetivos en mente.<\/p>\n<p>\u00bfQu\u00e9 tienda en l\u00ednea vende el mejor Nembutal en polvo?<\/p>\n<p>Cualquiera que sea el motivo para pedir Nembutal en polvo , siempre puede confiar en Online Nembutal Pharmacy para hacer el trabajo adecuado para usted.<\/p>\n<p>Entendemos las necesidades y expectativas de nuestros clientes debido a nuestros a\u00f1os de experiencia. Nunca tenemos acceso ni almacenamos ninguna informaci\u00f3n personal o de su tarjeta de cr\u00e9dito. Toda la informaci\u00f3n se mantiene privada. Eso significa que puede comprarnos polvo de Nembutal en l\u00ednea al mejor precio.<\/p>\n<p>Hacer una compra en nuestra farmacia en l\u00ednea lo pondr\u00e1 un paso por delante de la competencia. Con el tiempo, hemos ganado muchos consumidores potenciales. Si busca lo mejor, no dude en ponerse en contacto con nosotros en cualquier momento.<\/p>\n","protected":false},"excerpt":{"rendered":"<p>Hay varias farmacias en l\u00ednea que venden pentobarbital s\u00f3dico en polvo Nembutal, incluida bestglobalmeds.com. \u00a1Encontrar\u00e1 el mejor lugar para comprar Nembutal en l\u00ednea aqu\u00ed mismo! Ahora es posible obtener una Farmacia Nembutal en l\u00ednea desde la comodidad de su hogar. Puede encontrar Nembutal en polvo a la venta al menor costo posible aqu\u00ed.<\/p>\n<p>Best Global Meds ofrece Nembutal en polvo a la venta en l\u00ednea a precios asequibles. Las p\u00edldoras, tabletas y c\u00e1psulas de Nembutal de la m\u00e1s alta calidad se pueden comprar al mayor costo. \u00a1No dude en ponerse en contacto con nosotros ahora mismo!<\/p>\n","protected":false},"featured_media":5791,"comment_status":"open","ping_status":"closed","template":"","meta":[],"product_brand":[],"product_cat":[3818],"product_tag":[3930,3946,3832,3928,3931,3839,3929,3947,3938,3945,3845,3935,3932,3933,3934,3939,3940,3941,3943,3942,3936,3937,3944],"class_list":{"0":"post-5781","1":"product","2":"type-product","3":"status-publish","4":"has-post-thumbnail","6":"product_cat-pentobarbital-para-la-venta","7":"product_tag-como-puedo-pedir-nembutal-polvo","8":"product_tag-donde-puedo-comprar-nembutal-polvo","9":"product_tag-puedo-pedir-nembutal-online","10":"product_tag-buy-nembutal-online","11":"product_tag-cmo-comprar-nembutal-polvo-online","12":"product_tag-como-puedo-tomar-nembutal","13":"product_tag-comprar-nembutal-polvo-online","14":"product_tag-donde-comprar-nembutal-polvo-online","15":"product_tag-nembutal-polvo-dosis","16":"product_tag-el-mejor-lugar-para-comprar-nembutal-polvo-online","17":"product_tag-nembutal","18":"product_tag-nembutal-buy-uk","19":"product_tag-nembutal-comprar-australia","20":"product_tag-nembutal-comprar-austria","21":"product_tag-nembutal-comprar-online","22":"product_tag-nembutal-powder-for-sale","23":"product_tag-nembutal-powder-overdose","24":"product_tag-nembutal-powder-supplier","25":"product_tag-pedir-nembutal-polvo-online","26":"product_tag-ordenar-nembutal-polvo","27":"product_tag-polvo-de-nembutal","28":"product_tag-nembutal-polvo-comprar","29":"product_tag-purchase-nembutal-powder-online","31":"first","32":"instock","33":"shipping-taxable","34":"purchasable","35":"product-type-variable"},"yoast_head":"<!-- This site is optimized with the Yoast SEO plugin v27.2 - https:\/\/yoast.com\/product\/yoast-seo-wordpress\/ -->\n<title>Comprar Nembutal en polvo - Pentobarbital s\u00f3dico - Best Global Meds<\/title>\n<meta name=\"description\" content=\"\u00a1Compre pentobarbital s\u00f3dico en polvo Nembutal para la venta en Reino Unido, Emiratos \u00c1rabes Unidos, Europa, China en nuestra tienda en l\u00ednea bestglobalmeds.com con entrega r\u00e1pida en todo el mundo! \u00a1El mejor Nembutal para ordenar lo encontrar\u00e1s aqu\u00ed!\" \/>\n<meta name=\"robots\" content=\"index, follow, max-snippet:-1, max-image-preview:large, max-video-preview:-1\" \/>\n<link rel=\"canonical\" href=\"https:\/\/medicinasinc.com\/es\/product\/comprar-nembutal-polvo\/\" \/>\n<meta property=\"og:locale\" content=\"es_ES\" \/>\n<meta property=\"og:type\" content=\"article\" \/>\n<meta property=\"og:title\" content=\"Comprar Nembutal en polvo - Pentobarbital s\u00f3dico - Best Global Meds\" \/>\n<meta property=\"og:description\" content=\"\u00a1Compre pentobarbital s\u00f3dico en polvo Nembutal para la venta en Reino Unido, Emiratos \u00c1rabes Unidos, Europa, China en nuestra tienda en l\u00ednea bestglobalmeds.com con entrega r\u00e1pida en todo el mundo! \u00a1El mejor Nembutal para ordenar lo encontrar\u00e1s aqu\u00ed!\" \/>\n<meta property=\"og:url\" content=\"https:\/\/medicinasinc.com\/es\/product\/comprar-nembutal-polvo\/\" \/>\n<meta property=\"og:site_name\" content=\"Medicinas Inc\" \/>\n<meta property=\"article:modified_time\" content=\"2022-03-22T00:12:59+00:00\" \/>\n<meta property=\"og:image\" content=\"https:\/\/medicinasinc.com\/es\/wp-content\/uploads\/sites\/15\/2022\/02\/Buy-Nembutal-Powder-2.jpg\" \/>\n\t<meta property=\"og:image:width\" content=\"600\" \/>\n\t<meta property=\"og:image:height\" content=\"600\" \/>\n\t<meta property=\"og:image:type\" content=\"image\/jpeg\" \/>\n<meta name=\"twitter:card\" content=\"summary_large_image\" \/>\n<meta name=\"twitter:label1\" content=\"Tiempo de lectura\" \/>\n\t<meta name=\"twitter:data1\" content=\"2 minutos\" \/>\n<script type=\"application\/ld+json\" class=\"yoast-schema-graph\">{\"@context\":\"https:\/\/schema.org\",\"@graph\":[{\"@type\":\"WebPage\",\"@id\":\"https:\/\/medicinasinc.com\/es\/product\/comprar-nembutal-polvo\/\",\"url\":\"https:\/\/medicinasinc.com\/es\/product\/comprar-nembutal-polvo\/\",\"name\":\"Comprar Nembutal en polvo - Pentobarbital s\u00f3dico - Best Global Meds\",\"isPartOf\":{\"@id\":\"https:\/\/medicinasinc.com\/es\/#website\"},\"primaryImageOfPage\":{\"@id\":\"https:\/\/medicinasinc.com\/es\/product\/comprar-nembutal-polvo\/#primaryimage\"},\"image\":{\"@id\":\"https:\/\/medicinasinc.com\/es\/product\/comprar-nembutal-polvo\/#primaryimage\"},\"thumbnailUrl\":\"https:\/\/medicinasinc.com\/es\/wp-content\/uploads\/sites\/15\/2022\/02\/Buy-Nembutal-Powder-2.jpg\",\"datePublished\":\"2022-02-22T06:07:08+00:00\",\"dateModified\":\"2022-03-22T00:12:59+00:00\",\"description\":\"\u00a1Compre pentobarbital s\u00f3dico en polvo Nembutal para la venta en Reino Unido, Emiratos \u00c1rabes Unidos, Europa, China en nuestra tienda en l\u00ednea bestglobalmeds.com con entrega r\u00e1pida en todo el mundo! \u00a1El mejor Nembutal para ordenar lo encontrar\u00e1s aqu\u00ed!\",\"breadcrumb\":{\"@id\":\"https:\/\/medicinasinc.com\/es\/product\/comprar-nembutal-polvo\/#breadcrumb\"},\"inLanguage\":\"es\",\"potentialAction\":[{\"@type\":\"ReadAction\",\"target\":[\"https:\/\/medicinasinc.com\/es\/product\/comprar-nembutal-polvo\/\"]}]},{\"@type\":\"ImageObject\",\"inLanguage\":\"es\",\"@id\":\"https:\/\/medicinasinc.com\/es\/product\/comprar-nembutal-polvo\/#primaryimage\",\"url\":\"https:\/\/medicinasinc.com\/es\/wp-content\/uploads\/sites\/15\/2022\/02\/Buy-Nembutal-Powder-2.jpg\",\"contentUrl\":\"https:\/\/medicinasinc.com\/es\/wp-content\/uploads\/sites\/15\/2022\/02\/Buy-Nembutal-Powder-2.jpg\",\"width\":600,\"height\":600},{\"@type\":\"BreadcrumbList\",\"@id\":\"https:\/\/medicinasinc.com\/es\/product\/comprar-nembutal-polvo\/#breadcrumb\",\"itemListElement\":[{\"@type\":\"ListItem\",\"position\":1,\"name\":\"Tienda\",\"item\":\"https:\/\/medicinasinc.com\/es\/tienda\/\"},{\"@type\":\"ListItem\",\"position\":2,\"name\":\"Comprar polvo de Nembutal\"}]},{\"@type\":\"WebSite\",\"@id\":\"https:\/\/medicinasinc.com\/es\/#website\",\"url\":\"https:\/\/medicinasinc.com\/es\/\",\"name\":\"Medicinas Inc\",\"description\":\"Cl\u00ednica M\u00e9dica de Salud\",\"potentialAction\":[{\"@type\":\"SearchAction\",\"target\":{\"@type\":\"EntryPoint\",\"urlTemplate\":\"https:\/\/medicinasinc.com\/es\/?s={search_term_string}\"},\"query-input\":{\"@type\":\"PropertyValueSpecification\",\"valueRequired\":true,\"valueName\":\"search_term_string\"}}],\"inLanguage\":\"es\"}]}<\/script>\n<!-- \/ Yoast SEO plugin. -->","yoast_head_json":{"title":"Comprar Nembutal en polvo - Pentobarbital s\u00f3dico - Best Global Meds","description":"\u00a1Compre pentobarbital s\u00f3dico en polvo Nembutal para la venta en Reino Unido, Emiratos \u00c1rabes Unidos, Europa, China en nuestra tienda en l\u00ednea bestglobalmeds.com con entrega r\u00e1pida en todo el mundo! \u00a1El mejor Nembutal para ordenar lo encontrar\u00e1s aqu\u00ed!","robots":{"index":"index","follow":"follow","max-snippet":"max-snippet:-1","max-image-preview":"max-image-preview:large","max-video-preview":"max-video-preview:-1"},"canonical":"https:\/\/medicinasinc.com\/es\/product\/comprar-nembutal-polvo\/","og_locale":"es_ES","og_type":"article","og_title":"Comprar Nembutal en polvo - Pentobarbital s\u00f3dico - Best Global Meds","og_description":"\u00a1Compre pentobarbital s\u00f3dico en polvo Nembutal para la venta en Reino Unido, Emiratos \u00c1rabes Unidos, Europa, China en nuestra tienda en l\u00ednea bestglobalmeds.com con entrega r\u00e1pida en todo el mundo! \u00a1El mejor Nembutal para ordenar lo encontrar\u00e1s aqu\u00ed!","og_url":"https:\/\/medicinasinc.com\/es\/product\/comprar-nembutal-polvo\/","og_site_name":"Medicinas Inc","article_modified_time":"2022-03-22T00:12:59+00:00","og_image":[{"width":600,"height":600,"url":"https:\/\/medicinasinc.com\/es\/wp-content\/uploads\/sites\/15\/2022\/02\/Buy-Nembutal-Powder-2.jpg","type":"image\/jpeg"}],"twitter_card":"summary_large_image","twitter_misc":{"Tiempo de lectura":"2 minutos"},"schema":{"@context":"https:\/\/schema.org","@graph":[{"@type":"WebPage","@id":"https:\/\/medicinasinc.com\/es\/product\/comprar-nembutal-polvo\/","url":"https:\/\/medicinasinc.com\/es\/product\/comprar-nembutal-polvo\/","name":"Comprar Nembutal en polvo - Pentobarbital s\u00f3dico - Best Global Meds","isPartOf":{"@id":"https:\/\/medicinasinc.com\/es\/#website"},"primaryImageOfPage":{"@id":"https:\/\/medicinasinc.com\/es\/product\/comprar-nembutal-polvo\/#primaryimage"},"image":{"@id":"https:\/\/medicinasinc.com\/es\/product\/comprar-nembutal-polvo\/#primaryimage"},"thumbnailUrl":"https:\/\/medicinasinc.com\/es\/wp-content\/uploads\/sites\/15\/2022\/02\/Buy-Nembutal-Powder-2.jpg","datePublished":"2022-02-22T06:07:08+00:00","dateModified":"2022-03-22T00:12:59+00:00","description":"\u00a1Compre pentobarbital s\u00f3dico en polvo Nembutal para la venta en Reino Unido, Emiratos \u00c1rabes Unidos, Europa, China en nuestra tienda en l\u00ednea bestglobalmeds.com con entrega r\u00e1pida en todo el mundo! \u00a1El mejor Nembutal para ordenar lo encontrar\u00e1s aqu\u00ed!","breadcrumb":{"@id":"https:\/\/medicinasinc.com\/es\/product\/comprar-nembutal-polvo\/#breadcrumb"},"inLanguage":"es","potentialAction":[{"@type":"ReadAction","target":["https:\/\/medicinasinc.com\/es\/product\/comprar-nembutal-polvo\/"]}]},{"@type":"ImageObject","inLanguage":"es","@id":"https:\/\/medicinasinc.com\/es\/product\/comprar-nembutal-polvo\/#primaryimage","url":"https:\/\/medicinasinc.com\/es\/wp-content\/uploads\/sites\/15\/2022\/02\/Buy-Nembutal-Powder-2.jpg","contentUrl":"https:\/\/medicinasinc.com\/es\/wp-content\/uploads\/sites\/15\/2022\/02\/Buy-Nembutal-Powder-2.jpg","width":600,"height":600},{"@type":"BreadcrumbList","@id":"https:\/\/medicinasinc.com\/es\/product\/comprar-nembutal-polvo\/#breadcrumb","itemListElement":[{"@type":"ListItem","position":1,"name":"Tienda","item":"https:\/\/medicinasinc.com\/es\/tienda\/"},{"@type":"ListItem","position":2,"name":"Comprar polvo de Nembutal"}]},{"@type":"WebSite","@id":"https:\/\/medicinasinc.com\/es\/#website","url":"https:\/\/medicinasinc.com\/es\/","name":"Medicinas Inc","description":"Cl\u00ednica M\u00e9dica de Salud","potentialAction":[{"@type":"SearchAction","target":{"@type":"EntryPoint","urlTemplate":"https:\/\/medicinasinc.com\/es\/?s={search_term_string}"},"query-input":{"@type":"PropertyValueSpecification","valueRequired":true,"valueName":"search_term_string"}}],"inLanguage":"es"}]}},"_links":{"self":[{"href":"https:\/\/medicinasinc.com\/es\/wp-json\/wp\/v2\/product\/5781","targetHints":{"allow":["GET"]}}],"collection":[{"href":"https:\/\/medicinasinc.com\/es\/wp-json\/wp\/v2\/product"}],"about":[{"href":"https:\/\/medicinasinc.com\/es\/wp-json\/wp\/v2\/types\/product"}],"replies":[{"embeddable":true,"href":"https:\/\/medicinasinc.com\/es\/wp-json\/wp\/v2\/comments?post=5781"}],"wp:featuredmedia":[{"embeddable":true,"href":"https:\/\/medicinasinc.com\/es\/wp-json\/wp\/v2\/media\/5791"}],"wp:attachment":[{"href":"https:\/\/medicinasinc.com\/es\/wp-json\/wp\/v2\/media?parent=5781"}],"wp:term":[{"taxonomy":"product_brand","embeddable":true,"href":"https:\/\/medicinasinc.com\/es\/wp-json\/wp\/v2\/product_brand?post=5781"},{"taxonomy":"product_cat","embeddable":true,"href":"https:\/\/medicinasinc.com\/es\/wp-json\/wp\/v2\/product_cat?post=5781"},{"taxonomy":"product_tag","embeddable":true,"href":"https:\/\/medicinasinc.com\/es\/wp-json\/wp\/v2\/product_tag?post=5781"}],"curies":[{"name":"wp","href":"https:\/\/api.w.org\/{rel}","templated":true}]}}