{"id":5777,"date":"2022-02-22T05:58:59","date_gmt":"2022-02-22T05:58:59","guid":{"rendered":"https:\/\/medicinasinc.com\/es\/?post_type=product&#038;p=5777"},"modified":"2022-03-22T00:13:11","modified_gmt":"2022-03-22T00:13:11","slug":"comprar-capsulas-de-nembutal","status":"publish","type":"product","link":"https:\/\/medicinasinc.com\/es\/product\/comprar-capsulas-de-nembutal\/","title":{"rendered":"Comprar c\u00e1psulas de Nembutal"},"content":{"rendered":"<p>Encuentre los mejores proveedores y distribuidores de c\u00e1psulas de Nembutal en nuestra farmacia en l\u00ednea de Nembutal<\/p>\n<p>\u00bfEst\u00e1 tratando de ubicar una farmacia en l\u00ednea de confianza donde pueda obtener la mejor oferta en c\u00e1psulas de Nembutal? \u00bfS\u00ed? Entonces este es el lugar ideal para ti. Conocida como Farmacia Nembutal en L\u00ednea, somos una conocida farmacia en l\u00ednea. Hemos obtenido muchos clientes devotos gracias a nuestra reputaci\u00f3n como uno de los principales distribuidores y proveedores en l\u00ednea de c\u00e1psulas de Nembutal.<\/p>\n<p>No se preocupe si es la primera vez que compra c\u00e1psulas de Nembutal en nuestra farmacia en l\u00ednea. . No puede esperar nada m\u00e1s que lo mejor aqu\u00ed. Siempre estamos aqu\u00ed para ayudarlo a encontrar las C\u00e1psulas de Nembutal que necesita y entreg\u00e1rselas lo m\u00e1s r\u00e1pido posible. De acuerdo con las normas de la industria, estamos cumpliendo o superando las expectativas de nuestros clientes. Las C\u00e1psulas de Nembutal de nuestra farmacia en l\u00ednea son de la m\u00e1s alta calidad, y esto incluye el embalaje y el env\u00edo tambi\u00e9n. Cont\u00e1ctenos hoy si est\u00e1 interesado en obtener c\u00e1psulas de Nembutal y atenderemos sus necesidades de manera oportuna.<\/p>\n<p>\u00bfPor qu\u00e9 comprar c\u00e1psulas de Nembutal en una farmacia de Nembutal en l\u00ednea es la mejor opci\u00f3n?<\/p>\n<p> Nuestra empresa es la mejor opci\u00f3n si desea C\u00e1psulas de Nembutal de manera precisa con un servicio de entrega r\u00e1pido y de calidad comprobada. Las C\u00e1psulas Nembutal de la mejor calidad est\u00e1n disponibles a precios econ\u00f3micos en la Farmacia Nembutal en l\u00ednea. Debido a que no usamos intermediarios, podemos hacer que todo funcione sin problemas. El servicio al cliente es una prioridad para nosotros y nos aseguramos de que los pedidos se entreguen a tiempo.<\/p>\n<p>Hemos recibido excelentes comentarios y evaluaciones de nuestros consumidores porque hemos trabajado en este campo durante mucho tiempo. Nuestro equipo env\u00eda las c\u00e1psulas de Nembutal a los clientes de forma segura. Incluimos un conjunto de instrucciones con cada art\u00edculo que nos compra. Estas instrucciones le mostrar\u00e1n c\u00f3mo tomar su receta de Nembutal Capsules de manera segura.<\/p>\n<p>Siempre puede confiar en nuestros servicios de primer nivel. Nuestra farmacia en l\u00ednea puede ayudarlo a obtener m\u00e1s informaci\u00f3n sobre el medicamento Nembutal Capsules. Las c\u00e1psulas de Nembutal sol\u00edan ser dif\u00edciles de obtener en el pasado. Sin embargo, con el paso del tiempo, nuestra farmacia en l\u00ednea ha podido ofrecer art\u00edculos de Nembutal en l\u00ednea. Puedes conseguirlos cuando quieras.<\/p>\n","protected":false},"excerpt":{"rendered":"<p>Pedido de c\u00e1psulas de Nembutal en l\u00ednea: \u00bfcu\u00e1les son los pasos a seguir?<\/p>\n<p>Puede enviar su solicitud para comprar c\u00e1psulas de Nembutal en l\u00ednea al mejor precio en nuestro sitio web oficial y completarla en poco tiempo. Estamos a cargo de cumplir con su pedido. \u00a1Puede comprarnos C\u00e1psulas de Nembutal ahora mismo si nos contacta hoy!<\/p>\n<p>En nuestra tienda en l\u00ednea BestGlobalMedicines.com puede obtener C\u00e1psulas de Nembutal, p\u00edldoras de Europa y Pentobarbital a la venta en el Reino Unido con entrega r\u00e1pida en todo el mundo. \u00a1Encontrar\u00e1 el mejor lugar para comprar Nembutal en l\u00ednea aqu\u00ed mismo!<\/p>\n","protected":false},"featured_media":5786,"comment_status":"open","ping_status":"closed","template":"","meta":[],"product_brand":[],"product_cat":[3818],"product_tag":[3836,3837,3838,3915,3919,3916,3918,3922,3832,3833,3834,3878,3820,3824,3825,3835,3840,3841,3842,3839,3822,3823,3821,3904,3826,3858,3830,3829,3827,3828,3905,3901,3907,3923,3924,3925,3926,3927,3914,3917,3920,3864,3882,3853,3869,3912,3910,3885,3887,3886,3844,3843,3852,3848,3849,3850,3851,3819,3845,3847,3846,3855,3856,3859,3860,3865,3866,3867,3857,3863,3862,3894,3861,3871,3873,3874,3875,3909,3908,3877,3876,3906,3880,3890,3891,3892,3884,3883,3893,3879,3902,3881,3889,3898,3899,3900,3872,3870,3895,3897,3896,3868,3831,3913,3854,3888,3903,3911,3921],"class_list":{"0":"post-5777","1":"product","2":"type-product","3":"status-publish","4":"has-post-thumbnail","6":"product_cat-pentobarbital-para-la-venta","7":"product_tag-como-puedo-pedir-nembutal-liquido","8":"product_tag-como-puedo-pedir-pastillas-de-nembutal","9":"product_tag-como-puedo-pedir-pentobarbital-sodio","10":"product_tag-donde-puedo-comprar-pastillas-de-nembutal","11":"product_tag-donde-puedo-comprar-pentobarbital-sodio-pastillas-para-dormir","12":"product_tag-donde-puedo-comprar-nembutal-pentobarbital-sdico","13":"product_tag-donde-puedo-comprar-pentobarbital-sodio","14":"product_tag-donde-se-puede-comprar-pentobarbital-sodio","15":"product_tag-puedo-pedir-nembutal-online","16":"product_tag-puedo-pedir-pentobarbital-online","17":"product_tag-se-puede-comprar-pentobarbital-sodio-sin-recetario","18":"product_tag-pentobarbital-sodio-anestesia","19":"product_tag-buy-cheap-nembutal-liquid-online","20":"product_tag-buy-nembutal-pentobarbital-sodium","21":"product_tag-buy-nembutal-pills-online","22":"product_tag-can-you-buy-sodium-pentobarbital","23":"product_tag-como-adquirir-nembutal","24":"product_tag-cmo-comprar-nembutal-online","25":"product_tag-cmo-pedir-nembutal-por-correo","26":"product_tag-como-puedo-tomar-nembutal","27":"product_tag-comprar-nembutal-aqui","28":"product_tag-comprar-nembutal-liquido-online","29":"product_tag-comprar-nembutal-barato-online","30":"product_tag-compra-nembutal-online","31":"product_tag-comprar-nembutal-sodio-online","32":"product_tag-pastillas-nembutal-comprar","33":"product_tag-comprar-pentobarbital-sodio-es","34":"product_tag-comprar-pentobarbital-sodio-pentobarbital-sodio-sal","35":"product_tag-comprar-pentobarbital-sodio","36":"product_tag-comprar-pentobarbital-sodio-2021","37":"product_tag-comprar-nembutal-pastillas-online","38":"product_tag-pentobarbital-sodio-tabletas","39":"product_tag-sodio-pentobarbital-costo","40":"product_tag-donde-comprar-nembutal-barato-en-linea","41":"product_tag-donde-comprar-pastillas-de-nembutal-online","42":"product_tag-donde-comprar-pentobarbital-sodio","43":"product_tag-donde-comprar-pentobarbital-sodio-para-perros","44":"product_tag-donde-conseguir-pentobarbital-sodio","45":"product_tag-donde-puedo-comprar-nembutal-liquido","46":"product_tag-donde-puedo-comprar-pentobarbital","47":"product_tag-donde-puedo-comprar-pentobarbital-sodico","48":"product_tag-nembutal-pastillas-dosis","49":"product_tag-dosificacin-de-pentobarbital-sdico","50":"product_tag-nembutal-dosis-lquida","51":"product_tag-nembutal-suicida-dosis","52":"product_tag-el-mejor-lugar-para-comprar-pastillas-de-nembutal-online","53":"product_tag-fabricantes-de-pentobarbital-sdico","54":"product_tag-pentobarbital-sodium-group","55":"product_tag-inyeccin-de-pentobarbital-sdico-para-humanos","56":"product_tag-pentobarbital-sodio-inyeccion-para-perros","57":"product_tag-inyeccion-letal-comprar-online","58":"product_tag-it-is-easy-to-buy-nembutal-online","59":"product_tag-nembutal-liquido-comprar-es","60":"product_tag-nembutal-liquido-comprar","61":"product_tag-nembutal-liquido-comprar-australia","62":"product_tag-nembutal-liquido-comprar-austria","63":"product_tag-nembutal-liquido-comprar-europa","64":"product_tag-mejor-medicamento-para-sobredosis-de-suicidio","65":"product_tag-nembutal","66":"product_tag-nembutal-en-venta","67":"product_tag-nembutal-capsule","68":"product_tag-nembutal-liquid-supplier","69":"product_tag-nembutal-pentobarbital-sodio-comprar","70":"product_tag-nembutal-pills-buy-australia","71":"product_tag-nembutal-pills-buy-austria","72":"product_tag-nembutal-pills-for-sale","73":"product_tag-nembutal-pills-online","74":"product_tag-nembutal-pills-overdose","75":"product_tag-pastillas-de-nembutal","76":"product_tag-pastillas-de-nembutal-comprar-es","77":"product_tag-nembutal-pastillas-comprar-online","78":"product_tag-pentobarbital-sodio-pastillas","79":"product_tag-nembutal-pastillas-comprar-europa","80":"product_tag-orden-nembutal-pastillas","81":"product_tag-orden-pentobarbital-sodio","82":"product_tag-pentobarbital","83":"product_tag-pentobarbital-de-sodio-dosis-letal","84":"product_tag-pentobarbital-sdico-para-la-eutanasia","85":"product_tag-pentobarbital-sdico-para-eutanasia-animal","86":"product_tag-pentobarbital-near-me","87":"product_tag-pentobarbital-para-la-eutanasia","88":"product_tag-sodio-pentobarbital-nembutal","89":"product_tag-pentobarbital-sodio-china","90":"product_tag-pentobarbital-sodio-liquido","91":"product_tag-pentobarbital-sodium-nz","92":"product_tag-pentobarbital-sodio-oral","93":"product_tag-pentobarbital-sodio-para-humanos","94":"product_tag-pentobarbital-sodio-para-perros","95":"product_tag-pentobarbital-sodio-over-the-counter","96":"product_tag-pentobarbital-sodio-comprar","97":"product_tag-pentobarbital-sodio-donde-comprar","98":"product_tag-pentobarbital-sodio-muerte","99":"product_tag-pentobarbital-sodium-injection-usp","100":"product_tag-pentobarbital-sodium-salt","101":"product_tag-pentobarbital-sodium-sleeping-pills","102":"product_tag-pentobarbital-sodium-sleeping-pills-over-the-counter","103":"product_tag-ordenar-nembutal-pastillas-online","104":"product_tag-orden-nembutal-liquido","105":"product_tag-pentobarbital-sodio-polvo","106":"product_tag-pentobarbital-sodio-precio","107":"product_tag-recetan-de-pentobarbital-sdico","108":"product_tag-proveedor-de-pastillas-de-nembutal","109":"product_tag-puedo-comprar-pentobarbital","110":"product_tag-quiero-comprar-nembutal","111":"product_tag-sobredosis-de-lquido-nembutal","112":"product_tag-solucin-inyectable-de-pentobarbital-sdico","113":"product_tag-uso-de-pentobarbital","114":"product_tag-sodio-pentobarbital-vida-til","115":"product_tag-where-can-i-purchase-nembutal","117":"first","118":"instock","119":"shipping-taxable","120":"purchasable","121":"product-type-variable"},"yoast_head":"<!-- This site is optimized with the Yoast SEO plugin v27.2 - https:\/\/yoast.com\/product\/yoast-seo-wordpress\/ -->\n<title>Comprar c\u00e1psulas de Nembutal - Ordenar c\u00e1psulas de Nembutal - Best Global Meds<\/title>\n<meta name=\"description\" content=\"Compre\/pida Nembutal Capsules, Pills para la venta en el Reino Unido, Europa, China, Jap\u00f3n, Israel en una farmacia en l\u00ednea acreditada sin receta y env\u00edo discreto garantizado.\" \/>\n<meta name=\"robots\" content=\"index, follow, max-snippet:-1, max-image-preview:large, max-video-preview:-1\" \/>\n<link rel=\"canonical\" href=\"https:\/\/medicinasinc.com\/es\/product\/comprar-capsulas-de-nembutal\/\" \/>\n<meta property=\"og:locale\" content=\"es_ES\" \/>\n<meta property=\"og:type\" content=\"article\" \/>\n<meta property=\"og:title\" content=\"Comprar c\u00e1psulas de Nembutal - Ordenar c\u00e1psulas de Nembutal - Best Global Meds\" \/>\n<meta property=\"og:description\" content=\"Compre\/pida Nembutal Capsules, Pills para la venta en el Reino Unido, Europa, China, Jap\u00f3n, Israel en una farmacia en l\u00ednea acreditada sin receta y env\u00edo discreto garantizado.\" \/>\n<meta property=\"og:url\" content=\"https:\/\/medicinasinc.com\/es\/product\/comprar-capsulas-de-nembutal\/\" \/>\n<meta property=\"og:site_name\" content=\"Medicinas Inc\" \/>\n<meta property=\"article:modified_time\" content=\"2022-03-22T00:13:11+00:00\" \/>\n<meta property=\"og:image\" content=\"https:\/\/medicinasinc.com\/es\/wp-content\/uploads\/sites\/15\/2022\/02\/Buy-Nembutal-Capsules.jpg\" \/>\n\t<meta property=\"og:image:width\" content=\"600\" \/>\n\t<meta property=\"og:image:height\" content=\"600\" \/>\n\t<meta property=\"og:image:type\" content=\"image\/jpeg\" \/>\n<meta name=\"twitter:card\" content=\"summary_large_image\" \/>\n<meta name=\"twitter:label1\" content=\"Tiempo de lectura\" \/>\n\t<meta name=\"twitter:data1\" content=\"2 minutos\" \/>\n<script type=\"application\/ld+json\" class=\"yoast-schema-graph\">{\"@context\":\"https:\/\/schema.org\",\"@graph\":[{\"@type\":\"WebPage\",\"@id\":\"https:\/\/medicinasinc.com\/es\/product\/comprar-capsulas-de-nembutal\/\",\"url\":\"https:\/\/medicinasinc.com\/es\/product\/comprar-capsulas-de-nembutal\/\",\"name\":\"Comprar c\u00e1psulas de Nembutal - Ordenar c\u00e1psulas de Nembutal - Best Global Meds\",\"isPartOf\":{\"@id\":\"https:\/\/medicinasinc.com\/es\/#website\"},\"primaryImageOfPage\":{\"@id\":\"https:\/\/medicinasinc.com\/es\/product\/comprar-capsulas-de-nembutal\/#primaryimage\"},\"image\":{\"@id\":\"https:\/\/medicinasinc.com\/es\/product\/comprar-capsulas-de-nembutal\/#primaryimage\"},\"thumbnailUrl\":\"https:\/\/medicinasinc.com\/es\/wp-content\/uploads\/sites\/15\/2022\/02\/Buy-Nembutal-Capsules.jpg\",\"datePublished\":\"2022-02-22T05:58:59+00:00\",\"dateModified\":\"2022-03-22T00:13:11+00:00\",\"description\":\"Compre\/pida Nembutal Capsules, Pills para la venta en el Reino Unido, Europa, China, Jap\u00f3n, Israel en una farmacia en l\u00ednea acreditada sin receta y env\u00edo discreto garantizado.\",\"breadcrumb\":{\"@id\":\"https:\/\/medicinasinc.com\/es\/product\/comprar-capsulas-de-nembutal\/#breadcrumb\"},\"inLanguage\":\"es\",\"potentialAction\":[{\"@type\":\"ReadAction\",\"target\":[\"https:\/\/medicinasinc.com\/es\/product\/comprar-capsulas-de-nembutal\/\"]}]},{\"@type\":\"ImageObject\",\"inLanguage\":\"es\",\"@id\":\"https:\/\/medicinasinc.com\/es\/product\/comprar-capsulas-de-nembutal\/#primaryimage\",\"url\":\"https:\/\/medicinasinc.com\/es\/wp-content\/uploads\/sites\/15\/2022\/02\/Buy-Nembutal-Capsules.jpg\",\"contentUrl\":\"https:\/\/medicinasinc.com\/es\/wp-content\/uploads\/sites\/15\/2022\/02\/Buy-Nembutal-Capsules.jpg\",\"width\":600,\"height\":600},{\"@type\":\"BreadcrumbList\",\"@id\":\"https:\/\/medicinasinc.com\/es\/product\/comprar-capsulas-de-nembutal\/#breadcrumb\",\"itemListElement\":[{\"@type\":\"ListItem\",\"position\":1,\"name\":\"Tienda\",\"item\":\"https:\/\/medicinasinc.com\/es\/tienda\/\"},{\"@type\":\"ListItem\",\"position\":2,\"name\":\"Comprar c\u00e1psulas de Nembutal\"}]},{\"@type\":\"WebSite\",\"@id\":\"https:\/\/medicinasinc.com\/es\/#website\",\"url\":\"https:\/\/medicinasinc.com\/es\/\",\"name\":\"Medicinas Inc\",\"description\":\"Cl\u00ednica M\u00e9dica de Salud\",\"potentialAction\":[{\"@type\":\"SearchAction\",\"target\":{\"@type\":\"EntryPoint\",\"urlTemplate\":\"https:\/\/medicinasinc.com\/es\/?s={search_term_string}\"},\"query-input\":{\"@type\":\"PropertyValueSpecification\",\"valueRequired\":true,\"valueName\":\"search_term_string\"}}],\"inLanguage\":\"es\"}]}<\/script>\n<!-- \/ Yoast SEO plugin. -->","yoast_head_json":{"title":"Comprar c\u00e1psulas de Nembutal - Ordenar c\u00e1psulas de Nembutal - Best Global Meds","description":"Compre\/pida Nembutal Capsules, Pills para la venta en el Reino Unido, Europa, China, Jap\u00f3n, Israel en una farmacia en l\u00ednea acreditada sin receta y env\u00edo discreto garantizado.","robots":{"index":"index","follow":"follow","max-snippet":"max-snippet:-1","max-image-preview":"max-image-preview:large","max-video-preview":"max-video-preview:-1"},"canonical":"https:\/\/medicinasinc.com\/es\/product\/comprar-capsulas-de-nembutal\/","og_locale":"es_ES","og_type":"article","og_title":"Comprar c\u00e1psulas de Nembutal - Ordenar c\u00e1psulas de Nembutal - Best Global Meds","og_description":"Compre\/pida Nembutal Capsules, Pills para la venta en el Reino Unido, Europa, China, Jap\u00f3n, Israel en una farmacia en l\u00ednea acreditada sin receta y env\u00edo discreto garantizado.","og_url":"https:\/\/medicinasinc.com\/es\/product\/comprar-capsulas-de-nembutal\/","og_site_name":"Medicinas Inc","article_modified_time":"2022-03-22T00:13:11+00:00","og_image":[{"width":600,"height":600,"url":"https:\/\/medicinasinc.com\/es\/wp-content\/uploads\/sites\/15\/2022\/02\/Buy-Nembutal-Capsules.jpg","type":"image\/jpeg"}],"twitter_card":"summary_large_image","twitter_misc":{"Tiempo de lectura":"2 minutos"},"schema":{"@context":"https:\/\/schema.org","@graph":[{"@type":"WebPage","@id":"https:\/\/medicinasinc.com\/es\/product\/comprar-capsulas-de-nembutal\/","url":"https:\/\/medicinasinc.com\/es\/product\/comprar-capsulas-de-nembutal\/","name":"Comprar c\u00e1psulas de Nembutal - Ordenar c\u00e1psulas de Nembutal - Best Global Meds","isPartOf":{"@id":"https:\/\/medicinasinc.com\/es\/#website"},"primaryImageOfPage":{"@id":"https:\/\/medicinasinc.com\/es\/product\/comprar-capsulas-de-nembutal\/#primaryimage"},"image":{"@id":"https:\/\/medicinasinc.com\/es\/product\/comprar-capsulas-de-nembutal\/#primaryimage"},"thumbnailUrl":"https:\/\/medicinasinc.com\/es\/wp-content\/uploads\/sites\/15\/2022\/02\/Buy-Nembutal-Capsules.jpg","datePublished":"2022-02-22T05:58:59+00:00","dateModified":"2022-03-22T00:13:11+00:00","description":"Compre\/pida Nembutal Capsules, Pills para la venta en el Reino Unido, Europa, China, Jap\u00f3n, Israel en una farmacia en l\u00ednea acreditada sin receta y env\u00edo discreto garantizado.","breadcrumb":{"@id":"https:\/\/medicinasinc.com\/es\/product\/comprar-capsulas-de-nembutal\/#breadcrumb"},"inLanguage":"es","potentialAction":[{"@type":"ReadAction","target":["https:\/\/medicinasinc.com\/es\/product\/comprar-capsulas-de-nembutal\/"]}]},{"@type":"ImageObject","inLanguage":"es","@id":"https:\/\/medicinasinc.com\/es\/product\/comprar-capsulas-de-nembutal\/#primaryimage","url":"https:\/\/medicinasinc.com\/es\/wp-content\/uploads\/sites\/15\/2022\/02\/Buy-Nembutal-Capsules.jpg","contentUrl":"https:\/\/medicinasinc.com\/es\/wp-content\/uploads\/sites\/15\/2022\/02\/Buy-Nembutal-Capsules.jpg","width":600,"height":600},{"@type":"BreadcrumbList","@id":"https:\/\/medicinasinc.com\/es\/product\/comprar-capsulas-de-nembutal\/#breadcrumb","itemListElement":[{"@type":"ListItem","position":1,"name":"Tienda","item":"https:\/\/medicinasinc.com\/es\/tienda\/"},{"@type":"ListItem","position":2,"name":"Comprar c\u00e1psulas de Nembutal"}]},{"@type":"WebSite","@id":"https:\/\/medicinasinc.com\/es\/#website","url":"https:\/\/medicinasinc.com\/es\/","name":"Medicinas Inc","description":"Cl\u00ednica M\u00e9dica de Salud","potentialAction":[{"@type":"SearchAction","target":{"@type":"EntryPoint","urlTemplate":"https:\/\/medicinasinc.com\/es\/?s={search_term_string}"},"query-input":{"@type":"PropertyValueSpecification","valueRequired":true,"valueName":"search_term_string"}}],"inLanguage":"es"}]}},"_links":{"self":[{"href":"https:\/\/medicinasinc.com\/es\/wp-json\/wp\/v2\/product\/5777","targetHints":{"allow":["GET"]}}],"collection":[{"href":"https:\/\/medicinasinc.com\/es\/wp-json\/wp\/v2\/product"}],"about":[{"href":"https:\/\/medicinasinc.com\/es\/wp-json\/wp\/v2\/types\/product"}],"replies":[{"embeddable":true,"href":"https:\/\/medicinasinc.com\/es\/wp-json\/wp\/v2\/comments?post=5777"}],"wp:featuredmedia":[{"embeddable":true,"href":"https:\/\/medicinasinc.com\/es\/wp-json\/wp\/v2\/media\/5786"}],"wp:attachment":[{"href":"https:\/\/medicinasinc.com\/es\/wp-json\/wp\/v2\/media?parent=5777"}],"wp:term":[{"taxonomy":"product_brand","embeddable":true,"href":"https:\/\/medicinasinc.com\/es\/wp-json\/wp\/v2\/product_brand?post=5777"},{"taxonomy":"product_cat","embeddable":true,"href":"https:\/\/medicinasinc.com\/es\/wp-json\/wp\/v2\/product_cat?post=5777"},{"taxonomy":"product_tag","embeddable":true,"href":"https:\/\/medicinasinc.com\/es\/wp-json\/wp\/v2\/product_tag?post=5777"}],"curies":[{"name":"wp","href":"https:\/\/api.w.org\/{rel}","templated":true}]}}