{"id":5739,"date":"2022-02-22T05:15:21","date_gmt":"2022-02-22T05:15:21","guid":{"rendered":"https:\/\/medicinasinc.com\/es\/?post_type=product&#038;p=5739"},"modified":"2022-03-22T00:13:23","modified_gmt":"2022-03-22T00:13:23","slug":"comprar-pirazolam-0-5-mg-pellets","status":"publish","type":"product","link":"https:\/\/medicinasinc.com\/es\/product\/comprar-pirazolam-0-5-mg-pellets\/","title":{"rendered":"Comprar Pyrazolam 0,5 mg gr\u00e1nulos"},"content":{"rendered":"<p>Gr\u00e1nulos de 0,5 mg de pirazolam a la venta en el Reino Unido, Europa, Australia y la Uni\u00f3n Europea. Precio de pirazolam, entrega al d\u00eda siguiente de pirazolam y d\u00f3nde comprar pirazolam de calidad.<\/p>\n<p>Bitcoin se puede usar para comprar gr\u00e1nulos de pirazolam de 1 mg en l\u00ednea. C16H12BrN5 es la estructura molecular de este gr\u00e1nulo de prensa. El pirazolam puede ser dif\u00edcil de conseguir.<\/p>\n<p>La clase de medicamentos de las benzodiazepinas incluye el pirazolam, un nuevo depresor. La relajaci\u00f3n, la desinhibici\u00f3n y la euforia son solo algunos de los efectos secundarios positivos que reportan las personas. Compre y ordene Pellets de pirazolam 2022 baratos en Internet.<\/p>\n<p>Las benzodiazepinas como el pirazolam y el diazepam tienen menos euforia y son m\u00e1s sedantes, por lo que no se usan com\u00fanmente con fines recreativos.<\/p>\n<p> Farmac\u00e9uticos Ordene Pellets de Pyrazolam 2022 baratos en l\u00ednea<\/p>\n<p>Hay muchos efectos diferentes que se pueden producir al tomar benzos porque se unen al sitio del receptor de benzodiazepina y mejoran la eficacia del \u00e1cido gamma-aminobut\u00edrico y los efectos sobre sus receptores.<\/p>\n<p>Los efectos sedantes o calmantes del piazolam en el sistema nervioso se pueden atribuir a la modulaci\u00f3n de este sitio, que es el conjunto de receptores inhibitorios m\u00e1s prol\u00edfico del cerebro.<\/p>\n<p>Comprar Pyrazolam a un proveedor de confianza garantiza que reciba su pedido a tiempo para el a\u00f1o 2021.<\/p>\n<p>En lugar de los receptores de benzodiacepinas, los efectos anticonvulsivos de las benzodiazepinas pueden deberse a su uni\u00f3n a los canales de sodio dependientes de voltaje.<\/p>\n<p>Efectos en el Cuerpo<br \/> Mareos<br \/> p\u00e9rdida de funci\u00f3n motora<br \/> Relajaci\u00f3n de los m\u00fasculos<br \/> Depresi\u00f3n del sistema respiratorio<br \/> El piazolam es menos sedante que otras benzodiazepinas a menos que se tome en dosis altas, raz\u00f3n por la cual a menudo se prescribe para tratar el insomnio.<br \/> Efectos en la mente<\/p>\n<p>Los efectos cognitivos de Pyrazolam se pueden dividir en varios componentes que aumentan en intensidad a medida que aumenta la dosis.<\/p>\n<p>Comprar Pyrazolam de un proveedor de confianza garantiza que recibir\u00e1 su pedido a tiempo para el a\u00f1o 2021.<\/p>\n<p>Muchas personas describen el efecto general del pirazolam en la mente como una sedaci\u00f3n leve, pero con una fuerte reducci\u00f3n correspondiente de la ansiedad. Tiene una gran cantidad de efectos cognitivos que com\u00fanmente se asocian con la depresi\u00f3n.<\/p>\n<p>En general, los efectos cognitivos m\u00e1s notables incluyen:<\/p>\n<p>Amnesia<br \/> Supresi\u00f3n de la ansiedad<br \/> Ralentizaci\u00f3n de la mente<br \/> Supresi\u00f3n del an\u00e1lisis de datos<br \/> Desinhibici\u00f3n<br \/> Reproducci\u00f3n repetida de los propios errores<br \/> Sobriedad-delirio: A pesar de la evidencia obvia de lo contrario, como un deterioro cognitivo severo y una incapacidad para comunicarse completamente con los dem\u00e1s, la falsa creencia de que uno est\u00e1 completamente sobrio persiste en el individuo.<br \/> Aumento de los sue\u00f1os<br \/> Contrastes sorprendentes<br \/> Pida Pyrazolam Pellets 2021, compre Pyrazolam en l\u00ednea a bajo precio 2021<\/p>\n<p>No es raro que las personas que toman benzodiazepinas experimenten efectos secundarios inusuales, como un aumento en la frecuencia de las convulsiones, agresi\u00f3n, irritabilidad e ideaci\u00f3n suicida.<\/p>\n<p>Consumidores de drogas recreativas, personas con enfermedades mentales, ni\u00f1os, y los pacientes en reg\u00edmenes de dosis altas tienen m\u00e1s probabilidades de experimentar e estos efectos parad\u00f3jicos.<\/p>\n<p>Potencial de adicci\u00f3n y tolerancia<\/p>\n<p>El pirazolam tiene un alto nivel de dependencia f\u00edsica y mental.<br \/> La tolerancia a los efectos sedantes-hipn\u00f3ticos se desarrollar\u00e1 en unos pocos d\u00edas de uso regular del f\u00e1rmaco.<\/p>\n<p>La tolerancia vuelve a la normalidad entre 7 y 14 d\u00edas despu\u00e9s del cese. Sin embargo, es posible que, seg\u00fan el tiempo y la intensidad con que lo use, podr\u00eda demorar significativamente m\u00e1s.<\/p>\n<p>Despu\u00e9s de algunas semanas o m\u00e1s de dosificaci\u00f3n constante, pueden presentarse s\u00edntomas de abstinencia o s\u00edntomas de rebote, lo que requiere una reducci\u00f3n gradual de la dosis.<\/p>\n<p>Interacciones que pueden ser perjudiciales. Compre Pyrazolam en l\u00ednea, ordene Pyrazolam Pellets 2022<\/p>\n<p>Muchos medicamentos son seguros por s\u00ed solos, pero cuando se combinan con otras sustancias, pueden ser peligrosos e incluso potencialmente mortales. Algunas de las combinaciones m\u00e1s peligrosas se enumeran a continuaci\u00f3n, pero esto es por no significa una lista exhaustiva.<\/p>\n<p>Sin embargo, incluso en dosis bajas, ciertas combinaciones pueden aumentar el riesgo de muerte. Antes de consumir una mezcla de dos o m\u00e1s sustancias, se debe realizar una investigaci\u00f3n independiente para garantizar que sea segura.<\/p>\n<p>Combinar un depresor con otro depresor puede provocar una depresi\u00f3n respiratoria peligrosa o incluso fatal. En dosis altas, la relajaci\u00f3n muscular, la sedaci\u00f3n y la amnesia que provoca cada uno de estos f\u00e1rmacos pueden amplificarse hasta el punto de una p\u00e9rdida inesperada del conocimiento.<\/p>\n<p>Como resultado de esta combinaci\u00f3n, el riesgo de v\u00f3mitos y muerte por asfixia durante la inconsciencia aumenta. Las personas que experimentan esto deben tratar de dormir en la posici\u00f3n de recuperaci\u00f3n o hacer que un amigo los mueva a ella.<\/p>\n<p>Las benzodiazepinas y los estimulantes no deben combinarse debido al riesgo de intoxicaci\u00f3n excesiva. El efecto sedante de las benzodiazepinas se ve disminuido por los estimulantes, que es la consideraci\u00f3n principal para la mayor\u00eda de las personas al medir su nivel de intoxicaci\u00f3n.<\/p>\n","protected":false},"excerpt":{"rendered":"<p>En el Reino Unido, Europa, Australia y la UE, los gr\u00e1nulos de 0,5 mg de pirazolam est\u00e1n disponibles para su compra. Compre Pyrazolam en l\u00ednea, env\u00edo nocturno de Pyrazolam, costo de Pyrazolam.<\/p>\n<p>Compre gr\u00e1nulos de Pyrazolam de 1 mg con Bitcoin en una farmacia en l\u00ednea. C16H12BrN5 es la estructura molecular de este gr\u00e1nulo de prensa qu\u00edmica. el pirazolam puede ser dif\u00edcil de conseguir.<\/p>\n<p>Los gr\u00e1nulos de 0.5 mg de pirazolam est\u00e1n disponibles para comprar en l\u00ednea. Seg\u00fan la teor\u00eda, se espera que Pyrazolam cause menos ataxia y sedaci\u00f3n que otros agentes. Debido a que no tiene metabolitos activos, el pirazolam tiene una vida media m\u00e1s larga (6 horas en promedio) y un efecto m\u00e1s lineal que la mayor\u00eda de las otras benzodiazepinas.<\/p>\n","protected":false},"featured_media":5751,"comment_status":"open","ping_status":"closed","template":"","meta":[],"product_brand":[],"product_cat":[2014],"product_tag":[3816,3797,3798,3799,3800,3807,3803,3802,3801,3817,3810,3804,3806,3805,3808,3809,3815,3814,3812,3813,3811],"class_list":{"0":"post-5739","1":"product","2":"type-product","3":"status-publish","4":"has-post-thumbnail","6":"product_cat-comprar-investigacion-quimicos","7":"product_tag-donde-puedo-bien-pirazolam-paletas","8":"product_tag-best-place-to-order-pyrazolam-0-5-mg-pallets","9":"product_tag-best-quality-pyrazolam","10":"product_tag-buy-pyrazolam-0-5-mg","11":"product_tag-buy-pyrazolam-0-5-mg-pellets","12":"product_tag-comprar-pirazolam","13":"product_tag-comprar-pirazolam-online","14":"product_tag-comprar-pirazolam-cerca-de-mi","15":"product_tag-comprar-pirazolam-europa","16":"product_tag-donde-comprar-pirazolam-0-5-mg","17":"product_tag-efecto-pirazolam","18":"product_tag-orden-pirazolam","19":"product_tag-orden-pirazolam-es","20":"product_tag-pedir-pirazolam-0-5-paletas","21":"product_tag-pirazolam-0-5-mg-para-la-venta","22":"product_tag-pirazolam-0-5-mg-revisin","23":"product_tag-pirazolam-al-por-mayor","24":"product_tag-proveedor-de-pirazolam","25":"product_tag-pyrazolam-price","26":"product_tag-pirazolam-venta","27":"product_tag-venta-de-pirazolam","29":"first","30":"instock","31":"shipping-taxable","32":"purchasable","33":"product-type-variable","34":"has-default-attributes"},"yoast_head":"<!-- This site is optimized with the Yoast SEO plugin v27.2 - https:\/\/yoast.com\/product\/yoast-seo-wordpress\/ -->\n<title>Comprar Pyrazolam 0.5 mg pellets - Pyrazolam 0.5 mg - Best Global Meds<\/title>\n<meta name=\"description\" content=\"Compre gr\u00e1nulos de pirazolam de 0,5 mg a la venta en el Reino Unido, Europa, AU, UE, solicite gr\u00e1nulos de pirazolam baratos 2022, d\u00f3nde comprar pirazolam de alta calidad, entrega al d\u00eda siguiente, precio de pirazolam.\" \/>\n<meta name=\"robots\" content=\"index, follow, max-snippet:-1, max-image-preview:large, max-video-preview:-1\" \/>\n<link rel=\"canonical\" href=\"https:\/\/medicinasinc.com\/es\/product\/comprar-pirazolam-0-5-mg-pellets\/\" \/>\n<meta property=\"og:locale\" content=\"es_ES\" \/>\n<meta property=\"og:type\" content=\"article\" \/>\n<meta property=\"og:title\" content=\"Comprar Pyrazolam 0.5 mg pellets - Pyrazolam 0.5 mg - Best Global Meds\" \/>\n<meta property=\"og:description\" content=\"Compre gr\u00e1nulos de pirazolam de 0,5 mg a la venta en el Reino Unido, Europa, AU, UE, solicite gr\u00e1nulos de pirazolam baratos 2022, d\u00f3nde comprar pirazolam de alta calidad, entrega al d\u00eda siguiente, precio de pirazolam.\" \/>\n<meta property=\"og:url\" content=\"https:\/\/medicinasinc.com\/es\/product\/comprar-pirazolam-0-5-mg-pellets\/\" \/>\n<meta property=\"og:site_name\" content=\"Medicinas Inc\" \/>\n<meta property=\"article:modified_time\" content=\"2022-03-22T00:13:23+00:00\" \/>\n<meta property=\"og:image\" content=\"https:\/\/medicinasinc.com\/es\/wp-content\/uploads\/sites\/15\/2022\/02\/buy-pyrazolam-0-5-mg-pellets-online.jpg\" \/>\n\t<meta property=\"og:image:width\" content=\"600\" \/>\n\t<meta property=\"og:image:height\" content=\"600\" \/>\n\t<meta property=\"og:image:type\" content=\"image\/jpeg\" \/>\n<meta name=\"twitter:card\" content=\"summary_large_image\" \/>\n<meta name=\"twitter:label1\" content=\"Tiempo de lectura\" \/>\n\t<meta name=\"twitter:data1\" content=\"4 minutos\" \/>\n<script type=\"application\/ld+json\" class=\"yoast-schema-graph\">{\"@context\":\"https:\/\/schema.org\",\"@graph\":[{\"@type\":\"WebPage\",\"@id\":\"https:\/\/medicinasinc.com\/es\/product\/comprar-pirazolam-0-5-mg-pellets\/\",\"url\":\"https:\/\/medicinasinc.com\/es\/product\/comprar-pirazolam-0-5-mg-pellets\/\",\"name\":\"Comprar Pyrazolam 0.5 mg pellets - Pyrazolam 0.5 mg - Best Global Meds\",\"isPartOf\":{\"@id\":\"https:\/\/medicinasinc.com\/es\/#website\"},\"primaryImageOfPage\":{\"@id\":\"https:\/\/medicinasinc.com\/es\/product\/comprar-pirazolam-0-5-mg-pellets\/#primaryimage\"},\"image\":{\"@id\":\"https:\/\/medicinasinc.com\/es\/product\/comprar-pirazolam-0-5-mg-pellets\/#primaryimage\"},\"thumbnailUrl\":\"https:\/\/medicinasinc.com\/es\/wp-content\/uploads\/sites\/15\/2022\/02\/buy-pyrazolam-0-5-mg-pellets-online.jpg\",\"datePublished\":\"2022-02-22T05:15:21+00:00\",\"dateModified\":\"2022-03-22T00:13:23+00:00\",\"description\":\"Compre gr\u00e1nulos de pirazolam de 0,5 mg a la venta en el Reino Unido, Europa, AU, UE, solicite gr\u00e1nulos de pirazolam baratos 2022, d\u00f3nde comprar pirazolam de alta calidad, entrega al d\u00eda siguiente, precio de pirazolam.\",\"breadcrumb\":{\"@id\":\"https:\/\/medicinasinc.com\/es\/product\/comprar-pirazolam-0-5-mg-pellets\/#breadcrumb\"},\"inLanguage\":\"es\",\"potentialAction\":[{\"@type\":\"ReadAction\",\"target\":[\"https:\/\/medicinasinc.com\/es\/product\/comprar-pirazolam-0-5-mg-pellets\/\"]}]},{\"@type\":\"ImageObject\",\"inLanguage\":\"es\",\"@id\":\"https:\/\/medicinasinc.com\/es\/product\/comprar-pirazolam-0-5-mg-pellets\/#primaryimage\",\"url\":\"https:\/\/medicinasinc.com\/es\/wp-content\/uploads\/sites\/15\/2022\/02\/buy-pyrazolam-0-5-mg-pellets-online.jpg\",\"contentUrl\":\"https:\/\/medicinasinc.com\/es\/wp-content\/uploads\/sites\/15\/2022\/02\/buy-pyrazolam-0-5-mg-pellets-online.jpg\",\"width\":600,\"height\":600},{\"@type\":\"BreadcrumbList\",\"@id\":\"https:\/\/medicinasinc.com\/es\/product\/comprar-pirazolam-0-5-mg-pellets\/#breadcrumb\",\"itemListElement\":[{\"@type\":\"ListItem\",\"position\":1,\"name\":\"Tienda\",\"item\":\"https:\/\/medicinasinc.com\/es\/tienda\/\"},{\"@type\":\"ListItem\",\"position\":2,\"name\":\"Comprar Pyrazolam 0,5 mg gr\u00e1nulos\"}]},{\"@type\":\"WebSite\",\"@id\":\"https:\/\/medicinasinc.com\/es\/#website\",\"url\":\"https:\/\/medicinasinc.com\/es\/\",\"name\":\"Medicinas Inc\",\"description\":\"Cl\u00ednica M\u00e9dica de Salud\",\"potentialAction\":[{\"@type\":\"SearchAction\",\"target\":{\"@type\":\"EntryPoint\",\"urlTemplate\":\"https:\/\/medicinasinc.com\/es\/?s={search_term_string}\"},\"query-input\":{\"@type\":\"PropertyValueSpecification\",\"valueRequired\":true,\"valueName\":\"search_term_string\"}}],\"inLanguage\":\"es\"}]}<\/script>\n<!-- \/ Yoast SEO plugin. -->","yoast_head_json":{"title":"Comprar Pyrazolam 0.5 mg pellets - Pyrazolam 0.5 mg - Best Global Meds","description":"Compre gr\u00e1nulos de pirazolam de 0,5 mg a la venta en el Reino Unido, Europa, AU, UE, solicite gr\u00e1nulos de pirazolam baratos 2022, d\u00f3nde comprar pirazolam de alta calidad, entrega al d\u00eda siguiente, precio de pirazolam.","robots":{"index":"index","follow":"follow","max-snippet":"max-snippet:-1","max-image-preview":"max-image-preview:large","max-video-preview":"max-video-preview:-1"},"canonical":"https:\/\/medicinasinc.com\/es\/product\/comprar-pirazolam-0-5-mg-pellets\/","og_locale":"es_ES","og_type":"article","og_title":"Comprar Pyrazolam 0.5 mg pellets - Pyrazolam 0.5 mg - Best Global Meds","og_description":"Compre gr\u00e1nulos de pirazolam de 0,5 mg a la venta en el Reino Unido, Europa, AU, UE, solicite gr\u00e1nulos de pirazolam baratos 2022, d\u00f3nde comprar pirazolam de alta calidad, entrega al d\u00eda siguiente, precio de pirazolam.","og_url":"https:\/\/medicinasinc.com\/es\/product\/comprar-pirazolam-0-5-mg-pellets\/","og_site_name":"Medicinas Inc","article_modified_time":"2022-03-22T00:13:23+00:00","og_image":[{"width":600,"height":600,"url":"https:\/\/medicinasinc.com\/es\/wp-content\/uploads\/sites\/15\/2022\/02\/buy-pyrazolam-0-5-mg-pellets-online.jpg","type":"image\/jpeg"}],"twitter_card":"summary_large_image","twitter_misc":{"Tiempo de lectura":"4 minutos"},"schema":{"@context":"https:\/\/schema.org","@graph":[{"@type":"WebPage","@id":"https:\/\/medicinasinc.com\/es\/product\/comprar-pirazolam-0-5-mg-pellets\/","url":"https:\/\/medicinasinc.com\/es\/product\/comprar-pirazolam-0-5-mg-pellets\/","name":"Comprar Pyrazolam 0.5 mg pellets - Pyrazolam 0.5 mg - Best Global Meds","isPartOf":{"@id":"https:\/\/medicinasinc.com\/es\/#website"},"primaryImageOfPage":{"@id":"https:\/\/medicinasinc.com\/es\/product\/comprar-pirazolam-0-5-mg-pellets\/#primaryimage"},"image":{"@id":"https:\/\/medicinasinc.com\/es\/product\/comprar-pirazolam-0-5-mg-pellets\/#primaryimage"},"thumbnailUrl":"https:\/\/medicinasinc.com\/es\/wp-content\/uploads\/sites\/15\/2022\/02\/buy-pyrazolam-0-5-mg-pellets-online.jpg","datePublished":"2022-02-22T05:15:21+00:00","dateModified":"2022-03-22T00:13:23+00:00","description":"Compre gr\u00e1nulos de pirazolam de 0,5 mg a la venta en el Reino Unido, Europa, AU, UE, solicite gr\u00e1nulos de pirazolam baratos 2022, d\u00f3nde comprar pirazolam de alta calidad, entrega al d\u00eda siguiente, precio de pirazolam.","breadcrumb":{"@id":"https:\/\/medicinasinc.com\/es\/product\/comprar-pirazolam-0-5-mg-pellets\/#breadcrumb"},"inLanguage":"es","potentialAction":[{"@type":"ReadAction","target":["https:\/\/medicinasinc.com\/es\/product\/comprar-pirazolam-0-5-mg-pellets\/"]}]},{"@type":"ImageObject","inLanguage":"es","@id":"https:\/\/medicinasinc.com\/es\/product\/comprar-pirazolam-0-5-mg-pellets\/#primaryimage","url":"https:\/\/medicinasinc.com\/es\/wp-content\/uploads\/sites\/15\/2022\/02\/buy-pyrazolam-0-5-mg-pellets-online.jpg","contentUrl":"https:\/\/medicinasinc.com\/es\/wp-content\/uploads\/sites\/15\/2022\/02\/buy-pyrazolam-0-5-mg-pellets-online.jpg","width":600,"height":600},{"@type":"BreadcrumbList","@id":"https:\/\/medicinasinc.com\/es\/product\/comprar-pirazolam-0-5-mg-pellets\/#breadcrumb","itemListElement":[{"@type":"ListItem","position":1,"name":"Tienda","item":"https:\/\/medicinasinc.com\/es\/tienda\/"},{"@type":"ListItem","position":2,"name":"Comprar Pyrazolam 0,5 mg gr\u00e1nulos"}]},{"@type":"WebSite","@id":"https:\/\/medicinasinc.com\/es\/#website","url":"https:\/\/medicinasinc.com\/es\/","name":"Medicinas Inc","description":"Cl\u00ednica M\u00e9dica de Salud","potentialAction":[{"@type":"SearchAction","target":{"@type":"EntryPoint","urlTemplate":"https:\/\/medicinasinc.com\/es\/?s={search_term_string}"},"query-input":{"@type":"PropertyValueSpecification","valueRequired":true,"valueName":"search_term_string"}}],"inLanguage":"es"}]}},"_links":{"self":[{"href":"https:\/\/medicinasinc.com\/es\/wp-json\/wp\/v2\/product\/5739","targetHints":{"allow":["GET"]}}],"collection":[{"href":"https:\/\/medicinasinc.com\/es\/wp-json\/wp\/v2\/product"}],"about":[{"href":"https:\/\/medicinasinc.com\/es\/wp-json\/wp\/v2\/types\/product"}],"replies":[{"embeddable":true,"href":"https:\/\/medicinasinc.com\/es\/wp-json\/wp\/v2\/comments?post=5739"}],"wp:featuredmedia":[{"embeddable":true,"href":"https:\/\/medicinasinc.com\/es\/wp-json\/wp\/v2\/media\/5751"}],"wp:attachment":[{"href":"https:\/\/medicinasinc.com\/es\/wp-json\/wp\/v2\/media?parent=5739"}],"wp:term":[{"taxonomy":"product_brand","embeddable":true,"href":"https:\/\/medicinasinc.com\/es\/wp-json\/wp\/v2\/product_brand?post=5739"},{"taxonomy":"product_cat","embeddable":true,"href":"https:\/\/medicinasinc.com\/es\/wp-json\/wp\/v2\/product_cat?post=5739"},{"taxonomy":"product_tag","embeddable":true,"href":"https:\/\/medicinasinc.com\/es\/wp-json\/wp\/v2\/product_tag?post=5739"}],"curies":[{"name":"wp","href":"https:\/\/api.w.org\/{rel}","templated":true}]}}