{"id":5735,"date":"2022-02-22T05:09:43","date_gmt":"2022-02-22T05:09:43","guid":{"rendered":"https:\/\/medicinasinc.com\/es\/?post_type=product&#038;p=5735"},"modified":"2022-03-22T00:13:33","modified_gmt":"2022-03-22T00:13:33","slug":"comprar-al-lad-polvo","status":"publish","type":"product","link":"https:\/\/medicinasinc.com\/es\/product\/comprar-al-lad-polvo\/","title":{"rendered":"Comprar polvo de al-lad"},"content":{"rendered":"<p>Compre polvo de al-lad en el Reino Unido, Europa, Australia y la UE, y cons\u00edgalo para 2022 a un precio econ\u00f3mico. Venta de polvo de al-lad, donde comprar polvo de al-lad con entrega al d\u00eda siguiente.<\/p>\n<p>AL-LAD en polvo. Mayorista y proveedor de materias primas farmac\u00e9uticas con una pureza del 99 %, productos qu\u00edmicos de investigaci\u00f3n y medicamentos gen\u00e9ricos, incluido el polvo AL-LAD. Embalaje seguro y discreto, as\u00ed como env\u00edo rastreado.<\/p>\n<p>Un an\u00e1logo de la dietilamida del \u00e1cido lis\u00e9rgico conocido como AL-LAD, o 6-alil-6-nor-LSD, es una sustancia qu\u00edmica compuesto (LSD). Una droga psicoactiva similar al LSD de la clase de la lisergamida, se administra para producir los mismos efectos psicod\u00e9licos.<\/p>\n<p>Informaci\u00f3n que es r\u00e1pida y sucia<\/p>\n<p>AL-LAD es el nombre del producto.<br \/> 6-6-nor-6-allyl-6-nor, AL-LAD<br \/> -LSD<br \/> N\u00famero CAS: 65527-61-9<br \/> C22H27N3O es la f\u00f3rmula molecular<br \/> La Uni\u00f3n Internacional de Qu\u00edmica Pura y Aplicada (6aR,9R)<br \/> -N,N-dietil-7-prop<br \/> -2-enil-6,6a,8,9<br \/> -tetrahidro- 4H-indolo[4,3-fg]<br \/> quinolina-9-carboxamida<br \/> El peso molecular es de 349,5 g\/mol.<br \/> 99,5 % libre de impurezas<br \/> Blanco o blanquecino apariencia de polvo cristalino<\/p>\n<p>Proveedor de polvo AL-LAD<\/p>\n<p>En el mercado de materias primas farmac\u00e9uticas, somos bien conocidos por la amplia gama de productos que ofrecemos y por proporcionar servicios de env\u00edo de medicamentos gen\u00e9ricos del m\u00e1s alto calibre. El objetivo del mayorista de polvo AL-LAD es proporcionar a los clientes productos de alta calidad a precios competitivos.<\/p>\n","protected":false},"excerpt":{"rendered":"<div class=\"woocommerce-product-details__short-description\">\n<p>Compre al-lad en polvo a la venta en Reino Unido, Europa, AU, UE, solicite polvo al-lad barato 2022, d\u00f3nde comprar al-lad de alta calidad polvo Entrega al d\u00eda siguiente, ventas de polvo al-lad.<\/p>\n<p>Compre AL-LAD Powder Europe de un proveedor confiable de productos qu\u00edmicos de investigaci\u00f3n. AL-LAD Powder es vendido por un mayorista que realiza env\u00edos desde la UE.<\/p>\n<p>Las personas que desean comprar AL-LAD Powder pueden obtenerlo a los mejores precios. Tiene lisergamidas de alta calidad y otros compuestos. Los precios m\u00e1s bajos. Hay un descuento. El env\u00edo a todo el mundo es r\u00e1pido.<\/p>\n<p>Compre Al-lad Powder Online. La dietilamida del \u00e1cido 6-alil-6-nor-lis\u00e9rgico, tambi\u00e9n conocida como Aladdin, es una droga alucin\u00f3gena semisint\u00e9tica que puede volver loca a la gente.<\/p>\n<table class=\"table\" style=\"height: 249px\" width=\"455\">\n<tbody>\n<tr>\n<th><\/th>\n<td><\/td>\n<\/tr>\n<tr>\n<th>Cantidad m\u00ednima de pedido:<\/th>\n<td>20 g<\/td>\n<\/tr>\n<tr>\n<th>Capacidad de Suministro:<\/th>\n<td>100 Kg\/mes<\/td>\n<\/tr>\n<tr>\n<th>Puerto:<\/th>\n<td> Varsovia, Pa\u00edses Bajos<\/td>\n<\/tr>\n<tr>\n<th>Condiciones de pago:<\/th>\n<td>Transferencia bancaria, Bitcoin, WU\/MG, Otro<\/td>\n<\/tr>\n<tr>\n<th>Detalles de embalaje:<\/th>\n<td>Seg\u00fan solicitud del cliente<\/td>\n<\/tr>\n<tr>\n<th>Detalles de entrega:<\/th>\n<td>Env\u00edo urgente, DPD, Pharma Courier EU<\/td>\n<\/tr>\n<\/tbody><\/div>\n","protected":false},"featured_media":5747,"comment_status":"open","ping_status":"closed","template":"","meta":[],"product_brand":[],"product_cat":[2014],"product_tag":[3757,3758,3778,3760,3763,3768,3765,3766,3767,3772,3773,3774,3779,3780,3759,3783,3784,3785,3786,3792,3787,3788,3794,3795,3796,3761,3789,3790,3762,3764,3793,3791,3777,3782,3770,3771,3776,3769,3775,3781],"class_list":{"0":"post-5735","1":"product","2":"type-product","3":"status-publish","4":"has-post-thumbnail","6":"product_cat-comprar-investigacion-quimicos","7":"product_tag-al-lad-safety","8":"product_tag-al-lad-proveedor","9":"product_tag-al-lad-reddit","10":"product_tag-al-lad-dosage","11":"product_tag-al-lad-erowid","12":"product_tag-al-lad-polvo-europa","13":"product_tag-al-lad-powder-buy","14":"product_tag-al-lad-powder-china","15":"product_tag-al-lad-powder-effect","16":"product_tag-al-lad-powder-review","17":"product_tag-al-lad-powder-reviews","18":"product_tag-al-lad-powder-sale","19":"product_tag-al-lad-trip-report","20":"product_tag-al-lad-vendor","21":"product_tag-al-lad-comprar","22":"product_tag-buy-al-lad-canada","23":"product_tag-buy-al-lad-powder","24":"product_tag-buy-al-lad-uk","25":"product_tag-comprar-al-lad-online","26":"product_tag-comprar-al-lad-polvo","27":"product_tag-comprar-al-lad-polvo-australia","28":"product_tag-comprar-al-lad-polvo-europa","29":"product_tag-donde-comprar-al-lad","30":"product_tag-donde-comprar-al-lad-polvo","31":"product_tag-donde-pedir-al-lad-polvo","32":"product_tag-al-lad-droga","33":"product_tag-easy-chems-review","34":"product_tag-easychems-review","35":"product_tag-al-lad-efectos","36":"product_tag-al-lad-experiencia","37":"product_tag-muestra-al-lad-polvo","38":"product_tag-orden-al-lad-polvo","39":"product_tag-al-lad-polvo-al-por-mayor","40":"product_tag-mejor-calidad-al-lad-polvo","41":"product_tag-al-lad-polvo-en-venta-online","42":"product_tag-al-lad-polvo-precios","43":"product_tag-al-lad-polvo-proveedor","44":"product_tag-al-lad-polvo-en-venta","45":"product_tag-venta-de-polvos-al-lad","46":"product_tag-ya-deja-la-legalidad","48":"first","49":"instock","50":"shipping-taxable","51":"purchasable","52":"product-type-variable","53":"has-default-attributes"},"yoast_head":"<!-- This site is optimized with the Yoast SEO plugin v27.3 - https:\/\/yoast.com\/product\/yoast-seo-wordpress\/ -->\n<title>Comprar polvo de al-lad - Venta de polvo de al-lad - Best Global Meds<\/title>\n<meta name=\"description\" content=\"Compre polvo de al-lad a la venta en el Reino Unido, Europa, AU, UE, ordene polvo de al-lad barato 2022, d\u00f3nde comprar polvo de al-lad de alta calidad Entrega al d\u00eda siguiente, ventas de polvo de al-lad.\" \/>\n<meta name=\"robots\" content=\"index, follow, max-snippet:-1, max-image-preview:large, max-video-preview:-1\" \/>\n<link rel=\"canonical\" href=\"https:\/\/medicinasinc.com\/es\/product\/comprar-al-lad-polvo\/\" \/>\n<meta property=\"og:locale\" content=\"es_ES\" \/>\n<meta property=\"og:type\" content=\"article\" \/>\n<meta property=\"og:title\" content=\"Comprar polvo de al-lad - Venta de polvo de al-lad - Best Global Meds\" \/>\n<meta property=\"og:description\" content=\"Compre polvo de al-lad a la venta en el Reino Unido, Europa, AU, UE, ordene polvo de al-lad barato 2022, d\u00f3nde comprar polvo de al-lad de alta calidad Entrega al d\u00eda siguiente, ventas de polvo de al-lad.\" \/>\n<meta property=\"og:url\" content=\"https:\/\/medicinasinc.com\/es\/product\/comprar-al-lad-polvo\/\" \/>\n<meta property=\"og:site_name\" content=\"Medicinas Inc\" \/>\n<meta property=\"article:modified_time\" content=\"2022-03-22T00:13:33+00:00\" \/>\n<meta property=\"og:image\" content=\"https:\/\/medicinasinc.com\/es\/wp-content\/uploads\/sites\/15\/2022\/02\/Buy-al-lad-powder.jpg\" \/>\n\t<meta property=\"og:image:width\" content=\"931\" \/>\n\t<meta property=\"og:image:height\" content=\"799\" \/>\n\t<meta property=\"og:image:type\" content=\"image\/jpeg\" \/>\n<meta name=\"twitter:card\" content=\"summary_large_image\" \/>\n<meta name=\"twitter:label1\" content=\"Tiempo de lectura\" \/>\n\t<meta name=\"twitter:data1\" content=\"1 minuto\" \/>\n<script type=\"application\/ld+json\" class=\"yoast-schema-graph\">{\"@context\":\"https:\\\/\\\/schema.org\",\"@graph\":[{\"@type\":\"WebPage\",\"@id\":\"https:\\\/\\\/medicinasinc.com\\\/es\\\/product\\\/comprar-al-lad-polvo\\\/\",\"url\":\"https:\\\/\\\/medicinasinc.com\\\/es\\\/product\\\/comprar-al-lad-polvo\\\/\",\"name\":\"Comprar polvo de al-lad - Venta de polvo de al-lad - Best Global Meds\",\"isPartOf\":{\"@id\":\"https:\\\/\\\/medicinasinc.com\\\/es\\\/#website\"},\"primaryImageOfPage\":{\"@id\":\"https:\\\/\\\/medicinasinc.com\\\/es\\\/product\\\/comprar-al-lad-polvo\\\/#primaryimage\"},\"image\":{\"@id\":\"https:\\\/\\\/medicinasinc.com\\\/es\\\/product\\\/comprar-al-lad-polvo\\\/#primaryimage\"},\"thumbnailUrl\":\"https:\\\/\\\/medicinasinc.com\\\/es\\\/wp-content\\\/uploads\\\/sites\\\/15\\\/2022\\\/02\\\/Buy-al-lad-powder.jpg\",\"datePublished\":\"2022-02-22T05:09:43+00:00\",\"dateModified\":\"2022-03-22T00:13:33+00:00\",\"description\":\"Compre polvo de al-lad a la venta en el Reino Unido, Europa, AU, UE, ordene polvo de al-lad barato 2022, d\u00f3nde comprar polvo de al-lad de alta calidad Entrega al d\u00eda siguiente, ventas de polvo de al-lad.\",\"breadcrumb\":{\"@id\":\"https:\\\/\\\/medicinasinc.com\\\/es\\\/product\\\/comprar-al-lad-polvo\\\/#breadcrumb\"},\"inLanguage\":\"es\",\"potentialAction\":[{\"@type\":\"ReadAction\",\"target\":[\"https:\\\/\\\/medicinasinc.com\\\/es\\\/product\\\/comprar-al-lad-polvo\\\/\"]}]},{\"@type\":\"ImageObject\",\"inLanguage\":\"es\",\"@id\":\"https:\\\/\\\/medicinasinc.com\\\/es\\\/product\\\/comprar-al-lad-polvo\\\/#primaryimage\",\"url\":\"https:\\\/\\\/medicinasinc.com\\\/es\\\/wp-content\\\/uploads\\\/sites\\\/15\\\/2022\\\/02\\\/Buy-al-lad-powder.jpg\",\"contentUrl\":\"https:\\\/\\\/medicinasinc.com\\\/es\\\/wp-content\\\/uploads\\\/sites\\\/15\\\/2022\\\/02\\\/Buy-al-lad-powder.jpg\",\"width\":931,\"height\":799},{\"@type\":\"BreadcrumbList\",\"@id\":\"https:\\\/\\\/medicinasinc.com\\\/es\\\/product\\\/comprar-al-lad-polvo\\\/#breadcrumb\",\"itemListElement\":[{\"@type\":\"ListItem\",\"position\":1,\"name\":\"Tienda\",\"item\":\"https:\\\/\\\/medicinasinc.com\\\/es\\\/tienda\\\/\"},{\"@type\":\"ListItem\",\"position\":2,\"name\":\"Comprar polvo de al-lad\"}]},{\"@type\":\"WebSite\",\"@id\":\"https:\\\/\\\/medicinasinc.com\\\/es\\\/#website\",\"url\":\"https:\\\/\\\/medicinasinc.com\\\/es\\\/\",\"name\":\"Medicinas Inc\",\"description\":\"Cl\u00ednica M\u00e9dica de Salud\",\"potentialAction\":[{\"@type\":\"SearchAction\",\"target\":{\"@type\":\"EntryPoint\",\"urlTemplate\":\"https:\\\/\\\/medicinasinc.com\\\/es\\\/?s={search_term_string}\"},\"query-input\":{\"@type\":\"PropertyValueSpecification\",\"valueRequired\":true,\"valueName\":\"search_term_string\"}}],\"inLanguage\":\"es\"}]}<\/script>\n<!-- \/ Yoast SEO plugin. -->","yoast_head_json":{"title":"Comprar polvo de al-lad - Venta de polvo de al-lad - Best Global Meds","description":"Compre polvo de al-lad a la venta en el Reino Unido, Europa, AU, UE, ordene polvo de al-lad barato 2022, d\u00f3nde comprar polvo de al-lad de alta calidad Entrega al d\u00eda siguiente, ventas de polvo de al-lad.","robots":{"index":"index","follow":"follow","max-snippet":"max-snippet:-1","max-image-preview":"max-image-preview:large","max-video-preview":"max-video-preview:-1"},"canonical":"https:\/\/medicinasinc.com\/es\/product\/comprar-al-lad-polvo\/","og_locale":"es_ES","og_type":"article","og_title":"Comprar polvo de al-lad - Venta de polvo de al-lad - Best Global Meds","og_description":"Compre polvo de al-lad a la venta en el Reino Unido, Europa, AU, UE, ordene polvo de al-lad barato 2022, d\u00f3nde comprar polvo de al-lad de alta calidad Entrega al d\u00eda siguiente, ventas de polvo de al-lad.","og_url":"https:\/\/medicinasinc.com\/es\/product\/comprar-al-lad-polvo\/","og_site_name":"Medicinas Inc","article_modified_time":"2022-03-22T00:13:33+00:00","og_image":[{"width":931,"height":799,"url":"https:\/\/medicinasinc.com\/es\/wp-content\/uploads\/sites\/15\/2022\/02\/Buy-al-lad-powder.jpg","type":"image\/jpeg"}],"twitter_card":"summary_large_image","twitter_misc":{"Tiempo de lectura":"1 minuto"},"schema":{"@context":"https:\/\/schema.org","@graph":[{"@type":"WebPage","@id":"https:\/\/medicinasinc.com\/es\/product\/comprar-al-lad-polvo\/","url":"https:\/\/medicinasinc.com\/es\/product\/comprar-al-lad-polvo\/","name":"Comprar polvo de al-lad - Venta de polvo de al-lad - Best Global Meds","isPartOf":{"@id":"https:\/\/medicinasinc.com\/es\/#website"},"primaryImageOfPage":{"@id":"https:\/\/medicinasinc.com\/es\/product\/comprar-al-lad-polvo\/#primaryimage"},"image":{"@id":"https:\/\/medicinasinc.com\/es\/product\/comprar-al-lad-polvo\/#primaryimage"},"thumbnailUrl":"https:\/\/medicinasinc.com\/es\/wp-content\/uploads\/sites\/15\/2022\/02\/Buy-al-lad-powder.jpg","datePublished":"2022-02-22T05:09:43+00:00","dateModified":"2022-03-22T00:13:33+00:00","description":"Compre polvo de al-lad a la venta en el Reino Unido, Europa, AU, UE, ordene polvo de al-lad barato 2022, d\u00f3nde comprar polvo de al-lad de alta calidad Entrega al d\u00eda siguiente, ventas de polvo de al-lad.","breadcrumb":{"@id":"https:\/\/medicinasinc.com\/es\/product\/comprar-al-lad-polvo\/#breadcrumb"},"inLanguage":"es","potentialAction":[{"@type":"ReadAction","target":["https:\/\/medicinasinc.com\/es\/product\/comprar-al-lad-polvo\/"]}]},{"@type":"ImageObject","inLanguage":"es","@id":"https:\/\/medicinasinc.com\/es\/product\/comprar-al-lad-polvo\/#primaryimage","url":"https:\/\/medicinasinc.com\/es\/wp-content\/uploads\/sites\/15\/2022\/02\/Buy-al-lad-powder.jpg","contentUrl":"https:\/\/medicinasinc.com\/es\/wp-content\/uploads\/sites\/15\/2022\/02\/Buy-al-lad-powder.jpg","width":931,"height":799},{"@type":"BreadcrumbList","@id":"https:\/\/medicinasinc.com\/es\/product\/comprar-al-lad-polvo\/#breadcrumb","itemListElement":[{"@type":"ListItem","position":1,"name":"Tienda","item":"https:\/\/medicinasinc.com\/es\/tienda\/"},{"@type":"ListItem","position":2,"name":"Comprar polvo de al-lad"}]},{"@type":"WebSite","@id":"https:\/\/medicinasinc.com\/es\/#website","url":"https:\/\/medicinasinc.com\/es\/","name":"Medicinas Inc","description":"Cl\u00ednica M\u00e9dica de Salud","potentialAction":[{"@type":"SearchAction","target":{"@type":"EntryPoint","urlTemplate":"https:\/\/medicinasinc.com\/es\/?s={search_term_string}"},"query-input":{"@type":"PropertyValueSpecification","valueRequired":true,"valueName":"search_term_string"}}],"inLanguage":"es"}]}},"_links":{"self":[{"href":"https:\/\/medicinasinc.com\/es\/wp-json\/wp\/v2\/product\/5735","targetHints":{"allow":["GET"]}}],"collection":[{"href":"https:\/\/medicinasinc.com\/es\/wp-json\/wp\/v2\/product"}],"about":[{"href":"https:\/\/medicinasinc.com\/es\/wp-json\/wp\/v2\/types\/product"}],"replies":[{"embeddable":true,"href":"https:\/\/medicinasinc.com\/es\/wp-json\/wp\/v2\/comments?post=5735"}],"wp:featuredmedia":[{"embeddable":true,"href":"https:\/\/medicinasinc.com\/es\/wp-json\/wp\/v2\/media\/5747"}],"wp:attachment":[{"href":"https:\/\/medicinasinc.com\/es\/wp-json\/wp\/v2\/media?parent=5735"}],"wp:term":[{"taxonomy":"product_brand","embeddable":true,"href":"https:\/\/medicinasinc.com\/es\/wp-json\/wp\/v2\/product_brand?post=5735"},{"taxonomy":"product_cat","embeddable":true,"href":"https:\/\/medicinasinc.com\/es\/wp-json\/wp\/v2\/product_cat?post=5735"},{"taxonomy":"product_tag","embeddable":true,"href":"https:\/\/medicinasinc.com\/es\/wp-json\/wp\/v2\/product_tag?post=5735"}],"curies":[{"name":"wp","href":"https:\/\/api.w.org\/{rel}","templated":true}]}}