{"id":5731,"date":"2022-02-22T05:03:24","date_gmt":"2022-02-22T05:03:24","guid":{"rendered":"https:\/\/medicinasinc.com\/es\/?post_type=product&#038;p=5731"},"modified":"2022-03-22T00:13:43","modified_gmt":"2022-03-22T00:13:43","slug":"comprar-sextacy-polvo","status":"publish","type":"product","link":"https:\/\/medicinasinc.com\/es\/product\/comprar-sextacy-polvo\/","title":{"rendered":"Comprar Polvo Sextacy"},"content":{"rendered":"<p>Aseg\u00farese de comprar Sextacy Powder.<\/p>\n<p>Compre Sextacy Powder en l\u00ednea al por mayor y c\u00f3mprelo en grandes cantidades.<\/p>\n<p>Sextacy Powder es un nuevo y emocionante producto de marca que puede compre.<br \/> Si desea usar Sextacy, debe comprarlo en forma de polvo. El ingrediente principal es a-PVP.<\/p>\n<p>La fuerza es 5\/5. Sextacy El mejor polvo cuyo uso es legal.<br \/> Es hora de ponerse al d\u00eda en el laboratorio con este nuevo y excelente producto.<\/p>\n<p>Puede comprar Sextacy Powder puro en l\u00ednea.<\/p>\n<div class=\"producto-siguiente-anterior\">\n<div class=\"producto-anterior\"><\/div><\/div>\n","protected":false},"excerpt":{"rendered":"<p>Polvo Sextacy de calidad pura a la venta en Europa, el Reino Unido y Australia se puede comprar en Internet. Si desea usar Sextacy, debe comprarlo en forma de polvo. El ingrediente principal es a-PVP.<\/p>\n<p>Comprar Sextacy Legal High Powder en internet. Puedes hacer esto<\/p>\n<p>Comprar mucho a la vez Sextacy es un nuevo y emocionante producto de marca que puedes comprar. Sextacy es un PVP, y esto es lo que es.<\/p>\n<p>Hay muchos sitios web donde puedes comprar muchas sales de ba\u00f1o por mucho dinero.<\/p>\n<p>En l\u00ednea, puedes puede comprar sales de ba\u00f1o sextacy de Global Medicine. Los precios de venta de la sal de ba\u00f1o Sextacy se pueden encontrar leyendo este texto<\/p>\n","protected":false},"featured_media":5742,"comment_status":"open","ping_status":"closed","template":"","meta":[],"product_brand":[],"product_cat":[2014],"product_tag":[3731,3733,3734,3735,3750,3545,3737,3744,3756,3739,3732,3748,3736,3745,3747,3742,3738,3749,3741,3746,3754,3751,3755,3743,3740,3753,3752],"class_list":{"0":"post-5731","1":"product","2":"type-product","3":"status-publish","4":"has-post-thumbnail","6":"product_cat-comprar-investigacion-quimicos","7":"product_tag-best-quality-sextacy-powder","8":"product_tag-buy-sextacy-powder","9":"product_tag-buy-sextacy-powder-europe","10":"product_tag-buy-sextacy-powder-online","11":"product_tag-sextacy-polvo-compra","12":"product_tag-compra-metoxetamina","13":"product_tag-compra-sextacy-polvo","14":"product_tag-sextacy-polvo-correo","15":"product_tag-donde-comprar-sextacy-polvo","16":"product_tag-sextacy-polvo-efecto","17":"product_tag-mejor-sextacy-polvo-online","18":"product_tag-sextacy-polvo-orden","19":"product_tag-orden-sextacy-polvo","20":"product_tag-sextacy-polvo-pedido-por-correo","21":"product_tag-sextacy-polvo-online","22":"product_tag-sextacy-polvo-en-venta-online","23":"product_tag-sextacy-polvo-comprar","24":"product_tag-sextacy-polvo-durante-la-noche","25":"product_tag-sextacy-polvo-para-la-venta","26":"product_tag-sextacy-polvo-cerca-de-m","27":"product_tag-sextacy-polvo-proveedor","28":"product_tag-sextacy-polvo-reseas","29":"product_tag-sextacy-polvo-al-por-mayor","30":"product_tag-sextacy-polvo-google","31":"product_tag-sextacy-powder-europe","32":"product_tag-sextacy-powder-shipping","33":"product_tag-sextacy-polvo-venta","35":"first","36":"instock","37":"shipping-taxable","38":"purchasable","39":"product-type-variable","40":"has-default-attributes"},"yoast_head":"<!-- This site is optimized with the Yoast SEO plugin v27.2 - https:\/\/yoast.com\/product\/yoast-seo-wordpress\/ -->\n<title>Comprar Sextacy Powder - Ventas de Sextacy Powder - Best Global Meds<\/title>\n<meta name=\"description\" content=\"Compre Pure Quality Sextacy Powder a la venta en Europa, Reino Unido, AU en l\u00ednea. \u00a1El ingrediente activo de Sextacy es a-PVP y este producto viene solo en forma de polvo! Pedir Polvo Sextacy\" \/>\n<meta name=\"robots\" content=\"index, follow, max-snippet:-1, max-image-preview:large, max-video-preview:-1\" \/>\n<link rel=\"canonical\" href=\"https:\/\/medicinasinc.com\/es\/product\/comprar-sextacy-polvo\/\" \/>\n<meta property=\"og:locale\" content=\"es_ES\" \/>\n<meta property=\"og:type\" content=\"article\" \/>\n<meta property=\"og:title\" content=\"Comprar Sextacy Powder - Ventas de Sextacy Powder - Best Global Meds\" \/>\n<meta property=\"og:description\" content=\"Compre Pure Quality Sextacy Powder a la venta en Europa, Reino Unido, AU en l\u00ednea. \u00a1El ingrediente activo de Sextacy es a-PVP y este producto viene solo en forma de polvo! Pedir Polvo Sextacy\" \/>\n<meta property=\"og:url\" content=\"https:\/\/medicinasinc.com\/es\/product\/comprar-sextacy-polvo\/\" \/>\n<meta property=\"og:site_name\" content=\"Medicinas Inc\" \/>\n<meta property=\"article:modified_time\" content=\"2022-03-22T00:13:43+00:00\" \/>\n<meta property=\"og:image\" content=\"https:\/\/medicinasinc.com\/es\/wp-content\/uploads\/sites\/15\/2022\/02\/Buy-Sextacy-Powder.jpg\" \/>\n\t<meta property=\"og:image:width\" content=\"300\" \/>\n\t<meta property=\"og:image:height\" content=\"300\" \/>\n\t<meta property=\"og:image:type\" content=\"image\/jpeg\" \/>\n<meta name=\"twitter:card\" content=\"summary_large_image\" \/>\n<meta name=\"twitter:label1\" content=\"Tiempo de lectura\" \/>\n\t<meta name=\"twitter:data1\" content=\"1 minuto\" \/>\n<script type=\"application\/ld+json\" class=\"yoast-schema-graph\">{\"@context\":\"https:\/\/schema.org\",\"@graph\":[{\"@type\":\"WebPage\",\"@id\":\"https:\/\/medicinasinc.com\/es\/product\/comprar-sextacy-polvo\/\",\"url\":\"https:\/\/medicinasinc.com\/es\/product\/comprar-sextacy-polvo\/\",\"name\":\"Comprar Sextacy Powder - Ventas de Sextacy Powder - Best Global Meds\",\"isPartOf\":{\"@id\":\"https:\/\/medicinasinc.com\/es\/#website\"},\"primaryImageOfPage\":{\"@id\":\"https:\/\/medicinasinc.com\/es\/product\/comprar-sextacy-polvo\/#primaryimage\"},\"image\":{\"@id\":\"https:\/\/medicinasinc.com\/es\/product\/comprar-sextacy-polvo\/#primaryimage\"},\"thumbnailUrl\":\"https:\/\/medicinasinc.com\/es\/wp-content\/uploads\/sites\/15\/2022\/02\/Buy-Sextacy-Powder.jpg\",\"datePublished\":\"2022-02-22T05:03:24+00:00\",\"dateModified\":\"2022-03-22T00:13:43+00:00\",\"description\":\"Compre Pure Quality Sextacy Powder a la venta en Europa, Reino Unido, AU en l\u00ednea. \u00a1El ingrediente activo de Sextacy es a-PVP y este producto viene solo en forma de polvo! Pedir Polvo Sextacy\",\"breadcrumb\":{\"@id\":\"https:\/\/medicinasinc.com\/es\/product\/comprar-sextacy-polvo\/#breadcrumb\"},\"inLanguage\":\"es\",\"potentialAction\":[{\"@type\":\"ReadAction\",\"target\":[\"https:\/\/medicinasinc.com\/es\/product\/comprar-sextacy-polvo\/\"]}]},{\"@type\":\"ImageObject\",\"inLanguage\":\"es\",\"@id\":\"https:\/\/medicinasinc.com\/es\/product\/comprar-sextacy-polvo\/#primaryimage\",\"url\":\"https:\/\/medicinasinc.com\/es\/wp-content\/uploads\/sites\/15\/2022\/02\/Buy-Sextacy-Powder.jpg\",\"contentUrl\":\"https:\/\/medicinasinc.com\/es\/wp-content\/uploads\/sites\/15\/2022\/02\/Buy-Sextacy-Powder.jpg\",\"width\":300,\"height\":300},{\"@type\":\"BreadcrumbList\",\"@id\":\"https:\/\/medicinasinc.com\/es\/product\/comprar-sextacy-polvo\/#breadcrumb\",\"itemListElement\":[{\"@type\":\"ListItem\",\"position\":1,\"name\":\"Tienda\",\"item\":\"https:\/\/medicinasinc.com\/es\/tienda\/\"},{\"@type\":\"ListItem\",\"position\":2,\"name\":\"Comprar Polvo Sextacy\"}]},{\"@type\":\"WebSite\",\"@id\":\"https:\/\/medicinasinc.com\/es\/#website\",\"url\":\"https:\/\/medicinasinc.com\/es\/\",\"name\":\"Medicinas Inc\",\"description\":\"Cl\u00ednica M\u00e9dica de Salud\",\"potentialAction\":[{\"@type\":\"SearchAction\",\"target\":{\"@type\":\"EntryPoint\",\"urlTemplate\":\"https:\/\/medicinasinc.com\/es\/?s={search_term_string}\"},\"query-input\":{\"@type\":\"PropertyValueSpecification\",\"valueRequired\":true,\"valueName\":\"search_term_string\"}}],\"inLanguage\":\"es\"}]}<\/script>\n<!-- \/ Yoast SEO plugin. -->","yoast_head_json":{"title":"Comprar Sextacy Powder - Ventas de Sextacy Powder - Best Global Meds","description":"Compre Pure Quality Sextacy Powder a la venta en Europa, Reino Unido, AU en l\u00ednea. \u00a1El ingrediente activo de Sextacy es a-PVP y este producto viene solo en forma de polvo! Pedir Polvo Sextacy","robots":{"index":"index","follow":"follow","max-snippet":"max-snippet:-1","max-image-preview":"max-image-preview:large","max-video-preview":"max-video-preview:-1"},"canonical":"https:\/\/medicinasinc.com\/es\/product\/comprar-sextacy-polvo\/","og_locale":"es_ES","og_type":"article","og_title":"Comprar Sextacy Powder - Ventas de Sextacy Powder - Best Global Meds","og_description":"Compre Pure Quality Sextacy Powder a la venta en Europa, Reino Unido, AU en l\u00ednea. \u00a1El ingrediente activo de Sextacy es a-PVP y este producto viene solo en forma de polvo! Pedir Polvo Sextacy","og_url":"https:\/\/medicinasinc.com\/es\/product\/comprar-sextacy-polvo\/","og_site_name":"Medicinas Inc","article_modified_time":"2022-03-22T00:13:43+00:00","og_image":[{"width":300,"height":300,"url":"https:\/\/medicinasinc.com\/es\/wp-content\/uploads\/sites\/15\/2022\/02\/Buy-Sextacy-Powder.jpg","type":"image\/jpeg"}],"twitter_card":"summary_large_image","twitter_misc":{"Tiempo de lectura":"1 minuto"},"schema":{"@context":"https:\/\/schema.org","@graph":[{"@type":"WebPage","@id":"https:\/\/medicinasinc.com\/es\/product\/comprar-sextacy-polvo\/","url":"https:\/\/medicinasinc.com\/es\/product\/comprar-sextacy-polvo\/","name":"Comprar Sextacy Powder - Ventas de Sextacy Powder - Best Global Meds","isPartOf":{"@id":"https:\/\/medicinasinc.com\/es\/#website"},"primaryImageOfPage":{"@id":"https:\/\/medicinasinc.com\/es\/product\/comprar-sextacy-polvo\/#primaryimage"},"image":{"@id":"https:\/\/medicinasinc.com\/es\/product\/comprar-sextacy-polvo\/#primaryimage"},"thumbnailUrl":"https:\/\/medicinasinc.com\/es\/wp-content\/uploads\/sites\/15\/2022\/02\/Buy-Sextacy-Powder.jpg","datePublished":"2022-02-22T05:03:24+00:00","dateModified":"2022-03-22T00:13:43+00:00","description":"Compre Pure Quality Sextacy Powder a la venta en Europa, Reino Unido, AU en l\u00ednea. \u00a1El ingrediente activo de Sextacy es a-PVP y este producto viene solo en forma de polvo! Pedir Polvo Sextacy","breadcrumb":{"@id":"https:\/\/medicinasinc.com\/es\/product\/comprar-sextacy-polvo\/#breadcrumb"},"inLanguage":"es","potentialAction":[{"@type":"ReadAction","target":["https:\/\/medicinasinc.com\/es\/product\/comprar-sextacy-polvo\/"]}]},{"@type":"ImageObject","inLanguage":"es","@id":"https:\/\/medicinasinc.com\/es\/product\/comprar-sextacy-polvo\/#primaryimage","url":"https:\/\/medicinasinc.com\/es\/wp-content\/uploads\/sites\/15\/2022\/02\/Buy-Sextacy-Powder.jpg","contentUrl":"https:\/\/medicinasinc.com\/es\/wp-content\/uploads\/sites\/15\/2022\/02\/Buy-Sextacy-Powder.jpg","width":300,"height":300},{"@type":"BreadcrumbList","@id":"https:\/\/medicinasinc.com\/es\/product\/comprar-sextacy-polvo\/#breadcrumb","itemListElement":[{"@type":"ListItem","position":1,"name":"Tienda","item":"https:\/\/medicinasinc.com\/es\/tienda\/"},{"@type":"ListItem","position":2,"name":"Comprar Polvo Sextacy"}]},{"@type":"WebSite","@id":"https:\/\/medicinasinc.com\/es\/#website","url":"https:\/\/medicinasinc.com\/es\/","name":"Medicinas Inc","description":"Cl\u00ednica M\u00e9dica de Salud","potentialAction":[{"@type":"SearchAction","target":{"@type":"EntryPoint","urlTemplate":"https:\/\/medicinasinc.com\/es\/?s={search_term_string}"},"query-input":{"@type":"PropertyValueSpecification","valueRequired":true,"valueName":"search_term_string"}}],"inLanguage":"es"}]}},"_links":{"self":[{"href":"https:\/\/medicinasinc.com\/es\/wp-json\/wp\/v2\/product\/5731","targetHints":{"allow":["GET"]}}],"collection":[{"href":"https:\/\/medicinasinc.com\/es\/wp-json\/wp\/v2\/product"}],"about":[{"href":"https:\/\/medicinasinc.com\/es\/wp-json\/wp\/v2\/types\/product"}],"replies":[{"embeddable":true,"href":"https:\/\/medicinasinc.com\/es\/wp-json\/wp\/v2\/comments?post=5731"}],"wp:featuredmedia":[{"embeddable":true,"href":"https:\/\/medicinasinc.com\/es\/wp-json\/wp\/v2\/media\/5742"}],"wp:attachment":[{"href":"https:\/\/medicinasinc.com\/es\/wp-json\/wp\/v2\/media?parent=5731"}],"wp:term":[{"taxonomy":"product_brand","embeddable":true,"href":"https:\/\/medicinasinc.com\/es\/wp-json\/wp\/v2\/product_brand?post=5731"},{"taxonomy":"product_cat","embeddable":true,"href":"https:\/\/medicinasinc.com\/es\/wp-json\/wp\/v2\/product_cat?post=5731"},{"taxonomy":"product_tag","embeddable":true,"href":"https:\/\/medicinasinc.com\/es\/wp-json\/wp\/v2\/product_tag?post=5731"}],"curies":[{"name":"wp","href":"https:\/\/api.w.org\/{rel}","templated":true}]}}