{"id":5730,"date":"2022-02-22T05:01:35","date_gmt":"2022-02-22T05:01:35","guid":{"rendered":"https:\/\/medicinasinc.com\/es\/?post_type=product&#038;p=5730"},"modified":"2022-03-22T00:13:59","modified_gmt":"2022-03-22T00:13:59","slug":"comprar-polvo-mdma-puro","status":"publish","type":"product","link":"https:\/\/medicinasinc.com\/es\/product\/comprar-polvo-mdma-puro\/","title":{"rendered":"Comprar polvo de mdma puro"},"content":{"rendered":"<p>Compre MDMA en polvo<\/p>\n<p>Polvo de MDMA, cristales de MDMA y \u00e9xtasis<\/p>\n<p>Con sus propiedades estimulantes y alucin\u00f3genas en igual medida, los cristales de MDMA en polvo son uno de los productos recreativos m\u00e1s populares. sustancias en el mercado hoy en d\u00eda.<\/p>\n<p>1,2 Por lo general,<\/p>\n<p>El polvo de MDMA se puede comprar en l\u00ednea.<\/p>\n<p>El polvo de MDMA se vende en su forma m\u00e1s pura, en l\u00ednea. <\/p>\n<p>Solo vendemos polvo de MDMA (\u00e9xtasis\/molly) de la m\u00e1s alta calidad en l\u00ednea en.<\/p>\n<p>El polvo de MDMA puro est\u00e1 disponible para comprar en l\u00ednea.<\/p>\n<p>El lugar m\u00e1s barato comprar Ecstasy\/Molly Powder<\/p>\n<p>\u00bfLos polvos de MDMA tienen ventajas o desventajas en comparaci\u00f3n con las pastillas?<\/p>\n<p>Los cristales o el polvo de MDMA triturados son otra forma de obtener la sustancia.<\/p>\n<p>La MDMA (abreviatura de 3,4-metilendioximetanfetamina) administrada por v\u00eda oral, cuyo nombre qu\u00edmico es 3,4-metilendioximetanfetamina, tiene una vida media de 3 a 6 horas. Una o dos tabletas de MDMA, cada una con 60 a 120 miligramos de MDMA, es la dosis m\u00e1s com\u00fanmente reportada. 1 A medida que los efectos de la primera dosis comienzan a desaparecer, no es raro que los usuarios tomen una segunda dosis de la droga.<\/p>\n","protected":false},"excerpt":{"rendered":"<p>\u00a1Compre Mdma en polvo de calidad a la venta en Reino Unido, Europa y Australia en nuestra tienda en l\u00ednea Bestglobalmeds.com con entrega r\u00e1pida en todo el mundo! \u00a1El mejor polvo de MDMA para ordenar lo encontrar\u00e1 aqu\u00ed!<\/p>\n<ul>\n<li>Compre polvo de MDMA puro en l\u00ednea<\/li>\n<li>Polvo de MDMA puro en l\u00ednea<\/li>\n<li>Polvo de \u00e9xtasis\/Molly a la venta <\/li>\n<li>\u00a0compre \u00c9xtasis\/Molly en polvo en l\u00ednea<\/li>\n<\/ul>\n","protected":false},"featured_media":5740,"comment_status":"open","ping_status":"closed","template":"","meta":[],"product_brand":[],"product_cat":[2014],"product_tag":[3706,3707,3708,3647,3705,3704,3703,3709,3728,3729,3730,3710,3727,3722,3717,3712,3713,3714,3609,3719,3720,3701,3723,3724,3716,3662,3659,3715,3702,3711,3718,3725,3726,3721],"class_list":{"0":"post-5730","1":"product","2":"type-product","3":"status-publish","4":"has-post-thumbnail","6":"product_cat-comprar-investigacion-quimicos","7":"product_tag-buy-mdma-powder-near-me","8":"product_tag-buy-mdma-powder-online","9":"product_tag-como-comprar-mdma-polvo-cristal-online","10":"product_tag-comprar-mdma-polvo","11":"product_tag-comprar-mdma-polvo-europa","12":"product_tag-comprar-mdma-polvo-yo","13":"product_tag-comprar-mdma-polvo-cristal-online","14":"product_tag-mdma-polvo-cristal-para-la-venta","15":"product_tag-donde-comprar-mdma-polvo","16":"product_tag-donde-comprar-mdma-polvo-cristal-online","17":"product_tag-donde-pedir-mdma-polvo","18":"product_tag-mdma-polvo-efecto","19":"product_tag-el-mejor-lugar-para-comprar-mdma-polvo-cristal-online","20":"product_tag-mdma-polvo-envo","21":"product_tag-mdma-polvo-durante-la-noche","22":"product_tag-mdma-polvo-en-venta-online","23":"product_tag-mdma-powder-google","24":"product_tag-mdma-powder-mail-order","25":"product_tag-mdma-powder-purchase","26":"product_tag-mdma-powder-reddit","27":"product_tag-mdma-powder-review","28":"product_tag-mejor-mdma-polvo","29":"product_tag-order-mdma-powder","30":"product_tag-order-mdma-powder-crystal-online","31":"product_tag-mdma-polvo-online","32":"product_tag-mdma-polvo-para-la-venta","33":"product_tag-mdma-polvo","34":"product_tag-mdma-polvo-cerca-de-m","35":"product_tag-mejor-calidad-mdma-polvo","36":"product_tag-mdma-polvo-europa","37":"product_tag-mdma-polvo-precio","38":"product_tag-purchase-mdma-powder","39":"product_tag-purchase-mdma-powder-crystal-online","40":"product_tag-mdma-polvo-reseas","42":"first","43":"instock","44":"shipping-taxable","45":"purchasable","46":"product-type-variable","47":"has-default-attributes"},"yoast_head":"<!-- This site is optimized with the Yoast SEO plugin v27.3 - https:\/\/yoast.com\/product\/yoast-seo-wordpress\/ -->\n<title>Compre polvo de mdma puro - venta de polvo de mdma - Best Global Meds<\/title>\n<meta name=\"description\" content=\"Compre Quality Mdma Powder a la venta en Reino Unido, Europa, AU en nuestra tienda en l\u00ednea Bestglobalmeds.com con entrega r\u00e1pida en todo el mundo. \u00a1El mejor Mdma en Polvo para ordenar lo encontrar\u00e1s aqu\u00ed!\" \/>\n<meta name=\"robots\" content=\"index, follow, max-snippet:-1, max-image-preview:large, max-video-preview:-1\" \/>\n<link rel=\"canonical\" href=\"https:\/\/medicinasinc.com\/es\/product\/comprar-polvo-mdma-puro\/\" \/>\n<meta property=\"og:locale\" content=\"es_ES\" \/>\n<meta property=\"og:type\" content=\"article\" \/>\n<meta property=\"og:title\" content=\"Compre polvo de mdma puro - venta de polvo de mdma - Best Global Meds\" \/>\n<meta property=\"og:description\" content=\"Compre Quality Mdma Powder a la venta en Reino Unido, Europa, AU en nuestra tienda en l\u00ednea Bestglobalmeds.com con entrega r\u00e1pida en todo el mundo. \u00a1El mejor Mdma en Polvo para ordenar lo encontrar\u00e1s aqu\u00ed!\" \/>\n<meta property=\"og:url\" content=\"https:\/\/medicinasinc.com\/es\/product\/comprar-polvo-mdma-puro\/\" \/>\n<meta property=\"og:site_name\" content=\"Medicinas Inc\" \/>\n<meta property=\"article:modified_time\" content=\"2022-03-22T00:13:59+00:00\" \/>\n<meta property=\"og:image\" content=\"https:\/\/medicinasinc.com\/es\/wp-content\/uploads\/sites\/15\/2022\/02\/Buy-pure-mdma-powder.jpg\" \/>\n\t<meta property=\"og:image:width\" content=\"1500\" \/>\n\t<meta property=\"og:image:height\" content=\"1496\" \/>\n\t<meta property=\"og:image:type\" content=\"image\/jpeg\" \/>\n<meta name=\"twitter:card\" content=\"summary_large_image\" \/>\n<meta name=\"twitter:label1\" content=\"Tiempo de lectura\" \/>\n\t<meta name=\"twitter:data1\" content=\"1 minuto\" \/>\n<script type=\"application\/ld+json\" class=\"yoast-schema-graph\">{\"@context\":\"https:\\\/\\\/schema.org\",\"@graph\":[{\"@type\":\"WebPage\",\"@id\":\"https:\\\/\\\/medicinasinc.com\\\/es\\\/product\\\/comprar-polvo-mdma-puro\\\/\",\"url\":\"https:\\\/\\\/medicinasinc.com\\\/es\\\/product\\\/comprar-polvo-mdma-puro\\\/\",\"name\":\"Compre polvo de mdma puro - venta de polvo de mdma - Best Global Meds\",\"isPartOf\":{\"@id\":\"https:\\\/\\\/medicinasinc.com\\\/es\\\/#website\"},\"primaryImageOfPage\":{\"@id\":\"https:\\\/\\\/medicinasinc.com\\\/es\\\/product\\\/comprar-polvo-mdma-puro\\\/#primaryimage\"},\"image\":{\"@id\":\"https:\\\/\\\/medicinasinc.com\\\/es\\\/product\\\/comprar-polvo-mdma-puro\\\/#primaryimage\"},\"thumbnailUrl\":\"https:\\\/\\\/medicinasinc.com\\\/es\\\/wp-content\\\/uploads\\\/sites\\\/15\\\/2022\\\/02\\\/Buy-pure-mdma-powder.jpg\",\"datePublished\":\"2022-02-22T05:01:35+00:00\",\"dateModified\":\"2022-03-22T00:13:59+00:00\",\"description\":\"Compre Quality Mdma Powder a la venta en Reino Unido, Europa, AU en nuestra tienda en l\u00ednea Bestglobalmeds.com con entrega r\u00e1pida en todo el mundo. \u00a1El mejor Mdma en Polvo para ordenar lo encontrar\u00e1s aqu\u00ed!\",\"breadcrumb\":{\"@id\":\"https:\\\/\\\/medicinasinc.com\\\/es\\\/product\\\/comprar-polvo-mdma-puro\\\/#breadcrumb\"},\"inLanguage\":\"es\",\"potentialAction\":[{\"@type\":\"ReadAction\",\"target\":[\"https:\\\/\\\/medicinasinc.com\\\/es\\\/product\\\/comprar-polvo-mdma-puro\\\/\"]}]},{\"@type\":\"ImageObject\",\"inLanguage\":\"es\",\"@id\":\"https:\\\/\\\/medicinasinc.com\\\/es\\\/product\\\/comprar-polvo-mdma-puro\\\/#primaryimage\",\"url\":\"https:\\\/\\\/medicinasinc.com\\\/es\\\/wp-content\\\/uploads\\\/sites\\\/15\\\/2022\\\/02\\\/Buy-pure-mdma-powder.jpg\",\"contentUrl\":\"https:\\\/\\\/medicinasinc.com\\\/es\\\/wp-content\\\/uploads\\\/sites\\\/15\\\/2022\\\/02\\\/Buy-pure-mdma-powder.jpg\",\"width\":1500,\"height\":1496},{\"@type\":\"BreadcrumbList\",\"@id\":\"https:\\\/\\\/medicinasinc.com\\\/es\\\/product\\\/comprar-polvo-mdma-puro\\\/#breadcrumb\",\"itemListElement\":[{\"@type\":\"ListItem\",\"position\":1,\"name\":\"Tienda\",\"item\":\"https:\\\/\\\/medicinasinc.com\\\/es\\\/tienda\\\/\"},{\"@type\":\"ListItem\",\"position\":2,\"name\":\"Comprar polvo de mdma puro\"}]},{\"@type\":\"WebSite\",\"@id\":\"https:\\\/\\\/medicinasinc.com\\\/es\\\/#website\",\"url\":\"https:\\\/\\\/medicinasinc.com\\\/es\\\/\",\"name\":\"Medicinas Inc\",\"description\":\"Cl\u00ednica M\u00e9dica de Salud\",\"potentialAction\":[{\"@type\":\"SearchAction\",\"target\":{\"@type\":\"EntryPoint\",\"urlTemplate\":\"https:\\\/\\\/medicinasinc.com\\\/es\\\/?s={search_term_string}\"},\"query-input\":{\"@type\":\"PropertyValueSpecification\",\"valueRequired\":true,\"valueName\":\"search_term_string\"}}],\"inLanguage\":\"es\"}]}<\/script>\n<!-- \/ Yoast SEO plugin. -->","yoast_head_json":{"title":"Compre polvo de mdma puro - venta de polvo de mdma - Best Global Meds","description":"Compre Quality Mdma Powder a la venta en Reino Unido, Europa, AU en nuestra tienda en l\u00ednea Bestglobalmeds.com con entrega r\u00e1pida en todo el mundo. \u00a1El mejor Mdma en Polvo para ordenar lo encontrar\u00e1s aqu\u00ed!","robots":{"index":"index","follow":"follow","max-snippet":"max-snippet:-1","max-image-preview":"max-image-preview:large","max-video-preview":"max-video-preview:-1"},"canonical":"https:\/\/medicinasinc.com\/es\/product\/comprar-polvo-mdma-puro\/","og_locale":"es_ES","og_type":"article","og_title":"Compre polvo de mdma puro - venta de polvo de mdma - Best Global Meds","og_description":"Compre Quality Mdma Powder a la venta en Reino Unido, Europa, AU en nuestra tienda en l\u00ednea Bestglobalmeds.com con entrega r\u00e1pida en todo el mundo. \u00a1El mejor Mdma en Polvo para ordenar lo encontrar\u00e1s aqu\u00ed!","og_url":"https:\/\/medicinasinc.com\/es\/product\/comprar-polvo-mdma-puro\/","og_site_name":"Medicinas Inc","article_modified_time":"2022-03-22T00:13:59+00:00","og_image":[{"width":1500,"height":1496,"url":"https:\/\/medicinasinc.com\/es\/wp-content\/uploads\/sites\/15\/2022\/02\/Buy-pure-mdma-powder.jpg","type":"image\/jpeg"}],"twitter_card":"summary_large_image","twitter_misc":{"Tiempo de lectura":"1 minuto"},"schema":{"@context":"https:\/\/schema.org","@graph":[{"@type":"WebPage","@id":"https:\/\/medicinasinc.com\/es\/product\/comprar-polvo-mdma-puro\/","url":"https:\/\/medicinasinc.com\/es\/product\/comprar-polvo-mdma-puro\/","name":"Compre polvo de mdma puro - venta de polvo de mdma - Best Global Meds","isPartOf":{"@id":"https:\/\/medicinasinc.com\/es\/#website"},"primaryImageOfPage":{"@id":"https:\/\/medicinasinc.com\/es\/product\/comprar-polvo-mdma-puro\/#primaryimage"},"image":{"@id":"https:\/\/medicinasinc.com\/es\/product\/comprar-polvo-mdma-puro\/#primaryimage"},"thumbnailUrl":"https:\/\/medicinasinc.com\/es\/wp-content\/uploads\/sites\/15\/2022\/02\/Buy-pure-mdma-powder.jpg","datePublished":"2022-02-22T05:01:35+00:00","dateModified":"2022-03-22T00:13:59+00:00","description":"Compre Quality Mdma Powder a la venta en Reino Unido, Europa, AU en nuestra tienda en l\u00ednea Bestglobalmeds.com con entrega r\u00e1pida en todo el mundo. \u00a1El mejor Mdma en Polvo para ordenar lo encontrar\u00e1s aqu\u00ed!","breadcrumb":{"@id":"https:\/\/medicinasinc.com\/es\/product\/comprar-polvo-mdma-puro\/#breadcrumb"},"inLanguage":"es","potentialAction":[{"@type":"ReadAction","target":["https:\/\/medicinasinc.com\/es\/product\/comprar-polvo-mdma-puro\/"]}]},{"@type":"ImageObject","inLanguage":"es","@id":"https:\/\/medicinasinc.com\/es\/product\/comprar-polvo-mdma-puro\/#primaryimage","url":"https:\/\/medicinasinc.com\/es\/wp-content\/uploads\/sites\/15\/2022\/02\/Buy-pure-mdma-powder.jpg","contentUrl":"https:\/\/medicinasinc.com\/es\/wp-content\/uploads\/sites\/15\/2022\/02\/Buy-pure-mdma-powder.jpg","width":1500,"height":1496},{"@type":"BreadcrumbList","@id":"https:\/\/medicinasinc.com\/es\/product\/comprar-polvo-mdma-puro\/#breadcrumb","itemListElement":[{"@type":"ListItem","position":1,"name":"Tienda","item":"https:\/\/medicinasinc.com\/es\/tienda\/"},{"@type":"ListItem","position":2,"name":"Comprar polvo de mdma puro"}]},{"@type":"WebSite","@id":"https:\/\/medicinasinc.com\/es\/#website","url":"https:\/\/medicinasinc.com\/es\/","name":"Medicinas Inc","description":"Cl\u00ednica M\u00e9dica de Salud","potentialAction":[{"@type":"SearchAction","target":{"@type":"EntryPoint","urlTemplate":"https:\/\/medicinasinc.com\/es\/?s={search_term_string}"},"query-input":{"@type":"PropertyValueSpecification","valueRequired":true,"valueName":"search_term_string"}}],"inLanguage":"es"}]}},"_links":{"self":[{"href":"https:\/\/medicinasinc.com\/es\/wp-json\/wp\/v2\/product\/5730","targetHints":{"allow":["GET"]}}],"collection":[{"href":"https:\/\/medicinasinc.com\/es\/wp-json\/wp\/v2\/product"}],"about":[{"href":"https:\/\/medicinasinc.com\/es\/wp-json\/wp\/v2\/types\/product"}],"replies":[{"embeddable":true,"href":"https:\/\/medicinasinc.com\/es\/wp-json\/wp\/v2\/comments?post=5730"}],"wp:featuredmedia":[{"embeddable":true,"href":"https:\/\/medicinasinc.com\/es\/wp-json\/wp\/v2\/media\/5740"}],"wp:attachment":[{"href":"https:\/\/medicinasinc.com\/es\/wp-json\/wp\/v2\/media?parent=5730"}],"wp:term":[{"taxonomy":"product_brand","embeddable":true,"href":"https:\/\/medicinasinc.com\/es\/wp-json\/wp\/v2\/product_brand?post=5730"},{"taxonomy":"product_cat","embeddable":true,"href":"https:\/\/medicinasinc.com\/es\/wp-json\/wp\/v2\/product_cat?post=5730"},{"taxonomy":"product_tag","embeddable":true,"href":"https:\/\/medicinasinc.com\/es\/wp-json\/wp\/v2\/product_tag?post=5730"}],"curies":[{"name":"wp","href":"https:\/\/api.w.org\/{rel}","templated":true}]}}