{"id":5729,"date":"2022-02-22T04:59:37","date_gmt":"2022-02-22T04:59:37","guid":{"rendered":"https:\/\/medicinasinc.com\/es\/?post_type=product&#038;p=5729"},"modified":"2022-03-22T00:14:09","modified_gmt":"2022-03-22T00:14:09","slug":"comprar-hidrocodona-en-polvo","status":"publish","type":"product","link":"https:\/\/medicinasinc.com\/es\/product\/comprar-hidrocodona-en-polvo\/","title":{"rendered":"Comprar hidrocodona en polvo"},"content":{"rendered":"<p>Para comprar hidrocodona en polvo en l\u00ednea, haga clic aqu\u00ed.<br \/> En l\u00ednea, puede comprar hidrocodona en polvo a granel por un buen precio a precios de mayorista. La hidrocodona, que se vende bajo la marca Hysingla y otros nombres, es un opioide que se puede usar para tratar el dolor que dura mucho tiempo si otros tratamientos no funcionan. Como supresor de la tos, tambi\u00e9n lo usan personas mayores de 18 a\u00f1os. La gente lo come. El paracetamol y la hidrocodona generalmente se venden juntos. El ibuprofeno y la hidrocodona tambi\u00e9n suelen venderse juntos. Por s\u00ed mismo, viene en una forma de acci\u00f3n prolongada que puede comprar.<\/p>\n<p>Hay dos tipos de sal o polvo de hidrocodona:<\/p>\n<p>La hidrocodona es un opioide semisint\u00e9tico que proviene de la planta de code\u00edna. La hidrocodona se puede tomar por v\u00eda oral para aliviar el dolor y detener la tos, a menudo con paracetamol o ibuprofeno. Hay muchas recetas de hidrocodona en los Estados Unidos.<\/p>\n","protected":false},"excerpt":{"rendered":"<p>Polvo de hidrocodona a la venta en Europa, el Reino Unido y Australia. La code\u00edna se usa para hacer polvo de hidrocodona, un opioide semisint\u00e9tico. Las tarifas m\u00e1s econ\u00f3micas en polvo de hidrocodona.<\/p>\n<p>Compre polvo de hidrocodona en l\u00ednea de una fuente confiable.<\/p>\n<p>Es un opioide semisint\u00e9tico derivado de la code\u00edna. Polvo de hidrocodona<\/p>\n","protected":false},"featured_media":5738,"comment_status":"open","ping_status":"closed","template":"","meta":[],"product_brand":[],"product_cat":[2014],"product_tag":[3699,3698,3670,3674,3676,3691,3672,3671,3673,3678,3675,3700,3679,3694,3684,3689,3681,3682,3687,3688,3692,3693,3690,3695,3677,3680,3683,3697,3685,3686,3696],"class_list":{"0":"post-5729","1":"product","2":"type-product","3":"status-publish","4":"has-post-thumbnail","6":"product_cat-comprar-investigacion-quimicos","7":"product_tag-de-que-es-la-hidrocodona-compuesta","8":"product_tag-que-pasa-cuando-inhalas-hidrocodona","9":"product_tag-buy-hydrocodone-acetaminophen","10":"product_tag-can-hydrocodone-kill-you","11":"product_tag-hidrocodona-hcl","12":"product_tag-combinacin-de-kratom-e-hidrocodona","13":"product_tag-comprar-hidrocodona-online-sin-rx","14":"product_tag-comprar-hidrocodona-online-usa","15":"product_tag-comprar-hidrocodona-en-polvo","16":"product_tag-hidrocodona-polvo-comprar","17":"product_tag-does-hydrocodone-cause-constipation","18":"product_tag-donde-comprar-hidrocodona-pastillas","19":"product_tag-hidrocodona-polvo-efecto","20":"product_tag-kratom-vs-hidrocodona-fuerza","21":"product_tag-hidrocodona-polvo-reddit","22":"product_tag-hidrocodona-vs-vicodina","23":"product_tag-hydrocodone-powder-for-sale","24":"product_tag-hydrocodone-powder-order","25":"product_tag-hydrocodone-powder-uses","26":"product_tag-hydrocodone-vs-kratom","27":"product_tag-kratom-bali-compared-to-hydrocodone","28":"product_tag-kratom-comparado-con-norco","29":"product_tag-kratom-e-hidrocodona","30":"product_tag-mezcla-kratom-e-hidrocodona","31":"product_tag-polvo-de-hidrocodona","32":"product_tag-hidrocodona-pulpo-para-composicin","33":"product_tag-hidrocodona-polvo-precio","34":"product_tag-raw-hydrocodone-powder","35":"product_tag-hidrocodona-polvo-revisin","36":"product_tag-hidrocodona-polvo-venta","37":"product_tag-hidrocodona-pura-en-polvo-para-la-venta","39":"first","40":"instock","41":"shipping-taxable","42":"purchasable","43":"product-type-variable","44":"has-default-attributes"},"yoast_head":"<!-- This site is optimized with the Yoast SEO plugin v27.3 - https:\/\/yoast.com\/product\/yoast-seo-wordpress\/ -->\n<title>Compre polvo de hidrocodona - Polvo de hidrocodona - Best Global Meds<\/title>\n<meta name=\"description\" content=\"Compre polvo de hidrocodona de calidad a la venta en Europa, Reino Unido, Australia en l\u00ednea. El polvo de hidrocodona es un opioide semisint\u00e9tico derivado de la code\u00edna. Pide hidrocodona en polvo al mejor precio\" \/>\n<meta name=\"robots\" content=\"index, follow, max-snippet:-1, max-image-preview:large, max-video-preview:-1\" \/>\n<link rel=\"canonical\" href=\"https:\/\/medicinasinc.com\/es\/product\/comprar-hidrocodona-en-polvo\/\" \/>\n<meta property=\"og:locale\" content=\"es_ES\" \/>\n<meta property=\"og:type\" content=\"article\" \/>\n<meta property=\"og:title\" content=\"Compre polvo de hidrocodona - Polvo de hidrocodona - Best Global Meds\" \/>\n<meta property=\"og:description\" content=\"Compre polvo de hidrocodona de calidad a la venta en Europa, Reino Unido, Australia en l\u00ednea. El polvo de hidrocodona es un opioide semisint\u00e9tico derivado de la code\u00edna. Pide hidrocodona en polvo al mejor precio\" \/>\n<meta property=\"og:url\" content=\"https:\/\/medicinasinc.com\/es\/product\/comprar-hidrocodona-en-polvo\/\" \/>\n<meta property=\"og:site_name\" content=\"Medicinas Inc\" \/>\n<meta property=\"article:modified_time\" content=\"2022-03-22T00:14:09+00:00\" \/>\n<meta property=\"og:image\" content=\"https:\/\/medicinasinc.com\/es\/wp-content\/uploads\/sites\/15\/2022\/02\/Buy-Hydrocodone-Powder.jpg\" \/>\n\t<meta property=\"og:image:width\" content=\"650\" \/>\n\t<meta property=\"og:image:height\" content=\"390\" \/>\n\t<meta property=\"og:image:type\" content=\"image\/jpeg\" \/>\n<meta name=\"twitter:card\" content=\"summary_large_image\" \/>\n<meta name=\"twitter:label1\" content=\"Tiempo de lectura\" \/>\n\t<meta name=\"twitter:data1\" content=\"1 minuto\" \/>\n<script type=\"application\/ld+json\" class=\"yoast-schema-graph\">{\"@context\":\"https:\\\/\\\/schema.org\",\"@graph\":[{\"@type\":\"WebPage\",\"@id\":\"https:\\\/\\\/medicinasinc.com\\\/es\\\/product\\\/comprar-hidrocodona-en-polvo\\\/\",\"url\":\"https:\\\/\\\/medicinasinc.com\\\/es\\\/product\\\/comprar-hidrocodona-en-polvo\\\/\",\"name\":\"Compre polvo de hidrocodona - Polvo de hidrocodona - Best Global Meds\",\"isPartOf\":{\"@id\":\"https:\\\/\\\/medicinasinc.com\\\/es\\\/#website\"},\"primaryImageOfPage\":{\"@id\":\"https:\\\/\\\/medicinasinc.com\\\/es\\\/product\\\/comprar-hidrocodona-en-polvo\\\/#primaryimage\"},\"image\":{\"@id\":\"https:\\\/\\\/medicinasinc.com\\\/es\\\/product\\\/comprar-hidrocodona-en-polvo\\\/#primaryimage\"},\"thumbnailUrl\":\"https:\\\/\\\/medicinasinc.com\\\/es\\\/wp-content\\\/uploads\\\/sites\\\/15\\\/2022\\\/02\\\/Buy-Hydrocodone-Powder.jpg\",\"datePublished\":\"2022-02-22T04:59:37+00:00\",\"dateModified\":\"2022-03-22T00:14:09+00:00\",\"description\":\"Compre polvo de hidrocodona de calidad a la venta en Europa, Reino Unido, Australia en l\u00ednea. El polvo de hidrocodona es un opioide semisint\u00e9tico derivado de la code\u00edna. Pide hidrocodona en polvo al mejor precio\",\"breadcrumb\":{\"@id\":\"https:\\\/\\\/medicinasinc.com\\\/es\\\/product\\\/comprar-hidrocodona-en-polvo\\\/#breadcrumb\"},\"inLanguage\":\"es\",\"potentialAction\":[{\"@type\":\"ReadAction\",\"target\":[\"https:\\\/\\\/medicinasinc.com\\\/es\\\/product\\\/comprar-hidrocodona-en-polvo\\\/\"]}]},{\"@type\":\"ImageObject\",\"inLanguage\":\"es\",\"@id\":\"https:\\\/\\\/medicinasinc.com\\\/es\\\/product\\\/comprar-hidrocodona-en-polvo\\\/#primaryimage\",\"url\":\"https:\\\/\\\/medicinasinc.com\\\/es\\\/wp-content\\\/uploads\\\/sites\\\/15\\\/2022\\\/02\\\/Buy-Hydrocodone-Powder.jpg\",\"contentUrl\":\"https:\\\/\\\/medicinasinc.com\\\/es\\\/wp-content\\\/uploads\\\/sites\\\/15\\\/2022\\\/02\\\/Buy-Hydrocodone-Powder.jpg\",\"width\":650,\"height\":390},{\"@type\":\"BreadcrumbList\",\"@id\":\"https:\\\/\\\/medicinasinc.com\\\/es\\\/product\\\/comprar-hidrocodona-en-polvo\\\/#breadcrumb\",\"itemListElement\":[{\"@type\":\"ListItem\",\"position\":1,\"name\":\"Tienda\",\"item\":\"https:\\\/\\\/medicinasinc.com\\\/es\\\/tienda\\\/\"},{\"@type\":\"ListItem\",\"position\":2,\"name\":\"Comprar hidrocodona en polvo\"}]},{\"@type\":\"WebSite\",\"@id\":\"https:\\\/\\\/medicinasinc.com\\\/es\\\/#website\",\"url\":\"https:\\\/\\\/medicinasinc.com\\\/es\\\/\",\"name\":\"Medicinas Inc\",\"description\":\"Cl\u00ednica M\u00e9dica de Salud\",\"potentialAction\":[{\"@type\":\"SearchAction\",\"target\":{\"@type\":\"EntryPoint\",\"urlTemplate\":\"https:\\\/\\\/medicinasinc.com\\\/es\\\/?s={search_term_string}\"},\"query-input\":{\"@type\":\"PropertyValueSpecification\",\"valueRequired\":true,\"valueName\":\"search_term_string\"}}],\"inLanguage\":\"es\"}]}<\/script>\n<!-- \/ Yoast SEO plugin. -->","yoast_head_json":{"title":"Compre polvo de hidrocodona - Polvo de hidrocodona - Best Global Meds","description":"Compre polvo de hidrocodona de calidad a la venta en Europa, Reino Unido, Australia en l\u00ednea. El polvo de hidrocodona es un opioide semisint\u00e9tico derivado de la code\u00edna. Pide hidrocodona en polvo al mejor precio","robots":{"index":"index","follow":"follow","max-snippet":"max-snippet:-1","max-image-preview":"max-image-preview:large","max-video-preview":"max-video-preview:-1"},"canonical":"https:\/\/medicinasinc.com\/es\/product\/comprar-hidrocodona-en-polvo\/","og_locale":"es_ES","og_type":"article","og_title":"Compre polvo de hidrocodona - Polvo de hidrocodona - Best Global Meds","og_description":"Compre polvo de hidrocodona de calidad a la venta en Europa, Reino Unido, Australia en l\u00ednea. El polvo de hidrocodona es un opioide semisint\u00e9tico derivado de la code\u00edna. Pide hidrocodona en polvo al mejor precio","og_url":"https:\/\/medicinasinc.com\/es\/product\/comprar-hidrocodona-en-polvo\/","og_site_name":"Medicinas Inc","article_modified_time":"2022-03-22T00:14:09+00:00","og_image":[{"width":650,"height":390,"url":"https:\/\/medicinasinc.com\/es\/wp-content\/uploads\/sites\/15\/2022\/02\/Buy-Hydrocodone-Powder.jpg","type":"image\/jpeg"}],"twitter_card":"summary_large_image","twitter_misc":{"Tiempo de lectura":"1 minuto"},"schema":{"@context":"https:\/\/schema.org","@graph":[{"@type":"WebPage","@id":"https:\/\/medicinasinc.com\/es\/product\/comprar-hidrocodona-en-polvo\/","url":"https:\/\/medicinasinc.com\/es\/product\/comprar-hidrocodona-en-polvo\/","name":"Compre polvo de hidrocodona - Polvo de hidrocodona - Best Global Meds","isPartOf":{"@id":"https:\/\/medicinasinc.com\/es\/#website"},"primaryImageOfPage":{"@id":"https:\/\/medicinasinc.com\/es\/product\/comprar-hidrocodona-en-polvo\/#primaryimage"},"image":{"@id":"https:\/\/medicinasinc.com\/es\/product\/comprar-hidrocodona-en-polvo\/#primaryimage"},"thumbnailUrl":"https:\/\/medicinasinc.com\/es\/wp-content\/uploads\/sites\/15\/2022\/02\/Buy-Hydrocodone-Powder.jpg","datePublished":"2022-02-22T04:59:37+00:00","dateModified":"2022-03-22T00:14:09+00:00","description":"Compre polvo de hidrocodona de calidad a la venta en Europa, Reino Unido, Australia en l\u00ednea. El polvo de hidrocodona es un opioide semisint\u00e9tico derivado de la code\u00edna. Pide hidrocodona en polvo al mejor precio","breadcrumb":{"@id":"https:\/\/medicinasinc.com\/es\/product\/comprar-hidrocodona-en-polvo\/#breadcrumb"},"inLanguage":"es","potentialAction":[{"@type":"ReadAction","target":["https:\/\/medicinasinc.com\/es\/product\/comprar-hidrocodona-en-polvo\/"]}]},{"@type":"ImageObject","inLanguage":"es","@id":"https:\/\/medicinasinc.com\/es\/product\/comprar-hidrocodona-en-polvo\/#primaryimage","url":"https:\/\/medicinasinc.com\/es\/wp-content\/uploads\/sites\/15\/2022\/02\/Buy-Hydrocodone-Powder.jpg","contentUrl":"https:\/\/medicinasinc.com\/es\/wp-content\/uploads\/sites\/15\/2022\/02\/Buy-Hydrocodone-Powder.jpg","width":650,"height":390},{"@type":"BreadcrumbList","@id":"https:\/\/medicinasinc.com\/es\/product\/comprar-hidrocodona-en-polvo\/#breadcrumb","itemListElement":[{"@type":"ListItem","position":1,"name":"Tienda","item":"https:\/\/medicinasinc.com\/es\/tienda\/"},{"@type":"ListItem","position":2,"name":"Comprar hidrocodona en polvo"}]},{"@type":"WebSite","@id":"https:\/\/medicinasinc.com\/es\/#website","url":"https:\/\/medicinasinc.com\/es\/","name":"Medicinas Inc","description":"Cl\u00ednica M\u00e9dica de Salud","potentialAction":[{"@type":"SearchAction","target":{"@type":"EntryPoint","urlTemplate":"https:\/\/medicinasinc.com\/es\/?s={search_term_string}"},"query-input":{"@type":"PropertyValueSpecification","valueRequired":true,"valueName":"search_term_string"}}],"inLanguage":"es"}]}},"_links":{"self":[{"href":"https:\/\/medicinasinc.com\/es\/wp-json\/wp\/v2\/product\/5729","targetHints":{"allow":["GET"]}}],"collection":[{"href":"https:\/\/medicinasinc.com\/es\/wp-json\/wp\/v2\/product"}],"about":[{"href":"https:\/\/medicinasinc.com\/es\/wp-json\/wp\/v2\/types\/product"}],"replies":[{"embeddable":true,"href":"https:\/\/medicinasinc.com\/es\/wp-json\/wp\/v2\/comments?post=5729"}],"wp:featuredmedia":[{"embeddable":true,"href":"https:\/\/medicinasinc.com\/es\/wp-json\/wp\/v2\/media\/5738"}],"wp:attachment":[{"href":"https:\/\/medicinasinc.com\/es\/wp-json\/wp\/v2\/media?parent=5729"}],"wp:term":[{"taxonomy":"product_brand","embeddable":true,"href":"https:\/\/medicinasinc.com\/es\/wp-json\/wp\/v2\/product_brand?post=5729"},{"taxonomy":"product_cat","embeddable":true,"href":"https:\/\/medicinasinc.com\/es\/wp-json\/wp\/v2\/product_cat?post=5729"},{"taxonomy":"product_tag","embeddable":true,"href":"https:\/\/medicinasinc.com\/es\/wp-json\/wp\/v2\/product_tag?post=5729"}],"curies":[{"name":"wp","href":"https:\/\/api.w.org\/{rel}","templated":true}]}}