{"id":5710,"date":"2022-02-22T04:39:11","date_gmt":"2022-02-22T04:39:11","guid":{"rendered":"https:\/\/medicinasinc.com\/es\/?post_type=product&#038;p=5710"},"modified":"2022-03-22T00:14:18","modified_gmt":"2022-03-22T00:14:18","slug":"comprar-mdma-cristales","status":"publish","type":"product","link":"https:\/\/medicinasinc.com\/es\/product\/comprar-mdma-cristales\/","title":{"rendered":"comprar cristales de mdma"},"content":{"rendered":"<p>D\u00d3NDE PEDIR MDMA EN POLVO Y CRYSTAL EN L\u00cdNEA<\/p>\n<p>CRYSTAL MDMA est\u00e1 disponible para su compra en Internet. Comprar MDMA en polvo en l\u00ednea es simple y conveniente. La 3,4-metilendioximetanfetamina, m\u00e1s conocida como \u00e9xtasis, es un estimulante y generalmente se usa para divertirse. Para lograr los resultados deseados, los impactos incluyen sentimientos alterados y un impulso de energ\u00eda, empat\u00eda y disfrute. MDMA se puede comprar aqu\u00ed mismo en nuestro sitio. Al principio, la MDMA la consum\u00edan principalmente quienes frecuentaban clubes nocturnos y fiestas nocturnas (conocidas como \u00abraves\u00bb), pero desde entonces la droga se ha extendido a un p\u00fablico m\u00e1s amplio y ahora se conoce como \u00e9xtasis o Molly.<\/p>\n<p>Es una droga sint\u00e9tica que afecta el estado de \u00e1nimo y la percepci\u00f3n, 3,4-metilendioxi-metanfetamina (MDMA) (conciencia de los objetos y condiciones circundantes). Como estimulante y alucin\u00f3geno, produce sensaciones de mayor energ\u00eda, placer y calidez emocional, as\u00ed como una experiencia sensorial confusa.<\/p>\n<p>\u00bfC\u00f3mo es MDMA CYSTAL | \u00bfPolvo utilizado por sus usuarios?<\/p>\n<p>La MDMA se suele utilizar en forma de pastilla o c\u00e1psula, aunque tambi\u00e9n se puede ingerir en forma l\u00edquida o esnifarse en forma de polvo. Es com\u00fan llamar a esta MDMA (MDMA CRYSTAL) en polvo Molly, un t\u00e9rmino del argot para la forma de polvo cristalino supuestamente \u00abpuro\u00bb de la droga. Algunas personas pueden combinar la MDMA con otras sustancias, como el alcohol o la marihuana.<\/p>\n<p>\u00bfCu\u00e1les son los efectos de la MDMA en el cerebro?<\/p>\n<p>La MDMA activa tres mol\u00e9culas cerebrales: <\/p>\n<p>El aumento de la energ\u00eda y la actividad son dos de los efectos de la dopamina, que funciona como una recompensa en el sistema de recompensas del cerebro.<br \/> Las personas con problemas cardiovasculares o vasculares son m\u00e1s vulnerables a los efectos de la norepinefrina, que eleva el ritmo card\u00edaco y la presi\u00f3n arterial.<br \/> Hay muchas funciones en las que influye la serotonina, como el estado de \u00e1nimo, el hambre y el sue\u00f1o. Tambi\u00e9n tiene un efecto sobre la excitaci\u00f3n sexual y la confianza al provocar la liberaci\u00f3n de hormonas. Las personas que toman MDMA informan sentimientos de conexi\u00f3n emocional, mejora del estado de \u00e1nimo y empat\u00eda como resultado de los efectos de liberaci\u00f3n de serotonina de la droga. Compre pastillas de Molly en una farmacia en l\u00ednea acreditada.<\/p>\n<p>&nbsp;<\/p>\n<p>En cuanto a otros efectos negativos para la salud:<\/p>\n<p>dolor de est\u00f3mago y calambres<br \/> apretar los dientes caus\u00f3 una neblina en mi visi\u00f3n<br \/> escalofr\u00edosssudoraci\u00f3n<\/p>\n","protected":false},"excerpt":{"rendered":"<p>Compre cristales de mdma para la venta en el Reino Unido y Europa con nosotros. Las personas que nos compran pueden estar seguras de que obtendr\u00e1n lo que pagaron. Ahora, compre 3,4-Metilendioximetanfetamina.<\/p>\n<p>Hay Ecstasy\/Molly Crystals a la venta (puede comprar Ecstasy\/Molly Crystals en l\u00ednea). Hay muchos lugares donde puedes comprar cristales de MDMA en l\u00ednea. Tambi\u00e9n puedes comprar cristales de Metilona online.<\/p>\n","protected":false},"featured_media":5720,"comment_status":"open","ping_status":"closed","template":"","meta":[],"product_brand":[],"product_cat":[2014],"product_tag":[3646,501,506,3648,3664,3644,3645,3647,3668,3669,3667,3653,3666,3665,3650,3658,3651,3652,3656,3657,3649,3660,3661,3663,539,3662,3659,3655,3654],"class_list":{"0":"post-5710","1":"product","2":"type-product","3":"status-publish","4":"has-post-thumbnail","6":"product_cat-comprar-investigacion-quimicos","7":"product_tag-buy-mdma-crystals","8":"product_tag-buy-mdma-online","9":"product_tag-buy-pure-mdma-online","10":"product_tag-como-comprar-mdma-crystal-online","11":"product_tag-compra-mdma-crystal-online","12":"product_tag-comprar-mdma-cristal","13":"product_tag-comprar-mdma-crystal-online","14":"product_tag-comprar-mdma-polvo","15":"product_tag-donde-comprar-mdma-crystal-online","16":"product_tag-donde-conseguir-mdma-usa","17":"product_tag-donde-puedo-comprar-mdma","18":"product_tag-mdma-crystals-effect","19":"product_tag-el-mejor-lugar-para-comprar-mdma-crystal-online","20":"product_tag-etiquetas-comprar-xtasis-usa","21":"product_tag-mail-order-mdma-crystal","22":"product_tag-mdma-online-comprar","23":"product_tag-cristal-mdma-en-venta","24":"product_tag-cristal-mdma-en-venta-online","25":"product_tag-mdma-crystals-reddit","26":"product_tag-mdma-en-venta-usa","27":"product_tag-pedido-por-correo-mdma","28":"product_tag-mdma-powder-crystals","29":"product_tag-mdma-powder-crystals-online","30":"product_tag-pedido-mdma-crystal-online","31":"product_tag-orden-mdma-online","32":"product_tag-mdma-polvo-para-la-venta","33":"product_tag-mdma-polvo","34":"product_tag-mdma-cristales-precios","35":"product_tag-mdma-cristales-en-venta","37":"first","38":"instock","39":"shipping-taxable","40":"purchasable","41":"product-type-variable","42":"has-default-attributes"},"yoast_head":"<!-- This site is optimized with the Yoast SEO plugin v27.2 - https:\/\/yoast.com\/product\/yoast-seo-wordpress\/ -->\n<title>Comprar cristales de mdma - Venta de cristales de mdma - Best Global Meds<\/title>\n<meta name=\"description\" content=\"Compre cristales mdma a la venta en el Reino Unido, Europa. ofrecemos la transacci\u00f3n m\u00e1s confiable y vendemos a precios muy asequibles. Pida 3,4-metil\u200benodioxi\u200bmetanfetamina ahora\" \/>\n<meta name=\"robots\" content=\"index, follow, max-snippet:-1, max-image-preview:large, max-video-preview:-1\" \/>\n<link rel=\"canonical\" href=\"https:\/\/medicinasinc.com\/es\/product\/comprar-mdma-cristales\/\" \/>\n<meta property=\"og:locale\" content=\"es_ES\" \/>\n<meta property=\"og:type\" content=\"article\" \/>\n<meta property=\"og:title\" content=\"Comprar cristales de mdma - Venta de cristales de mdma - Best Global Meds\" \/>\n<meta property=\"og:description\" content=\"Compre cristales mdma a la venta en el Reino Unido, Europa. ofrecemos la transacci\u00f3n m\u00e1s confiable y vendemos a precios muy asequibles. Pida 3,4-metil\u200benodioxi\u200bmetanfetamina ahora\" \/>\n<meta property=\"og:url\" content=\"https:\/\/medicinasinc.com\/es\/product\/comprar-mdma-cristales\/\" \/>\n<meta property=\"og:site_name\" content=\"Medicinas Inc\" \/>\n<meta property=\"article:modified_time\" content=\"2022-03-22T00:14:18+00:00\" \/>\n<meta property=\"og:image\" content=\"https:\/\/medicinasinc.com\/es\/wp-content\/uploads\/sites\/15\/2022\/02\/Buy-mdma-crystals.jpg\" \/>\n\t<meta property=\"og:image:width\" content=\"600\" \/>\n\t<meta property=\"og:image:height\" content=\"600\" \/>\n\t<meta property=\"og:image:type\" content=\"image\/jpeg\" \/>\n<meta name=\"twitter:card\" content=\"summary_large_image\" \/>\n<meta name=\"twitter:label1\" content=\"Tiempo de lectura\" \/>\n\t<meta name=\"twitter:data1\" content=\"2 minutos\" \/>\n<script type=\"application\/ld+json\" class=\"yoast-schema-graph\">{\"@context\":\"https:\/\/schema.org\",\"@graph\":[{\"@type\":\"WebPage\",\"@id\":\"https:\/\/medicinasinc.com\/es\/product\/comprar-mdma-cristales\/\",\"url\":\"https:\/\/medicinasinc.com\/es\/product\/comprar-mdma-cristales\/\",\"name\":\"Comprar cristales de mdma - Venta de cristales de mdma - Best Global Meds\",\"isPartOf\":{\"@id\":\"https:\/\/medicinasinc.com\/es\/#website\"},\"primaryImageOfPage\":{\"@id\":\"https:\/\/medicinasinc.com\/es\/product\/comprar-mdma-cristales\/#primaryimage\"},\"image\":{\"@id\":\"https:\/\/medicinasinc.com\/es\/product\/comprar-mdma-cristales\/#primaryimage\"},\"thumbnailUrl\":\"https:\/\/medicinasinc.com\/es\/wp-content\/uploads\/sites\/15\/2022\/02\/Buy-mdma-crystals.jpg\",\"datePublished\":\"2022-02-22T04:39:11+00:00\",\"dateModified\":\"2022-03-22T00:14:18+00:00\",\"description\":\"Compre cristales mdma a la venta en el Reino Unido, Europa. ofrecemos la transacci\u00f3n m\u00e1s confiable y vendemos a precios muy asequibles. Pida 3,4-metil\u200benodioxi\u200bmetanfetamina ahora\",\"breadcrumb\":{\"@id\":\"https:\/\/medicinasinc.com\/es\/product\/comprar-mdma-cristales\/#breadcrumb\"},\"inLanguage\":\"es\",\"potentialAction\":[{\"@type\":\"ReadAction\",\"target\":[\"https:\/\/medicinasinc.com\/es\/product\/comprar-mdma-cristales\/\"]}]},{\"@type\":\"ImageObject\",\"inLanguage\":\"es\",\"@id\":\"https:\/\/medicinasinc.com\/es\/product\/comprar-mdma-cristales\/#primaryimage\",\"url\":\"https:\/\/medicinasinc.com\/es\/wp-content\/uploads\/sites\/15\/2022\/02\/Buy-mdma-crystals.jpg\",\"contentUrl\":\"https:\/\/medicinasinc.com\/es\/wp-content\/uploads\/sites\/15\/2022\/02\/Buy-mdma-crystals.jpg\",\"width\":600,\"height\":600},{\"@type\":\"BreadcrumbList\",\"@id\":\"https:\/\/medicinasinc.com\/es\/product\/comprar-mdma-cristales\/#breadcrumb\",\"itemListElement\":[{\"@type\":\"ListItem\",\"position\":1,\"name\":\"Tienda\",\"item\":\"https:\/\/medicinasinc.com\/es\/tienda\/\"},{\"@type\":\"ListItem\",\"position\":2,\"name\":\"comprar cristales de mdma\"}]},{\"@type\":\"WebSite\",\"@id\":\"https:\/\/medicinasinc.com\/es\/#website\",\"url\":\"https:\/\/medicinasinc.com\/es\/\",\"name\":\"Medicinas Inc\",\"description\":\"Cl\u00ednica M\u00e9dica de Salud\",\"potentialAction\":[{\"@type\":\"SearchAction\",\"target\":{\"@type\":\"EntryPoint\",\"urlTemplate\":\"https:\/\/medicinasinc.com\/es\/?s={search_term_string}\"},\"query-input\":{\"@type\":\"PropertyValueSpecification\",\"valueRequired\":true,\"valueName\":\"search_term_string\"}}],\"inLanguage\":\"es\"}]}<\/script>\n<!-- \/ Yoast SEO plugin. -->","yoast_head_json":{"title":"Comprar cristales de mdma - Venta de cristales de mdma - Best Global Meds","description":"Compre cristales mdma a la venta en el Reino Unido, Europa. ofrecemos la transacci\u00f3n m\u00e1s confiable y vendemos a precios muy asequibles. Pida 3,4-metil\u200benodioxi\u200bmetanfetamina ahora","robots":{"index":"index","follow":"follow","max-snippet":"max-snippet:-1","max-image-preview":"max-image-preview:large","max-video-preview":"max-video-preview:-1"},"canonical":"https:\/\/medicinasinc.com\/es\/product\/comprar-mdma-cristales\/","og_locale":"es_ES","og_type":"article","og_title":"Comprar cristales de mdma - Venta de cristales de mdma - Best Global Meds","og_description":"Compre cristales mdma a la venta en el Reino Unido, Europa. ofrecemos la transacci\u00f3n m\u00e1s confiable y vendemos a precios muy asequibles. Pida 3,4-metil\u200benodioxi\u200bmetanfetamina ahora","og_url":"https:\/\/medicinasinc.com\/es\/product\/comprar-mdma-cristales\/","og_site_name":"Medicinas Inc","article_modified_time":"2022-03-22T00:14:18+00:00","og_image":[{"width":600,"height":600,"url":"https:\/\/medicinasinc.com\/es\/wp-content\/uploads\/sites\/15\/2022\/02\/Buy-mdma-crystals.jpg","type":"image\/jpeg"}],"twitter_card":"summary_large_image","twitter_misc":{"Tiempo de lectura":"2 minutos"},"schema":{"@context":"https:\/\/schema.org","@graph":[{"@type":"WebPage","@id":"https:\/\/medicinasinc.com\/es\/product\/comprar-mdma-cristales\/","url":"https:\/\/medicinasinc.com\/es\/product\/comprar-mdma-cristales\/","name":"Comprar cristales de mdma - Venta de cristales de mdma - Best Global Meds","isPartOf":{"@id":"https:\/\/medicinasinc.com\/es\/#website"},"primaryImageOfPage":{"@id":"https:\/\/medicinasinc.com\/es\/product\/comprar-mdma-cristales\/#primaryimage"},"image":{"@id":"https:\/\/medicinasinc.com\/es\/product\/comprar-mdma-cristales\/#primaryimage"},"thumbnailUrl":"https:\/\/medicinasinc.com\/es\/wp-content\/uploads\/sites\/15\/2022\/02\/Buy-mdma-crystals.jpg","datePublished":"2022-02-22T04:39:11+00:00","dateModified":"2022-03-22T00:14:18+00:00","description":"Compre cristales mdma a la venta en el Reino Unido, Europa. ofrecemos la transacci\u00f3n m\u00e1s confiable y vendemos a precios muy asequibles. Pida 3,4-metil\u200benodioxi\u200bmetanfetamina ahora","breadcrumb":{"@id":"https:\/\/medicinasinc.com\/es\/product\/comprar-mdma-cristales\/#breadcrumb"},"inLanguage":"es","potentialAction":[{"@type":"ReadAction","target":["https:\/\/medicinasinc.com\/es\/product\/comprar-mdma-cristales\/"]}]},{"@type":"ImageObject","inLanguage":"es","@id":"https:\/\/medicinasinc.com\/es\/product\/comprar-mdma-cristales\/#primaryimage","url":"https:\/\/medicinasinc.com\/es\/wp-content\/uploads\/sites\/15\/2022\/02\/Buy-mdma-crystals.jpg","contentUrl":"https:\/\/medicinasinc.com\/es\/wp-content\/uploads\/sites\/15\/2022\/02\/Buy-mdma-crystals.jpg","width":600,"height":600},{"@type":"BreadcrumbList","@id":"https:\/\/medicinasinc.com\/es\/product\/comprar-mdma-cristales\/#breadcrumb","itemListElement":[{"@type":"ListItem","position":1,"name":"Tienda","item":"https:\/\/medicinasinc.com\/es\/tienda\/"},{"@type":"ListItem","position":2,"name":"comprar cristales de mdma"}]},{"@type":"WebSite","@id":"https:\/\/medicinasinc.com\/es\/#website","url":"https:\/\/medicinasinc.com\/es\/","name":"Medicinas Inc","description":"Cl\u00ednica M\u00e9dica de Salud","potentialAction":[{"@type":"SearchAction","target":{"@type":"EntryPoint","urlTemplate":"https:\/\/medicinasinc.com\/es\/?s={search_term_string}"},"query-input":{"@type":"PropertyValueSpecification","valueRequired":true,"valueName":"search_term_string"}}],"inLanguage":"es"}]}},"_links":{"self":[{"href":"https:\/\/medicinasinc.com\/es\/wp-json\/wp\/v2\/product\/5710","targetHints":{"allow":["GET"]}}],"collection":[{"href":"https:\/\/medicinasinc.com\/es\/wp-json\/wp\/v2\/product"}],"about":[{"href":"https:\/\/medicinasinc.com\/es\/wp-json\/wp\/v2\/types\/product"}],"replies":[{"embeddable":true,"href":"https:\/\/medicinasinc.com\/es\/wp-json\/wp\/v2\/comments?post=5710"}],"wp:featuredmedia":[{"embeddable":true,"href":"https:\/\/medicinasinc.com\/es\/wp-json\/wp\/v2\/media\/5720"}],"wp:attachment":[{"href":"https:\/\/medicinasinc.com\/es\/wp-json\/wp\/v2\/media?parent=5710"}],"wp:term":[{"taxonomy":"product_brand","embeddable":true,"href":"https:\/\/medicinasinc.com\/es\/wp-json\/wp\/v2\/product_brand?post=5710"},{"taxonomy":"product_cat","embeddable":true,"href":"https:\/\/medicinasinc.com\/es\/wp-json\/wp\/v2\/product_cat?post=5710"},{"taxonomy":"product_tag","embeddable":true,"href":"https:\/\/medicinasinc.com\/es\/wp-json\/wp\/v2\/product_tag?post=5710"}],"curies":[{"name":"wp","href":"https:\/\/api.w.org\/{rel}","templated":true}]}}