{"id":5703,"date":"2022-02-22T04:29:46","date_gmt":"2022-02-22T04:29:46","guid":{"rendered":"https:\/\/medicinasinc.com\/es\/?post_type=product&#038;p=5703"},"modified":"2022-03-22T00:14:29","modified_gmt":"2022-03-22T00:14:29","slug":"comprar-dimetiltriptamina-dmt","status":"publish","type":"product","link":"https:\/\/medicinasinc.com\/es\/product\/comprar-dimetiltriptamina-dmt\/","title":{"rendered":"Comprar dimetiltriptamina DMT"},"content":{"rendered":"<p>Hay muchos lugares para comprar DMT en polvo en l\u00ednea.<\/p>\n<p>DMT existe desde hace mucho tiempo. La droga se ha usado mucho a lo largo de los a\u00f1os para muchas cosas diferentes hasta que el gobierno la consider\u00f3 una droga que podr\u00eda ser peligrosa si se tomaba al extremo. Es posible que no pueda comprar polvo de DMT en l\u00ednea si no sabe c\u00f3mo hacerlo. Finalmente, su arduo trabajo ha valido la pena y tiene los resultados que desea. Bestglobalmeds es un sitio web donde puedes comprar DMT en l\u00ednea a un excelente precio. Tiene DMT pura y de alta calidad.<\/p>\n<p>Una respuesta a la pregunta \u00ab\u00bfQu\u00e9 es el polvo de DMT?\u00bb<\/p>\n<p>La DMT (N, N-dimetiltriptamina) es una triptamina psicod\u00e9lica natural que puede se encuentran en plantas, animales y humanos. Forma parte del grupo de las drogas psicod\u00e9licas (sustancias que te hacen m\u00e1s consciente). Las mezclas de DMT hechas por Changa tambi\u00e9n se hacen de esta manera. Se pueden convertir en polvo o se pueden convertir en polvo.<\/p>\n<p>Es una sustancia natural que se puede encontrar en peque\u00f1as cantidades en el cerebro humano, donde se desconoce su funci\u00f3n. DMT es conocido por su poder. Si la fumas, el viaje psicod\u00e9lico que hace dura solo de 5 a 30 minutos, pero el efecto que tiene es potente y duradero. Sintiendo que \u00e9l o ella han sido enviados a un lugar completamente diferente, con sonidos e im\u00e1genes que te hacen pensar en cosas k\u0430l\u0435d\u043e\u0441\u043e\u0440ic,<\/p>\n<p>Bebidas de ayahuasca, que se hacen con corteza de \u00e1rbol que contiene DMT y otras plantas que contienen una sustancia qu\u00edmica llamada IMAO (inhibidor de la monoaminooxidasa, para los verdaderamente enfermos). El IMAO hace que la DMT dure mucho m\u00e1s en nuestro organismo y alarga la experiencia psiqui\u00e1trica durante horas. El DMT se ha utilizado en la medicina tradicional durante mucho tiempo.<\/p>\n<p>En los \u00faltimos a\u00f1os, este brebaje se ha vuelto m\u00e1s popular debido a sus propiedades curativas, incluso como tratamiento para el abuso de sustancias. En comparaci\u00f3n con el \u00abpatriarca duro\u00bb de Sbog\u00e1ne, la \u00abmatriarca amorosa\u00bb de la curaci\u00f3n con Ayahuasca ha sido llamada la \u00abmatriarca amorosa\u00bb. Ayuda a las personas a romper los mecanismos de defensa que pueden haber desarrollado que les impiden conectarse con otros.<\/p>\n<p>\u00bfSabes c\u00f3mo es la DMT?<br \/> Describe c\u00f3mo es la DMT.<br \/> CUANDO es puro, parece un polvo blanco cristalizado o algo m\u00e1s.<br \/> Adem\u00e1s, cuando no es puro, parece un polvo o l\u00edquido amarillo, naranja o rosado. Esto es m\u00e1s com\u00fan, pero no es la \u00fanica forma de verlo.<br \/> Una mezcla de hierbas marr\u00f3n\/roja, cuando se mezcla con hierbas, hace una bebida llamada ayahuasca Licor marr\u00f3n\/rojo cuando es parte de una ayahuasca bebida.<br \/> DMT sabe y huele a qu\u00e9.<\/p>\n<p>N, N-dimetiltruptamina tiene un olor y sabor muy fuerte que muchas personas, incluidos nuestros clientes, han comparado con pl\u00e1stico quemado y zapatos nuevos.<\/p>\n<p>\u00bfC\u00f3mo se usa DMT?<\/p>\n<p>Cuando compre DMT en l\u00ednea, tenga en cuenta que se puede usar de tres formas principales: golpeado, cambiado y envuelto.<\/p>\n<p>El DMT se fuma.<\/p>\n<p>La gente a veces mezcla el DMT con hierbas, como la ayahuasca, para hacer una bebida llamada ch\u00e1ng\u0430. Esto se debe a que la DMT es peligrosa y puede ser peligroso fumarla. Cada lote de ch\u0430nga es diferente seg\u00fan las hierbas que se usen, por lo que la potencia de cada lote var\u00eda.<\/p>\n<p>La gente se emborracha con DMT<\/p>\n<p>La ch\u00e1cruna es una hierba sudamericana que tiene DMT en eso. A veces, se mezcla con la planta de ayahuasca para hacer el brebaje cham\u00e1nico, ayahuasca.<\/p>\n<p>Dar DMT a alguien<\/p>\n<p>La DMT puede estar lista para ser inyectada, y esto puede ser muy peligroso. , tambi\u00e9n.<\/p>\n<p>El resoplido de DMT<\/p>\n<p>Para obtener DMT, puedes triturarlo hasta convertirlo en polvo e inhalarlo.<\/p>\n<p>Dosificaci\u00f3n<\/p>\n<p>DMT: fumado de 15 a 60 mg (solo en una pipa de vidrio), inhalado de 20 a 50 mg y bebido de 30 a 150 mg.<\/p>\n<p>Changa: todo depende de la cantidad de DMT que haya en la parte.<\/p>\n<p>Siempre que haya suficiente DMT en la mezcla.<\/p>\n<p>\u00bfQu\u00e9 pasar\u00e1 si tomas DMT?<br \/> \u00bfC\u00f3mo te sientes al respecto?<\/p>\n<p> DMT es conocido por dar a las personas que lo toman un \u00abtrp\u00bb muy intenso, que es el nombre que se le da a la experiencia de tomar psicod\u00e9licos.<\/p>\n<p>Cuando tomas DMT, el mundo se ve muy diferente. Los colores, los sonidos, los objetos e incluso el tiempo pueden parece muy diferente. Algunas personas tienen experiencias extracorp\u00f3reas mientras toman DMT.<\/p>\n<p>Puede hacer que:<\/p>\n<p>vea y escuche cosas que no existen (halu\u0441n\u0430t\u0435), lo que podr\u00eda ser una buena o mala experiencia. Siente como el tiempo y el movimiento se aceleran o se ralentizan. Esto se llama \u00abvisuales\u00bb.<br \/> \u00bfC\u00f3mo act\u00faan las personas?<\/p>\n<p>Las personas pueden actuar de formas que no esperan cuando est\u00e1n drogadas con DMT, al igual que con cualquier droga alucin\u00f3gena.<\/p>\n<p>Varios usuarios dicen que se sienten como si estuvieran pasando por una experiencia cercana a la muerte y, como resultado, se quedan muy callados y miran hacia adentro como resultado.<\/p>\n<p>Algunas personas dicen que pueden no se mueven mientras est\u00e1n en DMT.<\/p>\n<p>\u00bfCu\u00e1ndo comienza a tener efecto el DMT en ti?<\/p>\n<p>Todo depende de cu\u00e1nto hayas tomado, qu\u00e9 tan grande seas , si has comido y qu\u00e9 otras drogas has tomado.<\/p>\n<p>Esta palabra tambi\u00e9n se conoce como \u00abk\u0441k\u00bb.<\/p>\n<p>Cuando se fuma, el DMT entra muy r\u00e1pidamente. El efecto puede tardar mucho en aparecer cuando es parte de una ceremonia de ayahuasca.<\/p>\n<p>\u00bfCu\u00e1nto tiempo dur\u00f3?<\/p>\n<p>Puedes emocionarte mucho cuando tomas un DMT viaje, pero tambi\u00e9n duran muy r\u00e1pido, a veces solo unos minutos. Como parte de una ceremonia de ayahuasca, un viaje de DMT puede durar varias horas, pero tambi\u00e9n puede ser muy corto.<\/p>\n<p>Por estas razones, el DMT se conoc\u00eda como el \u00abviaje de bun\u0435s\u00bb en la d\u00e9cada de 1960 en el Estados Unidos. Un usuario pod\u00eda obtener toda la profundidad y el alcance de una experiencia con esta droga, que era m\u00e1s r\u00e1pida que con otras drogas, como el LSD o los hongos m\u00e1gicos.<\/p>\n<p>\u00bfDMT tiene qu\u00e9?<br \/> As\u00ed es como funciona la salud f\u00edsica. funciona:<\/p>\n<p>Muchas personas en Am\u00e9rica del Sur beben o comen bebidas o alimentos que contienen DMT como parte de su estilo de vida. El ejemplo m\u00e1s conocido son las ceremonias de ayahuasca.<\/p>\n<p>Hay algunas personas que piensan que la DMT es una droga espiritual que tambi\u00e9n es segura, pero sigue siendo un alucin\u00f3geno qu\u00edmico.<\/p>\n<p>Puede:<\/p>\n<p>Es hora de controlar su presi\u00f3n arterial.<br \/> si tiene una afecci\u00f3n card\u00edaca preexistente, aumentar su frecuencia card\u00edaca podr\u00eda enfermarlo y hacer que desee irse. Esto se debe a que su cuerpo est\u00e1 recibiendo mucho veneno.<\/p>\n<p>Si toma DMT, puede tener muchos efectos diferentes y, a veces, muy aterradores. Es posible que estos efectos ni siquiera est\u00e9n en la cabeza de una persona.<\/p>\n<p>Puede ser muy confuso y aterrador si entra una persona.<\/p>\n<p>Puede ayudarlo: si toma un medicamento como DMT .<\/p>\n<p>Los flashbacks ocurren cuando se revive una parte de un viaje despu\u00e9s del original.<br \/> Vigile de cerca a alguien que haya tenido problemas de salud mental en el pasado. Podr\u00eda causar problemas a alguien que no sab\u00eda que estaba en riesgo de tener problemas de salud mental.<br \/> Si el viaje sale mal, el usuario podr\u00eda lastimarse. Por lo tanto, si est\u00e1 de mal humor o ansioso, es posible que no quiera tomar DMT.<br \/> Provoca efectos emocionales y desagradables que pueden durar d\u00edas despu\u00e9s de tomar el medicamento. Estos efectos pueden ser desagradables o emocionales.<\/p>\n<div class=\"product-next-previous\">\n<div class=\"product-prev\"><\/div><\/div>\n","protected":false},"excerpt":{"rendered":"<p>Compre dimetiltriptamina DMT a la venta en el Reino Unido, Europa y Australia. ofrecemos la transacci\u00f3n m\u00e1s confiable y vendemos a precios muy asequibles. Ordene DMT ahora a los mejores precios. Nuestra dimetiltriptamina es una de las mejores del proveedor m\u00e1s confiable, comun\u00edquese ahora para pedir su dimetiltriptamina DMT de calidad pura para la venta<\/p>\n<p><em>Dmt<\/em>\u00a0es una poderosa droga alucin\u00f3gena que se encuentra en varias plantas que pueden fumarse, inhalarse o mezclarse con ayahuasca. Ordene\u00a0<em>DMT<\/em>\u00a0en l\u00ednea.<\/p>\n","protected":false},"featured_media":5713,"comment_status":"open","ping_status":"closed","template":"","meta":[],"product_brand":[],"product_cat":[703,2014],"product_tag":[3643,3618,3616,3617,3619,3633,3622,3620,3621,3625,3630,3631,3632,3624,3635,3636,3637,3638,3626,3627,3634,3615,3629,3640,3295,3641,3623,3628,3642,3639],"class_list":{"0":"post-5703","1":"product","2":"type-product","3":"status-publish","4":"has-post-thumbnail","6":"product_cat-comprar-drogas-psicodelicas","7":"product_cat-comprar-investigacion-quimicos","8":"product_tag-que-es-dmt-polvo","9":"product_tag-comprar-puro-dmt","10":"product_tag-comprar-dimetiltriptamina","11":"product_tag-comprar-dmt","12":"product_tag-este-es--dmt","13":"product_tag-dmt-comprar","14":"product_tag-bu-hl-drug-nl-d1n","15":"product_tag-bu-psycheclic-drug","16":"product_tag-bu-pur-dmthltrtmn-dmt-onl-d1n","17":"product_tag-dimethyltryptamine-buy","18":"product_tag-dimethyltryptamine-purchase","19":"product_tag-dimethyltryptamine-reddit","20":"product_tag-dimethyltryptamine-review","21":"product_tag-dimetiltriptamina","22":"product_tag-dmt-en-venta","23":"product_tag-dmt-reddit","24":"product_tag-dmt-review","25":"product_tag-dmt-sale","26":"product_tag-dimetiltriptamina-dosis-para-mujeres-embarazadas","27":"product_tag-efecto-dimetiltriptamina","28":"product_tag-efecto-dmt","29":"product_tag-mejor-lugar-para-comprar-dimetiltriptamina","30":"product_tag-orden-de-dimetiltriptamina","31":"product_tag-orden-dimetiltriptamina","32":"product_tag-orden-dmt","33":"product_tag-solicitud-dmt","34":"product_tag-droga-psiquelica-barata","35":"product_tag-venta-de-dimetiltriptamina","36":"product_tag-pure-dmt-en-venta","37":"product_tag-dmt-ventas","39":"first","40":"instock","41":"shipping-taxable","42":"purchasable","43":"product-type-variable","44":"has-default-attributes"},"yoast_head":"<!-- This site is optimized with the Yoast SEO plugin v27.3 - https:\/\/yoast.com\/product\/yoast-seo-wordpress\/ -->\n<title>Comprar dimetiltriptamina DMT - Dmt a la venta - Best Global Meds<\/title>\n<meta name=\"description\" content=\"Comprar dimetiltriptamina DMT para la venta en Reino Unido, Europa, AU. ofrecemos la transacci\u00f3n m\u00e1s confiable y vendemos a precios muy asequibles. Ordene DMT ahora a los mejores precios\" \/>\n<meta name=\"robots\" content=\"index, follow, max-snippet:-1, max-image-preview:large, max-video-preview:-1\" \/>\n<link rel=\"canonical\" href=\"https:\/\/medicinasinc.com\/es\/product\/comprar-dimetiltriptamina-dmt\/\" \/>\n<meta property=\"og:locale\" content=\"es_ES\" \/>\n<meta property=\"og:type\" content=\"article\" \/>\n<meta property=\"og:title\" content=\"Comprar dimetiltriptamina DMT - Dmt a la venta - Best Global Meds\" \/>\n<meta property=\"og:description\" content=\"Comprar dimetiltriptamina DMT para la venta en Reino Unido, Europa, AU. ofrecemos la transacci\u00f3n m\u00e1s confiable y vendemos a precios muy asequibles. Ordene DMT ahora a los mejores precios\" \/>\n<meta property=\"og:url\" content=\"https:\/\/medicinasinc.com\/es\/product\/comprar-dimetiltriptamina-dmt\/\" \/>\n<meta property=\"og:site_name\" content=\"Medicinas Inc\" \/>\n<meta property=\"article:modified_time\" content=\"2022-03-22T00:14:29+00:00\" \/>\n<meta property=\"og:image\" content=\"https:\/\/medicinasinc.com\/es\/wp-content\/uploads\/sites\/15\/2022\/02\/DMT-for-Sale.jpg\" \/>\n\t<meta property=\"og:image:width\" content=\"500\" \/>\n\t<meta property=\"og:image:height\" content=\"500\" \/>\n\t<meta property=\"og:image:type\" content=\"image\/jpeg\" \/>\n<meta name=\"twitter:card\" content=\"summary_large_image\" \/>\n<meta name=\"twitter:label1\" content=\"Tiempo de lectura\" \/>\n\t<meta name=\"twitter:data1\" content=\"6 minutos\" \/>\n<script type=\"application\/ld+json\" class=\"yoast-schema-graph\">{\"@context\":\"https:\\\/\\\/schema.org\",\"@graph\":[{\"@type\":\"WebPage\",\"@id\":\"https:\\\/\\\/medicinasinc.com\\\/es\\\/product\\\/comprar-dimetiltriptamina-dmt\\\/\",\"url\":\"https:\\\/\\\/medicinasinc.com\\\/es\\\/product\\\/comprar-dimetiltriptamina-dmt\\\/\",\"name\":\"Comprar dimetiltriptamina DMT - Dmt a la venta - Best Global Meds\",\"isPartOf\":{\"@id\":\"https:\\\/\\\/medicinasinc.com\\\/es\\\/#website\"},\"primaryImageOfPage\":{\"@id\":\"https:\\\/\\\/medicinasinc.com\\\/es\\\/product\\\/comprar-dimetiltriptamina-dmt\\\/#primaryimage\"},\"image\":{\"@id\":\"https:\\\/\\\/medicinasinc.com\\\/es\\\/product\\\/comprar-dimetiltriptamina-dmt\\\/#primaryimage\"},\"thumbnailUrl\":\"https:\\\/\\\/medicinasinc.com\\\/es\\\/wp-content\\\/uploads\\\/sites\\\/15\\\/2022\\\/02\\\/DMT-for-Sale.jpg\",\"datePublished\":\"2022-02-22T04:29:46+00:00\",\"dateModified\":\"2022-03-22T00:14:29+00:00\",\"description\":\"Comprar dimetiltriptamina DMT para la venta en Reino Unido, Europa, AU. ofrecemos la transacci\u00f3n m\u00e1s confiable y vendemos a precios muy asequibles. Ordene DMT ahora a los mejores precios\",\"breadcrumb\":{\"@id\":\"https:\\\/\\\/medicinasinc.com\\\/es\\\/product\\\/comprar-dimetiltriptamina-dmt\\\/#breadcrumb\"},\"inLanguage\":\"es\",\"potentialAction\":[{\"@type\":\"ReadAction\",\"target\":[\"https:\\\/\\\/medicinasinc.com\\\/es\\\/product\\\/comprar-dimetiltriptamina-dmt\\\/\"]}]},{\"@type\":\"ImageObject\",\"inLanguage\":\"es\",\"@id\":\"https:\\\/\\\/medicinasinc.com\\\/es\\\/product\\\/comprar-dimetiltriptamina-dmt\\\/#primaryimage\",\"url\":\"https:\\\/\\\/medicinasinc.com\\\/es\\\/wp-content\\\/uploads\\\/sites\\\/15\\\/2022\\\/02\\\/DMT-for-Sale.jpg\",\"contentUrl\":\"https:\\\/\\\/medicinasinc.com\\\/es\\\/wp-content\\\/uploads\\\/sites\\\/15\\\/2022\\\/02\\\/DMT-for-Sale.jpg\",\"width\":500,\"height\":500},{\"@type\":\"BreadcrumbList\",\"@id\":\"https:\\\/\\\/medicinasinc.com\\\/es\\\/product\\\/comprar-dimetiltriptamina-dmt\\\/#breadcrumb\",\"itemListElement\":[{\"@type\":\"ListItem\",\"position\":1,\"name\":\"Tienda\",\"item\":\"https:\\\/\\\/medicinasinc.com\\\/es\\\/tienda\\\/\"},{\"@type\":\"ListItem\",\"position\":2,\"name\":\"Comprar dimetiltriptamina DMT\"}]},{\"@type\":\"WebSite\",\"@id\":\"https:\\\/\\\/medicinasinc.com\\\/es\\\/#website\",\"url\":\"https:\\\/\\\/medicinasinc.com\\\/es\\\/\",\"name\":\"Medicinas Inc\",\"description\":\"Cl\u00ednica M\u00e9dica de Salud\",\"potentialAction\":[{\"@type\":\"SearchAction\",\"target\":{\"@type\":\"EntryPoint\",\"urlTemplate\":\"https:\\\/\\\/medicinasinc.com\\\/es\\\/?s={search_term_string}\"},\"query-input\":{\"@type\":\"PropertyValueSpecification\",\"valueRequired\":true,\"valueName\":\"search_term_string\"}}],\"inLanguage\":\"es\"}]}<\/script>\n<!-- \/ Yoast SEO plugin. -->","yoast_head_json":{"title":"Comprar dimetiltriptamina DMT - Dmt a la venta - Best Global Meds","description":"Comprar dimetiltriptamina DMT para la venta en Reino Unido, Europa, AU. ofrecemos la transacci\u00f3n m\u00e1s confiable y vendemos a precios muy asequibles. Ordene DMT ahora a los mejores precios","robots":{"index":"index","follow":"follow","max-snippet":"max-snippet:-1","max-image-preview":"max-image-preview:large","max-video-preview":"max-video-preview:-1"},"canonical":"https:\/\/medicinasinc.com\/es\/product\/comprar-dimetiltriptamina-dmt\/","og_locale":"es_ES","og_type":"article","og_title":"Comprar dimetiltriptamina DMT - Dmt a la venta - Best Global Meds","og_description":"Comprar dimetiltriptamina DMT para la venta en Reino Unido, Europa, AU. ofrecemos la transacci\u00f3n m\u00e1s confiable y vendemos a precios muy asequibles. Ordene DMT ahora a los mejores precios","og_url":"https:\/\/medicinasinc.com\/es\/product\/comprar-dimetiltriptamina-dmt\/","og_site_name":"Medicinas Inc","article_modified_time":"2022-03-22T00:14:29+00:00","og_image":[{"width":500,"height":500,"url":"https:\/\/medicinasinc.com\/es\/wp-content\/uploads\/sites\/15\/2022\/02\/DMT-for-Sale.jpg","type":"image\/jpeg"}],"twitter_card":"summary_large_image","twitter_misc":{"Tiempo de lectura":"6 minutos"},"schema":{"@context":"https:\/\/schema.org","@graph":[{"@type":"WebPage","@id":"https:\/\/medicinasinc.com\/es\/product\/comprar-dimetiltriptamina-dmt\/","url":"https:\/\/medicinasinc.com\/es\/product\/comprar-dimetiltriptamina-dmt\/","name":"Comprar dimetiltriptamina DMT - Dmt a la venta - Best Global Meds","isPartOf":{"@id":"https:\/\/medicinasinc.com\/es\/#website"},"primaryImageOfPage":{"@id":"https:\/\/medicinasinc.com\/es\/product\/comprar-dimetiltriptamina-dmt\/#primaryimage"},"image":{"@id":"https:\/\/medicinasinc.com\/es\/product\/comprar-dimetiltriptamina-dmt\/#primaryimage"},"thumbnailUrl":"https:\/\/medicinasinc.com\/es\/wp-content\/uploads\/sites\/15\/2022\/02\/DMT-for-Sale.jpg","datePublished":"2022-02-22T04:29:46+00:00","dateModified":"2022-03-22T00:14:29+00:00","description":"Comprar dimetiltriptamina DMT para la venta en Reino Unido, Europa, AU. ofrecemos la transacci\u00f3n m\u00e1s confiable y vendemos a precios muy asequibles. Ordene DMT ahora a los mejores precios","breadcrumb":{"@id":"https:\/\/medicinasinc.com\/es\/product\/comprar-dimetiltriptamina-dmt\/#breadcrumb"},"inLanguage":"es","potentialAction":[{"@type":"ReadAction","target":["https:\/\/medicinasinc.com\/es\/product\/comprar-dimetiltriptamina-dmt\/"]}]},{"@type":"ImageObject","inLanguage":"es","@id":"https:\/\/medicinasinc.com\/es\/product\/comprar-dimetiltriptamina-dmt\/#primaryimage","url":"https:\/\/medicinasinc.com\/es\/wp-content\/uploads\/sites\/15\/2022\/02\/DMT-for-Sale.jpg","contentUrl":"https:\/\/medicinasinc.com\/es\/wp-content\/uploads\/sites\/15\/2022\/02\/DMT-for-Sale.jpg","width":500,"height":500},{"@type":"BreadcrumbList","@id":"https:\/\/medicinasinc.com\/es\/product\/comprar-dimetiltriptamina-dmt\/#breadcrumb","itemListElement":[{"@type":"ListItem","position":1,"name":"Tienda","item":"https:\/\/medicinasinc.com\/es\/tienda\/"},{"@type":"ListItem","position":2,"name":"Comprar dimetiltriptamina DMT"}]},{"@type":"WebSite","@id":"https:\/\/medicinasinc.com\/es\/#website","url":"https:\/\/medicinasinc.com\/es\/","name":"Medicinas Inc","description":"Cl\u00ednica M\u00e9dica de Salud","potentialAction":[{"@type":"SearchAction","target":{"@type":"EntryPoint","urlTemplate":"https:\/\/medicinasinc.com\/es\/?s={search_term_string}"},"query-input":{"@type":"PropertyValueSpecification","valueRequired":true,"valueName":"search_term_string"}}],"inLanguage":"es"}]}},"_links":{"self":[{"href":"https:\/\/medicinasinc.com\/es\/wp-json\/wp\/v2\/product\/5703","targetHints":{"allow":["GET"]}}],"collection":[{"href":"https:\/\/medicinasinc.com\/es\/wp-json\/wp\/v2\/product"}],"about":[{"href":"https:\/\/medicinasinc.com\/es\/wp-json\/wp\/v2\/types\/product"}],"replies":[{"embeddable":true,"href":"https:\/\/medicinasinc.com\/es\/wp-json\/wp\/v2\/comments?post=5703"}],"wp:featuredmedia":[{"embeddable":true,"href":"https:\/\/medicinasinc.com\/es\/wp-json\/wp\/v2\/media\/5713"}],"wp:attachment":[{"href":"https:\/\/medicinasinc.com\/es\/wp-json\/wp\/v2\/media?parent=5703"}],"wp:term":[{"taxonomy":"product_brand","embeddable":true,"href":"https:\/\/medicinasinc.com\/es\/wp-json\/wp\/v2\/product_brand?post=5703"},{"taxonomy":"product_cat","embeddable":true,"href":"https:\/\/medicinasinc.com\/es\/wp-json\/wp\/v2\/product_cat?post=5703"},{"taxonomy":"product_tag","embeddable":true,"href":"https:\/\/medicinasinc.com\/es\/wp-json\/wp\/v2\/product_tag?post=5703"}],"curies":[{"name":"wp","href":"https:\/\/api.w.org\/{rel}","templated":true}]}}