{"id":5696,"date":"2022-02-22T04:23:00","date_gmt":"2022-02-22T04:23:00","guid":{"rendered":"https:\/\/medicinasinc.com\/es\/?post_type=product&#038;p=5696"},"modified":"2022-03-22T00:14:42","modified_gmt":"2022-03-22T00:14:42","slug":"comprar-efenidina-en-polvo","status":"publish","type":"product","link":"https:\/\/medicinasinc.com\/es\/product\/comprar-efenidina-en-polvo\/","title":{"rendered":"Comprar polvo de efenidina"},"content":{"rendered":"<p>Efenidina en polvo: compre efenidina en el Reino Unido, Europa, Asia, EE. UU., Australia, China y el resto del mundo de Efenidina en polvo.<\/p>\n<p>Efenidina europea a la venta, proveedor de rebaja. Los mayoristas de efenidina pueden enviarlo a Europa.<\/p>\n<p>La efenidina, tambi\u00e9n conocida como NEDPA y EPE, es un anest\u00e9sico disociativo que forma parte de la clase de f\u00e1rmacos diariletilamina. F\u00edsicamente, la efenidina es similar a las diariletilaminas como la difenidina y la metoxfenidina, que tambi\u00e9n se denominan efenidina. Sedaci\u00f3n, alucinaciones, anestesia y estados fuera del cuerpo, llamados \u00abanestesia disociativa\u00bb, son algunos de los efectos secundarios.<\/p>\n<p>Informaci\u00f3n detallada sobre este art\u00edculo:<\/p>\n<p>Holand\u00e9s, lituano y estadounidense<br \/> Su nombre es polvo de efenidina.<br \/> EPE es el nombre IUPAC para N-etil-1,2-difeniletilamina.<br \/> N\u00famero CAS: 60951-19-1<br \/> C16H19N es el MF.<br \/> M\u00e1s del 99,5 por ciento<br \/> As\u00ed es como se ve:<br \/> Bolsa de papel de aluminio o bolsa de pl\u00e1stico: C\u00f3mo empacar:<\/p>\n<p>Condiciones de pago:<\/p>\n<p>El monto m\u00ednimo del pedido: consulte las condiciones de pago: Bitcoin, Money Gram, transferencia bancaria, etc.<\/p>\n<p>Reglas de entrega y env\u00edo:<\/p>\n<p>1. Enviaremos los productos en 1 d\u00eda despu\u00e9s de que pague.<br \/> 2: Enviaremos los productos por UPS, DHL, TNT o FEDEX. Elegiremos el mejor servicio de mensajer\u00eda para cada pa\u00eds y encontraremos la forma m\u00e1s segura de enviarle los productos.<br \/> Se tarda entre tres y cinco d\u00edas en recibir el correo de EMS. DHL, UPS y FedEx tardan de 4 a 5 d\u00edas.<br \/> 4. Las aduanas en pa\u00edses como Rusia, Australia y Canad\u00e1 son muy estrictas, pero podemos asegurarnos de que entregamos el 100 % del tiempo.<br \/> 5. Como regla general, debe recibir los productos en 4-5 d\u00edas. Si la mercanc\u00eda se perdiera o no llegara por otros motivos, te la enviamos de nuevo.<\/p>\n<p>El precio: Consultar.<\/p>\n<p>Nota:<\/p>\n<p> Tenemos muchos clientes habituales en todo el mundo y esperamos trabajar con usted durante mucho tiempo. Para obtener m\u00e1s informaci\u00f3n, no dude en ponerse en contacto con nosotros. Haremos todo lo posible para satisfacer sus necesidades. \u00a1Gracias!<\/p>\n","protected":false},"excerpt":{"rendered":"<div class=\"woocommerce-product-details__short-description\">\n<p>Bestglobalmeds.com tiene polvo de efenidina de alta pureza a la venta en el Reino Unido, Europa y Australia, y podemos envi\u00e1rselo a cualquier parte del mundo. Aqu\u00ed es donde puede comprar la mejor Efenidina en polvo para ordenar.<\/p>\n<p>Compre Efenidina en polvo en l\u00ednea y cons\u00edgala a un buen precio. Una droga llamada efedrina es un anest\u00e9sico disociativo. Tambi\u00e9n bloquea el receptor NMDA, lo que hace que sea menos probable que el medicamento funcione.<\/p>\n<p>Compre polvo de efenidina puro y de alta calidad en l\u00ednea con Bitcoin: puede hacerlo.<\/p>\n<p>Comprar para drogas legales en l\u00ednea, compre productos qu\u00edmicos de investigaci\u00f3n, polvos farmac\u00e9uticos crudos y m\u00e1s en una tienda.<\/p>\n<p>Esta empresa vende polvo de efenidina, productos intermedios farmac\u00e9uticos y polvos crudos.<\/p>\n<p>Hay Venta de pastillas de efenidina. Proveedor de efenidina de China. Exportador mayorista de efenidina<\/p>\n<p><em>Compre polvo de efenidina<\/em> al por mayor en l\u00ednea al por mayor ahora. La efenidina es un anest\u00e9sico disociativo y act\u00faa como antagonista del NMDA.<\/p>\n<p>&nbsp;<\/p>\n<\/p><\/div>\n","protected":false},"featured_media":5707,"comment_status":"open","ping_status":"closed","template":"","meta":[],"product_brand":[],"product_cat":[2014],"product_tag":[3614,3597,3591,3592,3593,3594,3595,3596,3599,3601,3598,3603,3604,3609,3610,3605,3611,3612,3600,3608,3602,3613,3606,3607],"class_list":{"0":"post-5696","1":"product","2":"type-product","3":"status-publish","4":"has-post-thumbnail","6":"product_cat-comprar-investigacion-quimicos","7":"product_tag-que-es-el-polvo-de-efenidina","8":"product_tag-anestsico-disociativo","9":"product_tag-anestsico","10":"product_tag-buy-ephenidine-powder","11":"product_tag-buy-ephenidine-powder-europe","12":"product_tag-buy-ephenidine-powder-online","13":"product_tag-diariletilamina","14":"product_tag-disociativo","15":"product_tag-efenidina","16":"product_tag-efenidina-polvo-comprar","17":"product_tag-epe","18":"product_tag-ephenidine-powder-effect","19":"product_tag-ephenidine-powder-for-sale","20":"product_tag-mdma-powder-purchase","21":"product_tag-nedpa","22":"product_tag-orden-de-efenidina-en-polvo","23":"product_tag-orden-efenidina-polvo","24":"product_tag-ordenar-efenidina-polvo-online","25":"product_tag-efenidina-polvo-a-granel","26":"product_tag-efenidina-polvo-al-por-mayor","27":"product_tag-efenidina-polvo-china","28":"product_tag-polvo-de-efenidina-pura","29":"product_tag-efenidina-polvo-reddit","30":"product_tag-efenidina-polvo-proveedor","32":"first","33":"instock","34":"featured","35":"shipping-taxable","36":"purchasable","37":"product-type-variable","38":"has-default-attributes"},"yoast_head":"<!-- This site is optimized with the Yoast SEO plugin v27.3 - https:\/\/yoast.com\/product\/yoast-seo-wordpress\/ -->\n<title>Compre Efenidina en polvo - Efenidina en polvo en l\u00ednea - Best Global Meds<\/title>\n<meta name=\"description\" content=\"\u00a1Compre polvo de efenidina de alta pureza a la venta en Reino Unido, Europa, AU en nuestra tienda en l\u00ednea Bestglobalmeds.com con entrega r\u00e1pida en todo el mundo! \u00a1La mejor Efenidina en Polvo para ordenar la encontrar\u00e1s aqu\u00ed!\" \/>\n<meta name=\"robots\" content=\"index, follow, max-snippet:-1, max-image-preview:large, max-video-preview:-1\" \/>\n<link rel=\"canonical\" href=\"https:\/\/medicinasinc.com\/es\/product\/comprar-efenidina-en-polvo\/\" \/>\n<meta property=\"og:locale\" content=\"es_ES\" \/>\n<meta property=\"og:type\" content=\"article\" \/>\n<meta property=\"og:title\" content=\"Compre Efenidina en polvo - Efenidina en polvo en l\u00ednea - Best Global Meds\" \/>\n<meta property=\"og:description\" content=\"\u00a1Compre polvo de efenidina de alta pureza a la venta en Reino Unido, Europa, AU en nuestra tienda en l\u00ednea Bestglobalmeds.com con entrega r\u00e1pida en todo el mundo! \u00a1La mejor Efenidina en Polvo para ordenar la encontrar\u00e1s aqu\u00ed!\" \/>\n<meta property=\"og:url\" content=\"https:\/\/medicinasinc.com\/es\/product\/comprar-efenidina-en-polvo\/\" \/>\n<meta property=\"og:site_name\" content=\"Medicinas Inc\" \/>\n<meta property=\"article:modified_time\" content=\"2022-03-22T00:14:42+00:00\" \/>\n<meta property=\"og:image\" content=\"https:\/\/medicinasinc.com\/es\/wp-content\/uploads\/sites\/15\/2022\/02\/Buy-Ephenidine-Powder-1.jpg\" \/>\n\t<meta property=\"og:image:width\" content=\"1080\" \/>\n\t<meta property=\"og:image:height\" content=\"1166\" \/>\n\t<meta property=\"og:image:type\" content=\"image\/jpeg\" \/>\n<meta name=\"twitter:card\" content=\"summary_large_image\" \/>\n<meta name=\"twitter:label1\" content=\"Tiempo de lectura\" \/>\n\t<meta name=\"twitter:data1\" content=\"2 minutos\" \/>\n<script type=\"application\/ld+json\" class=\"yoast-schema-graph\">{\"@context\":\"https:\\\/\\\/schema.org\",\"@graph\":[{\"@type\":\"WebPage\",\"@id\":\"https:\\\/\\\/medicinasinc.com\\\/es\\\/product\\\/comprar-efenidina-en-polvo\\\/\",\"url\":\"https:\\\/\\\/medicinasinc.com\\\/es\\\/product\\\/comprar-efenidina-en-polvo\\\/\",\"name\":\"Compre Efenidina en polvo - Efenidina en polvo en l\u00ednea - Best Global Meds\",\"isPartOf\":{\"@id\":\"https:\\\/\\\/medicinasinc.com\\\/es\\\/#website\"},\"primaryImageOfPage\":{\"@id\":\"https:\\\/\\\/medicinasinc.com\\\/es\\\/product\\\/comprar-efenidina-en-polvo\\\/#primaryimage\"},\"image\":{\"@id\":\"https:\\\/\\\/medicinasinc.com\\\/es\\\/product\\\/comprar-efenidina-en-polvo\\\/#primaryimage\"},\"thumbnailUrl\":\"https:\\\/\\\/medicinasinc.com\\\/es\\\/wp-content\\\/uploads\\\/sites\\\/15\\\/2022\\\/02\\\/Buy-Ephenidine-Powder-1.jpg\",\"datePublished\":\"2022-02-22T04:23:00+00:00\",\"dateModified\":\"2022-03-22T00:14:42+00:00\",\"description\":\"\u00a1Compre polvo de efenidina de alta pureza a la venta en Reino Unido, Europa, AU en nuestra tienda en l\u00ednea Bestglobalmeds.com con entrega r\u00e1pida en todo el mundo! \u00a1La mejor Efenidina en Polvo para ordenar la encontrar\u00e1s aqu\u00ed!\",\"breadcrumb\":{\"@id\":\"https:\\\/\\\/medicinasinc.com\\\/es\\\/product\\\/comprar-efenidina-en-polvo\\\/#breadcrumb\"},\"inLanguage\":\"es\",\"potentialAction\":[{\"@type\":\"ReadAction\",\"target\":[\"https:\\\/\\\/medicinasinc.com\\\/es\\\/product\\\/comprar-efenidina-en-polvo\\\/\"]}]},{\"@type\":\"ImageObject\",\"inLanguage\":\"es\",\"@id\":\"https:\\\/\\\/medicinasinc.com\\\/es\\\/product\\\/comprar-efenidina-en-polvo\\\/#primaryimage\",\"url\":\"https:\\\/\\\/medicinasinc.com\\\/es\\\/wp-content\\\/uploads\\\/sites\\\/15\\\/2022\\\/02\\\/Buy-Ephenidine-Powder-1.jpg\",\"contentUrl\":\"https:\\\/\\\/medicinasinc.com\\\/es\\\/wp-content\\\/uploads\\\/sites\\\/15\\\/2022\\\/02\\\/Buy-Ephenidine-Powder-1.jpg\",\"width\":1080,\"height\":1166},{\"@type\":\"BreadcrumbList\",\"@id\":\"https:\\\/\\\/medicinasinc.com\\\/es\\\/product\\\/comprar-efenidina-en-polvo\\\/#breadcrumb\",\"itemListElement\":[{\"@type\":\"ListItem\",\"position\":1,\"name\":\"Tienda\",\"item\":\"https:\\\/\\\/medicinasinc.com\\\/es\\\/tienda\\\/\"},{\"@type\":\"ListItem\",\"position\":2,\"name\":\"Comprar polvo de efenidina\"}]},{\"@type\":\"WebSite\",\"@id\":\"https:\\\/\\\/medicinasinc.com\\\/es\\\/#website\",\"url\":\"https:\\\/\\\/medicinasinc.com\\\/es\\\/\",\"name\":\"Medicinas Inc\",\"description\":\"Cl\u00ednica M\u00e9dica de Salud\",\"potentialAction\":[{\"@type\":\"SearchAction\",\"target\":{\"@type\":\"EntryPoint\",\"urlTemplate\":\"https:\\\/\\\/medicinasinc.com\\\/es\\\/?s={search_term_string}\"},\"query-input\":{\"@type\":\"PropertyValueSpecification\",\"valueRequired\":true,\"valueName\":\"search_term_string\"}}],\"inLanguage\":\"es\"}]}<\/script>\n<!-- \/ Yoast SEO plugin. -->","yoast_head_json":{"title":"Compre Efenidina en polvo - Efenidina en polvo en l\u00ednea - Best Global Meds","description":"\u00a1Compre polvo de efenidina de alta pureza a la venta en Reino Unido, Europa, AU en nuestra tienda en l\u00ednea Bestglobalmeds.com con entrega r\u00e1pida en todo el mundo! \u00a1La mejor Efenidina en Polvo para ordenar la encontrar\u00e1s aqu\u00ed!","robots":{"index":"index","follow":"follow","max-snippet":"max-snippet:-1","max-image-preview":"max-image-preview:large","max-video-preview":"max-video-preview:-1"},"canonical":"https:\/\/medicinasinc.com\/es\/product\/comprar-efenidina-en-polvo\/","og_locale":"es_ES","og_type":"article","og_title":"Compre Efenidina en polvo - Efenidina en polvo en l\u00ednea - Best Global Meds","og_description":"\u00a1Compre polvo de efenidina de alta pureza a la venta en Reino Unido, Europa, AU en nuestra tienda en l\u00ednea Bestglobalmeds.com con entrega r\u00e1pida en todo el mundo! \u00a1La mejor Efenidina en Polvo para ordenar la encontrar\u00e1s aqu\u00ed!","og_url":"https:\/\/medicinasinc.com\/es\/product\/comprar-efenidina-en-polvo\/","og_site_name":"Medicinas Inc","article_modified_time":"2022-03-22T00:14:42+00:00","og_image":[{"width":1080,"height":1166,"url":"https:\/\/medicinasinc.com\/es\/wp-content\/uploads\/sites\/15\/2022\/02\/Buy-Ephenidine-Powder-1.jpg","type":"image\/jpeg"}],"twitter_card":"summary_large_image","twitter_misc":{"Tiempo de lectura":"2 minutos"},"schema":{"@context":"https:\/\/schema.org","@graph":[{"@type":"WebPage","@id":"https:\/\/medicinasinc.com\/es\/product\/comprar-efenidina-en-polvo\/","url":"https:\/\/medicinasinc.com\/es\/product\/comprar-efenidina-en-polvo\/","name":"Compre Efenidina en polvo - Efenidina en polvo en l\u00ednea - Best Global Meds","isPartOf":{"@id":"https:\/\/medicinasinc.com\/es\/#website"},"primaryImageOfPage":{"@id":"https:\/\/medicinasinc.com\/es\/product\/comprar-efenidina-en-polvo\/#primaryimage"},"image":{"@id":"https:\/\/medicinasinc.com\/es\/product\/comprar-efenidina-en-polvo\/#primaryimage"},"thumbnailUrl":"https:\/\/medicinasinc.com\/es\/wp-content\/uploads\/sites\/15\/2022\/02\/Buy-Ephenidine-Powder-1.jpg","datePublished":"2022-02-22T04:23:00+00:00","dateModified":"2022-03-22T00:14:42+00:00","description":"\u00a1Compre polvo de efenidina de alta pureza a la venta en Reino Unido, Europa, AU en nuestra tienda en l\u00ednea Bestglobalmeds.com con entrega r\u00e1pida en todo el mundo! \u00a1La mejor Efenidina en Polvo para ordenar la encontrar\u00e1s aqu\u00ed!","breadcrumb":{"@id":"https:\/\/medicinasinc.com\/es\/product\/comprar-efenidina-en-polvo\/#breadcrumb"},"inLanguage":"es","potentialAction":[{"@type":"ReadAction","target":["https:\/\/medicinasinc.com\/es\/product\/comprar-efenidina-en-polvo\/"]}]},{"@type":"ImageObject","inLanguage":"es","@id":"https:\/\/medicinasinc.com\/es\/product\/comprar-efenidina-en-polvo\/#primaryimage","url":"https:\/\/medicinasinc.com\/es\/wp-content\/uploads\/sites\/15\/2022\/02\/Buy-Ephenidine-Powder-1.jpg","contentUrl":"https:\/\/medicinasinc.com\/es\/wp-content\/uploads\/sites\/15\/2022\/02\/Buy-Ephenidine-Powder-1.jpg","width":1080,"height":1166},{"@type":"BreadcrumbList","@id":"https:\/\/medicinasinc.com\/es\/product\/comprar-efenidina-en-polvo\/#breadcrumb","itemListElement":[{"@type":"ListItem","position":1,"name":"Tienda","item":"https:\/\/medicinasinc.com\/es\/tienda\/"},{"@type":"ListItem","position":2,"name":"Comprar polvo de efenidina"}]},{"@type":"WebSite","@id":"https:\/\/medicinasinc.com\/es\/#website","url":"https:\/\/medicinasinc.com\/es\/","name":"Medicinas Inc","description":"Cl\u00ednica M\u00e9dica de Salud","potentialAction":[{"@type":"SearchAction","target":{"@type":"EntryPoint","urlTemplate":"https:\/\/medicinasinc.com\/es\/?s={search_term_string}"},"query-input":{"@type":"PropertyValueSpecification","valueRequired":true,"valueName":"search_term_string"}}],"inLanguage":"es"}]}},"_links":{"self":[{"href":"https:\/\/medicinasinc.com\/es\/wp-json\/wp\/v2\/product\/5696","targetHints":{"allow":["GET"]}}],"collection":[{"href":"https:\/\/medicinasinc.com\/es\/wp-json\/wp\/v2\/product"}],"about":[{"href":"https:\/\/medicinasinc.com\/es\/wp-json\/wp\/v2\/types\/product"}],"replies":[{"embeddable":true,"href":"https:\/\/medicinasinc.com\/es\/wp-json\/wp\/v2\/comments?post=5696"}],"wp:featuredmedia":[{"embeddable":true,"href":"https:\/\/medicinasinc.com\/es\/wp-json\/wp\/v2\/media\/5707"}],"wp:attachment":[{"href":"https:\/\/medicinasinc.com\/es\/wp-json\/wp\/v2\/media?parent=5696"}],"wp:term":[{"taxonomy":"product_brand","embeddable":true,"href":"https:\/\/medicinasinc.com\/es\/wp-json\/wp\/v2\/product_brand?post=5696"},{"taxonomy":"product_cat","embeddable":true,"href":"https:\/\/medicinasinc.com\/es\/wp-json\/wp\/v2\/product_cat?post=5696"},{"taxonomy":"product_tag","embeddable":true,"href":"https:\/\/medicinasinc.com\/es\/wp-json\/wp\/v2\/product_tag?post=5696"}],"curies":[{"name":"wp","href":"https:\/\/api.w.org\/{rel}","templated":true}]}}