{"id":5686,"date":"2022-02-22T04:12:43","date_gmt":"2022-02-22T04:12:43","guid":{"rendered":"https:\/\/medicinasinc.com\/es\/?post_type=product&#038;p=5686"},"modified":"2022-03-22T00:14:52","modified_gmt":"2022-03-22T00:14:52","slug":"comprar-ald-52-polvo","status":"publish","type":"product","link":"https:\/\/medicinasinc.com\/es\/product\/comprar-ald-52-polvo\/","title":{"rendered":"Comprar polvo ALD-52"},"content":{"rendered":"<p><a href=\"https:\/\/www.bestglobalmeds.com\/product\/research-chemicals\/buy-ald-52-powder\/\"><strong>Polvo ALD-52<\/strong><\/a>. Mayorista y proveedor de polvo puro <em>ALD-52<\/em>\u00a0al precio m\u00e1s bajo y varias materias primas farmac\u00e9uticas de pureza &gt;99 %, productos qu\u00edmicos de investigaci\u00f3n y medicamentos gen\u00e9ricos. Embalaje seguro y discreto con seguimiento de env\u00edo.<\/p>\n<p>ALD-52, tambi\u00e9n conocido como 1-acetil-LSD, es un an\u00e1logo qu\u00edmico de la dietilamida del \u00e1cido lis\u00e9rgico (LSD). Es una sustancia psicod\u00e9lica de la clase de la lisergamida que produce efectos psicod\u00e9licos similares al LSD cuando se administra.<\/p>\n<p class=\"h2_style\">Detalles r\u00e1pidos<\/p>\n<p>Nombre del producto: <a href=\"https:\/\/www.bestglobalmeds.com\/product\/research-chemicals\/buy-ald-52-powder\/\">ALD-52<\/a><br \/> Sin\u00f3nimos: ALD-52, 1-acetil-LSD, 1A-LSD , 1A-LAD<br \/> N\u00ba CAS: 3270-02-8<br \/> F\u00f3rmula molecular: C22H27N3O2<br \/> IUPAC: (6aR,9R)-4-Acetil-N,N-dietil-7-metilo -4,6,6a,7,8,9-hexahidroindolo[4,3-fg]quinolina-9-carboxamida<br \/> Peso molecular: 365,477 g\/mol<br \/> Pureza: 99,6 %<br \/> Aspecto : Polvo cristalino blanco \/ polvo blanquecino<\/p>\n<h2>Proveedor de polvo ALD-52<\/h2>\n<p>Uno de los principales proveedores de materias primas farmac\u00e9uticas de Europa, somos conocidos por la excepcional variedad de productos y nuestra servicios de env\u00edo directo de medicamentos gen\u00e9ricos de calidad. Al ser un mayorista de polvo ALD-52, nos esforzamos por ofrecer productos rentables y de alta calidad en el mercado.<\/p>\n<div class=\"product-next-previous\">\n<div class=\"product-prev\"><\/div><\/div>\n","protected":false},"excerpt":{"rendered":"<p>El mejor lugar para comprar polvo ALD-52 es el Reino Unido. Tambi\u00e9n puede comprarlo en Europa, Australia y la UE por un precio econ\u00f3mico. Compre ALD-52 en polvo 2022, ALD-52 en polvo Entrega al d\u00eda siguiente, ALD-52 en polvo Precio.<\/p>\n<p>Una de las empresas que fabrica y vende ALD-52.<\/p>\n<p>Tienda en l\u00ednea: comprar ALD-52 en l\u00ednea, ALD-52 a la venta, proveedor de ALD-52, ALD-52 en polvo, c\u00f3mprelo ahora<\/p>\n<p>ALD-52\u00a0reddit. El env\u00edo es gratuito.<\/p>\n<p>Puedes comprar polvo puro con 10mg de ALD-52 de venta online.<\/p>\n<p>&nbsp;<\/p>\n<p><strong>25%<\/strong>\u00a0apagado para\u00a0<strong>40\u00a0mg\u00a0<\/strong>y m\u00e1s. C\u00f3digo de cup\u00f3n: bhobos2018z<\/p>\n<table class=\"table\">\n<tbody>\n<tr>\n<th><span style=\"font-weight: 400\">Cantidad m\u00ednima de pedido:<\/span><\/th>\n<td>10 g<\/td>\n<\/tr>\n<tr>\n<th><span style=\"font-weight: 400\">Capacidad de suministro:<\/span><\/th>\n<td>100 Kg\/mes<\/td>\n<\/tr>\n<tr>\n<th><span style=\"font-weight: 400\">Puerto:<\/span><\/th>\n<td>Varsovia, Pa\u00edses Bajos<\/td>\n<\/tr>\n<tr>\n<th><span style=\"font-weight: 400\">Condiciones de pago:<\/span><\/th>\n<td>Transferencia bancaria, Bitcoin, WU\/MG, Otro<\/td>\n<\/tr>\n<tr>\n<th><span style=\"font-weight: 400\">Detalles del embalaje:<\/span><\/th>\n<td>Seg\u00fan solicitud del cliente<\/td>\n<\/tr>\n<tr>\n<th><span style=\"font-weight: 400\">Detalle de la entrega:<\/span><\/th>\n<td>DPD, env\u00edo urgente, Pharma Courier EU<\/td>\n<\/tr>\n<\/tbody>\n<\/table>\n","protected":false},"featured_media":5699,"comment_status":"open","ping_status":"closed","template":"","meta":[],"product_brand":[],"product_cat":[2014],"product_tag":[3590,3575,3582,3580,3576,3577,3578,3583,3585,3586,3584,3574,3579,3587,3588,3589,3581],"class_list":{"0":"post-5686","1":"product","2":"type-product","3":"status-publish","4":"has-post-thumbnail","6":"product_cat-comprar-investigacion-quimicos","7":"product_tag-que-es-ald-52-polvo","8":"product_tag-ald-52-en-venta","9":"product_tag-ald-52-polvo-al-por-mayor","10":"product_tag-ald-52-polvo-reddit","11":"product_tag-ald-52-powder","12":"product_tag-ald-52-powder-effect","13":"product_tag-ald-52-powder-for-sale","14":"product_tag-best-place-to-order-ald-52","15":"product_tag-buy-ald-52-powder","16":"product_tag-buy-ald-52-powder-online","17":"product_tag-comprar-ald-52","18":"product_tag-dosis-la-ald-52","19":"product_tag-ald-52-polvo-orden","20":"product_tag-orden-ald-52-polvo","21":"product_tag-puro-ald-52-polvo","22":"product_tag-puro-ald-52-polvo-google","23":"product_tag-ald-52-polvo-proveedor","25":"first","26":"instock","27":"shipping-taxable","28":"purchasable","29":"product-type-simple"},"yoast_head":"<!-- This site is optimized with the Yoast SEO plugin v27.3 - https:\/\/yoast.com\/product\/yoast-seo-wordpress\/ -->\n<title>Compre ALD-52 en polvo - ALD-52 en polvo en l\u00ednea - Best Global Meds<\/title>\n<meta name=\"description\" content=\"Comprar Comprar polvo ALD-52 a la venta en Reino Unido, Europa, AU, UE, Ordenar barato Comprar ALD-52 Polvo 2022, D\u00f3nde comprar Alta calidad Comprar Polvo ALD-52 Entrega al d\u00eda siguiente, Precio de polvo ALD-52.\" \/>\n<meta name=\"robots\" content=\"index, follow, max-snippet:-1, max-image-preview:large, max-video-preview:-1\" \/>\n<link rel=\"canonical\" href=\"https:\/\/medicinasinc.com\/es\/product\/comprar-ald-52-polvo\/\" \/>\n<meta property=\"og:locale\" content=\"es_ES\" \/>\n<meta property=\"og:type\" content=\"article\" \/>\n<meta property=\"og:title\" content=\"Compre ALD-52 en polvo - ALD-52 en polvo en l\u00ednea - Best Global Meds\" \/>\n<meta property=\"og:description\" content=\"Comprar Comprar polvo ALD-52 a la venta en Reino Unido, Europa, AU, UE, Ordenar barato Comprar ALD-52 Polvo 2022, D\u00f3nde comprar Alta calidad Comprar Polvo ALD-52 Entrega al d\u00eda siguiente, Precio de polvo ALD-52.\" \/>\n<meta property=\"og:url\" content=\"https:\/\/medicinasinc.com\/es\/product\/comprar-ald-52-polvo\/\" \/>\n<meta property=\"og:site_name\" content=\"Medicinas Inc\" \/>\n<meta property=\"article:modified_time\" content=\"2022-03-22T00:14:52+00:00\" \/>\n<meta property=\"og:image\" content=\"https:\/\/medicinasinc.com\/es\/wp-content\/uploads\/sites\/15\/2022\/02\/Buy-ALD-52-Powder.jpg\" \/>\n\t<meta property=\"og:image:width\" content=\"1080\" \/>\n\t<meta property=\"og:image:height\" content=\"995\" \/>\n\t<meta property=\"og:image:type\" content=\"image\/jpeg\" \/>\n<meta name=\"twitter:card\" content=\"summary_large_image\" \/>\n<meta name=\"twitter:label1\" content=\"Tiempo de lectura\" \/>\n\t<meta name=\"twitter:data1\" content=\"1 minuto\" \/>\n<script type=\"application\/ld+json\" class=\"yoast-schema-graph\">{\"@context\":\"https:\\\/\\\/schema.org\",\"@graph\":[{\"@type\":\"WebPage\",\"@id\":\"https:\\\/\\\/medicinasinc.com\\\/es\\\/product\\\/comprar-ald-52-polvo\\\/\",\"url\":\"https:\\\/\\\/medicinasinc.com\\\/es\\\/product\\\/comprar-ald-52-polvo\\\/\",\"name\":\"Compre ALD-52 en polvo - ALD-52 en polvo en l\u00ednea - Best Global Meds\",\"isPartOf\":{\"@id\":\"https:\\\/\\\/medicinasinc.com\\\/es\\\/#website\"},\"primaryImageOfPage\":{\"@id\":\"https:\\\/\\\/medicinasinc.com\\\/es\\\/product\\\/comprar-ald-52-polvo\\\/#primaryimage\"},\"image\":{\"@id\":\"https:\\\/\\\/medicinasinc.com\\\/es\\\/product\\\/comprar-ald-52-polvo\\\/#primaryimage\"},\"thumbnailUrl\":\"https:\\\/\\\/medicinasinc.com\\\/es\\\/wp-content\\\/uploads\\\/sites\\\/15\\\/2022\\\/02\\\/Buy-ALD-52-Powder.jpg\",\"datePublished\":\"2022-02-22T04:12:43+00:00\",\"dateModified\":\"2022-03-22T00:14:52+00:00\",\"description\":\"Comprar Comprar polvo ALD-52 a la venta en Reino Unido, Europa, AU, UE, Ordenar barato Comprar ALD-52 Polvo 2022, D\u00f3nde comprar Alta calidad Comprar Polvo ALD-52 Entrega al d\u00eda siguiente, Precio de polvo ALD-52.\",\"breadcrumb\":{\"@id\":\"https:\\\/\\\/medicinasinc.com\\\/es\\\/product\\\/comprar-ald-52-polvo\\\/#breadcrumb\"},\"inLanguage\":\"es\",\"potentialAction\":[{\"@type\":\"ReadAction\",\"target\":[\"https:\\\/\\\/medicinasinc.com\\\/es\\\/product\\\/comprar-ald-52-polvo\\\/\"]}]},{\"@type\":\"ImageObject\",\"inLanguage\":\"es\",\"@id\":\"https:\\\/\\\/medicinasinc.com\\\/es\\\/product\\\/comprar-ald-52-polvo\\\/#primaryimage\",\"url\":\"https:\\\/\\\/medicinasinc.com\\\/es\\\/wp-content\\\/uploads\\\/sites\\\/15\\\/2022\\\/02\\\/Buy-ALD-52-Powder.jpg\",\"contentUrl\":\"https:\\\/\\\/medicinasinc.com\\\/es\\\/wp-content\\\/uploads\\\/sites\\\/15\\\/2022\\\/02\\\/Buy-ALD-52-Powder.jpg\",\"width\":1080,\"height\":995},{\"@type\":\"BreadcrumbList\",\"@id\":\"https:\\\/\\\/medicinasinc.com\\\/es\\\/product\\\/comprar-ald-52-polvo\\\/#breadcrumb\",\"itemListElement\":[{\"@type\":\"ListItem\",\"position\":1,\"name\":\"Tienda\",\"item\":\"https:\\\/\\\/medicinasinc.com\\\/es\\\/tienda\\\/\"},{\"@type\":\"ListItem\",\"position\":2,\"name\":\"Comprar polvo ALD-52\"}]},{\"@type\":\"WebSite\",\"@id\":\"https:\\\/\\\/medicinasinc.com\\\/es\\\/#website\",\"url\":\"https:\\\/\\\/medicinasinc.com\\\/es\\\/\",\"name\":\"Medicinas Inc\",\"description\":\"Cl\u00ednica M\u00e9dica de Salud\",\"potentialAction\":[{\"@type\":\"SearchAction\",\"target\":{\"@type\":\"EntryPoint\",\"urlTemplate\":\"https:\\\/\\\/medicinasinc.com\\\/es\\\/?s={search_term_string}\"},\"query-input\":{\"@type\":\"PropertyValueSpecification\",\"valueRequired\":true,\"valueName\":\"search_term_string\"}}],\"inLanguage\":\"es\"}]}<\/script>\n<!-- \/ Yoast SEO plugin. -->","yoast_head_json":{"title":"Compre ALD-52 en polvo - ALD-52 en polvo en l\u00ednea - Best Global Meds","description":"Comprar Comprar polvo ALD-52 a la venta en Reino Unido, Europa, AU, UE, Ordenar barato Comprar ALD-52 Polvo 2022, D\u00f3nde comprar Alta calidad Comprar Polvo ALD-52 Entrega al d\u00eda siguiente, Precio de polvo ALD-52.","robots":{"index":"index","follow":"follow","max-snippet":"max-snippet:-1","max-image-preview":"max-image-preview:large","max-video-preview":"max-video-preview:-1"},"canonical":"https:\/\/medicinasinc.com\/es\/product\/comprar-ald-52-polvo\/","og_locale":"es_ES","og_type":"article","og_title":"Compre ALD-52 en polvo - ALD-52 en polvo en l\u00ednea - Best Global Meds","og_description":"Comprar Comprar polvo ALD-52 a la venta en Reino Unido, Europa, AU, UE, Ordenar barato Comprar ALD-52 Polvo 2022, D\u00f3nde comprar Alta calidad Comprar Polvo ALD-52 Entrega al d\u00eda siguiente, Precio de polvo ALD-52.","og_url":"https:\/\/medicinasinc.com\/es\/product\/comprar-ald-52-polvo\/","og_site_name":"Medicinas Inc","article_modified_time":"2022-03-22T00:14:52+00:00","og_image":[{"width":1080,"height":995,"url":"https:\/\/medicinasinc.com\/es\/wp-content\/uploads\/sites\/15\/2022\/02\/Buy-ALD-52-Powder.jpg","type":"image\/jpeg"}],"twitter_card":"summary_large_image","twitter_misc":{"Tiempo de lectura":"1 minuto"},"schema":{"@context":"https:\/\/schema.org","@graph":[{"@type":"WebPage","@id":"https:\/\/medicinasinc.com\/es\/product\/comprar-ald-52-polvo\/","url":"https:\/\/medicinasinc.com\/es\/product\/comprar-ald-52-polvo\/","name":"Compre ALD-52 en polvo - ALD-52 en polvo en l\u00ednea - Best Global Meds","isPartOf":{"@id":"https:\/\/medicinasinc.com\/es\/#website"},"primaryImageOfPage":{"@id":"https:\/\/medicinasinc.com\/es\/product\/comprar-ald-52-polvo\/#primaryimage"},"image":{"@id":"https:\/\/medicinasinc.com\/es\/product\/comprar-ald-52-polvo\/#primaryimage"},"thumbnailUrl":"https:\/\/medicinasinc.com\/es\/wp-content\/uploads\/sites\/15\/2022\/02\/Buy-ALD-52-Powder.jpg","datePublished":"2022-02-22T04:12:43+00:00","dateModified":"2022-03-22T00:14:52+00:00","description":"Comprar Comprar polvo ALD-52 a la venta en Reino Unido, Europa, AU, UE, Ordenar barato Comprar ALD-52 Polvo 2022, D\u00f3nde comprar Alta calidad Comprar Polvo ALD-52 Entrega al d\u00eda siguiente, Precio de polvo ALD-52.","breadcrumb":{"@id":"https:\/\/medicinasinc.com\/es\/product\/comprar-ald-52-polvo\/#breadcrumb"},"inLanguage":"es","potentialAction":[{"@type":"ReadAction","target":["https:\/\/medicinasinc.com\/es\/product\/comprar-ald-52-polvo\/"]}]},{"@type":"ImageObject","inLanguage":"es","@id":"https:\/\/medicinasinc.com\/es\/product\/comprar-ald-52-polvo\/#primaryimage","url":"https:\/\/medicinasinc.com\/es\/wp-content\/uploads\/sites\/15\/2022\/02\/Buy-ALD-52-Powder.jpg","contentUrl":"https:\/\/medicinasinc.com\/es\/wp-content\/uploads\/sites\/15\/2022\/02\/Buy-ALD-52-Powder.jpg","width":1080,"height":995},{"@type":"BreadcrumbList","@id":"https:\/\/medicinasinc.com\/es\/product\/comprar-ald-52-polvo\/#breadcrumb","itemListElement":[{"@type":"ListItem","position":1,"name":"Tienda","item":"https:\/\/medicinasinc.com\/es\/tienda\/"},{"@type":"ListItem","position":2,"name":"Comprar polvo ALD-52"}]},{"@type":"WebSite","@id":"https:\/\/medicinasinc.com\/es\/#website","url":"https:\/\/medicinasinc.com\/es\/","name":"Medicinas Inc","description":"Cl\u00ednica M\u00e9dica de Salud","potentialAction":[{"@type":"SearchAction","target":{"@type":"EntryPoint","urlTemplate":"https:\/\/medicinasinc.com\/es\/?s={search_term_string}"},"query-input":{"@type":"PropertyValueSpecification","valueRequired":true,"valueName":"search_term_string"}}],"inLanguage":"es"}]}},"_links":{"self":[{"href":"https:\/\/medicinasinc.com\/es\/wp-json\/wp\/v2\/product\/5686","targetHints":{"allow":["GET"]}}],"collection":[{"href":"https:\/\/medicinasinc.com\/es\/wp-json\/wp\/v2\/product"}],"about":[{"href":"https:\/\/medicinasinc.com\/es\/wp-json\/wp\/v2\/types\/product"}],"replies":[{"embeddable":true,"href":"https:\/\/medicinasinc.com\/es\/wp-json\/wp\/v2\/comments?post=5686"}],"wp:featuredmedia":[{"embeddable":true,"href":"https:\/\/medicinasinc.com\/es\/wp-json\/wp\/v2\/media\/5699"}],"wp:attachment":[{"href":"https:\/\/medicinasinc.com\/es\/wp-json\/wp\/v2\/media?parent=5686"}],"wp:term":[{"taxonomy":"product_brand","embeddable":true,"href":"https:\/\/medicinasinc.com\/es\/wp-json\/wp\/v2\/product_brand?post=5686"},{"taxonomy":"product_cat","embeddable":true,"href":"https:\/\/medicinasinc.com\/es\/wp-json\/wp\/v2\/product_cat?post=5686"},{"taxonomy":"product_tag","embeddable":true,"href":"https:\/\/medicinasinc.com\/es\/wp-json\/wp\/v2\/product_tag?post=5686"}],"curies":[{"name":"wp","href":"https:\/\/api.w.org\/{rel}","templated":true}]}}