{"id":5685,"date":"2022-02-22T04:11:15","date_gmt":"2022-02-22T04:11:15","guid":{"rendered":"https:\/\/medicinasinc.com\/es\/?post_type=product&#038;p=5685"},"modified":"2022-03-22T00:15:04","modified_gmt":"2022-03-22T00:15:04","slug":"comprar-bombear-la-sal-de-bano","status":"publish","type":"product","link":"https:\/\/medicinasinc.com\/es\/product\/comprar-bombear-la-sal-de-bano\/","title":{"rendered":"Comprar sal de ba\u00f1o Pump It"},"content":{"rendered":"<p>Es una buena idea comprar sales de ba\u00f1o en polvo Pump-It<\/p>\n<p>Compre sales de ba\u00f1o en polvo Pump-It de una fuente confiable. Vendemos los mejores productos de ba\u00f1o, como sales de ba\u00f1o. Las sales de ba\u00f1o te dar\u00e1n un ba\u00f1o suave y sensual que te dejar\u00e1 sinti\u00e9ndote limpio despu\u00e9s de usarlas. Sin embargo, nuestros clientes pueden estar seguros de que obtendr\u00e1n los mejores productos del mercado. Sin embargo, tambi\u00e9n vendemos y compramos otras sales de ba\u00f1o concentradas a buenos precios.<\/p>\n<p>Nuestras sales de ba\u00f1o tienen un olor fuerte.<\/p>\n<p>Pump-It Powder Bath Salts est\u00e1 dise\u00f1ado para hacer que su experiencia de ba\u00f1o sea a\u00fan m\u00e1s emocionante, en\u00e9rgico y euf\u00f3rico. Una peque\u00f1a cantidad es todo lo que se necesita para hacer una gran diferencia. Sin embargo, puede agregar una peque\u00f1a cantidad a un ba\u00f1o caliente para ablandar el agua de forma natural, lo que lo har\u00e1 sentir muy energizado y feliz despu\u00e9s. Sin embargo, se usa para parecerse a las aguas termales naturales del mar griego. Use Pump-It Powder con moderaci\u00f3n al principio, porque demasiado ensuciar\u00e1 el agua de su ba\u00f1o y lo har\u00e1 sentir infeliz. Sin embargo, si usas Pump-It Powder correctamente, puede ayudarte a llegar a lugares que cre\u00edas imposibles.<\/p>\n<p>Art\u00edculos relacionados:<br \/> Puedes ver algunas de nuestras sales de ba\u00f1o originales en la lista a continuaci\u00f3n. .<br \/> Son 500 mg de sales de ba\u00f1o concentradas de Rave On.<br \/> Las sales de ba\u00f1o Eight Ballz tienen 500 mg.<br \/> Las sales de ba\u00f1o premium de Hollywood tienen 1 gramo.<br \/> 500 mg de POLVO DE DIAMANTE<br \/> Una cucharada tiene 500 mg de polvo.<br \/> El Black Diamond Novelty Powder est\u00e1 hecho de Black Diamond.<br \/> Tiene 500 mg de Pump-it Powder de Eight Ballz.<br \/> 500 mg de White Rush Bath Sales<br \/> Las sales de ba\u00f1o Ivory Wave Ultra contienen 500 mg.<br \/> Sal de ba\u00f1o Ivory Wave de 500 mg<br \/> En este caso, el paquete contiene 500 mg de sales de ba\u00f1o Lady Bubbles.<br \/> Cloud 9 sales de ba\u00f1o tienen 500 mg.<br \/> Hay 500 mg de Heavenly Soak Euphoric \u2013 Polvo novedoso en esta botella.<br \/> Son 500 mg de Heavenly Soak \u2013 Energy \u2013 Fun Powder.<br \/> 500 mg de Sky \u2013 Fun Polvo<br \/> Hay 500 mg de polvo novedoso der in Molly&#8217;s Blend \u2013<\/p>\n<p>&nbsp;<\/p>\n<p>Sales de ba\u00f1o Vanilla Sky de 500 mg, sales de ba\u00f1o concentradas de Fizz de 500 mg, sales de ba\u00f1o de recarga Bolivian Ivory Wave de 500 mg, sales de ba\u00f1o concentradas de White Girl de 500 mg, concentrado de tranquilidad Sales de ba\u00f1o de 500 mg, sales de ba\u00f1o con clasificaci\u00f3n X de 500 mg<br \/> Sales de ba\u00f1o Ivory Smooth de 500 mg<br \/> 50 mg de sales de ba\u00f1o Blue Wave<br \/> Blue Silk son 500 mg de sal de ba\u00f1o.<br \/> En este caso, 500 mg de Se utilizaron Sales de Ba\u00f1o de Bolivia.<br \/> Sales de Ba\u00f1o de G Pheonix<\/p>\n<p>&nbsp;<\/p>\n<p>En este caso, las Sales de Ba\u00f1o Concentradas White Girl 500mg son lo que necesita.<br \/> 500 mg de sales de ba\u00f1o White Lady<br \/> Las sales de ba\u00f1o concentradas Bliss tienen 500 mg de sal en cada bolsa.<br \/> Las sales de ba\u00f1o Snow Leopard tienen 500 mg de ellas en cada bolsa.<br \/> 500 mg de sales de ba\u00f1o adicionales de Lunar Ola. 500 mg de sal de ba\u00f1o concentrada de White Horse.<br \/> 500 mg de sales de ba\u00f1o vigorizantes<br \/> 500 mg de sal de ba\u00f1o Cloud 10<br \/> Blue Magic: 500 mg de sales de ba\u00f1o<br \/> La sal de ba\u00f1o con el nombre Scarface tiene 500 mg de ello.<br \/> Muchas m\u00e1s personas, tambi\u00e9n.<\/p>\n","protected":false},"excerpt":{"rendered":"<p>En nuestra tienda en l\u00ednea Bestglobalmeds.com, puede comprar Pump It Bath Salt a la venta en el Reino Unido, Europa y Australia, y se lo enviaremos de inmediato. \u00a1Puedes comprar la mejor sal de ba\u00f1o Pump It aqu\u00ed!<\/p>\n<p>Es seguro comprar la sal de ba\u00f1o Pump It Up de Global medicinas Bath Salts. Vendemos sales de ba\u00f1o de K2 concentradas a precios bajos en Internet.<\/p>\n<p>Al mejor precio, puedes comprar Pump It Bath Salt online en una tienda. Prometemos env\u00edos seguros a todo el mundo.<\/p>\n<p>\u00bfD\u00f3nde desea comprar &#8220;Sales de ba\u00f1o en polvo Pump-It&#8221;? Best Global Meds le da la oportunidad de comprar sales de ba\u00f1o amplificadas a la venta en l\u00ednea.<\/p>\n","protected":false},"featured_media":5697,"comment_status":"open","ping_status":"closed","template":"","meta":[],"product_brand":[],"product_cat":[2014],"product_tag":[3573,3565,3568,3566,3569,3567,3571,3572,3570],"class_list":{"0":"post-5685","1":"product","2":"type-product","3":"status-publish","4":"has-post-thumbnail","6":"product_cat-comprar-investigacion-quimicos","7":"product_tag-pump-it-bath-sal-reddit","8":"product_tag-buy-pump-it-bath-salt","9":"product_tag-pump-it-bath-sal-comprar","10":"product_tag-comprar-pump-it-sales-de-bao-en-polvo","11":"product_tag-pump-it-bath-sal-effect","12":"product_tag-ordenar-bombear-es-bao-sal","13":"product_tag-pump-it-bath-salt-order","14":"product_tag-pump-it-bath-sal-pwder","15":"product_tag-pump-it-bath-sal-en-venta","17":"first","18":"instock","19":"featured","20":"shipping-taxable","21":"purchasable","22":"product-type-variable","23":"has-default-attributes"},"yoast_head":"<!-- This site is optimized with the Yoast SEO plugin v27.3 - https:\/\/yoast.com\/product\/yoast-seo-wordpress\/ -->\n<title>Compre Pump It Bath Salt - Pump It Bath Salt - Best Global Meds<\/title>\n<meta name=\"description\" content=\"\u00a1Compre Pump It Bath Salt a la venta en Reino Unido, Europa, AU en nuestra tienda en l\u00ednea Bestglobalmeds con entrega r\u00e1pida en todo el mundo! \u00a1La mejor sal de ba\u00f1o Pump It para ordenar la encontrar\u00e1s aqu\u00ed!\" \/>\n<meta name=\"robots\" content=\"index, follow, max-snippet:-1, max-image-preview:large, max-video-preview:-1\" \/>\n<link rel=\"canonical\" href=\"https:\/\/medicinasinc.com\/es\/product\/comprar-bombear-la-sal-de-bano\/\" \/>\n<meta property=\"og:locale\" content=\"es_ES\" \/>\n<meta property=\"og:type\" content=\"article\" \/>\n<meta property=\"og:title\" content=\"Compre Pump It Bath Salt - Pump It Bath Salt - Best Global Meds\" \/>\n<meta property=\"og:description\" content=\"\u00a1Compre Pump It Bath Salt a la venta en Reino Unido, Europa, AU en nuestra tienda en l\u00ednea Bestglobalmeds con entrega r\u00e1pida en todo el mundo! \u00a1La mejor sal de ba\u00f1o Pump It para ordenar la encontrar\u00e1s aqu\u00ed!\" \/>\n<meta property=\"og:url\" content=\"https:\/\/medicinasinc.com\/es\/product\/comprar-bombear-la-sal-de-bano\/\" \/>\n<meta property=\"og:site_name\" content=\"Medicinas Inc\" \/>\n<meta property=\"article:modified_time\" content=\"2022-03-22T00:15:04+00:00\" \/>\n<meta property=\"og:image\" content=\"https:\/\/medicinasinc.com\/es\/wp-content\/uploads\/sites\/15\/2022\/02\/Buy-Pump-It-Bath-Salt.jpg\" \/>\n\t<meta property=\"og:image:width\" content=\"600\" \/>\n\t<meta property=\"og:image:height\" content=\"600\" \/>\n\t<meta property=\"og:image:type\" content=\"image\/jpeg\" \/>\n<meta name=\"twitter:card\" content=\"summary_large_image\" \/>\n<meta name=\"twitter:label1\" content=\"Tiempo de lectura\" \/>\n\t<meta name=\"twitter:data1\" content=\"3 minutos\" \/>\n<script type=\"application\/ld+json\" class=\"yoast-schema-graph\">{\"@context\":\"https:\\\/\\\/schema.org\",\"@graph\":[{\"@type\":\"WebPage\",\"@id\":\"https:\\\/\\\/medicinasinc.com\\\/es\\\/product\\\/comprar-bombear-la-sal-de-bano\\\/\",\"url\":\"https:\\\/\\\/medicinasinc.com\\\/es\\\/product\\\/comprar-bombear-la-sal-de-bano\\\/\",\"name\":\"Compre Pump It Bath Salt - Pump It Bath Salt - Best Global Meds\",\"isPartOf\":{\"@id\":\"https:\\\/\\\/medicinasinc.com\\\/es\\\/#website\"},\"primaryImageOfPage\":{\"@id\":\"https:\\\/\\\/medicinasinc.com\\\/es\\\/product\\\/comprar-bombear-la-sal-de-bano\\\/#primaryimage\"},\"image\":{\"@id\":\"https:\\\/\\\/medicinasinc.com\\\/es\\\/product\\\/comprar-bombear-la-sal-de-bano\\\/#primaryimage\"},\"thumbnailUrl\":\"https:\\\/\\\/medicinasinc.com\\\/es\\\/wp-content\\\/uploads\\\/sites\\\/15\\\/2022\\\/02\\\/Buy-Pump-It-Bath-Salt.jpg\",\"datePublished\":\"2022-02-22T04:11:15+00:00\",\"dateModified\":\"2022-03-22T00:15:04+00:00\",\"description\":\"\u00a1Compre Pump It Bath Salt a la venta en Reino Unido, Europa, AU en nuestra tienda en l\u00ednea Bestglobalmeds con entrega r\u00e1pida en todo el mundo! \u00a1La mejor sal de ba\u00f1o Pump It para ordenar la encontrar\u00e1s aqu\u00ed!\",\"breadcrumb\":{\"@id\":\"https:\\\/\\\/medicinasinc.com\\\/es\\\/product\\\/comprar-bombear-la-sal-de-bano\\\/#breadcrumb\"},\"inLanguage\":\"es\",\"potentialAction\":[{\"@type\":\"ReadAction\",\"target\":[\"https:\\\/\\\/medicinasinc.com\\\/es\\\/product\\\/comprar-bombear-la-sal-de-bano\\\/\"]}]},{\"@type\":\"ImageObject\",\"inLanguage\":\"es\",\"@id\":\"https:\\\/\\\/medicinasinc.com\\\/es\\\/product\\\/comprar-bombear-la-sal-de-bano\\\/#primaryimage\",\"url\":\"https:\\\/\\\/medicinasinc.com\\\/es\\\/wp-content\\\/uploads\\\/sites\\\/15\\\/2022\\\/02\\\/Buy-Pump-It-Bath-Salt.jpg\",\"contentUrl\":\"https:\\\/\\\/medicinasinc.com\\\/es\\\/wp-content\\\/uploads\\\/sites\\\/15\\\/2022\\\/02\\\/Buy-Pump-It-Bath-Salt.jpg\",\"width\":600,\"height\":600},{\"@type\":\"BreadcrumbList\",\"@id\":\"https:\\\/\\\/medicinasinc.com\\\/es\\\/product\\\/comprar-bombear-la-sal-de-bano\\\/#breadcrumb\",\"itemListElement\":[{\"@type\":\"ListItem\",\"position\":1,\"name\":\"Tienda\",\"item\":\"https:\\\/\\\/medicinasinc.com\\\/es\\\/tienda\\\/\"},{\"@type\":\"ListItem\",\"position\":2,\"name\":\"Comprar sal de ba\u00f1o Pump It\"}]},{\"@type\":\"WebSite\",\"@id\":\"https:\\\/\\\/medicinasinc.com\\\/es\\\/#website\",\"url\":\"https:\\\/\\\/medicinasinc.com\\\/es\\\/\",\"name\":\"Medicinas Inc\",\"description\":\"Cl\u00ednica M\u00e9dica de Salud\",\"potentialAction\":[{\"@type\":\"SearchAction\",\"target\":{\"@type\":\"EntryPoint\",\"urlTemplate\":\"https:\\\/\\\/medicinasinc.com\\\/es\\\/?s={search_term_string}\"},\"query-input\":{\"@type\":\"PropertyValueSpecification\",\"valueRequired\":true,\"valueName\":\"search_term_string\"}}],\"inLanguage\":\"es\"}]}<\/script>\n<!-- \/ Yoast SEO plugin. -->","yoast_head_json":{"title":"Compre Pump It Bath Salt - Pump It Bath Salt - Best Global Meds","description":"\u00a1Compre Pump It Bath Salt a la venta en Reino Unido, Europa, AU en nuestra tienda en l\u00ednea Bestglobalmeds con entrega r\u00e1pida en todo el mundo! \u00a1La mejor sal de ba\u00f1o Pump It para ordenar la encontrar\u00e1s aqu\u00ed!","robots":{"index":"index","follow":"follow","max-snippet":"max-snippet:-1","max-image-preview":"max-image-preview:large","max-video-preview":"max-video-preview:-1"},"canonical":"https:\/\/medicinasinc.com\/es\/product\/comprar-bombear-la-sal-de-bano\/","og_locale":"es_ES","og_type":"article","og_title":"Compre Pump It Bath Salt - Pump It Bath Salt - Best Global Meds","og_description":"\u00a1Compre Pump It Bath Salt a la venta en Reino Unido, Europa, AU en nuestra tienda en l\u00ednea Bestglobalmeds con entrega r\u00e1pida en todo el mundo! \u00a1La mejor sal de ba\u00f1o Pump It para ordenar la encontrar\u00e1s aqu\u00ed!","og_url":"https:\/\/medicinasinc.com\/es\/product\/comprar-bombear-la-sal-de-bano\/","og_site_name":"Medicinas Inc","article_modified_time":"2022-03-22T00:15:04+00:00","og_image":[{"width":600,"height":600,"url":"https:\/\/medicinasinc.com\/es\/wp-content\/uploads\/sites\/15\/2022\/02\/Buy-Pump-It-Bath-Salt.jpg","type":"image\/jpeg"}],"twitter_card":"summary_large_image","twitter_misc":{"Tiempo de lectura":"3 minutos"},"schema":{"@context":"https:\/\/schema.org","@graph":[{"@type":"WebPage","@id":"https:\/\/medicinasinc.com\/es\/product\/comprar-bombear-la-sal-de-bano\/","url":"https:\/\/medicinasinc.com\/es\/product\/comprar-bombear-la-sal-de-bano\/","name":"Compre Pump It Bath Salt - Pump It Bath Salt - Best Global Meds","isPartOf":{"@id":"https:\/\/medicinasinc.com\/es\/#website"},"primaryImageOfPage":{"@id":"https:\/\/medicinasinc.com\/es\/product\/comprar-bombear-la-sal-de-bano\/#primaryimage"},"image":{"@id":"https:\/\/medicinasinc.com\/es\/product\/comprar-bombear-la-sal-de-bano\/#primaryimage"},"thumbnailUrl":"https:\/\/medicinasinc.com\/es\/wp-content\/uploads\/sites\/15\/2022\/02\/Buy-Pump-It-Bath-Salt.jpg","datePublished":"2022-02-22T04:11:15+00:00","dateModified":"2022-03-22T00:15:04+00:00","description":"\u00a1Compre Pump It Bath Salt a la venta en Reino Unido, Europa, AU en nuestra tienda en l\u00ednea Bestglobalmeds con entrega r\u00e1pida en todo el mundo! \u00a1La mejor sal de ba\u00f1o Pump It para ordenar la encontrar\u00e1s aqu\u00ed!","breadcrumb":{"@id":"https:\/\/medicinasinc.com\/es\/product\/comprar-bombear-la-sal-de-bano\/#breadcrumb"},"inLanguage":"es","potentialAction":[{"@type":"ReadAction","target":["https:\/\/medicinasinc.com\/es\/product\/comprar-bombear-la-sal-de-bano\/"]}]},{"@type":"ImageObject","inLanguage":"es","@id":"https:\/\/medicinasinc.com\/es\/product\/comprar-bombear-la-sal-de-bano\/#primaryimage","url":"https:\/\/medicinasinc.com\/es\/wp-content\/uploads\/sites\/15\/2022\/02\/Buy-Pump-It-Bath-Salt.jpg","contentUrl":"https:\/\/medicinasinc.com\/es\/wp-content\/uploads\/sites\/15\/2022\/02\/Buy-Pump-It-Bath-Salt.jpg","width":600,"height":600},{"@type":"BreadcrumbList","@id":"https:\/\/medicinasinc.com\/es\/product\/comprar-bombear-la-sal-de-bano\/#breadcrumb","itemListElement":[{"@type":"ListItem","position":1,"name":"Tienda","item":"https:\/\/medicinasinc.com\/es\/tienda\/"},{"@type":"ListItem","position":2,"name":"Comprar sal de ba\u00f1o Pump It"}]},{"@type":"WebSite","@id":"https:\/\/medicinasinc.com\/es\/#website","url":"https:\/\/medicinasinc.com\/es\/","name":"Medicinas Inc","description":"Cl\u00ednica M\u00e9dica de Salud","potentialAction":[{"@type":"SearchAction","target":{"@type":"EntryPoint","urlTemplate":"https:\/\/medicinasinc.com\/es\/?s={search_term_string}"},"query-input":{"@type":"PropertyValueSpecification","valueRequired":true,"valueName":"search_term_string"}}],"inLanguage":"es"}]}},"_links":{"self":[{"href":"https:\/\/medicinasinc.com\/es\/wp-json\/wp\/v2\/product\/5685","targetHints":{"allow":["GET"]}}],"collection":[{"href":"https:\/\/medicinasinc.com\/es\/wp-json\/wp\/v2\/product"}],"about":[{"href":"https:\/\/medicinasinc.com\/es\/wp-json\/wp\/v2\/types\/product"}],"replies":[{"embeddable":true,"href":"https:\/\/medicinasinc.com\/es\/wp-json\/wp\/v2\/comments?post=5685"}],"wp:featuredmedia":[{"embeddable":true,"href":"https:\/\/medicinasinc.com\/es\/wp-json\/wp\/v2\/media\/5697"}],"wp:attachment":[{"href":"https:\/\/medicinasinc.com\/es\/wp-json\/wp\/v2\/media?parent=5685"}],"wp:term":[{"taxonomy":"product_brand","embeddable":true,"href":"https:\/\/medicinasinc.com\/es\/wp-json\/wp\/v2\/product_brand?post=5685"},{"taxonomy":"product_cat","embeddable":true,"href":"https:\/\/medicinasinc.com\/es\/wp-json\/wp\/v2\/product_cat?post=5685"},{"taxonomy":"product_tag","embeddable":true,"href":"https:\/\/medicinasinc.com\/es\/wp-json\/wp\/v2\/product_tag?post=5685"}],"curies":[{"name":"wp","href":"https:\/\/api.w.org\/{rel}","templated":true}]}}