{"id":5684,"date":"2022-02-22T04:10:18","date_gmt":"2022-02-22T04:10:18","guid":{"rendered":"https:\/\/medicinasinc.com\/es\/?post_type=product&#038;p=5684"},"modified":"2022-03-22T00:15:15","modified_gmt":"2022-03-22T00:15:15","slug":"comprar-mmb-2201-polvo","status":"publish","type":"product","link":"https:\/\/medicinasinc.com\/es\/product\/comprar-mmb-2201-polvo\/","title":{"rendered":"Comprar MMB-2201 Polvo"},"content":{"rendered":"<p>El medicamento MDMB-2201 es un producto qu\u00edmico de investigaci\u00f3n de primer nivel que puede obtener en l\u00ednea a un precio razonable. El proveedor de confianza bestglobalmed.com ofrece 5F-MDMB-2201 a un precio de descuento. Como droga de dise\u00f1o y como ingrediente activo en mezclas de cannabis sintetizadas, MMB-2201 es un fuerte cannabinoide sint\u00e9tico a base de indol-3-carboxamida.<\/p>\n<p>Cannabinoide sint\u00e9tico a base de indol-3-carboxamida MMB-2201 ( tambi\u00e9n conocido como 5F-MMB-PICA, 5F-AMB-PICA e I-AMB) se ha anunciado como una droga de dise\u00f1o y un ingrediente en mezclas de cannabis sint\u00e9tico. Reportado por primera vez en Rusia y Bielorrusia en enero de 2014, desde entonces se ha vendido en muchas naciones adicionales. La contraparte del n\u00facleo de indol de 5F-AMB es este compuesto. Los compuestos de cannabis sint\u00e9tico con un grupo N-1-metoxicarbonilo que contiene un n\u00facleo de indol-3-carboxamida o un n\u00facleo de indazol-3-carboxamida, as\u00ed como un sustituyente isoprop\u00edlico o t-butilo, han demostrado ser significativamente m\u00e1s da\u00f1inos que los cannabinoides sint\u00e9ticos m\u00e1s antiguos. compuestos<\/p>\n<p>El cannabinoide sint\u00e9tico 5F-MDMB-2201 es extremadamente similar al MMB-2201 (familia de los indazoles). Tanto en los receptores CB1 como en los CB2, el 5F-MDMB-2201 ejerce un efecto significativo (agonismo).<\/p>\n<p>Nombre metab\u00f3lico: 2-metil-1H-indol-3-carboxamido-dimetilbutaneato de metilo<\/p>\n<p>Como medicamento de dise\u00f1o e ingrediente activo en mezclas de cannabis sint\u00e9tico, MMB-2201 es un cannabinoide sint\u00e9tico a base de indol-3-carboxamida.<\/p>\n<p>889493-21-2 N\u00famero CAS<\/p>\n<p>C21H29FN2O3 es la f\u00f3rmula qu\u00edmica.<\/p>\n<p>Pureza m\u00ednima del 99,7 por ciento<\/p>\n<p>376,49 es el peso molecular<\/p>\n<p>Apariencia de cristales\/polvo<\/p>\n<p> El cannabinoide sint\u00e9tico a base de indol-3-carboxamida MMB-2201 (tambi\u00e9n conocido como 5F-MMB-PICA, 5F-AMB-PICA e I-AMB) es un medicamento de dise\u00f1o e ingrediente activo en las mezclas de cannabis sint\u00e9tico. Aunque originalmente se inform\u00f3 en Rusia y Bielorrusia en enero de este a\u00f1o, posteriormente sali\u00f3 a la venta en otras naciones. La contraparte central de 5F-indol AMB se encuentra en este compuesto. Se ha descubierto que los compuestos de cannabis sint\u00e9tico m\u00e1s nuevos con un n\u00facleo de indol-3-carboxamida o indazol-3-carboxamida y un grupo N-1-metoxicarbonilo unido a un sustituyente isopropilo o t-butilo son mucho m\u00e1s da\u00f1inos que los compuestos cannabinoides sint\u00e9ticos m\u00e1s antiguos. &#8211;<\/p>\n<p>El cannabinoide sint\u00e9tico 5F-MDMB-2201 es extremadamente similar al MMB-2201 (familia de los indazoles). Tanto los receptores CB1 como CB2 son altamente antagonistas del 5F-MDMB-2201.<\/p>\n<p>Nombre metab\u00f3lico: 2-metil-1H-indol-3-carboxamido-dimetilbutaneato de metilo.<\/p>\n<p>Como medicina de dise\u00f1o e ingrediente activo en mezclas de cannabis sint\u00e9tico, MMB-2201 es un cannabinoide sint\u00e9tico a base de indol-3-carboxamida.<\/p>\n<p>889493-21-2 N\u00famero CAS<\/p>\n<p>C21H29FN2O3 es la f\u00f3rmula qu\u00edmica .<\/p>\n<p>Pureza m\u00ednima del 99,7 por ciento<\/p>\n<p>376,49 es el peso molecular<\/p>\n<p>Cristales y polvo<\/p>\n","protected":false},"excerpt":{"rendered":"<p>Compre polvo MMB-2201 para la venta en el Reino Unido, Europa y Australia. ofrecemos la transacci\u00f3n m\u00e1s confiable y vendemos a precios muy asequibles. Pide MMB-2201 Polvo ahora al mejor precio<\/p>\n<p>Compra online MMB-2201 Polvo Puro Online. El polvo MMB-2201 tambi\u00e9n es: 5F-MMB-PICA, 5F-AMB-PICA o I-AMB.<\/p>\n<p>5CAKB48 MMB022,\u00a0<em>MPHP2201<\/em>\u00a0alta pureza y amarillo\u00a0<em>polvo<\/em>\u00a0en l\u00ednea &#8230; <em>Mmbfub<\/em>,\u00a0<em>Mphp2201<\/em>, 5f-mdmb-<em>2201<\/em>, 5feapb\/5feapb, Mmb022, 4-cdc, Fub144,\u00a0<em>Fub2201<\/em>.<\/p>\n<p><em>Comprar<\/em>\u00a05F MDMB en l\u00ednea &#8211; Puede pedir 5F-MDMB-<em>2201 en polvo<\/em>\u00a0a un precio econ\u00f3mico desde &#8230; 5F MDMB\u00a0<em>2201<\/em>\u00a0Crystals tambi\u00e9n se conoce como 5F-<em>MMB<\/em>-PICA, 5F-AMB-PICA e I-AMB.<\/p>\n<p>&nbsp;<\/p>\n","protected":false},"featured_media":5695,"comment_status":"open","ping_status":"closed","template":"","meta":[],"product_brand":[],"product_cat":[2596],"product_tag":[2600,2601,2602,2603,2604,2605,2610,2611,2612,2613,2615,2616,2619,2621,2620,2622,2625,2631,2608,3564,3563,2627,2628,2626,2607,2606,2629,2614,2609],"class_list":{"0":"post-5684","1":"product","2":"type-product","3":"status-publish","4":"has-post-thumbnail","6":"product_cat-venta-de-cannabinoides","7":"product_tag-5f-mdmb-2201","8":"product_tag-5f-mdmb-2201-cannabinoides","9":"product_tag-5f-mdmb-2201-cannabinoides-en-venta","10":"product_tag-5f-mdmb-2201-en-venta","11":"product_tag-5f-mdmb-2201-en-venta-online","12":"product_tag-5f-mdmb-2201-powder","13":"product_tag-5f-mdmb-2201-powder-review","14":"product_tag-5f-mdmb-2201-powder-supplier","15":"product_tag-5f-mdmb-2201-powder-uk","16":"product_tag-5f-mdmb-2201-powder-usa","17":"product_tag-5f-mdmb-2201-reddit","18":"product_tag-5f-mdmb-2201-revisin","19":"product_tag-comprar-5f-mdmb-2201","20":"product_tag-comprar-5f-mdmb-2201-online","21":"product_tag-comprar-5f-mdmb-2201-cannabinoides","22":"product_tag-comprar-5f-mdmb-2201-pulpo-online","23":"product_tag-correo-5f-mdmb-2201","24":"product_tag-donde-comprar-5f-mdmb-2201","25":"product_tag-5f-mdmb-2201-dosis-polvo","26":"product_tag-remove-term-5f-mdmb-2201-5f-mdmb-2201-polvo-en-venta","27":"product_tag-eliminar-trmino-5f-mdmb-2201-5f-mdmb-2201-efecto","28":"product_tag-pedido-5f-mdmb-2201-online","29":"product_tag-order-5f-mdmb-2201-powder","30":"product_tag-orden-5f-mdmb-2201","31":"product_tag-5f-mdmb-2201-polvo-canad","32":"product_tag-5f-mdmb-2201-polvo-australia","33":"product_tag-puro-5f-mdmb-2201-polvo","34":"product_tag-5f-mdmb-2201-vendedor-de-polvo","35":"product_tag-5f-mdmb-2201-polvo-en-venta","37":"first","38":"instock","39":"shipping-taxable","40":"purchasable","41":"product-type-variable","42":"has-default-attributes"},"yoast_head":"<!-- This site is optimized with the Yoast SEO plugin v27.3 - https:\/\/yoast.com\/product\/yoast-seo-wordpress\/ -->\n<title>Comprar MMB-2201 en polvo - MMB-2201 a la venta - Best Global Meds<\/title>\n<meta name=\"description\" content=\"Compre polvo MMB-2201 para la venta en Reino Unido, Europa, AU. ofrecemos la transacci\u00f3n m\u00e1s confiable y vendemos a precios muy asequibles. Ordene MMB-2201 Polvo ahora a los mejores precios\" \/>\n<meta name=\"robots\" content=\"index, follow, max-snippet:-1, max-image-preview:large, max-video-preview:-1\" \/>\n<link rel=\"canonical\" href=\"https:\/\/medicinasinc.com\/es\/product\/comprar-mmb-2201-polvo\/\" \/>\n<meta property=\"og:locale\" content=\"es_ES\" \/>\n<meta property=\"og:type\" content=\"article\" \/>\n<meta property=\"og:title\" content=\"Comprar MMB-2201 en polvo - MMB-2201 a la venta - Best Global Meds\" \/>\n<meta property=\"og:description\" content=\"Compre polvo MMB-2201 para la venta en Reino Unido, Europa, AU. ofrecemos la transacci\u00f3n m\u00e1s confiable y vendemos a precios muy asequibles. Ordene MMB-2201 Polvo ahora a los mejores precios\" \/>\n<meta property=\"og:url\" content=\"https:\/\/medicinasinc.com\/es\/product\/comprar-mmb-2201-polvo\/\" \/>\n<meta property=\"og:site_name\" content=\"Medicinas Inc\" \/>\n<meta property=\"article:modified_time\" content=\"2022-03-22T00:15:15+00:00\" \/>\n<meta property=\"og:image\" content=\"https:\/\/medicinasinc.com\/es\/wp-content\/uploads\/sites\/15\/2022\/02\/Buy-MMB-2201-Powder.jpg\" \/>\n\t<meta property=\"og:image:width\" content=\"600\" \/>\n\t<meta property=\"og:image:height\" content=\"600\" \/>\n\t<meta property=\"og:image:type\" content=\"image\/jpeg\" \/>\n<meta name=\"twitter:card\" content=\"summary_large_image\" \/>\n<meta name=\"twitter:label1\" content=\"Tiempo de lectura\" \/>\n\t<meta name=\"twitter:data1\" content=\"2 minutos\" \/>\n<script type=\"application\/ld+json\" class=\"yoast-schema-graph\">{\"@context\":\"https:\\\/\\\/schema.org\",\"@graph\":[{\"@type\":\"WebPage\",\"@id\":\"https:\\\/\\\/medicinasinc.com\\\/es\\\/product\\\/comprar-mmb-2201-polvo\\\/\",\"url\":\"https:\\\/\\\/medicinasinc.com\\\/es\\\/product\\\/comprar-mmb-2201-polvo\\\/\",\"name\":\"Comprar MMB-2201 en polvo - MMB-2201 a la venta - Best Global Meds\",\"isPartOf\":{\"@id\":\"https:\\\/\\\/medicinasinc.com\\\/es\\\/#website\"},\"primaryImageOfPage\":{\"@id\":\"https:\\\/\\\/medicinasinc.com\\\/es\\\/product\\\/comprar-mmb-2201-polvo\\\/#primaryimage\"},\"image\":{\"@id\":\"https:\\\/\\\/medicinasinc.com\\\/es\\\/product\\\/comprar-mmb-2201-polvo\\\/#primaryimage\"},\"thumbnailUrl\":\"https:\\\/\\\/medicinasinc.com\\\/es\\\/wp-content\\\/uploads\\\/sites\\\/15\\\/2022\\\/02\\\/Buy-MMB-2201-Powder.jpg\",\"datePublished\":\"2022-02-22T04:10:18+00:00\",\"dateModified\":\"2022-03-22T00:15:15+00:00\",\"description\":\"Compre polvo MMB-2201 para la venta en Reino Unido, Europa, AU. ofrecemos la transacci\u00f3n m\u00e1s confiable y vendemos a precios muy asequibles. Ordene MMB-2201 Polvo ahora a los mejores precios\",\"breadcrumb\":{\"@id\":\"https:\\\/\\\/medicinasinc.com\\\/es\\\/product\\\/comprar-mmb-2201-polvo\\\/#breadcrumb\"},\"inLanguage\":\"es\",\"potentialAction\":[{\"@type\":\"ReadAction\",\"target\":[\"https:\\\/\\\/medicinasinc.com\\\/es\\\/product\\\/comprar-mmb-2201-polvo\\\/\"]}]},{\"@type\":\"ImageObject\",\"inLanguage\":\"es\",\"@id\":\"https:\\\/\\\/medicinasinc.com\\\/es\\\/product\\\/comprar-mmb-2201-polvo\\\/#primaryimage\",\"url\":\"https:\\\/\\\/medicinasinc.com\\\/es\\\/wp-content\\\/uploads\\\/sites\\\/15\\\/2022\\\/02\\\/Buy-MMB-2201-Powder.jpg\",\"contentUrl\":\"https:\\\/\\\/medicinasinc.com\\\/es\\\/wp-content\\\/uploads\\\/sites\\\/15\\\/2022\\\/02\\\/Buy-MMB-2201-Powder.jpg\",\"width\":600,\"height\":600},{\"@type\":\"BreadcrumbList\",\"@id\":\"https:\\\/\\\/medicinasinc.com\\\/es\\\/product\\\/comprar-mmb-2201-polvo\\\/#breadcrumb\",\"itemListElement\":[{\"@type\":\"ListItem\",\"position\":1,\"name\":\"Tienda\",\"item\":\"https:\\\/\\\/medicinasinc.com\\\/es\\\/tienda\\\/\"},{\"@type\":\"ListItem\",\"position\":2,\"name\":\"Comprar MMB-2201 Polvo\"}]},{\"@type\":\"WebSite\",\"@id\":\"https:\\\/\\\/medicinasinc.com\\\/es\\\/#website\",\"url\":\"https:\\\/\\\/medicinasinc.com\\\/es\\\/\",\"name\":\"Medicinas Inc\",\"description\":\"Cl\u00ednica M\u00e9dica de Salud\",\"potentialAction\":[{\"@type\":\"SearchAction\",\"target\":{\"@type\":\"EntryPoint\",\"urlTemplate\":\"https:\\\/\\\/medicinasinc.com\\\/es\\\/?s={search_term_string}\"},\"query-input\":{\"@type\":\"PropertyValueSpecification\",\"valueRequired\":true,\"valueName\":\"search_term_string\"}}],\"inLanguage\":\"es\"}]}<\/script>\n<!-- \/ Yoast SEO plugin. -->","yoast_head_json":{"title":"Comprar MMB-2201 en polvo - MMB-2201 a la venta - Best Global Meds","description":"Compre polvo MMB-2201 para la venta en Reino Unido, Europa, AU. ofrecemos la transacci\u00f3n m\u00e1s confiable y vendemos a precios muy asequibles. Ordene MMB-2201 Polvo ahora a los mejores precios","robots":{"index":"index","follow":"follow","max-snippet":"max-snippet:-1","max-image-preview":"max-image-preview:large","max-video-preview":"max-video-preview:-1"},"canonical":"https:\/\/medicinasinc.com\/es\/product\/comprar-mmb-2201-polvo\/","og_locale":"es_ES","og_type":"article","og_title":"Comprar MMB-2201 en polvo - MMB-2201 a la venta - Best Global Meds","og_description":"Compre polvo MMB-2201 para la venta en Reino Unido, Europa, AU. ofrecemos la transacci\u00f3n m\u00e1s confiable y vendemos a precios muy asequibles. Ordene MMB-2201 Polvo ahora a los mejores precios","og_url":"https:\/\/medicinasinc.com\/es\/product\/comprar-mmb-2201-polvo\/","og_site_name":"Medicinas Inc","article_modified_time":"2022-03-22T00:15:15+00:00","og_image":[{"width":600,"height":600,"url":"https:\/\/medicinasinc.com\/es\/wp-content\/uploads\/sites\/15\/2022\/02\/Buy-MMB-2201-Powder.jpg","type":"image\/jpeg"}],"twitter_card":"summary_large_image","twitter_misc":{"Tiempo de lectura":"2 minutos"},"schema":{"@context":"https:\/\/schema.org","@graph":[{"@type":"WebPage","@id":"https:\/\/medicinasinc.com\/es\/product\/comprar-mmb-2201-polvo\/","url":"https:\/\/medicinasinc.com\/es\/product\/comprar-mmb-2201-polvo\/","name":"Comprar MMB-2201 en polvo - MMB-2201 a la venta - Best Global Meds","isPartOf":{"@id":"https:\/\/medicinasinc.com\/es\/#website"},"primaryImageOfPage":{"@id":"https:\/\/medicinasinc.com\/es\/product\/comprar-mmb-2201-polvo\/#primaryimage"},"image":{"@id":"https:\/\/medicinasinc.com\/es\/product\/comprar-mmb-2201-polvo\/#primaryimage"},"thumbnailUrl":"https:\/\/medicinasinc.com\/es\/wp-content\/uploads\/sites\/15\/2022\/02\/Buy-MMB-2201-Powder.jpg","datePublished":"2022-02-22T04:10:18+00:00","dateModified":"2022-03-22T00:15:15+00:00","description":"Compre polvo MMB-2201 para la venta en Reino Unido, Europa, AU. ofrecemos la transacci\u00f3n m\u00e1s confiable y vendemos a precios muy asequibles. Ordene MMB-2201 Polvo ahora a los mejores precios","breadcrumb":{"@id":"https:\/\/medicinasinc.com\/es\/product\/comprar-mmb-2201-polvo\/#breadcrumb"},"inLanguage":"es","potentialAction":[{"@type":"ReadAction","target":["https:\/\/medicinasinc.com\/es\/product\/comprar-mmb-2201-polvo\/"]}]},{"@type":"ImageObject","inLanguage":"es","@id":"https:\/\/medicinasinc.com\/es\/product\/comprar-mmb-2201-polvo\/#primaryimage","url":"https:\/\/medicinasinc.com\/es\/wp-content\/uploads\/sites\/15\/2022\/02\/Buy-MMB-2201-Powder.jpg","contentUrl":"https:\/\/medicinasinc.com\/es\/wp-content\/uploads\/sites\/15\/2022\/02\/Buy-MMB-2201-Powder.jpg","width":600,"height":600},{"@type":"BreadcrumbList","@id":"https:\/\/medicinasinc.com\/es\/product\/comprar-mmb-2201-polvo\/#breadcrumb","itemListElement":[{"@type":"ListItem","position":1,"name":"Tienda","item":"https:\/\/medicinasinc.com\/es\/tienda\/"},{"@type":"ListItem","position":2,"name":"Comprar MMB-2201 Polvo"}]},{"@type":"WebSite","@id":"https:\/\/medicinasinc.com\/es\/#website","url":"https:\/\/medicinasinc.com\/es\/","name":"Medicinas Inc","description":"Cl\u00ednica M\u00e9dica de Salud","potentialAction":[{"@type":"SearchAction","target":{"@type":"EntryPoint","urlTemplate":"https:\/\/medicinasinc.com\/es\/?s={search_term_string}"},"query-input":{"@type":"PropertyValueSpecification","valueRequired":true,"valueName":"search_term_string"}}],"inLanguage":"es"}]}},"_links":{"self":[{"href":"https:\/\/medicinasinc.com\/es\/wp-json\/wp\/v2\/product\/5684","targetHints":{"allow":["GET"]}}],"collection":[{"href":"https:\/\/medicinasinc.com\/es\/wp-json\/wp\/v2\/product"}],"about":[{"href":"https:\/\/medicinasinc.com\/es\/wp-json\/wp\/v2\/types\/product"}],"replies":[{"embeddable":true,"href":"https:\/\/medicinasinc.com\/es\/wp-json\/wp\/v2\/comments?post=5684"}],"wp:featuredmedia":[{"embeddable":true,"href":"https:\/\/medicinasinc.com\/es\/wp-json\/wp\/v2\/media\/5695"}],"wp:attachment":[{"href":"https:\/\/medicinasinc.com\/es\/wp-json\/wp\/v2\/media?parent=5684"}],"wp:term":[{"taxonomy":"product_brand","embeddable":true,"href":"https:\/\/medicinasinc.com\/es\/wp-json\/wp\/v2\/product_brand?post=5684"},{"taxonomy":"product_cat","embeddable":true,"href":"https:\/\/medicinasinc.com\/es\/wp-json\/wp\/v2\/product_cat?post=5684"},{"taxonomy":"product_tag","embeddable":true,"href":"https:\/\/medicinasinc.com\/es\/wp-json\/wp\/v2\/product_tag?post=5684"}],"curies":[{"name":"wp","href":"https:\/\/api.w.org\/{rel}","templated":true}]}}