{"id":5682,"date":"2022-02-22T04:07:27","date_gmt":"2022-02-22T04:07:27","guid":{"rendered":"https:\/\/medicinasinc.com\/es\/?post_type=product&#038;p=5682"},"modified":"2022-03-22T00:15:27","modified_gmt":"2022-03-22T00:15:27","slug":"comprar-no-bull-bano-sal","status":"publish","type":"product","link":"https:\/\/medicinasinc.com\/es\/product\/comprar-no-bull-bano-sal\/","title":{"rendered":"Comprar sal de ba\u00f1o No Bull"},"content":{"rendered":"<p>Abastecerse de sales de ba\u00f1o para aliviar el estr\u00e9s<\/p>\n<p>Las sales de ba\u00f1o que no contienen toro est\u00e1n en oferta. Para garantizar que tenga un ba\u00f1o relajante y sensual, ofrecemos art\u00edculos de ba\u00f1o de alta calidad como sales de ba\u00f1o. Cuando nos compra sales de ba\u00f1o en l\u00ednea, puede estar seguro de que est\u00e1 obteniendo el mejor producto posible. Hay otros concentrados de sales de ba\u00f1o disponibles para la venta a costos razonables a trav\u00e9s de nuestras operaciones mayoristas y minoristas.<\/p>\n<p>Se trata de nuestros productos<\/p>\n<p>Un ba\u00f1o con sales de ba\u00f1o No-Bull lo dejar\u00e1 sinti\u00e9ndose vigorizado , en\u00e9rgico y euf\u00f3rico. Un poco modesto es todo lo que se requiere para tener un impacto significativo. Como alternativa, ponga una peque\u00f1a cantidad en su ba\u00f1o caliente y se sentir\u00e1 rejuvenecido y extasiado. A pesar de esto, mucha gente lo utiliza para imitar las aut\u00e9nticas aguas termales que se encuentran a lo largo de la costa griega. Toma nota: Nuestro producto es una potente sal de ba\u00f1o para la meditaci\u00f3n. Al principio, use solo una peque\u00f1a cantidad para evitar que el agua de su ba\u00f1o se vuelva demasiado turbia. Sin embargo, si se usan correctamente, las sales de ba\u00f1o No Bull pueden ayudarte a conquistar alturas que antes eran insuperables.<\/p>\n<p>OTRAS COSAS PARA PROBAR<br \/> Sales de ba\u00f1o Ivory Wave Recharge 500 mg, White Girl 500 mg Sales de ba\u00f1o concentradas, Tranquility Concentrated Bath Las sales de ba\u00f1o de 500 mg y las sales de ba\u00f1o con clasificaci\u00f3n X de 500 mg son algunas de las sales de ba\u00f1o que ofrecemos.<br \/> Sales de ba\u00f1o concentradas Ivory Smooth 500 mg<br \/> Sales de ba\u00f1o de 50 mg Blue Wave<br \/> Sal de ba\u00f1o pura &#8211; Seda azul, 500 mg <br \/> 500 mg de sales de ba\u00f1o bolivianas<br \/> Rave On Bath Salt Tranquility 500 mg de sales de ba\u00f1o concentradas de G Pheonix.<br \/> 500 miligramos de sales de ba\u00f1o Eight Ballz.<br \/> SALES DE TOCADOR, 1 GRAMO, HOLLYWOOD<br \/> Diamond Dust \u2013 500 miligramos<br \/> 500 miligramos de Drone V Fun Powder<br \/> Novedoso polvo Black Diamond de Black Diamond<br \/> Novedoso polvo pump-it en polvo 500 mg Eight Ballz<br \/> 500 mg de White Sales de Ba\u00f1o Rush.<br \/> 400g Sales de Ba\u00f1o Puras Ivory Wave Ultra<br \/> Sales de la Onda 500mg Ivory<br \/> 500mg de Sal de Ba\u00f1o Lady Bubbles.<br \/> 50 0 mg de sales de ba\u00f1o Cloud 9<br \/> Polvo 500 mg Heavenly Soak &#8211; Euf\u00f3rico &#8211; Novedad<br \/> Energ\u00eda &#8211; Novedad Polvo 500 mg de Heavenly Soak<br \/> The Sky &#8211; Novedad Polvo &#8211; 500 mg<br \/> Novedad Polvo 500 mg, Mezcla de Molly<\/p>\n","protected":false},"excerpt":{"rendered":"<p>Sal de ba\u00f1o concentrada de primera calidad.<\/p>\n<p>100 % legal en todo el mundo<\/p>\n<p><em>Comprar<\/em>\u00a0White Girl\u00a0<em>Sales de ba\u00f1o<\/em>\u00a0de un proveedor aprobado . Pureza de grado superior, precios justos, entrega r\u00e1pida garantizada, pol\u00edtica de reembolso\/devoluciones, excelente servicio al cliente.<\/p>\n<p>\u00bfEst\u00e1 pagando de m\u00e1s por\u00a0<em>no<\/em>&#8211;<em>sales de ba\u00f1o de toro<\/em>\u00a0en l\u00ednea? <em>No compre<\/em>&#8211;<em>sales de ba\u00f1o de toro<\/em> en l\u00ednea en Best Global Meds. Conozca <em>conozca<\/em>\u00a0acerca de\u00a0<em>no<\/em>&#8211;<em>sales de ba\u00f1o de toro<\/em>\u00a0a precios de venta.<\/p>\n<p><em>Comprar No Bull Sal de Ba\u00f1o<\/em>\u00a0Online al mejor precio. Garantizamos env\u00edos seguros y protegidos a todo el mundo.<\/p>\n","protected":false},"featured_media":5693,"comment_status":"open","ping_status":"closed","template":"","meta":[],"product_brand":[],"product_cat":[2014],"product_tag":[3548,3549,3550,3562,3558,3553,3555,3556,3557,3561,3551,3559,3560,3552,3554],"class_list":{"0":"post-5682","1":"product","2":"type-product","3":"status-publish","4":"has-post-thumbnail","6":"product_cat-comprar-investigacion-quimicos","7":"product_tag-buy-no-bull-bath-salt","8":"product_tag-buy-no-bull-powder-cleaner-1000mg-bath-salt-online","9":"product_tag-comprar-no-bull-sales-de-bano-online","10":"product_tag-donde-comprar-sales-de-bano-sin-toro","11":"product_tag-no-bull-polvo-limpiador-1000mg-sal-de-bano-online","12":"product_tag-no-bull-bath-sal-google","13":"product_tag-no-bull-bath-salt-reddit","14":"product_tag-no-bull-bath-salt-sales","15":"product_tag-no-bull-powder-cleaner-1000mg-bath-salt","16":"product_tag-order-no-bull-bath-salts-online","17":"product_tag-no-bull-bao-sal-comprar","18":"product_tag-sales-de-bano-sin-toro","19":"product_tag-no-bull-sales-de-bao-a-la-venta","20":"product_tag-no-bull-bao-sal-efecto","21":"product_tag-no-bull-bao-sal-orden","23":"first","24":"instock","25":"shipping-taxable","26":"purchasable","27":"product-type-variable","28":"has-default-attributes"},"yoast_head":"<!-- This site is optimized with the Yoast SEO plugin v27.3 - https:\/\/yoast.com\/product\/yoast-seo-wordpress\/ -->\n<title>Comprar sal de ba\u00f1o No Bull - Sal de ba\u00f1o No Bull en l\u00ednea - Best Global Meds<\/title>\n<meta name=\"description\" content=\"Compre sal de ba\u00f1o No Bull para la venta en el Reino Unido, Europa, AU. ofrecemos la transacci\u00f3n m\u00e1s confiable y vendemos a precios muy asequibles. Ordene la sal de ba\u00f1o No Bull ahora a los mejores precios\" \/>\n<meta name=\"robots\" content=\"index, follow, max-snippet:-1, max-image-preview:large, max-video-preview:-1\" \/>\n<link rel=\"canonical\" href=\"https:\/\/medicinasinc.com\/es\/product\/comprar-no-bull-bano-sal\/\" \/>\n<meta property=\"og:locale\" content=\"es_ES\" \/>\n<meta property=\"og:type\" content=\"article\" \/>\n<meta property=\"og:title\" content=\"Comprar sal de ba\u00f1o No Bull - Sal de ba\u00f1o No Bull en l\u00ednea - Best Global Meds\" \/>\n<meta property=\"og:description\" content=\"Compre sal de ba\u00f1o No Bull para la venta en el Reino Unido, Europa, AU. ofrecemos la transacci\u00f3n m\u00e1s confiable y vendemos a precios muy asequibles. Ordene la sal de ba\u00f1o No Bull ahora a los mejores precios\" \/>\n<meta property=\"og:url\" content=\"https:\/\/medicinasinc.com\/es\/product\/comprar-no-bull-bano-sal\/\" \/>\n<meta property=\"og:site_name\" content=\"Medicinas Inc\" \/>\n<meta property=\"article:modified_time\" content=\"2022-03-22T00:15:27+00:00\" \/>\n<meta property=\"og:image\" content=\"https:\/\/medicinasinc.com\/es\/wp-content\/uploads\/sites\/15\/2022\/02\/Buy-No-Bull-Bath-Salt.jpg\" \/>\n\t<meta property=\"og:image:width\" content=\"600\" \/>\n\t<meta property=\"og:image:height\" content=\"600\" \/>\n\t<meta property=\"og:image:type\" content=\"image\/jpeg\" \/>\n<meta name=\"twitter:card\" content=\"summary_large_image\" \/>\n<meta name=\"twitter:label1\" content=\"Tiempo de lectura\" \/>\n\t<meta name=\"twitter:data1\" content=\"2 minutos\" \/>\n<script type=\"application\/ld+json\" class=\"yoast-schema-graph\">{\"@context\":\"https:\\\/\\\/schema.org\",\"@graph\":[{\"@type\":\"WebPage\",\"@id\":\"https:\\\/\\\/medicinasinc.com\\\/es\\\/product\\\/comprar-no-bull-bano-sal\\\/\",\"url\":\"https:\\\/\\\/medicinasinc.com\\\/es\\\/product\\\/comprar-no-bull-bano-sal\\\/\",\"name\":\"Comprar sal de ba\u00f1o No Bull - Sal de ba\u00f1o No Bull en l\u00ednea - Best Global Meds\",\"isPartOf\":{\"@id\":\"https:\\\/\\\/medicinasinc.com\\\/es\\\/#website\"},\"primaryImageOfPage\":{\"@id\":\"https:\\\/\\\/medicinasinc.com\\\/es\\\/product\\\/comprar-no-bull-bano-sal\\\/#primaryimage\"},\"image\":{\"@id\":\"https:\\\/\\\/medicinasinc.com\\\/es\\\/product\\\/comprar-no-bull-bano-sal\\\/#primaryimage\"},\"thumbnailUrl\":\"https:\\\/\\\/medicinasinc.com\\\/es\\\/wp-content\\\/uploads\\\/sites\\\/15\\\/2022\\\/02\\\/Buy-No-Bull-Bath-Salt.jpg\",\"datePublished\":\"2022-02-22T04:07:27+00:00\",\"dateModified\":\"2022-03-22T00:15:27+00:00\",\"description\":\"Compre sal de ba\u00f1o No Bull para la venta en el Reino Unido, Europa, AU. ofrecemos la transacci\u00f3n m\u00e1s confiable y vendemos a precios muy asequibles. Ordene la sal de ba\u00f1o No Bull ahora a los mejores precios\",\"breadcrumb\":{\"@id\":\"https:\\\/\\\/medicinasinc.com\\\/es\\\/product\\\/comprar-no-bull-bano-sal\\\/#breadcrumb\"},\"inLanguage\":\"es\",\"potentialAction\":[{\"@type\":\"ReadAction\",\"target\":[\"https:\\\/\\\/medicinasinc.com\\\/es\\\/product\\\/comprar-no-bull-bano-sal\\\/\"]}]},{\"@type\":\"ImageObject\",\"inLanguage\":\"es\",\"@id\":\"https:\\\/\\\/medicinasinc.com\\\/es\\\/product\\\/comprar-no-bull-bano-sal\\\/#primaryimage\",\"url\":\"https:\\\/\\\/medicinasinc.com\\\/es\\\/wp-content\\\/uploads\\\/sites\\\/15\\\/2022\\\/02\\\/Buy-No-Bull-Bath-Salt.jpg\",\"contentUrl\":\"https:\\\/\\\/medicinasinc.com\\\/es\\\/wp-content\\\/uploads\\\/sites\\\/15\\\/2022\\\/02\\\/Buy-No-Bull-Bath-Salt.jpg\",\"width\":600,\"height\":600},{\"@type\":\"BreadcrumbList\",\"@id\":\"https:\\\/\\\/medicinasinc.com\\\/es\\\/product\\\/comprar-no-bull-bano-sal\\\/#breadcrumb\",\"itemListElement\":[{\"@type\":\"ListItem\",\"position\":1,\"name\":\"Tienda\",\"item\":\"https:\\\/\\\/medicinasinc.com\\\/es\\\/tienda\\\/\"},{\"@type\":\"ListItem\",\"position\":2,\"name\":\"Comprar sal de ba\u00f1o No Bull\"}]},{\"@type\":\"WebSite\",\"@id\":\"https:\\\/\\\/medicinasinc.com\\\/es\\\/#website\",\"url\":\"https:\\\/\\\/medicinasinc.com\\\/es\\\/\",\"name\":\"Medicinas Inc\",\"description\":\"Cl\u00ednica M\u00e9dica de Salud\",\"potentialAction\":[{\"@type\":\"SearchAction\",\"target\":{\"@type\":\"EntryPoint\",\"urlTemplate\":\"https:\\\/\\\/medicinasinc.com\\\/es\\\/?s={search_term_string}\"},\"query-input\":{\"@type\":\"PropertyValueSpecification\",\"valueRequired\":true,\"valueName\":\"search_term_string\"}}],\"inLanguage\":\"es\"}]}<\/script>\n<!-- \/ Yoast SEO plugin. -->","yoast_head_json":{"title":"Comprar sal de ba\u00f1o No Bull - Sal de ba\u00f1o No Bull en l\u00ednea - Best Global Meds","description":"Compre sal de ba\u00f1o No Bull para la venta en el Reino Unido, Europa, AU. ofrecemos la transacci\u00f3n m\u00e1s confiable y vendemos a precios muy asequibles. Ordene la sal de ba\u00f1o No Bull ahora a los mejores precios","robots":{"index":"index","follow":"follow","max-snippet":"max-snippet:-1","max-image-preview":"max-image-preview:large","max-video-preview":"max-video-preview:-1"},"canonical":"https:\/\/medicinasinc.com\/es\/product\/comprar-no-bull-bano-sal\/","og_locale":"es_ES","og_type":"article","og_title":"Comprar sal de ba\u00f1o No Bull - Sal de ba\u00f1o No Bull en l\u00ednea - Best Global Meds","og_description":"Compre sal de ba\u00f1o No Bull para la venta en el Reino Unido, Europa, AU. ofrecemos la transacci\u00f3n m\u00e1s confiable y vendemos a precios muy asequibles. Ordene la sal de ba\u00f1o No Bull ahora a los mejores precios","og_url":"https:\/\/medicinasinc.com\/es\/product\/comprar-no-bull-bano-sal\/","og_site_name":"Medicinas Inc","article_modified_time":"2022-03-22T00:15:27+00:00","og_image":[{"width":600,"height":600,"url":"https:\/\/medicinasinc.com\/es\/wp-content\/uploads\/sites\/15\/2022\/02\/Buy-No-Bull-Bath-Salt.jpg","type":"image\/jpeg"}],"twitter_card":"summary_large_image","twitter_misc":{"Tiempo de lectura":"2 minutos"},"schema":{"@context":"https:\/\/schema.org","@graph":[{"@type":"WebPage","@id":"https:\/\/medicinasinc.com\/es\/product\/comprar-no-bull-bano-sal\/","url":"https:\/\/medicinasinc.com\/es\/product\/comprar-no-bull-bano-sal\/","name":"Comprar sal de ba\u00f1o No Bull - Sal de ba\u00f1o No Bull en l\u00ednea - Best Global Meds","isPartOf":{"@id":"https:\/\/medicinasinc.com\/es\/#website"},"primaryImageOfPage":{"@id":"https:\/\/medicinasinc.com\/es\/product\/comprar-no-bull-bano-sal\/#primaryimage"},"image":{"@id":"https:\/\/medicinasinc.com\/es\/product\/comprar-no-bull-bano-sal\/#primaryimage"},"thumbnailUrl":"https:\/\/medicinasinc.com\/es\/wp-content\/uploads\/sites\/15\/2022\/02\/Buy-No-Bull-Bath-Salt.jpg","datePublished":"2022-02-22T04:07:27+00:00","dateModified":"2022-03-22T00:15:27+00:00","description":"Compre sal de ba\u00f1o No Bull para la venta en el Reino Unido, Europa, AU. ofrecemos la transacci\u00f3n m\u00e1s confiable y vendemos a precios muy asequibles. Ordene la sal de ba\u00f1o No Bull ahora a los mejores precios","breadcrumb":{"@id":"https:\/\/medicinasinc.com\/es\/product\/comprar-no-bull-bano-sal\/#breadcrumb"},"inLanguage":"es","potentialAction":[{"@type":"ReadAction","target":["https:\/\/medicinasinc.com\/es\/product\/comprar-no-bull-bano-sal\/"]}]},{"@type":"ImageObject","inLanguage":"es","@id":"https:\/\/medicinasinc.com\/es\/product\/comprar-no-bull-bano-sal\/#primaryimage","url":"https:\/\/medicinasinc.com\/es\/wp-content\/uploads\/sites\/15\/2022\/02\/Buy-No-Bull-Bath-Salt.jpg","contentUrl":"https:\/\/medicinasinc.com\/es\/wp-content\/uploads\/sites\/15\/2022\/02\/Buy-No-Bull-Bath-Salt.jpg","width":600,"height":600},{"@type":"BreadcrumbList","@id":"https:\/\/medicinasinc.com\/es\/product\/comprar-no-bull-bano-sal\/#breadcrumb","itemListElement":[{"@type":"ListItem","position":1,"name":"Tienda","item":"https:\/\/medicinasinc.com\/es\/tienda\/"},{"@type":"ListItem","position":2,"name":"Comprar sal de ba\u00f1o No Bull"}]},{"@type":"WebSite","@id":"https:\/\/medicinasinc.com\/es\/#website","url":"https:\/\/medicinasinc.com\/es\/","name":"Medicinas Inc","description":"Cl\u00ednica M\u00e9dica de Salud","potentialAction":[{"@type":"SearchAction","target":{"@type":"EntryPoint","urlTemplate":"https:\/\/medicinasinc.com\/es\/?s={search_term_string}"},"query-input":{"@type":"PropertyValueSpecification","valueRequired":true,"valueName":"search_term_string"}}],"inLanguage":"es"}]}},"_links":{"self":[{"href":"https:\/\/medicinasinc.com\/es\/wp-json\/wp\/v2\/product\/5682","targetHints":{"allow":["GET"]}}],"collection":[{"href":"https:\/\/medicinasinc.com\/es\/wp-json\/wp\/v2\/product"}],"about":[{"href":"https:\/\/medicinasinc.com\/es\/wp-json\/wp\/v2\/types\/product"}],"replies":[{"embeddable":true,"href":"https:\/\/medicinasinc.com\/es\/wp-json\/wp\/v2\/comments?post=5682"}],"wp:featuredmedia":[{"embeddable":true,"href":"https:\/\/medicinasinc.com\/es\/wp-json\/wp\/v2\/media\/5693"}],"wp:attachment":[{"href":"https:\/\/medicinasinc.com\/es\/wp-json\/wp\/v2\/media?parent=5682"}],"wp:term":[{"taxonomy":"product_brand","embeddable":true,"href":"https:\/\/medicinasinc.com\/es\/wp-json\/wp\/v2\/product_brand?post=5682"},{"taxonomy":"product_cat","embeddable":true,"href":"https:\/\/medicinasinc.com\/es\/wp-json\/wp\/v2\/product_cat?post=5682"},{"taxonomy":"product_tag","embeddable":true,"href":"https:\/\/medicinasinc.com\/es\/wp-json\/wp\/v2\/product_tag?post=5682"}],"curies":[{"name":"wp","href":"https:\/\/api.w.org\/{rel}","templated":true}]}}