{"id":5677,"date":"2022-02-22T04:00:21","date_gmt":"2022-02-22T04:00:21","guid":{"rendered":"https:\/\/medicinasinc.com\/es\/?post_type=product&#038;p=5677"},"modified":"2022-03-22T00:15:38","modified_gmt":"2022-03-22T00:15:38","slug":"comprar-metoxetamina","status":"publish","type":"product","link":"https:\/\/medicinasinc.com\/es\/product\/comprar-metoxetamina\/","title":{"rendered":"Comprar metoxetamina"},"content":{"rendered":"<p>Methoxetamine MXE a la venta en Internet<\/p>\n<p>\u00bfSabes qu\u00e9 es?<\/p>\n<p>El alucin\u00f3geno disociativo Methoxetamine MXE Online, abreviado como MXE, se ha vendido como droga de dise\u00f1o. Los disociativos como la ketamina y la fenciclidina (PCP), destinados al uso m\u00e9dico como anest\u00e9sicos, se crearon para el mercado farmac\u00e9utico. Es posible comprar metoxetamina en l\u00ednea o de vendedores locales. Est\u00e1 a la venta el polvo de metoxetamina MXE, que se puede comprar a bajo precio o comprar a granel por un costo m\u00e1s alto.<\/p>\n<p>Metoxetamina (MXE), un alucin\u00f3geno y anest\u00e9sico que act\u00faa como antagonista del receptor NMDA , est\u00e1 relacionado con el medicamento veterinario ketamina. Se afirma que los efectos de la metoxetamina son m\u00e1s fuertes y duraderos que los de la ketamina, lo que la convierte en una opci\u00f3n ideal para los estudiantes que investigan esa sustancia. La metoxetamina est\u00e1 disponible en BAC \u00fanicamente con fines de investigaci\u00f3n. MXE Metoxetamina en l\u00ednea sin receta m\u00e9dica<\/p>\n<p>La metoxetamina es una droga popular y muchas personas est\u00e1n buscando formas de conseguirla sin salir de casa. Como resultado, requieren opciones de pago y entrega que sean lo m\u00e1s simples posible. Sin embargo, lo que m\u00e1s les preocupa es no ser detectados. Sin embargo, puedes comprar metoxetamina de forma an\u00f3nima y segura aqu\u00ed enviando dinero con tarjeta de cr\u00e9dito. Enviar dinero mediante Western Union o Money Gram es una forma sencilla de lograrlo. Sin embargo, podemos querer ver la discreci\u00f3n. Como resultado, creemos que Bitcoin es el medio de pago ideal. Contin\u00fae y haga su pedido ahora, luego env\u00edenos una confirmaci\u00f3n una vez que haya terminado.<\/p>\n<p>Methoxetamine MXE a la venta en Internet<\/p>\n<p>Como proveedor de renombre de productos qu\u00edmicos y farmac\u00e9uticos para investigaci\u00f3n, nuestra tienda de productos qu\u00edmicos ha enviado a casi todos los pa\u00edses del mundo. Para comodidad de nuestros clientes, tambi\u00e9n aceptamos bitcoins y tarjetas de regalo. A continuaci\u00f3n se enumeran algunos de nuestros art\u00edculos m\u00e1s populares.<\/p>\n<p>Polvo MXE a la venta en el mercado<br \/> Compre 25 I-NBOMe en l\u00ednea.<br \/> Se pueden comprar cristales A-PVP<br \/> Actavis promethazine with codeine 32 oz est\u00e1 disponible para comprar.<br \/> AB-PINACA se puede comprar en l\u00ednea.<br \/> Adderall en l\u00ednea sin receta m\u00e9dica<br \/> Comprar AK-B48<br \/> Comprar anfetamina en polvo.<br \/> Cristales de butilona a la venta<\/p>\n","protected":false},"excerpt":{"rendered":"<p>Compre metoxetamina MXE para la venta en el Reino Unido, Europa y Australia. ofrecemos la transacci\u00f3n m\u00e1s confiable y vendemos a precios muy asequibles. Ordene Methoxetamine MXE ahora a los mejores precios<\/p>\n<p>La gente puede comprar Methoxetamine MXE a la venta en el Reino Unido. Las personas que nos compran pueden estar seguras de que obtendr\u00e1n lo que pagaron. Metoxetamine MXE se puede comprar ahora a los mejores precios.<\/p>\n<p>Compre metoxetamine en l\u00ednea, solicite el mejor MXE 99 por ciento puro con entrega al d\u00eda siguiente y descubra d\u00f3nde puede comprar metoxetamine con una tarjeta de cr\u00e9dito. El precio MXE.<\/p>\n<p>La metoxetamina es un medicamento que se usa para tratar el dolor. Un alucin\u00f3geno llamado Methoxetamine MXE, o MXE para abreviar, se ha vendido como una \u00abdroga de dise\u00f1o\u00bb.<\/p>\n","protected":false},"featured_media":5687,"comment_status":"open","ping_status":"closed","template":"","meta":[],"product_brand":[],"product_cat":[2014],"product_tag":[3525,3526,3529,3530,3531,3545,3527,3528,3532,3547,3546,3283,3539,3538,3524,3533,3534,3535,3536,3537,3541,3542,3540,3544,3543],"class_list":{"0":"post-5677","1":"product","2":"type-product","3":"status-publish","4":"has-post-thumbnail","6":"product_cat-comprar-investigacion-quimicos","7":"product_tag-buy-methoxetamine","8":"product_tag-buy-methoxetamine-mxe-online","9":"product_tag-buy-mxe-online","10":"product_tag-buy-mxe-research-chemical","11":"product_tag-buy-mxe-united-states","12":"product_tag-compra-metoxetamina","13":"product_tag-comprar-metoxetamina-online","14":"product_tag-comprar-mxe-1g","15":"product_tag-comprar-investigacin-qumicos-metoxetamina","16":"product_tag-donde-comprar-mxe-online","17":"product_tag-donde-puedo-comprar-mxe","18":"product_tag-mejor-lugar-para-comprar-mxe","19":"product_tag-mxe-drug-info","20":"product_tag-mxe-droga-para-la-venta","21":"product_tag-mejor-mxe-proveedor","22":"product_tag-methoxetamine-for-sale","23":"product_tag-methoxetamine-online","24":"product_tag-mxe","25":"product_tag-mxe-buy","26":"product_tag-mxe-comprar-online","27":"product_tag-mxe-methoxetamine","28":"product_tag-mxe-methoxetamine-erowid","29":"product_tag-mxe-en-venta","30":"product_tag-ordenar-metoxetamina-online","31":"product_tag-mxe-proveedor","33":"first","34":"instock","35":"shipping-taxable","36":"purchasable","37":"product-type-variable","38":"has-default-attributes"},"yoast_head":"<!-- This site is optimized with the Yoast SEO plugin v27.3 - https:\/\/yoast.com\/product\/yoast-seo-wordpress\/ -->\n<title>Comprar metoxetamina - Metoxetamina - Best Global Meds<\/title>\n<meta name=\"description\" content=\"Compre Metoxetamine MXE para la venta en el Reino Unido, Europa, AU. ofrecemos la transacci\u00f3n m\u00e1s confiable y vendemos a precios muy asequibles. Pida metoxetamina MXE ahora al mejor precio\" \/>\n<meta name=\"robots\" content=\"index, follow, max-snippet:-1, max-image-preview:large, max-video-preview:-1\" \/>\n<link rel=\"canonical\" href=\"https:\/\/medicinasinc.com\/es\/product\/comprar-metoxetamina\/\" \/>\n<meta property=\"og:locale\" content=\"es_ES\" \/>\n<meta property=\"og:type\" content=\"article\" \/>\n<meta property=\"og:title\" content=\"Comprar metoxetamina - Metoxetamina - Best Global Meds\" \/>\n<meta property=\"og:description\" content=\"Compre Metoxetamine MXE para la venta en el Reino Unido, Europa, AU. ofrecemos la transacci\u00f3n m\u00e1s confiable y vendemos a precios muy asequibles. Pida metoxetamina MXE ahora al mejor precio\" \/>\n<meta property=\"og:url\" content=\"https:\/\/medicinasinc.com\/es\/product\/comprar-metoxetamina\/\" \/>\n<meta property=\"og:site_name\" content=\"Medicinas Inc\" \/>\n<meta property=\"article:modified_time\" content=\"2022-03-22T00:15:38+00:00\" \/>\n<meta property=\"og:image\" content=\"https:\/\/medicinasinc.com\/es\/wp-content\/uploads\/sites\/15\/2022\/02\/Buy-Methoxetamine.webp\" \/>\n\t<meta property=\"og:image:width\" content=\"750\" \/>\n\t<meta property=\"og:image:height\" content=\"461\" \/>\n\t<meta property=\"og:image:type\" content=\"image\/webp\" \/>\n<meta name=\"twitter:card\" content=\"summary_large_image\" \/>\n<meta name=\"twitter:label1\" content=\"Tiempo de lectura\" \/>\n\t<meta name=\"twitter:data1\" content=\"2 minutos\" \/>\n<script type=\"application\/ld+json\" class=\"yoast-schema-graph\">{\"@context\":\"https:\\\/\\\/schema.org\",\"@graph\":[{\"@type\":\"WebPage\",\"@id\":\"https:\\\/\\\/medicinasinc.com\\\/es\\\/product\\\/comprar-metoxetamina\\\/\",\"url\":\"https:\\\/\\\/medicinasinc.com\\\/es\\\/product\\\/comprar-metoxetamina\\\/\",\"name\":\"Comprar metoxetamina - Metoxetamina - Best Global Meds\",\"isPartOf\":{\"@id\":\"https:\\\/\\\/medicinasinc.com\\\/es\\\/#website\"},\"primaryImageOfPage\":{\"@id\":\"https:\\\/\\\/medicinasinc.com\\\/es\\\/product\\\/comprar-metoxetamina\\\/#primaryimage\"},\"image\":{\"@id\":\"https:\\\/\\\/medicinasinc.com\\\/es\\\/product\\\/comprar-metoxetamina\\\/#primaryimage\"},\"thumbnailUrl\":\"https:\\\/\\\/medicinasinc.com\\\/es\\\/wp-content\\\/uploads\\\/sites\\\/15\\\/2022\\\/02\\\/Buy-Methoxetamine.webp\",\"datePublished\":\"2022-02-22T04:00:21+00:00\",\"dateModified\":\"2022-03-22T00:15:38+00:00\",\"description\":\"Compre Metoxetamine MXE para la venta en el Reino Unido, Europa, AU. ofrecemos la transacci\u00f3n m\u00e1s confiable y vendemos a precios muy asequibles. Pida metoxetamina MXE ahora al mejor precio\",\"breadcrumb\":{\"@id\":\"https:\\\/\\\/medicinasinc.com\\\/es\\\/product\\\/comprar-metoxetamina\\\/#breadcrumb\"},\"inLanguage\":\"es\",\"potentialAction\":[{\"@type\":\"ReadAction\",\"target\":[\"https:\\\/\\\/medicinasinc.com\\\/es\\\/product\\\/comprar-metoxetamina\\\/\"]}]},{\"@type\":\"ImageObject\",\"inLanguage\":\"es\",\"@id\":\"https:\\\/\\\/medicinasinc.com\\\/es\\\/product\\\/comprar-metoxetamina\\\/#primaryimage\",\"url\":\"https:\\\/\\\/medicinasinc.com\\\/es\\\/wp-content\\\/uploads\\\/sites\\\/15\\\/2022\\\/02\\\/Buy-Methoxetamine.webp\",\"contentUrl\":\"https:\\\/\\\/medicinasinc.com\\\/es\\\/wp-content\\\/uploads\\\/sites\\\/15\\\/2022\\\/02\\\/Buy-Methoxetamine.webp\",\"width\":750,\"height\":461},{\"@type\":\"BreadcrumbList\",\"@id\":\"https:\\\/\\\/medicinasinc.com\\\/es\\\/product\\\/comprar-metoxetamina\\\/#breadcrumb\",\"itemListElement\":[{\"@type\":\"ListItem\",\"position\":1,\"name\":\"Tienda\",\"item\":\"https:\\\/\\\/medicinasinc.com\\\/es\\\/tienda\\\/\"},{\"@type\":\"ListItem\",\"position\":2,\"name\":\"Comprar metoxetamina\"}]},{\"@type\":\"WebSite\",\"@id\":\"https:\\\/\\\/medicinasinc.com\\\/es\\\/#website\",\"url\":\"https:\\\/\\\/medicinasinc.com\\\/es\\\/\",\"name\":\"Medicinas Inc\",\"description\":\"Cl\u00ednica M\u00e9dica de Salud\",\"potentialAction\":[{\"@type\":\"SearchAction\",\"target\":{\"@type\":\"EntryPoint\",\"urlTemplate\":\"https:\\\/\\\/medicinasinc.com\\\/es\\\/?s={search_term_string}\"},\"query-input\":{\"@type\":\"PropertyValueSpecification\",\"valueRequired\":true,\"valueName\":\"search_term_string\"}}],\"inLanguage\":\"es\"}]}<\/script>\n<!-- \/ Yoast SEO plugin. -->","yoast_head_json":{"title":"Comprar metoxetamina - Metoxetamina - Best Global Meds","description":"Compre Metoxetamine MXE para la venta en el Reino Unido, Europa, AU. ofrecemos la transacci\u00f3n m\u00e1s confiable y vendemos a precios muy asequibles. Pida metoxetamina MXE ahora al mejor precio","robots":{"index":"index","follow":"follow","max-snippet":"max-snippet:-1","max-image-preview":"max-image-preview:large","max-video-preview":"max-video-preview:-1"},"canonical":"https:\/\/medicinasinc.com\/es\/product\/comprar-metoxetamina\/","og_locale":"es_ES","og_type":"article","og_title":"Comprar metoxetamina - Metoxetamina - Best Global Meds","og_description":"Compre Metoxetamine MXE para la venta en el Reino Unido, Europa, AU. ofrecemos la transacci\u00f3n m\u00e1s confiable y vendemos a precios muy asequibles. Pida metoxetamina MXE ahora al mejor precio","og_url":"https:\/\/medicinasinc.com\/es\/product\/comprar-metoxetamina\/","og_site_name":"Medicinas Inc","article_modified_time":"2022-03-22T00:15:38+00:00","og_image":[{"width":750,"height":461,"url":"https:\/\/medicinasinc.com\/es\/wp-content\/uploads\/sites\/15\/2022\/02\/Buy-Methoxetamine.webp","type":"image\/webp"}],"twitter_card":"summary_large_image","twitter_misc":{"Tiempo de lectura":"2 minutos"},"schema":{"@context":"https:\/\/schema.org","@graph":[{"@type":"WebPage","@id":"https:\/\/medicinasinc.com\/es\/product\/comprar-metoxetamina\/","url":"https:\/\/medicinasinc.com\/es\/product\/comprar-metoxetamina\/","name":"Comprar metoxetamina - Metoxetamina - Best Global Meds","isPartOf":{"@id":"https:\/\/medicinasinc.com\/es\/#website"},"primaryImageOfPage":{"@id":"https:\/\/medicinasinc.com\/es\/product\/comprar-metoxetamina\/#primaryimage"},"image":{"@id":"https:\/\/medicinasinc.com\/es\/product\/comprar-metoxetamina\/#primaryimage"},"thumbnailUrl":"https:\/\/medicinasinc.com\/es\/wp-content\/uploads\/sites\/15\/2022\/02\/Buy-Methoxetamine.webp","datePublished":"2022-02-22T04:00:21+00:00","dateModified":"2022-03-22T00:15:38+00:00","description":"Compre Metoxetamine MXE para la venta en el Reino Unido, Europa, AU. ofrecemos la transacci\u00f3n m\u00e1s confiable y vendemos a precios muy asequibles. Pida metoxetamina MXE ahora al mejor precio","breadcrumb":{"@id":"https:\/\/medicinasinc.com\/es\/product\/comprar-metoxetamina\/#breadcrumb"},"inLanguage":"es","potentialAction":[{"@type":"ReadAction","target":["https:\/\/medicinasinc.com\/es\/product\/comprar-metoxetamina\/"]}]},{"@type":"ImageObject","inLanguage":"es","@id":"https:\/\/medicinasinc.com\/es\/product\/comprar-metoxetamina\/#primaryimage","url":"https:\/\/medicinasinc.com\/es\/wp-content\/uploads\/sites\/15\/2022\/02\/Buy-Methoxetamine.webp","contentUrl":"https:\/\/medicinasinc.com\/es\/wp-content\/uploads\/sites\/15\/2022\/02\/Buy-Methoxetamine.webp","width":750,"height":461},{"@type":"BreadcrumbList","@id":"https:\/\/medicinasinc.com\/es\/product\/comprar-metoxetamina\/#breadcrumb","itemListElement":[{"@type":"ListItem","position":1,"name":"Tienda","item":"https:\/\/medicinasinc.com\/es\/tienda\/"},{"@type":"ListItem","position":2,"name":"Comprar metoxetamina"}]},{"@type":"WebSite","@id":"https:\/\/medicinasinc.com\/es\/#website","url":"https:\/\/medicinasinc.com\/es\/","name":"Medicinas Inc","description":"Cl\u00ednica M\u00e9dica de Salud","potentialAction":[{"@type":"SearchAction","target":{"@type":"EntryPoint","urlTemplate":"https:\/\/medicinasinc.com\/es\/?s={search_term_string}"},"query-input":{"@type":"PropertyValueSpecification","valueRequired":true,"valueName":"search_term_string"}}],"inLanguage":"es"}]}},"_links":{"self":[{"href":"https:\/\/medicinasinc.com\/es\/wp-json\/wp\/v2\/product\/5677","targetHints":{"allow":["GET"]}}],"collection":[{"href":"https:\/\/medicinasinc.com\/es\/wp-json\/wp\/v2\/product"}],"about":[{"href":"https:\/\/medicinasinc.com\/es\/wp-json\/wp\/v2\/types\/product"}],"replies":[{"embeddable":true,"href":"https:\/\/medicinasinc.com\/es\/wp-json\/wp\/v2\/comments?post=5677"}],"wp:featuredmedia":[{"embeddable":true,"href":"https:\/\/medicinasinc.com\/es\/wp-json\/wp\/v2\/media\/5687"}],"wp:attachment":[{"href":"https:\/\/medicinasinc.com\/es\/wp-json\/wp\/v2\/media?parent=5677"}],"wp:term":[{"taxonomy":"product_brand","embeddable":true,"href":"https:\/\/medicinasinc.com\/es\/wp-json\/wp\/v2\/product_brand?post=5677"},{"taxonomy":"product_cat","embeddable":true,"href":"https:\/\/medicinasinc.com\/es\/wp-json\/wp\/v2\/product_cat?post=5677"},{"taxonomy":"product_tag","embeddable":true,"href":"https:\/\/medicinasinc.com\/es\/wp-json\/wp\/v2\/product_tag?post=5677"}],"curies":[{"name":"wp","href":"https:\/\/api.w.org\/{rel}","templated":true}]}}