{"id":5673,"date":"2022-02-22T03:54:58","date_gmt":"2022-02-22T03:54:58","guid":{"rendered":"https:\/\/medicinasinc.com\/es\/?post_type=product&#038;p=5673"},"modified":"2022-03-22T00:15:51","modified_gmt":"2022-03-22T00:15:51","slug":"comprar-alprox-2mg-pastillas-xanax","status":"publish","type":"product","link":"https:\/\/medicinasinc.com\/es\/product\/comprar-alprox-2mg-pastillas-xanax\/","title":{"rendered":"Comprar pastillas de 2 mg de Alprox (Xanax)"},"content":{"rendered":"<p>Las personas que quieran comprar XANAX de 2 mg barato en l\u00ednea deben buscarlos. \u00a1Ordene XANAX 2 mg de Global Home Med por un precio bajo y rec\u00edbalo directamente en su puerta!<\/p>\n<p>El alprazolam se puede comprar en el Reino Unido, as\u00ed que usted puede hacerlo Una marca de Xanax llamada Alprazolam tiene 2 mg de la droga en ella. Es m\u00e1s potente en el Reino Unido tomar la tableta de 2 mg de este buen medicamento para la ansiedad.<\/p>\n<p>Las personas que quieran comprar Xanax pueden comprarlo en l\u00ednea. Venta de barras de Xanax: compre xanax de 2 mg en l\u00ednea, compre xanax de 1 mg en l\u00ednea:<\/p>\n<p>Xanax puede hacer que se sienta somnoliento y tranquilo, haci\u00e9ndolo sentir relajado y tranquilo.<\/p>\n<p>Compre Xanax de 2 mg en el Reino Unido. Ordene Xanax Overnight de una manera que tenga sentido. Fussy Wilburn detona su oferta de sublimaci\u00f3n Comprar Xanax en l\u00ednea Reddit.<\/p>\n<p>La gente puede comprar Xanax barato sin una nota del m\u00e9dico. Cuando compra Zoloft en l\u00ednea, puede encontrarlo en las mejores farmacias en l\u00ednea. Tambi\u00e9n puede comprar xanax y fentermina baratos en l\u00ednea. En esta imagen, puede ver barras gen\u00e9ricas de Xanax de 2 mg que parecen reales.<\/p>\n<p>Para tratar los trastornos de p\u00e1nico y la ansiedad, compre Xanax de 2 mg. Se usa Alprazolam de 0,5 mg, 1 mg o 2 mg en tableta. Las personas que tienen miedo y est\u00e1n estresadas pueden tener mucho miedo y estar estresadas. Lo mejor es comenzar con una peque\u00f1a cantidad y luego aumentar gradualmente la cantidad. No deje de tomar este medicamento de inmediato, ya que podr\u00eda causar s\u00edntomas de abstinencia como convulsiones, comportamiento agresivo, visi\u00f3n borrosa y m\u00e1s, como cuando deja de tomarlo.<\/p>\n<p>Tome la tableta de 0.5 mg de alprazolam con o sin alimento, pero no coma nada antes de tomarlo. No ingiera m\u00e1s de lo que le indic\u00f3 el m\u00e9dico. Si tiene alg\u00fan efecto secundario malo, consulte a su m\u00e9dico. Aseg\u00farese de hablar con su m\u00e9dico antes de dejar de tomar el medicamento, ya que podr\u00eda sentirse mal.<\/p>\n<p>C\u00f3mo act\u00faa<br \/> Este medicamento se une a los canales de cloruro y permite que fluyan los iones de cloruro. pulg. Esto hace que la membrana de la neurona se vuelva m\u00e1s estable e hiperpolarizada, lo que evita que la c\u00e9lula se excite m\u00e1s.<\/p>\n","protected":false},"excerpt":{"rendered":"<p>Compre pastillas de Alprox xanax de 2 mg a la venta en el Reino Unido, Europa. compre Alprox en l\u00ednea, compre xanax en l\u00ednea, compre en l\u00ednea alprox, compre xanax, Alprox 2 mg, d\u00f3nde puedo comprar alprox en l\u00ednea.<\/p>\n<p>En l\u00ednea, puede comprar pastillas de Alprox 2 mg a la venta a un precio bajo (Xanax). En este caso, puede obtener Alprox en l\u00ednea. Tambi\u00e9n puede obtenerlo en l\u00ednea, comprar Alprox en l\u00ednea, obtener xanax en l\u00ednea y averiguar d\u00f3nde puede obtenerlo.<\/p>\n<p>Puede comprar tabletas de Alprazolam Xanax 2 mg en nuestra tienda global de medicamentos y recibirlas r\u00e1pidamente a cualquier pa\u00eds del mundo! Aqu\u00ed encontrar\u00e1 la mejor tableta de Alprazolam 2 MG que puede comprar.<\/p>\n<p>Comprar Xanax 2 MG Tablet se usa para tratar los trastornos de p\u00e1nico y la ansiedad, como el miedo extremo repentino y el estr\u00e9s causado por el estr\u00e9s. Lo mejor es comenzar con una peque\u00f1a cantidad y luego aumentar gradualmente la cantidad. No deje de tomar este medicamento de inmediato, ya que podr\u00eda causar s\u00edntomas de abstinencia como convulsiones, comportamiento agresivo, visi\u00f3n borrosa y m\u00e1s, si deja de tomarlo demasiado r\u00e1pido.<\/p>\n","protected":false},"featured_media":5683,"comment_status":"open","ping_status":"closed","template":"","meta":[],"product_brand":[],"product_cat":[1117],"product_tag":[3503,3504,3505,3506,1182,1189,1168,1194,3508,3519,1192,3502,3521,1188,3507,3523,1143,3511,3509,3510,3513,3515,3514,3512,3516,3517,3520,3518,3522],"class_list":{"0":"post-5673","1":"product","2":"type-product","3":"status-publish","4":"has-post-thumbnail","6":"product_cat-compre-pastillas-para-el-dolor-el-sueno-y-el-sexo","7":"product_tag-buy-xanax-2-mg","8":"product_tag-buy-xanax-2-mg-uk","9":"product_tag-buy-xanax-2mg","10":"product_tag-buy-xanax-online","11":"product_tag-como-comprar-alprazolam-online","12":"product_tag-compra-alprazolam-online","13":"product_tag-comprar-alprazolam-online","14":"product_tag-donde-comprar-alprazolam-online","15":"product_tag-donde-comprar-xanax-2-mg-es","16":"product_tag-efecto-xanax-2mg","17":"product_tag-el-mejor-lugar-para-comprar-alprazolam-online","18":"product_tag-mejor-tienda-xanax-2-mg-uk","19":"product_tag-xanax-2mg-orden","20":"product_tag-ordenar-alprazolam-online","21":"product_tag-orden-xanax-2-mg-es","22":"product_tag-xanax-bar-en-venta","23":"product_tag-venta-de-alprazolam","24":"product_tag-xanax-2-mg-para-la-venta","25":"product_tag-xanax-2-mg-efecto","26":"product_tag-xanax-2-mg-europa","27":"product_tag-xanax-2-mg-google","28":"product_tag-xanax-2-mg-mujer-embarazada","29":"product_tag-xanax-2-mg-online-uk","30":"product_tag-xanax-2-mg-para-la-venta-es","31":"product_tag-xanax-2-mg-reddit","32":"product_tag-xanax-2-mg-es","33":"product_tag-xanax-2mg-para-la-venta","34":"product_tag-xanax-2mg-comprar","35":"product_tag-xanax-2mg-reddit","37":"first","38":"instock","39":"shipping-taxable","40":"purchasable","41":"product-type-variable","42":"has-default-attributes"},"yoast_head":"<!-- This site is optimized with the Yoast SEO plugin v27.3 - https:\/\/yoast.com\/product\/yoast-seo-wordpress\/ -->\n<title>Compre pastillas de 2 mg de Alprox (Xanax) - Xanax 2 mg - Best Global Meds<\/title>\n<meta name=\"description\" content=\"Comprar pastillas Alprox xanax 2mg a la venta en Reino Unido, Europa. compre Alprox en l\u00ednea, compre xanax en l\u00ednea, compre alprox en l\u00ednea, compre xanax, ordene Alprox 2 mg, \u00bfd\u00f3nde puedo comprar alprox en l\u00ednea?\" \/>\n<meta name=\"robots\" content=\"index, follow, max-snippet:-1, max-image-preview:large, max-video-preview:-1\" \/>\n<link rel=\"canonical\" href=\"https:\/\/medicinasinc.com\/es\/product\/comprar-alprox-2mg-pastillas-xanax\/\" \/>\n<meta property=\"og:locale\" content=\"es_ES\" \/>\n<meta property=\"og:type\" content=\"article\" \/>\n<meta property=\"og:title\" content=\"Compre pastillas de 2 mg de Alprox (Xanax) - Xanax 2 mg - Best Global Meds\" \/>\n<meta property=\"og:description\" content=\"Comprar pastillas Alprox xanax 2mg a la venta en Reino Unido, Europa. compre Alprox en l\u00ednea, compre xanax en l\u00ednea, compre alprox en l\u00ednea, compre xanax, ordene Alprox 2 mg, \u00bfd\u00f3nde puedo comprar alprox en l\u00ednea?\" \/>\n<meta property=\"og:url\" content=\"https:\/\/medicinasinc.com\/es\/product\/comprar-alprox-2mg-pastillas-xanax\/\" \/>\n<meta property=\"og:site_name\" content=\"Medicinas Inc\" \/>\n<meta property=\"article:modified_time\" content=\"2022-03-22T00:15:51+00:00\" \/>\n<meta property=\"og:image\" content=\"https:\/\/medicinasinc.com\/es\/wp-content\/uploads\/sites\/15\/2022\/02\/Buy-xanax-2-mg.jpg\" \/>\n\t<meta property=\"og:image:width\" content=\"400\" \/>\n\t<meta property=\"og:image:height\" content=\"350\" \/>\n\t<meta property=\"og:image:type\" content=\"image\/jpeg\" \/>\n<meta name=\"twitter:card\" content=\"summary_large_image\" \/>\n<meta name=\"twitter:label1\" content=\"Tiempo de lectura\" \/>\n\t<meta name=\"twitter:data1\" content=\"2 minutos\" \/>\n<script type=\"application\/ld+json\" class=\"yoast-schema-graph\">{\"@context\":\"https:\\\/\\\/schema.org\",\"@graph\":[{\"@type\":\"WebPage\",\"@id\":\"https:\\\/\\\/medicinasinc.com\\\/es\\\/product\\\/comprar-alprox-2mg-pastillas-xanax\\\/\",\"url\":\"https:\\\/\\\/medicinasinc.com\\\/es\\\/product\\\/comprar-alprox-2mg-pastillas-xanax\\\/\",\"name\":\"Compre pastillas de 2 mg de Alprox (Xanax) - Xanax 2 mg - Best Global Meds\",\"isPartOf\":{\"@id\":\"https:\\\/\\\/medicinasinc.com\\\/es\\\/#website\"},\"primaryImageOfPage\":{\"@id\":\"https:\\\/\\\/medicinasinc.com\\\/es\\\/product\\\/comprar-alprox-2mg-pastillas-xanax\\\/#primaryimage\"},\"image\":{\"@id\":\"https:\\\/\\\/medicinasinc.com\\\/es\\\/product\\\/comprar-alprox-2mg-pastillas-xanax\\\/#primaryimage\"},\"thumbnailUrl\":\"https:\\\/\\\/medicinasinc.com\\\/es\\\/wp-content\\\/uploads\\\/sites\\\/15\\\/2022\\\/02\\\/Buy-xanax-2-mg.jpg\",\"datePublished\":\"2022-02-22T03:54:58+00:00\",\"dateModified\":\"2022-03-22T00:15:51+00:00\",\"description\":\"Comprar pastillas Alprox xanax 2mg a la venta en Reino Unido, Europa. compre Alprox en l\u00ednea, compre xanax en l\u00ednea, compre alprox en l\u00ednea, compre xanax, ordene Alprox 2 mg, \u00bfd\u00f3nde puedo comprar alprox en l\u00ednea?\",\"breadcrumb\":{\"@id\":\"https:\\\/\\\/medicinasinc.com\\\/es\\\/product\\\/comprar-alprox-2mg-pastillas-xanax\\\/#breadcrumb\"},\"inLanguage\":\"es\",\"potentialAction\":[{\"@type\":\"ReadAction\",\"target\":[\"https:\\\/\\\/medicinasinc.com\\\/es\\\/product\\\/comprar-alprox-2mg-pastillas-xanax\\\/\"]}]},{\"@type\":\"ImageObject\",\"inLanguage\":\"es\",\"@id\":\"https:\\\/\\\/medicinasinc.com\\\/es\\\/product\\\/comprar-alprox-2mg-pastillas-xanax\\\/#primaryimage\",\"url\":\"https:\\\/\\\/medicinasinc.com\\\/es\\\/wp-content\\\/uploads\\\/sites\\\/15\\\/2022\\\/02\\\/Buy-xanax-2-mg.jpg\",\"contentUrl\":\"https:\\\/\\\/medicinasinc.com\\\/es\\\/wp-content\\\/uploads\\\/sites\\\/15\\\/2022\\\/02\\\/Buy-xanax-2-mg.jpg\",\"width\":400,\"height\":350},{\"@type\":\"BreadcrumbList\",\"@id\":\"https:\\\/\\\/medicinasinc.com\\\/es\\\/product\\\/comprar-alprox-2mg-pastillas-xanax\\\/#breadcrumb\",\"itemListElement\":[{\"@type\":\"ListItem\",\"position\":1,\"name\":\"Tienda\",\"item\":\"https:\\\/\\\/medicinasinc.com\\\/es\\\/tienda\\\/\"},{\"@type\":\"ListItem\",\"position\":2,\"name\":\"Comprar pastillas de 2 mg de Alprox (Xanax)\"}]},{\"@type\":\"WebSite\",\"@id\":\"https:\\\/\\\/medicinasinc.com\\\/es\\\/#website\",\"url\":\"https:\\\/\\\/medicinasinc.com\\\/es\\\/\",\"name\":\"Medicinas Inc\",\"description\":\"Cl\u00ednica M\u00e9dica de Salud\",\"potentialAction\":[{\"@type\":\"SearchAction\",\"target\":{\"@type\":\"EntryPoint\",\"urlTemplate\":\"https:\\\/\\\/medicinasinc.com\\\/es\\\/?s={search_term_string}\"},\"query-input\":{\"@type\":\"PropertyValueSpecification\",\"valueRequired\":true,\"valueName\":\"search_term_string\"}}],\"inLanguage\":\"es\"}]}<\/script>\n<!-- \/ Yoast SEO plugin. -->","yoast_head_json":{"title":"Compre pastillas de 2 mg de Alprox (Xanax) - Xanax 2 mg - Best Global Meds","description":"Comprar pastillas Alprox xanax 2mg a la venta en Reino Unido, Europa. compre Alprox en l\u00ednea, compre xanax en l\u00ednea, compre alprox en l\u00ednea, compre xanax, ordene Alprox 2 mg, \u00bfd\u00f3nde puedo comprar alprox en l\u00ednea?","robots":{"index":"index","follow":"follow","max-snippet":"max-snippet:-1","max-image-preview":"max-image-preview:large","max-video-preview":"max-video-preview:-1"},"canonical":"https:\/\/medicinasinc.com\/es\/product\/comprar-alprox-2mg-pastillas-xanax\/","og_locale":"es_ES","og_type":"article","og_title":"Compre pastillas de 2 mg de Alprox (Xanax) - Xanax 2 mg - Best Global Meds","og_description":"Comprar pastillas Alprox xanax 2mg a la venta en Reino Unido, Europa. compre Alprox en l\u00ednea, compre xanax en l\u00ednea, compre alprox en l\u00ednea, compre xanax, ordene Alprox 2 mg, \u00bfd\u00f3nde puedo comprar alprox en l\u00ednea?","og_url":"https:\/\/medicinasinc.com\/es\/product\/comprar-alprox-2mg-pastillas-xanax\/","og_site_name":"Medicinas Inc","article_modified_time":"2022-03-22T00:15:51+00:00","og_image":[{"width":400,"height":350,"url":"https:\/\/medicinasinc.com\/es\/wp-content\/uploads\/sites\/15\/2022\/02\/Buy-xanax-2-mg.jpg","type":"image\/jpeg"}],"twitter_card":"summary_large_image","twitter_misc":{"Tiempo de lectura":"2 minutos"},"schema":{"@context":"https:\/\/schema.org","@graph":[{"@type":"WebPage","@id":"https:\/\/medicinasinc.com\/es\/product\/comprar-alprox-2mg-pastillas-xanax\/","url":"https:\/\/medicinasinc.com\/es\/product\/comprar-alprox-2mg-pastillas-xanax\/","name":"Compre pastillas de 2 mg de Alprox (Xanax) - Xanax 2 mg - Best Global Meds","isPartOf":{"@id":"https:\/\/medicinasinc.com\/es\/#website"},"primaryImageOfPage":{"@id":"https:\/\/medicinasinc.com\/es\/product\/comprar-alprox-2mg-pastillas-xanax\/#primaryimage"},"image":{"@id":"https:\/\/medicinasinc.com\/es\/product\/comprar-alprox-2mg-pastillas-xanax\/#primaryimage"},"thumbnailUrl":"https:\/\/medicinasinc.com\/es\/wp-content\/uploads\/sites\/15\/2022\/02\/Buy-xanax-2-mg.jpg","datePublished":"2022-02-22T03:54:58+00:00","dateModified":"2022-03-22T00:15:51+00:00","description":"Comprar pastillas Alprox xanax 2mg a la venta en Reino Unido, Europa. compre Alprox en l\u00ednea, compre xanax en l\u00ednea, compre alprox en l\u00ednea, compre xanax, ordene Alprox 2 mg, \u00bfd\u00f3nde puedo comprar alprox en l\u00ednea?","breadcrumb":{"@id":"https:\/\/medicinasinc.com\/es\/product\/comprar-alprox-2mg-pastillas-xanax\/#breadcrumb"},"inLanguage":"es","potentialAction":[{"@type":"ReadAction","target":["https:\/\/medicinasinc.com\/es\/product\/comprar-alprox-2mg-pastillas-xanax\/"]}]},{"@type":"ImageObject","inLanguage":"es","@id":"https:\/\/medicinasinc.com\/es\/product\/comprar-alprox-2mg-pastillas-xanax\/#primaryimage","url":"https:\/\/medicinasinc.com\/es\/wp-content\/uploads\/sites\/15\/2022\/02\/Buy-xanax-2-mg.jpg","contentUrl":"https:\/\/medicinasinc.com\/es\/wp-content\/uploads\/sites\/15\/2022\/02\/Buy-xanax-2-mg.jpg","width":400,"height":350},{"@type":"BreadcrumbList","@id":"https:\/\/medicinasinc.com\/es\/product\/comprar-alprox-2mg-pastillas-xanax\/#breadcrumb","itemListElement":[{"@type":"ListItem","position":1,"name":"Tienda","item":"https:\/\/medicinasinc.com\/es\/tienda\/"},{"@type":"ListItem","position":2,"name":"Comprar pastillas de 2 mg de Alprox (Xanax)"}]},{"@type":"WebSite","@id":"https:\/\/medicinasinc.com\/es\/#website","url":"https:\/\/medicinasinc.com\/es\/","name":"Medicinas Inc","description":"Cl\u00ednica M\u00e9dica de Salud","potentialAction":[{"@type":"SearchAction","target":{"@type":"EntryPoint","urlTemplate":"https:\/\/medicinasinc.com\/es\/?s={search_term_string}"},"query-input":{"@type":"PropertyValueSpecification","valueRequired":true,"valueName":"search_term_string"}}],"inLanguage":"es"}]}},"_links":{"self":[{"href":"https:\/\/medicinasinc.com\/es\/wp-json\/wp\/v2\/product\/5673","targetHints":{"allow":["GET"]}}],"collection":[{"href":"https:\/\/medicinasinc.com\/es\/wp-json\/wp\/v2\/product"}],"about":[{"href":"https:\/\/medicinasinc.com\/es\/wp-json\/wp\/v2\/types\/product"}],"replies":[{"embeddable":true,"href":"https:\/\/medicinasinc.com\/es\/wp-json\/wp\/v2\/comments?post=5673"}],"wp:featuredmedia":[{"embeddable":true,"href":"https:\/\/medicinasinc.com\/es\/wp-json\/wp\/v2\/media\/5683"}],"wp:attachment":[{"href":"https:\/\/medicinasinc.com\/es\/wp-json\/wp\/v2\/media?parent=5673"}],"wp:term":[{"taxonomy":"product_brand","embeddable":true,"href":"https:\/\/medicinasinc.com\/es\/wp-json\/wp\/v2\/product_brand?post=5673"},{"taxonomy":"product_cat","embeddable":true,"href":"https:\/\/medicinasinc.com\/es\/wp-json\/wp\/v2\/product_cat?post=5673"},{"taxonomy":"product_tag","embeddable":true,"href":"https:\/\/medicinasinc.com\/es\/wp-json\/wp\/v2\/product_tag?post=5673"}],"curies":[{"name":"wp","href":"https:\/\/api.w.org\/{rel}","templated":true}]}}