{"id":5667,"date":"2022-02-22T03:49:11","date_gmt":"2022-02-22T03:49:11","guid":{"rendered":"https:\/\/medicinasinc.com\/es\/?post_type=product&#038;p=5667"},"modified":"2022-03-22T00:16:05","modified_gmt":"2022-03-22T00:16:05","slug":"comprar-roca-en-sal-de-bano","status":"publish","type":"product","link":"https:\/\/medicinasinc.com\/es\/product\/comprar-roca-en-sal-de-bano\/","title":{"rendered":"Comprar sal de ba\u00f1o Rock On"},"content":{"rendered":"<p><strong>En este caso, puede comprar Rock On Bath Salt en la web.<\/strong><\/p>\n<p>Compre Rock On Bath Salt a la venta en el Reino Unido, Europa y Australia por un buen precio. Las personas que nos compran pueden estar seguras de que obtendr\u00e1n lo que pagaron. Esta Sal de Ba\u00f1o Rock On est\u00e1 ahora a los mejores precios.<\/p>\n","protected":false},"excerpt":{"rendered":"<div class=\"woocommerce-product-details__short-description\">\n<p><strong>El precio del producto es por 10 gramos<\/strong><\/p>\n<p>Comprar Rock On Bath Salt a la venta en Reino Unido, Europa, AU. ofrecemos la transacci\u00f3n m\u00e1s confiable y vendemos a precios muy asequibles. Rock On Bath Salt ahora al mejor precio<\/p>\n<\/p><\/div>\n","protected":false},"featured_media":5676,"comment_status":"open","ping_status":"closed","template":"","meta":[],"product_brand":[],"product_cat":[2014],"product_tag":[3497,3498,3499,3468,3496,3469,3095,3436,3437,3438,3440,3479,3443,3097,3444,3445,3450,3451,3452,3454,3455,3457,3458,3501,3470,3471,3456,3446,3449,3448,3447,3466,3467,3453,3473,3475,3494,3478,3441,3482,3476,3483,3484,3486,3487,3485,3488,3474,3472,3489,3495,3433,3434,3481,3477,3083,3442,3435,3480,3165,3439],"class_list":{"0":"post-5667","1":"product","2":"type-product","3":"status-publish","4":"has-post-thumbnail","6":"product_cat-comprar-investigacion-quimicos","7":"product_tag-donde-puedo-comprar-sales-de-bano-online","8":"product_tag-donde-puedo-conseguir-sales-de-bano","9":"product_tag-donde-puedo-pedir-sales-de-bano-mdpv-online","10":"product_tag-se-puede-comprar-sales-de-bano-en-las-tiendas","11":"product_tag-que-hacen-las-sales-de-bano","12":"product_tag-puedes-todava-comprar-sales-de-bao","13":"product_tag-bath-salts-for-sale","14":"product_tag-bath-salts-for-sale-online","15":"product_tag-bath-salts-for-sale-online-with-credit-card","16":"product_tag-bath-salts-online-store","17":"product_tag-bathsalts","18":"product_tag-buscando-comprar-sal-de-bano-en-linea","19":"product_tag-buy-amped-novelty-powder-500mg","20":"product_tag-buy-bath-salts","21":"product_tag-buy-bath-salts-cod","22":"product_tag-buy-bath-salts-drug-online","23":"product_tag-buy-bath-salts-online-with-credit-cards","24":"product_tag-buy-bath-salts-with-paypal-online","25":"product_tag-buy-cheap-bath-salts-order-bath-salts-drug-online","26":"product_tag-buy-ivory-wave-bath-salt-1000mg","27":"product_tag-buy-ivory-wave-for-sale-online","28":"product_tag-buy-mephedrone-bath-salts-online-with-credit-card","29":"product_tag-buy-pump-it-bath-salt-1000mg","30":"product_tag-buy-rock-on-bath-salt-online","31":"product_tag-cheap-bath-salts","32":"product_tag-cloud-9-bath-salt","33":"product_tag-comprar-k2-sales-de-bano-online","34":"product_tag-comprar-sales-de-bano-online","35":"product_tag-comprar-sales-de-bano-online-con-tarjeta-de-credito","36":"product_tag-comprar-sales-de-bano-online-donde-puedo-comprar-sales-de-bano-online","37":"product_tag-comprar-sales-de-bano-online-legales","38":"product_tag-comprar-sales-de-bano-sextacy-online","39":"product_tag-comprar-sales-de-bano-sinteticas-online","40":"product_tag-comprar-eight-ballz-sales-de-bano-online","41":"product_tag-discretos-sales-de-bano-distribuidores-online","42":"product_tag-encontrar-legit-bath-sales-proveedores-online","43":"product_tag-tienda-online-mas-segura-para-comprar-sales-de-bano","44":"product_tag-legit-bath-salts-suppliers-online","45":"product_tag-mejores-sales-de-bano","46":"product_tag-mephedrone","47":"product_tag-ola-de-marfil","48":"product_tag-ordenar-sales-de-bao-drogas-online","49":"product_tag-ordenar-sales-de-bano-online","50":"product_tag-pedir-sales-de-bano-online-bacalao","51":"product_tag-ordenar-sales-de-bano-online-con-tarjeta-de-credito","52":"product_tag-ordenar-sales-de-bano-online-sales-de-bano-al-por-mayor","53":"product_tag-purchase-bath-salts-online","54":"product_tag-ocho-ballz-sal-de-bano-a-la-venta-online","55":"product_tag-sales-de-bano-concentradas","56":"product_tag-sales-de-bano-de-calidad-medicamentos-para-la-venta-en-linea","57":"product_tag-sales-de-bano-de-cielo-de-vainilla-a-la-venta","58":"product_tag-sales-de-bao-droga","59":"product_tag-sales-de-bao-drogas-en-venta-online","60":"product_tag-mefedrona-sales-de-bano-donde-comprar","61":"product_tag-sales-de-bano-legales-en-venta-online","62":"product_tag-sales-de-bano-marfil-onda","63":"product_tag-sales-de-bano-online-de-la-mejor-calidad","64":"product_tag-sales-de-bano-drogas-venta-online","65":"product_tag-sales-de-bano-de-mefedrona-a-la-venta","66":"product_tag-mdpv-sales-de-bano-en-venta","67":"product_tag-sales-de-bano-venta-online","69":"first","70":"instock","71":"shipping-taxable","72":"purchasable","73":"product-type-variable"},"yoast_head":"<!-- This site is optimized with the Yoast SEO plugin v27.3 - https:\/\/yoast.com\/product\/yoast-seo-wordpress\/ -->\n<title>Comprar sal de ba\u00f1o Rock On en l\u00ednea - Sal de ba\u00f1o Rock On - Best Global Meds<\/title>\n<meta name=\"description\" content=\"Compre Rock On Bath Salt para la venta en Reino Unido, Europa, AU. ofrecemos la transacci\u00f3n m\u00e1s confiable y vendemos a precios muy asequibles. Sal de ba\u00f1o Rock On ahora al mejor precio\" \/>\n<meta name=\"robots\" content=\"index, follow, max-snippet:-1, max-image-preview:large, max-video-preview:-1\" \/>\n<link rel=\"canonical\" href=\"https:\/\/medicinasinc.com\/es\/product\/comprar-roca-en-sal-de-bano\/\" \/>\n<meta property=\"og:locale\" content=\"es_ES\" \/>\n<meta property=\"og:type\" content=\"article\" \/>\n<meta property=\"og:title\" content=\"Comprar sal de ba\u00f1o Rock On en l\u00ednea - Sal de ba\u00f1o Rock On - Best Global Meds\" \/>\n<meta property=\"og:description\" content=\"Compre Rock On Bath Salt para la venta en Reino Unido, Europa, AU. ofrecemos la transacci\u00f3n m\u00e1s confiable y vendemos a precios muy asequibles. Sal de ba\u00f1o Rock On ahora al mejor precio\" \/>\n<meta property=\"og:url\" content=\"https:\/\/medicinasinc.com\/es\/product\/comprar-roca-en-sal-de-bano\/\" \/>\n<meta property=\"og:site_name\" content=\"Medicinas Inc\" \/>\n<meta property=\"article:modified_time\" content=\"2022-03-22T00:16:05+00:00\" \/>\n<meta property=\"og:image\" content=\"https:\/\/medicinasinc.com\/es\/wp-content\/uploads\/sites\/15\/2022\/02\/Buy-Rock-On-Bath-Salt.jpeg\" \/>\n\t<meta property=\"og:image:width\" content=\"640\" \/>\n\t<meta property=\"og:image:height\" content=\"428\" \/>\n\t<meta property=\"og:image:type\" content=\"image\/jpeg\" \/>\n<meta name=\"twitter:card\" content=\"summary_large_image\" \/>\n<meta name=\"twitter:label1\" content=\"Tiempo de lectura\" \/>\n\t<meta name=\"twitter:data1\" content=\"1 minuto\" \/>\n<script type=\"application\/ld+json\" class=\"yoast-schema-graph\">{\"@context\":\"https:\\\/\\\/schema.org\",\"@graph\":[{\"@type\":\"WebPage\",\"@id\":\"https:\\\/\\\/medicinasinc.com\\\/es\\\/product\\\/comprar-roca-en-sal-de-bano\\\/\",\"url\":\"https:\\\/\\\/medicinasinc.com\\\/es\\\/product\\\/comprar-roca-en-sal-de-bano\\\/\",\"name\":\"Comprar sal de ba\u00f1o Rock On en l\u00ednea - Sal de ba\u00f1o Rock On - Best Global Meds\",\"isPartOf\":{\"@id\":\"https:\\\/\\\/medicinasinc.com\\\/es\\\/#website\"},\"primaryImageOfPage\":{\"@id\":\"https:\\\/\\\/medicinasinc.com\\\/es\\\/product\\\/comprar-roca-en-sal-de-bano\\\/#primaryimage\"},\"image\":{\"@id\":\"https:\\\/\\\/medicinasinc.com\\\/es\\\/product\\\/comprar-roca-en-sal-de-bano\\\/#primaryimage\"},\"thumbnailUrl\":\"https:\\\/\\\/medicinasinc.com\\\/es\\\/wp-content\\\/uploads\\\/sites\\\/15\\\/2022\\\/02\\\/Buy-Rock-On-Bath-Salt.jpeg\",\"datePublished\":\"2022-02-22T03:49:11+00:00\",\"dateModified\":\"2022-03-22T00:16:05+00:00\",\"description\":\"Compre Rock On Bath Salt para la venta en Reino Unido, Europa, AU. ofrecemos la transacci\u00f3n m\u00e1s confiable y vendemos a precios muy asequibles. Sal de ba\u00f1o Rock On ahora al mejor precio\",\"breadcrumb\":{\"@id\":\"https:\\\/\\\/medicinasinc.com\\\/es\\\/product\\\/comprar-roca-en-sal-de-bano\\\/#breadcrumb\"},\"inLanguage\":\"es\",\"potentialAction\":[{\"@type\":\"ReadAction\",\"target\":[\"https:\\\/\\\/medicinasinc.com\\\/es\\\/product\\\/comprar-roca-en-sal-de-bano\\\/\"]}]},{\"@type\":\"ImageObject\",\"inLanguage\":\"es\",\"@id\":\"https:\\\/\\\/medicinasinc.com\\\/es\\\/product\\\/comprar-roca-en-sal-de-bano\\\/#primaryimage\",\"url\":\"https:\\\/\\\/medicinasinc.com\\\/es\\\/wp-content\\\/uploads\\\/sites\\\/15\\\/2022\\\/02\\\/Buy-Rock-On-Bath-Salt.jpeg\",\"contentUrl\":\"https:\\\/\\\/medicinasinc.com\\\/es\\\/wp-content\\\/uploads\\\/sites\\\/15\\\/2022\\\/02\\\/Buy-Rock-On-Bath-Salt.jpeg\",\"width\":640,\"height\":428},{\"@type\":\"BreadcrumbList\",\"@id\":\"https:\\\/\\\/medicinasinc.com\\\/es\\\/product\\\/comprar-roca-en-sal-de-bano\\\/#breadcrumb\",\"itemListElement\":[{\"@type\":\"ListItem\",\"position\":1,\"name\":\"Tienda\",\"item\":\"https:\\\/\\\/medicinasinc.com\\\/es\\\/tienda\\\/\"},{\"@type\":\"ListItem\",\"position\":2,\"name\":\"Comprar sal de ba\u00f1o Rock On\"}]},{\"@type\":\"WebSite\",\"@id\":\"https:\\\/\\\/medicinasinc.com\\\/es\\\/#website\",\"url\":\"https:\\\/\\\/medicinasinc.com\\\/es\\\/\",\"name\":\"Medicinas Inc\",\"description\":\"Cl\u00ednica M\u00e9dica de Salud\",\"potentialAction\":[{\"@type\":\"SearchAction\",\"target\":{\"@type\":\"EntryPoint\",\"urlTemplate\":\"https:\\\/\\\/medicinasinc.com\\\/es\\\/?s={search_term_string}\"},\"query-input\":{\"@type\":\"PropertyValueSpecification\",\"valueRequired\":true,\"valueName\":\"search_term_string\"}}],\"inLanguage\":\"es\"}]}<\/script>\n<!-- \/ Yoast SEO plugin. -->","yoast_head_json":{"title":"Comprar sal de ba\u00f1o Rock On en l\u00ednea - Sal de ba\u00f1o Rock On - Best Global Meds","description":"Compre Rock On Bath Salt para la venta en Reino Unido, Europa, AU. ofrecemos la transacci\u00f3n m\u00e1s confiable y vendemos a precios muy asequibles. Sal de ba\u00f1o Rock On ahora al mejor precio","robots":{"index":"index","follow":"follow","max-snippet":"max-snippet:-1","max-image-preview":"max-image-preview:large","max-video-preview":"max-video-preview:-1"},"canonical":"https:\/\/medicinasinc.com\/es\/product\/comprar-roca-en-sal-de-bano\/","og_locale":"es_ES","og_type":"article","og_title":"Comprar sal de ba\u00f1o Rock On en l\u00ednea - Sal de ba\u00f1o Rock On - Best Global Meds","og_description":"Compre Rock On Bath Salt para la venta en Reino Unido, Europa, AU. ofrecemos la transacci\u00f3n m\u00e1s confiable y vendemos a precios muy asequibles. Sal de ba\u00f1o Rock On ahora al mejor precio","og_url":"https:\/\/medicinasinc.com\/es\/product\/comprar-roca-en-sal-de-bano\/","og_site_name":"Medicinas Inc","article_modified_time":"2022-03-22T00:16:05+00:00","og_image":[{"width":640,"height":428,"url":"https:\/\/medicinasinc.com\/es\/wp-content\/uploads\/sites\/15\/2022\/02\/Buy-Rock-On-Bath-Salt.jpeg","type":"image\/jpeg"}],"twitter_card":"summary_large_image","twitter_misc":{"Tiempo de lectura":"1 minuto"},"schema":{"@context":"https:\/\/schema.org","@graph":[{"@type":"WebPage","@id":"https:\/\/medicinasinc.com\/es\/product\/comprar-roca-en-sal-de-bano\/","url":"https:\/\/medicinasinc.com\/es\/product\/comprar-roca-en-sal-de-bano\/","name":"Comprar sal de ba\u00f1o Rock On en l\u00ednea - Sal de ba\u00f1o Rock On - Best Global Meds","isPartOf":{"@id":"https:\/\/medicinasinc.com\/es\/#website"},"primaryImageOfPage":{"@id":"https:\/\/medicinasinc.com\/es\/product\/comprar-roca-en-sal-de-bano\/#primaryimage"},"image":{"@id":"https:\/\/medicinasinc.com\/es\/product\/comprar-roca-en-sal-de-bano\/#primaryimage"},"thumbnailUrl":"https:\/\/medicinasinc.com\/es\/wp-content\/uploads\/sites\/15\/2022\/02\/Buy-Rock-On-Bath-Salt.jpeg","datePublished":"2022-02-22T03:49:11+00:00","dateModified":"2022-03-22T00:16:05+00:00","description":"Compre Rock On Bath Salt para la venta en Reino Unido, Europa, AU. ofrecemos la transacci\u00f3n m\u00e1s confiable y vendemos a precios muy asequibles. Sal de ba\u00f1o Rock On ahora al mejor precio","breadcrumb":{"@id":"https:\/\/medicinasinc.com\/es\/product\/comprar-roca-en-sal-de-bano\/#breadcrumb"},"inLanguage":"es","potentialAction":[{"@type":"ReadAction","target":["https:\/\/medicinasinc.com\/es\/product\/comprar-roca-en-sal-de-bano\/"]}]},{"@type":"ImageObject","inLanguage":"es","@id":"https:\/\/medicinasinc.com\/es\/product\/comprar-roca-en-sal-de-bano\/#primaryimage","url":"https:\/\/medicinasinc.com\/es\/wp-content\/uploads\/sites\/15\/2022\/02\/Buy-Rock-On-Bath-Salt.jpeg","contentUrl":"https:\/\/medicinasinc.com\/es\/wp-content\/uploads\/sites\/15\/2022\/02\/Buy-Rock-On-Bath-Salt.jpeg","width":640,"height":428},{"@type":"BreadcrumbList","@id":"https:\/\/medicinasinc.com\/es\/product\/comprar-roca-en-sal-de-bano\/#breadcrumb","itemListElement":[{"@type":"ListItem","position":1,"name":"Tienda","item":"https:\/\/medicinasinc.com\/es\/tienda\/"},{"@type":"ListItem","position":2,"name":"Comprar sal de ba\u00f1o Rock On"}]},{"@type":"WebSite","@id":"https:\/\/medicinasinc.com\/es\/#website","url":"https:\/\/medicinasinc.com\/es\/","name":"Medicinas Inc","description":"Cl\u00ednica M\u00e9dica de Salud","potentialAction":[{"@type":"SearchAction","target":{"@type":"EntryPoint","urlTemplate":"https:\/\/medicinasinc.com\/es\/?s={search_term_string}"},"query-input":{"@type":"PropertyValueSpecification","valueRequired":true,"valueName":"search_term_string"}}],"inLanguage":"es"}]}},"_links":{"self":[{"href":"https:\/\/medicinasinc.com\/es\/wp-json\/wp\/v2\/product\/5667","targetHints":{"allow":["GET"]}}],"collection":[{"href":"https:\/\/medicinasinc.com\/es\/wp-json\/wp\/v2\/product"}],"about":[{"href":"https:\/\/medicinasinc.com\/es\/wp-json\/wp\/v2\/types\/product"}],"replies":[{"embeddable":true,"href":"https:\/\/medicinasinc.com\/es\/wp-json\/wp\/v2\/comments?post=5667"}],"wp:featuredmedia":[{"embeddable":true,"href":"https:\/\/medicinasinc.com\/es\/wp-json\/wp\/v2\/media\/5676"}],"wp:attachment":[{"href":"https:\/\/medicinasinc.com\/es\/wp-json\/wp\/v2\/media?parent=5667"}],"wp:term":[{"taxonomy":"product_brand","embeddable":true,"href":"https:\/\/medicinasinc.com\/es\/wp-json\/wp\/v2\/product_brand?post=5667"},{"taxonomy":"product_cat","embeddable":true,"href":"https:\/\/medicinasinc.com\/es\/wp-json\/wp\/v2\/product_cat?post=5667"},{"taxonomy":"product_tag","embeddable":true,"href":"https:\/\/medicinasinc.com\/es\/wp-json\/wp\/v2\/product_tag?post=5667"}],"curies":[{"name":"wp","href":"https:\/\/api.w.org\/{rel}","templated":true}]}}