{"id":5651,"date":"2022-02-22T03:22:57","date_gmt":"2022-02-22T03:22:57","guid":{"rendered":"https:\/\/medicinasinc.com\/es\/?post_type=product&#038;p=5651"},"modified":"2022-03-22T00:40:17","modified_gmt":"2022-03-22T00:40:17","slug":"comprar-oxicodona-en-polvo","status":"publish","type":"product","link":"https:\/\/medicinasinc.com\/es\/product\/comprar-oxicodona-en-polvo\/","title":{"rendered":"comprar oxicodona en polvo"},"content":{"rendered":"<p>Puede comprar polvo de oxicodona de alta calidad en un sitio web como este:<br \/> El polvo de oxicodona a la venta puede ayudarlo a terminar con su dolor y mejorar.<\/p>\n<p>La oxicodona pertenece a un grupo de medicamentos llamados analg\u00e9sicos narc\u00f3ticos. Se usa para tratar el dolor cr\u00f3nico que es muy intenso cuando otros tratamientos no funcionan lo suficientemente bien. Las formas de prescripci\u00f3n de este medicamento est\u00e1n destinadas a ayudar a las personas que tienen artritis, c\u00e1ncer u otros problemas f\u00edsicos durante todo el d\u00eda. La forma en que funciona es similar a c\u00f3mo funcionan otros opi\u00e1ceos. Se une a los receptores en el cerebro y cambia la forma en que el cerebro responde al dolor.<\/p>\n<p>El polvo de oxicodona a la venta es un poderoso ingrediente en una variedad de analg\u00e9sicos que vienen en diferentes formas y tama\u00f1os. Se suele dar con ibuprofeno y aspirina, pero tambi\u00e9n se puede dar solo.<\/p>\n<p>El polvo de oxicodona se puede comprar online en la tienda m\u00e1s conocida de Estados Unidos.<\/p>\n<p>Bestgoalmeds. com\u00a0Shop es una empresa impulsada por el valor que vende los mejores medicamentos desde hace m\u00e1s de 15 a\u00f1os. En nuestra tienda, puede comprar oxicodona en polvo cuya calidad se ha verificado en un laboratorio autorizado. Desde EE. UU. hasta Asia, servimos a clientes de todo el mundo. Es f\u00e1cil comprar nuestros productos porque son legales y no tienes que preocuparte por nada. Cuando se trata de nosotros, mantenemos todo en privado porque valoramos su privacidad. \u00a1P\u00f3ngase en contacto con nosotros si tiene alguna pregunta o inquietud!<\/p>\n","protected":false},"excerpt":{"rendered":"<div class=\"woocommerce-product-details__short-description\">\n<p>Compre polvo de oxicodona en el Reino Unido y Europa en Bestglobalmeds.com, donde puede obtenerlo r\u00e1pidamente de todo el mundo. Aqu\u00ed es donde puede comprar el mejor polvo de oxicodona que pueda encontrar.<\/p>\n<p>Puede comprar polvo de oxicodona de alta calidad en l\u00ednea para el dolor moderado a severo cuando necesita estar sin dolor todo el d\u00eda y la noche durante mucho tiempo. tiempo.<\/p>\n<p>Puedes comprar Oxicodona en polvo en internet al mejor precio. USpharma Shop es una conocida farmacia en l\u00ednea que vende medicamentos legales. Ordene en l\u00ednea y ahorre tiempo y dinero.<\/p>\n<p>Oxicodona (a granel) es 100% en polvo. Oxicodona es el nombre gen\u00e9rico (a granel). Ver el cup\u00f3n gratis. En esta secci\u00f3n, aprender\u00e1 c\u00f3mo usarlo, qu\u00e9 hace, qu\u00e9 puede hacer y c\u00f3mo evitarlo.<\/p>\n<p>Uno de los muchos alcaloides de la amapola persa se llama teba\u00edna, y el polvo de oxicodona es hecho de este alcaloide. El polvo de oxicodona es un polvo cristalino, blanco e inodoro que est\u00e1 hecho de este alcaloide. El clorhidrato de oxicodona se disuelve en agua (1 g en 6 a 7 ml) y es un poco soluble en alcohol, pero no mucho (el coeficiente de partici\u00f3n octanol-agua es 0,7).<\/p>\n<p>El clorhidrato de oxicodona se compone de 4 , clorhidrato de 5a-epoxi-14-hidroxi-3-metoxi-17-metilmorfinan-6-ona, que es el nombre qu\u00edmico.<\/p>\n<p>Un analg\u00e9sico opioide semisint\u00e9tico llamado oxicodona en polvo se usa para tratar dolor severo. El polvo de oxicodona generalmente se usa para tratar el dolor moderado a intenso. Cuando se fabric\u00f3 oxicodona en Alemania en 1917, era parte de un grupo de opioides semisint\u00e9ticos que se fabricaron para mejorar los opioides existentes.<\/p>\n<\/p><\/div>\n","protected":false},"featured_media":5660,"comment_status":"open","ping_status":"closed","template":"","meta":[],"product_brand":[],"product_cat":[2014],"product_tag":[3416,3431,3415,3428,3417,3418,3419,3424,3425,3426,3427,3422,3423,3420,3421,3429,3430],"class_list":{"0":"post-5651","1":"product","2":"type-product","3":"status-publish","4":"has-post-thumbnail","6":"product_cat-comprar-investigacion-quimicos","7":"product_tag-buy-oxycodone-powder","8":"product_tag-donde-comprar-oxicodona-en-polvo","9":"product_tag-mejor-lugar-para-comprar-oxicodona-en-polvo","10":"product_tag-pedido-de-oxicodona-en-polvo-es","11":"product_tag-ordenar-oxicodona-en-polvo","12":"product_tag-oxycodone-powder-buy","13":"product_tag-oxycodone-powder-effect","14":"product_tag-oxycodone-powder-mail","15":"product_tag-oxycodone-powder-mail-order","16":"product_tag-oxycodone-powder-online","17":"product_tag-oxycodone-powder-order","18":"product_tag-oxicodona-en-polvo-para-la-venta-es","19":"product_tag-oxicodona-polvo-alemania","20":"product_tag-oxicodona-polvo-europa","21":"product_tag-oxicodona-en-polvo-para-la-venta","22":"product_tag-polvo-de-oxicodona-reddit","23":"product_tag-oxicodona-en-polvo-venta","25":"first","26":"instock","27":"shipping-taxable","28":"purchasable","29":"product-type-variable","30":"has-default-attributes"},"yoast_head":"<!-- This site is optimized with the Yoast SEO plugin v27.3 - https:\/\/yoast.com\/product\/yoast-seo-wordpress\/ -->\n<title>Comprar polvo de oxicodona - polvo de oxicodona - Best Global Meds<\/title>\n<meta name=\"description\" content=\"\u00a1Compre polvo de oxicodona en el Reino Unido, Europa en nuestra tienda en l\u00ednea Bestglobalmeds.com con entrega r\u00e1pida en todo el mundo! \u00a1El mejor polvo de oxicodona para ordenar lo encontrar\u00e1s aqu\u00ed!\" \/>\n<meta name=\"robots\" content=\"index, follow, max-snippet:-1, max-image-preview:large, max-video-preview:-1\" \/>\n<link rel=\"canonical\" href=\"https:\/\/medicinasinc.com\/es\/product\/comprar-oxicodona-en-polvo\/\" \/>\n<meta property=\"og:locale\" content=\"es_ES\" \/>\n<meta property=\"og:type\" content=\"article\" \/>\n<meta property=\"og:title\" content=\"Comprar polvo de oxicodona - polvo de oxicodona - Best Global Meds\" \/>\n<meta property=\"og:description\" content=\"\u00a1Compre polvo de oxicodona en el Reino Unido, Europa en nuestra tienda en l\u00ednea Bestglobalmeds.com con entrega r\u00e1pida en todo el mundo! \u00a1El mejor polvo de oxicodona para ordenar lo encontrar\u00e1s aqu\u00ed!\" \/>\n<meta property=\"og:url\" content=\"https:\/\/medicinasinc.com\/es\/product\/comprar-oxicodona-en-polvo\/\" \/>\n<meta property=\"og:site_name\" content=\"Medicinas Inc\" \/>\n<meta property=\"article:modified_time\" content=\"2022-03-22T00:40:17+00:00\" \/>\n<meta property=\"og:image\" content=\"https:\/\/medicinasinc.com\/es\/wp-content\/uploads\/sites\/15\/2022\/02\/Buy-oxycodone-powder.jpeg\" \/>\n\t<meta property=\"og:image:width\" content=\"510\" \/>\n\t<meta property=\"og:image:height\" content=\"389\" \/>\n\t<meta property=\"og:image:type\" content=\"image\/jpeg\" \/>\n<meta name=\"twitter:card\" content=\"summary_large_image\" \/>\n<meta name=\"twitter:label1\" content=\"Tiempo de lectura\" \/>\n\t<meta name=\"twitter:data1\" content=\"2 minutos\" \/>\n<script type=\"application\/ld+json\" class=\"yoast-schema-graph\">{\"@context\":\"https:\\\/\\\/schema.org\",\"@graph\":[{\"@type\":\"WebPage\",\"@id\":\"https:\\\/\\\/medicinasinc.com\\\/es\\\/product\\\/comprar-oxicodona-en-polvo\\\/\",\"url\":\"https:\\\/\\\/medicinasinc.com\\\/es\\\/product\\\/comprar-oxicodona-en-polvo\\\/\",\"name\":\"Comprar polvo de oxicodona - polvo de oxicodona - Best Global Meds\",\"isPartOf\":{\"@id\":\"https:\\\/\\\/medicinasinc.com\\\/es\\\/#website\"},\"primaryImageOfPage\":{\"@id\":\"https:\\\/\\\/medicinasinc.com\\\/es\\\/product\\\/comprar-oxicodona-en-polvo\\\/#primaryimage\"},\"image\":{\"@id\":\"https:\\\/\\\/medicinasinc.com\\\/es\\\/product\\\/comprar-oxicodona-en-polvo\\\/#primaryimage\"},\"thumbnailUrl\":\"https:\\\/\\\/medicinasinc.com\\\/es\\\/wp-content\\\/uploads\\\/sites\\\/15\\\/2022\\\/02\\\/Buy-oxycodone-powder.jpeg\",\"datePublished\":\"2022-02-22T03:22:57+00:00\",\"dateModified\":\"2022-03-22T00:40:17+00:00\",\"description\":\"\u00a1Compre polvo de oxicodona en el Reino Unido, Europa en nuestra tienda en l\u00ednea Bestglobalmeds.com con entrega r\u00e1pida en todo el mundo! \u00a1El mejor polvo de oxicodona para ordenar lo encontrar\u00e1s aqu\u00ed!\",\"breadcrumb\":{\"@id\":\"https:\\\/\\\/medicinasinc.com\\\/es\\\/product\\\/comprar-oxicodona-en-polvo\\\/#breadcrumb\"},\"inLanguage\":\"es\",\"potentialAction\":[{\"@type\":\"ReadAction\",\"target\":[\"https:\\\/\\\/medicinasinc.com\\\/es\\\/product\\\/comprar-oxicodona-en-polvo\\\/\"]}]},{\"@type\":\"ImageObject\",\"inLanguage\":\"es\",\"@id\":\"https:\\\/\\\/medicinasinc.com\\\/es\\\/product\\\/comprar-oxicodona-en-polvo\\\/#primaryimage\",\"url\":\"https:\\\/\\\/medicinasinc.com\\\/es\\\/wp-content\\\/uploads\\\/sites\\\/15\\\/2022\\\/02\\\/Buy-oxycodone-powder.jpeg\",\"contentUrl\":\"https:\\\/\\\/medicinasinc.com\\\/es\\\/wp-content\\\/uploads\\\/sites\\\/15\\\/2022\\\/02\\\/Buy-oxycodone-powder.jpeg\",\"width\":510,\"height\":389},{\"@type\":\"BreadcrumbList\",\"@id\":\"https:\\\/\\\/medicinasinc.com\\\/es\\\/product\\\/comprar-oxicodona-en-polvo\\\/#breadcrumb\",\"itemListElement\":[{\"@type\":\"ListItem\",\"position\":1,\"name\":\"Tienda\",\"item\":\"https:\\\/\\\/medicinasinc.com\\\/es\\\/tienda\\\/\"},{\"@type\":\"ListItem\",\"position\":2,\"name\":\"comprar oxicodona en polvo\"}]},{\"@type\":\"WebSite\",\"@id\":\"https:\\\/\\\/medicinasinc.com\\\/es\\\/#website\",\"url\":\"https:\\\/\\\/medicinasinc.com\\\/es\\\/\",\"name\":\"Medicinas Inc\",\"description\":\"Cl\u00ednica M\u00e9dica de Salud\",\"potentialAction\":[{\"@type\":\"SearchAction\",\"target\":{\"@type\":\"EntryPoint\",\"urlTemplate\":\"https:\\\/\\\/medicinasinc.com\\\/es\\\/?s={search_term_string}\"},\"query-input\":{\"@type\":\"PropertyValueSpecification\",\"valueRequired\":true,\"valueName\":\"search_term_string\"}}],\"inLanguage\":\"es\"}]}<\/script>\n<!-- \/ Yoast SEO plugin. -->","yoast_head_json":{"title":"Comprar polvo de oxicodona - polvo de oxicodona - Best Global Meds","description":"\u00a1Compre polvo de oxicodona en el Reino Unido, Europa en nuestra tienda en l\u00ednea Bestglobalmeds.com con entrega r\u00e1pida en todo el mundo! \u00a1El mejor polvo de oxicodona para ordenar lo encontrar\u00e1s aqu\u00ed!","robots":{"index":"index","follow":"follow","max-snippet":"max-snippet:-1","max-image-preview":"max-image-preview:large","max-video-preview":"max-video-preview:-1"},"canonical":"https:\/\/medicinasinc.com\/es\/product\/comprar-oxicodona-en-polvo\/","og_locale":"es_ES","og_type":"article","og_title":"Comprar polvo de oxicodona - polvo de oxicodona - Best Global Meds","og_description":"\u00a1Compre polvo de oxicodona en el Reino Unido, Europa en nuestra tienda en l\u00ednea Bestglobalmeds.com con entrega r\u00e1pida en todo el mundo! \u00a1El mejor polvo de oxicodona para ordenar lo encontrar\u00e1s aqu\u00ed!","og_url":"https:\/\/medicinasinc.com\/es\/product\/comprar-oxicodona-en-polvo\/","og_site_name":"Medicinas Inc","article_modified_time":"2022-03-22T00:40:17+00:00","og_image":[{"width":510,"height":389,"url":"https:\/\/medicinasinc.com\/es\/wp-content\/uploads\/sites\/15\/2022\/02\/Buy-oxycodone-powder.jpeg","type":"image\/jpeg"}],"twitter_card":"summary_large_image","twitter_misc":{"Tiempo de lectura":"2 minutos"},"schema":{"@context":"https:\/\/schema.org","@graph":[{"@type":"WebPage","@id":"https:\/\/medicinasinc.com\/es\/product\/comprar-oxicodona-en-polvo\/","url":"https:\/\/medicinasinc.com\/es\/product\/comprar-oxicodona-en-polvo\/","name":"Comprar polvo de oxicodona - polvo de oxicodona - Best Global Meds","isPartOf":{"@id":"https:\/\/medicinasinc.com\/es\/#website"},"primaryImageOfPage":{"@id":"https:\/\/medicinasinc.com\/es\/product\/comprar-oxicodona-en-polvo\/#primaryimage"},"image":{"@id":"https:\/\/medicinasinc.com\/es\/product\/comprar-oxicodona-en-polvo\/#primaryimage"},"thumbnailUrl":"https:\/\/medicinasinc.com\/es\/wp-content\/uploads\/sites\/15\/2022\/02\/Buy-oxycodone-powder.jpeg","datePublished":"2022-02-22T03:22:57+00:00","dateModified":"2022-03-22T00:40:17+00:00","description":"\u00a1Compre polvo de oxicodona en el Reino Unido, Europa en nuestra tienda en l\u00ednea Bestglobalmeds.com con entrega r\u00e1pida en todo el mundo! \u00a1El mejor polvo de oxicodona para ordenar lo encontrar\u00e1s aqu\u00ed!","breadcrumb":{"@id":"https:\/\/medicinasinc.com\/es\/product\/comprar-oxicodona-en-polvo\/#breadcrumb"},"inLanguage":"es","potentialAction":[{"@type":"ReadAction","target":["https:\/\/medicinasinc.com\/es\/product\/comprar-oxicodona-en-polvo\/"]}]},{"@type":"ImageObject","inLanguage":"es","@id":"https:\/\/medicinasinc.com\/es\/product\/comprar-oxicodona-en-polvo\/#primaryimage","url":"https:\/\/medicinasinc.com\/es\/wp-content\/uploads\/sites\/15\/2022\/02\/Buy-oxycodone-powder.jpeg","contentUrl":"https:\/\/medicinasinc.com\/es\/wp-content\/uploads\/sites\/15\/2022\/02\/Buy-oxycodone-powder.jpeg","width":510,"height":389},{"@type":"BreadcrumbList","@id":"https:\/\/medicinasinc.com\/es\/product\/comprar-oxicodona-en-polvo\/#breadcrumb","itemListElement":[{"@type":"ListItem","position":1,"name":"Tienda","item":"https:\/\/medicinasinc.com\/es\/tienda\/"},{"@type":"ListItem","position":2,"name":"comprar oxicodona en polvo"}]},{"@type":"WebSite","@id":"https:\/\/medicinasinc.com\/es\/#website","url":"https:\/\/medicinasinc.com\/es\/","name":"Medicinas Inc","description":"Cl\u00ednica M\u00e9dica de Salud","potentialAction":[{"@type":"SearchAction","target":{"@type":"EntryPoint","urlTemplate":"https:\/\/medicinasinc.com\/es\/?s={search_term_string}"},"query-input":{"@type":"PropertyValueSpecification","valueRequired":true,"valueName":"search_term_string"}}],"inLanguage":"es"}]}},"_links":{"self":[{"href":"https:\/\/medicinasinc.com\/es\/wp-json\/wp\/v2\/product\/5651","targetHints":{"allow":["GET"]}}],"collection":[{"href":"https:\/\/medicinasinc.com\/es\/wp-json\/wp\/v2\/product"}],"about":[{"href":"https:\/\/medicinasinc.com\/es\/wp-json\/wp\/v2\/types\/product"}],"replies":[{"embeddable":true,"href":"https:\/\/medicinasinc.com\/es\/wp-json\/wp\/v2\/comments?post=5651"}],"wp:featuredmedia":[{"embeddable":true,"href":"https:\/\/medicinasinc.com\/es\/wp-json\/wp\/v2\/media\/5660"}],"wp:attachment":[{"href":"https:\/\/medicinasinc.com\/es\/wp-json\/wp\/v2\/media?parent=5651"}],"wp:term":[{"taxonomy":"product_brand","embeddable":true,"href":"https:\/\/medicinasinc.com\/es\/wp-json\/wp\/v2\/product_brand?post=5651"},{"taxonomy":"product_cat","embeddable":true,"href":"https:\/\/medicinasinc.com\/es\/wp-json\/wp\/v2\/product_cat?post=5651"},{"taxonomy":"product_tag","embeddable":true,"href":"https:\/\/medicinasinc.com\/es\/wp-json\/wp\/v2\/product_tag?post=5651"}],"curies":[{"name":"wp","href":"https:\/\/api.w.org\/{rel}","templated":true}]}}