{"id":5638,"date":"2022-02-22T03:11:29","date_gmt":"2022-02-22T03:11:29","guid":{"rendered":"https:\/\/medicinasinc.com\/es\/?post_type=product&#038;p=5638"},"modified":"2022-03-22T00:40:28","modified_gmt":"2022-03-22T00:40:28","slug":"comprar-sextacy-sal-de-bano","status":"publish","type":"product","link":"https:\/\/medicinasinc.com\/es\/product\/comprar-sextacy-sal-de-bano\/","title":{"rendered":"Comprar sal de ba\u00f1o Sextacy"},"content":{"rendered":"<p>Compre Sextacy Bath Salt en una tienda en l\u00ednea como esta:<br \/> Compre algunas Sextacy Bath Salts para usar en el ba\u00f1o.<\/p>\n<p>Esta es una sal de ba\u00f1o concentrada. Sin embargo, a\u00fan puede relajarse y dejar que Sextacy distraiga su mente de las cosas por un tiempo. Tome un ba\u00f1o caliente y agregue el contenido. Esto ablandar\u00e1 el agua de forma natural, lo que te har\u00e1 sentir muy tranquilo y calmado.<\/p>\n<p>Es muy importante que empieces con una cantidad muy peque\u00f1a de sal de ba\u00f1o Sextacy para ver c\u00f3mo reacciona tu cuerpo. Debido a que Sextacy Ultimate es tan fuerte, es posible que deba usar m\u00e1s en su ba\u00f1o para obtener la relajaci\u00f3n total que desea.<\/p>\n<p>Sextacy es un gran problema.<\/p>\n<p>En la prueba MP , lo siguiente es lo que sucedi\u00f3:<\/p>\n<p>Si Ivory Wave no es suficiente para ti, esta es la versi\u00f3n m\u00e1s fuerte de un excelente producto de alta gama. Es muy similar a Ivory Wave, pero tiene algunos ingredientes adicionales que lo hacen a\u00fan mejor. Sin embargo, te pone muy, muy cachondo y te hace sentir como si estuvieras en un sue\u00f1o en medio de tu ba\u00f1o. Ser\u00e1 muy fuerte y debes tener cuidado cuando lo uses. Har\u00e1 que tu ba\u00f1o sea muy r\u00e1pido. Empezar con muy poco. Durante 6 a 9 horas, llega en unos 10 minutos y dura ese tiempo. Sin embargo, la sal de ba\u00f1o Sextacy es muy similar a Ivory Ultra, pero a\u00fan tiene su propio toque m\u00e1gico LOL. Sin embargo, este es un gran producto, por lo que lo recomendar\u00eda con precauci\u00f3n y seguir\u00e9 recibiendo comentarios. \u00a1Imprescindible!<\/p>\n<p>Bicarbonato de sodio, cloruro de sodio, sal marina, minerales y otros oligoelementos naturales son algunos de los ingredientes.<\/p>\n<p>Legalidad: este producto es legal en todos los pa\u00edses porque se elabora con hierbas.<\/p>\n<p>En este caso, las Sales de Ba\u00f1o Concentradas White Girl 500mg son lo que necesitas.<br \/> 500mg de Sales de Ba\u00f1o White Lady<br \/> Las Sales de Ba\u00f1o Concentradas Bliss tienen 500 mg de sal en cada bolsa.<br \/> Las sales de ba\u00f1o Snow Leopard tienen 500 mg de ellas en cada bolsa.<br \/> 500 mg de sales de ba\u00f1o adicionales de Lunar Wave. 500 mg de sal de ba\u00f1o concentrada de White Horse.<br \/> 500 mg de sales de ba\u00f1o vigorizantes<br \/> 500 mg de sal de ba\u00f1o Cloud 10<br \/> Blue Magic: 500 mg de sales de ba\u00f1o<br \/> La sal de ba\u00f1o con el nombre Scarface tiene 500 mg de ello.<br \/> Muchas m\u00e1s personas, tambi\u00e9n.<\/p>\n","protected":false},"excerpt":{"rendered":"<div class=\"woocommerce-product-details__short-description\">\n<p>Es f\u00e1cil comprar Sextacy Bath Salt en l\u00ednea en nuestra tienda Bestglobalmeds.com y recibirlo r\u00e1pidamente en su hogar en Europa y el Reino Unido. \u00a1El mejor lugar para comprar Sextacy Bath Salt es aqu\u00ed!<\/p>\n<p>Compre 50 paquetes de Sextacy Bath Salt concentrados en Internet. Sextacy concentrado: 10 sobres de 10 Comprar sextacy concentrado 20 sobres de sales de ba\u00f1o por internet.<\/p>\n<p>Hay muchas webs donde puedes comprar muchas sales de ba\u00f1o por mucho dinero.<\/p>\n<p>En l\u00ednea, puede comprar sales de ba\u00f1o sextacy de Global Medicine. Los precios de venta de la sal de ba\u00f1o Sextacy se pueden encontrar leyendo este texto<\/p>\n<\/p><\/div>\n","protected":false},"featured_media":5650,"comment_status":"open","ping_status":"closed","template":"","meta":[],"product_brand":[],"product_cat":[2014],"product_tag":[3396,3399,3405,3398,3406,3397,3400,3410,3413,3401,3402,3403,3409,3404,3411,3412,3407,3414,3408],"class_list":{"0":"post-5638","1":"product","2":"type-product","3":"status-publish","4":"has-post-thumbnail","6":"product_cat-comprar-investigacion-quimicos","7":"product_tag-best-place-to-buy-sextacy-bath-salt","8":"product_tag-buy-sextacy-bath-salts-uk","9":"product_tag-sextacy-bao-sal-china","10":"product_tag-comprar-sextacy-sal-de-bano","11":"product_tag-sextacy-bao-sal-efecto","12":"product_tag-mejor-sextacy-bao-sal","13":"product_tag-order-sextacy-bath-salt","14":"product_tag-sextacy-bao-sal-orden","15":"product_tag-sextacy-bao-sal-proveedor","16":"product_tag-revender-sextacy-bath-sal","17":"product_tag-sextacy-bao-sal","18":"product_tag-sextacy-bath-sal-alibaba","19":"product_tag-sextacy-bao-sal-online","20":"product_tag-sextacy-bao-sal-comprar","21":"product_tag-sextacy-bath-salt-reddit","22":"product_tag-sextacy-bath-salt-sale","23":"product_tag-sextacy-bao-sal-europa","24":"product_tag-sextacy-bao-sal-mayorista","25":"product_tag-sextacy-bao-sal-en-venta","27":"first","28":"instock","29":"shipping-taxable","30":"purchasable","31":"product-type-variable"},"yoast_head":"<!-- This site is optimized with the Yoast SEO plugin v27.3 - https:\/\/yoast.com\/product\/yoast-seo-wordpress\/ -->\n<title>Comprar sal de ba\u00f1o Sextacy - Sal de ba\u00f1o Sextacy - Best Global Meds<\/title>\n<meta name=\"description\" content=\"\u00a1Compre Sextacy Bath Salt para la venta en el Reino Unido, Europa en nuestra tienda en l\u00ednea Bestglobalmeds.com con entrega r\u00e1pida en todo el mundo! \u00a1La mejor Sal de Ba\u00f1o de Sextacy por encargo la encontrar\u00e1s!\" \/>\n<meta name=\"robots\" content=\"index, follow, max-snippet:-1, max-image-preview:large, max-video-preview:-1\" \/>\n<link rel=\"canonical\" href=\"https:\/\/medicinasinc.com\/es\/product\/comprar-sextacy-sal-de-bano\/\" \/>\n<meta property=\"og:locale\" content=\"es_ES\" \/>\n<meta property=\"og:type\" content=\"article\" \/>\n<meta property=\"og:title\" content=\"Comprar sal de ba\u00f1o Sextacy - Sal de ba\u00f1o Sextacy - Best Global Meds\" \/>\n<meta property=\"og:description\" content=\"\u00a1Compre Sextacy Bath Salt para la venta en el Reino Unido, Europa en nuestra tienda en l\u00ednea Bestglobalmeds.com con entrega r\u00e1pida en todo el mundo! \u00a1La mejor Sal de Ba\u00f1o de Sextacy por encargo la encontrar\u00e1s!\" \/>\n<meta property=\"og:url\" content=\"https:\/\/medicinasinc.com\/es\/product\/comprar-sextacy-sal-de-bano\/\" \/>\n<meta property=\"og:site_name\" content=\"Medicinas Inc\" \/>\n<meta property=\"article:modified_time\" content=\"2022-03-22T00:40:28+00:00\" \/>\n<meta property=\"og:image\" content=\"https:\/\/medicinasinc.com\/es\/wp-content\/uploads\/sites\/15\/2022\/02\/Buy-Sextacy-Bath-Salt.jpg\" \/>\n\t<meta property=\"og:image:width\" content=\"600\" \/>\n\t<meta property=\"og:image:height\" content=\"600\" \/>\n\t<meta property=\"og:image:type\" content=\"image\/jpeg\" \/>\n<meta name=\"twitter:card\" content=\"summary_large_image\" \/>\n<meta name=\"twitter:label1\" content=\"Tiempo de lectura\" \/>\n\t<meta name=\"twitter:data1\" content=\"2 minutos\" \/>\n<script type=\"application\/ld+json\" class=\"yoast-schema-graph\">{\"@context\":\"https:\\\/\\\/schema.org\",\"@graph\":[{\"@type\":\"WebPage\",\"@id\":\"https:\\\/\\\/medicinasinc.com\\\/es\\\/product\\\/comprar-sextacy-sal-de-bano\\\/\",\"url\":\"https:\\\/\\\/medicinasinc.com\\\/es\\\/product\\\/comprar-sextacy-sal-de-bano\\\/\",\"name\":\"Comprar sal de ba\u00f1o Sextacy - Sal de ba\u00f1o Sextacy - Best Global Meds\",\"isPartOf\":{\"@id\":\"https:\\\/\\\/medicinasinc.com\\\/es\\\/#website\"},\"primaryImageOfPage\":{\"@id\":\"https:\\\/\\\/medicinasinc.com\\\/es\\\/product\\\/comprar-sextacy-sal-de-bano\\\/#primaryimage\"},\"image\":{\"@id\":\"https:\\\/\\\/medicinasinc.com\\\/es\\\/product\\\/comprar-sextacy-sal-de-bano\\\/#primaryimage\"},\"thumbnailUrl\":\"https:\\\/\\\/medicinasinc.com\\\/es\\\/wp-content\\\/uploads\\\/sites\\\/15\\\/2022\\\/02\\\/Buy-Sextacy-Bath-Salt.jpg\",\"datePublished\":\"2022-02-22T03:11:29+00:00\",\"dateModified\":\"2022-03-22T00:40:28+00:00\",\"description\":\"\u00a1Compre Sextacy Bath Salt para la venta en el Reino Unido, Europa en nuestra tienda en l\u00ednea Bestglobalmeds.com con entrega r\u00e1pida en todo el mundo! \u00a1La mejor Sal de Ba\u00f1o de Sextacy por encargo la encontrar\u00e1s!\",\"breadcrumb\":{\"@id\":\"https:\\\/\\\/medicinasinc.com\\\/es\\\/product\\\/comprar-sextacy-sal-de-bano\\\/#breadcrumb\"},\"inLanguage\":\"es\",\"potentialAction\":[{\"@type\":\"ReadAction\",\"target\":[\"https:\\\/\\\/medicinasinc.com\\\/es\\\/product\\\/comprar-sextacy-sal-de-bano\\\/\"]}]},{\"@type\":\"ImageObject\",\"inLanguage\":\"es\",\"@id\":\"https:\\\/\\\/medicinasinc.com\\\/es\\\/product\\\/comprar-sextacy-sal-de-bano\\\/#primaryimage\",\"url\":\"https:\\\/\\\/medicinasinc.com\\\/es\\\/wp-content\\\/uploads\\\/sites\\\/15\\\/2022\\\/02\\\/Buy-Sextacy-Bath-Salt.jpg\",\"contentUrl\":\"https:\\\/\\\/medicinasinc.com\\\/es\\\/wp-content\\\/uploads\\\/sites\\\/15\\\/2022\\\/02\\\/Buy-Sextacy-Bath-Salt.jpg\",\"width\":600,\"height\":600},{\"@type\":\"BreadcrumbList\",\"@id\":\"https:\\\/\\\/medicinasinc.com\\\/es\\\/product\\\/comprar-sextacy-sal-de-bano\\\/#breadcrumb\",\"itemListElement\":[{\"@type\":\"ListItem\",\"position\":1,\"name\":\"Tienda\",\"item\":\"https:\\\/\\\/medicinasinc.com\\\/es\\\/tienda\\\/\"},{\"@type\":\"ListItem\",\"position\":2,\"name\":\"Comprar sal de ba\u00f1o Sextacy\"}]},{\"@type\":\"WebSite\",\"@id\":\"https:\\\/\\\/medicinasinc.com\\\/es\\\/#website\",\"url\":\"https:\\\/\\\/medicinasinc.com\\\/es\\\/\",\"name\":\"Medicinas Inc\",\"description\":\"Cl\u00ednica M\u00e9dica de Salud\",\"potentialAction\":[{\"@type\":\"SearchAction\",\"target\":{\"@type\":\"EntryPoint\",\"urlTemplate\":\"https:\\\/\\\/medicinasinc.com\\\/es\\\/?s={search_term_string}\"},\"query-input\":{\"@type\":\"PropertyValueSpecification\",\"valueRequired\":true,\"valueName\":\"search_term_string\"}}],\"inLanguage\":\"es\"}]}<\/script>\n<!-- \/ Yoast SEO plugin. -->","yoast_head_json":{"title":"Comprar sal de ba\u00f1o Sextacy - Sal de ba\u00f1o Sextacy - Best Global Meds","description":"\u00a1Compre Sextacy Bath Salt para la venta en el Reino Unido, Europa en nuestra tienda en l\u00ednea Bestglobalmeds.com con entrega r\u00e1pida en todo el mundo! \u00a1La mejor Sal de Ba\u00f1o de Sextacy por encargo la encontrar\u00e1s!","robots":{"index":"index","follow":"follow","max-snippet":"max-snippet:-1","max-image-preview":"max-image-preview:large","max-video-preview":"max-video-preview:-1"},"canonical":"https:\/\/medicinasinc.com\/es\/product\/comprar-sextacy-sal-de-bano\/","og_locale":"es_ES","og_type":"article","og_title":"Comprar sal de ba\u00f1o Sextacy - Sal de ba\u00f1o Sextacy - Best Global Meds","og_description":"\u00a1Compre Sextacy Bath Salt para la venta en el Reino Unido, Europa en nuestra tienda en l\u00ednea Bestglobalmeds.com con entrega r\u00e1pida en todo el mundo! \u00a1La mejor Sal de Ba\u00f1o de Sextacy por encargo la encontrar\u00e1s!","og_url":"https:\/\/medicinasinc.com\/es\/product\/comprar-sextacy-sal-de-bano\/","og_site_name":"Medicinas Inc","article_modified_time":"2022-03-22T00:40:28+00:00","og_image":[{"width":600,"height":600,"url":"https:\/\/medicinasinc.com\/es\/wp-content\/uploads\/sites\/15\/2022\/02\/Buy-Sextacy-Bath-Salt.jpg","type":"image\/jpeg"}],"twitter_card":"summary_large_image","twitter_misc":{"Tiempo de lectura":"2 minutos"},"schema":{"@context":"https:\/\/schema.org","@graph":[{"@type":"WebPage","@id":"https:\/\/medicinasinc.com\/es\/product\/comprar-sextacy-sal-de-bano\/","url":"https:\/\/medicinasinc.com\/es\/product\/comprar-sextacy-sal-de-bano\/","name":"Comprar sal de ba\u00f1o Sextacy - Sal de ba\u00f1o Sextacy - Best Global Meds","isPartOf":{"@id":"https:\/\/medicinasinc.com\/es\/#website"},"primaryImageOfPage":{"@id":"https:\/\/medicinasinc.com\/es\/product\/comprar-sextacy-sal-de-bano\/#primaryimage"},"image":{"@id":"https:\/\/medicinasinc.com\/es\/product\/comprar-sextacy-sal-de-bano\/#primaryimage"},"thumbnailUrl":"https:\/\/medicinasinc.com\/es\/wp-content\/uploads\/sites\/15\/2022\/02\/Buy-Sextacy-Bath-Salt.jpg","datePublished":"2022-02-22T03:11:29+00:00","dateModified":"2022-03-22T00:40:28+00:00","description":"\u00a1Compre Sextacy Bath Salt para la venta en el Reino Unido, Europa en nuestra tienda en l\u00ednea Bestglobalmeds.com con entrega r\u00e1pida en todo el mundo! \u00a1La mejor Sal de Ba\u00f1o de Sextacy por encargo la encontrar\u00e1s!","breadcrumb":{"@id":"https:\/\/medicinasinc.com\/es\/product\/comprar-sextacy-sal-de-bano\/#breadcrumb"},"inLanguage":"es","potentialAction":[{"@type":"ReadAction","target":["https:\/\/medicinasinc.com\/es\/product\/comprar-sextacy-sal-de-bano\/"]}]},{"@type":"ImageObject","inLanguage":"es","@id":"https:\/\/medicinasinc.com\/es\/product\/comprar-sextacy-sal-de-bano\/#primaryimage","url":"https:\/\/medicinasinc.com\/es\/wp-content\/uploads\/sites\/15\/2022\/02\/Buy-Sextacy-Bath-Salt.jpg","contentUrl":"https:\/\/medicinasinc.com\/es\/wp-content\/uploads\/sites\/15\/2022\/02\/Buy-Sextacy-Bath-Salt.jpg","width":600,"height":600},{"@type":"BreadcrumbList","@id":"https:\/\/medicinasinc.com\/es\/product\/comprar-sextacy-sal-de-bano\/#breadcrumb","itemListElement":[{"@type":"ListItem","position":1,"name":"Tienda","item":"https:\/\/medicinasinc.com\/es\/tienda\/"},{"@type":"ListItem","position":2,"name":"Comprar sal de ba\u00f1o Sextacy"}]},{"@type":"WebSite","@id":"https:\/\/medicinasinc.com\/es\/#website","url":"https:\/\/medicinasinc.com\/es\/","name":"Medicinas Inc","description":"Cl\u00ednica M\u00e9dica de Salud","potentialAction":[{"@type":"SearchAction","target":{"@type":"EntryPoint","urlTemplate":"https:\/\/medicinasinc.com\/es\/?s={search_term_string}"},"query-input":{"@type":"PropertyValueSpecification","valueRequired":true,"valueName":"search_term_string"}}],"inLanguage":"es"}]}},"_links":{"self":[{"href":"https:\/\/medicinasinc.com\/es\/wp-json\/wp\/v2\/product\/5638","targetHints":{"allow":["GET"]}}],"collection":[{"href":"https:\/\/medicinasinc.com\/es\/wp-json\/wp\/v2\/product"}],"about":[{"href":"https:\/\/medicinasinc.com\/es\/wp-json\/wp\/v2\/types\/product"}],"replies":[{"embeddable":true,"href":"https:\/\/medicinasinc.com\/es\/wp-json\/wp\/v2\/comments?post=5638"}],"wp:featuredmedia":[{"embeddable":true,"href":"https:\/\/medicinasinc.com\/es\/wp-json\/wp\/v2\/media\/5650"}],"wp:attachment":[{"href":"https:\/\/medicinasinc.com\/es\/wp-json\/wp\/v2\/media?parent=5638"}],"wp:term":[{"taxonomy":"product_brand","embeddable":true,"href":"https:\/\/medicinasinc.com\/es\/wp-json\/wp\/v2\/product_brand?post=5638"},{"taxonomy":"product_cat","embeddable":true,"href":"https:\/\/medicinasinc.com\/es\/wp-json\/wp\/v2\/product_cat?post=5638"},{"taxonomy":"product_tag","embeddable":true,"href":"https:\/\/medicinasinc.com\/es\/wp-json\/wp\/v2\/product_tag?post=5638"}],"curies":[{"name":"wp","href":"https:\/\/api.w.org\/{rel}","templated":true}]}}