{"id":5637,"date":"2022-02-22T03:10:06","date_gmt":"2022-02-22T03:10:06","guid":{"rendered":"https:\/\/medicinasinc.com\/es\/?post_type=product&#038;p=5637"},"modified":"2022-03-22T00:40:46","modified_gmt":"2022-03-22T00:40:46","slug":"comprar-sal-de-bano-con-chispas","status":"publish","type":"product","link":"https:\/\/medicinasinc.com\/es\/product\/comprar-sal-de-bano-con-chispas\/","title":{"rendered":"Comprar sal de ba\u00f1o Sparkle"},"content":{"rendered":"<p>Detalles del producto<\/p>\n<p>Cuando utilizas nuestras SALES DE BA\u00d1O ESPUMOSAS, puedes hacer que tu tiempo en la tina sea m\u00e1s placentero. Este aditivo de ba\u00f1o premium tiene sales del mar muerto y sales de Epsom que ayudan al cuerpo a deshacerse de las toxinas. La leche de coco en polvo, la prote\u00edna de avena y la arcilla de caol\u00edn suavizan y nutren la piel. Los aceites de eucalipto, enebro y lavanda ayudan a las personas a relajarse, dormir mejor y tener beneficios de aromaterapia.<\/p>\n<p>SALES DE BA\u00d1O ESPUMOSAS vienen en una jarra de vidrio hecha a medida de 10 oz envuelta en hierba marina. El interior de la tapa se usa para medir las sales.<\/p>\n<p>La BOLSA DE RECARGA ZERO WASTE est\u00e1 hecha de papel que se puede compostar en casa. Es nuestra respuesta a las bolsas de sal de ba\u00f1o de pl\u00e1stico de un solo uso que sol\u00edamos hacer antes. Si una bolsa tiene la certificaci\u00f3n OK HOME de Austria, eso significa que se descompondr\u00e1 por completo en el mont\u00f3n de compost de su jard\u00edn. La bolsa ZERO WASTE REFILL contiene 10 oz de sal.<\/p>\n<p>C\u00f3mo usarlo<\/p>\n<p>Vierta 2-3 o tres tapones en una taza de agua tibia con la tapa en el interior de la primicia. Puedes saber cu\u00e1ndo es el momento de entrar en tu cuerpo por las suaves burbujas y un poco de brillo.<\/p>\n<p>Despu\u00e9s de un ba\u00f1o, no hay necesidad de enjuagar. Puedes acariciar tu cuerpo con una toalla. Contin\u00fae con aceite corporal para mantener la humedad.<\/p>\n<p>Ingredientes<\/p>\n<p>Sulfato de magnesio, extracto de Cocos Nucifera, arcilla de caol\u00edn, polvo de mica y sodio s\u00f3dico son algunos de los ingredientes de Maris Sal , que tambi\u00e9n se conoce como Sal del Mar Muerto o Sal Marina.<\/p>\n<p>Prote\u00edna de Avena Hidratada (Prote\u00edna de Avena) y Bicarbonato<\/p>\n<p>POLVO: Plata Coloidal, extracto de fruta Vaccinium angustifolium (extracto de ar\u00e1ndano), Coco-gluc\u00f3sido, aceite de hoja de Eucalyptus globulus, aceite de flor de Lavandula angustifolia, aceite de madera de Juniperus communis y aceite de flor de Lavandula angustifolia (aceite esencial de enebro)<\/p>\n<div class=\"product-next-previous\">\n<div class=\" producto-anterior\"><\/div><\/div>\n","protected":false},"excerpt":{"rendered":"<p>Puede comprar sales de ba\u00f1o con gas a la venta en el Reino Unido, la UE y Australia. Las personas que nos compran pueden estar seguras de que obtendr\u00e1n lo que pagaron. \u00a1A los mejores precios, compra Sparkle Bath Salt ahora!<\/p>\n<p>Aseg\u00farate de comprar JENAM LIVE LOVE SPARKLE BATH SALT CUP al mejor precio online tanto en Holanda como en Estados Unidos. Compre algo de Best Global Meds ahora. \u00a1Tienen muy buenos precios!<\/p>\n<p>Sal de ba\u00f1o concentrada de las mejores marcas. Imprescindible para cualquier astr\u00f3nomo. Te sentir\u00e1s tan brillante como las estrellas.<\/p>\n","protected":false},"featured_media":5648,"comment_status":"open","ping_status":"closed","template":"","meta":[],"product_brand":[],"product_cat":[610,2014],"product_tag":[3381,3382,3390,3380,3394,3395,3385,3388,3383,3391,3384,3387,3386,3389,3393,3392],"class_list":{"0":"post-5637","1":"product","2":"type-product","3":"status-publish","4":"has-post-thumbnail","6":"product_cat-comprar-hachis-hachis","7":"product_cat-comprar-investigacion-quimicos","8":"product_tag-buy-sparkle-bath-salt-europe","9":"product_tag-buy-sparkle-bath-salt-uk","10":"product_tag-compra-de-sales-de-bao-con-chispas","11":"product_tag-comprar-sal-de-bano-con-chispas","12":"product_tag-donde-comprar-sal-de-bano-con-chispas","13":"product_tag-donde-pedir-sal-de-bano-con-chispas","14":"product_tag-brillo-bao-sal-efecto","15":"product_tag-orden-de-sal-de-bano-con-chispas","16":"product_tag-orden-chispa-sal-de-bano","17":"product_tag-sparkle-bath-sal-reddit","18":"product_tag-sal-de-bano-brillante-comprar","19":"product_tag-chispas-de-bano-sal-online","20":"product_tag-sal-de-bano-brillante-alemania","21":"product_tag-chispas-de-bano-de-polonia","22":"product_tag-sal-de-bano-brillante-de-suecia","23":"product_tag-venta-de-sal-de-bano-brillante","25":"first","26":"instock","27":"shipping-taxable","28":"purchasable","29":"product-type-variable","30":"has-default-attributes"},"yoast_head":"<!-- This site is optimized with the Yoast SEO plugin v27.3 - https:\/\/yoast.com\/product\/yoast-seo-wordpress\/ -->\n<title>Comprar Sparkle Bath Salt - Sparkle Bath Salt - Best Global Meds<\/title>\n<meta name=\"description\" content=\"Compre Sparkle Bath Salt para la venta en Reino Unido, Europa, AU. ofrecemos la transacci\u00f3n m\u00e1s confiable y vendemos a precios muy asequibles. Pide Sparkle Bath Salt ahora al mejor precio\" \/>\n<meta name=\"robots\" content=\"index, follow, max-snippet:-1, max-image-preview:large, max-video-preview:-1\" \/>\n<link rel=\"canonical\" href=\"https:\/\/medicinasinc.com\/es\/product\/comprar-sal-de-bano-con-chispas\/\" \/>\n<meta property=\"og:locale\" content=\"es_ES\" \/>\n<meta property=\"og:type\" content=\"article\" \/>\n<meta property=\"og:title\" content=\"Comprar Sparkle Bath Salt - Sparkle Bath Salt - Best Global Meds\" \/>\n<meta property=\"og:description\" content=\"Compre Sparkle Bath Salt para la venta en Reino Unido, Europa, AU. ofrecemos la transacci\u00f3n m\u00e1s confiable y vendemos a precios muy asequibles. Pide Sparkle Bath Salt ahora al mejor precio\" \/>\n<meta property=\"og:url\" content=\"https:\/\/medicinasinc.com\/es\/product\/comprar-sal-de-bano-con-chispas\/\" \/>\n<meta property=\"og:site_name\" content=\"Medicinas Inc\" \/>\n<meta property=\"article:modified_time\" content=\"2022-03-22T00:40:46+00:00\" \/>\n<meta property=\"og:image\" content=\"https:\/\/medicinasinc.com\/es\/wp-content\/uploads\/sites\/15\/2022\/02\/Buy-Sparkle-Bath-Salt.jpg\" \/>\n\t<meta property=\"og:image:width\" content=\"750\" \/>\n\t<meta property=\"og:image:height\" content=\"750\" \/>\n\t<meta property=\"og:image:type\" content=\"image\/jpeg\" \/>\n<meta name=\"twitter:card\" content=\"summary_large_image\" \/>\n<meta name=\"twitter:label1\" content=\"Tiempo de lectura\" \/>\n\t<meta name=\"twitter:data1\" content=\"2 minutos\" \/>\n<script type=\"application\/ld+json\" class=\"yoast-schema-graph\">{\"@context\":\"https:\\\/\\\/schema.org\",\"@graph\":[{\"@type\":\"WebPage\",\"@id\":\"https:\\\/\\\/medicinasinc.com\\\/es\\\/product\\\/comprar-sal-de-bano-con-chispas\\\/\",\"url\":\"https:\\\/\\\/medicinasinc.com\\\/es\\\/product\\\/comprar-sal-de-bano-con-chispas\\\/\",\"name\":\"Comprar Sparkle Bath Salt - Sparkle Bath Salt - Best Global Meds\",\"isPartOf\":{\"@id\":\"https:\\\/\\\/medicinasinc.com\\\/es\\\/#website\"},\"primaryImageOfPage\":{\"@id\":\"https:\\\/\\\/medicinasinc.com\\\/es\\\/product\\\/comprar-sal-de-bano-con-chispas\\\/#primaryimage\"},\"image\":{\"@id\":\"https:\\\/\\\/medicinasinc.com\\\/es\\\/product\\\/comprar-sal-de-bano-con-chispas\\\/#primaryimage\"},\"thumbnailUrl\":\"https:\\\/\\\/medicinasinc.com\\\/es\\\/wp-content\\\/uploads\\\/sites\\\/15\\\/2022\\\/02\\\/Buy-Sparkle-Bath-Salt.jpg\",\"datePublished\":\"2022-02-22T03:10:06+00:00\",\"dateModified\":\"2022-03-22T00:40:46+00:00\",\"description\":\"Compre Sparkle Bath Salt para la venta en Reino Unido, Europa, AU. ofrecemos la transacci\u00f3n m\u00e1s confiable y vendemos a precios muy asequibles. Pide Sparkle Bath Salt ahora al mejor precio\",\"breadcrumb\":{\"@id\":\"https:\\\/\\\/medicinasinc.com\\\/es\\\/product\\\/comprar-sal-de-bano-con-chispas\\\/#breadcrumb\"},\"inLanguage\":\"es\",\"potentialAction\":[{\"@type\":\"ReadAction\",\"target\":[\"https:\\\/\\\/medicinasinc.com\\\/es\\\/product\\\/comprar-sal-de-bano-con-chispas\\\/\"]}]},{\"@type\":\"ImageObject\",\"inLanguage\":\"es\",\"@id\":\"https:\\\/\\\/medicinasinc.com\\\/es\\\/product\\\/comprar-sal-de-bano-con-chispas\\\/#primaryimage\",\"url\":\"https:\\\/\\\/medicinasinc.com\\\/es\\\/wp-content\\\/uploads\\\/sites\\\/15\\\/2022\\\/02\\\/Buy-Sparkle-Bath-Salt.jpg\",\"contentUrl\":\"https:\\\/\\\/medicinasinc.com\\\/es\\\/wp-content\\\/uploads\\\/sites\\\/15\\\/2022\\\/02\\\/Buy-Sparkle-Bath-Salt.jpg\",\"width\":750,\"height\":750},{\"@type\":\"BreadcrumbList\",\"@id\":\"https:\\\/\\\/medicinasinc.com\\\/es\\\/product\\\/comprar-sal-de-bano-con-chispas\\\/#breadcrumb\",\"itemListElement\":[{\"@type\":\"ListItem\",\"position\":1,\"name\":\"Tienda\",\"item\":\"https:\\\/\\\/medicinasinc.com\\\/es\\\/tienda\\\/\"},{\"@type\":\"ListItem\",\"position\":2,\"name\":\"Comprar sal de ba\u00f1o Sparkle\"}]},{\"@type\":\"WebSite\",\"@id\":\"https:\\\/\\\/medicinasinc.com\\\/es\\\/#website\",\"url\":\"https:\\\/\\\/medicinasinc.com\\\/es\\\/\",\"name\":\"Medicinas Inc\",\"description\":\"Cl\u00ednica M\u00e9dica de Salud\",\"potentialAction\":[{\"@type\":\"SearchAction\",\"target\":{\"@type\":\"EntryPoint\",\"urlTemplate\":\"https:\\\/\\\/medicinasinc.com\\\/es\\\/?s={search_term_string}\"},\"query-input\":{\"@type\":\"PropertyValueSpecification\",\"valueRequired\":true,\"valueName\":\"search_term_string\"}}],\"inLanguage\":\"es\"}]}<\/script>\n<!-- \/ Yoast SEO plugin. -->","yoast_head_json":{"title":"Comprar Sparkle Bath Salt - Sparkle Bath Salt - Best Global Meds","description":"Compre Sparkle Bath Salt para la venta en Reino Unido, Europa, AU. ofrecemos la transacci\u00f3n m\u00e1s confiable y vendemos a precios muy asequibles. Pide Sparkle Bath Salt ahora al mejor precio","robots":{"index":"index","follow":"follow","max-snippet":"max-snippet:-1","max-image-preview":"max-image-preview:large","max-video-preview":"max-video-preview:-1"},"canonical":"https:\/\/medicinasinc.com\/es\/product\/comprar-sal-de-bano-con-chispas\/","og_locale":"es_ES","og_type":"article","og_title":"Comprar Sparkle Bath Salt - Sparkle Bath Salt - Best Global Meds","og_description":"Compre Sparkle Bath Salt para la venta en Reino Unido, Europa, AU. ofrecemos la transacci\u00f3n m\u00e1s confiable y vendemos a precios muy asequibles. Pide Sparkle Bath Salt ahora al mejor precio","og_url":"https:\/\/medicinasinc.com\/es\/product\/comprar-sal-de-bano-con-chispas\/","og_site_name":"Medicinas Inc","article_modified_time":"2022-03-22T00:40:46+00:00","og_image":[{"width":750,"height":750,"url":"https:\/\/medicinasinc.com\/es\/wp-content\/uploads\/sites\/15\/2022\/02\/Buy-Sparkle-Bath-Salt.jpg","type":"image\/jpeg"}],"twitter_card":"summary_large_image","twitter_misc":{"Tiempo de lectura":"2 minutos"},"schema":{"@context":"https:\/\/schema.org","@graph":[{"@type":"WebPage","@id":"https:\/\/medicinasinc.com\/es\/product\/comprar-sal-de-bano-con-chispas\/","url":"https:\/\/medicinasinc.com\/es\/product\/comprar-sal-de-bano-con-chispas\/","name":"Comprar Sparkle Bath Salt - Sparkle Bath Salt - Best Global Meds","isPartOf":{"@id":"https:\/\/medicinasinc.com\/es\/#website"},"primaryImageOfPage":{"@id":"https:\/\/medicinasinc.com\/es\/product\/comprar-sal-de-bano-con-chispas\/#primaryimage"},"image":{"@id":"https:\/\/medicinasinc.com\/es\/product\/comprar-sal-de-bano-con-chispas\/#primaryimage"},"thumbnailUrl":"https:\/\/medicinasinc.com\/es\/wp-content\/uploads\/sites\/15\/2022\/02\/Buy-Sparkle-Bath-Salt.jpg","datePublished":"2022-02-22T03:10:06+00:00","dateModified":"2022-03-22T00:40:46+00:00","description":"Compre Sparkle Bath Salt para la venta en Reino Unido, Europa, AU. ofrecemos la transacci\u00f3n m\u00e1s confiable y vendemos a precios muy asequibles. Pide Sparkle Bath Salt ahora al mejor precio","breadcrumb":{"@id":"https:\/\/medicinasinc.com\/es\/product\/comprar-sal-de-bano-con-chispas\/#breadcrumb"},"inLanguage":"es","potentialAction":[{"@type":"ReadAction","target":["https:\/\/medicinasinc.com\/es\/product\/comprar-sal-de-bano-con-chispas\/"]}]},{"@type":"ImageObject","inLanguage":"es","@id":"https:\/\/medicinasinc.com\/es\/product\/comprar-sal-de-bano-con-chispas\/#primaryimage","url":"https:\/\/medicinasinc.com\/es\/wp-content\/uploads\/sites\/15\/2022\/02\/Buy-Sparkle-Bath-Salt.jpg","contentUrl":"https:\/\/medicinasinc.com\/es\/wp-content\/uploads\/sites\/15\/2022\/02\/Buy-Sparkle-Bath-Salt.jpg","width":750,"height":750},{"@type":"BreadcrumbList","@id":"https:\/\/medicinasinc.com\/es\/product\/comprar-sal-de-bano-con-chispas\/#breadcrumb","itemListElement":[{"@type":"ListItem","position":1,"name":"Tienda","item":"https:\/\/medicinasinc.com\/es\/tienda\/"},{"@type":"ListItem","position":2,"name":"Comprar sal de ba\u00f1o Sparkle"}]},{"@type":"WebSite","@id":"https:\/\/medicinasinc.com\/es\/#website","url":"https:\/\/medicinasinc.com\/es\/","name":"Medicinas Inc","description":"Cl\u00ednica M\u00e9dica de Salud","potentialAction":[{"@type":"SearchAction","target":{"@type":"EntryPoint","urlTemplate":"https:\/\/medicinasinc.com\/es\/?s={search_term_string}"},"query-input":{"@type":"PropertyValueSpecification","valueRequired":true,"valueName":"search_term_string"}}],"inLanguage":"es"}]}},"_links":{"self":[{"href":"https:\/\/medicinasinc.com\/es\/wp-json\/wp\/v2\/product\/5637","targetHints":{"allow":["GET"]}}],"collection":[{"href":"https:\/\/medicinasinc.com\/es\/wp-json\/wp\/v2\/product"}],"about":[{"href":"https:\/\/medicinasinc.com\/es\/wp-json\/wp\/v2\/types\/product"}],"replies":[{"embeddable":true,"href":"https:\/\/medicinasinc.com\/es\/wp-json\/wp\/v2\/comments?post=5637"}],"wp:featuredmedia":[{"embeddable":true,"href":"https:\/\/medicinasinc.com\/es\/wp-json\/wp\/v2\/media\/5648"}],"wp:attachment":[{"href":"https:\/\/medicinasinc.com\/es\/wp-json\/wp\/v2\/media?parent=5637"}],"wp:term":[{"taxonomy":"product_brand","embeddable":true,"href":"https:\/\/medicinasinc.com\/es\/wp-json\/wp\/v2\/product_brand?post=5637"},{"taxonomy":"product_cat","embeddable":true,"href":"https:\/\/medicinasinc.com\/es\/wp-json\/wp\/v2\/product_cat?post=5637"},{"taxonomy":"product_tag","embeddable":true,"href":"https:\/\/medicinasinc.com\/es\/wp-json\/wp\/v2\/product_tag?post=5637"}],"curies":[{"name":"wp","href":"https:\/\/api.w.org\/{rel}","templated":true}]}}