{"id":5636,"date":"2022-02-22T03:08:33","date_gmt":"2022-02-22T03:08:33","guid":{"rendered":"https:\/\/medicinasinc.com\/es\/?post_type=product&#038;p=5636"},"modified":"2022-03-22T00:40:57","modified_gmt":"2022-03-22T00:40:57","slug":"comprar-sintacaina-en-polvo","status":"publish","type":"product","link":"https:\/\/medicinasinc.com\/es\/product\/comprar-sintacaina-en-polvo\/","title":{"rendered":"Comprar polvo de sintaca\u00edna"},"content":{"rendered":"<p>COMPRE POLVO DE SINTACA\u00cdNA PARA USAR<br \/> El polvo de sintaca\u00edna es un producto qu\u00edmico de investigaci\u00f3n que vende un mayorista.<br \/> Cuando realiza el pago, puede optar por pagar con una transferencia bancaria o con bitcoins.<br \/> Tenga en cuenta que solo est\u00e1 cubierto si su paquete se pierde. Si utiliza un servicio de Tracked Insured y su paquete se pierde, se lo devolveremos de forma gratuita.<br \/> Consulte las leyes de su pa\u00eds sobre la importaci\u00f3n de productos qu\u00edmicos.<br \/> Pedidos de bitcoins que se realizan de lunes a viernes hasta las 3:30 p. m. se enviar\u00e1n el mismo d\u00eda en que se colocan.<\/p>\n<p>Cuando la sintaca\u00edna se us\u00f3 por primera vez en la investigaci\u00f3n, ten\u00eda mala reputaci\u00f3n. Esto se debe principalmente a que muchas empresas vend\u00edan muestras de baja calidad. \u00a1Sin embargo, no aqu\u00ed en Highstore.net!<\/p>\n<p>Trabajamos con un buen laboratorio para asegurarnos de que toda la sintaca\u00edna que producimos sea al menos un 98 % pura. No damos a conocer la receta exacta de este producto porque es una mezcla secreta.<\/p>\n<p>La sintaca\u00edna de Gr8 Research Chems tiene una buena reputaci\u00f3n. Nos complace decir que nuestro stock proviene de la misma fuente.<\/p>\n<p>Todav\u00eda hay mucho que no sabemos sobre este qu\u00edmico, pero hasta ahora, las pruebas muestran que puede hacer que las personas se sientan felices muy r\u00e1pidamente. .<\/p>\n<p>Tambi\u00e9n puede ser un estimulante, por lo que es importante que los investigadores tomen medidas para mantenerse alejados de \u00e9l y probar solo dos lotes a la vez.<\/p>\n<p>Los productos qu\u00edmicos que vendemos no est\u00e1n aprobados para ning\u00fan tipo de investigaci\u00f3n in vivo (es decir, no en humanos o animales) o ensayos cl\u00ednicos, por lo que si se ingieren accidentalmente, debe obtener ayuda m\u00e9dica de inmediato. Esto es cierto para todos los productos qu\u00edmicos que vendemos. Siga las reglas est\u00e1ndar de seguridad de laboratorio, como usar la protecci\u00f3n adecuada para la piel, los ojos y la ropa.<\/p>\n<p>Si come, debe obtener ayuda m\u00e9dica de inmediato.<\/p>\n<p>La gente puede comprar este producto en cantidades de 500 mg y 1 gramo. Tambi\u00e9n pueden comprarlo en cantidades de 500 mg y 2 gramos.<\/p>\n<p>Debe ser mayor de 18 a\u00f1os y no ser consumido por humanos.<\/p>\n","protected":false},"excerpt":{"rendered":"<div class=\"woocommerce-product-details__short-description\">\n<p>Puede comprar polvo de sintaca\u00edna en nuestra tienda en l\u00ednea Best Global Meds en el Reino Unido, Europa, Asia, China, \u00a1y recibirlo r\u00e1pidamente en todo el mundo! Es aqu\u00ed donde encontrar\u00e1 la mejor sintaca\u00edna para comprar.<\/p>\n<p>Polvo de sintaca\u00edna: compre polvo de sintaca\u00edna, mayorista de productos qu\u00edmicos de investigaci\u00f3n de polvo de sintaca\u00edna. Al finalizar la compra, puede optar por pagar con una transferencia bancaria o con bitcoins.<\/p>\n<p>Synthacaine para comprar en l\u00ednea Synthacaine se puede comprar en tiendas de productos qu\u00edmicos en l\u00ednea. Puedes encontrarlos. Las tiendas de productos qu\u00edmicos en l\u00ednea son el mejor lugar para comprar productos qu\u00edmicos de investigaci\u00f3n, porque los puede conseguir all\u00ed.<\/p>\n<p>\u00bfQu\u00e9 es la sintaca\u00edna? \u00bfD\u00f3nde lo puedo comprar? Best Global Meds es uno de los mejores lugares para comprar Synthacaine en l\u00ednea. A la venta: tenemos sintaca\u00edna de alta calidad a la venta.<\/p>\n<p>Compre polvo de sintaca\u00edna a un precio bajo en l\u00ednea.<\/p>\n<p>La sintaca\u00edna tiene una pureza del 99,8 %. La sintaca\u00edna se utiliza en la investigaci\u00f3n. Con 100 mg, es muy fuerte.<\/p>\n<\/p><\/div>\n","protected":false},"featured_media":5646,"comment_status":"open","ping_status":"closed","template":"","meta":[],"product_brand":[],"product_cat":[2014],"product_tag":[3359,3360,3361,3362,3379,3371,3365,3374,3363,3368,3373,3370,3372,3366,3364,3367,3375,3376,3369,3378,3377],"class_list":{"0":"post-5636","1":"product","2":"type-product","3":"status-publish","4":"has-post-thumbnail","6":"product_cat-comprar-investigacion-quimicos","7":"product_tag-buy-research-chemical-synthacaine-powder","8":"product_tag-buy-research-chemical-synthacaine-powder-online","9":"product_tag-buy-synthacaine-powder","10":"product_tag-comprar-sintacaina-en-polvo-es","11":"product_tag-donde-comprar-synthacaine-polvo","12":"product_tag-sintacana-polvo-efecto","13":"product_tag-investigacin-qumica-nuevo-lanzamiento-synthacaine-polvo","14":"product_tag-orden-de-sintacana-en-polvo","15":"product_tag-orden-synthacaine-polvo-europa","16":"product_tag-polvo-de-sintacana","17":"product_tag-synthacaine-polvo-online","18":"product_tag-sintacana-polvo-china","19":"product_tag-sintacana-en-polvo-para-la-venta","20":"product_tag-investigacin-qumica-synthacaine-polvo","21":"product_tag-investigacin-chem-synthacaine-polvo","22":"product_tag-investigacin-qumicos-online","23":"product_tag-polvo-de-sintacaina-reddit","24":"product_tag-sintacana-polvo-investigacin-qumica","25":"product_tag-synthacaine-powder-buy","26":"product_tag-synthacaine-powder-wholesale","27":"product_tag-sintacana-en-polvo-venta","29":"first","30":"instock","31":"shipping-taxable","32":"purchasable","33":"product-type-variable","34":"has-default-attributes"},"yoast_head":"<!-- This site is optimized with the Yoast SEO plugin v27.3 - https:\/\/yoast.com\/product\/yoast-seo-wordpress\/ -->\n<title>Compre polvo de sintaca\u00edna - Polvo de sintaca\u00edna - Best Global Meds<\/title>\n<meta name=\"description\" content=\"Compre Synthacaine Powder Reino Unido, Europa, Asia, China en nuestra tienda en l\u00ednea Best Global Meds con entrega r\u00e1pida en todo el mundo. \u00a1La mejor Synthacaine para ordenar la encontrar\u00e1s aqu\u00ed!\" \/>\n<meta name=\"robots\" content=\"index, follow, max-snippet:-1, max-image-preview:large, max-video-preview:-1\" \/>\n<link rel=\"canonical\" href=\"https:\/\/medicinasinc.com\/es\/product\/comprar-sintacaina-en-polvo\/\" \/>\n<meta property=\"og:locale\" content=\"es_ES\" \/>\n<meta property=\"og:type\" content=\"article\" \/>\n<meta property=\"og:title\" content=\"Compre polvo de sintaca\u00edna - Polvo de sintaca\u00edna - Best Global Meds\" \/>\n<meta property=\"og:description\" content=\"Compre Synthacaine Powder Reino Unido, Europa, Asia, China en nuestra tienda en l\u00ednea Best Global Meds con entrega r\u00e1pida en todo el mundo. \u00a1La mejor Synthacaine para ordenar la encontrar\u00e1s aqu\u00ed!\" \/>\n<meta property=\"og:url\" content=\"https:\/\/medicinasinc.com\/es\/product\/comprar-sintacaina-en-polvo\/\" \/>\n<meta property=\"og:site_name\" content=\"Medicinas Inc\" \/>\n<meta property=\"article:modified_time\" content=\"2022-03-22T00:40:57+00:00\" \/>\n<meta property=\"og:image\" content=\"https:\/\/medicinasinc.com\/es\/wp-content\/uploads\/sites\/15\/2022\/02\/Buy-Synthacaine-Powder.jpg\" \/>\n\t<meta property=\"og:image:width\" content=\"600\" \/>\n\t<meta property=\"og:image:height\" content=\"600\" \/>\n\t<meta property=\"og:image:type\" content=\"image\/jpeg\" \/>\n<meta name=\"twitter:card\" content=\"summary_large_image\" \/>\n<meta name=\"twitter:label1\" content=\"Tiempo de lectura\" \/>\n\t<meta name=\"twitter:data1\" content=\"2 minutos\" \/>\n<script type=\"application\/ld+json\" class=\"yoast-schema-graph\">{\"@context\":\"https:\\\/\\\/schema.org\",\"@graph\":[{\"@type\":\"WebPage\",\"@id\":\"https:\\\/\\\/medicinasinc.com\\\/es\\\/product\\\/comprar-sintacaina-en-polvo\\\/\",\"url\":\"https:\\\/\\\/medicinasinc.com\\\/es\\\/product\\\/comprar-sintacaina-en-polvo\\\/\",\"name\":\"Compre polvo de sintaca\u00edna - Polvo de sintaca\u00edna - Best Global Meds\",\"isPartOf\":{\"@id\":\"https:\\\/\\\/medicinasinc.com\\\/es\\\/#website\"},\"primaryImageOfPage\":{\"@id\":\"https:\\\/\\\/medicinasinc.com\\\/es\\\/product\\\/comprar-sintacaina-en-polvo\\\/#primaryimage\"},\"image\":{\"@id\":\"https:\\\/\\\/medicinasinc.com\\\/es\\\/product\\\/comprar-sintacaina-en-polvo\\\/#primaryimage\"},\"thumbnailUrl\":\"https:\\\/\\\/medicinasinc.com\\\/es\\\/wp-content\\\/uploads\\\/sites\\\/15\\\/2022\\\/02\\\/Buy-Synthacaine-Powder.jpg\",\"datePublished\":\"2022-02-22T03:08:33+00:00\",\"dateModified\":\"2022-03-22T00:40:57+00:00\",\"description\":\"Compre Synthacaine Powder Reino Unido, Europa, Asia, China en nuestra tienda en l\u00ednea Best Global Meds con entrega r\u00e1pida en todo el mundo. \u00a1La mejor Synthacaine para ordenar la encontrar\u00e1s aqu\u00ed!\",\"breadcrumb\":{\"@id\":\"https:\\\/\\\/medicinasinc.com\\\/es\\\/product\\\/comprar-sintacaina-en-polvo\\\/#breadcrumb\"},\"inLanguage\":\"es\",\"potentialAction\":[{\"@type\":\"ReadAction\",\"target\":[\"https:\\\/\\\/medicinasinc.com\\\/es\\\/product\\\/comprar-sintacaina-en-polvo\\\/\"]}]},{\"@type\":\"ImageObject\",\"inLanguage\":\"es\",\"@id\":\"https:\\\/\\\/medicinasinc.com\\\/es\\\/product\\\/comprar-sintacaina-en-polvo\\\/#primaryimage\",\"url\":\"https:\\\/\\\/medicinasinc.com\\\/es\\\/wp-content\\\/uploads\\\/sites\\\/15\\\/2022\\\/02\\\/Buy-Synthacaine-Powder.jpg\",\"contentUrl\":\"https:\\\/\\\/medicinasinc.com\\\/es\\\/wp-content\\\/uploads\\\/sites\\\/15\\\/2022\\\/02\\\/Buy-Synthacaine-Powder.jpg\",\"width\":600,\"height\":600},{\"@type\":\"BreadcrumbList\",\"@id\":\"https:\\\/\\\/medicinasinc.com\\\/es\\\/product\\\/comprar-sintacaina-en-polvo\\\/#breadcrumb\",\"itemListElement\":[{\"@type\":\"ListItem\",\"position\":1,\"name\":\"Tienda\",\"item\":\"https:\\\/\\\/medicinasinc.com\\\/es\\\/tienda\\\/\"},{\"@type\":\"ListItem\",\"position\":2,\"name\":\"Comprar polvo de sintaca\u00edna\"}]},{\"@type\":\"WebSite\",\"@id\":\"https:\\\/\\\/medicinasinc.com\\\/es\\\/#website\",\"url\":\"https:\\\/\\\/medicinasinc.com\\\/es\\\/\",\"name\":\"Medicinas Inc\",\"description\":\"Cl\u00ednica M\u00e9dica de Salud\",\"potentialAction\":[{\"@type\":\"SearchAction\",\"target\":{\"@type\":\"EntryPoint\",\"urlTemplate\":\"https:\\\/\\\/medicinasinc.com\\\/es\\\/?s={search_term_string}\"},\"query-input\":{\"@type\":\"PropertyValueSpecification\",\"valueRequired\":true,\"valueName\":\"search_term_string\"}}],\"inLanguage\":\"es\"}]}<\/script>\n<!-- \/ Yoast SEO plugin. -->","yoast_head_json":{"title":"Compre polvo de sintaca\u00edna - Polvo de sintaca\u00edna - Best Global Meds","description":"Compre Synthacaine Powder Reino Unido, Europa, Asia, China en nuestra tienda en l\u00ednea Best Global Meds con entrega r\u00e1pida en todo el mundo. \u00a1La mejor Synthacaine para ordenar la encontrar\u00e1s aqu\u00ed!","robots":{"index":"index","follow":"follow","max-snippet":"max-snippet:-1","max-image-preview":"max-image-preview:large","max-video-preview":"max-video-preview:-1"},"canonical":"https:\/\/medicinasinc.com\/es\/product\/comprar-sintacaina-en-polvo\/","og_locale":"es_ES","og_type":"article","og_title":"Compre polvo de sintaca\u00edna - Polvo de sintaca\u00edna - Best Global Meds","og_description":"Compre Synthacaine Powder Reino Unido, Europa, Asia, China en nuestra tienda en l\u00ednea Best Global Meds con entrega r\u00e1pida en todo el mundo. \u00a1La mejor Synthacaine para ordenar la encontrar\u00e1s aqu\u00ed!","og_url":"https:\/\/medicinasinc.com\/es\/product\/comprar-sintacaina-en-polvo\/","og_site_name":"Medicinas Inc","article_modified_time":"2022-03-22T00:40:57+00:00","og_image":[{"width":600,"height":600,"url":"https:\/\/medicinasinc.com\/es\/wp-content\/uploads\/sites\/15\/2022\/02\/Buy-Synthacaine-Powder.jpg","type":"image\/jpeg"}],"twitter_card":"summary_large_image","twitter_misc":{"Tiempo de lectura":"2 minutos"},"schema":{"@context":"https:\/\/schema.org","@graph":[{"@type":"WebPage","@id":"https:\/\/medicinasinc.com\/es\/product\/comprar-sintacaina-en-polvo\/","url":"https:\/\/medicinasinc.com\/es\/product\/comprar-sintacaina-en-polvo\/","name":"Compre polvo de sintaca\u00edna - Polvo de sintaca\u00edna - Best Global Meds","isPartOf":{"@id":"https:\/\/medicinasinc.com\/es\/#website"},"primaryImageOfPage":{"@id":"https:\/\/medicinasinc.com\/es\/product\/comprar-sintacaina-en-polvo\/#primaryimage"},"image":{"@id":"https:\/\/medicinasinc.com\/es\/product\/comprar-sintacaina-en-polvo\/#primaryimage"},"thumbnailUrl":"https:\/\/medicinasinc.com\/es\/wp-content\/uploads\/sites\/15\/2022\/02\/Buy-Synthacaine-Powder.jpg","datePublished":"2022-02-22T03:08:33+00:00","dateModified":"2022-03-22T00:40:57+00:00","description":"Compre Synthacaine Powder Reino Unido, Europa, Asia, China en nuestra tienda en l\u00ednea Best Global Meds con entrega r\u00e1pida en todo el mundo. \u00a1La mejor Synthacaine para ordenar la encontrar\u00e1s aqu\u00ed!","breadcrumb":{"@id":"https:\/\/medicinasinc.com\/es\/product\/comprar-sintacaina-en-polvo\/#breadcrumb"},"inLanguage":"es","potentialAction":[{"@type":"ReadAction","target":["https:\/\/medicinasinc.com\/es\/product\/comprar-sintacaina-en-polvo\/"]}]},{"@type":"ImageObject","inLanguage":"es","@id":"https:\/\/medicinasinc.com\/es\/product\/comprar-sintacaina-en-polvo\/#primaryimage","url":"https:\/\/medicinasinc.com\/es\/wp-content\/uploads\/sites\/15\/2022\/02\/Buy-Synthacaine-Powder.jpg","contentUrl":"https:\/\/medicinasinc.com\/es\/wp-content\/uploads\/sites\/15\/2022\/02\/Buy-Synthacaine-Powder.jpg","width":600,"height":600},{"@type":"BreadcrumbList","@id":"https:\/\/medicinasinc.com\/es\/product\/comprar-sintacaina-en-polvo\/#breadcrumb","itemListElement":[{"@type":"ListItem","position":1,"name":"Tienda","item":"https:\/\/medicinasinc.com\/es\/tienda\/"},{"@type":"ListItem","position":2,"name":"Comprar polvo de sintaca\u00edna"}]},{"@type":"WebSite","@id":"https:\/\/medicinasinc.com\/es\/#website","url":"https:\/\/medicinasinc.com\/es\/","name":"Medicinas Inc","description":"Cl\u00ednica M\u00e9dica de Salud","potentialAction":[{"@type":"SearchAction","target":{"@type":"EntryPoint","urlTemplate":"https:\/\/medicinasinc.com\/es\/?s={search_term_string}"},"query-input":{"@type":"PropertyValueSpecification","valueRequired":true,"valueName":"search_term_string"}}],"inLanguage":"es"}]}},"_links":{"self":[{"href":"https:\/\/medicinasinc.com\/es\/wp-json\/wp\/v2\/product\/5636","targetHints":{"allow":["GET"]}}],"collection":[{"href":"https:\/\/medicinasinc.com\/es\/wp-json\/wp\/v2\/product"}],"about":[{"href":"https:\/\/medicinasinc.com\/es\/wp-json\/wp\/v2\/types\/product"}],"replies":[{"embeddable":true,"href":"https:\/\/medicinasinc.com\/es\/wp-json\/wp\/v2\/comments?post=5636"}],"wp:featuredmedia":[{"embeddable":true,"href":"https:\/\/medicinasinc.com\/es\/wp-json\/wp\/v2\/media\/5646"}],"wp:attachment":[{"href":"https:\/\/medicinasinc.com\/es\/wp-json\/wp\/v2\/media?parent=5636"}],"wp:term":[{"taxonomy":"product_brand","embeddable":true,"href":"https:\/\/medicinasinc.com\/es\/wp-json\/wp\/v2\/product_brand?post=5636"},{"taxonomy":"product_cat","embeddable":true,"href":"https:\/\/medicinasinc.com\/es\/wp-json\/wp\/v2\/product_cat?post=5636"},{"taxonomy":"product_tag","embeddable":true,"href":"https:\/\/medicinasinc.com\/es\/wp-json\/wp\/v2\/product_tag?post=5636"}],"curies":[{"name":"wp","href":"https:\/\/api.w.org\/{rel}","templated":true}]}}