{"id":5635,"date":"2022-02-22T03:07:02","date_gmt":"2022-02-22T03:07:02","guid":{"rendered":"https:\/\/medicinasinc.com\/es\/?post_type=product&#038;p=5635"},"modified":"2022-03-22T00:41:06","modified_gmt":"2022-03-22T00:41:06","slug":"comprar-tranquilidad-sal-de-bano","status":"publish","type":"product","link":"https:\/\/medicinasinc.com\/es\/product\/comprar-tranquilidad-sal-de-bano\/","title":{"rendered":"Comprar Sal de Ba\u00f1o Tranquilidad"},"content":{"rendered":"<p>Comprar sales de ba\u00f1o Tranquility en l\u00ednea: \u00bfC\u00f3mo comprarlas?<\/p>\n<p>Best Best Global Meds vende sales de ba\u00f1o de alta calidad que te dar\u00e1n un ba\u00f1o suave y sensual que te dejar\u00e1 sinti\u00e9ndote limpio.<\/p>\n<p>Cuando nos \u00abcompre sales de ba\u00f1o de tranquilidad en l\u00ednea\u00bb, puede estar seguro de que son las mejores que puede obtener. Vendemos y compramos otras sales de ba\u00f1o concentradas a buenos precios.<\/p>\n<p>Nuestras sales de ba\u00f1o tienen un olor fuerte.<\/p>\n<p>\u00bfEst\u00e1s buscando un lugar donde comprar sales de ba\u00f1o tranquilidad en la web? Chemicals Lab le brinda la oportunidad de comprar sales de ba\u00f1o de tranquilidad en l\u00ednea sin tener que lidiar con ning\u00fan problema o incomodidad. Trabajamos d\u00eda y noche para asegurarnos de que ahorre dinero cada vez que compre sales de ba\u00f1o de tranquilidad en nuestra farmacia en l\u00ednea. Cuando compra algo de Chemicals Lab, queremos que pague menos y obtenga m\u00e1s.<\/p>\n<div class=\"product-next-previous\">\n<div class=\"product-prev\"><\/div><\/div>\n","protected":false},"excerpt":{"rendered":"<p>En nuestro sitio web de bestglobalmeds, puede comprar Tranquility Bath Salt del Reino Unido, Europa, Asia y China y recibirlo r\u00e1pidamente en todo el mundo. Aqu\u00ed es donde puede comprar la mejor sal de ba\u00f1o Tranquility a pedido.<\/p>\n<p>Las sales de ba\u00f1o Tranquility se pueden comprar en l\u00ednea de un proveedor de confianza. Vendemos los mejores productos para el ba\u00f1o, como sales de ba\u00f1o.<\/p>\n<p>\u00a1Compre Sales de Ba\u00f1o Tranquility Online AHORA! Tenemos los mejores productos de ba\u00f1o, como sales de ba\u00f1o, para darte.<\/p>\n","protected":false},"featured_media":5644,"comment_status":"open","ping_status":"closed","template":"","meta":[],"product_brand":[],"product_cat":[2014],"product_tag":[3344,3345,3346,3358,3354,3348,3347,3356,3353,3349,3350,3357,3351,3352,3355],"class_list":{"0":"post-5635","1":"product","2":"type-product","3":"status-publish","4":"has-post-thumbnail","6":"product_cat-comprar-investigacion-quimicos","7":"product_tag-buy-tranquility-bath-salts","8":"product_tag-buy-tranquility-bath-salts-online","9":"product_tag-comprar-sales-de-bano-tranquilidad-es","10":"product_tag-donde-comprar-sales-de-bano-tranquilidad","11":"product_tag-tranquilidad-sales-de-bano-minorista","12":"product_tag-order-tranquility-bath-salts-online","13":"product_tag-orden-tranquilidad-sales-de-bano","14":"product_tag-tranquilidad-sales-de-bano-proveedor","15":"product_tag-tranquilidad-sales-de-bano-reddit","16":"product_tag-sales-de-bano-tranquilidad","17":"product_tag-sales-de-bano-tranquilidad-en-venta","18":"product_tag-tranquilidad-sales-de-bano-al-por-mayor","19":"product_tag-tranquilidad-sales-de-bano-online","20":"product_tag-tranquilidad-sales-de-bano-orden-europa","21":"product_tag-tranquilidad-sales-de-bano-venta","23":"first","24":"instock","25":"shipping-taxable","26":"purchasable","27":"product-type-variable"},"yoast_head":"<!-- This site is optimized with the Yoast SEO plugin v27.3 - https:\/\/yoast.com\/product\/yoast-seo-wordpress\/ -->\n<title>Comprar sal de ba\u00f1o Tranquility - Sal de ba\u00f1o Tranquility - Best Global Meds<\/title>\n<meta name=\"description\" content=\"Compre Tranquility Bath Salt Reino Unido, Europa, Asia, China en nuestra tienda en l\u00ednea bestglobalmeds con entrega r\u00e1pida en todo el mundo. \u00a1La mejor Sal de Ba\u00f1o Tranquilidad por encargo la encontrar\u00e1s aqu\u00ed!\" \/>\n<meta name=\"robots\" content=\"index, follow, max-snippet:-1, max-image-preview:large, max-video-preview:-1\" \/>\n<link rel=\"canonical\" href=\"https:\/\/medicinasinc.com\/es\/product\/comprar-tranquilidad-sal-de-bano\/\" \/>\n<meta property=\"og:locale\" content=\"es_ES\" \/>\n<meta property=\"og:type\" content=\"article\" \/>\n<meta property=\"og:title\" content=\"Comprar sal de ba\u00f1o Tranquility - Sal de ba\u00f1o Tranquility - Best Global Meds\" \/>\n<meta property=\"og:description\" content=\"Compre Tranquility Bath Salt Reino Unido, Europa, Asia, China en nuestra tienda en l\u00ednea bestglobalmeds con entrega r\u00e1pida en todo el mundo. \u00a1La mejor Sal de Ba\u00f1o Tranquilidad por encargo la encontrar\u00e1s aqu\u00ed!\" \/>\n<meta property=\"og:url\" content=\"https:\/\/medicinasinc.com\/es\/product\/comprar-tranquilidad-sal-de-bano\/\" \/>\n<meta property=\"og:site_name\" content=\"Medicinas Inc\" \/>\n<meta property=\"article:modified_time\" content=\"2022-03-22T00:41:06+00:00\" \/>\n<meta property=\"og:image\" content=\"https:\/\/medicinasinc.com\/es\/wp-content\/uploads\/sites\/15\/2022\/02\/Buy-Tranquility-Bath-Salt.jpg\" \/>\n\t<meta property=\"og:image:width\" content=\"236\" \/>\n\t<meta property=\"og:image:height\" content=\"225\" \/>\n\t<meta property=\"og:image:type\" content=\"image\/jpeg\" \/>\n<meta name=\"twitter:card\" content=\"summary_large_image\" \/>\n<meta name=\"twitter:label1\" content=\"Tiempo de lectura\" \/>\n\t<meta name=\"twitter:data1\" content=\"1 minuto\" \/>\n<script type=\"application\/ld+json\" class=\"yoast-schema-graph\">{\"@context\":\"https:\\\/\\\/schema.org\",\"@graph\":[{\"@type\":\"WebPage\",\"@id\":\"https:\\\/\\\/medicinasinc.com\\\/es\\\/product\\\/comprar-tranquilidad-sal-de-bano\\\/\",\"url\":\"https:\\\/\\\/medicinasinc.com\\\/es\\\/product\\\/comprar-tranquilidad-sal-de-bano\\\/\",\"name\":\"Comprar sal de ba\u00f1o Tranquility - Sal de ba\u00f1o Tranquility - Best Global Meds\",\"isPartOf\":{\"@id\":\"https:\\\/\\\/medicinasinc.com\\\/es\\\/#website\"},\"primaryImageOfPage\":{\"@id\":\"https:\\\/\\\/medicinasinc.com\\\/es\\\/product\\\/comprar-tranquilidad-sal-de-bano\\\/#primaryimage\"},\"image\":{\"@id\":\"https:\\\/\\\/medicinasinc.com\\\/es\\\/product\\\/comprar-tranquilidad-sal-de-bano\\\/#primaryimage\"},\"thumbnailUrl\":\"https:\\\/\\\/medicinasinc.com\\\/es\\\/wp-content\\\/uploads\\\/sites\\\/15\\\/2022\\\/02\\\/Buy-Tranquility-Bath-Salt.jpg\",\"datePublished\":\"2022-02-22T03:07:02+00:00\",\"dateModified\":\"2022-03-22T00:41:06+00:00\",\"description\":\"Compre Tranquility Bath Salt Reino Unido, Europa, Asia, China en nuestra tienda en l\u00ednea bestglobalmeds con entrega r\u00e1pida en todo el mundo. \u00a1La mejor Sal de Ba\u00f1o Tranquilidad por encargo la encontrar\u00e1s aqu\u00ed!\",\"breadcrumb\":{\"@id\":\"https:\\\/\\\/medicinasinc.com\\\/es\\\/product\\\/comprar-tranquilidad-sal-de-bano\\\/#breadcrumb\"},\"inLanguage\":\"es\",\"potentialAction\":[{\"@type\":\"ReadAction\",\"target\":[\"https:\\\/\\\/medicinasinc.com\\\/es\\\/product\\\/comprar-tranquilidad-sal-de-bano\\\/\"]}]},{\"@type\":\"ImageObject\",\"inLanguage\":\"es\",\"@id\":\"https:\\\/\\\/medicinasinc.com\\\/es\\\/product\\\/comprar-tranquilidad-sal-de-bano\\\/#primaryimage\",\"url\":\"https:\\\/\\\/medicinasinc.com\\\/es\\\/wp-content\\\/uploads\\\/sites\\\/15\\\/2022\\\/02\\\/Buy-Tranquility-Bath-Salt.jpg\",\"contentUrl\":\"https:\\\/\\\/medicinasinc.com\\\/es\\\/wp-content\\\/uploads\\\/sites\\\/15\\\/2022\\\/02\\\/Buy-Tranquility-Bath-Salt.jpg\",\"width\":236,\"height\":225},{\"@type\":\"BreadcrumbList\",\"@id\":\"https:\\\/\\\/medicinasinc.com\\\/es\\\/product\\\/comprar-tranquilidad-sal-de-bano\\\/#breadcrumb\",\"itemListElement\":[{\"@type\":\"ListItem\",\"position\":1,\"name\":\"Tienda\",\"item\":\"https:\\\/\\\/medicinasinc.com\\\/es\\\/tienda\\\/\"},{\"@type\":\"ListItem\",\"position\":2,\"name\":\"Comprar Sal de Ba\u00f1o Tranquilidad\"}]},{\"@type\":\"WebSite\",\"@id\":\"https:\\\/\\\/medicinasinc.com\\\/es\\\/#website\",\"url\":\"https:\\\/\\\/medicinasinc.com\\\/es\\\/\",\"name\":\"Medicinas Inc\",\"description\":\"Cl\u00ednica M\u00e9dica de Salud\",\"potentialAction\":[{\"@type\":\"SearchAction\",\"target\":{\"@type\":\"EntryPoint\",\"urlTemplate\":\"https:\\\/\\\/medicinasinc.com\\\/es\\\/?s={search_term_string}\"},\"query-input\":{\"@type\":\"PropertyValueSpecification\",\"valueRequired\":true,\"valueName\":\"search_term_string\"}}],\"inLanguage\":\"es\"}]}<\/script>\n<!-- \/ Yoast SEO plugin. -->","yoast_head_json":{"title":"Comprar sal de ba\u00f1o Tranquility - Sal de ba\u00f1o Tranquility - Best Global Meds","description":"Compre Tranquility Bath Salt Reino Unido, Europa, Asia, China en nuestra tienda en l\u00ednea bestglobalmeds con entrega r\u00e1pida en todo el mundo. \u00a1La mejor Sal de Ba\u00f1o Tranquilidad por encargo la encontrar\u00e1s aqu\u00ed!","robots":{"index":"index","follow":"follow","max-snippet":"max-snippet:-1","max-image-preview":"max-image-preview:large","max-video-preview":"max-video-preview:-1"},"canonical":"https:\/\/medicinasinc.com\/es\/product\/comprar-tranquilidad-sal-de-bano\/","og_locale":"es_ES","og_type":"article","og_title":"Comprar sal de ba\u00f1o Tranquility - Sal de ba\u00f1o Tranquility - Best Global Meds","og_description":"Compre Tranquility Bath Salt Reino Unido, Europa, Asia, China en nuestra tienda en l\u00ednea bestglobalmeds con entrega r\u00e1pida en todo el mundo. \u00a1La mejor Sal de Ba\u00f1o Tranquilidad por encargo la encontrar\u00e1s aqu\u00ed!","og_url":"https:\/\/medicinasinc.com\/es\/product\/comprar-tranquilidad-sal-de-bano\/","og_site_name":"Medicinas Inc","article_modified_time":"2022-03-22T00:41:06+00:00","og_image":[{"width":236,"height":225,"url":"https:\/\/medicinasinc.com\/es\/wp-content\/uploads\/sites\/15\/2022\/02\/Buy-Tranquility-Bath-Salt.jpg","type":"image\/jpeg"}],"twitter_card":"summary_large_image","twitter_misc":{"Tiempo de lectura":"1 minuto"},"schema":{"@context":"https:\/\/schema.org","@graph":[{"@type":"WebPage","@id":"https:\/\/medicinasinc.com\/es\/product\/comprar-tranquilidad-sal-de-bano\/","url":"https:\/\/medicinasinc.com\/es\/product\/comprar-tranquilidad-sal-de-bano\/","name":"Comprar sal de ba\u00f1o Tranquility - Sal de ba\u00f1o Tranquility - Best Global Meds","isPartOf":{"@id":"https:\/\/medicinasinc.com\/es\/#website"},"primaryImageOfPage":{"@id":"https:\/\/medicinasinc.com\/es\/product\/comprar-tranquilidad-sal-de-bano\/#primaryimage"},"image":{"@id":"https:\/\/medicinasinc.com\/es\/product\/comprar-tranquilidad-sal-de-bano\/#primaryimage"},"thumbnailUrl":"https:\/\/medicinasinc.com\/es\/wp-content\/uploads\/sites\/15\/2022\/02\/Buy-Tranquility-Bath-Salt.jpg","datePublished":"2022-02-22T03:07:02+00:00","dateModified":"2022-03-22T00:41:06+00:00","description":"Compre Tranquility Bath Salt Reino Unido, Europa, Asia, China en nuestra tienda en l\u00ednea bestglobalmeds con entrega r\u00e1pida en todo el mundo. \u00a1La mejor Sal de Ba\u00f1o Tranquilidad por encargo la encontrar\u00e1s aqu\u00ed!","breadcrumb":{"@id":"https:\/\/medicinasinc.com\/es\/product\/comprar-tranquilidad-sal-de-bano\/#breadcrumb"},"inLanguage":"es","potentialAction":[{"@type":"ReadAction","target":["https:\/\/medicinasinc.com\/es\/product\/comprar-tranquilidad-sal-de-bano\/"]}]},{"@type":"ImageObject","inLanguage":"es","@id":"https:\/\/medicinasinc.com\/es\/product\/comprar-tranquilidad-sal-de-bano\/#primaryimage","url":"https:\/\/medicinasinc.com\/es\/wp-content\/uploads\/sites\/15\/2022\/02\/Buy-Tranquility-Bath-Salt.jpg","contentUrl":"https:\/\/medicinasinc.com\/es\/wp-content\/uploads\/sites\/15\/2022\/02\/Buy-Tranquility-Bath-Salt.jpg","width":236,"height":225},{"@type":"BreadcrumbList","@id":"https:\/\/medicinasinc.com\/es\/product\/comprar-tranquilidad-sal-de-bano\/#breadcrumb","itemListElement":[{"@type":"ListItem","position":1,"name":"Tienda","item":"https:\/\/medicinasinc.com\/es\/tienda\/"},{"@type":"ListItem","position":2,"name":"Comprar Sal de Ba\u00f1o Tranquilidad"}]},{"@type":"WebSite","@id":"https:\/\/medicinasinc.com\/es\/#website","url":"https:\/\/medicinasinc.com\/es\/","name":"Medicinas Inc","description":"Cl\u00ednica M\u00e9dica de Salud","potentialAction":[{"@type":"SearchAction","target":{"@type":"EntryPoint","urlTemplate":"https:\/\/medicinasinc.com\/es\/?s={search_term_string}"},"query-input":{"@type":"PropertyValueSpecification","valueRequired":true,"valueName":"search_term_string"}}],"inLanguage":"es"}]}},"_links":{"self":[{"href":"https:\/\/medicinasinc.com\/es\/wp-json\/wp\/v2\/product\/5635","targetHints":{"allow":["GET"]}}],"collection":[{"href":"https:\/\/medicinasinc.com\/es\/wp-json\/wp\/v2\/product"}],"about":[{"href":"https:\/\/medicinasinc.com\/es\/wp-json\/wp\/v2\/types\/product"}],"replies":[{"embeddable":true,"href":"https:\/\/medicinasinc.com\/es\/wp-json\/wp\/v2\/comments?post=5635"}],"wp:featuredmedia":[{"embeddable":true,"href":"https:\/\/medicinasinc.com\/es\/wp-json\/wp\/v2\/media\/5644"}],"wp:attachment":[{"href":"https:\/\/medicinasinc.com\/es\/wp-json\/wp\/v2\/media?parent=5635"}],"wp:term":[{"taxonomy":"product_brand","embeddable":true,"href":"https:\/\/medicinasinc.com\/es\/wp-json\/wp\/v2\/product_brand?post=5635"},{"taxonomy":"product_cat","embeddable":true,"href":"https:\/\/medicinasinc.com\/es\/wp-json\/wp\/v2\/product_cat?post=5635"},{"taxonomy":"product_tag","embeddable":true,"href":"https:\/\/medicinasinc.com\/es\/wp-json\/wp\/v2\/product_tag?post=5635"}],"curies":[{"name":"wp","href":"https:\/\/api.w.org\/{rel}","templated":true}]}}