{"id":5617,"date":"2022-02-22T02:48:56","date_gmt":"2022-02-22T02:48:56","guid":{"rendered":"https:\/\/medicinasinc.com\/es\/?post_type=product&#038;p=5617"},"modified":"2022-03-22T00:41:15","modified_gmt":"2022-03-22T00:41:15","slug":"comprar-u-47700-polvo","status":"publish","type":"product","link":"https:\/\/medicinasinc.com\/es\/product\/comprar-u-47700-polvo\/","title":{"rendered":"Comprar Polvo U-47700"},"content":{"rendered":"<p>En l\u00ednea, puede comprar U-47700 en polvo a un precio muy bajo.<\/p>\n<p>Compre U-47700 en bestglobalmeds.com.<br \/> Un analg\u00e9sico llamado U-47700 es parte del opioide familia. Upjohn lo fabric\u00f3 por primera vez hace unos 40 a\u00f1os. Estaba hecho de AH-7921, que es un opioide similar. El U-47700 fue importante en el desarrollo de esta clase de opioides, pero no se ha probado en humanos ni en animales.<\/p>\n<p>Farmacolog\u00eda: el U-47700 es muy bueno para atacar al receptor de opioides -. Se cree que es de 7 a 8 veces m\u00e1s potente que la dosis por dosis de morfina. Se cree que es un fuerte agonista kappa, lo que significa que no deber\u00eda causar mucha disforia u otros problemas.<\/p>\n<p>Personas que elaboran los mismos tipos de sustancias qu\u00edmicas<\/p>\n<p>U-50488<br \/> AH-7921<br \/> U-69,593<br \/> Suecia ha prohibido el U-47700 desde enero de 2016, pero ning\u00fan otro pa\u00eds importante ha hecho lo mismo.<\/p>\n<p>U-47700, como la mayor\u00eda opioides y sus derivados, no es seguro para el consumo humano. Solo se vende a investigadores qu\u00edmicos y personas que trabajan en laboratorios.<\/p>\n","protected":false},"excerpt":{"rendered":"<div class=\"woocommerce-product-details__short-description\">\n<p>\u00a1Es f\u00e1cil comprar polvo U-47700 en l\u00ednea en nuestra tienda bestglobalmeds.com y recibirlo r\u00e1pidamente en cualquier pa\u00eds del mundo! \u00a1El mejor Polvo U-47700 que puede comprar est\u00e1 aqu\u00ed!<\/p>\n<p>Compre Polvo U-47700 en l\u00ednea. Este polvo marr\u00f3n es muy puro. El 99,8 % de las veces, es natural.<\/p>\n<p>En l\u00ednea, puede comprar 1 onza de polvo U-47700 a bajo precio. Una dosis t\u00edpica es de unos pocos miligramos. Mira en qu\u00e9 te est\u00e1s metiendo.<\/p>\n<div class=\"char\">ESPECIFICACI\u00d3N<\/div>\n<div class=\"especificaci\u00f3n\">\n<div class=\"sprow\"><span class=\"spname \">Nombre del producto:<\/span><span class=\"sptext\">U-47700<\/span><\/div>\n<div class=\"sprow\"><span class=\"spname\">Nombre IUPAC:<\/span><span class=\"sptext\">trans-3,4-dicloro-N-(2-(dimetilamino)ciclohexil)-N-metilbenzamida<\/span><\/div>\n<div class=\"sprow\"><span class=\"spname\">Otros nombres:<\/span><span class=\"sptext\">Rosa, Pinky, U-47700<\/span><\/div>\n<div class=\"sprow\"><span class=\"spname\">N\u00famero CAS:<\/span><span class=\"sptext\">121348-98-9<\/span><\/div>\n<div class=\"sprow\"><span class=\"spname\">F\u00f3rmula molecular:<\/span><span class=\"sptext\">C16H22Cl2N2O<\/span><\/div>\n<div class=\"sprow\"><span class=\"spname\">Masa molar:<\/span><span class=\"sptext\"> 329,265 g\/mol<\/span><\/div>\n<div class=\"sprow\"><span class=\"spname\">Efecto:<\/span><span class=\"sptext\">sedante<\/span><\/div>\n<div class=\"sprow\"><span class=\"spname\">Pureza de la sustancia:<\/span><span class=\"sptext\"> 99,9 %<\/span><\/div>\n<div class=\"sprow\"><span class=\"spname\">Propiedades f\u00edsicas:<\/span><span class=\"sptext\">Polvo cristalino<\/span><\/div>\n<\/p><\/div>\n<\/p><\/div>\n","protected":false},"featured_media":5629,"comment_status":"open","ping_status":"closed","template":"","meta":[],"product_brand":[],"product_cat":[2014],"product_tag":[3322,3325,3323,3324,3342,3339,3326,3327,3330,3332,3334,3337,3328,3329,3338,3333,3331,3335,3336,3340,3343,3341],"class_list":{"0":"post-5617","1":"product","2":"type-product","3":"status-publish","4":"has-post-thumbnail","6":"product_cat-comprar-investigacion-quimicos","7":"product_tag-best-place-to-buy-u-47700-powder","8":"product_tag-buy-u-47700-powder-uk","9":"product_tag-comprar-u-47700-polvo","10":"product_tag-comprar-u-47700-polvo-europa","11":"product_tag-donde-comprar-u-47700-polvo","12":"product_tag-u-47700-polvo-orden","13":"product_tag-order-u-47700-powder","14":"product_tag-venta-al-por-menor-u-47700-polvo","15":"product_tag-u-47700-polvo-efecto","16":"product_tag-u-47700-polvo-en-venta","17":"product_tag-u-47700-polvo-alemania","18":"product_tag-u-47700-polvo-cerca-de-m","19":"product_tag-u-47700-polvo-comprar","20":"product_tag-u-47700-polvo-comprar-es","21":"product_tag-u-47700-polvo-online","22":"product_tag-u-47700-polvo-en-venta-online","23":"product_tag-u-47700-polvo-europa","24":"product_tag-u-47700-polvo-google","25":"product_tag-u-47700-polvo-lituania","26":"product_tag-u-47700-polvo-reddit","27":"product_tag-venta-al-por-mayor-u-47700-polvo","28":"product_tag-u-47700-polvo-venta","30":"first","31":"instock","32":"shipping-taxable","33":"purchasable","34":"product-type-variable","35":"has-default-attributes"},"yoast_head":"<!-- This site is optimized with the Yoast SEO plugin v27.2 - https:\/\/yoast.com\/product\/yoast-seo-wordpress\/ -->\n<title>Comprar polvo U-47700 - Polvo U-47700 en l\u00ednea - Best Global Meds<\/title>\n<meta name=\"description\" content=\"\u00a1Compre polvo U-47700 en el Reino Unido, Europa, Asia, China en nuestra tienda en l\u00ednea bestglobalmeds.com con entrega r\u00e1pida en todo el mundo! \u00a1El mejor Polvo U-47700 para ordenar lo encontrar\u00e1s aqu\u00ed!\" \/>\n<meta name=\"robots\" content=\"index, follow, max-snippet:-1, max-image-preview:large, max-video-preview:-1\" \/>\n<link rel=\"canonical\" href=\"https:\/\/medicinasinc.com\/es\/product\/comprar-u-47700-polvo\/\" \/>\n<meta property=\"og:locale\" content=\"es_ES\" \/>\n<meta property=\"og:type\" content=\"article\" \/>\n<meta property=\"og:title\" content=\"Comprar polvo U-47700 - Polvo U-47700 en l\u00ednea - Best Global Meds\" \/>\n<meta property=\"og:description\" content=\"\u00a1Compre polvo U-47700 en el Reino Unido, Europa, Asia, China en nuestra tienda en l\u00ednea bestglobalmeds.com con entrega r\u00e1pida en todo el mundo! \u00a1El mejor Polvo U-47700 para ordenar lo encontrar\u00e1s aqu\u00ed!\" \/>\n<meta property=\"og:url\" content=\"https:\/\/medicinasinc.com\/es\/product\/comprar-u-47700-polvo\/\" \/>\n<meta property=\"og:site_name\" content=\"Medicinas Inc\" \/>\n<meta property=\"article:modified_time\" content=\"2022-03-22T00:41:15+00:00\" \/>\n<meta property=\"og:image\" content=\"https:\/\/medicinasinc.com\/es\/wp-content\/uploads\/sites\/15\/2022\/02\/Buy-U-47700-POWDER.jpg\" \/>\n\t<meta property=\"og:image:width\" content=\"600\" \/>\n\t<meta property=\"og:image:height\" content=\"600\" \/>\n\t<meta property=\"og:image:type\" content=\"image\/jpeg\" \/>\n<meta name=\"twitter:card\" content=\"summary_large_image\" \/>\n<meta name=\"twitter:label1\" content=\"Tiempo de lectura\" \/>\n\t<meta name=\"twitter:data1\" content=\"1 minuto\" \/>\n<script type=\"application\/ld+json\" class=\"yoast-schema-graph\">{\"@context\":\"https:\/\/schema.org\",\"@graph\":[{\"@type\":\"WebPage\",\"@id\":\"https:\/\/medicinasinc.com\/es\/product\/comprar-u-47700-polvo\/\",\"url\":\"https:\/\/medicinasinc.com\/es\/product\/comprar-u-47700-polvo\/\",\"name\":\"Comprar polvo U-47700 - Polvo U-47700 en l\u00ednea - Best Global Meds\",\"isPartOf\":{\"@id\":\"https:\/\/medicinasinc.com\/es\/#website\"},\"primaryImageOfPage\":{\"@id\":\"https:\/\/medicinasinc.com\/es\/product\/comprar-u-47700-polvo\/#primaryimage\"},\"image\":{\"@id\":\"https:\/\/medicinasinc.com\/es\/product\/comprar-u-47700-polvo\/#primaryimage\"},\"thumbnailUrl\":\"https:\/\/medicinasinc.com\/es\/wp-content\/uploads\/sites\/15\/2022\/02\/Buy-U-47700-POWDER.jpg\",\"datePublished\":\"2022-02-22T02:48:56+00:00\",\"dateModified\":\"2022-03-22T00:41:15+00:00\",\"description\":\"\u00a1Compre polvo U-47700 en el Reino Unido, Europa, Asia, China en nuestra tienda en l\u00ednea bestglobalmeds.com con entrega r\u00e1pida en todo el mundo! \u00a1El mejor Polvo U-47700 para ordenar lo encontrar\u00e1s aqu\u00ed!\",\"breadcrumb\":{\"@id\":\"https:\/\/medicinasinc.com\/es\/product\/comprar-u-47700-polvo\/#breadcrumb\"},\"inLanguage\":\"es\",\"potentialAction\":[{\"@type\":\"ReadAction\",\"target\":[\"https:\/\/medicinasinc.com\/es\/product\/comprar-u-47700-polvo\/\"]}]},{\"@type\":\"ImageObject\",\"inLanguage\":\"es\",\"@id\":\"https:\/\/medicinasinc.com\/es\/product\/comprar-u-47700-polvo\/#primaryimage\",\"url\":\"https:\/\/medicinasinc.com\/es\/wp-content\/uploads\/sites\/15\/2022\/02\/Buy-U-47700-POWDER.jpg\",\"contentUrl\":\"https:\/\/medicinasinc.com\/es\/wp-content\/uploads\/sites\/15\/2022\/02\/Buy-U-47700-POWDER.jpg\",\"width\":600,\"height\":600},{\"@type\":\"BreadcrumbList\",\"@id\":\"https:\/\/medicinasinc.com\/es\/product\/comprar-u-47700-polvo\/#breadcrumb\",\"itemListElement\":[{\"@type\":\"ListItem\",\"position\":1,\"name\":\"Tienda\",\"item\":\"https:\/\/medicinasinc.com\/es\/tienda\/\"},{\"@type\":\"ListItem\",\"position\":2,\"name\":\"Comprar Polvo U-47700\"}]},{\"@type\":\"WebSite\",\"@id\":\"https:\/\/medicinasinc.com\/es\/#website\",\"url\":\"https:\/\/medicinasinc.com\/es\/\",\"name\":\"Medicinas Inc\",\"description\":\"Cl\u00ednica M\u00e9dica de Salud\",\"potentialAction\":[{\"@type\":\"SearchAction\",\"target\":{\"@type\":\"EntryPoint\",\"urlTemplate\":\"https:\/\/medicinasinc.com\/es\/?s={search_term_string}\"},\"query-input\":{\"@type\":\"PropertyValueSpecification\",\"valueRequired\":true,\"valueName\":\"search_term_string\"}}],\"inLanguage\":\"es\"}]}<\/script>\n<!-- \/ Yoast SEO plugin. -->","yoast_head_json":{"title":"Comprar polvo U-47700 - Polvo U-47700 en l\u00ednea - Best Global Meds","description":"\u00a1Compre polvo U-47700 en el Reino Unido, Europa, Asia, China en nuestra tienda en l\u00ednea bestglobalmeds.com con entrega r\u00e1pida en todo el mundo! \u00a1El mejor Polvo U-47700 para ordenar lo encontrar\u00e1s aqu\u00ed!","robots":{"index":"index","follow":"follow","max-snippet":"max-snippet:-1","max-image-preview":"max-image-preview:large","max-video-preview":"max-video-preview:-1"},"canonical":"https:\/\/medicinasinc.com\/es\/product\/comprar-u-47700-polvo\/","og_locale":"es_ES","og_type":"article","og_title":"Comprar polvo U-47700 - Polvo U-47700 en l\u00ednea - Best Global Meds","og_description":"\u00a1Compre polvo U-47700 en el Reino Unido, Europa, Asia, China en nuestra tienda en l\u00ednea bestglobalmeds.com con entrega r\u00e1pida en todo el mundo! \u00a1El mejor Polvo U-47700 para ordenar lo encontrar\u00e1s aqu\u00ed!","og_url":"https:\/\/medicinasinc.com\/es\/product\/comprar-u-47700-polvo\/","og_site_name":"Medicinas Inc","article_modified_time":"2022-03-22T00:41:15+00:00","og_image":[{"width":600,"height":600,"url":"https:\/\/medicinasinc.com\/es\/wp-content\/uploads\/sites\/15\/2022\/02\/Buy-U-47700-POWDER.jpg","type":"image\/jpeg"}],"twitter_card":"summary_large_image","twitter_misc":{"Tiempo de lectura":"1 minuto"},"schema":{"@context":"https:\/\/schema.org","@graph":[{"@type":"WebPage","@id":"https:\/\/medicinasinc.com\/es\/product\/comprar-u-47700-polvo\/","url":"https:\/\/medicinasinc.com\/es\/product\/comprar-u-47700-polvo\/","name":"Comprar polvo U-47700 - Polvo U-47700 en l\u00ednea - Best Global Meds","isPartOf":{"@id":"https:\/\/medicinasinc.com\/es\/#website"},"primaryImageOfPage":{"@id":"https:\/\/medicinasinc.com\/es\/product\/comprar-u-47700-polvo\/#primaryimage"},"image":{"@id":"https:\/\/medicinasinc.com\/es\/product\/comprar-u-47700-polvo\/#primaryimage"},"thumbnailUrl":"https:\/\/medicinasinc.com\/es\/wp-content\/uploads\/sites\/15\/2022\/02\/Buy-U-47700-POWDER.jpg","datePublished":"2022-02-22T02:48:56+00:00","dateModified":"2022-03-22T00:41:15+00:00","description":"\u00a1Compre polvo U-47700 en el Reino Unido, Europa, Asia, China en nuestra tienda en l\u00ednea bestglobalmeds.com con entrega r\u00e1pida en todo el mundo! \u00a1El mejor Polvo U-47700 para ordenar lo encontrar\u00e1s aqu\u00ed!","breadcrumb":{"@id":"https:\/\/medicinasinc.com\/es\/product\/comprar-u-47700-polvo\/#breadcrumb"},"inLanguage":"es","potentialAction":[{"@type":"ReadAction","target":["https:\/\/medicinasinc.com\/es\/product\/comprar-u-47700-polvo\/"]}]},{"@type":"ImageObject","inLanguage":"es","@id":"https:\/\/medicinasinc.com\/es\/product\/comprar-u-47700-polvo\/#primaryimage","url":"https:\/\/medicinasinc.com\/es\/wp-content\/uploads\/sites\/15\/2022\/02\/Buy-U-47700-POWDER.jpg","contentUrl":"https:\/\/medicinasinc.com\/es\/wp-content\/uploads\/sites\/15\/2022\/02\/Buy-U-47700-POWDER.jpg","width":600,"height":600},{"@type":"BreadcrumbList","@id":"https:\/\/medicinasinc.com\/es\/product\/comprar-u-47700-polvo\/#breadcrumb","itemListElement":[{"@type":"ListItem","position":1,"name":"Tienda","item":"https:\/\/medicinasinc.com\/es\/tienda\/"},{"@type":"ListItem","position":2,"name":"Comprar Polvo U-47700"}]},{"@type":"WebSite","@id":"https:\/\/medicinasinc.com\/es\/#website","url":"https:\/\/medicinasinc.com\/es\/","name":"Medicinas Inc","description":"Cl\u00ednica M\u00e9dica de Salud","potentialAction":[{"@type":"SearchAction","target":{"@type":"EntryPoint","urlTemplate":"https:\/\/medicinasinc.com\/es\/?s={search_term_string}"},"query-input":{"@type":"PropertyValueSpecification","valueRequired":true,"valueName":"search_term_string"}}],"inLanguage":"es"}]}},"_links":{"self":[{"href":"https:\/\/medicinasinc.com\/es\/wp-json\/wp\/v2\/product\/5617","targetHints":{"allow":["GET"]}}],"collection":[{"href":"https:\/\/medicinasinc.com\/es\/wp-json\/wp\/v2\/product"}],"about":[{"href":"https:\/\/medicinasinc.com\/es\/wp-json\/wp\/v2\/types\/product"}],"replies":[{"embeddable":true,"href":"https:\/\/medicinasinc.com\/es\/wp-json\/wp\/v2\/comments?post=5617"}],"wp:featuredmedia":[{"embeddable":true,"href":"https:\/\/medicinasinc.com\/es\/wp-json\/wp\/v2\/media\/5629"}],"wp:attachment":[{"href":"https:\/\/medicinasinc.com\/es\/wp-json\/wp\/v2\/media?parent=5617"}],"wp:term":[{"taxonomy":"product_brand","embeddable":true,"href":"https:\/\/medicinasinc.com\/es\/wp-json\/wp\/v2\/product_brand?post=5617"},{"taxonomy":"product_cat","embeddable":true,"href":"https:\/\/medicinasinc.com\/es\/wp-json\/wp\/v2\/product_cat?post=5617"},{"taxonomy":"product_tag","embeddable":true,"href":"https:\/\/medicinasinc.com\/es\/wp-json\/wp\/v2\/product_tag?post=5617"}],"curies":[{"name":"wp","href":"https:\/\/api.w.org\/{rel}","templated":true}]}}