{"id":5616,"date":"2022-02-22T02:47:20","date_gmt":"2022-02-22T02:47:20","guid":{"rendered":"https:\/\/medicinasinc.com\/es\/?post_type=product&#038;p=5616"},"modified":"2022-03-22T00:41:27","modified_gmt":"2022-03-22T00:41:27","slug":"comprar-w-18-pastillas","status":"publish","type":"product","link":"https:\/\/medicinasinc.com\/es\/product\/comprar-w-18-pastillas\/","title":{"rendered":"Comprar pastillas W-18"},"content":{"rendered":"<p>Se pueden comprar pastillas W-18.<\/p>\n<p>Compre pastillas W-18 aqu\u00ed. Este es un qu\u00edmico que no debe usar la gente.<\/p>\n<p>Caracter\u00edsticas<br \/> Este art\u00edculo ha sido fabricado y probado para cumplir con los est\u00e1ndares ISO17025:2005 y Guide 34:2009.<br \/> Este art\u00edculo est\u00e1 dise\u00f1ado para ser utilizado como un est\u00e1ndar de referencia anal\u00edtico.<br \/> Hay una gran cantidad de material disponible para la investigaci\u00f3n acad\u00e9mica en ciertas instituciones. Comun\u00edquese con nuestro departamento de ventas para conocer los precios.<br \/> El W-18 (n.\u00ba de art\u00edculo 15480) es un material que se puede usar para realizar pruebas. Debido a esto, puede ser muy efectivo para aliviar el dolor. En el ensayo de retorcimiento de fenilquinona en ratones, se ha encontrado que es muy eficaz para aliviar el dolor. 1 Cuando se trata de humanos, no sabemos c\u00f3mo esta sustancia afecta sus cuerpos o c\u00f3mo puede da\u00f1arlos. Este es un producto que se puede utilizar con fines forenses y de investigaci\u00f3n.<\/p>\n","protected":false},"excerpt":{"rendered":"<div class=\"woocommerce-product-details__short-description\">\n<p>Compre p\u00edldoras W-18 a la venta en el Reino Unido, Europa en l\u00ednea Nuestro costo de env\u00edo y entrega es 100% seguro y conveniente. haga su pedido de p\u00edldoras W-18 y obtenga una calidad incre\u00edble de nosotros<\/p>\n<p>W-18 a la venta | Comprar W-18 en l\u00ednea | D\u00f3nde comprar W-18 en l\u00ednea- D\u00f3nde comprar pastillas W-18 en l\u00ednea. Este producto ha sido fabricado y probado para cumplir con las normas ISO17025:2005 y Guide 34:2009<\/p>\n<\/p><\/div>\n","protected":false},"featured_media":5627,"comment_status":"open","ping_status":"closed","template":"","meta":[],"product_brand":[],"product_cat":[1117],"product_tag":[3308,3309,3307,3318,3313,3311,3312,3316,3320,3317,3319,3321,3310,3315,3314],"class_list":{"0":"post-5616","1":"product","2":"type-product","3":"status-publish","4":"has-post-thumbnail","6":"product_cat-compre-pastillas-para-el-dolor-el-sueno-y-el-sexo","7":"product_tag-comprar-w-18-drogas","8":"product_tag-comprar-w-18-pastillas","9":"product_tag-comprar-w-18","10":"product_tag-w-18-pastillas-efecto","11":"product_tag-efecto-w-18","12":"product_tag-w-18-drogas","13":"product_tag-w-18-drogas-en-venta","14":"product_tag-orden-w-18","15":"product_tag-w-18-pldoras-al-por-mayor","16":"product_tag-w-18-pastillas-comprar","17":"product_tag-w-18-pldoras-pedido","18":"product_tag-w-18-reddit","19":"product_tag-w-18-comprar","20":"product_tag-w-18-en-lnea","21":"product_tag-w-18-en-venta","23":"first","24":"instock","25":"shipping-taxable","26":"purchasable","27":"product-type-variable"},"yoast_head":"<!-- This site is optimized with the Yoast SEO plugin v27.3 - https:\/\/yoast.com\/product\/yoast-seo-wordpress\/ -->\n<title>Comprar p\u00edldoras W-18 - Venta de p\u00edldoras W-18- Best Global Meds<\/title>\n<meta name=\"description\" content=\"Compre p\u00edldoras W-18 a la venta en el Reino Unido, Europa en l\u00ednea Nuestro costo de env\u00edo y entrega es 100% seguro y conveniente. haga su pedido de p\u00edldoras W-18 y obtenga una calidad incre\u00edble de nosotros\" \/>\n<meta name=\"robots\" content=\"index, follow, max-snippet:-1, max-image-preview:large, max-video-preview:-1\" \/>\n<link rel=\"canonical\" href=\"https:\/\/medicinasinc.com\/es\/product\/comprar-w-18-pastillas\/\" \/>\n<meta property=\"og:locale\" content=\"es_ES\" \/>\n<meta property=\"og:type\" content=\"article\" \/>\n<meta property=\"og:title\" content=\"Comprar p\u00edldoras W-18 - Venta de p\u00edldoras W-18- Best Global Meds\" \/>\n<meta property=\"og:description\" content=\"Compre p\u00edldoras W-18 a la venta en el Reino Unido, Europa en l\u00ednea Nuestro costo de env\u00edo y entrega es 100% seguro y conveniente. haga su pedido de p\u00edldoras W-18 y obtenga una calidad incre\u00edble de nosotros\" \/>\n<meta property=\"og:url\" content=\"https:\/\/medicinasinc.com\/es\/product\/comprar-w-18-pastillas\/\" \/>\n<meta property=\"og:site_name\" content=\"Medicinas Inc\" \/>\n<meta property=\"article:modified_time\" content=\"2022-03-22T00:41:27+00:00\" \/>\n<meta property=\"og:image\" content=\"https:\/\/medicinasinc.com\/es\/wp-content\/uploads\/sites\/15\/2022\/02\/Buy-W-18-Pills.jpg\" \/>\n\t<meta property=\"og:image:width\" content=\"840\" \/>\n\t<meta property=\"og:image:height\" content=\"781\" \/>\n\t<meta property=\"og:image:type\" content=\"image\/jpeg\" \/>\n<meta name=\"twitter:card\" content=\"summary_large_image\" \/>\n<meta name=\"twitter:label1\" content=\"Tiempo de lectura\" \/>\n\t<meta name=\"twitter:data1\" content=\"1 minuto\" \/>\n<script type=\"application\/ld+json\" class=\"yoast-schema-graph\">{\"@context\":\"https:\\\/\\\/schema.org\",\"@graph\":[{\"@type\":\"WebPage\",\"@id\":\"https:\\\/\\\/medicinasinc.com\\\/es\\\/product\\\/comprar-w-18-pastillas\\\/\",\"url\":\"https:\\\/\\\/medicinasinc.com\\\/es\\\/product\\\/comprar-w-18-pastillas\\\/\",\"name\":\"Comprar p\u00edldoras W-18 - Venta de p\u00edldoras W-18- Best Global Meds\",\"isPartOf\":{\"@id\":\"https:\\\/\\\/medicinasinc.com\\\/es\\\/#website\"},\"primaryImageOfPage\":{\"@id\":\"https:\\\/\\\/medicinasinc.com\\\/es\\\/product\\\/comprar-w-18-pastillas\\\/#primaryimage\"},\"image\":{\"@id\":\"https:\\\/\\\/medicinasinc.com\\\/es\\\/product\\\/comprar-w-18-pastillas\\\/#primaryimage\"},\"thumbnailUrl\":\"https:\\\/\\\/medicinasinc.com\\\/es\\\/wp-content\\\/uploads\\\/sites\\\/15\\\/2022\\\/02\\\/Buy-W-18-Pills.jpg\",\"datePublished\":\"2022-02-22T02:47:20+00:00\",\"dateModified\":\"2022-03-22T00:41:27+00:00\",\"description\":\"Compre p\u00edldoras W-18 a la venta en el Reino Unido, Europa en l\u00ednea Nuestro costo de env\u00edo y entrega es 100% seguro y conveniente. haga su pedido de p\u00edldoras W-18 y obtenga una calidad incre\u00edble de nosotros\",\"breadcrumb\":{\"@id\":\"https:\\\/\\\/medicinasinc.com\\\/es\\\/product\\\/comprar-w-18-pastillas\\\/#breadcrumb\"},\"inLanguage\":\"es\",\"potentialAction\":[{\"@type\":\"ReadAction\",\"target\":[\"https:\\\/\\\/medicinasinc.com\\\/es\\\/product\\\/comprar-w-18-pastillas\\\/\"]}]},{\"@type\":\"ImageObject\",\"inLanguage\":\"es\",\"@id\":\"https:\\\/\\\/medicinasinc.com\\\/es\\\/product\\\/comprar-w-18-pastillas\\\/#primaryimage\",\"url\":\"https:\\\/\\\/medicinasinc.com\\\/es\\\/wp-content\\\/uploads\\\/sites\\\/15\\\/2022\\\/02\\\/Buy-W-18-Pills.jpg\",\"contentUrl\":\"https:\\\/\\\/medicinasinc.com\\\/es\\\/wp-content\\\/uploads\\\/sites\\\/15\\\/2022\\\/02\\\/Buy-W-18-Pills.jpg\",\"width\":840,\"height\":781},{\"@type\":\"BreadcrumbList\",\"@id\":\"https:\\\/\\\/medicinasinc.com\\\/es\\\/product\\\/comprar-w-18-pastillas\\\/#breadcrumb\",\"itemListElement\":[{\"@type\":\"ListItem\",\"position\":1,\"name\":\"Tienda\",\"item\":\"https:\\\/\\\/medicinasinc.com\\\/es\\\/tienda\\\/\"},{\"@type\":\"ListItem\",\"position\":2,\"name\":\"Comprar pastillas W-18\"}]},{\"@type\":\"WebSite\",\"@id\":\"https:\\\/\\\/medicinasinc.com\\\/es\\\/#website\",\"url\":\"https:\\\/\\\/medicinasinc.com\\\/es\\\/\",\"name\":\"Medicinas Inc\",\"description\":\"Cl\u00ednica M\u00e9dica de Salud\",\"potentialAction\":[{\"@type\":\"SearchAction\",\"target\":{\"@type\":\"EntryPoint\",\"urlTemplate\":\"https:\\\/\\\/medicinasinc.com\\\/es\\\/?s={search_term_string}\"},\"query-input\":{\"@type\":\"PropertyValueSpecification\",\"valueRequired\":true,\"valueName\":\"search_term_string\"}}],\"inLanguage\":\"es\"}]}<\/script>\n<!-- \/ Yoast SEO plugin. -->","yoast_head_json":{"title":"Comprar p\u00edldoras W-18 - Venta de p\u00edldoras W-18- Best Global Meds","description":"Compre p\u00edldoras W-18 a la venta en el Reino Unido, Europa en l\u00ednea Nuestro costo de env\u00edo y entrega es 100% seguro y conveniente. haga su pedido de p\u00edldoras W-18 y obtenga una calidad incre\u00edble de nosotros","robots":{"index":"index","follow":"follow","max-snippet":"max-snippet:-1","max-image-preview":"max-image-preview:large","max-video-preview":"max-video-preview:-1"},"canonical":"https:\/\/medicinasinc.com\/es\/product\/comprar-w-18-pastillas\/","og_locale":"es_ES","og_type":"article","og_title":"Comprar p\u00edldoras W-18 - Venta de p\u00edldoras W-18- Best Global Meds","og_description":"Compre p\u00edldoras W-18 a la venta en el Reino Unido, Europa en l\u00ednea Nuestro costo de env\u00edo y entrega es 100% seguro y conveniente. haga su pedido de p\u00edldoras W-18 y obtenga una calidad incre\u00edble de nosotros","og_url":"https:\/\/medicinasinc.com\/es\/product\/comprar-w-18-pastillas\/","og_site_name":"Medicinas Inc","article_modified_time":"2022-03-22T00:41:27+00:00","og_image":[{"width":840,"height":781,"url":"https:\/\/medicinasinc.com\/es\/wp-content\/uploads\/sites\/15\/2022\/02\/Buy-W-18-Pills.jpg","type":"image\/jpeg"}],"twitter_card":"summary_large_image","twitter_misc":{"Tiempo de lectura":"1 minuto"},"schema":{"@context":"https:\/\/schema.org","@graph":[{"@type":"WebPage","@id":"https:\/\/medicinasinc.com\/es\/product\/comprar-w-18-pastillas\/","url":"https:\/\/medicinasinc.com\/es\/product\/comprar-w-18-pastillas\/","name":"Comprar p\u00edldoras W-18 - Venta de p\u00edldoras W-18- Best Global Meds","isPartOf":{"@id":"https:\/\/medicinasinc.com\/es\/#website"},"primaryImageOfPage":{"@id":"https:\/\/medicinasinc.com\/es\/product\/comprar-w-18-pastillas\/#primaryimage"},"image":{"@id":"https:\/\/medicinasinc.com\/es\/product\/comprar-w-18-pastillas\/#primaryimage"},"thumbnailUrl":"https:\/\/medicinasinc.com\/es\/wp-content\/uploads\/sites\/15\/2022\/02\/Buy-W-18-Pills.jpg","datePublished":"2022-02-22T02:47:20+00:00","dateModified":"2022-03-22T00:41:27+00:00","description":"Compre p\u00edldoras W-18 a la venta en el Reino Unido, Europa en l\u00ednea Nuestro costo de env\u00edo y entrega es 100% seguro y conveniente. haga su pedido de p\u00edldoras W-18 y obtenga una calidad incre\u00edble de nosotros","breadcrumb":{"@id":"https:\/\/medicinasinc.com\/es\/product\/comprar-w-18-pastillas\/#breadcrumb"},"inLanguage":"es","potentialAction":[{"@type":"ReadAction","target":["https:\/\/medicinasinc.com\/es\/product\/comprar-w-18-pastillas\/"]}]},{"@type":"ImageObject","inLanguage":"es","@id":"https:\/\/medicinasinc.com\/es\/product\/comprar-w-18-pastillas\/#primaryimage","url":"https:\/\/medicinasinc.com\/es\/wp-content\/uploads\/sites\/15\/2022\/02\/Buy-W-18-Pills.jpg","contentUrl":"https:\/\/medicinasinc.com\/es\/wp-content\/uploads\/sites\/15\/2022\/02\/Buy-W-18-Pills.jpg","width":840,"height":781},{"@type":"BreadcrumbList","@id":"https:\/\/medicinasinc.com\/es\/product\/comprar-w-18-pastillas\/#breadcrumb","itemListElement":[{"@type":"ListItem","position":1,"name":"Tienda","item":"https:\/\/medicinasinc.com\/es\/tienda\/"},{"@type":"ListItem","position":2,"name":"Comprar pastillas W-18"}]},{"@type":"WebSite","@id":"https:\/\/medicinasinc.com\/es\/#website","url":"https:\/\/medicinasinc.com\/es\/","name":"Medicinas Inc","description":"Cl\u00ednica M\u00e9dica de Salud","potentialAction":[{"@type":"SearchAction","target":{"@type":"EntryPoint","urlTemplate":"https:\/\/medicinasinc.com\/es\/?s={search_term_string}"},"query-input":{"@type":"PropertyValueSpecification","valueRequired":true,"valueName":"search_term_string"}}],"inLanguage":"es"}]}},"_links":{"self":[{"href":"https:\/\/medicinasinc.com\/es\/wp-json\/wp\/v2\/product\/5616","targetHints":{"allow":["GET"]}}],"collection":[{"href":"https:\/\/medicinasinc.com\/es\/wp-json\/wp\/v2\/product"}],"about":[{"href":"https:\/\/medicinasinc.com\/es\/wp-json\/wp\/v2\/types\/product"}],"replies":[{"embeddable":true,"href":"https:\/\/medicinasinc.com\/es\/wp-json\/wp\/v2\/comments?post=5616"}],"wp:featuredmedia":[{"embeddable":true,"href":"https:\/\/medicinasinc.com\/es\/wp-json\/wp\/v2\/media\/5627"}],"wp:attachment":[{"href":"https:\/\/medicinasinc.com\/es\/wp-json\/wp\/v2\/media?parent=5616"}],"wp:term":[{"taxonomy":"product_brand","embeddable":true,"href":"https:\/\/medicinasinc.com\/es\/wp-json\/wp\/v2\/product_brand?post=5616"},{"taxonomy":"product_cat","embeddable":true,"href":"https:\/\/medicinasinc.com\/es\/wp-json\/wp\/v2\/product_cat?post=5616"},{"taxonomy":"product_tag","embeddable":true,"href":"https:\/\/medicinasinc.com\/es\/wp-json\/wp\/v2\/product_tag?post=5616"}],"curies":[{"name":"wp","href":"https:\/\/api.w.org\/{rel}","templated":true}]}}