{"id":5615,"date":"2022-02-22T02:46:09","date_gmt":"2022-02-22T02:46:09","guid":{"rendered":"https:\/\/medicinasinc.com\/es\/?post_type=product&#038;p=5615"},"modified":"2022-03-22T00:41:38","modified_gmt":"2022-03-22T00:41:38","slug":"comprar-sales-de-bano-chica-blanca","status":"publish","type":"product","link":"https:\/\/medicinasinc.com\/es\/product\/comprar-sales-de-bano-chica-blanca\/","title":{"rendered":"Comprar sal de ba\u00f1o White Girl"},"content":{"rendered":"<p>Puede comprar la sal de ba\u00f1o White Girl en la web.<br \/> Las sales de ba\u00f1o White Girl se pueden comprar en l\u00ednea. \u00bfC\u00f3mo las compro?<\/p>\n<p>\u00bfD\u00f3nde quieres comprar las sales de ba\u00f1o white girl? No hay molestias ni incomodidad cuando compra sales de ba\u00f1o para ni\u00f1as blancas de Best Global Meds. Trabajamos arduamente para asegurarnos de que ahorre dinero cuando compre sales de ba\u00f1o White Girl en nuestra farmacia en l\u00ednea. Cuando compre algo de Chemicals Lab, queremos que pague menos y obtenga m\u00e1s.<\/p>\n<p>Compre algunas sales de ba\u00f1o White Girl.<\/p>\n<p>De una fuente leg\u00edtima, puede comprar White Girl Bath Sales en l\u00ednea. Vendemos los mejores productos de ba\u00f1o, como sales de ba\u00f1o. Las sales de ba\u00f1o te dar\u00e1n un ba\u00f1o suave y sensual que te dejar\u00e1 sinti\u00e9ndote limpio despu\u00e9s de usarlas. Sin embargo, nuestros clientes pueden estar seguros de que obtendr\u00e1n los mejores productos del mercado. Sin embargo, tambi\u00e9n vendemos y compramos otras sales de ba\u00f1o concentradas a buenos precios.<\/p>\n<p>Nuestras sales de ba\u00f1o tienen un olor fuerte.<\/p>\n<p>Hay muchos tipos diferentes de sales de ba\u00f1o White Girl, y est\u00e1n destinados a hacer que su experiencia de ba\u00f1o sea a\u00fan mejor. Una peque\u00f1a cantidad es todo lo que se necesita para hacer una gran diferencia. Sin embargo, puede agregar una peque\u00f1a cantidad a un ba\u00f1o caliente para ablandar el agua de forma natural, lo que lo har\u00e1 sentir muy energizado y feliz despu\u00e9s. Sin embargo, se usa para parecerse a las aguas termales naturales del mar griego. Al principio, usa muy poca sal de ba\u00f1o White Girl, porque demasiada ensuciar\u00e1 el agua de tu ba\u00f1o y te har\u00e1 sentir infeliz. Las sales de ba\u00f1o White Girl, por otro lado, pueden ayudarte a llegar a lugares que cre\u00edas imposibles.<\/p>\n","protected":false},"excerpt":{"rendered":"<p>\u00a1Nuestra tienda Bestglobalmeds.com vende White Girl Bath Salt a la venta en el Reino Unido, Europa y en todo el mundo! \u00a1Puedes comprar las mejores sales de ba\u00f1o White Girl aqu\u00ed!<\/p>\n<p>El precio de las sales de ba\u00f1o white girl en Internet puede ser demasiado alto.<\/p>\n<p>En Best global meds, puedes comprar white girl sales de ba\u00f1o desde la comodidad de tu hogar. Las sales de ba\u00f1o White girl est\u00e1n a la venta.<\/p>\n<p>En este caso, puedes comprar sales de ba\u00f1o en Internet White Girl 500mg Bath Salt<\/p>\n<p>Best Global Meds vende sales de ba\u00f1o de alta calidad que te dar\u00e1 un ba\u00f1o suave y sensual que te dejar\u00e1 sinti\u00e9ndote limpio.<\/p>\n<p>Cuando nos compras sales de ba\u00f1o White Girl en l\u00ednea, puedes estar seguro de que ser\u00e1n las mejores que puedas conseguir. Vendemos y compramos otras sales de ba\u00f1o concentradas a buenos precios.<\/p>\n<p>Nuestras sales de ba\u00f1o tienen un olor fuerte.<\/p>\n<div class=\"product-next-previous\">\n<div class=\"product- anterior\"><\/div>\n<\/p><\/div>\n","protected":false},"featured_media":5625,"comment_status":"open","ping_status":"closed","template":"","meta":[],"product_brand":[],"product_cat":[2014],"product_tag":[3299,3300,3303,3302,3304,3301,3305,3306],"class_list":{"0":"post-5615","1":"product","2":"type-product","3":"status-publish","4":"has-post-thumbnail","6":"product_cat-comprar-investigacion-quimicos","7":"product_tag-comprar-white-girl-concentrado-ban-sal-500mg-online","8":"product_tag-comprar-sales-de-bano-chica-blanca-online","9":"product_tag-donde-comprar-sales-de-bano-white-girl","10":"product_tag-pedir-sales-de-bano-chica-blanca-online","11":"product_tag-white-girl-500mg-bath-sal-online","12":"product_tag-concentrado-white-girl-500mg-sales-de-bano","13":"product_tag-sales-de-bano-chica-blanca","14":"product_tag-venta-de-sales-de-bano-chica-blanca","16":"first","17":"instock","18":"shipping-taxable","19":"purchasable","20":"product-type-variable","21":"has-default-attributes"},"yoast_head":"<!-- This site is optimized with the Yoast SEO plugin v27.3 - https:\/\/yoast.com\/product\/yoast-seo-wordpress\/ -->\n<title>Comprar White Girl Bath Salt - Sales de ba\u00f1o a la venta - Best Global Meds<\/title>\n<meta name=\"description\" content=\"Buscando comprar White Girl Bath Salt a la venta en el Reino Unido, Europa en nuestra tienda Bestglobalmeds.com con env\u00edo r\u00e1pido a todo el mundo. \u00a1La mejor Sal de Ba\u00f1o White Girl por encargo la encontrar\u00e1s aqu\u00ed!\" \/>\n<meta name=\"robots\" content=\"index, follow, max-snippet:-1, max-image-preview:large, max-video-preview:-1\" \/>\n<link rel=\"canonical\" href=\"https:\/\/medicinasinc.com\/es\/product\/comprar-sales-de-bano-chica-blanca\/\" \/>\n<meta property=\"og:locale\" content=\"es_ES\" \/>\n<meta property=\"og:type\" content=\"article\" \/>\n<meta property=\"og:title\" content=\"Comprar White Girl Bath Salt - Sales de ba\u00f1o a la venta - Best Global Meds\" \/>\n<meta property=\"og:description\" content=\"Buscando comprar White Girl Bath Salt a la venta en el Reino Unido, Europa en nuestra tienda Bestglobalmeds.com con env\u00edo r\u00e1pido a todo el mundo. \u00a1La mejor Sal de Ba\u00f1o White Girl por encargo la encontrar\u00e1s aqu\u00ed!\" \/>\n<meta property=\"og:url\" content=\"https:\/\/medicinasinc.com\/es\/product\/comprar-sales-de-bano-chica-blanca\/\" \/>\n<meta property=\"og:site_name\" content=\"Medicinas Inc\" \/>\n<meta property=\"article:modified_time\" content=\"2022-03-22T00:41:38+00:00\" \/>\n<meta property=\"og:image\" content=\"https:\/\/medicinasinc.com\/es\/wp-content\/uploads\/sites\/15\/2022\/02\/Buy-White-Girl-Bath-Salt.jpg\" \/>\n\t<meta property=\"og:image:width\" content=\"600\" \/>\n\t<meta property=\"og:image:height\" content=\"600\" \/>\n\t<meta property=\"og:image:type\" content=\"image\/jpeg\" \/>\n<meta name=\"twitter:card\" content=\"summary_large_image\" \/>\n<meta name=\"twitter:label1\" content=\"Tiempo de lectura\" \/>\n\t<meta name=\"twitter:data1\" content=\"2 minutos\" \/>\n<script type=\"application\/ld+json\" class=\"yoast-schema-graph\">{\"@context\":\"https:\\\/\\\/schema.org\",\"@graph\":[{\"@type\":\"WebPage\",\"@id\":\"https:\\\/\\\/medicinasinc.com\\\/es\\\/product\\\/comprar-sales-de-bano-chica-blanca\\\/\",\"url\":\"https:\\\/\\\/medicinasinc.com\\\/es\\\/product\\\/comprar-sales-de-bano-chica-blanca\\\/\",\"name\":\"Comprar White Girl Bath Salt - Sales de ba\u00f1o a la venta - Best Global Meds\",\"isPartOf\":{\"@id\":\"https:\\\/\\\/medicinasinc.com\\\/es\\\/#website\"},\"primaryImageOfPage\":{\"@id\":\"https:\\\/\\\/medicinasinc.com\\\/es\\\/product\\\/comprar-sales-de-bano-chica-blanca\\\/#primaryimage\"},\"image\":{\"@id\":\"https:\\\/\\\/medicinasinc.com\\\/es\\\/product\\\/comprar-sales-de-bano-chica-blanca\\\/#primaryimage\"},\"thumbnailUrl\":\"https:\\\/\\\/medicinasinc.com\\\/es\\\/wp-content\\\/uploads\\\/sites\\\/15\\\/2022\\\/02\\\/Buy-White-Girl-Bath-Salt.jpg\",\"datePublished\":\"2022-02-22T02:46:09+00:00\",\"dateModified\":\"2022-03-22T00:41:38+00:00\",\"description\":\"Buscando comprar White Girl Bath Salt a la venta en el Reino Unido, Europa en nuestra tienda Bestglobalmeds.com con env\u00edo r\u00e1pido a todo el mundo. \u00a1La mejor Sal de Ba\u00f1o White Girl por encargo la encontrar\u00e1s aqu\u00ed!\",\"breadcrumb\":{\"@id\":\"https:\\\/\\\/medicinasinc.com\\\/es\\\/product\\\/comprar-sales-de-bano-chica-blanca\\\/#breadcrumb\"},\"inLanguage\":\"es\",\"potentialAction\":[{\"@type\":\"ReadAction\",\"target\":[\"https:\\\/\\\/medicinasinc.com\\\/es\\\/product\\\/comprar-sales-de-bano-chica-blanca\\\/\"]}]},{\"@type\":\"ImageObject\",\"inLanguage\":\"es\",\"@id\":\"https:\\\/\\\/medicinasinc.com\\\/es\\\/product\\\/comprar-sales-de-bano-chica-blanca\\\/#primaryimage\",\"url\":\"https:\\\/\\\/medicinasinc.com\\\/es\\\/wp-content\\\/uploads\\\/sites\\\/15\\\/2022\\\/02\\\/Buy-White-Girl-Bath-Salt.jpg\",\"contentUrl\":\"https:\\\/\\\/medicinasinc.com\\\/es\\\/wp-content\\\/uploads\\\/sites\\\/15\\\/2022\\\/02\\\/Buy-White-Girl-Bath-Salt.jpg\",\"width\":600,\"height\":600},{\"@type\":\"BreadcrumbList\",\"@id\":\"https:\\\/\\\/medicinasinc.com\\\/es\\\/product\\\/comprar-sales-de-bano-chica-blanca\\\/#breadcrumb\",\"itemListElement\":[{\"@type\":\"ListItem\",\"position\":1,\"name\":\"Tienda\",\"item\":\"https:\\\/\\\/medicinasinc.com\\\/es\\\/tienda\\\/\"},{\"@type\":\"ListItem\",\"position\":2,\"name\":\"Comprar sal de ba\u00f1o White Girl\"}]},{\"@type\":\"WebSite\",\"@id\":\"https:\\\/\\\/medicinasinc.com\\\/es\\\/#website\",\"url\":\"https:\\\/\\\/medicinasinc.com\\\/es\\\/\",\"name\":\"Medicinas Inc\",\"description\":\"Cl\u00ednica M\u00e9dica de Salud\",\"potentialAction\":[{\"@type\":\"SearchAction\",\"target\":{\"@type\":\"EntryPoint\",\"urlTemplate\":\"https:\\\/\\\/medicinasinc.com\\\/es\\\/?s={search_term_string}\"},\"query-input\":{\"@type\":\"PropertyValueSpecification\",\"valueRequired\":true,\"valueName\":\"search_term_string\"}}],\"inLanguage\":\"es\"}]}<\/script>\n<!-- \/ Yoast SEO plugin. -->","yoast_head_json":{"title":"Comprar White Girl Bath Salt - Sales de ba\u00f1o a la venta - Best Global Meds","description":"Buscando comprar White Girl Bath Salt a la venta en el Reino Unido, Europa en nuestra tienda Bestglobalmeds.com con env\u00edo r\u00e1pido a todo el mundo. \u00a1La mejor Sal de Ba\u00f1o White Girl por encargo la encontrar\u00e1s aqu\u00ed!","robots":{"index":"index","follow":"follow","max-snippet":"max-snippet:-1","max-image-preview":"max-image-preview:large","max-video-preview":"max-video-preview:-1"},"canonical":"https:\/\/medicinasinc.com\/es\/product\/comprar-sales-de-bano-chica-blanca\/","og_locale":"es_ES","og_type":"article","og_title":"Comprar White Girl Bath Salt - Sales de ba\u00f1o a la venta - Best Global Meds","og_description":"Buscando comprar White Girl Bath Salt a la venta en el Reino Unido, Europa en nuestra tienda Bestglobalmeds.com con env\u00edo r\u00e1pido a todo el mundo. \u00a1La mejor Sal de Ba\u00f1o White Girl por encargo la encontrar\u00e1s aqu\u00ed!","og_url":"https:\/\/medicinasinc.com\/es\/product\/comprar-sales-de-bano-chica-blanca\/","og_site_name":"Medicinas Inc","article_modified_time":"2022-03-22T00:41:38+00:00","og_image":[{"width":600,"height":600,"url":"https:\/\/medicinasinc.com\/es\/wp-content\/uploads\/sites\/15\/2022\/02\/Buy-White-Girl-Bath-Salt.jpg","type":"image\/jpeg"}],"twitter_card":"summary_large_image","twitter_misc":{"Tiempo de lectura":"2 minutos"},"schema":{"@context":"https:\/\/schema.org","@graph":[{"@type":"WebPage","@id":"https:\/\/medicinasinc.com\/es\/product\/comprar-sales-de-bano-chica-blanca\/","url":"https:\/\/medicinasinc.com\/es\/product\/comprar-sales-de-bano-chica-blanca\/","name":"Comprar White Girl Bath Salt - Sales de ba\u00f1o a la venta - Best Global Meds","isPartOf":{"@id":"https:\/\/medicinasinc.com\/es\/#website"},"primaryImageOfPage":{"@id":"https:\/\/medicinasinc.com\/es\/product\/comprar-sales-de-bano-chica-blanca\/#primaryimage"},"image":{"@id":"https:\/\/medicinasinc.com\/es\/product\/comprar-sales-de-bano-chica-blanca\/#primaryimage"},"thumbnailUrl":"https:\/\/medicinasinc.com\/es\/wp-content\/uploads\/sites\/15\/2022\/02\/Buy-White-Girl-Bath-Salt.jpg","datePublished":"2022-02-22T02:46:09+00:00","dateModified":"2022-03-22T00:41:38+00:00","description":"Buscando comprar White Girl Bath Salt a la venta en el Reino Unido, Europa en nuestra tienda Bestglobalmeds.com con env\u00edo r\u00e1pido a todo el mundo. \u00a1La mejor Sal de Ba\u00f1o White Girl por encargo la encontrar\u00e1s aqu\u00ed!","breadcrumb":{"@id":"https:\/\/medicinasinc.com\/es\/product\/comprar-sales-de-bano-chica-blanca\/#breadcrumb"},"inLanguage":"es","potentialAction":[{"@type":"ReadAction","target":["https:\/\/medicinasinc.com\/es\/product\/comprar-sales-de-bano-chica-blanca\/"]}]},{"@type":"ImageObject","inLanguage":"es","@id":"https:\/\/medicinasinc.com\/es\/product\/comprar-sales-de-bano-chica-blanca\/#primaryimage","url":"https:\/\/medicinasinc.com\/es\/wp-content\/uploads\/sites\/15\/2022\/02\/Buy-White-Girl-Bath-Salt.jpg","contentUrl":"https:\/\/medicinasinc.com\/es\/wp-content\/uploads\/sites\/15\/2022\/02\/Buy-White-Girl-Bath-Salt.jpg","width":600,"height":600},{"@type":"BreadcrumbList","@id":"https:\/\/medicinasinc.com\/es\/product\/comprar-sales-de-bano-chica-blanca\/#breadcrumb","itemListElement":[{"@type":"ListItem","position":1,"name":"Tienda","item":"https:\/\/medicinasinc.com\/es\/tienda\/"},{"@type":"ListItem","position":2,"name":"Comprar sal de ba\u00f1o White Girl"}]},{"@type":"WebSite","@id":"https:\/\/medicinasinc.com\/es\/#website","url":"https:\/\/medicinasinc.com\/es\/","name":"Medicinas Inc","description":"Cl\u00ednica M\u00e9dica de Salud","potentialAction":[{"@type":"SearchAction","target":{"@type":"EntryPoint","urlTemplate":"https:\/\/medicinasinc.com\/es\/?s={search_term_string}"},"query-input":{"@type":"PropertyValueSpecification","valueRequired":true,"valueName":"search_term_string"}}],"inLanguage":"es"}]}},"_links":{"self":[{"href":"https:\/\/medicinasinc.com\/es\/wp-json\/wp\/v2\/product\/5615","targetHints":{"allow":["GET"]}}],"collection":[{"href":"https:\/\/medicinasinc.com\/es\/wp-json\/wp\/v2\/product"}],"about":[{"href":"https:\/\/medicinasinc.com\/es\/wp-json\/wp\/v2\/types\/product"}],"replies":[{"embeddable":true,"href":"https:\/\/medicinasinc.com\/es\/wp-json\/wp\/v2\/comments?post=5615"}],"wp:featuredmedia":[{"embeddable":true,"href":"https:\/\/medicinasinc.com\/es\/wp-json\/wp\/v2\/media\/5625"}],"wp:attachment":[{"href":"https:\/\/medicinasinc.com\/es\/wp-json\/wp\/v2\/media?parent=5615"}],"wp:term":[{"taxonomy":"product_brand","embeddable":true,"href":"https:\/\/medicinasinc.com\/es\/wp-json\/wp\/v2\/product_brand?post=5615"},{"taxonomy":"product_cat","embeddable":true,"href":"https:\/\/medicinasinc.com\/es\/wp-json\/wp\/v2\/product_cat?post=5615"},{"taxonomy":"product_tag","embeddable":true,"href":"https:\/\/medicinasinc.com\/es\/wp-json\/wp\/v2\/product_tag?post=5615"}],"curies":[{"name":"wp","href":"https:\/\/api.w.org\/{rel}","templated":true}]}}