{"id":5614,"date":"2022-02-22T02:44:39","date_gmt":"2022-02-22T02:44:39","guid":{"rendered":"https:\/\/medicinasinc.com\/es\/?post_type=product&#038;p=5614"},"modified":"2022-03-22T00:41:49","modified_gmt":"2022-03-22T00:41:49","slug":"comprar-bk-etil-k-cristales","status":"publish","type":"product","link":"https:\/\/medicinasinc.com\/es\/product\/comprar-bk-etil-k-cristales\/","title":{"rendered":"Comprar cristales bk-Ethyl-K"},"content":{"rendered":"<p>Compre productos qu\u00edmicos bk-Ethyl-K en l\u00ednea de un mayorista.<\/p>\n<p>El producto qu\u00edmico bk-Ethyl-K se puede comprar a granel.<\/p>\n<p>BKK-ethyl-k<\/p>\n<p>Tambi\u00e9n se conoce como Ethylone, que es un energizante entact\u00f3geno. A menudo se le llama 3,4-metilendioxi-N-etilcatinona, pero no siempre es el nombre correcto. La etilona se denomina 1-(1,3-benzodioxol-5-il)- 2-(metilamino)- 1-propanona porque tiene un nombre \u00fatil. F\u00f3rmula: C12H15NO3 tiene una masa normal de 221,251999 Da y una masa monoisot\u00f3pica de 221,104996 Da. Esta es la f\u00f3rmula subnuclear. El mejor lugar para comprar etileno es China. El etilona es una piedra valiosa que se puede comprar. Compra piedras de etilo que sean valiosas. Proveedor de Etilona. Compre etileno con descuento. reembolso Ethylone<\/p>\n<p>El nuevo estimulante bk-Ethyl-K es una droga hecha por un dise\u00f1ador. Es un an\u00e1logo de la anfetamina. No hay problemas en la aduana con la nueva f\u00f3rmula.<\/p>\n<table class=\"t1\" cellpadding=\"0\">\n<tbody>\n<tr>\n<td class=\"td1\" valign=\"top \">\n<p class=\"p3\"><span class=\"s1\"><b>Sin\u00f3nimos<\/b><\/span><\/p>\n<\/td>\n<td class=\"td2\" valign=\"top\">\n<p class=\"p3\"><a href=\"https:\/\/www.bestglobalmeds.com\/product\/research-chemicals\/buy-bk-ethyl-k-crystals\/\"><span class=\"s1\"> bk-Etil-K<\/span><\/a><\/p>\n<\/td>\n<\/tr>\n<tr>\n<td class=\"td3\" valign=\"top\">\n<p class=\"p3\"><span class=\"s1\"><b>IUPAC<\/b><\/span><\/p>\n<\/td>\n<td class=\"td4\" valign=\"top\">\n<p class=\"p3\"><span class=\"s1\">1-(benzo[d][1,3]dioxol-5-il)-2-(etilamino)pentan-1-ona<\/span><\/p>\n<\/td>\n<\/tr>\n<tr>\n<td class=\"td1\" valign=\"top\">\n<p class=\"p3\"><span class=\"s1\"><b>F\u00f3rmula<\/b><\/span><\/p>\n<\/td>\n<td class=\"td2\" valign=\"top\">\n<p class=\"p3\"><span class=\"s1\">No<\/span><\/p>\n<\/td>\n<\/tr>\n<tr>\n<td class=\"td3\" valign=\"top\">\n<p class=\"p3\"><span class=\"s1\"><b>Peso molecular<\/b><\/span><\/p>\n<\/td>\n<td class=\"td4\" valign=\"top\">\n<p class=\"p3\"><span class=\"s1\">No <\/span><\/p>\n<\/td>\n<\/tr>\n<tr>\n<td class=\"td1\" valign=\"top\">\n<p class=\"p3\"><span class=\"s1\"><b>CAS<\/b><\/span><\/p>\n<\/td>\n<td class=\"td2\" valign=\"top\">\n<p class=\"p3\"><span class=\"s1\">No<\/span><\/p>\n<\/td>\n<\/tr>\n<tr>\n<td class=\"td3\" valign=\"top\">\n<p class=\"p3\"><span class=\"s1\"><b>Apariencia <\/b><\/span><\/p>\n<\/td>\n<td class=\"td4\" valign=\"top\">\n<p class=\"p3\"><span class=\"s1\">No<\/span> <\/p>\n<\/td>\n<\/tr>\n<tr>\n<td class=\"td1\" valign=\"top\">\n<p class=\"p3\"><span class=\"s1\"><b>Pureza<\/b><\/span><\/p>\n<\/td>\n<td class=\"td2\" valign=\"top\">\n<p class=\"p3\"><span class=\"s1\">\u2265 99 %<\/span> <\/p>\n<\/td>\n<\/tr>\n<\/tbody>\n<\/table>\n<p><img loading=\"lazy\" decoding=\"async\" class=\"alignnone wp-image-923 size-full lazyloaded\" style=\"border: 0px;vertical-align: medio\" src=\"https:\/\/i2.wp.com\/chemspro.com\/wp-content\/uploads\/sites\/15\/2017\/04\/bk-ethyl-k- e1570866136196.jpg?resize=260%2C185&amp;ssl=1\" alt=\"bk-Ethyl-K \" width=\"260\" height=\"185\" data-attachment-id=\"923\" data-permalink=\"https:\/ \/chemspro.com\/stimulants\/bk-ethyl-k-crystals.htm l\/attachment\/bk-ethyl-k\" data-orig-file=\"https:\/\/i2.wp.com\/chemspro.com\/wp-content\/uploads\/sites\/15\/2017\/04\/bk-ethyl-k -e1570866136196.jpg?fit=260%2C185&amp;ssl=1\" data-orig-size=\"260,185\" data-comments-opened=\"1\" data-image-title=\"bk-ethyl-k\" data-medium-file=\"https:\/\/i2.wp.com\/chemspro.com\/wp-content\/uploads\/sites\/15\/2017\/04\/bk-ethyl-k- e1570866136196.jpg?fit=300%2C213&amp;ssl=1\" data-large-file=\"https:\/\/i2.wp.com\/chemspro.com\/wp-content\/uploads\/sites\/15\/2017\/04\/bk -etil-k-e1570866136196.jpg?fit=260%2C185&amp;ssl=1\" data-recalc-dims=\"1\" data-src=\"https:\/\/i2.wp.com\/chemspro.com\/wp-content \/uploads\/sites\/15\/2017\/04\/bk-ethyl-k-e1570866136196.jpg?resize=260%2C185&amp;ssl=1\" \/><\/p>\n<p>Personas que compran Bk-Ethyl-K de este el sitio debe usarlo para investigaci\u00f3n y an\u00e1lisis forense. Bk-Ethyl-K es parte de las familias qu\u00edmicas de catinona y anfetamina. Este es el peso de la f\u00f3rmula: 285,8 g-mol<\/p>\n<p>Nadie sabe qu\u00e9 le suceder\u00e1 despu\u00e9s de tomar bk-Ethyl-K, pero puede haber algo.<\/p>\n<p>El total El nombre qu\u00edmico es bk-Ethyl-K: 1- (benzo [d] [1,3] dioxol-5-yl) -2- (ethylamino) pentan-1-one es el primero.<\/p>\n<p> Almacenamiento: en un lugar fresco y seco. Los t\u00e9rminos bk-Ethyl-K pueden durar hasta dos a\u00f1os si se almacenan de forma adecuada.<\/p>\n","protected":false},"excerpt":{"rendered":"<div class=\"woocommerce-product-details__short-description\">\n<p>\u00a1En nuestra tienda Bestglobalmeds.com, puede comprar cristales bk-Ethyl-K baratos a la venta en el Reino Unido, Europa y en todo el mundo! Aqu\u00ed es donde puede comprar los mejores cristales de bk-Ethyl-K a pedido.<\/p>\n<p>Compre bk-Ethyl-K Chemical en l\u00ednea de un mayorista. productos qu\u00edmicos de investigaci\u00f3n baratos que tienen la mejor pureza para la investigaci\u00f3n<\/p>\n<p>.<\/p>\n<\/p><\/div>\n","protected":false},"featured_media":5623,"comment_status":"open","ping_status":"closed","template":"","meta":[],"product_brand":[],"product_cat":[2014],"product_tag":[3282,3286,3287,3288,3285,3291,3292,3293,3294,3289,3284,3283,3281,3296,3290,3295,3298,3297],"class_list":{"0":"post-5614","1":"product","2":"type-product","3":"status-publish","4":"has-post-thumbnail","6":"product_cat-comprar-investigacion-quimicos","7":"product_tag-best-place-to-buy-bk-ethyl-k-crystals","8":"product_tag-bk-ethyl-k-crystals-buy-europe","9":"product_tag-bk-ethyl-k-crystals-effect","10":"product_tag-bk-ethyl-k-crystals-for-sale","11":"product_tag-bk-etil-k-cristales-comprar","12":"product_tag-bk-etil-k-cristales-reddit","13":"product_tag-buy-bk-ethyl-k-crystals","14":"product_tag-buy-bk-ethyl-k-crystals-europe","15":"product_tag-comprar-bk-etil-k-cristales-es","16":"product_tag-bk-etil-k-cristales-patines","17":"product_tag-bk-etil-k-cristales","18":"product_tag-mejor-lugar-para-comprar-mxe","19":"product_tag-mejor-bk-etil-k-cristales-al-por-mayor","20":"product_tag-orden-bk-etil-k-cristales-es","21":"product_tag-bk-etil-k-cristales-orden","22":"product_tag-orden-dmt","23":"product_tag-venta-al-por-mayor-bk-etil-k-cristales","24":"product_tag-venta-al-por-menor-bk-etil-k-cristales","26":"first","27":"instock","28":"shipping-taxable","29":"purchasable","30":"product-type-variable","31":"has-default-attributes"},"yoast_head":"<!-- This site is optimized with the Yoast SEO plugin v27.2 - https:\/\/yoast.com\/product\/yoast-seo-wordpress\/ -->\n<title>Comprar bk-Ethyl-K Crystals - bk-Ethyl-K Online- Best Global Meds<\/title>\n<meta name=\"description\" content=\"\u00a1Buscando comprar cristales de bk-Ethyl-K baratos para la venta en el Reino Unido, Europa en nuestra tienda Bestglobalmeds con env\u00edo r\u00e1pido a todo el mundo! \u00a1Los mejores Cristales bk-Ethyl-K para ordenar los encontrar\u00e1s aqu\u00ed!\" \/>\n<meta name=\"robots\" content=\"index, follow, max-snippet:-1, max-image-preview:large, max-video-preview:-1\" \/>\n<link rel=\"canonical\" href=\"https:\/\/medicinasinc.com\/es\/product\/comprar-bk-etil-k-cristales\/\" \/>\n<meta property=\"og:locale\" content=\"es_ES\" \/>\n<meta property=\"og:type\" content=\"article\" \/>\n<meta property=\"og:title\" content=\"Comprar bk-Ethyl-K Crystals - bk-Ethyl-K Online- Best Global Meds\" \/>\n<meta property=\"og:description\" content=\"\u00a1Buscando comprar cristales de bk-Ethyl-K baratos para la venta en el Reino Unido, Europa en nuestra tienda Bestglobalmeds con env\u00edo r\u00e1pido a todo el mundo! \u00a1Los mejores Cristales bk-Ethyl-K para ordenar los encontrar\u00e1s aqu\u00ed!\" \/>\n<meta property=\"og:url\" content=\"https:\/\/medicinasinc.com\/es\/product\/comprar-bk-etil-k-cristales\/\" \/>\n<meta property=\"og:site_name\" content=\"Medicinas Inc\" \/>\n<meta property=\"article:modified_time\" content=\"2022-03-22T00:41:49+00:00\" \/>\n<meta property=\"og:image\" content=\"https:\/\/medicinasinc.com\/es\/wp-content\/uploads\/sites\/15\/2022\/02\/Buy-bk-Ethyl-K-Crystals.jpg\" \/>\n\t<meta property=\"og:image:width\" content=\"600\" \/>\n\t<meta property=\"og:image:height\" content=\"600\" \/>\n\t<meta property=\"og:image:type\" content=\"image\/jpeg\" \/>\n<meta name=\"twitter:card\" content=\"summary_large_image\" \/>\n<meta name=\"twitter:label1\" content=\"Tiempo de lectura\" \/>\n\t<meta name=\"twitter:data1\" content=\"2 minutos\" \/>\n<script type=\"application\/ld+json\" class=\"yoast-schema-graph\">{\"@context\":\"https:\/\/schema.org\",\"@graph\":[{\"@type\":\"WebPage\",\"@id\":\"https:\/\/medicinasinc.com\/es\/product\/comprar-bk-etil-k-cristales\/\",\"url\":\"https:\/\/medicinasinc.com\/es\/product\/comprar-bk-etil-k-cristales\/\",\"name\":\"Comprar bk-Ethyl-K Crystals - bk-Ethyl-K Online- Best Global Meds\",\"isPartOf\":{\"@id\":\"https:\/\/medicinasinc.com\/es\/#website\"},\"primaryImageOfPage\":{\"@id\":\"https:\/\/medicinasinc.com\/es\/product\/comprar-bk-etil-k-cristales\/#primaryimage\"},\"image\":{\"@id\":\"https:\/\/medicinasinc.com\/es\/product\/comprar-bk-etil-k-cristales\/#primaryimage\"},\"thumbnailUrl\":\"https:\/\/medicinasinc.com\/es\/wp-content\/uploads\/sites\/15\/2022\/02\/Buy-bk-Ethyl-K-Crystals.jpg\",\"datePublished\":\"2022-02-22T02:44:39+00:00\",\"dateModified\":\"2022-03-22T00:41:49+00:00\",\"description\":\"\u00a1Buscando comprar cristales de bk-Ethyl-K baratos para la venta en el Reino Unido, Europa en nuestra tienda Bestglobalmeds con env\u00edo r\u00e1pido a todo el mundo! \u00a1Los mejores Cristales bk-Ethyl-K para ordenar los encontrar\u00e1s aqu\u00ed!\",\"breadcrumb\":{\"@id\":\"https:\/\/medicinasinc.com\/es\/product\/comprar-bk-etil-k-cristales\/#breadcrumb\"},\"inLanguage\":\"es\",\"potentialAction\":[{\"@type\":\"ReadAction\",\"target\":[\"https:\/\/medicinasinc.com\/es\/product\/comprar-bk-etil-k-cristales\/\"]}]},{\"@type\":\"ImageObject\",\"inLanguage\":\"es\",\"@id\":\"https:\/\/medicinasinc.com\/es\/product\/comprar-bk-etil-k-cristales\/#primaryimage\",\"url\":\"https:\/\/medicinasinc.com\/es\/wp-content\/uploads\/sites\/15\/2022\/02\/Buy-bk-Ethyl-K-Crystals.jpg\",\"contentUrl\":\"https:\/\/medicinasinc.com\/es\/wp-content\/uploads\/sites\/15\/2022\/02\/Buy-bk-Ethyl-K-Crystals.jpg\",\"width\":600,\"height\":600},{\"@type\":\"BreadcrumbList\",\"@id\":\"https:\/\/medicinasinc.com\/es\/product\/comprar-bk-etil-k-cristales\/#breadcrumb\",\"itemListElement\":[{\"@type\":\"ListItem\",\"position\":1,\"name\":\"Tienda\",\"item\":\"https:\/\/medicinasinc.com\/es\/tienda\/\"},{\"@type\":\"ListItem\",\"position\":2,\"name\":\"Comprar cristales bk-Ethyl-K\"}]},{\"@type\":\"WebSite\",\"@id\":\"https:\/\/medicinasinc.com\/es\/#website\",\"url\":\"https:\/\/medicinasinc.com\/es\/\",\"name\":\"Medicinas Inc\",\"description\":\"Cl\u00ednica M\u00e9dica de Salud\",\"potentialAction\":[{\"@type\":\"SearchAction\",\"target\":{\"@type\":\"EntryPoint\",\"urlTemplate\":\"https:\/\/medicinasinc.com\/es\/?s={search_term_string}\"},\"query-input\":{\"@type\":\"PropertyValueSpecification\",\"valueRequired\":true,\"valueName\":\"search_term_string\"}}],\"inLanguage\":\"es\"}]}<\/script>\n<!-- \/ Yoast SEO plugin. -->","yoast_head_json":{"title":"Comprar bk-Ethyl-K Crystals - bk-Ethyl-K Online- Best Global Meds","description":"\u00a1Buscando comprar cristales de bk-Ethyl-K baratos para la venta en el Reino Unido, Europa en nuestra tienda Bestglobalmeds con env\u00edo r\u00e1pido a todo el mundo! \u00a1Los mejores Cristales bk-Ethyl-K para ordenar los encontrar\u00e1s aqu\u00ed!","robots":{"index":"index","follow":"follow","max-snippet":"max-snippet:-1","max-image-preview":"max-image-preview:large","max-video-preview":"max-video-preview:-1"},"canonical":"https:\/\/medicinasinc.com\/es\/product\/comprar-bk-etil-k-cristales\/","og_locale":"es_ES","og_type":"article","og_title":"Comprar bk-Ethyl-K Crystals - bk-Ethyl-K Online- Best Global Meds","og_description":"\u00a1Buscando comprar cristales de bk-Ethyl-K baratos para la venta en el Reino Unido, Europa en nuestra tienda Bestglobalmeds con env\u00edo r\u00e1pido a todo el mundo! \u00a1Los mejores Cristales bk-Ethyl-K para ordenar los encontrar\u00e1s aqu\u00ed!","og_url":"https:\/\/medicinasinc.com\/es\/product\/comprar-bk-etil-k-cristales\/","og_site_name":"Medicinas Inc","article_modified_time":"2022-03-22T00:41:49+00:00","og_image":[{"width":600,"height":600,"url":"https:\/\/medicinasinc.com\/es\/wp-content\/uploads\/sites\/15\/2022\/02\/Buy-bk-Ethyl-K-Crystals.jpg","type":"image\/jpeg"}],"twitter_card":"summary_large_image","twitter_misc":{"Tiempo de lectura":"2 minutos"},"schema":{"@context":"https:\/\/schema.org","@graph":[{"@type":"WebPage","@id":"https:\/\/medicinasinc.com\/es\/product\/comprar-bk-etil-k-cristales\/","url":"https:\/\/medicinasinc.com\/es\/product\/comprar-bk-etil-k-cristales\/","name":"Comprar bk-Ethyl-K Crystals - bk-Ethyl-K Online- Best Global Meds","isPartOf":{"@id":"https:\/\/medicinasinc.com\/es\/#website"},"primaryImageOfPage":{"@id":"https:\/\/medicinasinc.com\/es\/product\/comprar-bk-etil-k-cristales\/#primaryimage"},"image":{"@id":"https:\/\/medicinasinc.com\/es\/product\/comprar-bk-etil-k-cristales\/#primaryimage"},"thumbnailUrl":"https:\/\/medicinasinc.com\/es\/wp-content\/uploads\/sites\/15\/2022\/02\/Buy-bk-Ethyl-K-Crystals.jpg","datePublished":"2022-02-22T02:44:39+00:00","dateModified":"2022-03-22T00:41:49+00:00","description":"\u00a1Buscando comprar cristales de bk-Ethyl-K baratos para la venta en el Reino Unido, Europa en nuestra tienda Bestglobalmeds con env\u00edo r\u00e1pido a todo el mundo! \u00a1Los mejores Cristales bk-Ethyl-K para ordenar los encontrar\u00e1s aqu\u00ed!","breadcrumb":{"@id":"https:\/\/medicinasinc.com\/es\/product\/comprar-bk-etil-k-cristales\/#breadcrumb"},"inLanguage":"es","potentialAction":[{"@type":"ReadAction","target":["https:\/\/medicinasinc.com\/es\/product\/comprar-bk-etil-k-cristales\/"]}]},{"@type":"ImageObject","inLanguage":"es","@id":"https:\/\/medicinasinc.com\/es\/product\/comprar-bk-etil-k-cristales\/#primaryimage","url":"https:\/\/medicinasinc.com\/es\/wp-content\/uploads\/sites\/15\/2022\/02\/Buy-bk-Ethyl-K-Crystals.jpg","contentUrl":"https:\/\/medicinasinc.com\/es\/wp-content\/uploads\/sites\/15\/2022\/02\/Buy-bk-Ethyl-K-Crystals.jpg","width":600,"height":600},{"@type":"BreadcrumbList","@id":"https:\/\/medicinasinc.com\/es\/product\/comprar-bk-etil-k-cristales\/#breadcrumb","itemListElement":[{"@type":"ListItem","position":1,"name":"Tienda","item":"https:\/\/medicinasinc.com\/es\/tienda\/"},{"@type":"ListItem","position":2,"name":"Comprar cristales bk-Ethyl-K"}]},{"@type":"WebSite","@id":"https:\/\/medicinasinc.com\/es\/#website","url":"https:\/\/medicinasinc.com\/es\/","name":"Medicinas Inc","description":"Cl\u00ednica M\u00e9dica de Salud","potentialAction":[{"@type":"SearchAction","target":{"@type":"EntryPoint","urlTemplate":"https:\/\/medicinasinc.com\/es\/?s={search_term_string}"},"query-input":{"@type":"PropertyValueSpecification","valueRequired":true,"valueName":"search_term_string"}}],"inLanguage":"es"}]}},"_links":{"self":[{"href":"https:\/\/medicinasinc.com\/es\/wp-json\/wp\/v2\/product\/5614","targetHints":{"allow":["GET"]}}],"collection":[{"href":"https:\/\/medicinasinc.com\/es\/wp-json\/wp\/v2\/product"}],"about":[{"href":"https:\/\/medicinasinc.com\/es\/wp-json\/wp\/v2\/types\/product"}],"replies":[{"embeddable":true,"href":"https:\/\/medicinasinc.com\/es\/wp-json\/wp\/v2\/comments?post=5614"}],"wp:featuredmedia":[{"embeddable":true,"href":"https:\/\/medicinasinc.com\/es\/wp-json\/wp\/v2\/media\/5623"}],"wp:attachment":[{"href":"https:\/\/medicinasinc.com\/es\/wp-json\/wp\/v2\/media?parent=5614"}],"wp:term":[{"taxonomy":"product_brand","embeddable":true,"href":"https:\/\/medicinasinc.com\/es\/wp-json\/wp\/v2\/product_brand?post=5614"},{"taxonomy":"product_cat","embeddable":true,"href":"https:\/\/medicinasinc.com\/es\/wp-json\/wp\/v2\/product_cat?post=5614"},{"taxonomy":"product_tag","embeddable":true,"href":"https:\/\/medicinasinc.com\/es\/wp-json\/wp\/v2\/product_tag?post=5614"}],"curies":[{"name":"wp","href":"https:\/\/api.w.org\/{rel}","templated":true}]}}